{"id":93987,"date":"2023-04-05T11:02:29","date_gmt":"2023-04-05T11:02:29","guid":{"rendered":"https:\/\/bas-ip.com\/?page_id=93987"},"modified":"2023-06-16T13:35:54","modified_gmt":"2023-06-16T13:35:54","slug":"hoi-nhap-cybertwice","status":"publish","type":"page","link":"https:\/\/bas-ip.com\/vi\/hoi-nhap-cybertwice\/","title":{"rendered":"H\u1ed9i nh\u1eadp CyberTwice"},"content":{"rendered":"<div class=\"wp-block-image\">\n<figure class=\"aligncenter size-full\"><img loading=\"lazy\" decoding=\"async\" width=\"601\" height=\"98\" src=\"https:\/\/bas-ip.com\/wp-content\/uploads\/2023\/04\/cybertwice-logo.png\" alt=\"\" class=\"wp-image-68140\" srcset=\"https:\/\/bas-ip.com\/wp-content\/uploads\/2023\/04\/cybertwice-logo.png 601w,  https:\/\/bas-ip.com\/wp-content\/uploads\/2023\/04\/cybertwice-logo-300x49.png 300w,  https:\/\/bas-ip.com\/wp-content\/uploads\/2023\/04\/cybertwice-logo-598x98.png 598w\" sizes=\"auto, (max-width: 601px) 100vw, 601px\" \/><\/figure>\n<\/div>\n\n<!-- START Block Integrations Text & Image --><section id=\"block_642d54dca842a\" class=\"integrations-text-image-section\">\r\n\t\t<div class=\"image-holder\" data-aos=\"fade-left\">\r\n\t\t<img loading=\"lazy\" decoding=\"async\" width=\"900\" height=\"293\" src=\"https:\/\/bas-ip.com\/wp-content\/uploads\/2023\/04\/cybertwice-1024x333.png\" class=\"attachment-large size-large\" alt=\"\" srcset=\"https:\/\/bas-ip.com\/wp-content\/uploads\/2023\/04\/cybertwice-1024x333.png 1024w,  https:\/\/bas-ip.com\/wp-content\/uploads\/2023\/04\/cybertwice-300x98.png 300w,  https:\/\/bas-ip.com\/wp-content\/uploads\/2023\/04\/cybertwice-768x250.png 768w,  https:\/\/bas-ip.com\/wp-content\/uploads\/2023\/04\/cybertwice-767x249.png 767w,  https:\/\/bas-ip.com\/wp-content\/uploads\/2023\/04\/cybertwice.png 1200w\" sizes=\"auto, (max-width: 900px) 100vw, 900px\" \/>\t<\/div>\r\n\t\r\n\t<div class=\"text-holder\" data-aos=\"fade-right\">\r\n\t\t\t\t\t\t<div class=\"text-block\">\r\n\t\t\t<div class=\"wrapper container margin_t_b_30_p\">\n<div class=\"auntk_title_p\">\n<p><strong>CyberGate &#8211; H\u1ec7 th\u1ed1ng li\u00ean l\u1ea1c n\u1ed9i b\u1ed9 SIP d\u00e0nh cho nh\u00f3m<\/strong><\/p>\n<p>CyberGate l\u00e0 \u1ee9ng d\u1ee5ng Ph\u1ea7n m\u1ec1m d\u01b0\u1edbi d\u1ea1ng d\u1ecbch v\u1ee5 d\u1ef1a tr\u00ean \u0111\u0103ng k\u00fd \u0111\u01b0\u1ee3c l\u01b0u tr\u1eef tr\u00ean Microsoft Azure (T\u00e2y \u00c2u).<\/p>\n<p>Khi c\u00e1c doanh nghi\u1ec7p di chuy\u1ec3n \u0111i\u1ec7n tho\u1ea1i truy\u1ec1n th\u1ed1ng t\u1eeb t\u1ed5ng \u0111\u00e0i IP c\u1ee5c b\u1ed9 ho\u1eb7c n\u1ec1n t\u1ea3ng \u0111i\u1ec7n tho\u1ea1i \u0111\u00e1m m\u00e2y sang Microsoft Teams, h\u1ecd c\u1ea7n m\u1ed9t gi\u1ea3i ph\u00e1p li\u00ean l\u1ea1c n\u1ed9i b\u1ed9 SIP (video) \u0111\u1ec3 giao ti\u1ebfp v\u1edbi Teams. T\u00edch h\u1ee3p th\u00e0nh c\u00f4ng cung c\u1ea5p cho ng\u01b0\u1eddi d\u00f9ng Microsoft Teams nhi\u1ec1u t\u00ednh n\u0103ng li\u00ean l\u1ea1c n\u1ed9i b\u1ed9, cho ph\u00e9p h\u1ecd d\u1ec5 d\u00e0ng ki\u1ec3m so\u00e1t l\u1ed1i v\u00e0o t\u00f2a nh\u00e0.<\/p>\n<p><strong>Thu\u1eadn l\u1ee3i<\/strong><\/p>\n<ul>\n<li>Giao ti\u1ebfp video v\u00e0 \u00e2m thanh hai chi\u1ec1u t\u1eeb h\u1ec7 th\u1ed1ng li\u00ean l\u1ea1c video BAS-IP \u0111\u1ebfn m\u00e1y kh\u00e1ch Teams tr\u00ean m\u00e1y t\u00ednh c\u1ee7a ng\u01b0\u1eddi d\u00f9ng, \u0111i\u1ec7n tho\u1ea1i b\u00e0n t\u01b0\u01a1ng th\u00edch v\u1edbi Teams v\u00e0 \u1ee9ng d\u1ee5ng Teams tr\u00ean \u0111i\u1ec7n tho\u1ea1i th\u00f4ng minh.<\/li>\n<li>Ng\u01b0\u1eddi d\u00f9ng Teams c\u00f3 th\u1ec3 m\u1edf kh\u00f3a c\u1eeda ho\u1eb7c c\u1ed5ng t\u1eeb xa b\u1eb1ng b\u00e0n ph\u00edm quay s\u1ed1 Teams.<\/li>\n<li>Ng\u01b0\u1eddi tham d\u1ef1 c\u00f3 th\u1ec3 g\u1ecdi cho t\u1eebng ng\u01b0\u1eddi d\u00f9ng Nh\u00f3m ho\u1eb7c nhi\u1ec1u ng\u01b0\u1eddi d\u00f9ng c\u00f9ng l\u00fac t\u1eeb \u0111i\u1ec7n tho\u1ea1i c\u1eeda BAS-IP.<\/li>\n<li>Kh\u00f4ng c\u1ea7n c\u00e0i \u0111\u1eb7t ph\u1ea7n c\u1ee9ng b\u1ed5 sung (SBC) ho\u1eb7c t\u1ea3i xu\u1ed1ng\/c\u00e0i \u0111\u1eb7t ph\u1ea7n m\u1ec1m c\u1ee7a b\u00ean th\u1ee9 ba.<\/li>\n<\/ul>\n<p><a href=\"https:\/\/bas-ip.com\/wp-admin\/post.php?post=69169&amp;action=edit&amp;lang=en\">H\u01b0\u1edbng d\u1eabn t\u1ea3i xu\u1ed1ng.<\/a><\/p>\n<\/div>\n<\/div>\t\t<\/div>\r\n\t\t\r\n\t\t\r\n\t\t\t<\/div>\r\n<\/section>\r\n<!-- END Block Integrations Text & Image -->\n\n<!-- START Block Sign Up --><section id=\"block_629678229e935\" class=\"sign-up-section\">\r\n\r\n    <div class=\"form-holder js-form\" data-aos=\"fade-right\">\r\n                    <div class=\"title-block h3\">Sign up for connection<\/div>\r\n        \r\n                    <div class=\"text-block\">\r\n                Filling out all the information needed to answer you as quickly as possible            <\/div>\r\n        \r\n                    \n<div class=\"wpcf7 no-js\" id=\"wpcf7-f102-o1\" lang=\"en-US\" dir=\"ltr\">\n<div class=\"screen-reader-response\"><p role=\"status\" aria-live=\"polite\" aria-atomic=\"true\"><\/p> <ul><\/ul><\/div>\n<form action=\"\/vi\/wp-json\/wp\/v2\/pages\/93987#wpcf7-f102-o1\" method=\"post\" class=\"wpcf7-form init\" aria-label=\"Contact form\" enctype=\"multipart\/form-data\" novalidate=\"novalidate\" data-status=\"init\">\n<div style=\"display: none;\">\n<input type=\"hidden\" name=\"_wpcf7\" value=\"102\" \/>\n<input type=\"hidden\" name=\"_wpcf7_version\" value=\"5.8.3\" \/>\n<input type=\"hidden\" name=\"_wpcf7_locale\" value=\"en_US\" \/>\n<input type=\"hidden\" name=\"_wpcf7_unit_tag\" value=\"wpcf7-f102-o1\" \/>\n<input type=\"hidden\" name=\"_wpcf7_container_post\" value=\"0\" \/>\n<input type=\"hidden\" name=\"_wpcf7_posted_data_hash\" value=\"\" \/>\n<input type=\"hidden\" name=\"_wpcf7_recaptcha_response\" value=\"\" \/>\n<\/div>\n<div class=\"row\"> \n <label><span class=\"label-text\">Name<\/span> \n  <span class=\"wpcf7-form-control-wrap\" data-name=\"text-full-name\"><input size=\"40\" class=\"wpcf7-form-control wpcf7-text wpcf7-validates-as-required\" aria-required=\"true\" aria-invalid=\"false\" placeholder=\"Name\" value=\"\" type=\"text\" name=\"text-full-name\" \/><\/span><\/label> \n<\/div> \n<div class=\"row\"> \n <label><span class=\"label-text\">Phone*<\/span> \n<span class=\"wpcf7-form-control-wrap\" data-name=\"phonetext-270\"><input size=\"40\" class=\"wpcf7-form-control wpcf7-phonetext wpcf7-validates-as-required wpcf7-text wpcf7-validates-as-phonetext\" aria-required=\"true\" aria-invalid=\"false\" placeholder=\"Phone*\" value=\"\" type=\"text\" name=\"phonetext-270\" \/><input type=\"hidden\" name=\"phonetext-270-country-code\" class=\"wpcf7-phonetext-country-code\" \/><\/span><\/label> \n<\/div> \n<div class=\"row\"> \n <label><span class=\"label-text\">E-mail<\/span> \n  <span class=\"wpcf7-form-control-wrap\" data-name=\"email-e-mail\"><input size=\"40\" class=\"wpcf7-form-control wpcf7-email wpcf7-validates-as-required wpcf7-text wpcf7-validates-as-email\" aria-required=\"true\" aria-invalid=\"false\" placeholder=\"E-mail\" value=\"\" type=\"email\" name=\"email-e-mail\" \/><\/span><\/label> \n<\/div> \n<div class=\"row\"><span>Your country<\/span> \n <label><span class=\"wpcf7-form-control-wrap\" data-name=\"countrytext-126\"><input size=\"40\" class=\"wpcf7-form-control wpcf7-countrytext wpcf7-text wpcf7-validates-as-countrytext\" aria-invalid=\"false\" value=\"\" type=\"text\" name=\"countrytext-126\" \/><\/span> <\/label>\n<\/div> \n<div class=\"row\"> \n <button type=\"submit\" class=\"btn\">Send<\/button> \n<\/div> \n<div class=\"row\"> \n <span class=\"wpcf7-form-control-wrap\" data-name=\"checkbox-931\"><span class=\"wpcf7-form-control wpcf7-checkbox\"><span class=\"wpcf7-list-item first\"><label><input type=\"checkbox\" name=\"checkbox-931[]\" value=\"Integrator\" \/><span class=\"wpcf7-list-item-label\">Integrator<\/span><\/label><\/span><span class=\"wpcf7-list-item\"><label><input type=\"checkbox\" name=\"checkbox-931[]\" value=\"Builder\" \/><span class=\"wpcf7-list-item-label\">Builder<\/span><\/label><\/span><span class=\"wpcf7-list-item last\"><label><input type=\"checkbox\" name=\"checkbox-931[]\" value=\"End-User\" \/><span class=\"wpcf7-list-item-label\">End-User<\/span><\/label><\/span><\/span><\/span> \n<\/div> \n<div class=\"row row-upload-file\"> \n <label class=\"upload-file-block js-upload-file\">Attach file \n  <span class=\"wpcf7-form-control-wrap\" data-name=\"file-466\"><input size=\"40\" class=\"wpcf7-form-control wpcf7-file\" accept=\"audio\/*,video\/*,image\/*\" aria-invalid=\"false\" type=\"file\" name=\"file-466\" \/><\/span><\/label> \n<\/div><input type='hidden' class='wpcf7-pum' value='{\"closepopup\":false,\"closedelay\":0,\"openpopup\":false,\"openpopup_id\":0}' \/><div class=\"wpcf7-response-output\" aria-hidden=\"true\"><\/div>\n<\/form>\n<\/div>\n            <\/div>\r\n\r\n\t\t    <div class=\"text-holder\" data-aos=\"fade-left\">\r\n\t\t\t\t\t\t    <h3 class=\"title-block\">How Can We Help?<\/h3>\r\n\t\t\t\r\n\t\t\t                <div class=\"text-block\">\r\n                    Please select a topic below related to your inquiry. If you don&#8217;t find what you need, fill out our contact form.                <\/div>\r\n\t\t\t\r\n\t\t\t\t\t\t    <ul class=\"link-list\">\r\n\t\t\t\t\t\t\t\t\t\t\t\t\t\t\t\t\t\t<li>\r\n\t\t\t\t\t\t\t\t\t\t\t\t\t\t\t\t    <strong>Get Inspired<\/strong>\r\n\t\t\t\t\t\t\t\t\t\t\t\t\t\t\t\t\t\t\t\t\t\t\t\t    <a href=\"\/features\/\">\r\n\t\t\t\t\t\t\t\t        Discover what&#8217;s beneath our intercom\t\t\t\t\t\t\t\t    <\/a>\r\n\t\t\t\t\t\t\t\t\t\t\t\t\t\t\t<\/li>\r\n\t\t\t\t\t\t\t\t\t\t\t\t\t\t\t\t\t\t\t\t\t\t\t\t<li>\r\n\t\t\t\t\t\t\t\t\t\t\t\t\t\t\t\t    <strong>Become a Partner<\/strong>\r\n\t\t\t\t\t\t\t\t\t\t\t\t\t\t\t\t\t\t\t\t\t\t\t\t    <a href=\"\/distributors\/\">\r\n\t\t\t\t\t\t\t\t        Expand your business with BAS-IP intercom\t\t\t\t\t\t\t\t    <\/a>\r\n\t\t\t\t\t\t\t\t\t\t\t\t\t\t\t<\/li>\r\n\t\t\t\t\t\t\t\t\t\t\t\t\t\t\t\t\t\t\t\t\t\t\t\t<li>\r\n\t\t\t\t\t\t\t\t\t\t\t\t\t\t\t\t    <strong>Check the Guides<\/strong>\r\n\t\t\t\t\t\t\t\t\t\t\t\t\t\t\t\t\t\t\t\t\t\t\t\t    <a href=\"\/support\/\">\r\n\t\t\t\t\t\t\t\t        Download detailed manuals and schemes\t\t\t\t\t\t\t\t    <\/a>\r\n\t\t\t\t\t\t\t\t\t\t\t\t\t\t\t<\/li>\r\n\t\t\t\t\t\t\t\t\t\t\t\t\t\t\t<\/ul>\r\n\t\t\t\r\n\t\t\t\t\t\t    <h3 class=\"title-block\">Our contacts<\/h3>\r\n\t\t\t\r\n\t\t\t\t\t\t\t<ul class=\"contact-list\">\r\n\t\t\t\t\t\t\t\t\t\t\t\t\t\t\t\t\t\t<li>\r\n\t\t\t\t\t\t\t\t\t\t\t\t\t\t\t\t\t<strong>Sales:<\/strong>\r\n\t\t\t\t\t\t\t\t\t\t\t\t\t\t\t\t\t\t\t\t\t\t\t\t    <a href=\"mailto:&#115;al&#101;&#115;&#64;&#98;&#97;&#115;&#45;&#105;&#112;.&#99;o&#109;\">&#115;a&#108;e&#115;&#64;&#98;&#97;&#115;&#45;i&#112;.c&#111;m<\/a>\r\n\t\t\t\t\t\t\t\t\t\t\t\t\t\t\t<\/li>\r\n\t\t\t\t\t\t\t\t\t\t\t\t\t\t\t\t\t\t\t\t\t\t\t\t<li>\r\n\t\t\t\t\t\t\t\t\t\t\t\t\t\t\t\t\t<strong>Technical support:<\/strong>\r\n\t\t\t\t\t\t\t\t\t\t\t\t\t\t\t\t\t\t\t\t\t\t\t\t    <a href=\"mailto:&#115;&#117;&#112;&#112;&#111;&#114;t&#64;bas&#45;ip&#46;c&#111;m\">&#115;&#117;ppo&#114;t&#64;b&#97;s-ip.&#99;&#111;&#109;<\/a>\r\n\t\t\t\t\t\t\t\t\t\t\t\t\t\t\t<\/li>\r\n\t\t\t\t\t\t\t\t\t\t\t\t\t\t\t<\/ul>\r\n\t\t\t\t\t<\/div>\r\n\t<\/section>\r\n\r\n\r\n\r\n<!-- END Block Sign Up -->","protected":false},"excerpt":{"rendered":"","protected":false},"author":1,"featured_media":0,"parent":0,"menu_order":0,"comment_status":"closed","ping_status":"closed","template":"page-custom-breadcrumbs.php","meta":{"inline_featured_image":false,"footnotes":""},"class_list":["post-93987","page","type-page","status-publish","hentry"],"acf":[],"_links":{"self":[{"href":"https:\/\/bas-ip.com\/vi\/wp-json\/wp\/v2\/pages\/93987","targetHints":{"allow":["GET"]}}],"collection":[{"href":"https:\/\/bas-ip.com\/vi\/wp-json\/wp\/v2\/pages"}],"about":[{"href":"https:\/\/bas-ip.com\/vi\/wp-json\/wp\/v2\/types\/page"}],"author":[{"embeddable":true,"href":"https:\/\/bas-ip.com\/vi\/wp-json\/wp\/v2\/users\/1"}],"replies":[{"embeddable":true,"href":"https:\/\/bas-ip.com\/vi\/wp-json\/wp\/v2\/comments?post=93987"}],"version-history":[{"count":2,"href":"https:\/\/bas-ip.com\/vi\/wp-json\/wp\/v2\/pages\/93987\/revisions"}],"predecessor-version":[{"id":94040,"href":"https:\/\/bas-ip.com\/vi\/wp-json\/wp\/v2\/pages\/93987\/revisions\/94040"}],"wp:attachment":[{"href":"https:\/\/bas-ip.com\/vi\/wp-json\/wp\/v2\/media?parent=93987"}],"curies":[{"name":"wp","href":"https:\/\/api.w.org\/{rel}","templated":true}]}}