{"id":160302,"date":"2026-02-02T03:51:00","date_gmt":"2026-02-02T03:51:00","guid":{"rendered":"https:\/\/bas-ip.com\/hartman\/"},"modified":"2026-03-25T12:21:18","modified_gmt":"2026-03-25T12:21:18","slug":"hartman","status":"publish","type":"page","link":"https:\/\/bas-ip.com\/vi\/hartman\/","title":{"rendered":"Hartman"},"content":{"rendered":"<h2>BAS-IP v\u00e0 Hartman Controls c\u00f4ng b\u1ed1 t\u00edch h\u1ee3p nh\u1eb1m t\u00e1i \u0111\u1ecbnh ngh\u0129a qu\u1ea3n l\u00fd truy c\u1eadp t\u00f2a nh\u00e0<\/h2>\n<p><img loading=\"lazy\" decoding=\"async\" class=\"aligncenter size-large wp-image-155099\" src=\"https:\/\/bas-ip.com\/wp-content\/uploads\/2026\/02\/Hartman_logo_n-1024x296.png\" alt=\"\" width=\"900\" height=\"260\" srcset=\"https:\/\/bas-ip.com\/wp-content\/uploads\/2026\/02\/Hartman_logo_n-1024x296.png 1024w,  https:\/\/bas-ip.com\/wp-content\/uploads\/2026\/02\/Hartman_logo_n-300x87.png 300w,  https:\/\/bas-ip.com\/wp-content\/uploads\/2026\/02\/Hartman_logo_n-768x222.png 768w,  https:\/\/bas-ip.com\/wp-content\/uploads\/2026\/02\/Hartman_logo_n-1536x444.png 1536w,  https:\/\/bas-ip.com\/wp-content\/uploads\/2026\/02\/Hartman_logo_n-2048x592.png 2048w,  https:\/\/bas-ip.com\/wp-content\/uploads\/2026\/02\/Hartman_logo_n-1920x555.png 1920w,  https:\/\/bas-ip.com\/wp-content\/uploads\/2026\/02\/Hartman_logo_n-767x222.png 767w,  https:\/\/bas-ip.com\/wp-content\/uploads\/2026\/02\/Hartman_logo_n-1534x443.png 1534w\" sizes=\"auto, (max-width: 900px) 100vw, 900px\" \/><\/p>\n<p data-path-to-node=\"1\"><strong>BAS-IP, nh\u00e0 ph\u00e1t tri\u1ec3n h\u00e0ng \u0111\u1ea7u v\u1ec1 h\u1ec7 th\u1ed1ng chu\u00f4ng c\u1eeda m\u00e0n h\u00ecnh IP, v\u00e0 Hartman Controls, \u0111\u01a1n v\u1ecb d\u1eabn \u0111\u1ea7u trong c\u00e1c n\u1ec1n t\u1ea3ng ki\u1ec3m so\u00e1t truy c\u1eadp t\u00edch h\u1ee3p, \u0111\u00e3 c\u00f4ng b\u1ed1 s\u1ef1 h\u1ee3p t\u00e1c chi\u1ebfn l\u01b0\u1ee3c. M\u1ed1i quan h\u1ec7 \u0111\u1ed1i t\u00e1c n\u00e0y k\u1ebft h\u1ee3p c\u00e1c b\u1ea3ng g\u1ecdi c\u1eeda ti\u00ean ti\u1ebfn c\u1ee7a BAS-IP v\u1edbi h\u1ec7 sinh th\u00e1i Odyssey, cung c\u1ea5p m\u1ed9t gi\u1ea3i ph\u00e1p th\u1ed1ng nh\u1ea5t v\u00e0 c\u00f3 kh\u1ea3 n\u0103ng m\u1edf r\u1ed9ng cho c\u00e1c t\u00f2a nh\u00e0 d\u00e2n c\u01b0 v\u00e0 th\u01b0\u01a1ng m\u1ea1i hi\u1ec7n \u0111\u1ea1i.<\/strong><\/p>\n<p data-path-to-node=\"2\">C\u1ed1t l\u00f5i c\u1ee7a s\u1ef1 t\u00edch h\u1ee3p n\u00e0y l\u00e0 s\u1ef1 ph\u1ed1i h\u1ee3p ch\u1eb7t ch\u1ebd gi\u1eefa ph\u1ea7n c\u1ee9ng BAS-IP v\u00e0 n\u1ec1n <strong>t\u1ea3ng Odyssey<\/strong>. B\u1eb1ng c\u00e1ch t\u1eadn d\u1ee5ng giao ti\u1ebfp d\u1ef1a tr\u00ean chu\u1ea9n SIP v\u00e0 API m\u1edf c\u1ee7a BAS-IP, c\u00e1c h\u1ec7 th\u1ed1ng ho\u1ea1t \u0111\u1ed9ng \u0111\u1ed3ng nh\u1ea5t \u0111\u1ec3 qu\u1ea3n l\u00fd th\u00f4ng tin x\u00e1c th\u1ef1c, li\u00ean l\u1ea1c v\u00e0 b\u1ea3o m\u1eadt t\u1eeb m\u1ed9t giao di\u1ec7n t\u1eadp trung duy nh\u1ea5t.<\/p>\n<p data-path-to-node=\"3\">H\u1ec7 th\u1ed1ng Odyssey \u0111\u00f3ng vai tr\u00f2 l\u00e0 trung t\u00e2m qu\u1ea3n l\u00fd ch\u00ednh. C\u00e1c nh\u00e2n vi\u00ean an ninh c\u00f3 th\u1ec3 qu\u1ea3n l\u00fd c\u01b0 d\u00e2n, c\u1eeda v\u00e0 quy\u1ec1n truy c\u1eadp, trong khi n\u1ec1n t\u1ea3ng BAS-IP Link \u0111\u1ea3m b\u1ea3o t\u1ea5t c\u1ea3 d\u1eef li\u1ec7u c\u1ea5u h\u00ecnh\u2014bao g\u1ed3m c\u00e1c th\u00f4ng s\u1ed1 SIP v\u00e0 danh b\u1ea1 li\u00ean l\u1ea1c\u2014\u0111\u01b0\u1ee3c t\u1ef1 \u0111\u1ed9ng \u0111\u1ed3ng b\u1ed9 h\u00f3a tr\u00ean to\u00e0n b\u1ed9 h\u1ea1 t\u1ea7ng chu\u00f4ng c\u1eeda.<\/p>\n<h3 data-path-to-node=\"4\">L\u1ee3i \u00edch ch\u00ednh:<\/h3>\n<ul>\n<li data-path-to-node=\"5,0,0\"><b data-path-to-node=\"5,0,0\" data-index-in-node=\"0\">Qu\u1ea3n l\u00fd t\u1eadp trung<\/b> \u2013 Ki\u1ec3m so\u00e1t th\u1ed1ng nh\u1ea5t vi\u1ec7c truy c\u1eadp, chu\u00f4ng c\u1eeda v\u00e0 video trong h\u1ec7 sinh th\u00e1i Odyssey.<\/li>\n<li data-path-to-node=\"5,1,0\"><b data-path-to-node=\"5,1,0\" data-index-in-node=\"0\">T\u0103ng c\u01b0\u1eddng t\u00ednh di \u0111\u1ed9ng<\/b> \u2013 C\u01b0 d\u00e2n v\u00e0 nh\u00e2n vi\u00ean c\u00f3 th\u1ec3 nh\u1eadn cu\u1ed9c g\u1ecdi chu\u00f4ng c\u1eeda th\u00f4ng qua \u1ee9ng d\u1ee5ng di \u0111\u1ed9ng HC-Key v\u00e0 HC-Admin.<\/li>\n<li data-path-to-node=\"5,2,0\"><b data-path-to-node=\"5,2,0\" data-index-in-node=\"0\">\u0110\u1ed3ng b\u1ed9 h\u00f3a t\u1ef1 \u0111\u1ed9ng<\/b> \u2013 \u0110\u1ed3ng b\u1ed9 h\u00f3a danh b\u1ea1 v\u00e0 c\u00e0i \u0111\u1eb7t SIP theo th\u1eddi gian th\u1ef1c th\u00f4ng qua BAS-IP Open API.<\/li>\n<li data-path-to-node=\"5,3,0\"><b data-path-to-node=\"5,3,0\" data-index-in-node=\"0\">Ki\u1ebfn tr\u00fac c\u00f3 th\u1ec3 m\u1edf r\u1ed9ng<\/b> \u2013 M\u1ed9t gi\u1ea3i ph\u00e1p b\u1ec1n v\u1eefng cho t\u01b0\u01a1ng lai, ph\u00f9 h\u1ee3p cho c\u00e1c d\u1ef1 \u00e1n chung c\u01b0, th\u01b0\u01a1ng m\u1ea1i v\u00e0 khu ph\u1ee9c h\u1ee3p.<\/li>\n<\/ul>\n<h3 data-path-to-node=\"6\">C\u00e1ch th\u1ee9c t\u00edch h\u1ee3p ho\u1ea1t \u0111\u1ed9ng:<\/h3>\n<ol>\n<li data-path-to-node=\"7,0,0\"><b data-path-to-node=\"7,0,0\" data-index-in-node=\"0\">\u0110\u0103ng k\u00fd:<\/b> Qu\u1ea3n tr\u1ecb vi\u00ean qu\u1ea3n l\u00fd th\u00f4ng tin x\u00e1c th\u1ef1c v\u00e0 d\u1eef li\u1ec7u c\u01b0 d\u00e2n trong n\u1ec1n t\u1ea3ng Hartman Odyssey.<\/li>\n<li data-path-to-node=\"7,1,0\"><b data-path-to-node=\"7,1,0\" data-index-in-node=\"0\">\u0110\u1ed3ng b\u1ed9 h\u00f3a:<\/b> S\u1eed d\u1ee5ng BAS-IP Open API, Odyssey \u0111\u1ed3ng b\u1ed9 h\u00f3a c\u00e1c t\u00e0i kho\u1ea3n SIP v\u00e0 danh b\u1ea1 li\u00ean l\u1ea1c tr\u1ef1c ti\u1ebfp \u0111\u1ebfn c\u00e1c b\u1ea3ng g\u1ecdi c\u1eeda.<\/li>\n<li data-path-to-node=\"7,2,0\"><b data-path-to-node=\"7,2,0\" data-index-in-node=\"0\">G\u1ecdi \u0111i\u1ec7n:<\/b> Kh\u00e1ch truy c\u1eadp ch\u1ecdn m\u1ed9t t\u00ean t\u1eeb danh b\u1ea1 tr\u00ean b\u1ea3ng g\u1ecdi c\u1eeda BAS-IP. Cu\u1ed9c g\u1ecdi \u0111\u01b0\u1ee3c chuy\u1ec3n h\u01b0\u1edbng qua h\u1ea1 t\u1ea7ng SIP c\u1ee7a Odyssey.<\/li>\n<li data-path-to-node=\"7,3,0\"><b data-path-to-node=\"7,3,0\" data-index-in-node=\"0\">Li\u00ean l\u1ea1c:<\/b> C\u01b0 d\u00e2n ho\u1eb7c nh\u00e2n vi\u00ean v\u1eadn h\u00e0nh nh\u1eadn cu\u1ed9c g\u1ecdi tr\u00ean \u1ee9ng d\u1ee5ng di \u0111\u1ed9ng HC-Key, ph\u1ea7n m\u1ec1m Odyssey tr\u00ean m\u00e1y t\u00ednh ho\u1eb7c c\u00e1c tr\u1ea1m l\u00e0m vi\u1ec7c c\u1ed1 \u0111\u1ecbnh.<\/li>\n<li data-path-to-node=\"7,4,0\"><b data-path-to-node=\"7,4,0\" data-index-in-node=\"0\">Truy c\u1eadp:<\/b> C\u1eeda \u0111\u01b0\u1ee3c m\u1edf kh\u00f3a t\u1eeb xa th\u00f4ng qua giao di\u1ec7n Odyssey t\u00edch h\u1ee3p, \u0111\u1ed3ng th\u1eddi duy tr\u00ec h\u1ec7 th\u1ed1ng ghi ch\u00e9p l\u1ecbch s\u1eed b\u1ea3o m\u1eadt.<\/li>\n<\/ol>\n<p data-path-to-node=\"8\">S\u1ef1 t\u00edch h\u1ee3p n\u00e0y lo\u1ea1i b\u1ecf v\u1ea5n \u0111\u1ec1 &#8220;h\u1ec7 th\u1ed1ng ph\u00e2n m\u1ea3nh&#8221;, thay th\u1ebf c\u00e1c th\u00e0nh ph\u1ea7n r\u1eddi r\u1ea1c b\u1eb1ng m\u1ed9t m\u00f4i tr\u01b0\u1eddng g\u1eafn k\u1ebft, gi\u00fap gi\u1ea3m th\u1eddi gian thi\u1ebft l\u1eadp cho c\u00e1c \u0111\u01a1n v\u1ecb t\u00edch h\u1ee3p v\u00e0 c\u1ea3i thi\u1ec7n tr\u1ea3i nghi\u1ec7m h\u00e0ng ng\u00e0y cho ng\u01b0\u1eddi s\u1eed d\u1ee5ng t\u00f2a nh\u00e0.<\/p>\n\n<!-- START Block Sign Up --><section id=\"block_629678229e935\" class=\"sign-up-section\">\r\n\r\n    <div class=\"form-holder js-form\" data-aos=\"fade-right\">\r\n                    <div class=\"title-block h3\">Sign up for connection<\/div>\r\n        \r\n                    <div class=\"text-block\">\r\n                Filling out all the information needed to answer you as quickly as possible            <\/div>\r\n        \r\n                    \n<div class=\"wpcf7 no-js\" id=\"wpcf7-f102-o1\" lang=\"en-US\" dir=\"ltr\">\n<div class=\"screen-reader-response\"><p role=\"status\" aria-live=\"polite\" aria-atomic=\"true\"><\/p> <ul><\/ul><\/div>\n<form action=\"\/vi\/wp-json\/wp\/v2\/pages\/160302#wpcf7-f102-o1\" method=\"post\" class=\"wpcf7-form init\" aria-label=\"Contact form\" enctype=\"multipart\/form-data\" novalidate=\"novalidate\" data-status=\"init\">\n<div style=\"display: none;\">\n<input type=\"hidden\" name=\"_wpcf7\" value=\"102\" \/>\n<input type=\"hidden\" name=\"_wpcf7_version\" value=\"5.8.3\" \/>\n<input type=\"hidden\" name=\"_wpcf7_locale\" value=\"en_US\" \/>\n<input type=\"hidden\" name=\"_wpcf7_unit_tag\" value=\"wpcf7-f102-o1\" \/>\n<input type=\"hidden\" name=\"_wpcf7_container_post\" value=\"0\" \/>\n<input type=\"hidden\" name=\"_wpcf7_posted_data_hash\" value=\"\" \/>\n<input type=\"hidden\" name=\"_wpcf7_recaptcha_response\" value=\"\" \/>\n<\/div>\n<div class=\"row\"> \n <label><span class=\"label-text\">Name<\/span> \n  <span class=\"wpcf7-form-control-wrap\" data-name=\"text-full-name\"><input size=\"40\" class=\"wpcf7-form-control wpcf7-text wpcf7-validates-as-required\" aria-required=\"true\" aria-invalid=\"false\" placeholder=\"Name\" value=\"\" type=\"text\" name=\"text-full-name\" \/><\/span><\/label> \n<\/div> \n<div class=\"row\"> \n <label><span class=\"label-text\">Phone*<\/span> \n<span class=\"wpcf7-form-control-wrap\" data-name=\"phonetext-270\"><input size=\"40\" class=\"wpcf7-form-control wpcf7-phonetext wpcf7-validates-as-required wpcf7-text wpcf7-validates-as-phonetext\" aria-required=\"true\" aria-invalid=\"false\" placeholder=\"Phone*\" value=\"\" type=\"text\" name=\"phonetext-270\" \/><input type=\"hidden\" name=\"phonetext-270-country-code\" class=\"wpcf7-phonetext-country-code\" \/><\/span><\/label> \n<\/div> \n<div class=\"row\"> \n <label><span class=\"label-text\">E-mail<\/span> \n  <span class=\"wpcf7-form-control-wrap\" data-name=\"email-e-mail\"><input size=\"40\" class=\"wpcf7-form-control wpcf7-email wpcf7-validates-as-required wpcf7-text wpcf7-validates-as-email\" aria-required=\"true\" aria-invalid=\"false\" placeholder=\"E-mail\" value=\"\" type=\"email\" name=\"email-e-mail\" \/><\/span><\/label> \n<\/div> \n<div class=\"row\"><span>Your country<\/span> \n <label><span class=\"wpcf7-form-control-wrap\" data-name=\"countrytext-126\"><input size=\"40\" class=\"wpcf7-form-control wpcf7-countrytext wpcf7-text wpcf7-validates-as-countrytext\" aria-invalid=\"false\" value=\"\" type=\"text\" name=\"countrytext-126\" \/><\/span> <\/label>\n<\/div> \n<div class=\"row\"> \n <button type=\"submit\" class=\"btn\">Send<\/button> \n<\/div> \n<div class=\"row\"> \n <span class=\"wpcf7-form-control-wrap\" data-name=\"checkbox-931\"><span class=\"wpcf7-form-control wpcf7-checkbox\"><span class=\"wpcf7-list-item first\"><label><input type=\"checkbox\" name=\"checkbox-931[]\" value=\"Integrator\" \/><span class=\"wpcf7-list-item-label\">Integrator<\/span><\/label><\/span><span class=\"wpcf7-list-item\"><label><input type=\"checkbox\" name=\"checkbox-931[]\" value=\"Builder\" \/><span class=\"wpcf7-list-item-label\">Builder<\/span><\/label><\/span><span class=\"wpcf7-list-item last\"><label><input type=\"checkbox\" name=\"checkbox-931[]\" value=\"End-User\" \/><span class=\"wpcf7-list-item-label\">End-User<\/span><\/label><\/span><\/span><\/span> \n<\/div> \n<div class=\"row row-upload-file\"> \n <label class=\"upload-file-block js-upload-file\">Attach file \n  <span class=\"wpcf7-form-control-wrap\" data-name=\"file-466\"><input size=\"40\" class=\"wpcf7-form-control wpcf7-file\" accept=\"audio\/*,video\/*,image\/*\" aria-invalid=\"false\" type=\"file\" name=\"file-466\" \/><\/span><\/label> \n<\/div><input type='hidden' class='wpcf7-pum' value='{\"closepopup\":false,\"closedelay\":0,\"openpopup\":false,\"openpopup_id\":0}' \/><div class=\"wpcf7-response-output\" aria-hidden=\"true\"><\/div>\n<\/form>\n<\/div>\n            <\/div>\r\n\r\n\t\t    <div class=\"text-holder\" data-aos=\"fade-left\">\r\n\t\t\t\t\t\t    <h3 class=\"title-block\">How Can We Help?<\/h3>\r\n\t\t\t\r\n\t\t\t                <div class=\"text-block\">\r\n                    Please select a topic below related to your inquiry. If you don&#8217;t find what you need, fill out our contact form.                <\/div>\r\n\t\t\t\r\n\t\t\t\t\t\t    <ul class=\"link-list\">\r\n\t\t\t\t\t\t\t\t\t\t\t\t\t\t\t\t\t\t<li>\r\n\t\t\t\t\t\t\t\t\t\t\t\t\t\t\t\t    <strong>Get Inspired<\/strong>\r\n\t\t\t\t\t\t\t\t\t\t\t\t\t\t\t\t\t\t\t\t\t\t\t\t    <a href=\"\/features\/\">\r\n\t\t\t\t\t\t\t\t        Discover what&#8217;s beneath our intercom\t\t\t\t\t\t\t\t    <\/a>\r\n\t\t\t\t\t\t\t\t\t\t\t\t\t\t\t<\/li>\r\n\t\t\t\t\t\t\t\t\t\t\t\t\t\t\t\t\t\t\t\t\t\t\t\t<li>\r\n\t\t\t\t\t\t\t\t\t\t\t\t\t\t\t\t    <strong>Become a Partner<\/strong>\r\n\t\t\t\t\t\t\t\t\t\t\t\t\t\t\t\t\t\t\t\t\t\t\t\t    <a href=\"\/distributors\/\">\r\n\t\t\t\t\t\t\t\t        Expand your business with BAS-IP intercom\t\t\t\t\t\t\t\t    <\/a>\r\n\t\t\t\t\t\t\t\t\t\t\t\t\t\t\t<\/li>\r\n\t\t\t\t\t\t\t\t\t\t\t\t\t\t\t\t\t\t\t\t\t\t\t\t<li>\r\n\t\t\t\t\t\t\t\t\t\t\t\t\t\t\t\t    <strong>Check the Guides<\/strong>\r\n\t\t\t\t\t\t\t\t\t\t\t\t\t\t\t\t\t\t\t\t\t\t\t\t    <a href=\"\/support\/\">\r\n\t\t\t\t\t\t\t\t        Download detailed manuals and schemes\t\t\t\t\t\t\t\t    <\/a>\r\n\t\t\t\t\t\t\t\t\t\t\t\t\t\t\t<\/li>\r\n\t\t\t\t\t\t\t\t\t\t\t\t\t\t\t<\/ul>\r\n\t\t\t\r\n\t\t\t\t\t\t    <h3 class=\"title-block\">Our contacts<\/h3>\r\n\t\t\t\r\n\t\t\t\t\t\t\t<ul class=\"contact-list\">\r\n\t\t\t\t\t\t\t\t\t\t\t\t\t\t\t\t\t\t<li>\r\n\t\t\t\t\t\t\t\t\t\t\t\t\t\t\t\t\t<strong>Sales:<\/strong>\r\n\t\t\t\t\t\t\t\t\t\t\t\t\t\t\t\t\t\t\t\t\t\t\t\t    <a href=\"mailto:&#115;al&#101;s&#64;&#98;&#97;&#115;-&#105;p&#46;&#99;om\">&#115;ale&#115;&#64;&#98;as&#45;ip&#46;c&#111;m<\/a>\r\n\t\t\t\t\t\t\t\t\t\t\t\t\t\t\t<\/li>\r\n\t\t\t\t\t\t\t\t\t\t\t\t\t\t\t\t\t\t\t\t\t\t\t\t<li>\r\n\t\t\t\t\t\t\t\t\t\t\t\t\t\t\t\t\t<strong>Technical support:<\/strong>\r\n\t\t\t\t\t\t\t\t\t\t\t\t\t\t\t\t\t\t\t\t\t\t\t\t    <a href=\"mailto:s&#117;&#112;&#112;&#111;r&#116;&#64;b&#97;&#115;&#45;ip.com\">su&#112;po&#114;&#116;&#64;&#98;a&#115;-ip.&#99;om<\/a>\r\n\t\t\t\t\t\t\t\t\t\t\t\t\t\t\t<\/li>\r\n\t\t\t\t\t\t\t\t\t\t\t\t\t\t\t<\/ul>\r\n\t\t\t\t\t<\/div>\r\n\t<\/section>\r\n\r\n\r\n\r\n<!-- END Block Sign Up -->\n\n\n<p><\/p>","protected":false},"excerpt":{"rendered":"<p>BAS-IP v\u00e0 Hartman Controls c\u00f4ng b\u1ed1 t\u00edch h\u1ee3p nh\u1eb1m t\u00e1i \u0111\u1ecbnh ngh\u0129a qu\u1ea3n l\u00fd truy c\u1eadp t\u00f2a nh\u00e0 BAS-IP, nh\u00e0 ph\u00e1t tri\u1ec3n h\u00e0ng \u0111\u1ea7u v\u1ec1 h\u1ec7 th\u1ed1ng chu\u00f4ng c\u1eeda m\u00e0n h\u00ecnh IP, v\u00e0 Hartman Controls, \u0111\u01a1n v\u1ecb d\u1eabn \u0111\u1ea7u trong c\u00e1c n\u1ec1n t\u1ea3ng ki\u1ec3m so\u00e1t truy c\u1eadp t\u00edch h\u1ee3p, \u0111\u00e3 c\u00f4ng b\u1ed1 s\u1ef1 h\u1ee3p t\u00e1c [&hellip;]<\/p>","protected":false},"author":1,"featured_media":0,"parent":0,"menu_order":0,"comment_status":"closed","ping_status":"closed","template":"page-custom-breadcrumbs.php","meta":{"inline_featured_image":false,"footnotes":""},"class_list":["post-160302","page","type-page","status-publish","hentry"],"acf":[],"_links":{"self":[{"href":"https:\/\/bas-ip.com\/vi\/wp-json\/wp\/v2\/pages\/160302","targetHints":{"allow":["GET"]}}],"collection":[{"href":"https:\/\/bas-ip.com\/vi\/wp-json\/wp\/v2\/pages"}],"about":[{"href":"https:\/\/bas-ip.com\/vi\/wp-json\/wp\/v2\/types\/page"}],"author":[{"embeddable":true,"href":"https:\/\/bas-ip.com\/vi\/wp-json\/wp\/v2\/users\/1"}],"replies":[{"embeddable":true,"href":"https:\/\/bas-ip.com\/vi\/wp-json\/wp\/v2\/comments?post=160302"}],"version-history":[{"count":2,"href":"https:\/\/bas-ip.com\/vi\/wp-json\/wp\/v2\/pages\/160302\/revisions"}],"predecessor-version":[{"id":160348,"href":"https:\/\/bas-ip.com\/vi\/wp-json\/wp\/v2\/pages\/160302\/revisions\/160348"}],"wp:attachment":[{"href":"https:\/\/bas-ip.com\/vi\/wp-json\/wp\/v2\/media?parent=160302"}],"curies":[{"name":"wp","href":"https:\/\/api.w.org\/{rel}","templated":true}]}}