{"id":150954,"date":"2025-09-24T10:16:00","date_gmt":"2025-09-24T10:16:00","guid":{"rendered":"https:\/\/bas-ip.com\/warranty-policy-europe\/"},"modified":"2025-11-25T11:59:47","modified_gmt":"2025-11-25T11:59:47","slug":"warranty-policy-europe","status":"publish","type":"page","link":"https:\/\/bas-ip.com\/vi\/warranty-policy-europe\/","title":{"rendered":"Ch\u00ednh S\u00e1ch B\u1ea3o H\u00e0nh (Ch\u00e2u \u00c2u)"},"content":{"rendered":"<p data-path-to-node=\"2\"><span class=\"\">Ch\u00ednh s\u00e1ch hi\u1ec7n h\u00e0nh bao g\u1ed3m vi\u1ec7c b\u1ea3o tr\u00ec c\u00e1c thi\u1ebft b\u1ecb t\u1ea1i Trung t\u00e2m D\u1ecbch v\u1ee5 c\u1ee7a C\u00f4ng ty BAS-IP v\u00e0 g\u1eedi c\u00e1c b\u1ed9 ph\u1eadn thi\u1ebft b\u1ecb cho kh\u00e1ch h\u00e0ng d\u01b0\u1edbi d\u1ea1ng c\u00e1c m\u00f4-\u0111un \u0111\u00e3 \u0111\u01b0\u1ee3c l\u1eafp r\u00e1p ho\u00e0n ch\u1ec9nh.<\/span><\/p>\n<p data-path-to-node=\"3\"><span class=\"\">Theo s\u1ed1 li\u1ec7u th\u1ed1ng k\u00ea v\u1ec1 c\u00e1c y\u00eau c\u1ea7u d\u1ecbch v\u1ee5,<\/span><span class=\"\"> ph\u1ea7n l\u1edbn c\u00e1c v\u1ea5n \u0111\u1ec1 c\u00f3 th\u1ec3 \u0111\u01b0\u1ee3c gi\u1ea3i quy\u1ebft t\u1eeb xa th\u00f4ng qua c\u1eadp nh\u1eadt firmware ho\u1eb7c c\u1ea5u h\u00ecnh l\u1ea1i thi\u1ebft b\u1ecb.<\/span><span class=\"\"> \u0110\u1ec3 c\u1ed1 g\u1eafng gi\u1ea3i quy\u1ebft v\u1ea5n \u0111\u1ec1 c\u1ee7a b\u1ea1n t\u1eeb xa,<\/span><span class=\"\"> vui l\u00f2ng li\u00ean h\u1ec7 v\u1edbi ch\u00fang t\u00f4i qua c\u00e1c k\u00eanh li\u00ean l\u1ea1c sau:<\/span><\/p>\n<ul data-path-to-node=\"4\">\n<li>\n<p data-path-to-node=\"4,0,0\"><span class=\"\">WhatsApp:<\/span> <a class=\"ng-star-inserted\" href=\"https:\/\/wa.me\/message\/TQPHTSMDUD6UE1\" target=\"_blank\" rel=\"noopener\" data-hveid=\"0\" data-ved=\"0CAAQ_4QMahgKEwiDqenYlY2RAxUAAAAAHQAAAAAQqQI\">https:\/\/wa.me\/message\/TQPHTSMDUD6UE1<\/a><\/p>\n<\/li>\n<li>\n<p data-path-to-node=\"4,1,0\"><span class=\"\">Telegram:<\/span> <a class=\"ng-star-inserted\" href=\"https:\/\/t.me\/bas_ip_international_support_bot\" target=\"_blank\" rel=\"noopener\" data-hveid=\"0\" data-ved=\"0CAAQ_4QMahgKEwiDqenYlY2RAxUAAAAAHQAAAAAQqgI\">https:\/\/t.me\/bas_ip_international_support_bot<\/a><\/p>\n<\/li>\n<li>\n<p data-path-to-node=\"4,2,0\"><span class=\"\">Email:<\/span><a href=\"mailto:support@bas-ip.com\"><span class=\"\"> support@bas-ip.<\/span><span class=\"\">com<\/span><\/a><\/p>\n<\/li>\n<li>\n<p data-path-to-node=\"4,3,0\"><span class=\"\">Gi\u1edd l\u00e0m vi\u1ec7c:<\/span><span class=\"\"> Th\u1ee9 Hai \u0111\u1ebfn Th\u1ee9 S\u00e1u,<\/span><span class=\"\"> 06:<\/span><span class=\"\">00\u201322:<\/span><span class=\"\">00 (GMT)<\/span><\/p>\n<\/li>\n<\/ul>\n<p data-path-to-node=\"5\"><span class=\"\">N\u1ebfu v\u1ea5n \u0111\u1ec1 c\u1ee7a b\u1ea1n kh\u00f4ng th\u1ec3 \u0111\u01b0\u1ee3c gi\u1ea3i quy\u1ebft t\u1eeb xa,<\/span><span class=\"\"> vui l\u00f2ng th\u1ef1c hi\u1ec7n theo quy tr\u00ecnh \u0111\u01b0\u1ee3c n\u00eau d\u01b0\u1edbi \u0111\u00e2y:<\/span><\/p>\n<ul data-path-to-node=\"6\">\n<li>\n<p data-path-to-node=\"6,0,0\"><span class=\"\">Vui l\u00f2ng chu\u1ea9n b\u1ecb tr\u01b0\u1edbc c\u00e1c th\u00f4ng tin sau,<\/span><span class=\"\"> v\u00ec c\u00e1c chuy\u00ean gia c\u1ee7a ch\u00fang t\u00f4i s\u1ebd y\u00eau c\u1ea7u ch\u00fang khi b\u1ea1n li\u00ean h\u1ec7:<\/span> <b class=\"\">m\u1eabu thi\u1ebft b\u1ecb, s\u1ed1 s\u00ea-ri, l\u00fd do y\u00eau c\u1ea7u b\u1ea3o h\u00e0nh, ng\u00e0y mua, m\u1ecdi khi\u1ebfu n\u1ea1i c\u00f3 th\u1ec3 c\u00f3 v\u00e0 h\u00ecnh \u1ea3nh<\/b><span class=\"\">.<\/span><span class=\"\"> Th\u00f4ng tin n\u00e0y l\u00e0 c\u1ea7n thi\u1ebft \u0111\u1ec3 b\u1eaft \u0111\u1ea7u th\u1ee7 t\u1ee5c g\u1eedi thi\u1ebft b\u1ecb \u0111\u1ebfn Trung t\u00e2m D\u1ecbch v\u1ee5 BAS-IP ho\u1eb7c \u0111\u1ec3 g\u1eedi c\u00e1c m\u00f4-\u0111un \u0111\u00e3 l\u1eafp r\u00e1p ho\u00e0n ch\u1ec9nh cho b\u1ea1n.<\/span><\/p>\n<\/li>\n<li>\n<p data-path-to-node=\"6,1,0\"><span class=\"\">Sau khi ph\u00e2n t\u00edch t\u1ea5t c\u1ea3 th\u00f4ng tin \u0111\u00e3 g\u1eedi,<\/span><span class=\"\"> b\u1ea1n s\u1ebd \u0111\u01b0\u1ee3c li\u00ean h\u1ec7 qua th\u00f4ng tin chi ti\u1ebft \u0111\u00e3 cung c\u1ea5p v\u00e0 th\u00f4ng b\u00e1o v\u1ec1 quy\u1ebft \u0111\u1ecbnh \u0111\u01b0\u1ee3c \u0111\u01b0a ra v\u00e0 c\u00e1c b\u01b0\u1edbc ti\u1ebfp theo c\u1ea7n th\u1ef1c hi\u1ec7n,<\/span><span class=\"\"> ch\u1eb3ng h\u1ea1n nh\u01b0 g\u1eedi thi\u1ebft b\u1ecb \u0111\u1ebfn Trung t\u00e2m D\u1ecbch v\u1ee5 BAS-IP ho\u1eb7c g\u1eedi c\u00e1c m\u00f4-\u0111un \u0111\u00e3 l\u1eafp r\u00e1p ho\u00e0n ch\u1ec9nh cho b\u1ea1n.<\/span><\/p>\n<\/li>\n<li>\n<p data-path-to-node=\"6,2,0\"><span class=\"\">Trong tr\u01b0\u1eddng h\u1ee3p g\u1eedi c\u00e1c m\u00f4-\u0111un \u0111\u00e3 l\u1eafp r\u00e1p ho\u00e0n ch\u1ec9nh,<\/span><span class=\"\"> c\u00e1c m\u00f4-\u0111un n\u00e0y s\u1ebd \u0111\u01b0\u1ee3c v\u1eadn chuy\u1ec3n \u0111\u1ebfn b\u1ea1n t\u1eeb c\u00f4ng ty \u0111\u1ed1i t\u00e1c n\u01a1i thi\u1ebft b\u1ecb ban \u0111\u1ea7u \u0111\u01b0\u1ee3c mua.<\/span><\/p>\n<\/li>\n<li>\n<p data-path-to-node=\"6,3,0\"><span class=\"\">N\u1ebfu c\u1ea7n g\u1eedi thi\u1ebft b\u1ecb c\u1ee7a b\u1ea1n \u0111\u1ebfn Trung t\u00e2m D\u1ecbch v\u1ee5 BAS-IP,<\/span><span class=\"\"> vui l\u00f2ng s\u1eed d\u1ee5ng \u0111\u1ecba ch\u1ec9 v\u00e0 th\u00f4ng tin li\u00ean h\u1ec7 sau:<\/span><\/p>\n<\/li>\n<\/ul>\n<ul>\n<li>Suchovr\u0161ice 110, 54232, \u00dapice, Czech Republic \/ \u010d.p. 110, 542 32 Suchovr\u0161ice, \u010cesk\u00e1 republika<\/li>\n<li>+420234715332<\/li>\n<li>Email:\u00a0<a href=\"mailto:service@bas-ip.com\">service@bas-ip.com<\/a><\/li>\n<li><span class=\"\">Gi\u1edd l\u00e0m vi\u1ec7c:<\/span><span class=\"\"> Th\u1ee9 Hai \u0111\u1ebfn Th\u1ee9 S\u00e1u,<\/span><span class=\"\"> 6:<\/span><span class=\"\">00 SA \u0111\u1ebfn 2:<\/span><span class=\"\">00 CH (GMT+0)<\/span><\/li>\n<\/ul>\n<p data-path-to-node=\"7\"><span class=\"\">Thi\u1ebft b\u1ecb c\u1ee7a b\u1ea1n s\u1ebd \u0111\u01b0\u1ee3c g\u1eedi \u0111\u1ebfn Trung t\u00e2m D\u1ecbch v\u1ee5 BAS-IP <\/span><b class=\"\">do kh\u00e1ch h\u00e0ng ch\u1ecbu chi ph\u00ed<\/b><span class=\"\">.<\/span><span class=\"\"> Ngo\u00e0i ra,<\/span><span class=\"\"> thi\u1ebft b\u1ecb c\u00f3 th\u1ec3 \u0111\u01b0\u1ee3c g\u1eedi \u0111\u1ebfn Trung t\u00e2m D\u1ecbch v\u1ee5 BAS-IP th\u00f4ng qua c\u00f4ng ty \u0111\u1ed1i t\u00e1c m\u00e0 b\u1ea1n \u0111\u00e3 mua thi\u1ebft b\u1ecb.<\/span><\/p>\n<p data-path-to-node=\"8\">Trong tr\u01b0\u1eddng h\u1ee3p thi\u1ebft b\u1ecb \u0111\u01b0\u1ee3c g\u1eedi \u0111\u1ebfn b\u1ea1n t\u1eeb Trung t\u00e2m D\u1ecbch v\u1ee5 BAS-IP, vi\u1ec7c v\u1eadn chuy\u1ec3n s\u1ebd \u0111\u01b0\u1ee3c th\u1ef1c hi\u1ec7n th\u00f4ng qua c\u00f4ng ty \u0111\u1ed1i t\u00e1c n\u01a1i thi\u1ebft b\u1ecb ban \u0111\u1ea7u \u0111\u01b0\u1ee3c mua ho\u1eb7c tr\u1ef1c ti\u1ebfp t\u1eeb Trung t\u00e2m D\u1ecbch v\u1ee5 BAS-IP.<\/p>\n<p data-path-to-node=\"9\"><strong><span class=\"animating\">Th\u1eddi gian b\u1ea3o h\u00e0nh cho s\u1ea3n ph\u1ea9m l\u00e0 <\/span>ba m\u01b0\u01a1i s\u00e1u (36) th\u00e1ng k\u1ec3 t\u1eeb ng\u00e0y b\u00e1n.<\/strong><\/p>\n<p data-path-to-node=\"10,0,0\">&#8211; Vi\u1ec7c v\u1eadn chuy\u1ec3n thi\u1ebft b\u1ecb ph\u1ea3i \u0111\u01b0\u1ee3c th\u1ef1c hi\u1ec7n trong <b>bao b\u00ec g\u1ed1c<\/b> do ng\u01b0\u1eddi b\u00e1n cung c\u1ea5p ho\u1eb7c bao b\u00ec c\u00f3 c\u00e1c \u0111\u1eb7c t\u00ednh b\u1ea3o v\u1ec7 v\u00e0 v\u1eadn h\u00e0nh t\u01b0\u01a1ng \u0111\u01b0\u01a1ng.<\/p>\n<p data-path-to-node=\"10,1,0\">&#8211; B\u1ea3o h\u00e0nh c\u00f3 gi\u1edbi h\u1ea1n <b>m\u01b0\u1eddi hai (12) th\u00e1ng<\/b> k\u1ec3 t\u1eeb ng\u00e0y b\u00e1n \u00e1p d\u1ee5ng cho c\u00e1c lo\u1ea1i gi\u00e1 \u0111\u1ee1 kh\u00e1c nhau, bao g\u1ed3m gi\u00e1 \u0111\u1ee1 \u00e2m t\u01b0\u1eddng, g\u1eafn tr\u00ean b\u1ec1 m\u1eb7t, gi\u00e1 \u0111\u1ee1 \u0111\u1ec3 b\u00e0n, t\u1ea5m che m\u01b0a v\u00e0 che n\u1eafng, g\u00f3c xoay.<\/p>\n<p data-path-to-node=\"10,2,0\">&#8211; C\u00e1c \u0111i\u1ec1u ki\u1ec7n b\u1ea3o h\u00e0nh n\u00e0y <b>b\u1ed5 sung<\/b> cho c\u00e1c quy\u1ec1n hi\u1ebfn \u0111\u1ecbnh v\u00e0 c\u00e1c quy\u1ec1n kh\u00e1c c\u1ee7a ng\u01b0\u1eddi ti\u00eau d\u00f9ng \u00e1p d\u1ee5ng t\u1ea1i qu\u1ed1c gia c\u01b0 tr\u00fa c\u1ee7a ng\u01b0\u1eddi ti\u00eau d\u00f9ng v\u00e0 kh\u00f4ng gi\u1edbi h\u1ea1n c\u00e1c quy\u1ec1n \u0111\u00f3 d\u01b0\u1edbi b\u1ea5t k\u1ef3 h\u00ecnh th\u1ee9c n\u00e0o.<\/p>\n<h3>\u0110i\u1ec1u Ki\u1ec7n B\u1ea3o H\u00e0nh<\/h3>\n<ol>\n<li data-path-to-node=\"13\">Khi g\u1eedi y\u00eau c\u1ea7u RMA (Tr\u1ea3 l\u1ea1i h\u00e0ng h\u00f3a) cho BAS-IP, c\u1ea7n ph\u1ea3i cung c\u1ea5p th\u00f4ng tin chi ti\u1ebft v\u1ec1 m\u1eabu thi\u1ebft b\u1ecb ch\u00ednh x\u00e1c bao g\u1ed3m m\u00e0u s\u1eafc c\u1ee7a n\u00f3, s\u1ed1 s\u00ea-ri c\u1ee7a thi\u1ebft b\u1ecb, ng\u00e0y mua v\u00e0 y\u00eau c\u1ea7u b\u1ea3o h\u00e0nh v\u1edbi m\u00f4 t\u1ea3 \u0111\u1ea7y \u0111\u1ee7 v\u00e0 ch\u00ednh x\u00e1c v\u1ec1 v\u1ea5n \u0111\u1ec1 ph\u00e1t sinh RMA.<\/li>\n<li data-path-to-node=\"13\">Vi\u1ec7c giao h\u00e0ng \u0111\u1ebfn BAS-IP ho\u1eb7c Trung t\u00e2m D\u1ecbch v\u1ee5 c\u1ee7a n\u00f3 l\u00e0 <span style=\"font-size: revert; color: initial;\">tr\u00e1ch nhi\u1ec7m v\u00e0 chi ph\u00ed c\u1ee7a ng\u01b0\u1eddi mua<\/span><span style=\"font-size: revert; color: initial;\">.<\/span><\/li>\n<li data-path-to-node=\"13\">D\u1ecbch v\u1ee5 b\u1ea3o h\u00e0nh ch\u1ec9 \u0111\u01b0\u1ee3c cung c\u1ea5p trong th\u1eddi h\u1ea1n b\u1ea3o h\u00e0nh \u0111\u01b0\u1ee3c quy \u0111\u1ecbnh trong ch\u00ednh s\u00e1ch b\u1ea3o h\u00e0nh n\u00e0y.<\/li>\n<li data-path-to-node=\"13\">Th\u1eddi gian d\u00e0nh cho vi\u1ec7c kh\u00f4i ph\u1ee5c kh\u1ea3 n\u0103ng ho\u1ea1t \u0111\u1ed9ng c\u1ee7a thi\u1ebft b\u1ecb s\u1ebd \u0111\u01b0\u1ee3c <span style=\"font-size: revert; color: initial;\">c\u1ed9ng th\u00eam<\/span><span style=\"font-size: revert; color: initial;\"> v\u00e0o th\u1eddi h\u1ea1n b\u1ea3o h\u00e0nh \u0111\u00e3 \u0111\u01b0\u1ee3c thi\u1ebft l\u1eadp trong ch\u00ednh s\u00e1ch b\u1ea3o h\u00e0nh n\u00e0y.<\/span><\/li>\n<\/ol>\n<h3>Vi Ph\u1ea1m \u0110i\u1ec1u Ki\u1ec7n B\u1ea3o H\u00e0nh<\/h3>\n<ol>\n<li data-path-to-node=\"19\">C\u00e1c \u0111i\u1ec1u ki\u1ec7n b\u1ea3o h\u00e0nh n\u00e0y s\u1ebd v\u00f4 hi\u1ec7u n\u1ebfu s\u1ed1 ti\u00eau chu\u1ea9n ho\u1eb7c s\u1ed1 s\u00ea-ri c\u1ee7a s\u1ea3n ph\u1ea9m b\u1ecb thay \u0111\u1ed5i, x\u00f3a, g\u1ee1 b\u1ecf ho\u1eb7c b\u1ecb l\u00e0m m\u1edd kh\u00f4ng \u0111\u1ecdc \u0111\u01b0\u1ee3c.<\/li>\n<li data-path-to-node=\"19\">C\u00e1c quy \u0111\u1ecbnh b\u1ea3o h\u00e0nh s\u1ebd b\u1ecb <span style=\"font-size: revert; color: initial;\">v\u00f4 hi\u1ec7u h\u00f3a<\/span><span style=\"font-size: revert; color: initial;\"> trong tr\u01b0\u1eddng h\u1ee3p c\u00f3 b\u1ea5t k\u1ef3 s\u1eeda \u0111\u1ed5i, \u0111i\u1ec1u ch\u1ec9nh ho\u1eb7c thay \u0111\u1ed5i n\u00e0o \u0111\u1ed1i v\u1edbi s\u1ea3n ph\u1ea9m nh\u1eb1m m\u1ee5c \u0111\u00edch c\u1ea3i thi\u1ec7n ho\u1eb7c m\u1edf r\u1ed9ng ph\u1ea1m vi s\u1eed d\u1ee5ng th\u00f4ng th\u01b0\u1eddng \u0111\u01b0\u1ee3c quy \u0111\u1ecbnh trong h\u01b0\u1edbng d\u1eabn s\u1eed d\u1ee5ng.<\/span><\/li>\n<li data-path-to-node=\"19\">B\u1ea3o h\u00e0nh <span style=\"font-size: revert; color: initial;\">s\u1ebd v\u00f4 hi\u1ec7u<\/span><span style=\"font-size: revert; color: initial;\"> n\u1ebfu s\u1ea3n ph\u1ea9m \u0111\u01b0\u1ee3c s\u1eed d\u1ee5ng tr\u00e1i v\u1edbi m\u1ee5c \u0111\u00edch d\u1ef1 ki\u1ebfn \u200b\u200bho\u1eb7c theo c\u00e1ch kh\u00f4ng ph\u00f9 h\u1ee3p v\u1edbi h\u01b0\u1edbng d\u1eabn s\u1eed d\u1ee5ng v\u00e0 b\u1ea3o tr\u00ec.<\/span><\/li>\n<li data-path-to-node=\"19\">B\u1ea3o h\u00e0nh <span style=\"font-size: revert; color: initial;\">s\u1ebd b\u1ecb m\u1ea5t<\/span><span style=\"font-size: revert; color: initial;\"> n\u1ebfu v\u1eadt th\u1ec3 l\u1ea1, ch\u1ea5t, ch\u1ea5t l\u1ecfng, h\u01a1i, kh\u00ed \u0103n m\u00f2n ho\u1eb7c c\u00f4n tr\u00f9ng x\u00e2m nh\u1eadp v\u00e0o b\u00ean trong ho\u1eb7c b\u00ean ngo\u00e0i c\u1ee7a s\u1ea3n ph\u1ea9m, d\u00f9 l\u00e0 do tai n\u1ea1n hay c\u1ed1 \u00fd.<\/span><\/li>\n<li data-path-to-node=\"19\">B\u1ea3o h\u00e0nh <span style=\"font-size: revert; color: initial;\">s\u1ebd v\u00f4 hi\u1ec7u<\/span><span style=\"font-size: revert; color: initial;\"> trong tr\u01b0\u1eddng h\u1ee3p k\u1ebft n\u1ed1i s\u1ea3n ph\u1ea9m kh\u00f4ng \u0111\u00fang c\u00e1ch v\u1edbi c\u00e1c h\u1ec7 th\u1ed1ng kh\u00e1c ho\u1eb7c l\u1eafp \u0111\u1eb7t v\u00e0 g\u1eafn k\u1ebft kh\u00f4ng ch\u00ednh x\u00e1c.<\/span><\/li>\n<li data-path-to-node=\"19\">B\u1ea3o h\u00e0nh n\u00e0y <span style=\"font-size: revert; color: initial;\">kh\u00f4ng m\u1edf r\u1ed9ng<\/span><span style=\"font-size: revert; color: initial;\"> cho c\u00e1c khi\u1ebfm khuy\u1ebft ho\u1eb7c h\u01b0 h\u1ecfng ph\u00e1t sinh b\u1edfi b\u1ea5t k\u1ef3 h\u1ec7 th\u1ed1ng n\u00e0o m\u00e0 s\u1ea3n ph\u1ea9m \u0111\u00e3 \u0111\u01b0\u1ee3c t\u00edch h\u1ee3p ho\u1eb7c s\u1eed d\u1ee5ng c\u00f9ng v\u1edbi n\u00f3.<\/span><\/li>\n<li data-path-to-node=\"19\">B\u1ea3o h\u00e0nh <span style=\"font-size: revert; color: initial;\">s\u1ebd \u0111\u01b0\u1ee3c coi l\u00e0 kh\u00f4ng h\u1ee3p l\u1ec7 v\u00e0 v\u00f4 hi\u1ec7u<\/span><span style=\"font-size: revert; color: initial;\"> n\u1ebfu s\u1ea3n ph\u1ea9m c\u00f3 h\u01b0 h\u1ecfng c\u01a1 h\u1ecdc, s\u1ee9t m\u1ebb, m\u00f3p, n\u1ee9t, d\u1ea5u hi\u1ec7u gi\u1ea3 m\u1ea1o ho\u1eb7c c\u00e1c khuy\u1ebft t\u1eadt t\u01b0\u01a1ng t\u1ef1.<\/span><\/li>\n<li data-path-to-node=\"19\">B\u1ea3o h\u00e0nh <span style=\"font-size: revert; color: initial;\">kh\u00f4ng bao g\u1ed3m<\/span><span style=\"font-size: revert; color: initial;\"> c\u00e1c s\u1ea3n ph\u1ea9m b\u1ecb h\u01b0 h\u1ecfng do kh\u00f4ng tu\u00e2n th\u1ee7 c\u00e1c ti\u00eau chu\u1ea9n \u00e1p d\u1ee5ng t\u1ea1i qu\u1ed1c gia ho\u1ea1t \u0111\u1ed9ng, bao g\u1ed3m c\u00e1c v\u1ea5n \u0111\u1ec1 li\u00ean quan \u0111\u1ebfn c\u00e1c th\u00f4ng s\u1ed1 ngu\u1ed3n \u0111i\u1ec7n, vi\u1ec5n th\u00f4ng, m\u1ea1ng c\u00e1p ho\u1eb7c c\u00e1c y\u1ebfu t\u1ed1 b\u00ean ngo\u00e0i kh\u00e1c.<\/span><\/li>\n<li data-path-to-node=\"19\">Ph\u1ea1m vi b\u1ea3o h\u00e0nh <span style=\"font-size: revert; color: initial;\">lo\u1ea1i tr\u1eeb<\/span><span style=\"font-size: revert; color: initial;\"> c\u00e1c h\u01b0 h\u1ecfng do c\u00e1c y\u1ebfu t\u1ed1 b\u00ean ngo\u00e0i nh\u01b0 thi\u00ean tai, chi\u1ebfn tranh, h\u1ecfa ho\u1ea1n, l\u0169 l\u1ee5t, s\u00e9t \u0111\u00e1nh, b\u00e3o, dao \u0111\u1ed9ng \u0111i\u1ec7n \u00e1p ho\u1eb7c c\u00e1c nguy\u00ean nh\u00e2n kh\u00e1c n\u1eb1m ngo\u00e0i t\u1ea7m ki\u1ec3m so\u00e1t c\u1ee7a nh\u00e0 s\u1ea3n xu\u1ea5t.<\/span><\/li>\n<li data-path-to-node=\"19\">B\u1ea3o h\u00e0nh <span style=\"font-size: revert; color: initial;\">s\u1ebd v\u00f4 hi\u1ec7u<\/span><span style=\"font-size: revert; color: initial;\"> n\u1ebfu vi\u1ec7c s\u1eeda ch\u1eefa ho\u1eb7c s\u1eeda \u0111\u1ed5i \u0111\u01b0\u1ee3c th\u1ef1c hi\u1ec7n b\u1edfi c\u00e1c trung t\u00e2m d\u1ecbch v\u1ee5 kh\u00f4ng \u0111\u01b0\u1ee3c \u1ee7y quy\u1ec1n ho\u1eb7c c\u00e1 nh\u00e2n\/t\u1ed5 ch\u1ee9c kh\u00f4ng c\u00f3 th\u1ea9m quy\u1ec1n ph\u00e1p l\u00fd \u0111\u1ec3 th\u1ef1c hi\u1ec7n c\u00e1c s\u1eeda ch\u1eefa ho\u1eb7c s\u1eeda \u0111\u1ed5i \u0111\u00f3.<\/span><\/li>\n<li data-path-to-node=\"19\">C\u00e1c \u0111i\u1ec1u ki\u1ec7n b\u1ea3o h\u00e0nh n\u00e0y <span style=\"font-size: revert; color: initial;\">kh\u00f4ng \u00e1p d\u1ee5ng<\/span><span style=\"font-size: revert; color: initial;\"> cho ph\u1ee5 ki\u1ec7n (bao g\u1ed3m nh\u01b0ng kh\u00f4ng gi\u1edbi h\u1ea1n \u1edf pin, ngu\u1ed3n \u0111i\u1ec7n b\u00ean ngo\u00e0i, c\u00e1p k\u1ebft n\u1ed1i, m\u00f3c kh\u00f3a, th\u1ebb, thi\u1ebft b\u1ecb nh\u1eadn d\u1ea1ng) ho\u1eb7c c\u00e1c b\u1ed9 ph\u1eadn c\u1ee7a s\u1ea3n ph\u1ea9m ph\u1ea3i ch\u1ecbu hao m\u00f2n th\u00f4ng th\u01b0\u1eddng.<\/span><\/li>\n<\/ol>","protected":false},"excerpt":{"rendered":"<p>Ch\u00ednh s\u00e1ch hi\u1ec7n h\u00e0nh bao g\u1ed3m vi\u1ec7c b\u1ea3o tr\u00ec c\u00e1c thi\u1ebft b\u1ecb t\u1ea1i Trung t\u00e2m D\u1ecbch v\u1ee5 c\u1ee7a C\u00f4ng ty BAS-IP v\u00e0 g\u1eedi c\u00e1c b\u1ed9 ph\u1eadn thi\u1ebft b\u1ecb cho kh\u00e1ch h\u00e0ng d\u01b0\u1edbi d\u1ea1ng c\u00e1c m\u00f4-\u0111un \u0111\u00e3 \u0111\u01b0\u1ee3c l\u1eafp r\u00e1p ho\u00e0n ch\u1ec9nh. Theo s\u1ed1 li\u1ec7u th\u1ed1ng k\u00ea v\u1ec1 c\u00e1c y\u00eau c\u1ea7u d\u1ecbch v\u1ee5, ph\u1ea7n l\u1edbn c\u00e1c [&hellip;]<\/p>","protected":false},"author":1,"featured_media":0,"parent":0,"menu_order":0,"comment_status":"closed","ping_status":"closed","template":"","meta":{"inline_featured_image":false,"footnotes":""},"class_list":["post-150954","page","type-page","status-publish","hentry"],"acf":[],"_links":{"self":[{"href":"https:\/\/bas-ip.com\/vi\/wp-json\/wp\/v2\/pages\/150954","targetHints":{"allow":["GET"]}}],"collection":[{"href":"https:\/\/bas-ip.com\/vi\/wp-json\/wp\/v2\/pages"}],"about":[{"href":"https:\/\/bas-ip.com\/vi\/wp-json\/wp\/v2\/types\/page"}],"author":[{"embeddable":true,"href":"https:\/\/bas-ip.com\/vi\/wp-json\/wp\/v2\/users\/1"}],"replies":[{"embeddable":true,"href":"https:\/\/bas-ip.com\/vi\/wp-json\/wp\/v2\/comments?post=150954"}],"version-history":[{"count":2,"href":"https:\/\/bas-ip.com\/vi\/wp-json\/wp\/v2\/pages\/150954\/revisions"}],"predecessor-version":[{"id":151080,"href":"https:\/\/bas-ip.com\/vi\/wp-json\/wp\/v2\/pages\/150954\/revisions\/151080"}],"wp:attachment":[{"href":"https:\/\/bas-ip.com\/vi\/wp-json\/wp\/v2\/media?parent=150954"}],"curies":[{"name":"wp","href":"https:\/\/api.w.org\/{rel}","templated":true}]}}