{"id":150045,"date":"2025-02-06T12:58:36","date_gmt":"2025-02-06T12:58:36","guid":{"rendered":"https:\/\/bas-ip.com\/napco\/"},"modified":"2025-11-18T15:29:27","modified_gmt":"2025-11-18T15:29:27","slug":"napco","status":"publish","type":"page","link":"https:\/\/bas-ip.com\/vi\/napco\/","title":{"rendered":"NAPCO"},"content":{"rendered":"<h2 class=\"wp-block-heading\"><strong>BAS-IP v\u00e0 NAPCO: T\u00edch h\u1ee3p \u0111\u1ec3 Qu\u1ea3n l\u00fd Truy c\u1eadp Thu\u1eadn ti\u1ec7n<\/strong><\/h2>\n\n\n<div class=\"wp-block-image\">\n<figure class=\"aligncenter size-full\"><img loading=\"lazy\" decoding=\"async\" width=\"900\" height=\"183\" src=\"https:\/\/bas-ip.com\/wp-content\/uploads\/2025\/02\/napco-security-logo.png\" alt=\"\" class=\"wp-image-130197\" srcset=\"https:\/\/bas-ip.com\/wp-content\/uploads\/2025\/02\/napco-security-logo.png 900w,  https:\/\/bas-ip.com\/wp-content\/uploads\/2025\/02\/napco-security-logo-300x61.png 300w,  https:\/\/bas-ip.com\/wp-content\/uploads\/2025\/02\/napco-security-logo-768x156.png 768w,  https:\/\/bas-ip.com\/wp-content\/uploads\/2025\/02\/napco-security-logo-767x156.png 767w\" sizes=\"auto, (max-width: 900px) 100vw, 900px\" \/><\/figure>\n<\/div>\n\n<p data-path-to-node=\"2\">S\u1ef1 t\u00edch h\u1ee3p v\u1edbi <b>NAPCO<\/b> ho\u1ea1t \u0111\u1ed9ng th\u00f4ng qua b\u1ea3ng \u0111i\u1ec1u khi\u1ec3n <b>AV-08FB<\/b> d\u1ef1a tr\u00ean <b>Android<\/b>. B\u1eb1ng c\u00e1ch k\u1ebft n\u1ed1i b\u1ea3ng \u0111i\u1ec1u khi\u1ec3n n\u00e0y v\u1edbi ph\u1ea7n m\u1ec1m <b>Card Access Software v1.2.x<\/b>, ng\u01b0\u1eddi d\u00f9ng c\u00f3 th\u1ec3 qu\u1ea3n l\u00fd th\u00f4ng tin x\u00e1c th\u1ef1c th\u00f4ng qua m\u1ed9t giao di\u1ec7n duy nh\u1ea5t, lo\u1ea1i b\u1ecf nhu c\u1ea7u s\u1eed d\u1ee5ng giao di\u1ec7n web ri\u00eang bi\u1ec7t, \u0111i\u1ec1u n\u00e0y gi\u00fap \u0111\u01a1n gi\u1ea3n h\u00f3a quy tr\u00ecnh.<\/p>\n<p data-path-to-node=\"3\">S\u1ef1 t\u00edch h\u1ee3p n\u00e0y bao g\u1ed3m <b>ki\u1ec3m so\u00e1t ra v\u00e0o<\/b>, <b>gi\u00e1m s\u00e1t video<\/b> v\u00e0 <b>gi\u00e1m s\u00e1t th\u1eddi gian th\u1ef1c<\/b>, l\u00e0m cho h\u1ec7 th\u1ed1ng tr\u1edf n\u00ean linh ho\u1ea1t v\u00e0 ti\u1ec7n l\u1ee3i, \u0111\u1eb7c bi\u1ec7t \u0111\u1ed1i v\u1edbi c\u00e1c khu ph\u1ee9c h\u1ee3p d\u00e2n c\u01b0 v\u00e0 v\u0103n ph\u00f2ng n\u01a1i vi\u1ec7c qu\u1ea3n l\u00fd nhanh ch\u00f3ng v\u00e0 ph\u1ea3n \u1ee9ng k\u1ecbp th\u1eddi v\u1edbi c\u00e1c s\u1ef1 ki\u1ec7n l\u00e0 r\u1ea5t quan tr\u1ecdng.<\/p>\n<p data-path-to-node=\"5\">\u00a0<\/p>\n<h3>L\u1ee3i \u00edch c\u1ee7a vi\u1ec7c T\u00edch h\u1ee3p BAS-IP v\u00e0 NAPCO:<\/h3>\n<p>\u00a0<\/p>\n<ul>\n<li data-path-to-node=\"6,0,0\"><b>D\u1ec5 d\u00e0ng Qu\u1ea3n l\u00fd:<\/b> M\u1ed9t giao di\u1ec7n duy nh\u1ea5t cho ph\u00e9p ng\u01b0\u1eddi d\u00f9ng d\u1ec5 d\u00e0ng qu\u1ea3n l\u00fd th\u00f4ng tin x\u00e1c th\u1ef1c v\u00e0 quy\u1ec1n truy c\u1eadp, \u0111\u01a1n gi\u1ea3n h\u00f3a quy tr\u00ecnh qu\u1ea3n tr\u1ecb.<\/li>\n<li data-path-to-node=\"6,0,0\"><b>H\u1ec7 th\u1ed1ng Linh ho\u1ea1t:<\/b> S\u1ef1 t\u00edch h\u1ee3p cho ph\u00e9p s\u1eed d\u1ee5ng nhi\u1ec1u ch\u1ee9c n\u0103ng kh\u00e1c nhau, bao g\u1ed3m ki\u1ec3m so\u00e1t ra v\u00e0o v\u00e0 gi\u00e1m s\u00e1t video, l\u00e0m cho h\u1ec7 th\u1ed1ng tr\u1edf n\u00ean \u0111a n\u0103ng.<\/li>\n<li data-path-to-node=\"6,0,0\"><b>Gi\u00e1m s\u00e1t Th\u1eddi gian Th\u1ef1c:<\/b> Kh\u1ea3 n\u0103ng theo d\u00f5i c\u00e1c s\u1ef1 ki\u1ec7n theo th\u1eddi gian th\u1ef1c gi\u00fap t\u0103ng c\u01b0\u1eddng b\u1ea3o m\u1eadt v\u00e0 cho ph\u00e9p ph\u1ea3n \u1ee9ng nhanh h\u01a1n v\u1edbi c\u00e1c s\u1ef1 c\u1ed1.<\/li>\n<li data-path-to-node=\"6,0,0\"><b>L\u00fd t\u01b0\u1edfng cho Khu D\u00e2n c\u01b0 v\u00e0 V\u0103n ph\u00f2ng:<\/b> Gi\u1ea3i ph\u00e1p n\u00e0y ph\u00f9 h\u1ee3p v\u1edbi c\u00e1c c\u01a1 s\u1edf m\u00e0 vi\u1ec7c ph\u1ea3n \u1ee9ng nhanh ch\u00f3ng v\u00e0 qu\u1ea3n l\u00fd truy c\u1eadp thu\u1eadn ti\u1ec7n l\u00e0 thi\u1ebft y\u1ebfu.<\/li>\n<\/ul>\n<p data-path-to-node=\"8\">\u00a0<\/p>\n<h3>\u0110i\u1ec3m n\u1ed5i b\u1eadt Ch\u00ednh c\u1ee7a T\u00edch h\u1ee3p:<\/h3>\n<p>\u00a0<\/p>\n<p data-path-to-node=\"9\">S\u1ef1 h\u1ee3p t\u00e1c gi\u1eefa <b>BAS-IP<\/b> v\u00e0 <b>NAPCO<\/b> mang l\u1ea1i:<\/p>\n<ul>\n<li data-path-to-node=\"10,0,0\">T\u00edch h\u1ee3p v\u1edbi b\u1ea3ng \u0111i\u1ec1u khi\u1ec3n <b>AV-08FB<\/b> v\u00e0 ph\u1ea7n m\u1ec1m <b>Card Access<\/b>, cung c\u1ea5p qu\u1ea3n l\u00fd truy c\u1eadp thu\u1eadn ti\u1ec7n.<\/li>\n<li data-path-to-node=\"10,0,0\">K\u1ebft n\u1ed1i li\u00ean th\u00f4ng gi\u1eefa c\u00e1c kh\u00eda c\u1ea1nh an ninh kh\u00e1c nhau, ch\u1eb3ng h\u1ea1n nh\u01b0 gi\u00e1m s\u00e1t video v\u00e0 ki\u1ec3m so\u00e1t ra v\u00e0o.<\/li>\n<li data-path-to-node=\"10,0,0\">C\u00e1c c\u1ea5u h\u00ecnh linh ho\u1ea1t \u0111\u1ec3 th\u00edch \u1ee9ng v\u1edbi nhu c\u1ea7u \u0111a d\u1ea1ng c\u1ee7a ng\u01b0\u1eddi d\u00f9ng.<\/li>\n<\/ul>\n<p data-path-to-node=\"11\">S\u1ef1 t\u00edch h\u1ee3p n\u00e0y cho ph\u00e9p h\u1ee3p nh\u1ea5t vi\u1ec7c qu\u1ea3n l\u00fd truy c\u1eadp v\u00e0 gi\u00e1m s\u00e1t video v\u00e0o m\u1ed9t h\u1ec7 th\u1ed1ng duy nh\u1ea5t, l\u00e0m cho n\u00f3 tr\u1edf th\u00e0nh m\u1ed9t gi\u1ea3i ph\u00e1p l\u00fd t\u01b0\u1edfng cho c\u00e1c b\u1ea5t \u0111\u1ed9ng s\u1ea3n hi\u1ec7n \u0111\u1ea1i. S\u1ef1 h\u1ee3p t\u00e1c gi\u1eefa <b>BAS-IP<\/b> v\u00e0 <b>NAPCO<\/b> cung c\u1ea5p m\u1ed9t c\u00f4ng c\u1ee5 hi\u1ec7u qu\u1ea3 v\u00e0 an to\u00e0n \u0111\u1ec3 qu\u1ea3n l\u00fd v\u00e0 gi\u00e1m s\u00e1t truy c\u1eadp.<\/p>\n<p data-path-to-node=\"12\">\u0110\u1ec3 c\u00f3 h\u01b0\u1edbng d\u1eabn chi ti\u1ebft h\u01a1n v\u1ec1 c\u00e0i \u0111\u1eb7t v\u00e0 c\u1ea5u h\u00ecnh, vui l\u00f2ng tham kh\u1ea3o <a href=\"https:\/\/basip.atlassian.net\/wiki\/spaces\/Integrations\/pages\/248479748\/Integration+with+NAPCO\" target=\"_blank\" rel=\"noopener\"><b>S\u1ed5 tay Wiki<\/b><\/a> c\u1ee7a ch\u00fang t\u00f4i.<\/p>\n\n<!-- START Block Sign Up --><section id=\"block_629678229e935\" class=\"sign-up-section\">\r\n\r\n    <div class=\"form-holder js-form\" data-aos=\"fade-right\">\r\n                    <div class=\"title-block h3\">Sign up for connection<\/div>\r\n        \r\n                    <div class=\"text-block\">\r\n                Filling out all the information needed to answer you as quickly as possible            <\/div>\r\n        \r\n                    \n<div class=\"wpcf7 no-js\" id=\"wpcf7-f102-o1\" lang=\"en-US\" dir=\"ltr\">\n<div class=\"screen-reader-response\"><p role=\"status\" aria-live=\"polite\" aria-atomic=\"true\"><\/p> <ul><\/ul><\/div>\n<form action=\"\/vi\/wp-json\/wp\/v2\/pages\/150045#wpcf7-f102-o1\" method=\"post\" class=\"wpcf7-form init\" aria-label=\"Contact form\" enctype=\"multipart\/form-data\" novalidate=\"novalidate\" data-status=\"init\">\n<div style=\"display: none;\">\n<input type=\"hidden\" name=\"_wpcf7\" value=\"102\" \/>\n<input type=\"hidden\" name=\"_wpcf7_version\" value=\"5.8.3\" \/>\n<input type=\"hidden\" name=\"_wpcf7_locale\" value=\"en_US\" \/>\n<input type=\"hidden\" name=\"_wpcf7_unit_tag\" value=\"wpcf7-f102-o1\" \/>\n<input type=\"hidden\" name=\"_wpcf7_container_post\" value=\"0\" \/>\n<input type=\"hidden\" name=\"_wpcf7_posted_data_hash\" value=\"\" \/>\n<input type=\"hidden\" name=\"_wpcf7_recaptcha_response\" value=\"\" \/>\n<\/div>\n<div class=\"row\"> \n <label><span class=\"label-text\">Name<\/span> \n  <span class=\"wpcf7-form-control-wrap\" data-name=\"text-full-name\"><input size=\"40\" class=\"wpcf7-form-control wpcf7-text wpcf7-validates-as-required\" aria-required=\"true\" aria-invalid=\"false\" placeholder=\"Name\" value=\"\" type=\"text\" name=\"text-full-name\" \/><\/span><\/label> \n<\/div> \n<div class=\"row\"> \n <label><span class=\"label-text\">Phone*<\/span> \n<span class=\"wpcf7-form-control-wrap\" data-name=\"phonetext-270\"><input size=\"40\" class=\"wpcf7-form-control wpcf7-phonetext wpcf7-validates-as-required wpcf7-text wpcf7-validates-as-phonetext\" aria-required=\"true\" aria-invalid=\"false\" placeholder=\"Phone*\" value=\"\" type=\"text\" name=\"phonetext-270\" \/><input type=\"hidden\" name=\"phonetext-270-country-code\" class=\"wpcf7-phonetext-country-code\" \/><\/span><\/label> \n<\/div> \n<div class=\"row\"> \n <label><span class=\"label-text\">E-mail<\/span> \n  <span class=\"wpcf7-form-control-wrap\" data-name=\"email-e-mail\"><input size=\"40\" class=\"wpcf7-form-control wpcf7-email wpcf7-validates-as-required wpcf7-text wpcf7-validates-as-email\" aria-required=\"true\" aria-invalid=\"false\" placeholder=\"E-mail\" value=\"\" type=\"email\" name=\"email-e-mail\" \/><\/span><\/label> \n<\/div> \n<div class=\"row\"><span>Your country<\/span> \n <label><span class=\"wpcf7-form-control-wrap\" data-name=\"countrytext-126\"><input size=\"40\" class=\"wpcf7-form-control wpcf7-countrytext wpcf7-text wpcf7-validates-as-countrytext\" aria-invalid=\"false\" value=\"\" type=\"text\" name=\"countrytext-126\" \/><\/span> <\/label>\n<\/div> \n<div class=\"row\"> \n <button type=\"submit\" class=\"btn\">Send<\/button> \n<\/div> \n<div class=\"row\"> \n <span class=\"wpcf7-form-control-wrap\" data-name=\"checkbox-931\"><span class=\"wpcf7-form-control wpcf7-checkbox\"><span class=\"wpcf7-list-item first\"><label><input type=\"checkbox\" name=\"checkbox-931[]\" value=\"Integrator\" \/><span class=\"wpcf7-list-item-label\">Integrator<\/span><\/label><\/span><span class=\"wpcf7-list-item\"><label><input type=\"checkbox\" name=\"checkbox-931[]\" value=\"Builder\" \/><span class=\"wpcf7-list-item-label\">Builder<\/span><\/label><\/span><span class=\"wpcf7-list-item last\"><label><input type=\"checkbox\" name=\"checkbox-931[]\" value=\"End-User\" \/><span class=\"wpcf7-list-item-label\">End-User<\/span><\/label><\/span><\/span><\/span> \n<\/div> \n<div class=\"row row-upload-file\"> \n <label class=\"upload-file-block js-upload-file\">Attach file \n  <span class=\"wpcf7-form-control-wrap\" data-name=\"file-466\"><input size=\"40\" class=\"wpcf7-form-control wpcf7-file\" accept=\"audio\/*,video\/*,image\/*\" aria-invalid=\"false\" type=\"file\" name=\"file-466\" \/><\/span><\/label> \n<\/div><input type='hidden' class='wpcf7-pum' value='{\"closepopup\":false,\"closedelay\":0,\"openpopup\":false,\"openpopup_id\":0}' \/><div class=\"wpcf7-response-output\" aria-hidden=\"true\"><\/div>\n<\/form>\n<\/div>\n            <\/div>\r\n\r\n\t\t    <div class=\"text-holder\" data-aos=\"fade-left\">\r\n\t\t\t\t\t\t    <h3 class=\"title-block\">How Can We Help?<\/h3>\r\n\t\t\t\r\n\t\t\t                <div class=\"text-block\">\r\n                    Please select a topic below related to your inquiry. If you don&#8217;t find what you need, fill out our contact form.                <\/div>\r\n\t\t\t\r\n\t\t\t\t\t\t    <ul class=\"link-list\">\r\n\t\t\t\t\t\t\t\t\t\t\t\t\t\t\t\t\t\t<li>\r\n\t\t\t\t\t\t\t\t\t\t\t\t\t\t\t\t    <strong>Get Inspired<\/strong>\r\n\t\t\t\t\t\t\t\t\t\t\t\t\t\t\t\t\t\t\t\t\t\t\t\t    <a href=\"\/features\/\">\r\n\t\t\t\t\t\t\t\t        Discover what&#8217;s beneath our intercom\t\t\t\t\t\t\t\t    <\/a>\r\n\t\t\t\t\t\t\t\t\t\t\t\t\t\t\t<\/li>\r\n\t\t\t\t\t\t\t\t\t\t\t\t\t\t\t\t\t\t\t\t\t\t\t\t<li>\r\n\t\t\t\t\t\t\t\t\t\t\t\t\t\t\t\t    <strong>Become a Partner<\/strong>\r\n\t\t\t\t\t\t\t\t\t\t\t\t\t\t\t\t\t\t\t\t\t\t\t\t    <a href=\"\/distributors\/\">\r\n\t\t\t\t\t\t\t\t        Expand your business with BAS-IP intercom\t\t\t\t\t\t\t\t    <\/a>\r\n\t\t\t\t\t\t\t\t\t\t\t\t\t\t\t<\/li>\r\n\t\t\t\t\t\t\t\t\t\t\t\t\t\t\t\t\t\t\t\t\t\t\t\t<li>\r\n\t\t\t\t\t\t\t\t\t\t\t\t\t\t\t\t    <strong>Check the Guides<\/strong>\r\n\t\t\t\t\t\t\t\t\t\t\t\t\t\t\t\t\t\t\t\t\t\t\t\t    <a href=\"\/support\/\">\r\n\t\t\t\t\t\t\t\t        Download detailed manuals and schemes\t\t\t\t\t\t\t\t    <\/a>\r\n\t\t\t\t\t\t\t\t\t\t\t\t\t\t\t<\/li>\r\n\t\t\t\t\t\t\t\t\t\t\t\t\t\t\t<\/ul>\r\n\t\t\t\r\n\t\t\t\t\t\t    <h3 class=\"title-block\">Our contacts<\/h3>\r\n\t\t\t\r\n\t\t\t\t\t\t\t<ul class=\"contact-list\">\r\n\t\t\t\t\t\t\t\t\t\t\t\t\t\t\t\t\t\t<li>\r\n\t\t\t\t\t\t\t\t\t\t\t\t\t\t\t\t\t<strong>Sales:<\/strong>\r\n\t\t\t\t\t\t\t\t\t\t\t\t\t\t\t\t\t\t\t\t\t\t\t\t    <a href=\"mailto:&#115;&#97;l&#101;s&#64;b&#97;&#115;-&#105;&#112;&#46;c&#111;m\">s&#97;le&#115;&#64;&#98;&#97;s-&#105;&#112;.&#99;om<\/a>\r\n\t\t\t\t\t\t\t\t\t\t\t\t\t\t\t<\/li>\r\n\t\t\t\t\t\t\t\t\t\t\t\t\t\t\t\t\t\t\t\t\t\t\t\t<li>\r\n\t\t\t\t\t\t\t\t\t\t\t\t\t\t\t\t\t<strong>Technical support:<\/strong>\r\n\t\t\t\t\t\t\t\t\t\t\t\t\t\t\t\t\t\t\t\t\t\t\t\t    <a href=\"mailto:&#115;&#117;&#112;&#112;&#111;rt&#64;&#98;as&#45;i&#112;&#46;&#99;om\">supp&#111;&#114;t&#64;b&#97;s-ip&#46;com<\/a>\r\n\t\t\t\t\t\t\t\t\t\t\t\t\t\t\t<\/li>\r\n\t\t\t\t\t\t\t\t\t\t\t\t\t\t\t<\/ul>\r\n\t\t\t\t\t<\/div>\r\n\t<\/section>\r\n\r\n\r\n\r\n<!-- END Block Sign Up -->","protected":false},"excerpt":{"rendered":"<p>BAS-IP v\u00e0 NAPCO: T\u00edch h\u1ee3p \u0111\u1ec3 Qu\u1ea3n l\u00fd Truy c\u1eadp Thu\u1eadn ti\u1ec7n S\u1ef1 t\u00edch h\u1ee3p v\u1edbi NAPCO ho\u1ea1t \u0111\u1ed9ng th\u00f4ng qua b\u1ea3ng \u0111i\u1ec1u khi\u1ec3n AV-08FB d\u1ef1a tr\u00ean Android. B\u1eb1ng c\u00e1ch k\u1ebft n\u1ed1i b\u1ea3ng \u0111i\u1ec1u khi\u1ec3n n\u00e0y v\u1edbi ph\u1ea7n m\u1ec1m Card Access Software v1.2.x, ng\u01b0\u1eddi d\u00f9ng c\u00f3 th\u1ec3 qu\u1ea3n l\u00fd th\u00f4ng tin x\u00e1c th\u1ef1c th\u00f4ng qua [&hellip;]<\/p>","protected":false},"author":1,"featured_media":0,"parent":0,"menu_order":0,"comment_status":"closed","ping_status":"closed","template":"page-custom-breadcrumbs.php","meta":{"inline_featured_image":false,"footnotes":""},"class_list":["post-150045","page","type-page","status-publish","hentry"],"acf":[],"_links":{"self":[{"href":"https:\/\/bas-ip.com\/vi\/wp-json\/wp\/v2\/pages\/150045","targetHints":{"allow":["GET"]}}],"collection":[{"href":"https:\/\/bas-ip.com\/vi\/wp-json\/wp\/v2\/pages"}],"about":[{"href":"https:\/\/bas-ip.com\/vi\/wp-json\/wp\/v2\/types\/page"}],"author":[{"embeddable":true,"href":"https:\/\/bas-ip.com\/vi\/wp-json\/wp\/v2\/users\/1"}],"replies":[{"embeddable":true,"href":"https:\/\/bas-ip.com\/vi\/wp-json\/wp\/v2\/comments?post=150045"}],"version-history":[{"count":2,"href":"https:\/\/bas-ip.com\/vi\/wp-json\/wp\/v2\/pages\/150045\/revisions"}],"predecessor-version":[{"id":150155,"href":"https:\/\/bas-ip.com\/vi\/wp-json\/wp\/v2\/pages\/150045\/revisions\/150155"}],"wp:attachment":[{"href":"https:\/\/bas-ip.com\/vi\/wp-json\/wp\/v2\/media?parent=150045"}],"curies":[{"name":"wp","href":"https:\/\/api.w.org\/{rel}","templated":true}]}}