{"id":149417,"date":"2025-02-06T13:42:37","date_gmt":"2025-02-06T13:42:37","guid":{"rendered":"https:\/\/bas-ip.com\/rosslare\/"},"modified":"2025-11-18T11:01:29","modified_gmt":"2025-11-18T11:01:29","slug":"rosslare","status":"publish","type":"page","link":"https:\/\/bas-ip.com\/vi\/rosslare\/","title":{"rendered":"Rosslare"},"content":{"rendered":"<h2 class=\"wp-block-heading\">BAS-IP v\u00e0 Rosslare: T\u00edch h\u1ee3p H\u1ec7 th\u1ed1ng ki\u1ec3m so\u00e1t ra v\u00e0o v\u00e0 Intercom n\u00e2ng cao<\/h2>\n\n\n<div class=\"wp-block-image\">\n<figure class=\"aligncenter size-large is-resized\"><img loading=\"lazy\" decoding=\"async\" width=\"1024\" height=\"166\" src=\"https:\/\/bas-ip.com\/wp-content\/uploads\/2025\/02\/Rosslare_logo_new-1024x166.png\" alt=\"\" class=\"wp-image-130233\" style=\"width:900px\" srcset=\"https:\/\/bas-ip.com\/wp-content\/uploads\/2025\/02\/Rosslare_logo_new-1024x166.png 1024w,  https:\/\/bas-ip.com\/wp-content\/uploads\/2025\/02\/Rosslare_logo_new-300x48.png 300w,  https:\/\/bas-ip.com\/wp-content\/uploads\/2025\/02\/Rosslare_logo_new-768x124.png 768w,  https:\/\/bas-ip.com\/wp-content\/uploads\/2025\/02\/Rosslare_logo_new-767x124.png 767w,  https:\/\/bas-ip.com\/wp-content\/uploads\/2025\/02\/Rosslare_logo_new.png 1064w\" sizes=\"auto, (max-width: 1024px) 100vw, 1024px\" \/><\/figure>\n<\/div>\n\n<p data-path-to-node=\"2\">Vi\u1ec7c t\u00edch h\u1ee3p h\u1ec7 th\u1ed1ng intercom (chu\u00f4ng c\u1eeda c\u00f3 h\u00ecnh\/li\u00ean l\u1ea1c n\u1ed9i b\u1ed9) c\u1ee7a BAS-IP v\u1edbi n\u1ec1n t\u1ea3ng AxTraxPro\u2122 c\u1ee7a Rosslare \u0111\u00e3 h\u1ee3p nh\u1ea5t hai gi\u1ea3i ph\u00e1p m\u1ea1nh m\u1ebd \u0111\u1ec3 qu\u1ea3n l\u00fd an ninh v\u00e0 truy\u1ec1n th\u00f4ng m\u1ed9t c\u00e1ch li\u1ec1n m\u1ea1ch. AxTraxPro\u2122 c\u1ee7a Rosslare v\u01b0\u1ee3t tr\u1ed9i trong vi\u1ec7c ki\u1ec3m so\u00e1t c\u00e1c \u0111i\u1ec3m ra v\u00e0o, qu\u1ea3n l\u00fd quy\u1ec1n ng\u01b0\u1eddi d\u00f9ng v\u00e0 gi\u00e1m s\u00e1t c\u00e1c s\u1ef1 ki\u1ec7n an ninh, trong khi BAS-IP Link Cloud Server t\u1eadp trung qu\u1ea3n l\u00fd intercom v\u00e0 t\u00edch h\u1ee3p b\u00ean th\u1ee9 ba. K\u1ebft h\u1ee3p l\u1ea1i, c\u00e1c h\u1ec7 th\u1ed1ng n\u00e0y mang l\u1ea1i ho\u1ea1t \u0111\u1ed9ng h\u1ee3p l\u00fd v\u00e0 t\u0103ng c\u01b0\u1eddng an to\u00e0n cho c\u00e1c khu d\u00e2n c\u01b0 v\u00e0 th\u01b0\u01a1ng m\u1ea1i.<\/p>\n<p data-path-to-node=\"3\">Ph\u01b0\u01a1ng ph\u00e1p th\u1ed1ng nh\u1ea5t n\u00e0y cho ph\u00e9p c\u00e1c nh\u00e0 \u0111i\u1ec1u h\u00e0nh x\u1eed l\u00fd c\u00e1c ch\u1ee9c n\u0103ng truy c\u1eadp v\u00e0 giao ti\u1ebfp th\u00f4ng qua m\u1ed9t giao di\u1ec7n duy nh\u1ea5t. AxTraxPro\u2122 qu\u1ea3n l\u00fd vi\u1ec7c gi\u00e1m s\u00e1t v\u00e0 c\u1ea5p quy\u1ec1n theo th\u1eddi gian th\u1ef1c, trong khi BAS-IP Link Cloud Server \u0111\u1ea3m b\u1ea3o ch\u1ee9c n\u0103ng intercom hi\u1ec7u qu\u1ea3. B\u1eb1ng c\u00e1ch t\u00edch h\u1ee3p c\u00e1c c\u00f4ng ngh\u1ec7 n\u00e0y, gi\u1ea3i ph\u00e1p gi\u00fap \u0111\u01a1n gi\u1ea3n h\u00f3a vi\u1ec7c qu\u1ea3n tr\u1ecb, c\u1ea3i thi\u1ec7n an ninh v\u00e0 n\u00e2ng cao tr\u1ea3i nghi\u1ec7m cho t\u1ea5t c\u1ea3 ng\u01b0\u1eddi d\u00f9ng.<\/p>\n<p data-path-to-node=\"4\">M\u1ee5c ti\u00eau c\u1ee7a s\u1ef1 t\u00edch h\u1ee3p n\u00e0y l\u00e0 gi\u1ea3i quy\u1ebft c\u00e1c th\u00e1ch th\u1ee9c chung m\u00e0 c\u00e1c nh\u00e0 \u0111i\u1ec1u h\u00e0nh ph\u1ea3i \u0111\u1ed1i m\u1eb7t, ch\u1eb3ng h\u1ea1n nh\u01b0 s\u1ef1 c\u1ea7n thi\u1ebft ph\u1ea3i chuy\u1ec3n \u0111\u1ed5i gi\u1eefa nhi\u1ec1u h\u1ec7 th\u1ed1ng \u0111\u1ec3 ki\u1ec3m so\u00e1t ra v\u00e0o v\u00e0 qu\u1ea3n l\u00fd intercom. B\u1eb1ng c\u00e1ch h\u1ee3p nh\u1ea5t c\u00e1c ch\u1ee9c n\u0103ng n\u00e0y, ng\u01b0\u1eddi d\u00f9ng \u0111\u01b0\u1ee3c h\u01b0\u1edfng l\u1ee3i t\u1eeb vi\u1ec7c gi\u00e1m s\u00e1t t\u1ed1t h\u01a1n, th\u1eddi gian ph\u1ea3n h\u1ed3i nhanh h\u01a1n \u0111\u1ed1i v\u1edbi c\u00e1c s\u1ef1 c\u1ed1 an ninh v\u00e0 tr\u1ea3i nghi\u1ec7m th\u00e2n thi\u1ec7n h\u01a1n v\u1edbi ng\u01b0\u1eddi d\u00f9ng, bao g\u1ed3m c\u1ea3 qu\u1ea3n tr\u1ecb vi\u00ean v\u00e0 ng\u01b0\u1eddi d\u00f9ng cu\u1ed1i.<\/p>\n<h3>C\u00e1c L\u1ee3i \u00cdch Ch\u00ednh c\u1ee7a S\u1ef1 T\u00edch h\u1ee3p<\/h3>\n<p>\u00a0<\/p>\n<ul>\n<li data-path-to-node=\"7,0,0\"><b>Ki\u1ec3m so\u00e1t H\u1ee3p nh\u1ea5t:<\/b> Qu\u1ea3n l\u00fd c\u00e1c \u0111i\u1ec3m ra v\u00e0o v\u00e0 intercom t\u1eeb m\u1ed9t n\u1ec1n t\u1ea3ng duy nh\u1ea5t, \u0111\u01a1n gi\u1ea3n h\u00f3a c\u00f4ng t\u00e1c qu\u1ea3n tr\u1ecb.<\/li>\n<li data-path-to-node=\"7,0,0\"><b>T\u0103ng c\u01b0\u1eddng An ninh:<\/b> Gi\u00e1m s\u00e1t s\u1ef1 ki\u1ec7n theo th\u1eddi gian th\u1ef1c cho ph\u00e9p ph\u1ea3n \u1ee9ng nhanh h\u01a1n v\u1edbi c\u00e1c s\u1ef1 c\u1ed1.<\/li>\n<li data-path-to-node=\"7,0,0\"><b>C\u1ea3i thi\u1ec7n Tr\u1ea3i nghi\u1ec7m Ng\u01b0\u1eddi d\u00f9ng:<\/b> T\u00edch h\u1ee3p li\u1ec1n m\u1ea1ch mang l\u1ea1i tr\u1ea3i nghi\u1ec7m g\u1eafn k\u1ebft cho c\u00e1c nh\u00e0 \u0111i\u1ec1u h\u00e0nh v\u00e0 ng\u01b0\u1eddi d\u00f9ng cu\u1ed1i.<\/li>\n<li data-path-to-node=\"7,0,0\"><b>Linh ho\u1ea1t:<\/b> H\u1ed7 tr\u1ee3 nhi\u1ec1u ng\u00f4n ng\u1eef v\u00e0 khu v\u1ef1c \u0111\u1ec3 t\u01b0\u01a1ng th\u00edch r\u1ed9ng r\u00e3i.<\/li>\n<li data-path-to-node=\"7,0,0\"><b>Kh\u1ea3 n\u0103ng M\u1edf r\u1ed9ng:<\/b> Ph\u00f9 h\u1ee3p v\u1edbi c\u00e1c lo\u1ea1i h\u00ecnh b\u1ea5t \u0111\u1ed9ng s\u1ea3n \u1edf m\u1ecdi quy m\u00f4, t\u1eeb c\u00e1c v\u0103n ph\u00f2ng nh\u1ecf \u0111\u1ebfn c\u00e1c khu ph\u1ee9c h\u1ee3p d\u00e2n c\u01b0 l\u1edbn.<\/li>\n<\/ul>\n<p data-path-to-node=\"8\">\u0110\u1ec3 \u0111\u1ea1t \u0111\u01b0\u1ee3c ti\u1ec1m n\u0103ng t\u1ed1i \u0111a c\u1ee7a s\u1ef1 t\u00edch h\u1ee3p n\u00e0y, c\u1ea3 hai h\u1ec7 th\u1ed1ng \u0111\u1ec1u d\u1ef1a v\u00e0o API GraphQL c\u1ee7a Rosslare AxTraxPro\u2122 v\u00e0 ph\u1ea3i \u0111\u01b0\u1ee3c k\u1ebft n\u1ed1i v\u1edbi c\u00f9ng m\u1ed9t m\u1ea1ng. Gi\u1ea3i ph\u00e1p h\u1ed7 tr\u1ee3 nhi\u1ec1u ng\u00f4n ng\u1eef, bao g\u1ed3m ti\u1ebfng Anh, ti\u1ebfng Ukraina, ti\u1ebfng Nga, ti\u1ebfng Ba Lan, ti\u1ebfng T\u00e2y Ban Nha v\u00e0 ti\u1ebfng Th\u1ed5 Nh\u0129 K\u1ef3, v\u00e0 c\u00f3 s\u1eb5n tr\u00ean kh\u1eafp ch\u00e2u \u00c1, ch\u00e2u \u00c2u v\u00e0 Hoa K\u1ef3.<\/p>\n\n<div class=\"wp-block-image\">\n<figure class=\"aligncenter size-large\"><img loading=\"lazy\" decoding=\"async\" width=\"1024\" height=\"662\" src=\"https:\/\/bas-ip.com\/wp-content\/uploads\/2025\/02\/AxTraxPro-BasIP-Diagram2-1024x662.png\" alt=\"\" class=\"wp-image-130297\" srcset=\"https:\/\/bas-ip.com\/wp-content\/uploads\/2025\/02\/AxTraxPro-BasIP-Diagram2-1024x662.png 1024w,  https:\/\/bas-ip.com\/wp-content\/uploads\/2025\/02\/AxTraxPro-BasIP-Diagram2-300x194.png 300w,  https:\/\/bas-ip.com\/wp-content\/uploads\/2025\/02\/AxTraxPro-BasIP-Diagram2-768x497.png 768w,  https:\/\/bas-ip.com\/wp-content\/uploads\/2025\/02\/AxTraxPro-BasIP-Diagram2-767x496.png 767w,  https:\/\/bas-ip.com\/wp-content\/uploads\/2025\/02\/AxTraxPro-BasIP-Diagram2-1534x992.png 1534w,  https:\/\/bas-ip.com\/wp-content\/uploads\/2025\/02\/AxTraxPro-BasIP-Diagram2.png 1536w\" sizes=\"auto, (max-width: 1024px) 100vw, 1024px\" \/><\/figure>\n<\/div>\n\n<!-- START Block Sign Up --><section id=\"block_629678229e935\" class=\"sign-up-section\">\r\n\r\n    <div class=\"form-holder js-form\" data-aos=\"fade-right\">\r\n                    <div class=\"title-block h3\">Sign up for connection<\/div>\r\n        \r\n                    <div class=\"text-block\">\r\n                Filling out all the information needed to answer you as quickly as possible            <\/div>\r\n        \r\n                    \n<div class=\"wpcf7 no-js\" id=\"wpcf7-f102-o1\" lang=\"en-US\" dir=\"ltr\">\n<div class=\"screen-reader-response\"><p role=\"status\" aria-live=\"polite\" aria-atomic=\"true\"><\/p> <ul><\/ul><\/div>\n<form action=\"\/vi\/wp-json\/wp\/v2\/pages\/149417#wpcf7-f102-o1\" method=\"post\" class=\"wpcf7-form init\" aria-label=\"Contact form\" enctype=\"multipart\/form-data\" novalidate=\"novalidate\" data-status=\"init\">\n<div style=\"display: none;\">\n<input type=\"hidden\" name=\"_wpcf7\" value=\"102\" \/>\n<input type=\"hidden\" name=\"_wpcf7_version\" value=\"5.8.3\" \/>\n<input type=\"hidden\" name=\"_wpcf7_locale\" value=\"en_US\" \/>\n<input type=\"hidden\" name=\"_wpcf7_unit_tag\" value=\"wpcf7-f102-o1\" \/>\n<input type=\"hidden\" name=\"_wpcf7_container_post\" value=\"0\" \/>\n<input type=\"hidden\" name=\"_wpcf7_posted_data_hash\" value=\"\" \/>\n<input type=\"hidden\" name=\"_wpcf7_recaptcha_response\" value=\"\" \/>\n<\/div>\n<div class=\"row\"> \n <label><span class=\"label-text\">Name<\/span> \n  <span class=\"wpcf7-form-control-wrap\" data-name=\"text-full-name\"><input size=\"40\" class=\"wpcf7-form-control wpcf7-text wpcf7-validates-as-required\" aria-required=\"true\" aria-invalid=\"false\" placeholder=\"Name\" value=\"\" type=\"text\" name=\"text-full-name\" \/><\/span><\/label> \n<\/div> \n<div class=\"row\"> \n <label><span class=\"label-text\">Phone*<\/span> \n<span class=\"wpcf7-form-control-wrap\" data-name=\"phonetext-270\"><input size=\"40\" class=\"wpcf7-form-control wpcf7-phonetext wpcf7-validates-as-required wpcf7-text wpcf7-validates-as-phonetext\" aria-required=\"true\" aria-invalid=\"false\" placeholder=\"Phone*\" value=\"\" type=\"text\" name=\"phonetext-270\" \/><input type=\"hidden\" name=\"phonetext-270-country-code\" class=\"wpcf7-phonetext-country-code\" \/><\/span><\/label> \n<\/div> \n<div class=\"row\"> \n <label><span class=\"label-text\">E-mail<\/span> \n  <span class=\"wpcf7-form-control-wrap\" data-name=\"email-e-mail\"><input size=\"40\" class=\"wpcf7-form-control wpcf7-email wpcf7-validates-as-required wpcf7-text wpcf7-validates-as-email\" aria-required=\"true\" aria-invalid=\"false\" placeholder=\"E-mail\" value=\"\" type=\"email\" name=\"email-e-mail\" \/><\/span><\/label> \n<\/div> \n<div class=\"row\"><span>Your country<\/span> \n <label><span class=\"wpcf7-form-control-wrap\" data-name=\"countrytext-126\"><input size=\"40\" class=\"wpcf7-form-control wpcf7-countrytext wpcf7-text wpcf7-validates-as-countrytext\" aria-invalid=\"false\" value=\"\" type=\"text\" name=\"countrytext-126\" \/><\/span> <\/label>\n<\/div> \n<div class=\"row\"> \n <button type=\"submit\" class=\"btn\">Send<\/button> \n<\/div> \n<div class=\"row\"> \n <span class=\"wpcf7-form-control-wrap\" data-name=\"checkbox-931\"><span class=\"wpcf7-form-control wpcf7-checkbox\"><span class=\"wpcf7-list-item first\"><label><input type=\"checkbox\" name=\"checkbox-931[]\" value=\"Integrator\" \/><span class=\"wpcf7-list-item-label\">Integrator<\/span><\/label><\/span><span class=\"wpcf7-list-item\"><label><input type=\"checkbox\" name=\"checkbox-931[]\" value=\"Builder\" \/><span class=\"wpcf7-list-item-label\">Builder<\/span><\/label><\/span><span class=\"wpcf7-list-item last\"><label><input type=\"checkbox\" name=\"checkbox-931[]\" value=\"End-User\" \/><span class=\"wpcf7-list-item-label\">End-User<\/span><\/label><\/span><\/span><\/span> \n<\/div> \n<div class=\"row row-upload-file\"> \n <label class=\"upload-file-block js-upload-file\">Attach file \n  <span class=\"wpcf7-form-control-wrap\" data-name=\"file-466\"><input size=\"40\" class=\"wpcf7-form-control wpcf7-file\" accept=\"audio\/*,video\/*,image\/*\" aria-invalid=\"false\" type=\"file\" name=\"file-466\" \/><\/span><\/label> \n<\/div><input type='hidden' class='wpcf7-pum' value='{\"closepopup\":false,\"closedelay\":0,\"openpopup\":false,\"openpopup_id\":0}' \/><div class=\"wpcf7-response-output\" aria-hidden=\"true\"><\/div>\n<\/form>\n<\/div>\n            <\/div>\r\n\r\n\t\t    <div class=\"text-holder\" data-aos=\"fade-left\">\r\n\t\t\t\t\t\t    <h3 class=\"title-block\">How Can We Help?<\/h3>\r\n\t\t\t\r\n\t\t\t                <div class=\"text-block\">\r\n                    Please select a topic below related to your inquiry. If you don&#8217;t find what you need, fill out our contact form.                <\/div>\r\n\t\t\t\r\n\t\t\t\t\t\t    <ul class=\"link-list\">\r\n\t\t\t\t\t\t\t\t\t\t\t\t\t\t\t\t\t\t<li>\r\n\t\t\t\t\t\t\t\t\t\t\t\t\t\t\t\t    <strong>Get Inspired<\/strong>\r\n\t\t\t\t\t\t\t\t\t\t\t\t\t\t\t\t\t\t\t\t\t\t\t\t    <a href=\"\/features\/\">\r\n\t\t\t\t\t\t\t\t        Discover what&#8217;s beneath our intercom\t\t\t\t\t\t\t\t    <\/a>\r\n\t\t\t\t\t\t\t\t\t\t\t\t\t\t\t<\/li>\r\n\t\t\t\t\t\t\t\t\t\t\t\t\t\t\t\t\t\t\t\t\t\t\t\t<li>\r\n\t\t\t\t\t\t\t\t\t\t\t\t\t\t\t\t    <strong>Become a Partner<\/strong>\r\n\t\t\t\t\t\t\t\t\t\t\t\t\t\t\t\t\t\t\t\t\t\t\t\t    <a href=\"\/distributors\/\">\r\n\t\t\t\t\t\t\t\t        Expand your business with BAS-IP intercom\t\t\t\t\t\t\t\t    <\/a>\r\n\t\t\t\t\t\t\t\t\t\t\t\t\t\t\t<\/li>\r\n\t\t\t\t\t\t\t\t\t\t\t\t\t\t\t\t\t\t\t\t\t\t\t\t<li>\r\n\t\t\t\t\t\t\t\t\t\t\t\t\t\t\t\t    <strong>Check the Guides<\/strong>\r\n\t\t\t\t\t\t\t\t\t\t\t\t\t\t\t\t\t\t\t\t\t\t\t\t    <a href=\"\/support\/\">\r\n\t\t\t\t\t\t\t\t        Download detailed manuals and schemes\t\t\t\t\t\t\t\t    <\/a>\r\n\t\t\t\t\t\t\t\t\t\t\t\t\t\t\t<\/li>\r\n\t\t\t\t\t\t\t\t\t\t\t\t\t\t\t<\/ul>\r\n\t\t\t\r\n\t\t\t\t\t\t    <h3 class=\"title-block\">Our contacts<\/h3>\r\n\t\t\t\r\n\t\t\t\t\t\t\t<ul class=\"contact-list\">\r\n\t\t\t\t\t\t\t\t\t\t\t\t\t\t\t\t\t\t<li>\r\n\t\t\t\t\t\t\t\t\t\t\t\t\t\t\t\t\t<strong>Sales:<\/strong>\r\n\t\t\t\t\t\t\t\t\t\t\t\t\t\t\t\t\t\t\t\t\t\t\t\t    <a href=\"mailto:sa&#108;es&#64;&#98;as&#45;&#105;&#112;&#46;&#99;om\">&#115;&#97;le&#115;&#64;&#98;&#97;s-ip.&#99;&#111;&#109;<\/a>\r\n\t\t\t\t\t\t\t\t\t\t\t\t\t\t\t<\/li>\r\n\t\t\t\t\t\t\t\t\t\t\t\t\t\t\t\t\t\t\t\t\t\t\t\t<li>\r\n\t\t\t\t\t\t\t\t\t\t\t\t\t\t\t\t\t<strong>Technical support:<\/strong>\r\n\t\t\t\t\t\t\t\t\t\t\t\t\t\t\t\t\t\t\t\t\t\t\t\t    <a href=\"mailto:su&#112;po&#114;&#116;&#64;b&#97;&#115;&#45;i&#112;&#46;c&#111;m\">s&#117;&#112;port&#64;&#98;a&#115;-i&#112;&#46;&#99;&#111;&#109;<\/a>\r\n\t\t\t\t\t\t\t\t\t\t\t\t\t\t\t<\/li>\r\n\t\t\t\t\t\t\t\t\t\t\t\t\t\t\t<\/ul>\r\n\t\t\t\t\t<\/div>\r\n\t<\/section>\r\n\r\n\r\n\r\n<!-- END Block Sign Up -->","protected":false},"excerpt":{"rendered":"<p>BAS-IP v\u00e0 Rosslare: T\u00edch h\u1ee3p H\u1ec7 th\u1ed1ng ki\u1ec3m so\u00e1t ra v\u00e0o v\u00e0 Intercom n\u00e2ng cao Vi\u1ec7c t\u00edch h\u1ee3p h\u1ec7 th\u1ed1ng intercom (chu\u00f4ng c\u1eeda c\u00f3 h\u00ecnh\/li\u00ean l\u1ea1c n\u1ed9i b\u1ed9) c\u1ee7a BAS-IP v\u1edbi n\u1ec1n t\u1ea3ng AxTraxPro\u2122 c\u1ee7a Rosslare \u0111\u00e3 h\u1ee3p nh\u1ea5t hai gi\u1ea3i ph\u00e1p m\u1ea1nh m\u1ebd \u0111\u1ec3 qu\u1ea3n l\u00fd an ninh v\u00e0 truy\u1ec1n th\u00f4ng m\u1ed9t c\u00e1ch li\u1ec1n [&hellip;]<\/p>","protected":false},"author":1,"featured_media":0,"parent":0,"menu_order":0,"comment_status":"closed","ping_status":"closed","template":"page-custom-breadcrumbs.php","meta":{"inline_featured_image":false,"footnotes":""},"class_list":["post-149417","page","type-page","status-publish","hentry"],"acf":[],"_links":{"self":[{"href":"https:\/\/bas-ip.com\/vi\/wp-json\/wp\/v2\/pages\/149417","targetHints":{"allow":["GET"]}}],"collection":[{"href":"https:\/\/bas-ip.com\/vi\/wp-json\/wp\/v2\/pages"}],"about":[{"href":"https:\/\/bas-ip.com\/vi\/wp-json\/wp\/v2\/types\/page"}],"author":[{"embeddable":true,"href":"https:\/\/bas-ip.com\/vi\/wp-json\/wp\/v2\/users\/1"}],"replies":[{"embeddable":true,"href":"https:\/\/bas-ip.com\/vi\/wp-json\/wp\/v2\/comments?post=149417"}],"version-history":[{"count":3,"href":"https:\/\/bas-ip.com\/vi\/wp-json\/wp\/v2\/pages\/149417\/revisions"}],"predecessor-version":[{"id":149990,"href":"https:\/\/bas-ip.com\/vi\/wp-json\/wp\/v2\/pages\/149417\/revisions\/149990"}],"wp:attachment":[{"href":"https:\/\/bas-ip.com\/vi\/wp-json\/wp\/v2\/media?parent=149417"}],"curies":[{"name":"wp","href":"https:\/\/api.w.org\/{rel}","templated":true}]}}