{"id":149103,"date":"2023-04-05T11:18:34","date_gmt":"2023-04-05T11:18:34","guid":{"rendered":"https:\/\/bas-ip.com\/integration-gallagher\/"},"modified":"2025-11-17T10:41:05","modified_gmt":"2025-11-17T10:41:05","slug":"integration-gallagher","status":"publish","type":"page","link":"https:\/\/bas-ip.com\/vi\/integration-gallagher\/","title":{"rendered":"Gallagher"},"content":{"rendered":"<div class=\"wp-block-image\">\n<figure class=\"aligncenter size-large is-resized\"><img loading=\"lazy\" decoding=\"async\" width=\"1024\" height=\"410\" src=\"https:\/\/bas-ip.com\/wp-content\/uploads\/2023\/04\/gallagher-logo-1024x410.png\" alt=\"\" class=\"wp-image-68240\" style=\"width:512px;height:205px\" srcset=\"https:\/\/bas-ip.com\/wp-content\/uploads\/2023\/04\/gallagher-logo-1024x410.png 1024w,  https:\/\/bas-ip.com\/wp-content\/uploads\/2023\/04\/gallagher-logo-300x120.png 300w,  https:\/\/bas-ip.com\/wp-content\/uploads\/2023\/04\/gallagher-logo-768x308.png 768w,  https:\/\/bas-ip.com\/wp-content\/uploads\/2023\/04\/gallagher-logo-767x307.png 767w,  https:\/\/bas-ip.com\/wp-content\/uploads\/2023\/04\/gallagher-logo.png 1200w\" sizes=\"auto, (max-width: 1024px) 100vw, 1024px\" \/><\/figure>\n<\/div>\n\n<!-- START Block Integrations Text & Image --><section id=\"block_642d5892a4a17\" class=\"integrations-text-image-section\">\r\n\t\t<div class=\"image-holder\" data-aos=\"fade-left\">\r\n\t\t<img loading=\"lazy\" decoding=\"async\" width=\"900\" height=\"600\" src=\"https:\/\/bas-ip.com\/wp-content\/uploads\/2023\/04\/Gallagher-Security-2-1024x683-1.jpg\" class=\"attachment-large size-large\" alt=\"\" srcset=\"https:\/\/bas-ip.com\/wp-content\/uploads\/2023\/04\/Gallagher-Security-2-1024x683-1.jpg 1024w,  https:\/\/bas-ip.com\/wp-content\/uploads\/2023\/04\/Gallagher-Security-2-1024x683-1-300x200.jpg 300w,  https:\/\/bas-ip.com\/wp-content\/uploads\/2023\/04\/Gallagher-Security-2-1024x683-1-768x512.jpg 768w,  https:\/\/bas-ip.com\/wp-content\/uploads\/2023\/04\/Gallagher-Security-2-1024x683-1-767x512.jpg 767w\" sizes=\"auto, (max-width: 900px) 100vw, 900px\" \/>\t<\/div>\r\n\t\r\n\t<div class=\"text-holder\" data-aos=\"fade-right\">\r\n\t\t\t\t\t\t<div class=\"text-block\">\r\n\t\t\t<h2>T\u00edch h\u1ee3p An ninh Gallagher<\/h2>\n<p>&nbsp;<\/p>\n<p data-path-to-node=\"2\">T\u00edch h\u1ee3p h\u1ec7 th\u1ed1ng Intercom <b>BAS-IP<\/b> v\u1edbi h\u1ec7 th\u1ed1ng ki\u1ec3m so\u00e1t truy c\u1eadp <b>Gallagher Security<\/b>, gi\u00fap b\u1ea1n d\u1ec5 d\u00e0ng h\u01a1n trong vi\u1ec7c gi\u1eef an to\u00e0n cho c\u01a1 s\u1edf c\u1ee7a m\u00ecnh.<\/p>\n<p data-path-to-node=\"3\">Vi\u1ec7c t\u00edch h\u1ee3p \u0111\u01b0\u1ee3c th\u1ef1c hi\u1ec7n th\u00f4ng qua <b>giao th\u1ee9c SIP<\/b>, gi\u00fap t\u0103ng c\u01b0\u1eddng giao ti\u1ebfp gi\u1eefa hai h\u1ec7 th\u1ed1ng. \u0110i\u1ec1u n\u00e0y c\u00f3 ngh\u0129a l\u00e0 gi\u1edd \u0111\u00e2y b\u1ea1n c\u00f3 th\u1ec3 <b>ki\u1ec3m so\u00e1t quy\u1ec1n truy c\u1eadp<\/b> v\u00e0o t\u00f2a nh\u00e0 c\u1ee7a m\u00ecnh b\u1eb1ng c\u00e1ch s\u1eed d\u1ee5ng c\u00e1c t\u00ednh n\u0103ng b\u1ea3o m\u1eadt m\u1ea1nh m\u1ebd c\u1ee7a Gallagher v\u00e0 <b>qu\u1ea3n l\u00fd c\u00e1c cu\u1ed9c g\u1ecdi li\u00ean l\u1ea1c n\u1ed9i b\u1ed9 (intercom)<\/b> t\u1eeb c\u00f9ng m\u1ed9t n\u1ec1n t\u1ea3ng.<\/p>\n<p data-path-to-node=\"4\">S\u1ef1 t\u00edch h\u1ee3p n\u00e0y <b>li\u1ec1n m\u1ea1ch<\/b> (seamless), mang l\u1ea1i tr\u1ea3i nghi\u1ec7m th\u00e2n thi\u1ec7n v\u1edbi ng\u01b0\u1eddi d\u00f9ng v\u00e0 c\u1ea3i thi\u1ec7n an ninh t\u1ed5ng th\u1ec3. H\u00e3y li\u00ean h\u1ec7 v\u1edbi ch\u00fang t\u00f4i \u0111\u1ec3 t\u00ecm hi\u1ec3u th\u00eam v\u00e0 n\u00e2ng c\u1ea5p h\u1ec7 th\u1ed1ng an ninh c\u1ee7a b\u1ea1n ngay h\u00f4m nay!<\/p>\n<p data-path-to-node=\"5\">Th\u00f4ng tin chi ti\u1ebft h\u01a1n c\u00f3 tr\u00ean<a href=\"https:\/\/basip.atlassian.net\/wiki\/spaces\/Integrations\/pages\/5047066\/Integration+with+Gallagher+Security+access+control+system\" target=\"_blank\" rel=\"noopener\"> wiki<\/a> c\u1ee7a ch\u00fang t\u00f4i.<\/p>\t\t<\/div>\r\n\t\t\r\n\t\t\r\n\t\t\t<\/div>\r\n<\/section>\r\n<!-- END Block Integrations Text & Image -->\n\n<!-- START Block Sign Up --><section id=\"block_629678229e935\" class=\"sign-up-section\">\r\n\r\n    <div class=\"form-holder js-form\" data-aos=\"fade-right\">\r\n                    <div class=\"title-block h3\">Sign up for connection<\/div>\r\n        \r\n                    <div class=\"text-block\">\r\n                Filling out all the information needed to answer you as quickly as possible            <\/div>\r\n        \r\n                    \n<div class=\"wpcf7 no-js\" id=\"wpcf7-f102-o1\" lang=\"en-US\" dir=\"ltr\">\n<div class=\"screen-reader-response\"><p role=\"status\" aria-live=\"polite\" aria-atomic=\"true\"><\/p> <ul><\/ul><\/div>\n<form action=\"\/vi\/wp-json\/wp\/v2\/pages\/149103#wpcf7-f102-o1\" method=\"post\" class=\"wpcf7-form init\" aria-label=\"Contact form\" enctype=\"multipart\/form-data\" novalidate=\"novalidate\" data-status=\"init\">\n<div style=\"display: none;\">\n<input type=\"hidden\" name=\"_wpcf7\" value=\"102\" \/>\n<input type=\"hidden\" name=\"_wpcf7_version\" value=\"5.8.3\" \/>\n<input type=\"hidden\" name=\"_wpcf7_locale\" value=\"en_US\" \/>\n<input type=\"hidden\" name=\"_wpcf7_unit_tag\" value=\"wpcf7-f102-o1\" \/>\n<input type=\"hidden\" name=\"_wpcf7_container_post\" value=\"0\" \/>\n<input type=\"hidden\" name=\"_wpcf7_posted_data_hash\" value=\"\" \/>\n<input type=\"hidden\" name=\"_wpcf7_recaptcha_response\" value=\"\" \/>\n<\/div>\n<div class=\"row\"> \n <label><span class=\"label-text\">Name<\/span> \n  <span class=\"wpcf7-form-control-wrap\" data-name=\"text-full-name\"><input size=\"40\" class=\"wpcf7-form-control wpcf7-text wpcf7-validates-as-required\" aria-required=\"true\" aria-invalid=\"false\" placeholder=\"Name\" value=\"\" type=\"text\" name=\"text-full-name\" \/><\/span><\/label> \n<\/div> \n<div class=\"row\"> \n <label><span class=\"label-text\">Phone*<\/span> \n<span class=\"wpcf7-form-control-wrap\" data-name=\"phonetext-270\"><input size=\"40\" class=\"wpcf7-form-control wpcf7-phonetext wpcf7-validates-as-required wpcf7-text wpcf7-validates-as-phonetext\" aria-required=\"true\" aria-invalid=\"false\" placeholder=\"Phone*\" value=\"\" type=\"text\" name=\"phonetext-270\" \/><input type=\"hidden\" name=\"phonetext-270-country-code\" class=\"wpcf7-phonetext-country-code\" \/><\/span><\/label> \n<\/div> \n<div class=\"row\"> \n <label><span class=\"label-text\">E-mail<\/span> \n  <span class=\"wpcf7-form-control-wrap\" data-name=\"email-e-mail\"><input size=\"40\" class=\"wpcf7-form-control wpcf7-email wpcf7-validates-as-required wpcf7-text wpcf7-validates-as-email\" aria-required=\"true\" aria-invalid=\"false\" placeholder=\"E-mail\" value=\"\" type=\"email\" name=\"email-e-mail\" \/><\/span><\/label> \n<\/div> \n<div class=\"row\"><span>Your country<\/span> \n <label><span class=\"wpcf7-form-control-wrap\" data-name=\"countrytext-126\"><input size=\"40\" class=\"wpcf7-form-control wpcf7-countrytext wpcf7-text wpcf7-validates-as-countrytext\" aria-invalid=\"false\" value=\"\" type=\"text\" name=\"countrytext-126\" \/><\/span> <\/label>\n<\/div> \n<div class=\"row\"> \n <button type=\"submit\" class=\"btn\">Send<\/button> \n<\/div> \n<div class=\"row\"> \n <span class=\"wpcf7-form-control-wrap\" data-name=\"checkbox-931\"><span class=\"wpcf7-form-control wpcf7-checkbox\"><span class=\"wpcf7-list-item first\"><label><input type=\"checkbox\" name=\"checkbox-931[]\" value=\"Integrator\" \/><span class=\"wpcf7-list-item-label\">Integrator<\/span><\/label><\/span><span class=\"wpcf7-list-item\"><label><input type=\"checkbox\" name=\"checkbox-931[]\" value=\"Builder\" \/><span class=\"wpcf7-list-item-label\">Builder<\/span><\/label><\/span><span class=\"wpcf7-list-item last\"><label><input type=\"checkbox\" name=\"checkbox-931[]\" value=\"End-User\" \/><span class=\"wpcf7-list-item-label\">End-User<\/span><\/label><\/span><\/span><\/span> \n<\/div> \n<div class=\"row row-upload-file\"> \n <label class=\"upload-file-block js-upload-file\">Attach file \n  <span class=\"wpcf7-form-control-wrap\" data-name=\"file-466\"><input size=\"40\" class=\"wpcf7-form-control wpcf7-file\" accept=\"audio\/*,video\/*,image\/*\" aria-invalid=\"false\" type=\"file\" name=\"file-466\" \/><\/span><\/label> \n<\/div><input type='hidden' class='wpcf7-pum' value='{\"closepopup\":false,\"closedelay\":0,\"openpopup\":false,\"openpopup_id\":0}' \/><div class=\"wpcf7-response-output\" aria-hidden=\"true\"><\/div>\n<\/form>\n<\/div>\n            <\/div>\r\n\r\n\t\t    <div class=\"text-holder\" data-aos=\"fade-left\">\r\n\t\t\t\t\t\t    <h3 class=\"title-block\">How Can We Help?<\/h3>\r\n\t\t\t\r\n\t\t\t                <div class=\"text-block\">\r\n                    Please select a topic below related to your inquiry. If you don&#8217;t find what you need, fill out our contact form.                <\/div>\r\n\t\t\t\r\n\t\t\t\t\t\t    <ul class=\"link-list\">\r\n\t\t\t\t\t\t\t\t\t\t\t\t\t\t\t\t\t\t<li>\r\n\t\t\t\t\t\t\t\t\t\t\t\t\t\t\t\t    <strong>Get Inspired<\/strong>\r\n\t\t\t\t\t\t\t\t\t\t\t\t\t\t\t\t\t\t\t\t\t\t\t\t    <a href=\"\/features\/\">\r\n\t\t\t\t\t\t\t\t        Discover what&#8217;s beneath our intercom\t\t\t\t\t\t\t\t    <\/a>\r\n\t\t\t\t\t\t\t\t\t\t\t\t\t\t\t<\/li>\r\n\t\t\t\t\t\t\t\t\t\t\t\t\t\t\t\t\t\t\t\t\t\t\t\t<li>\r\n\t\t\t\t\t\t\t\t\t\t\t\t\t\t\t\t    <strong>Become a Partner<\/strong>\r\n\t\t\t\t\t\t\t\t\t\t\t\t\t\t\t\t\t\t\t\t\t\t\t\t    <a href=\"\/distributors\/\">\r\n\t\t\t\t\t\t\t\t        Expand your business with BAS-IP intercom\t\t\t\t\t\t\t\t    <\/a>\r\n\t\t\t\t\t\t\t\t\t\t\t\t\t\t\t<\/li>\r\n\t\t\t\t\t\t\t\t\t\t\t\t\t\t\t\t\t\t\t\t\t\t\t\t<li>\r\n\t\t\t\t\t\t\t\t\t\t\t\t\t\t\t\t    <strong>Check the Guides<\/strong>\r\n\t\t\t\t\t\t\t\t\t\t\t\t\t\t\t\t\t\t\t\t\t\t\t\t    <a href=\"\/support\/\">\r\n\t\t\t\t\t\t\t\t        Download detailed manuals and schemes\t\t\t\t\t\t\t\t    <\/a>\r\n\t\t\t\t\t\t\t\t\t\t\t\t\t\t\t<\/li>\r\n\t\t\t\t\t\t\t\t\t\t\t\t\t\t\t<\/ul>\r\n\t\t\t\r\n\t\t\t\t\t\t    <h3 class=\"title-block\">Our contacts<\/h3>\r\n\t\t\t\r\n\t\t\t\t\t\t\t<ul class=\"contact-list\">\r\n\t\t\t\t\t\t\t\t\t\t\t\t\t\t\t\t\t\t<li>\r\n\t\t\t\t\t\t\t\t\t\t\t\t\t\t\t\t\t<strong>Sales:<\/strong>\r\n\t\t\t\t\t\t\t\t\t\t\t\t\t\t\t\t\t\t\t\t\t\t\t\t    <a href=\"mailto:sa&#108;&#101;s&#64;b&#97;&#115;-&#105;p.&#99;&#111;&#109;\">&#115;a&#108;&#101;&#115;&#64;&#98;a&#115;-i&#112;&#46;&#99;o&#109;<\/a>\r\n\t\t\t\t\t\t\t\t\t\t\t\t\t\t\t<\/li>\r\n\t\t\t\t\t\t\t\t\t\t\t\t\t\t\t\t\t\t\t\t\t\t\t\t<li>\r\n\t\t\t\t\t\t\t\t\t\t\t\t\t\t\t\t\t<strong>Technical support:<\/strong>\r\n\t\t\t\t\t\t\t\t\t\t\t\t\t\t\t\t\t\t\t\t\t\t\t\t    <a href=\"mailto:sup&#112;o&#114;t&#64;ba&#115;&#45;ip.c&#111;m\">&#115;u&#112;po&#114;t&#64;&#98;&#97;s&#45;ip.&#99;&#111;&#109;<\/a>\r\n\t\t\t\t\t\t\t\t\t\t\t\t\t\t\t<\/li>\r\n\t\t\t\t\t\t\t\t\t\t\t\t\t\t\t<\/ul>\r\n\t\t\t\t\t<\/div>\r\n\t<\/section>\r\n\r\n\r\n\r\n<!-- END Block Sign Up -->","protected":false},"excerpt":{"rendered":"","protected":false},"author":1,"featured_media":0,"parent":0,"menu_order":0,"comment_status":"closed","ping_status":"closed","template":"page-custom-breadcrumbs.php","meta":{"inline_featured_image":false,"footnotes":""},"class_list":["post-149103","page","type-page","status-publish","hentry"],"acf":[],"_links":{"self":[{"href":"https:\/\/bas-ip.com\/vi\/wp-json\/wp\/v2\/pages\/149103","targetHints":{"allow":["GET"]}}],"collection":[{"href":"https:\/\/bas-ip.com\/vi\/wp-json\/wp\/v2\/pages"}],"about":[{"href":"https:\/\/bas-ip.com\/vi\/wp-json\/wp\/v2\/types\/page"}],"author":[{"embeddable":true,"href":"https:\/\/bas-ip.com\/vi\/wp-json\/wp\/v2\/users\/1"}],"replies":[{"embeddable":true,"href":"https:\/\/bas-ip.com\/vi\/wp-json\/wp\/v2\/comments?post=149103"}],"version-history":[{"count":3,"href":"https:\/\/bas-ip.com\/vi\/wp-json\/wp\/v2\/pages\/149103\/revisions"}],"predecessor-version":[{"id":149176,"href":"https:\/\/bas-ip.com\/vi\/wp-json\/wp\/v2\/pages\/149103\/revisions\/149176"}],"wp:attachment":[{"href":"https:\/\/bas-ip.com\/vi\/wp-json\/wp\/v2\/media?parent=149103"}],"curies":[{"name":"wp","href":"https:\/\/api.w.org\/{rel}","templated":true}]}}