{"id":148273,"date":"2023-04-05T09:42:38","date_gmt":"2023-04-05T09:42:38","guid":{"rendered":"https:\/\/bas-ip.com\/integration-u-prox\/"},"modified":"2025-11-13T14:54:46","modified_gmt":"2025-11-13T14:54:46","slug":"integration-u-prox","status":"publish","type":"page","link":"https:\/\/bas-ip.com\/vi\/integration-u-prox\/","title":{"rendered":"U-Prox"},"content":{"rendered":"<div class=\"wp-block-image\">\n<figure class=\"aligncenter size-large is-resized\"><img loading=\"lazy\" decoding=\"async\" width=\"1024\" height=\"225\" src=\"https:\/\/bas-ip.com\/wp-content\/uploads\/2023\/04\/UPROX-2-1024x225.png\" alt=\"\" class=\"wp-image-67550\" style=\"width:768px;height:169px\" srcset=\"https:\/\/bas-ip.com\/wp-content\/uploads\/2023\/04\/UPROX-2-1024x225.png 1024w,  https:\/\/bas-ip.com\/wp-content\/uploads\/2023\/04\/UPROX-2-300x66.png 300w,  https:\/\/bas-ip.com\/wp-content\/uploads\/2023\/04\/UPROX-2-768x169.png 768w,  https:\/\/bas-ip.com\/wp-content\/uploads\/2023\/04\/UPROX-2-767x169.png 767w,  https:\/\/bas-ip.com\/wp-content\/uploads\/2023\/04\/UPROX-2.png 1200w\" sizes=\"auto, (max-width: 1024px) 100vw, 1024px\" \/><\/figure>\n<\/div>\n\n<!-- START Block Integrations Text & Image --><section id=\"block_642d403e495e8\" class=\"integrations-text-image-section\">\r\n\t\t<div class=\"image-holder\" data-aos=\"fade-left\">\r\n\t\t<img loading=\"lazy\" decoding=\"async\" width=\"900\" height=\"195\" src=\"https:\/\/bas-ip.com\/wp-content\/uploads\/2023\/04\/upro_image-1024x222.jpg\" class=\"attachment-large size-large\" alt=\"\" srcset=\"https:\/\/bas-ip.com\/wp-content\/uploads\/2023\/04\/upro_image-1024x222.jpg 1024w,  https:\/\/bas-ip.com\/wp-content\/uploads\/2023\/04\/upro_image-300x65.jpg 300w,  https:\/\/bas-ip.com\/wp-content\/uploads\/2023\/04\/upro_image-768x166.jpg 768w,  https:\/\/bas-ip.com\/wp-content\/uploads\/2023\/04\/upro_image-767x166.jpg 767w,  https:\/\/bas-ip.com\/wp-content\/uploads\/2023\/04\/upro_image.jpg 1029w\" sizes=\"auto, (max-width: 900px) 100vw, 900px\" \/>\t<\/div>\r\n\t\r\n\t<div class=\"text-holder\" data-aos=\"fade-right\">\r\n\t\t\t\t\t\t<div class=\"text-block\">\r\n\t\t\t<div class=\"wrapper container margin_t_b_80_p\">\n<div class=\"auntk_text_p\">\n<h1>T\u00edch h\u1ee3p An ninh U-Prox<\/h1>\n<p>&nbsp;<\/p>\n<p>Vi\u1ec7c s\u1eed d\u1ee5ng h\u1ec7 th\u1ed1ng li\u00ean l\u1ea1c n\u1ed9i b\u1ed9 (intercom) BAS-IP trong khu ph\u1ee9c h\u1ee3p v\u1edbi thi\u1ebft b\u1ecb U-Prox kh\u00f4ng ch\u1ec9 \u0111\u01b0\u1ee3c c\u00e1c nh\u00e0 ph\u00e1t tri\u1ec3n v\u00e0 t\u1ed5 ch\u1ee9c l\u1eafp \u0111\u1eb7t quan t\u00e2m, m\u00e0 c\u00f2n thu h\u00fat s\u1ef1 ch\u00fa \u00fd c\u1ee7a ch\u00ednh c\u00e1c doanh nghi\u1ec7p, v\u0103n ph\u00f2ng ho\u1eb7c trung t\u00e2m th\u01b0\u01a1ng m\u1ea1i.<\/p>\n<p>T\u1ea1i c\u01a1 s\u1edf, ch\u1ec9 c\u1ea7n l\u1eafp \u0111\u1eb7t <b>m\u00e1y ch\u1ee7 U-Prox<\/b> v\u00e0 <b>c\u00e1c t\u1ea5m panel li\u00ean l\u1ea1c n\u1ed9i b\u1ed9 BAS-IP<\/b>. Ch\u1ec9 c\u1ea7n ch\u1ec9 \u0111\u1ecbnh \u0111\u1ecba ch\u1ec9 M\u00e1y ch\u1ee7 Proxy (Proxy Server) trong thi\u1ebft b\u1ecb li\u00ean l\u1ea1c n\u1ed9i b\u1ed9 BAS-IP v\u00e0 thi\u1ebft b\u1ecb c\u1ee7a h\u1ec7 th\u1ed1ng intercom s\u1ebd t\u1ef1 \u0111\u1ed9ng \u0111\u01b0\u1ee3c th\u00eam v\u00e0o m\u00e1y ch\u1ee7 trong m\u1ed9t giao di\u1ec7n duy nh\u1ea5t.<\/p>\n<p>\u0110i\u1ec1u n\u00e0y s\u1ebd gi\u00fap m\u1edf r\u1ed9ng ph\u1ea1m vi c\u01a1 h\u1ed9i trong c\u00e1c t\u00e1c v\u1ee5 \u0111\u01b0\u1ee3c th\u1ef1c hi\u1ec7n, c\u0169ng nh\u01b0 gi\u1ea3m chi ph\u00ed cho thi\u1ebft b\u1ecb ho\u1eb7c c\u00f4ng vi\u1ec7c b\u1ed5 sung.<\/p>\n<p>Nh\u1edd s\u1ef1 h\u1ee3p nh\u1ea5t c\u1ee7a hai h\u1ec7 th\u1ed1ng th\u00e0nh m\u1ed9t, m\u1ed9t c\u1ea5p \u0111\u1ed9 an ninh v\u00e0 kh\u1ea3 n\u0103ng s\u1eed d\u1ee5ng (<i>usability<\/i>) m\u1edbi \u0111\u00e3 \u0111\u01b0\u1ee3c cung c\u1ea5p:<\/p>\n<ul>\n<li>Kh\u1ea3 n\u0103ng ki\u1ec3m so\u00e1t kh\u00f3a (\u1ed5 kh\u00f3a)<\/li>\n<li>\u0110\u1ecdc, th\u00eam v\u00e0 x\u00f3a c\u00e1c m\u00e3 \u0111\u1ecbnh danh (<i>identifier<\/i>)<\/li>\n<li>Th\u1ed1ng k\u00ea l\u01b0\u1ee3t qua l\u1ea1i (Pass statistics)<\/li>\n<li>H\u1ed7 tr\u1ee3 \u0111\u1ea7y \u0111\u1ee7 c\u00e1c t\u1ea5m panel BAS-IP trong ph\u1ea7n m\u1ec1m U-Prox<\/li>\n<li>S\u1eed d\u1ee5ng \u0111i\u1ec7n tho\u1ea1i th\u00f4ng minh (smartphone) l\u00e0m m\u00e3 \u0111\u1ecbnh danh<\/li>\n<li>Giao di\u1ec7n ki\u1ec3m so\u00e1t truy c\u1eadp h\u1ee3p nh\u1ea5t<\/li>\n<li>Nh\u1eadt k\u00fd s\u1ef1 ki\u1ec7n h\u1ee3p nh\u1ea5t v\u1edbi c\u00e1c b\u1ed9 l\u1ecdc c\u00f3 th\u1ec3 t\u00f9y ch\u1ec9nh<\/li>\n<li>Ph\u00e2n ph\u1ed1i t\u1eadp trung c\u00e1c c\u1ea5p \u0111\u1ed9 truy c\u1eadp tr\u00ean c\u00e1c thi\u1ebft b\u1ecb BAS-IP v\u00e0 U-Prox<\/li>\n<\/ul>\n<p>\u0110\u1ec3 bi\u1ebft th\u00eam th\u00f4ng tin chi ti\u1ebft, vui l\u00f2ng truy c\u1eadp <a href=\"https:\/\/basip.atlassian.net\/wiki\/spaces\/Integrations\/pages\/5046964\/Integration+with+U-Prox+software\" target=\"_blank\" rel=\"noopener\">WIKI<\/a> c\u1ee7a ch\u00fang t\u00f4i.<\/p>\n<\/div>\n<\/div>\t\t<\/div>\r\n\t\t\r\n\t\t\r\n\t\t\t<\/div>\r\n<\/section>\r\n<!-- END Block Integrations Text & Image -->\n\n<!-- START Block Sign Up --><section id=\"block_642d4169495e9\" class=\"sign-up-section\">\r\n\r\n    <div class=\"form-holder js-form\" data-aos=\"fade-right\">\r\n                    <div class=\"title-block h3\">\u0110\u0103ng k\u00fd k\u1ebft n\u1ed1i<\/div>\r\n        \r\n                    <div class=\"text-block\">\r\n                \u0110i\u1ec1n \u0111\u1ea7y \u0111\u1ee7 th\u00f4ng tin c\u1ea7n thi\u1ebft \u0111\u1ec3 tr\u1ea3 l\u1eddi b\u1ea1n nhanh nh\u1ea5t c\u00f3 th\u1ec3            <\/div>\r\n        \r\n                    \n<div class=\"wpcf7 no-js\" id=\"wpcf7-f102-o1\" lang=\"en-US\" dir=\"ltr\">\n<div class=\"screen-reader-response\"><p role=\"status\" aria-live=\"polite\" aria-atomic=\"true\"><\/p> <ul><\/ul><\/div>\n<form action=\"\/vi\/wp-json\/wp\/v2\/pages\/148273#wpcf7-f102-o1\" method=\"post\" class=\"wpcf7-form init\" aria-label=\"Contact form\" enctype=\"multipart\/form-data\" novalidate=\"novalidate\" data-status=\"init\">\n<div style=\"display: none;\">\n<input type=\"hidden\" name=\"_wpcf7\" value=\"102\" \/>\n<input type=\"hidden\" name=\"_wpcf7_version\" value=\"5.8.3\" \/>\n<input type=\"hidden\" name=\"_wpcf7_locale\" value=\"en_US\" \/>\n<input type=\"hidden\" name=\"_wpcf7_unit_tag\" value=\"wpcf7-f102-o1\" \/>\n<input type=\"hidden\" name=\"_wpcf7_container_post\" value=\"0\" \/>\n<input type=\"hidden\" name=\"_wpcf7_posted_data_hash\" value=\"\" \/>\n<input type=\"hidden\" name=\"_wpcf7_recaptcha_response\" value=\"\" \/>\n<\/div>\n<div class=\"row\"> \n <label><span class=\"label-text\">Name<\/span> \n  <span class=\"wpcf7-form-control-wrap\" data-name=\"text-full-name\"><input size=\"40\" class=\"wpcf7-form-control wpcf7-text wpcf7-validates-as-required\" aria-required=\"true\" aria-invalid=\"false\" placeholder=\"Name\" value=\"\" type=\"text\" name=\"text-full-name\" \/><\/span><\/label> \n<\/div> \n<div class=\"row\"> \n <label><span class=\"label-text\">Phone*<\/span> \n<span class=\"wpcf7-form-control-wrap\" data-name=\"phonetext-270\"><input size=\"40\" class=\"wpcf7-form-control wpcf7-phonetext wpcf7-validates-as-required wpcf7-text wpcf7-validates-as-phonetext\" aria-required=\"true\" aria-invalid=\"false\" placeholder=\"Phone*\" value=\"\" type=\"text\" name=\"phonetext-270\" \/><input type=\"hidden\" name=\"phonetext-270-country-code\" class=\"wpcf7-phonetext-country-code\" \/><\/span><\/label> \n<\/div> \n<div class=\"row\"> \n <label><span class=\"label-text\">E-mail<\/span> \n  <span class=\"wpcf7-form-control-wrap\" data-name=\"email-e-mail\"><input size=\"40\" class=\"wpcf7-form-control wpcf7-email wpcf7-validates-as-required wpcf7-text wpcf7-validates-as-email\" aria-required=\"true\" aria-invalid=\"false\" placeholder=\"E-mail\" value=\"\" type=\"email\" name=\"email-e-mail\" \/><\/span><\/label> \n<\/div> \n<div class=\"row\"><span>Your country<\/span> \n <label><span class=\"wpcf7-form-control-wrap\" data-name=\"countrytext-126\"><input size=\"40\" class=\"wpcf7-form-control wpcf7-countrytext wpcf7-text wpcf7-validates-as-countrytext\" aria-invalid=\"false\" value=\"\" type=\"text\" name=\"countrytext-126\" \/><\/span> <\/label>\n<\/div> \n<div class=\"row\"> \n <button type=\"submit\" class=\"btn\">Send<\/button> \n<\/div> \n<div class=\"row\"> \n <span class=\"wpcf7-form-control-wrap\" data-name=\"checkbox-931\"><span class=\"wpcf7-form-control wpcf7-checkbox\"><span class=\"wpcf7-list-item first\"><label><input type=\"checkbox\" name=\"checkbox-931[]\" value=\"Integrator\" \/><span class=\"wpcf7-list-item-label\">Integrator<\/span><\/label><\/span><span class=\"wpcf7-list-item\"><label><input type=\"checkbox\" name=\"checkbox-931[]\" value=\"Builder\" \/><span class=\"wpcf7-list-item-label\">Builder<\/span><\/label><\/span><span class=\"wpcf7-list-item last\"><label><input type=\"checkbox\" name=\"checkbox-931[]\" value=\"End-User\" \/><span class=\"wpcf7-list-item-label\">End-User<\/span><\/label><\/span><\/span><\/span> \n<\/div> \n<div class=\"row row-upload-file\"> \n <label class=\"upload-file-block js-upload-file\">Attach file \n  <span class=\"wpcf7-form-control-wrap\" data-name=\"file-466\"><input size=\"40\" class=\"wpcf7-form-control wpcf7-file\" accept=\"audio\/*,video\/*,image\/*\" aria-invalid=\"false\" type=\"file\" name=\"file-466\" \/><\/span><\/label> \n<\/div><input type='hidden' class='wpcf7-pum' value='{\"closepopup\":false,\"closedelay\":0,\"openpopup\":false,\"openpopup_id\":0}' \/><div class=\"wpcf7-response-output\" aria-hidden=\"true\"><\/div>\n<\/form>\n<\/div>\n            <\/div>\r\n\r\n\t\t    <div class=\"text-holder\" data-aos=\"fade-left\">\r\n\t\t\t\t\t\t    <h3 class=\"title-block\">Ch\u00fang t\u00f4i c\u00f3 th\u1ec3 gi\u00fap g\u00ec cho b\u1ea1n?<\/h3>\r\n\t\t\t\r\n\t\t\t                <div class=\"text-block\">\r\n                    Vui l\u00f2ng ch\u1ecdn m\u1ed9t ch\u1ee7 \u0111\u1ec1 b\u00ean d\u01b0\u1edbi li\u00ean quan \u0111\u1ebfn y\u00eau c\u1ea7u c\u1ee7a b\u1ea1n. N\u1ebfu b\u1ea1n kh\u00f4ng t\u00ecm th\u1ea5y th\u00f4ng tin m\u00ecnh c\u1ea7n, vui l\u00f2ng \u0111i\u1ec1n v\u00e0o bi\u1ec3u m\u1eabu li\u00ean h\u1ec7 c\u1ee7a ch\u00fang t\u00f4i.                <\/div>\r\n\t\t\t\r\n\t\t\t\t\t\t    <ul class=\"link-list\">\r\n\t\t\t\t\t\t\t\t\t\t\t\t\t\t\t\t\t\t<li>\r\n\t\t\t\t\t\t\t\t\t\t\t\t\t\t\t\t    <strong>L\u1ea5y c\u1ea3m h\u1ee9ng<\/strong>\r\n\t\t\t\t\t\t\t\t\t\t\t\t\t\t\t\t\t\t\t\t\t\t\t\t    <a href=\"\/features\/\">\r\n\t\t\t\t\t\t\t\t        Kh\u00e1m ph\u00e1 nh\u1eefng g\u00ec b\u00ean d\u01b0\u1edbi h\u1ec7 th\u1ed1ng li\u00ean l\u1ea1c n\u1ed9i b\u1ed9 c\u1ee7a ch\u00fang t\u00f4i\t\t\t\t\t\t\t\t    <\/a>\r\n\t\t\t\t\t\t\t\t\t\t\t\t\t\t\t<\/li>\r\n\t\t\t\t\t\t\t\t\t\t\t\t\t\t\t\t\t\t\t\t\t\t\t\t<li>\r\n\t\t\t\t\t\t\t\t\t\t\t\t\t\t\t\t    <strong>Tr\u1edf th\u00e0nh \u0111\u1ed1i t\u00e1c<\/strong>\r\n\t\t\t\t\t\t\t\t\t\t\t\t\t\t\t\t\t\t\t\t\t\t\t\t    <a href=\"\/distributors\/\">\r\n\t\t\t\t\t\t\t\t        M\u1edf r\u1ed9ng ho\u1ea1t \u0111\u1ed9ng kinh doanh c\u1ee7a b\u1ea1n v\u1edbi h\u1ec7 th\u1ed1ng li\u00ean l\u1ea1c n\u1ed9i b\u1ed9 BAS-IP\t\t\t\t\t\t\t\t    <\/a>\r\n\t\t\t\t\t\t\t\t\t\t\t\t\t\t\t<\/li>\r\n\t\t\t\t\t\t\t\t\t\t\t\t\t\t\t\t\t\t\t\t\t\t\t\t<li>\r\n\t\t\t\t\t\t\t\t\t\t\t\t\t\t\t\t    <strong>Ki\u1ec3m tra H\u01b0\u1edbng d\u1eabn<\/strong>\r\n\t\t\t\t\t\t\t\t\t\t\t\t\t\t\t\t\t\t\t\t\t\t\t\t    <a href=\"\/support\/\">\r\n\t\t\t\t\t\t\t\t        T\u1ea3i xu\u1ed1ng h\u01b0\u1edbng d\u1eabn v\u00e0 s\u01a1 \u0111\u1ed3 chi ti\u1ebft\t\t\t\t\t\t\t\t    <\/a>\r\n\t\t\t\t\t\t\t\t\t\t\t\t\t\t\t<\/li>\r\n\t\t\t\t\t\t\t\t\t\t\t\t\t\t\t<\/ul>\r\n\t\t\t\r\n\t\t\t\t\t\t    <h3 class=\"title-block\">Li\u00ean h\u1ec7 c\u1ee7a ch\u00fang t\u00f4i<\/h3>\r\n\t\t\t\r\n\t\t\t\t\t\t\t<ul class=\"contact-list\">\r\n\t\t\t\t\t\t\t\t\t\t\t\t\t\t\t\t\t\t<li>\r\n\t\t\t\t\t\t\t\t\t\t\t\t\t\t\t\t\t<strong>Vi\u1ec7c b\u00e1n h\u00e0ng:<\/strong>\r\n\t\t\t\t\t\t\t\t\t\t\t\t\t\t\t\t\t\t\t\t\t\t\t\t    <a href=\"mailto:s&#97;&#108;es&#64;&#98;as&#45;&#105;p.&#99;&#111;&#109;\">s&#97;le&#115;&#64;b&#97;&#115;&#45;ip.co&#109;<\/a>\r\n\t\t\t\t\t\t\t\t\t\t\t\t\t\t\t<\/li>\r\n\t\t\t\t\t\t\t\t\t\t\t\t\t\t\t\t\t\t\t\t\t\t\t\t<li>\r\n\t\t\t\t\t\t\t\t\t\t\t\t\t\t\t\t\t<strong>H\u1ed7 tr\u1ee3 k\u1ef9 thu\u1eadt:<\/strong>\r\n\t\t\t\t\t\t\t\t\t\t\t\t\t\t\t\t\t\t\t\t\t\t\t\t    <a href=\"mailto:&#115;&#117;p&#112;o&#114;&#116;&#64;b&#97;&#115;&#45;&#105;&#112;&#46;com\">&#115;uppo&#114;&#116;&#64;b&#97;s-ip&#46;co&#109;<\/a>\r\n\t\t\t\t\t\t\t\t\t\t\t\t\t\t\t<\/li>\r\n\t\t\t\t\t\t\t\t\t\t\t\t\t\t\t<\/ul>\r\n\t\t\t\t\t<\/div>\r\n\t<\/section>\r\n\r\n\r\n\r\n<!-- END Block Sign Up -->","protected":false},"excerpt":{"rendered":"","protected":false},"author":1,"featured_media":0,"parent":0,"menu_order":0,"comment_status":"closed","ping_status":"closed","template":"page-custom-breadcrumbs.php","meta":{"inline_featured_image":false,"footnotes":""},"class_list":["post-148273","page","type-page","status-publish","hentry"],"acf":[],"_links":{"self":[{"href":"https:\/\/bas-ip.com\/vi\/wp-json\/wp\/v2\/pages\/148273","targetHints":{"allow":["GET"]}}],"collection":[{"href":"https:\/\/bas-ip.com\/vi\/wp-json\/wp\/v2\/pages"}],"about":[{"href":"https:\/\/bas-ip.com\/vi\/wp-json\/wp\/v2\/types\/page"}],"author":[{"embeddable":true,"href":"https:\/\/bas-ip.com\/vi\/wp-json\/wp\/v2\/users\/1"}],"replies":[{"embeddable":true,"href":"https:\/\/bas-ip.com\/vi\/wp-json\/wp\/v2\/comments?post=148273"}],"version-history":[{"count":4,"href":"https:\/\/bas-ip.com\/vi\/wp-json\/wp\/v2\/pages\/148273\/revisions"}],"predecessor-version":[{"id":148374,"href":"https:\/\/bas-ip.com\/vi\/wp-json\/wp\/v2\/pages\/148273\/revisions\/148374"}],"wp:attachment":[{"href":"https:\/\/bas-ip.com\/vi\/wp-json\/wp\/v2\/media?parent=148273"}],"curies":[{"name":"wp","href":"https:\/\/api.w.org\/{rel}","templated":true}]}}