{"id":148210,"date":"2025-02-06T12:39:32","date_gmt":"2025-02-06T12:39:32","guid":{"rendered":"https:\/\/bas-ip.com\/hikvision\/"},"modified":"2025-11-19T12:01:59","modified_gmt":"2025-11-19T12:01:59","slug":"hikvision","status":"publish","type":"page","link":"https:\/\/bas-ip.com\/vi\/hikvision\/","title":{"rendered":"Hikvision"},"content":{"rendered":"<h2 class=\"wp-block-heading\"><strong>BAS-IP v\u00e0 Hikvision: T\u00edch h\u1ee3p Qu\u1ea3n l\u00fd Truy c\u1eadp Th\u00f4ng minh<\/strong><\/h2>\n\n\n<div class=\"wp-block-image\">\n<figure class=\"aligncenter size-full\"><img loading=\"lazy\" decoding=\"async\" width=\"900\" height=\"254\" src=\"https:\/\/bas-ip.com\/wp-content\/uploads\/2025\/02\/Hikvision-logo_n.png\" alt=\"\" class=\"wp-image-130158\" srcset=\"https:\/\/bas-ip.com\/wp-content\/uploads\/2025\/02\/Hikvision-logo_n.png 900w,  https:\/\/bas-ip.com\/wp-content\/uploads\/2025\/02\/Hikvision-logo_n-300x85.png 300w,  https:\/\/bas-ip.com\/wp-content\/uploads\/2025\/02\/Hikvision-logo_n-768x217.png 768w,  https:\/\/bas-ip.com\/wp-content\/uploads\/2025\/02\/Hikvision-logo_n-767x216.png 767w\" sizes=\"auto, (max-width: 900px) 100vw, 900px\" \/><\/figure>\n<\/div>\n\n<p data-path-to-node=\"1\">Gi\u1ea3i ph\u00e1p t\u00edch h\u1ee3p <b>BAS-IP<\/b> v\u00e0 <b>Hikvision<\/b> mang \u0111\u1ebfn m\u1ed9t gi\u1ea3i ph\u00e1p hi\u1ec7n \u0111\u1ea1i cho vi\u1ec7c qu\u1ea3n l\u00fd truy c\u1eadp t\u1ef1 \u0111\u1ed9ng th\u00f4ng qua nh\u1eadn d\u1ea1ng bi\u1ec3n s\u1ed1 xe. <b>Hikvision<\/b> cung c\u1ea5p kh\u1ea3 n\u0103ng s\u1eed d\u1ee5ng bi\u1ec3n s\u1ed1 xe l\u00e0m \u0111\u1ecbnh danh \u0111\u1ec3 t\u1ef1 \u0111\u1ed9ng m\u1edf c\u1ed5ng\/r\u00e0o ch\u1eafn, t\u1eadn d\u1ee5ng t\u00f9y ch\u1ecdn <b>ALPR<\/b> (Automatic License Plate Recognition \u2013 Nh\u1eadn d\u1ea1ng Bi\u1ec3n s\u1ed1 Xe T\u1ef1 \u0111\u1ed9ng).<\/p>\n<p data-path-to-node=\"2\">M\u00e1y ch\u1ee7 <b>BAS-IP Link<\/b> t\u01b0\u01a1ng th\u00edch kh\u00f4ng ch\u1ec9 v\u1edbi camera <b>Axis<\/b> m\u00e0 c\u00f2n v\u1edbi camera t\u1eeb c\u00e1c nh\u00e0 s\u1ea3n xu\u1ea5t kh\u00e1c nh\u01b0 <b>Axxon One<\/b>. \u0110i\u1ec1u n\u00e0y m\u1edf r\u1ed9ng kh\u1ea3 n\u0103ng t\u00edch h\u1ee3p v\u00e0 s\u1eed d\u1ee5ng <b>ALPR<\/b> \u0111\u1ec3 nh\u1eadn d\u1ea1ng v\u00e0 qu\u00e9t, l\u00e0m cho n\u00f3 ph\u00f9 h\u1ee3p v\u1edbi c\u00e1c c\u01a1 s\u1edf hi\u1ec7n \u0111\u1ea1i n\u01a1i t\u1ef1 \u0111\u1ed9ng h\u00f3a v\u00e0 an ninh l\u00e0 t\u1ed1i quan tr\u1ecdng.<\/p>\n<p data-path-to-node=\"4\">\u00a0<\/p>\n<h3>L\u1ee3i \u00edch c\u1ee7a T\u00edch h\u1ee3p BAS-IP v\u00e0 Hikvision:<\/h3>\n<p>\u00a0<\/p>\n<ul>\n<li data-path-to-node=\"5,0,0\"><b>Qu\u1ea3n l\u00fd Truy c\u1eadp T\u1ef1 \u0111\u1ed9ng:<\/b> Vi\u1ec7c s\u1eed d\u1ee5ng bi\u1ec3n s\u1ed1 xe \u0111\u1ec3 t\u1ef1 \u0111\u1ed9ng m\u1edf c\u1ed5ng \u0111\u01a1n gi\u1ea3n h\u00f3a quy tr\u00ecnh ra v\u00e0o v\u00e0 t\u0103ng c\u01b0\u1eddng m\u1ee9c \u0111\u1ed9 b\u1ea3o m\u1eadt.<\/li>\n<li data-path-to-node=\"5,0,0\"><b>T\u01b0\u01a1ng th\u00edch v\u1edbi Nhi\u1ec1u Lo\u1ea1i Camera:<\/b> H\u1ed7 tr\u1ee3 camera t\u1eeb <b>Axis<\/b>, <b>Axxon One<\/b> v\u00e0 c\u00e1c nh\u00e0 s\u1ea3n xu\u1ea5t kh\u00e1c mang l\u1ea1i s\u1ef1 linh ho\u1ea1t v\u00e0 l\u1ef1a ch\u1ecdn trong vi\u1ec7c x\u00e2y d\u1ef1ng h\u1ec7 th\u1ed1ng gi\u00e1m s\u00e1t.<\/li>\n<li data-path-to-node=\"5,0,0\"><b>D\u1ec5 d\u00e0ng C\u1ea5u h\u00ecnh:<\/b> Gi\u1ea3i ph\u00e1p t\u00edch h\u1ee3p d\u1ec5 d\u00e0ng \u0111\u01b0\u1ee3c c\u1ea5u h\u00ecnh th\u00f4ng qua m\u00e1y ch\u1ee7 <b>BAS-IP Link<\/b>, \u0111\u01a1n gi\u1ea3n h\u00f3a qu\u00e1 tr\u00ecnh tri\u1ec3n khai.<\/li>\n<li data-path-to-node=\"5,0,0\"><b>H\u1ed7 tr\u1ee3 ALPR:<\/b> Vi\u1ec7c s\u1eed d\u1ee5ng c\u00e1c c\u00f4ng ngh\u1ec7 <b>ALPR<\/b> ti\u00ean ti\u1ebfn cho ph\u00e9p nh\u1eadn d\u1ea1ng bi\u1ec3n s\u1ed1 xe ch\u00ednh x\u00e1c v\u00e0 nhanh ch\u00f3ng, n\u00e2ng cao hi\u1ec7u qu\u1ea3 truy c\u1eadp.<\/li>\n<\/ul>\n<p data-path-to-node=\"7\">\u00a0<\/p>\n<h3>\u0110i\u1ec3m n\u1ed5i b\u1eadt Ch\u00ednh c\u1ee7a T\u00edch h\u1ee3p:<\/h3>\n<p>\u00a0<\/p>\n<p data-path-to-node=\"8\">S\u1ef1 h\u1ee3p t\u00e1c gi\u1eefa <b>BAS-IP<\/b> v\u00e0 <b>Hikvision<\/b> cung c\u1ea5p:<\/p>\n<ul>\n<li data-path-to-node=\"9,0,0\">Kh\u1ea3 n\u0103ng t\u00edch h\u1ee3p nh\u1eadn d\u1ea1ng bi\u1ec3n s\u1ed1 xe v\u1edbi c\u00e1c c\u00f4ng ngh\u1ec7 <b>BAS-IP<\/b> \u0111\u1ec3 qu\u1ea3n l\u00fd truy c\u1eadp.<\/li>\n<li data-path-to-node=\"9,0,0\">C\u00e1c t\u00ednh n\u0103ng gi\u00e1m s\u00e1t n\u00e2ng cao nh\u1edd kh\u1ea3 n\u0103ng t\u01b0\u01a1ng th\u00edch v\u1edbi camera.<\/li>\n<li data-path-to-node=\"9,0,0\">C\u1ea5u h\u00ecnh linh ho\u1ea1t \u0111\u1ec3 t\u1ed1i \u01b0u h\u00f3a hi\u1ec7u su\u1ea5t h\u1ec7 th\u1ed1ng.<\/li>\n<\/ul>\n<p data-path-to-node=\"10\">Gi\u1ea3i ph\u00e1p n\u00e0y \u0111\u01b0\u1ee3c thi\u1ebft k\u1ebf cho c\u00e1c c\u01a1 s\u1edf mu\u1ed1n t\u1ed1i \u01b0u h\u00f3a qu\u1ea3n l\u00fd truy c\u1eadp v\u00e0 t\u0103ng c\u01b0\u1eddng an ninh b\u1eb1ng c\u00e1ch s\u1eed d\u1ee5ng c\u00e1c c\u00f4ng ngh\u1ec7 hi\u1ec7n \u0111\u1ea1i. Nh\u1eefng n\u1ed7 l\u1ef1c chung c\u1ee7a <b>BAS-IP<\/b> v\u00e0 <b>Hikvision<\/b> t\u1ea1o ra m\u1ed9t c\u00f4ng c\u1ee5 \u0111\u00e1ng tin c\u1eady v\u00e0 hi\u1ec7u qu\u1ea3 \u0111\u1ec3 \u0111\u1ea3m b\u1ea3o an to\u00e0n v\u00e0 ti\u1ec7n l\u1ee3i.<\/p>\n<p data-path-to-node=\"11\">\u0110\u1ec3 c\u00f3 h\u01b0\u1edbng d\u1eabn chi ti\u1ebft h\u01a1n v\u1ec1 c\u00e0i \u0111\u1eb7t v\u00e0 c\u1ea5u h\u00ecnh, vui l\u00f2ng tham kh\u1ea3o <a href=\"https:\/\/basip.atlassian.net\/wiki\/spaces\/Integrations\/pages\/249856010\/Integration+with+Hikvision\" target=\"_blank\" rel=\"noopener\"><b>S\u1ed5 tay Wiki (Wiki Manual)<\/b><\/a> c\u1ee7a ch\u00fang t\u00f4i.<\/p>\n\n<!-- START Block Sign Up --><section id=\"block_629678229e935\" class=\"sign-up-section\">\r\n\r\n    <div class=\"form-holder js-form\" data-aos=\"fade-right\">\r\n                    <div class=\"title-block h3\">Sign up for connection<\/div>\r\n        \r\n                    <div class=\"text-block\">\r\n                Filling out all the information needed to answer you as quickly as possible            <\/div>\r\n        \r\n                    \n<div class=\"wpcf7 no-js\" id=\"wpcf7-f102-o1\" lang=\"en-US\" dir=\"ltr\">\n<div class=\"screen-reader-response\"><p role=\"status\" aria-live=\"polite\" aria-atomic=\"true\"><\/p> <ul><\/ul><\/div>\n<form action=\"\/vi\/wp-json\/wp\/v2\/pages\/148210#wpcf7-f102-o1\" method=\"post\" class=\"wpcf7-form init\" aria-label=\"Contact form\" enctype=\"multipart\/form-data\" novalidate=\"novalidate\" data-status=\"init\">\n<div style=\"display: none;\">\n<input type=\"hidden\" name=\"_wpcf7\" value=\"102\" \/>\n<input type=\"hidden\" name=\"_wpcf7_version\" value=\"5.8.3\" \/>\n<input type=\"hidden\" name=\"_wpcf7_locale\" value=\"en_US\" \/>\n<input type=\"hidden\" name=\"_wpcf7_unit_tag\" value=\"wpcf7-f102-o1\" \/>\n<input type=\"hidden\" name=\"_wpcf7_container_post\" value=\"0\" \/>\n<input type=\"hidden\" name=\"_wpcf7_posted_data_hash\" value=\"\" \/>\n<input type=\"hidden\" name=\"_wpcf7_recaptcha_response\" value=\"\" \/>\n<\/div>\n<div class=\"row\"> \n <label><span class=\"label-text\">Name<\/span> \n  <span class=\"wpcf7-form-control-wrap\" data-name=\"text-full-name\"><input size=\"40\" class=\"wpcf7-form-control wpcf7-text wpcf7-validates-as-required\" aria-required=\"true\" aria-invalid=\"false\" placeholder=\"Name\" value=\"\" type=\"text\" name=\"text-full-name\" \/><\/span><\/label> \n<\/div> \n<div class=\"row\"> \n <label><span class=\"label-text\">Phone*<\/span> \n<span class=\"wpcf7-form-control-wrap\" data-name=\"phonetext-270\"><input size=\"40\" class=\"wpcf7-form-control wpcf7-phonetext wpcf7-validates-as-required wpcf7-text wpcf7-validates-as-phonetext\" aria-required=\"true\" aria-invalid=\"false\" placeholder=\"Phone*\" value=\"\" type=\"text\" name=\"phonetext-270\" \/><input type=\"hidden\" name=\"phonetext-270-country-code\" class=\"wpcf7-phonetext-country-code\" \/><\/span><\/label> \n<\/div> \n<div class=\"row\"> \n <label><span class=\"label-text\">E-mail<\/span> \n  <span class=\"wpcf7-form-control-wrap\" data-name=\"email-e-mail\"><input size=\"40\" class=\"wpcf7-form-control wpcf7-email wpcf7-validates-as-required wpcf7-text wpcf7-validates-as-email\" aria-required=\"true\" aria-invalid=\"false\" placeholder=\"E-mail\" value=\"\" type=\"email\" name=\"email-e-mail\" \/><\/span><\/label> \n<\/div> \n<div class=\"row\"><span>Your country<\/span> \n <label><span class=\"wpcf7-form-control-wrap\" data-name=\"countrytext-126\"><input size=\"40\" class=\"wpcf7-form-control wpcf7-countrytext wpcf7-text wpcf7-validates-as-countrytext\" aria-invalid=\"false\" value=\"\" type=\"text\" name=\"countrytext-126\" \/><\/span> <\/label>\n<\/div> \n<div class=\"row\"> \n <button type=\"submit\" class=\"btn\">Send<\/button> \n<\/div> \n<div class=\"row\"> \n <span class=\"wpcf7-form-control-wrap\" data-name=\"checkbox-931\"><span class=\"wpcf7-form-control wpcf7-checkbox\"><span class=\"wpcf7-list-item first\"><label><input type=\"checkbox\" name=\"checkbox-931[]\" value=\"Integrator\" \/><span class=\"wpcf7-list-item-label\">Integrator<\/span><\/label><\/span><span class=\"wpcf7-list-item\"><label><input type=\"checkbox\" name=\"checkbox-931[]\" value=\"Builder\" \/><span class=\"wpcf7-list-item-label\">Builder<\/span><\/label><\/span><span class=\"wpcf7-list-item last\"><label><input type=\"checkbox\" name=\"checkbox-931[]\" value=\"End-User\" \/><span class=\"wpcf7-list-item-label\">End-User<\/span><\/label><\/span><\/span><\/span> \n<\/div> \n<div class=\"row row-upload-file\"> \n <label class=\"upload-file-block js-upload-file\">Attach file \n  <span class=\"wpcf7-form-control-wrap\" data-name=\"file-466\"><input size=\"40\" class=\"wpcf7-form-control wpcf7-file\" accept=\"audio\/*,video\/*,image\/*\" aria-invalid=\"false\" type=\"file\" name=\"file-466\" \/><\/span><\/label> \n<\/div><input type='hidden' class='wpcf7-pum' value='{\"closepopup\":false,\"closedelay\":0,\"openpopup\":false,\"openpopup_id\":0}' \/><div class=\"wpcf7-response-output\" aria-hidden=\"true\"><\/div>\n<\/form>\n<\/div>\n            <\/div>\r\n\r\n\t\t    <div class=\"text-holder\" data-aos=\"fade-left\">\r\n\t\t\t\t\t\t    <h3 class=\"title-block\">How Can We Help?<\/h3>\r\n\t\t\t\r\n\t\t\t                <div class=\"text-block\">\r\n                    Please select a topic below related to your inquiry. If you don&#8217;t find what you need, fill out our contact form.                <\/div>\r\n\t\t\t\r\n\t\t\t\t\t\t    <ul class=\"link-list\">\r\n\t\t\t\t\t\t\t\t\t\t\t\t\t\t\t\t\t\t<li>\r\n\t\t\t\t\t\t\t\t\t\t\t\t\t\t\t\t    <strong>Get Inspired<\/strong>\r\n\t\t\t\t\t\t\t\t\t\t\t\t\t\t\t\t\t\t\t\t\t\t\t\t    <a href=\"\/features\/\">\r\n\t\t\t\t\t\t\t\t        Discover what&#8217;s beneath our intercom\t\t\t\t\t\t\t\t    <\/a>\r\n\t\t\t\t\t\t\t\t\t\t\t\t\t\t\t<\/li>\r\n\t\t\t\t\t\t\t\t\t\t\t\t\t\t\t\t\t\t\t\t\t\t\t\t<li>\r\n\t\t\t\t\t\t\t\t\t\t\t\t\t\t\t\t    <strong>Become a Partner<\/strong>\r\n\t\t\t\t\t\t\t\t\t\t\t\t\t\t\t\t\t\t\t\t\t\t\t\t    <a href=\"\/distributors\/\">\r\n\t\t\t\t\t\t\t\t        Expand your business with BAS-IP intercom\t\t\t\t\t\t\t\t    <\/a>\r\n\t\t\t\t\t\t\t\t\t\t\t\t\t\t\t<\/li>\r\n\t\t\t\t\t\t\t\t\t\t\t\t\t\t\t\t\t\t\t\t\t\t\t\t<li>\r\n\t\t\t\t\t\t\t\t\t\t\t\t\t\t\t\t    <strong>Check the Guides<\/strong>\r\n\t\t\t\t\t\t\t\t\t\t\t\t\t\t\t\t\t\t\t\t\t\t\t\t    <a href=\"\/support\/\">\r\n\t\t\t\t\t\t\t\t        Download detailed manuals and schemes\t\t\t\t\t\t\t\t    <\/a>\r\n\t\t\t\t\t\t\t\t\t\t\t\t\t\t\t<\/li>\r\n\t\t\t\t\t\t\t\t\t\t\t\t\t\t\t<\/ul>\r\n\t\t\t\r\n\t\t\t\t\t\t    <h3 class=\"title-block\">Our contacts<\/h3>\r\n\t\t\t\r\n\t\t\t\t\t\t\t<ul class=\"contact-list\">\r\n\t\t\t\t\t\t\t\t\t\t\t\t\t\t\t\t\t\t<li>\r\n\t\t\t\t\t\t\t\t\t\t\t\t\t\t\t\t\t<strong>Sales:<\/strong>\r\n\t\t\t\t\t\t\t\t\t\t\t\t\t\t\t\t\t\t\t\t\t\t\t\t    <a href=\"mailto:&#115;ales&#64;b&#97;&#115;-&#105;&#112;.co&#109;\">s&#97;l&#101;s&#64;&#98;as-ip&#46;&#99;&#111;m<\/a>\r\n\t\t\t\t\t\t\t\t\t\t\t\t\t\t\t<\/li>\r\n\t\t\t\t\t\t\t\t\t\t\t\t\t\t\t\t\t\t\t\t\t\t\t\t<li>\r\n\t\t\t\t\t\t\t\t\t\t\t\t\t\t\t\t\t<strong>Technical support:<\/strong>\r\n\t\t\t\t\t\t\t\t\t\t\t\t\t\t\t\t\t\t\t\t\t\t\t\t    <a href=\"mailto:su&#112;port&#64;&#98;a&#115;&#45;ip.&#99;&#111;&#109;\">&#115;&#117;p&#112;or&#116;&#64;b&#97;s&#45;ip&#46;c&#111;&#109;<\/a>\r\n\t\t\t\t\t\t\t\t\t\t\t\t\t\t\t<\/li>\r\n\t\t\t\t\t\t\t\t\t\t\t\t\t\t\t<\/ul>\r\n\t\t\t\t\t<\/div>\r\n\t<\/section>\r\n\r\n\r\n\r\n<!-- END Block Sign Up -->\n\n\n<p><\/p>","protected":false},"excerpt":{"rendered":"<p>BAS-IP v\u00e0 Hikvision: T\u00edch h\u1ee3p Qu\u1ea3n l\u00fd Truy c\u1eadp Th\u00f4ng minh Gi\u1ea3i ph\u00e1p t\u00edch h\u1ee3p BAS-IP v\u00e0 Hikvision mang \u0111\u1ebfn m\u1ed9t gi\u1ea3i ph\u00e1p hi\u1ec7n \u0111\u1ea1i cho vi\u1ec7c qu\u1ea3n l\u00fd truy c\u1eadp t\u1ef1 \u0111\u1ed9ng th\u00f4ng qua nh\u1eadn d\u1ea1ng bi\u1ec3n s\u1ed1 xe. Hikvision cung c\u1ea5p kh\u1ea3 n\u0103ng s\u1eed d\u1ee5ng bi\u1ec3n s\u1ed1 xe l\u00e0m \u0111\u1ecbnh danh \u0111\u1ec3 t\u1ef1 [&hellip;]<\/p>","protected":false},"author":1,"featured_media":0,"parent":0,"menu_order":0,"comment_status":"closed","ping_status":"closed","template":"page-custom-breadcrumbs.php","meta":{"inline_featured_image":false,"footnotes":""},"class_list":["post-148210","page","type-page","status-publish","hentry"],"acf":[],"_links":{"self":[{"href":"https:\/\/bas-ip.com\/vi\/wp-json\/wp\/v2\/pages\/148210","targetHints":{"allow":["GET"]}}],"collection":[{"href":"https:\/\/bas-ip.com\/vi\/wp-json\/wp\/v2\/pages"}],"about":[{"href":"https:\/\/bas-ip.com\/vi\/wp-json\/wp\/v2\/types\/page"}],"author":[{"embeddable":true,"href":"https:\/\/bas-ip.com\/vi\/wp-json\/wp\/v2\/users\/1"}],"replies":[{"embeddable":true,"href":"https:\/\/bas-ip.com\/vi\/wp-json\/wp\/v2\/comments?post=148210"}],"version-history":[{"count":5,"href":"https:\/\/bas-ip.com\/vi\/wp-json\/wp\/v2\/pages\/148210\/revisions"}],"predecessor-version":[{"id":150447,"href":"https:\/\/bas-ip.com\/vi\/wp-json\/wp\/v2\/pages\/148210\/revisions\/150447"}],"wp:attachment":[{"href":"https:\/\/bas-ip.com\/vi\/wp-json\/wp\/v2\/media?parent=148210"}],"curies":[{"name":"wp","href":"https:\/\/api.w.org\/{rel}","templated":true}]}}