{"id":147977,"date":"2025-02-06T14:14:40","date_gmt":"2025-02-06T14:14:40","guid":{"rendered":"https:\/\/bas-ip.com\/actentry-vanderbilt\/"},"modified":"2025-11-12T14:25:21","modified_gmt":"2025-11-12T14:25:21","slug":"actentry-vanderbilt","status":"publish","type":"page","link":"https:\/\/bas-ip.com\/vi\/actentry-vanderbilt\/","title":{"rendered":"ACTentry (Vanderbilt)"},"content":{"rendered":"<h2 class=\"wp-block-heading\">BAS-IP v\u00e0 ACTentry: \u0110\u1ecbnh Ngh\u0129a L\u1ea1i Ki\u1ec3m So\u00e1t Truy C\u1eadp b\u1eb1ng T\u00edch H\u1ee3p Th\u00f4ng Minh<\/h2>\n\n\n<div class=\"wp-block-image\">\n<figure class=\"aligncenter size-full\"><img loading=\"lazy\" decoding=\"async\" width=\"594\" height=\"321\" src=\"https:\/\/bas-ip.com\/wp-content\/uploads\/2025\/02\/ACTpro.png\" alt=\"\" class=\"wp-image-130372\" srcset=\"https:\/\/bas-ip.com\/wp-content\/uploads\/2025\/02\/ACTpro.png 594w,  https:\/\/bas-ip.com\/wp-content\/uploads\/2025\/02\/ACTpro-300x162.png 300w\" sizes=\"auto, (max-width: 594px) 100vw, 594px\" \/><\/figure>\n<\/div>\n\n<p><b>ACTentry<\/b> chuy\u1ec3n \u0111\u1ed5i ki\u1ec3m so\u00e1t truy c\u1eadp truy\u1ec1n th\u1ed1ng b\u1eb1ng c\u00e1ch thay th\u1ebf \u0111i\u1ec7n tho\u1ea1i v\u00e0o c\u1eeda v\u1eadt l\u00fd b\u1eb1ng m\u1ed9t gi\u1ea3i ph\u00e1p d\u1ef1a tr\u00ean ph\u1ea7n m\u1ec1m. K\u1ebft h\u1ee3p v\u1edbi c\u00e1c b\u1ea3ng \u0111i\u1ec1u khi\u1ec3n li\u00ean l\u1ea1c n\u1ed9i b\u1ed9 BAS-IP, s\u1ef1 t\u00edch h\u1ee3p n\u00e0y mang l\u1ea1i kh\u1ea3 n\u0103ng qu\u1ea3n l\u00fd kh\u00e1ch truy c\u1eadp ti\u00ean ti\u1ebfn, k\u1ebft h\u1ee3p t\u01b0\u01a1ng t\u00e1c video v\u00e0 \u00e2m thanh v\u1edbi ki\u1ec3m so\u00e1t truy c\u1eadp li\u1ec1n m\u1ea1ch tr\u1ef1c ti\u1ebfp th\u00f4ng qua n\u1ec1n t\u1ea3ng <b>ACTpro<\/b>.<\/p>\n<p>C\u00e1c m\u1eabu \u0111\u01b0\u1ee3c h\u1ed7 tr\u1ee3 nh\u01b0 <b>AA-12FB2M<\/b> v\u00e0 <b>AV-03BD<\/b> k\u1ebft n\u1ed1i d\u1ec5 d\u00e0ng v\u1edbi ACTentry, cho ph\u00e9p ng\u01b0\u1eddi v\u1eadn h\u00e0nh gi\u00e1m s\u00e1t vi\u1ec7c v\u00e0o c\u1eeda c\u1ee7a kh\u00e1ch, qu\u1ea3n l\u00fd c\u1eeda ra v\u00e0o v\u00e0 theo d\u00f5i c\u00e1c ho\u1ea1t \u0111\u1ed9ng trong th\u1eddi gian th\u1ef1c. S\u1ef1 ph\u1ed1i h\u1ee3p n\u00e0y t\u0103ng c\u01b0\u1eddng quy tr\u00ecnh l\u00e0m vi\u1ec7c v\u1ec1 b\u1ea3o m\u1eadt v\u00e0 \u0111\u01a1n gi\u1ea3n h\u00f3a ho\u1ea1t \u0111\u1ed9ng cho m\u1ecdi m\u00f4i tr\u01b0\u1eddng hi\u1ec7n \u0111\u1ea1i.<\/p>\n<h4 dir=\"auto\"><span class=\"heading-content\">T\u1ea1i Sao N\u00ean Ch\u1ecdn T\u00edch H\u1ee3p N\u00e0y?<\/span><\/h4>\n<ul>\n<li dir=\"auto\"><b>X\u1eed l\u00fd Kh\u00e1ch Truy c\u1eadp \u0110\u01a1n gi\u1ea3n h\u00f3a:<\/b> V\u1eadn h\u00e0nh c\u1eeda v\u00e0 giao ti\u1ebfp v\u1edbi kh\u00e1ch b\u1eb1ng video v\u00e0 \u00e2m thanh tr\u1ef1c ti\u1ebfp t\u1eeb PC c\u1ee7a b\u1ea1n.<\/li>\n<li dir=\"auto\"><b>Ki\u1ec3m so\u00e1t Hi\u1ec7u qu\u1ea3:<\/b> Qu\u1ea3n l\u00fd t\u1eadp trung c\u00e1c thi\u1ebft b\u1ecb li\u00ean l\u1ea1c n\u1ed9i b\u1ed9 v\u00e0 c\u00e1c \u0111i\u1ec3m truy c\u1eadp trong giao di\u1ec7n ACTentry.<\/li>\n<li dir=\"auto\"><b>C\u1ea5u h\u00ecnh Th\u00f4ng minh:<\/b> T\u00f9y ch\u1ec9nh c\u00e0i \u0111\u1eb7t li\u00ean l\u1ea1c n\u1ed9i b\u1ed9 v\u1edbi th\u00f4ng tin x\u00e1c th\u1ef1c truy c\u1eadp an to\u00e0n, gi\u00e1m s\u00e1t tr\u1ef1c ti\u1ebfp v\u00e0 c\u00e1c t\u00f9y ch\u1ecdn ng\u01b0\u1eddi d\u00f9ng linh ho\u1ea1t.<\/li>\n<li dir=\"auto\"><b>Qu\u1ea3n l\u00fd Ti\u1ebft ki\u1ec7m Chi ph\u00ed:<\/b> Gi\u1ea3m s\u1ef1 ph\u1ee5 thu\u1ed9c v\u00e0o ph\u1ea7n c\u1ee9ng b\u1eb1ng c\u00e1ch t\u1eadn d\u1ee5ng ph\u1ea7n m\u1ec1m cho c\u00e1c ho\u1ea1t \u0111\u1ed9ng ra v\u00e0o c\u1eeda.<\/li>\n<li dir=\"auto\"><b>Kh\u1ea3 n\u0103ng T\u01b0\u01a1ng th\u00edch Li\u1ec1n m\u1ea1ch:<\/b> \u0110\u01b0\u1ee3c thi\u1ebft k\u1ebf \u0111\u1ec3 ho\u1ea1t \u0111\u1ed9ng tr\u01a1n tru v\u1edbi ACTpro v\u00e0 c\u00f4ng ngh\u1ec7 li\u00ean l\u1ea1c n\u1ed9i b\u1ed9 ti\u00ean ti\u1ebfn c\u1ee7a BAS-IP.<\/li>\n<\/ul>\n<h4 dir=\"auto\"><span class=\"heading-content\">\u0110i\u1ec3m N\u1ed5i B\u1eadt c\u1ee7a T\u00edch H\u1ee3p<\/span><\/h4>\n<p dir=\"auto\">S\u1ef1 h\u1ee3p t\u00e1c gi\u1eefa BAS-IP v\u00e0 ACTentry gi\u1edbi thi\u1ec7u:<\/p>\n<ul>\n<li dir=\"auto\">Giao ti\u1ebfp an to\u00e0n v\u00e0 tr\u1ef1c quan d\u1ef1a tr\u00ean <b>SIP<\/b> gi\u1eefa c\u00e1c thi\u1ebft b\u1ecb li\u00ean l\u1ea1c n\u1ed9i b\u1ed9 v\u00e0 ph\u1ea7n m\u1ec1m ACTentry.<\/li>\n<li dir=\"auto\">\u0110\u1ed3ng b\u1ed9 h\u00f3a gi\u1ea5y ph\u00e9p t\u1eadp trung v\u00e0 thi\u1ebft l\u1eadp d\u1ec5 d\u00e0ng th\u00f4ng qua m\u00e1y ch\u1ee7 ACTentry.<\/li>\n<li dir=\"auto\">C\u00e1c quy\u1ec1n truy c\u1eadp c\u00f3 th\u1ec3 \u0111\u1ecbnh c\u1ea5u h\u00ecnh v\u00e0 gi\u00e1m s\u00e1t tr\u1ef1c ti\u1ebfp \u0111\u01b0\u1ee3c \u0111i\u1ec1u ch\u1ec9nh theo nhu c\u1ea7u ng\u01b0\u1eddi d\u00f9ng linh ho\u1ea1t.<\/li>\n<li dir=\"auto\">Giao di\u1ec7n \u0111a ng\u00f4n ng\u1eef v\u00e0 qu\u1ea3n l\u00fd m\u1eadt kh\u1ea9u m\u1ea1nh m\u1ebd cho kh\u1ea3 n\u0103ng s\u1eed d\u1ee5ng to\u00e0n c\u1ea7u.<\/li>\n<\/ul>\n<p>Gi\u1ea3i ph\u00e1p n\u00e0y \u0111\u01b0\u1ee3c thi\u1ebft k\u1ebf ri\u00eang cho c\u00e1c c\u01a1 s\u1edf \u01b0u ti\u00ean qu\u1ea3n l\u00fd truy c\u1eadp \u0111\u01b0\u1ee3c s\u1eafp x\u1ebfp h\u1ee3p l\u00fd, cung c\u1ea5p m\u1ed9t gi\u1ea3i ph\u00e1p thay th\u1ebf linh ho\u1ea1t v\u00e0 \u0111\u00e1ng tin c\u1eady cho c\u00e1c h\u1ec7 th\u1ed1ng l\u1ed7i th\u1eddi d\u1ef1a tr\u00ean ph\u1ea7n c\u1ee9ng. B\u1eb1ng c\u00e1ch k\u1ebft h\u1ee3p chuy\u00ean m\u00f4n v\u1ec1 li\u00ean l\u1ea1c n\u1ed9i b\u1ed9 c\u1ee7a BAS-IP v\u1edbi c\u00f4ng ngh\u1ec7 th\u00f4ng minh c\u1ee7a ACTentry, ng\u01b0\u1eddi v\u1eadn h\u00e0nh c\u00f3 \u0111\u01b0\u1ee3c m\u1ed9t c\u00f4ng c\u1ee5 thi\u1ebft th\u1ef1c, c\u00f3 th\u1ec3 m\u1edf r\u1ed9ng \u0111\u1ec3 b\u1ea3o m\u1eadt v\u00e0 ti\u1ec7n l\u1ee3i h\u00e0ng ng\u00e0y.<\/p>\n<p>\u0110\u1ec3 bi\u1ebft h\u01b0\u1edbng d\u1eabn chi ti\u1ebft v\u1ec1 c\u00e0i \u0111\u1eb7t v\u00e0 c\u1ea5u h\u00ecnh, vui l\u00f2ng tham kh\u1ea3o S\u1ed5 tay <a href=\"https:\/\/basip.atlassian.net\/wiki\/spaces\/Integrations\/pages\/250019867\/Integration+with+ACRE+Vanderbilt\" target=\"_blank\" rel=\"noopener\">Wiki<\/a> c\u1ee7a ch\u00fang t\u00f4i.<\/p>\n\n<!-- START Block Sign Up --><section id=\"block_629678229e935\" class=\"sign-up-section\">\r\n\r\n    <div class=\"form-holder js-form\" data-aos=\"fade-right\">\r\n                    <div class=\"title-block h3\">Sign up for connection<\/div>\r\n        \r\n                    <div class=\"text-block\">\r\n                Filling out all the information needed to answer you as quickly as possible            <\/div>\r\n        \r\n                    \n<div class=\"wpcf7 no-js\" id=\"wpcf7-f102-o1\" lang=\"en-US\" dir=\"ltr\">\n<div class=\"screen-reader-response\"><p role=\"status\" aria-live=\"polite\" aria-atomic=\"true\"><\/p> <ul><\/ul><\/div>\n<form action=\"\/vi\/wp-json\/wp\/v2\/pages\/147977#wpcf7-f102-o1\" method=\"post\" class=\"wpcf7-form init\" aria-label=\"Contact form\" enctype=\"multipart\/form-data\" novalidate=\"novalidate\" data-status=\"init\">\n<div style=\"display: none;\">\n<input type=\"hidden\" name=\"_wpcf7\" value=\"102\" \/>\n<input type=\"hidden\" name=\"_wpcf7_version\" value=\"5.8.3\" \/>\n<input type=\"hidden\" name=\"_wpcf7_locale\" value=\"en_US\" \/>\n<input type=\"hidden\" name=\"_wpcf7_unit_tag\" value=\"wpcf7-f102-o1\" \/>\n<input type=\"hidden\" name=\"_wpcf7_container_post\" value=\"0\" \/>\n<input type=\"hidden\" name=\"_wpcf7_posted_data_hash\" value=\"\" \/>\n<input type=\"hidden\" name=\"_wpcf7_recaptcha_response\" value=\"\" \/>\n<\/div>\n<div class=\"row\"> \n <label><span class=\"label-text\">Name<\/span> \n  <span class=\"wpcf7-form-control-wrap\" data-name=\"text-full-name\"><input size=\"40\" class=\"wpcf7-form-control wpcf7-text wpcf7-validates-as-required\" aria-required=\"true\" aria-invalid=\"false\" placeholder=\"Name\" value=\"\" type=\"text\" name=\"text-full-name\" \/><\/span><\/label> \n<\/div> \n<div class=\"row\"> \n <label><span class=\"label-text\">Phone*<\/span> \n<span class=\"wpcf7-form-control-wrap\" data-name=\"phonetext-270\"><input size=\"40\" class=\"wpcf7-form-control wpcf7-phonetext wpcf7-validates-as-required wpcf7-text wpcf7-validates-as-phonetext\" aria-required=\"true\" aria-invalid=\"false\" placeholder=\"Phone*\" value=\"\" type=\"text\" name=\"phonetext-270\" \/><input type=\"hidden\" name=\"phonetext-270-country-code\" class=\"wpcf7-phonetext-country-code\" \/><\/span><\/label> \n<\/div> \n<div class=\"row\"> \n <label><span class=\"label-text\">E-mail<\/span> \n  <span class=\"wpcf7-form-control-wrap\" data-name=\"email-e-mail\"><input size=\"40\" class=\"wpcf7-form-control wpcf7-email wpcf7-validates-as-required wpcf7-text wpcf7-validates-as-email\" aria-required=\"true\" aria-invalid=\"false\" placeholder=\"E-mail\" value=\"\" type=\"email\" name=\"email-e-mail\" \/><\/span><\/label> \n<\/div> \n<div class=\"row\"><span>Your country<\/span> \n <label><span class=\"wpcf7-form-control-wrap\" data-name=\"countrytext-126\"><input size=\"40\" class=\"wpcf7-form-control wpcf7-countrytext wpcf7-text wpcf7-validates-as-countrytext\" aria-invalid=\"false\" value=\"\" type=\"text\" name=\"countrytext-126\" \/><\/span> <\/label>\n<\/div> \n<div class=\"row\"> \n <button type=\"submit\" class=\"btn\">Send<\/button> \n<\/div> \n<div class=\"row\"> \n <span class=\"wpcf7-form-control-wrap\" data-name=\"checkbox-931\"><span class=\"wpcf7-form-control wpcf7-checkbox\"><span class=\"wpcf7-list-item first\"><label><input type=\"checkbox\" name=\"checkbox-931[]\" value=\"Integrator\" \/><span class=\"wpcf7-list-item-label\">Integrator<\/span><\/label><\/span><span class=\"wpcf7-list-item\"><label><input type=\"checkbox\" name=\"checkbox-931[]\" value=\"Builder\" \/><span class=\"wpcf7-list-item-label\">Builder<\/span><\/label><\/span><span class=\"wpcf7-list-item last\"><label><input type=\"checkbox\" name=\"checkbox-931[]\" value=\"End-User\" \/><span class=\"wpcf7-list-item-label\">End-User<\/span><\/label><\/span><\/span><\/span> \n<\/div> \n<div class=\"row row-upload-file\"> \n <label class=\"upload-file-block js-upload-file\">Attach file \n  <span class=\"wpcf7-form-control-wrap\" data-name=\"file-466\"><input size=\"40\" class=\"wpcf7-form-control wpcf7-file\" accept=\"audio\/*,video\/*,image\/*\" aria-invalid=\"false\" type=\"file\" name=\"file-466\" \/><\/span><\/label> \n<\/div><input type='hidden' class='wpcf7-pum' value='{\"closepopup\":false,\"closedelay\":0,\"openpopup\":false,\"openpopup_id\":0}' \/><div class=\"wpcf7-response-output\" aria-hidden=\"true\"><\/div>\n<\/form>\n<\/div>\n            <\/div>\r\n\r\n\t\t    <div class=\"text-holder\" data-aos=\"fade-left\">\r\n\t\t\t\t\t\t    <h3 class=\"title-block\">How Can We Help?<\/h3>\r\n\t\t\t\r\n\t\t\t                <div class=\"text-block\">\r\n                    Please select a topic below related to your inquiry. If you don&#8217;t find what you need, fill out our contact form.                <\/div>\r\n\t\t\t\r\n\t\t\t\t\t\t    <ul class=\"link-list\">\r\n\t\t\t\t\t\t\t\t\t\t\t\t\t\t\t\t\t\t<li>\r\n\t\t\t\t\t\t\t\t\t\t\t\t\t\t\t\t    <strong>Get Inspired<\/strong>\r\n\t\t\t\t\t\t\t\t\t\t\t\t\t\t\t\t\t\t\t\t\t\t\t\t    <a href=\"\/features\/\">\r\n\t\t\t\t\t\t\t\t        Discover what&#8217;s beneath our intercom\t\t\t\t\t\t\t\t    <\/a>\r\n\t\t\t\t\t\t\t\t\t\t\t\t\t\t\t<\/li>\r\n\t\t\t\t\t\t\t\t\t\t\t\t\t\t\t\t\t\t\t\t\t\t\t\t<li>\r\n\t\t\t\t\t\t\t\t\t\t\t\t\t\t\t\t    <strong>Become a Partner<\/strong>\r\n\t\t\t\t\t\t\t\t\t\t\t\t\t\t\t\t\t\t\t\t\t\t\t\t    <a href=\"\/distributors\/\">\r\n\t\t\t\t\t\t\t\t        Expand your business with BAS-IP intercom\t\t\t\t\t\t\t\t    <\/a>\r\n\t\t\t\t\t\t\t\t\t\t\t\t\t\t\t<\/li>\r\n\t\t\t\t\t\t\t\t\t\t\t\t\t\t\t\t\t\t\t\t\t\t\t\t<li>\r\n\t\t\t\t\t\t\t\t\t\t\t\t\t\t\t\t    <strong>Check the Guides<\/strong>\r\n\t\t\t\t\t\t\t\t\t\t\t\t\t\t\t\t\t\t\t\t\t\t\t\t    <a href=\"\/support\/\">\r\n\t\t\t\t\t\t\t\t        Download detailed manuals and schemes\t\t\t\t\t\t\t\t    <\/a>\r\n\t\t\t\t\t\t\t\t\t\t\t\t\t\t\t<\/li>\r\n\t\t\t\t\t\t\t\t\t\t\t\t\t\t\t<\/ul>\r\n\t\t\t\r\n\t\t\t\t\t\t    <h3 class=\"title-block\">Our contacts<\/h3>\r\n\t\t\t\r\n\t\t\t\t\t\t\t<ul class=\"contact-list\">\r\n\t\t\t\t\t\t\t\t\t\t\t\t\t\t\t\t\t\t<li>\r\n\t\t\t\t\t\t\t\t\t\t\t\t\t\t\t\t\t<strong>Sales:<\/strong>\r\n\t\t\t\t\t\t\t\t\t\t\t\t\t\t\t\t\t\t\t\t\t\t\t\t    <a href=\"mailto:sa&#108;es&#64;&#98;a&#115;&#45;ip&#46;c&#111;m\">&#115;&#97;&#108;&#101;s&#64;bas-&#105;p.&#99;om<\/a>\r\n\t\t\t\t\t\t\t\t\t\t\t\t\t\t\t<\/li>\r\n\t\t\t\t\t\t\t\t\t\t\t\t\t\t\t\t\t\t\t\t\t\t\t\t<li>\r\n\t\t\t\t\t\t\t\t\t\t\t\t\t\t\t\t\t<strong>Technical support:<\/strong>\r\n\t\t\t\t\t\t\t\t\t\t\t\t\t\t\t\t\t\t\t\t\t\t\t\t    <a href=\"mailto:s&#117;&#112;p&#111;r&#116;&#64;&#98;&#97;s-i&#112;.co&#109;\">s&#117;ppo&#114;&#116;&#64;&#98;&#97;&#115;&#45;ip.com<\/a>\r\n\t\t\t\t\t\t\t\t\t\t\t\t\t\t\t<\/li>\r\n\t\t\t\t\t\t\t\t\t\t\t\t\t\t\t<\/ul>\r\n\t\t\t\t\t<\/div>\r\n\t<\/section>\r\n\r\n\r\n\r\n<!-- END Block Sign Up -->","protected":false},"excerpt":{"rendered":"<p>BAS-IP v\u00e0 ACTentry: \u0110\u1ecbnh Ngh\u0129a L\u1ea1i Ki\u1ec3m So\u00e1t Truy C\u1eadp b\u1eb1ng T\u00edch H\u1ee3p Th\u00f4ng Minh ACTentry chuy\u1ec3n \u0111\u1ed5i ki\u1ec3m so\u00e1t truy c\u1eadp truy\u1ec1n th\u1ed1ng b\u1eb1ng c\u00e1ch thay th\u1ebf \u0111i\u1ec7n tho\u1ea1i v\u00e0o c\u1eeda v\u1eadt l\u00fd b\u1eb1ng m\u1ed9t gi\u1ea3i ph\u00e1p d\u1ef1a tr\u00ean ph\u1ea7n m\u1ec1m. K\u1ebft h\u1ee3p v\u1edbi c\u00e1c b\u1ea3ng \u0111i\u1ec1u khi\u1ec3n li\u00ean l\u1ea1c n\u1ed9i b\u1ed9 BAS-IP, s\u1ef1 [&hellip;]<\/p>","protected":false},"author":1,"featured_media":0,"parent":0,"menu_order":0,"comment_status":"closed","ping_status":"closed","template":"page-custom-breadcrumbs.php","meta":{"inline_featured_image":false,"footnotes":""},"class_list":["post-147977","page","type-page","status-publish","hentry"],"acf":[],"_links":{"self":[{"href":"https:\/\/bas-ip.com\/vi\/wp-json\/wp\/v2\/pages\/147977","targetHints":{"allow":["GET"]}}],"collection":[{"href":"https:\/\/bas-ip.com\/vi\/wp-json\/wp\/v2\/pages"}],"about":[{"href":"https:\/\/bas-ip.com\/vi\/wp-json\/wp\/v2\/types\/page"}],"author":[{"embeddable":true,"href":"https:\/\/bas-ip.com\/vi\/wp-json\/wp\/v2\/users\/1"}],"replies":[{"embeddable":true,"href":"https:\/\/bas-ip.com\/vi\/wp-json\/wp\/v2\/comments?post=147977"}],"version-history":[{"count":2,"href":"https:\/\/bas-ip.com\/vi\/wp-json\/wp\/v2\/pages\/147977\/revisions"}],"predecessor-version":[{"id":148150,"href":"https:\/\/bas-ip.com\/vi\/wp-json\/wp\/v2\/pages\/147977\/revisions\/148150"}],"wp:attachment":[{"href":"https:\/\/bas-ip.com\/vi\/wp-json\/wp\/v2\/media?parent=147977"}],"curies":[{"name":"wp","href":"https:\/\/api.w.org\/{rel}","templated":true}]}}