{"id":146617,"date":"2025-09-24T07:37:21","date_gmt":"2025-09-24T07:37:21","guid":{"rendered":"https:\/\/bas-ip.com\/memo-on-personal-data-processing-compliance\/"},"modified":"2025-10-24T11:03:30","modified_gmt":"2025-10-24T11:03:30","slug":"memo-on-personal-data-processing-compliance","status":"publish","type":"page","link":"https:\/\/bas-ip.com\/vi\/memo-on-personal-data-processing-compliance\/","title":{"rendered":"B\u1ea2N GHI NH\u1eda V\u1ec0 TU\u00c2N TH\u1ee6 X\u1eec L\u00dd D\u1eee LI\u1ec6U C\u00c1 NH\u00c2N"},"content":{"rendered":"<p style=\"text-align: right;\"><em>Ch\u00fang t\u00f4i cam k\u1ebft th\u1ef1c hi\u1ec7n c\u00e1c <b>th\u1ef1c h\u00e0nh b\u1ea3o v\u1ec7 d\u1eef li\u1ec7u m\u1ea1nh m\u1ebd v\u00e0 \u0111\u1ed5i m\u1edbi<\/b>, \u0111\u1ec3 m\u1ecdi kh\u00e1ch h\u00e0ng c\u00f3 th\u1ec3 tin t\u01b0\u1edfng r\u1eb1ng <b>d\u1eef li\u1ec7u c\u00e1 nh\u00e2n<\/b> c\u1ee7a h\u1ecd \u0111\u01b0\u1ee3c x\u1eed l\u00fd m\u1ed9t c\u00e1ch an to\u00e0n v\u00e0 b\u1ea3o m\u1eadt.<\/em><\/p>\n<p><b>BAS-IP DISTRIBUTION LTD<\/b> (<b>C\u00f4ng ty<\/b> ho\u1eb7c <b>BAS-IP<\/b>) \u0111\u00e3 chu\u1ea9n b\u1ecb b\u1ea3n ghi nh\u1edb n\u00e0y cho kh\u00e1ch h\u00e0ng c\u1ee7a ch\u00fang t\u00f4i v\u1ec1 vi\u1ec7c tu\u00e2n th\u1ee7 c\u00e1c quy \u0111\u1ecbnh ph\u00e1p lu\u1eadt hi\u1ec7n h\u00e0nh v\u1ec1 b\u1ea3o v\u1ec7 d\u1eef li\u1ec7u, bao g\u1ed3m <b>Quy \u0111\u1ecbnh chung v\u1ec1 b\u1ea3o v\u1ec7 d\u1eef li\u1ec7u c\u1ee7a V\u01b0\u01a1ng qu\u1ed1c Anh (UK GDPR)<\/b> v\u00e0 <b>Quy \u0111\u1ecbnh chung v\u1ec1 b\u1ea3o v\u1ec7 d\u1eef li\u1ec7u c\u1ee7a EU (GDPR)<\/b>. D\u01b0\u1edbi \u0111\u00e2y, ch\u00fang t\u00f4i s\u1ebd gi\u00fap qu\u00fd v\u1ecb n\u1eafm r\u00f5 c\u00e1c ho\u1ea1t \u0111\u1ed9ng c\u1ee7a ch\u00fang t\u00f4i li\u00ean quan \u0111\u1ebfn vi\u1ec7c tu\u00e2n th\u1ee7 c\u00e1c y\u00eau c\u1ea7u b\u1ea3o v\u1ec7 d\u1eef li\u1ec7u c\u00e1 nh\u00e2n.<\/p>\n<h1><strong>\u0110\u1ecaNH NGH\u0128A<\/strong><\/h1>\n<ul>\n<li><b>\u201cUK GDPR\u201d<\/b> (Quy \u0111\u1ecbnh chung v\u1ec1 b\u1ea3o v\u1ec7 d\u1eef li\u1ec7u c\u1ee7a V\u01b0\u01a1ng qu\u1ed1c Anh) l\u00e0 Quy \u0111\u1ecbnh chung v\u1ec1 b\u1ea3o v\u1ec7 d\u1eef li\u1ec7u c\u1ee7a V\u01b0\u01a1ng qu\u1ed1c Anh, \u0111\u01b0\u1ee3c h\u1ee3p nh\u1ea5t v\u00e0o lu\u1eadt ph\u00e1p V\u01b0\u01a1ng qu\u1ed1c Anh theo \u0110\u1ea1o lu\u1eadt B\u1ea3o v\u1ec7 D\u1eef li\u1ec7u n\u0103m 2018 (<i>Data Protection Act 2018<\/i>), c\u00f9ng v\u1edbi c\u00e1c quy \u0111\u1ecbnh ph\u00e1p lu\u1eadt hi\u1ec7n h\u00e0nh kh\u00e1c c\u1ee7a V\u01b0\u01a1ng qu\u1ed1c Anh v\u1ec1 b\u1ea3o v\u1ec7 d\u1eef li\u1ec7u v\u00e0 quy\u1ec1n ri\u00eang t\u01b0.<\/li>\n<li><b>\u201cGDPR\u201d<\/b> (Quy \u0111\u1ecbnh chung v\u1ec1 b\u1ea3o v\u1ec7 d\u1eef li\u1ec7u c\u1ee7a EU) l\u00e0 Quy \u0111\u1ecbnh chung v\u1ec1 b\u1ea3o v\u1ec7 d\u1eef li\u1ec7u (Quy \u0111\u1ecbnh (EU) 2016\/679) v\u00e0 b\u1ea5t k\u1ef3 quy \u0111\u1ecbnh ph\u00e1p lu\u1eadt li\u00ean quan n\u00e0o v\u1ec1 b\u1ea3o v\u1ec7 d\u1eef li\u1ec7u v\u00e0 quy\u1ec1n ri\u00eang t\u01b0 \u00e1p d\u1ee5ng trong Li\u00ean minh Ch\u00e2u \u00c2u v\u00e0 Khu v\u1ef1c Kinh t\u1ebf Ch\u00e2u \u00c2u.<\/li>\n<li><b>D\u1eef li\u1ec7u c\u00e1 nh\u00e2n<\/b> (Personal data) l\u00e0 b\u1ea5t k\u1ef3 th\u00f4ng tin n\u00e0o li\u00ean quan \u0111\u1ebfn m\u1ed9t <b>c\u00e1 nh\u00e2n t\u1ef1 nhi\u00ean \u0111\u01b0\u1ee3c x\u00e1c \u0111\u1ecbnh ho\u1eb7c c\u00f3 th\u1ec3 x\u00e1c \u0111\u1ecbnh \u0111\u01b0\u1ee3c<\/b>.<\/li>\n<li><b>Ch\u1ee7 th\u1ec3 d\u1eef li\u1ec7u<\/b> (Data subject) l\u00e0 m\u1ed9t c\u00e1 nh\u00e2n t\u1ef1 nhi\u00ean c\u00f3 th\u1ec3 x\u00e1c \u0111\u1ecbnh \u0111\u01b0\u1ee3c, ng\u01b0\u1eddi c\u00f3 th\u1ec3 \u0111\u01b0\u1ee3c nh\u1eadn d\u1ea1ng, tr\u1ef1c ti\u1ebfp ho\u1eb7c gi\u00e1n ti\u1ebfp.<\/li>\n<li><b>B\u00ean ki\u1ec3m so\u00e1t<\/b> (Controller) l\u00e0 c\u00e1 nh\u00e2n ho\u1eb7c ph\u00e1p nh\u00e2n, c\u01a1 quan c\u00f4ng quy\u1ec1n, t\u1ed5 ch\u1ee9c ho\u1eb7c c\u01a1 quan kh\u00e1c m\u00e0 <b>m\u1ed9t m\u00ecnh ho\u1eb7c c\u00f9ng v\u1edbi nh\u1eefng ng\u01b0\u1eddi kh\u00e1c, x\u00e1c \u0111\u1ecbnh m\u1ee5c \u0111\u00edch v\u00e0 ph\u01b0\u01a1ng ti\u1ec7n x\u1eed l\u00fd<\/b> d\u1eef li\u1ec7u c\u00e1 nh\u00e2n.<\/li>\n<li><b>B\u00ean x\u1eed l\u00fd<\/b> (Processor) l\u00e0 c\u00e1 nh\u00e2n ho\u1eb7c ph\u00e1p nh\u00e2n, c\u01a1 quan c\u00f4ng quy\u1ec1n, t\u1ed5 ch\u1ee9c ho\u1eb7c c\u01a1 quan kh\u00e1c <b>x\u1eed l\u00fd d\u1eef li\u1ec7u c\u00e1 nh\u00e2n thay m\u1eb7t cho b\u00ean ki\u1ec3m so\u00e1t<\/b>.<\/li>\n<li><b>B\u00ean x\u1eed l\u00fd ph\u1ee5<\/b> (Subprocessor) l\u00e0 c\u00e1 nh\u00e2n ho\u1eb7c ph\u00e1p nh\u00e2n, \u0111\u01b0\u1ee3c b\u00ean x\u1eed l\u00fd thu\u00ea \u0111\u1ec3 th\u1ef1c hi\u1ec7n <b>x\u1eed l\u00fd d\u1eef li\u1ec7u c\u00e1 nh\u00e2n thay m\u1eb7t cho b\u00ean ki\u1ec3m so\u00e1t<\/b>.<\/li>\n<li><b>X\u1eed l\u00fd<\/b> (Processing) l\u00e0 b\u1ea5t k\u1ef3 ho\u1ea1t \u0111\u1ed9ng ho\u1eb7c t\u1eadp h\u1ee3p c\u00e1c ho\u1ea1t \u0111\u1ed9ng n\u00e0o \u0111\u01b0\u1ee3c th\u1ef1c hi\u1ec7n tr\u00ean d\u1eef li\u1ec7u c\u00e1 nh\u00e2n ho\u1eb7c tr\u00ean c\u00e1c t\u1eadp h\u1ee3p d\u1eef li\u1ec7u c\u00e1 nh\u00e2n, cho d\u00f9 b\u1eb1ng ph\u01b0\u01a1ng ti\u1ec7n t\u1ef1 \u0111\u1ed9ng hay kh\u00f4ng, ch\u1eb3ng h\u1ea1n nh\u01b0 <b>thu th\u1eadp, ghi ch\u00e9p, t\u1ed5 ch\u1ee9c, c\u1ea5u tr\u00fac, l\u01b0u tr\u1eef, \u0111i\u1ec1u ch\u1ec9nh ho\u1eb7c thay \u0111\u1ed5i, truy xu\u1ea5t, tham kh\u1ea3o, s\u1eed d\u1ee5ng, ti\u1ebft l\u1ed9 b\u1eb1ng c\u00e1ch truy\u1ec1n, ph\u1ed5 bi\u1ebfn ho\u1eb7c cung c\u1ea5p b\u1eb1ng c\u00e1ch kh\u00e1c, s\u1eafp x\u1ebfp ho\u1eb7c k\u1ebft h\u1ee3p, h\u1ea1n ch\u1ebf, x\u00f3a ho\u1eb7c h\u1ee7y<\/b>.<\/li>\n<\/ul>\n<h1><strong>V\u1ec0 BAS-IP<\/strong><\/h1>\n<p>BAS-IP ph\u00e1t tri\u1ec3n v\u00e0 s\u1ea3n xu\u1ea5t <b>h\u1ec7 th\u1ed1ng li\u00ean l\u1ea1c n\u1ed9i b\u1ed9 IP, h\u1ec7 th\u1ed1ng ki\u1ec3m so\u00e1t truy c\u1eadp v\u00e0 h\u1ec7 th\u1ed1ng truy\u1ec1n th\u00f4ng<\/b>, v\u00e0 l\u00e0 m\u1ed9t c\u00f4ng ty h\u00e0ng \u0111\u1ea7u trong l\u0129nh v\u1ef1c n\u00e0y. Qu\u00fd v\u1ecb c\u00f3 th\u1ec3 t\u00ecm th\u00eam th\u00f4ng tin v\u1ec1 c\u00e1c ho\u1ea1t \u0111\u1ed9ng c\u1ee7a ch\u00fang t\u00f4i tr\u00ean trang web: <a class=\"ng-star-inserted\" href=\"https:\/\/bas-ip.com\/\" target=\"_blank\" rel=\"noopener\" data-hveid=\"0\" data-ved=\"0CAAQ_4QMahgKEwj914HPw7yQAxUAAAAAHQAAAAAQ3QE\">https:\/\/bas-ip.com\/<\/a>.<\/p>\n<p>Trong qu\u00e1 tr\u00ecnh ho\u1ea1t \u0111\u1ed9ng, <b>C\u00f4ng ty<\/b> c\u00f3 th\u1ec3 thu th\u1eadp, truy c\u1eadp ho\u1eb7c x\u1eed l\u00fd d\u1eef li\u1ec7u c\u00e1 nh\u00e2n li\u00ean quan \u0111\u1ebfn nhi\u1ec1u lo\u1ea1i ch\u1ee7 th\u1ec3 d\u1eef li\u1ec7u kh\u00e1c nhau: <b>kh\u00e1ch h\u00e0ng v\u00e0 ng\u01b0\u1eddi d\u00f9ng, nh\u00e2n vi\u00ean, nh\u00e0 th\u1ea7u v\u00e0 c\u00e1c ch\u1ee7 th\u1ec3 d\u1eef li\u1ec7u kh\u00e1c<\/b>. Trong qu\u00e1 tr\u00ecnh x\u1eed l\u00fd \u0111\u00f3, C\u00f4ng ty cam k\u1ebft th\u1ef1c hi\u1ec7n m\u1ecdi bi\u1ec7n ph\u00e1p c\u1ea7n thi\u1ebft v\u00e0 tu\u00e2n th\u1ee7 c\u00e1c ch\u00ednh s\u00e1ch, quy tr\u00ecnh v\u00e0 t\u00e0i li\u1ec7u li\u00ean quan kh\u00e1c v\u1ec1 b\u1ea3o v\u1ec7 d\u1eef li\u1ec7u c\u00e1 nh\u00e2n \u0111\u1ec3 x\u1eed l\u00fd d\u1eef li\u1ec7u c\u00e1 nh\u00e2n ph\u00f9 h\u1ee3p v\u1edbi lu\u1eadt ph\u00e1p hi\u1ec7n h\u00e0nh v\u00e0 c\u00e1c th\u00f4ng l\u1ec7 t\u1ed1t nh\u1ea5t.<\/p>\n<h2><strong>C\u00e1c vai tr\u00f2 trong qu\u00e1 tr\u00ecnh x\u1eed l\u00fd d\u1eef li\u1ec7u c\u00e1 nh\u00e2n<\/strong><\/h2>\n<p>BAS-IP c\u00f3 th\u1ec3 c\u00f3 c\u00e1c vai tr\u00f2 kh\u00e1c nhau theo UK GDPR v\u00e0 GDPR:<\/p>\n<ul>\n<li>V\u1edbi vai tr\u00f2 l\u00e0 <b>b\u00ean ki\u1ec3m so\u00e1t<\/b>, C\u00f4ng ty x\u00e1c \u0111\u1ecbnh m\u1ee5c \u0111\u00edch v\u00e0 ph\u01b0\u01a1ng ti\u1ec7n x\u1eed l\u00fd d\u1eef li\u1ec7u c\u00e1 nh\u00e2n trong khi, ch\u1eb3ng h\u1ea1n, giao ti\u1ebfp v\u1edbi kh\u00e1ch h\u00e0ng v\u00e0 kh\u00e1ch truy c\u1eadp trang web, c\u00e1c ho\u1ea1t \u0111\u1ed9ng ti\u1ebfp th\u1ecb li\u00ean quan \u0111\u1ebfn x\u1eed l\u00fd d\u1eef li\u1ec7u c\u00e1 nh\u00e2n, v.v.<\/li>\n<li>V\u1edbi vai tr\u00f2 l\u00e0 <b>b\u00ean x\u1eed l\u00fd<\/b>, C\u00f4ng ty c\u00f3 th\u1ec3 x\u1eed l\u00fd d\u1eef li\u1ec7u c\u00e1 nh\u00e2n theo h\u01b0\u1edbng d\u1eabn t\u1eeb kh\u00e1ch h\u00e0ng c\u1ee7a ch\u00fang t\u00f4i, ho\u1ea1t \u0111\u1ed9ng nh\u01b0 m\u1ed9t b\u00ean ki\u1ec3m so\u00e1t ho\u1eb7c thay m\u1eb7t cho b\u00ean ki\u1ec3m so\u00e1t t\u01b0\u01a1ng \u1ee9ng.<\/li>\n<li>Khi x\u1eed l\u00fd d\u1eef li\u1ec7u c\u00e1 nh\u00e2n v\u1edbi vai tr\u00f2 l\u00e0 b\u00ean x\u1eed l\u00fd, ch\u00fang t\u00f4i c\u00f3 th\u1ec3 thu\u00ea c\u00e1c nh\u00e0 cung c\u1ea5p d\u1ecbch v\u1ee5 b\u00ean th\u1ee9 ba, nh\u1eefng ng\u01b0\u1eddi s\u1ebd \u0111\u00f3ng vai tr\u00f2 l\u00e0 <b>b\u00ean x\u1eed l\u00fd ph\u1ee5<\/b>.<\/li>\n<\/ul>\n<table width=\"681\">\n<tbody>\n<tr>\n<td width=\"681\"><em>Khi x\u1eed l\u00fd d\u1eef li\u1ec7u c\u00e1 nh\u00e2n trong qu\u00e1 tr\u00ecnh cung c\u1ea5p d\u1ecbch v\u1ee5 cho kh\u00e1ch h\u00e0ng c\u1ee7a m\u00ecnh, C\u00f4ng ty ho\u1ea1t \u0111\u1ed9ng nh\u01b0 m\u1ed9t <b>b\u00ean x\u1eed l\u00fd<\/b> v\u00e0 tu\u00e2n th\u1ee7 c\u00e1c y\u00eau c\u1ea7u \u00e1p d\u1ee5ng c\u1ee7a UK GDPR v\u00e0 GDPR, c\u0169ng nh\u01b0 c\u00e1c ngh\u0129a v\u1ee5 h\u1ee3p \u0111\u1ed3ng li\u00ean quan gi\u1eefa C\u00f4ng ty v\u00e0 kh\u00e1ch h\u00e0ng.<\/em><\/td>\n<\/tr>\n<\/tbody>\n<\/table>\n<h1><strong>BAS-IP V\u00c0 B\u1ea2O V\u1ec6 D\u1eee LI\u1ec6U<\/strong><\/h1>\n<p>BAS-IP cam k\u1ebft tu\u00e2n th\u1ee7 c\u00e1c <b>ti\u00eau chu\u1ea9n b\u1ea3o v\u1ec7 d\u1eef li\u1ec7u cao nh\u1ea5t<\/b> v\u00e0 ph\u00e1p lu\u1eadt hi\u1ec7n h\u00e0nh v\u1ec1 b\u1ea3o v\u1ec7 d\u1eef li\u1ec7u c\u00e1 nh\u00e2n.<\/p>\n<p>T\u1ea5t c\u1ea3 c\u00e1c ho\u1ea1t \u0111\u1ed9ng li\u00ean quan \u0111\u1ebfn x\u1eed l\u00fd d\u1eef li\u1ec7u c\u00e1 nh\u00e2n \u0111\u1ec1u \u0111\u01b0\u1ee3c th\u1ef1c hi\u1ec7n theo <b>t\u00e0i li\u1ec7u n\u1ed9i b\u1ed9<\/b> v\u1ec1 quy \u0111\u1ecbnh x\u1eed l\u00fd d\u1eef li\u1ec7u c\u00e1 nh\u00e2n.<\/p>\n<p>C\u00e1c bi\u1ec7n ph\u00e1p b\u1ea3o v\u1ec7 d\u1eef li\u1ec7u c\u00e1 nh\u00e2n sau \u0111\u00e2y \u0111\u01b0\u1ee3c C\u00f4ng ty \u00e1p d\u1ee5ng:<\/p>\n<h2><strong>Th\u01b0\u1eddng xuy\u00ean r\u00e0 so\u00e1t t\u00e0i li\u1ec7u b\u1ea3o v\u1ec7 d\u1eef li\u1ec7u c\u00e1 nh\u00e2n v\u00e0 th\u1ef1c hi\u1ec7n c\u00e1c thay \u0111\u1ed5i c\u1ea7n thi\u1ebft \u0111\u1ed1i v\u1edbi t\u00e0i li\u1ec7u v\u00e0 ho\u1ea1t \u0111\u1ed9ng c\u1ee7a ch\u00fang t\u00f4i<\/strong><\/h2>\n<p>Vi\u1ec7c r\u00e0 so\u00e1t v\u00e0 c\u1eadp nh\u1eadt th\u01b0\u1eddng xuy\u00ean t\u00e0i li\u1ec7u n\u1ed9i b\u1ed9 v\u1ec1 b\u1ea3o v\u1ec7 d\u1eef li\u1ec7u c\u00e1 nh\u00e2n l\u00e0 m\u1ed9t ph\u1ea7n kh\u00f4ng th\u1ec3 thi\u1ebfu trong chi\u1ebfn l\u01b0\u1ee3c c\u1ee7a C\u00f4ng ty nh\u1eb1m \u0111\u1ea3m b\u1ea3o tu\u00e2n th\u1ee7 c\u00e1c y\u00eau c\u1ea7u c\u1ee7a UK GDPR, GDPR v\u00e0 c\u00e1c v\u0103n b\u1ea3n quy ph\u1ea1m ph\u00e1p lu\u1eadt kh\u00e1c trong l\u0129nh v\u1ef1c b\u1ea3o v\u1ec7 d\u1eef li\u1ec7u c\u00e1 nh\u00e2n.<\/p>\n<p>C\u00e1c t\u00e0i li\u1ec7u n\u1ed9i b\u1ed9 li\u00ean quan v\u00e0 c\u00e1c ch\u00ednh s\u00e1ch, quy tr\u00ecnh \u0111\u00e3 \u0111\u01b0\u1ee3c th\u00f4ng qua, \u0111\u1eb7c bi\u1ec7t l\u00e0 li\u00ean quan \u0111\u1ebfn <b>y\u00eau c\u1ea7u c\u1ee7a ch\u1ee7 th\u1ec3 d\u1eef li\u1ec7u, th\u00f4ng b\u00e1o vi ph\u1ea1m d\u1eef li\u1ec7u c\u00e1 nh\u00e2n, \u0111\u00e1nh gi\u00e1 tu\u00e2n th\u1ee7 c\u1ee7a c\u00e1c b\u00ean th\u1ee9 ba<\/b><\/p>\n<p><b>Ch\u00ednh s\u00e1ch quy\u1ec1n ri\u00eang t\u01b0<\/b> c\u1ee7a C\u00f4ng ty, \u0111\u01b0\u1ee3c c\u00f4ng b\u1ed1 c\u00f4ng khai tr\u00ean trang web c\u1ee7a m\u00ecnh, cung c\u1ea5p cho kh\u00e1ch h\u00e0ng v\u00e0 c\u00e1c ch\u1ee7 th\u1ec3 d\u1eef li\u1ec7u kh\u00e1c th\u00f4ng tin v\u1ec1 m\u1ee5c \u0111\u00edch x\u1eed l\u00fd d\u1eef li\u1ec7u c\u00e1 nh\u00e2n, c\u00e1ch th\u1ee9c v\u00e0 nh\u1eefng d\u1eef li\u1ec7u c\u00e1 nh\u00e2n c\u1ee5 th\u1ec3 n\u00e0o c\u00f3 th\u1ec3 \u0111\u01b0\u1ee3c x\u1eed l\u00fd, c\u0169ng nh\u01b0 th\u00f4ng tin v\u1ec1 <b>quy\u1ec1n c\u1ee7a h\u1ecd<\/b> theo lu\u1eadt b\u1ea3o v\u1ec7 d\u1eef li\u1ec7u c\u00e1 nh\u00e2n hi\u1ec7n h\u00e0nh, bao g\u1ed3m c\u1ea3 c\u00e1ch th\u1ef1c hi\u1ec7n c\u00e1c quy\u1ec1n \u0111\u00f3.<\/p>\n<p>Ngo\u00e0i ra, C\u00f4ng ty \u0111\u00e3 th\u00f4ng qua <b>Quy tr\u00ecnh Y\u00eau c\u1ea7u v\u00e0 Khi\u1ebfu n\u1ea1i<\/b>, trong \u0111\u00f3 c\u00f3 quy tr\u00ecnh ph\u1ea3n h\u1ed3i c\u00e1c y\u00eau c\u1ea7u c\u1ee7a ch\u1ee7 th\u1ec3 d\u1eef li\u1ec7u v\u00e0 c\u00e1c quy\u1ec1n c\u1ee7a h\u1ecd theo UK GDPR v\u00e0 GDPR.<\/p>\n<p>C\u00f4ng ty cam k\u1ebft cung c\u1ea5p m\u1ecdi h\u1ed7 tr\u1ee3 c\u1ea7n thi\u1ebft cho kh\u00e1ch h\u00e0ng trong vi\u1ec7c ph\u1ea3n h\u1ed3i c\u00e1c y\u00eau c\u1ea7u t\u1eeb c\u00e1c ch\u1ee7 th\u1ec3 d\u1eef li\u1ec7u m\u00e0 d\u1eef li\u1ec7u c\u1ee7a h\u1ecd \u0111\u01b0\u1ee3c C\u00f4ng ty x\u1eed l\u00fd v\u1edbi vai tr\u00f2 l\u00e0 b\u00ean x\u1eed l\u00fd theo c\u00e1c \u0111i\u1ec1u kho\u1ea3n c\u1ee7a UK GDPR, GDPR v\u00e0 c\u00e1c ngh\u0129a v\u1ee5 h\u1ee3p \u0111\u1ed3ng gi\u1eefa C\u00f4ng ty v\u00e0 kh\u00e1ch h\u00e0ng.<\/p>\n<h2><strong>Tu\u00e2n th\u1ee7 c\u00e1c ti\u00eau chu\u1ea9n v\u00e0 th\u00f4ng l\u1ec7 t\u1ed1t nh\u1ea5t v\u1ec1 b\u1ea3o m\u1eadt k\u1ef9 thu\u1eadt v\u00e0 t\u1ed5 ch\u1ee9c<\/strong><\/h2>\n<p>C\u00f4ng ty \u0111\u00e3 th\u1ef1c hi\u1ec7n c\u00e1c <b>bi\u1ec7n ph\u00e1p k\u1ef9 thu\u1eadt v\u00e0 t\u1ed5 ch\u1ee9c<\/b> \u0111\u1ec3 \u0111\u1ea3m b\u1ea3o an ninh cho d\u1eef li\u1ec7u c\u00e1 nh\u00e2n. T\u00e0i li\u1ec7u n\u1ed9i b\u1ed9 c\u1ee7a C\u00f4ng ty x\u00e1c \u0111\u1ecbnh r\u00f5 r\u00e0ng c\u00e1c bi\u1ec7n ph\u00e1p k\u1ef9 thu\u1eadt v\u00e0 t\u1ed5 ch\u1ee9c \u0111\u01b0\u1ee3c s\u1eed d\u1ee5ng khi x\u1eed l\u00fd d\u1eef li\u1ec7u c\u00e1 nh\u00e2n:<\/p>\n<ul>\n<li>\u0111\u00e3 ph\u00e1t tri\u1ec3n v\u00e0 th\u00f4ng qua t\u00e0i li\u1ec7u quy \u0111\u1ecbnh v\u1ec1 <b>an ninh th\u00f4ng tin<\/b>, \u0111\u1ed3ng th\u1eddi li\u00ean t\u1ee5c gi\u00e1m s\u00e1t c\u00e1c s\u1ef1 ki\u1ec7n an ninh th\u00f4ng tin v\u00e0 \u0111\u1ea3m b\u1ea3o ph\u1ea3n \u1ee9ng k\u1ecbp th\u1eddi v\u1edbi c\u00e1c s\u1ef1 c\u1ed1;<\/li>\n<li>\u0111\u00e3 tri\u1ec3n khai c\u00e1c bi\u1ec7n ph\u00e1p b\u1ea3o v\u1ec7 \u0111\u1ec3 <b>h\u1ea1n ch\u1ebf truy c\u1eadp<\/b> v\u00e0o d\u1eef li\u1ec7u c\u00e1 nh\u00e2n, ch\u1eb3ng h\u1ea1n nh\u01b0 ki\u1ec3m so\u00e1t quy\u1ec1n truy c\u1eadp v\u00e0o d\u1eef li\u1ec7u c\u00e1 nh\u00e2n, \u0111\u1eb7c bi\u1ec7t th\u00f4ng qua vi\u1ec7c s\u1eed d\u1ee5ng t\u00e0i kho\u1ea3n c\u00e1 nh\u00e2n, ki\u1ec3m so\u00e1t c\u00e1c y\u00eau c\u1ea7u v\u1ec1 \u0111\u1ed9 d\u00e0i v\u00e0 \u0111\u1ed9 ph\u1ee9c t\u1ea1p c\u1ee7a m\u1eadt kh\u1ea9u t\u00e0i kho\u1ea3n v\u00e0 b\u1ea3o v\u1ec7 truy c\u1eadp m\u1ea1ng \u0111\u1ec3 gi\u1ea3m thi\u1ec3u r\u1ee7i ro t\u1ea5n c\u00f4ng m\u1ea1ng; x\u00e1c minh s\u1ef1 tu\u00e2n th\u1ee7 c\u00e1c y\u00eau c\u1ea7u b\u1ea3o m\u1eadt c\u1ee7a c\u00e1c trung t\u00e2m d\u1eef li\u1ec7u v\u1eadt l\u00fd n\u01a1i d\u1eef li\u1ec7u \u0111\u01b0\u1ee3c l\u01b0u tr\u1eef; x\u00e1c th\u1ef1c \u0111a y\u1ebfu t\u1ed1 v\u00e0 x\u00e1c th\u1ef1c ng\u01b0\u1eddi d\u00f9ng trong qu\u00e1 tr\u00ecnh \u1ee7y quy\u1ec1n, c\u0169ng nh\u01b0 c\u1ea5u h\u00ecnh v\u00e0 \u00e1p d\u1ee5ng <b>quy\u1ec1n truy c\u1eadp d\u1eef li\u1ec7u<\/b>, xem x\u00e9t th\u01b0\u1eddng xuy\u00ean c\u00e1c quy\u1ec1n truy c\u1eadp hi\u1ec7n c\u00f3, v.v.;<\/li>\n<li>s\u1eed d\u1ee5ng <b>c\u00f4ng ngh\u1ec7 m\u00e3 h\u00f3a<\/b> khi l\u01b0u tr\u1eef v\u00e0 x\u1eed l\u00fd d\u1eef li\u1ec7u c\u00e1 nh\u00e2n b\u1eb1ng c\u00f4ng ngh\u1ec7 <i>\u0111\u00e1m m\u00e2y<\/i> v\u00e0 thi\u1ebft l\u1eadp c\u00e1c y\u00eau c\u1ea7u ch\u1ec9 s\u1eed d\u1ee5ng c\u00e1c giao th\u1ee9c m\u1eadt m\u00e3, thu\u1eadt to\u00e1n, b\u1ed9 m\u1eadt m\u00e3, kh\u00f3a m\u00e3 h\u00f3a v\u00e0 c\u00e1ch ti\u1ebfp c\u1eadn qu\u1ea3n l\u00fd kh\u00f3a c\u1eadp nh\u1eadt v\u00e0 m\u1ea1nh m\u1ebd;<\/li>\n<li>th\u01b0\u1eddng xuy\u00ean xem x\u00e9t c\u00e1c <b>b\u1ea3n sao l\u01b0u<\/b> d\u1eef li\u1ec7u c\u00e1 nh\u00e2n \u0111\u1ec3 x\u00e1c \u0111\u1ecbnh xem vi\u1ec7c l\u01b0u tr\u1eef c\u1ee7a ch\u00fang c\u00f3 tu\u00e2n th\u1ee7 c\u00e1c y\u00eau c\u1ea7u v\u1eadn h\u00e0nh v\u00e0 ngh\u0129a v\u1ee5 ph\u00e1p l\u00fd hay kh\u00f4ng;<\/li>\n<li>th\u1ef1c hi\u1ec7n c\u00e1c <b>bi\u1ec7n ph\u00e1p an ninh t\u1ed5 ch\u1ee9c<\/b> kh\u00e1c, bao g\u1ed3m th\u1ef1c hi\u1ec7n ch\u00ednh s\u00e1ch ph\u00e2n t\u00e1ch vai tr\u00f2 v\u00e0 tr\u00e1ch nhi\u1ec7m, th\u01b0\u1eddng xuy\u00ean c\u1eadp nh\u1eadt c\u00e1c ch\u00ednh s\u00e1ch v\u00e0 quy tr\u00ecnh li\u00ean quan, gi\u00e1m s\u00e1t vi\u1ec7c th\u1ef1c hi\u1ec7n nhi\u1ec7m v\u1ee5 v\u00e0 th\u1ec3 hi\u1ec7n s\u1ef1 s\u1eb5n l\u00f2ng h\u1ee3p t\u00e1c v\u1edbi c\u00e1c c\u01a1 quan ch\u00ednh ph\u1ee7 c\u00f3 li\u00ean quan. C\u00e1c bi\u1ec7n ph\u00e1p an ninh nh\u00e2n s\u1ef1 do C\u00f4ng ty th\u1ef1c hi\u1ec7n bao g\u1ed3m ki\u1ec3m tra l\u00fd l\u1ecbch c\u1ee7a nh\u00e2n vi\u00ean trong m\u1ed9t s\u1ed1 tr\u01b0\u1eddng h\u1ee3p, n\u00e2ng cao nh\u1eadn th\u1ee9c c\u1ee7a nh\u00e2n vi\u00ean v\u1ec1 c\u00e1c v\u1ea5n \u0111\u1ec1 an ninh th\u00f4ng tin v\u00e0 gi\u00e1m s\u00e1t nh\u1eadn th\u1ee9c \u0111\u00f3, c\u0169ng nh\u01b0 ti\u1ebfn h\u00e0nh c\u00e1c ch\u01b0\u01a1ng tr\u00ecnh \u0111\u00e0o t\u1ea1o v\u00e0 ph\u00e1t tri\u1ec3n chuy\u00ean m\u00f4n;<\/li>\n<li>li\u00ean t\u1ee5c theo d\u00f5i nh\u1eefng thay \u0111\u1ed5i trong lu\u1eadt ph\u00e1p v\u00e0 th\u1ef1c hi\u1ec7n <b>c\u00e1c th\u00f4ng l\u1ec7 t\u1ed1t nh\u1ea5t<\/b> trong l\u0129nh v\u1ef1c b\u1ea3o v\u1ec7 d\u1eef li\u1ec7u c\u00e1 nh\u00e2n theo ti\u00eau chu\u1ea9n an ninh m\u1ea1ng, h\u01b0\u1edbng d\u1eabn, khuy\u1ebfn ngh\u1ecb c\u1ee7a c\u00e1c c\u01a1 quan gi\u00e1m s\u00e1t b\u1ea3o v\u1ec7 d\u1eef li\u1ec7u c\u00e1 nh\u00e2n v\u00e0 V\u0103n ph\u00f2ng \u1ee6y vi\u00ean Th\u00f4ng tin (<i>Information Commissioner\u2019s Office &#8211; ICO<\/i>).<\/li>\n<\/ul>\n<p>C\u00f4ng ty tu\u00e2n th\u1ee7 t\u1ea5t c\u1ea3 c\u00e1c ch\u00ednh s\u00e1ch v\u00e0 quy tr\u00ecnh \u0111\u1ec3 \u0111\u1ea3m b\u1ea3o an ninh b\u1ea3o v\u1ec7 d\u1eef li\u1ec7u c\u00e1 nh\u00e2n, th\u01b0\u1eddng xuy\u00ean ki\u1ec3m tra t\u00ednh ph\u00f9 h\u1ee3p c\u1ee7a ch\u00fang v\u00e0 \u0111\u1ea3m b\u1ea3o xem x\u00e9t k\u1ecbp th\u1eddi.<\/p>\n<p><strong>X\u00e1c minh th\u01b0\u1eddng xuy\u00ean b\u00ean th\u1ee9 ba<\/strong><\/p>\n<p>T\u1ea5t c\u1ea3 <b>c\u00e1c b\u00ean th\u1ee9 ba<\/b> tham gia v\u00e0o vi\u1ec7c x\u1eed l\u00fd d\u1eef li\u1ec7u c\u00e1 nh\u00e2n \u0111\u1ec1u \u0111\u01b0\u1ee3c x\u00e1c minh b\u1eb1ng c\u00e1ch s\u1eed d\u1ee5ng <b>quy tr\u00ecnh n\u1ed9i b\u1ed9 \u0111\u01b0\u1ee3c quy \u0111\u1ecbnh \u0111\u1ec3 \u0111\u00e1nh gi\u00e1 s\u1ef1 tu\u00e2n th\u1ee7 c\u1ee7a b\u00ean th\u1ee9 ba<\/b>. C\u1ee5 th\u1ec3, c\u00e1c ki\u1ec3m tra nh\u01b0 v\u1eady \u0111\u00e1nh gi\u00e1 s\u1ef1 s\u1eb5n c\u00f3 c\u1ee7a t\u00e0i li\u1ec7u li\u00ean quan \u0111\u1ebfn vi\u1ec7c x\u1eed l\u00fd d\u1eef li\u1ec7u c\u00e1 nh\u00e2n, c\u0169ng nh\u01b0 s\u1ef1 s\u1eb5n c\u00f3 v\u00e0 hi\u1ec7u qu\u1ea3 c\u1ee7a c\u00e1c bi\u1ec7n ph\u00e1p an ninh k\u1ef9 thu\u1eadt v\u00e0 t\u1ed5 ch\u1ee9c \u0111\u01b0\u1ee3c th\u1ef1c hi\u1ec7n \u0111\u1ec3 b\u1ea3o v\u1ec7 d\u1eef li\u1ec7u c\u00e1 nh\u00e2n kh\u1ecfi truy c\u1eadp tr\u00e1i ph\u00e9p, m\u1ea5t m\u00e1t ho\u1eb7c vi ph\u1ea1m t\u00ednh to\u00e0n v\u1eb9n.<\/p>\n<h2><strong>Chuy\u1ec3n giao d\u1eef li\u1ec7u c\u00e1 nh\u00e2n an to\u00e0n<\/strong><\/h2>\n<p>Khi cung c\u1ea5p d\u1ecbch v\u1ee5, C\u00f4ng ty c\u00f3 th\u1ec3 chuy\u1ec3n d\u1eef li\u1ec7u c\u00e1 nh\u00e2n <b>ra ngo\u00e0i V\u01b0\u01a1ng qu\u1ed1c Anh<\/b>, v\u00ed d\u1ee5, \u0111\u1ebfn Hoa K\u1ef3 v\u00e0 Ukraine.<\/p>\n<p>\u0110\u1ec3 \u0111\u1ea3m b\u1ea3o an ninh v\u00e0 tu\u00e2n th\u1ee7 c\u00e1c y\u00eau c\u1ea7u ph\u00e1p l\u00fd \u0111\u1ed1i v\u1edbi vi\u1ec7c chuy\u1ec3n d\u1eef li\u1ec7u c\u00e1 nh\u00e2n, m\u1ed9t <b>\u0111\u00e1nh gi\u00e1<\/b> \u0111\u01b0\u1ee3c th\u1ef1c hi\u1ec7n tr\u01b0\u1edbc. Ngo\u00e0i ra, vi\u1ec7c gi\u00e1m s\u00e1t n\u1ed9i b\u1ed9 \u0111\u01b0\u1ee3c th\u1ef1c hi\u1ec7n th\u01b0\u1eddng xuy\u00ean \u0111\u1ec3 \u0111\u1ea3m b\u1ea3o s\u1ef1 tu\u00e2n th\u1ee7 c\u00e1c y\u00eau c\u1ea7u ph\u00e1p l\u00fd v\u00e0 th\u00f4ng l\u1ec7 c\u1ee7a Hoa K\u1ef3, Ukraine v\u00e0, khi c\u1ea7n thi\u1ebft, c\u00e1c qu\u1ed1c gia kh\u00e1c m\u00e0 d\u1eef li\u1ec7u c\u00e1 nh\u00e2n \u0111\u01b0\u1ee3c chuy\u1ec3n \u0111\u1ebfn, v\u1edbi <b>c\u00e1c ti\u00eau chu\u1ea9n v\u00e0 th\u00f4ng l\u1ec7 b\u1ea3o v\u1ec7 d\u1eef li\u1ec7u c\u00e1 nh\u00e2n c\u1ee7a V\u01b0\u01a1ng qu\u1ed1c Anh v\u00e0 EU<\/b>. H\u01a1n n\u1eefa, c\u00e1c bi\u1ec7n ph\u00e1p an ninh do c\u00e1c b\u00ean nh\u1eadp kh\u1ea9u d\u1eef li\u1ec7u th\u1ef1c hi\u1ec7n \u0111\u01b0\u1ee3c ki\u1ec3m tra k\u1ef9 l\u01b0\u1ee1ng, \u0111\u1eb7c bi\u1ec7t b\u1eb1ng c\u00e1ch k\u00fd k\u1ebft c\u00e1c t\u00e0i li\u1ec7u li\u00ean quan quy \u0111\u1ecbnh vi\u1ec7c b\u1ea3o v\u1ec7 d\u1eef li\u1ec7u c\u00e1 nh\u00e2n.<\/p>\n<p>Khi C\u00f4ng ty chuy\u1ec3n d\u1eef li\u1ec7u c\u00e1 nh\u00e2n thu\u1ed9c UK GDPR v\u00e0\/ho\u1eb7c GDPR, C\u00f4ng ty k\u00fd k\u1ebft <b>Th\u1ecfa thu\u1eadn X\u1eed l\u00fd D\u1eef li\u1ec7u (DPA)<\/b> v\u1edbi c\u00e1c nh\u00e0 th\u1ea7u c\u1ee7a m\u00ecnh. C\u00e1c th\u1ecfa thu\u1eadn nh\u01b0 v\u1eady k\u1ebft h\u1ee3p c\u00e1c c\u01a1 ch\u1ebf chuy\u1ec3n giao th\u00edch h\u1ee3p, bao g\u1ed3m <b>C\u00e1c \u0110i\u1ec1u kho\u1ea3n H\u1ee3p \u0111\u1ed3ng Ti\u00eau chu\u1ea9n EU (SCCs)<\/b> c\u00f9ng v\u1edbi <b>Ph\u1ee5 l\u1ee5c V\u01b0\u01a1ng qu\u1ed1c Anh (<i>UK Addendum<\/i>)<\/b>, ho\u1eb7c <b>Th\u1ecfa thu\u1eadn Chuy\u1ec3n giao D\u1eef li\u1ec7u Qu\u1ed1c t\u1ebf (<i>IDTA<\/i>)<\/b>.<\/p>\n<h2><strong>\u0110\u00e0o t\u1ea1o th\u01b0\u1eddng xuy\u00ean<\/strong><\/h2>\n<p>C\u00f4ng ty th\u01b0\u1eddng xuy\u00ean t\u1ed5 ch\u1ee9c <b>\u0111\u00e0o t\u1ea1o<\/b> cho nh\u00e2n vi\u00ean v\u00e0 nh\u00e0 th\u1ea7u c\u1ee7a m\u00ecnh v\u1ec1 vi\u1ec7c tu\u00e2n th\u1ee7 c\u00e1c y\u00eau c\u1ea7u c\u1ee7a UK GDPR v\u00e0 GDPR, c\u0169ng nh\u01b0 b\u1ea3o v\u1ec7 d\u1eef li\u1ec7u c\u00e1 nh\u00e2n. C\u00e1c ch\u1ee7 \u0111\u1ec1 \u0111\u01b0\u1ee3c \u0111\u1ec1 c\u1eadp trong \u0111\u00e0o t\u1ea1o bao g\u1ed3m, trong s\u1ed1 nh\u1eefng ch\u1ee7 \u0111\u1ec1 kh\u00e1c, c\u00e1c y\u00eau c\u1ea7u chung c\u1ee7a UK GDPR, GDPR v\u00e0 c\u00e1c lu\u1eadt b\u1ea3o v\u1ec7 d\u1eef li\u1ec7u c\u00e1 nh\u00e2n hi\u1ec7n h\u00e0nh kh\u00e1c, c\u00e1c vai tr\u00f2 trong x\u1eed l\u00fd, c\u00e1c nguy\u00ean t\u1eafc x\u1eed l\u00fd d\u1eef li\u1ec7u c\u00e1 nh\u00e2n, c\u0103n c\u1ee9 \u0111\u1ec3 x\u1eed l\u00fd, \u0111\u1ea3m b\u1ea3o quy\u1ec1n c\u1ee7a ch\u1ee7 th\u1ec3 d\u1eef li\u1ec7u v\u00e0 c\u00e1c v\u1ea5n \u0111\u1ec1 v\u1ec1 b\u1ea3o v\u1ec7 d\u1eef li\u1ec7u c\u00e1 nh\u00e2n.<\/p>\n<p>Ngo\u00e0i ra, C\u00f4ng ty c\u0169ng \u0111\u00e3 th\u00f4ng qua c\u00e1c t\u00e0i li\u1ec7u c\u1ea7n thi\u1ebft v\u00e0 th\u1ef1c hi\u1ec7n c\u00e1c bi\u1ec7n ph\u00e1p th\u00edch h\u1ee3p \u0111\u1ec3 \u0111\u1ea3m b\u1ea3o \u0111\u00e0o t\u1ea1o v\u00e0 n\u00e2ng cao nh\u1eadn th\u1ee9c c\u1ee7a nh\u00e2n vi\u00ean trong l\u0129nh v\u1ef1c b\u1ea3o v\u1ec7 d\u1eef li\u1ec7u.<\/p>\n<h1><strong>LI\u00caN H\u1ec6 C\u1ee6A CH\u00daNG T\u00d4I<\/strong><\/h1>\n<p>N\u1ebfu qu\u00fd v\u1ecb c\u00f3 b\u1ea5t k\u1ef3 c\u00e2u h\u1ecfi n\u00e0o th\u00eam li\u00ean quan \u0111\u1ebfn b\u1ea3o v\u1ec7 d\u1eef li\u1ec7u c\u00e1 nh\u00e2n t\u1ea1i BAS-IP, vui l\u00f2ng li\u00ean h\u1ec7 v\u1edbi ch\u00fang t\u00f4i qua email: <a href=\"mailto:privacy@bas-ip.com\">privacy@bas-ip.com<\/a>.<\/p>\n<p>Tr\u00e2n tr\u1ecdng,<\/p>\n<p><strong>BAS-IP DISTRIBUTION LTD<\/strong><\/p>","protected":false},"excerpt":{"rendered":"<p>Ch\u00fang t\u00f4i cam k\u1ebft th\u1ef1c hi\u1ec7n c\u00e1c th\u1ef1c h\u00e0nh b\u1ea3o v\u1ec7 d\u1eef li\u1ec7u m\u1ea1nh m\u1ebd v\u00e0 \u0111\u1ed5i m\u1edbi, \u0111\u1ec3 m\u1ecdi kh\u00e1ch h\u00e0ng c\u00f3 th\u1ec3 tin t\u01b0\u1edfng r\u1eb1ng d\u1eef li\u1ec7u c\u00e1 nh\u00e2n c\u1ee7a h\u1ecd \u0111\u01b0\u1ee3c x\u1eed l\u00fd m\u1ed9t c\u00e1ch an to\u00e0n v\u00e0 b\u1ea3o m\u1eadt. BAS-IP DISTRIBUTION LTD (C\u00f4ng ty ho\u1eb7c BAS-IP) \u0111\u00e3 chu\u1ea9n b\u1ecb b\u1ea3n ghi [&hellip;]<\/p>","protected":false},"author":1,"featured_media":0,"parent":0,"menu_order":0,"comment_status":"closed","ping_status":"closed","template":"","meta":{"inline_featured_image":false,"footnotes":""},"class_list":["post-146617","page","type-page","status-publish","hentry"],"acf":[],"_links":{"self":[{"href":"https:\/\/bas-ip.com\/vi\/wp-json\/wp\/v2\/pages\/146617","targetHints":{"allow":["GET"]}}],"collection":[{"href":"https:\/\/bas-ip.com\/vi\/wp-json\/wp\/v2\/pages"}],"about":[{"href":"https:\/\/bas-ip.com\/vi\/wp-json\/wp\/v2\/types\/page"}],"author":[{"embeddable":true,"href":"https:\/\/bas-ip.com\/vi\/wp-json\/wp\/v2\/users\/1"}],"replies":[{"embeddable":true,"href":"https:\/\/bas-ip.com\/vi\/wp-json\/wp\/v2\/comments?post=146617"}],"version-history":[{"count":4,"href":"https:\/\/bas-ip.com\/vi\/wp-json\/wp\/v2\/pages\/146617\/revisions"}],"predecessor-version":[{"id":146766,"href":"https:\/\/bas-ip.com\/vi\/wp-json\/wp\/v2\/pages\/146617\/revisions\/146766"}],"wp:attachment":[{"href":"https:\/\/bas-ip.com\/vi\/wp-json\/wp\/v2\/media?parent=146617"}],"curies":[{"name":"wp","href":"https:\/\/api.w.org\/{rel}","templated":true}]}}