{"id":145745,"date":"2025-09-22T13:03:10","date_gmt":"2025-09-22T13:03:10","guid":{"rendered":"https:\/\/bas-ip.com\/career\/"},"modified":"2025-10-06T13:24:52","modified_gmt":"2025-10-06T13:24:52","slug":"career","status":"publish","type":"page","link":"https:\/\/bas-ip.com\/vi\/career\/","title":{"rendered":"S\u1ef1 nghi\u1ec7p"},"content":{"rendered":"<!-- START Block Career Hero -->   <div class=\"careers-hero\" style=\"background-image:url(https:\/\/bas-ip.com\/wp-content\/uploads\/2025\/09\/career_top_bg_2-scaled.jpg)\">\r\n    <div class=\"careers-hero__overlay\"><\/div>\r\n    <div class=\"careers-container careers-hero__content\">\r\n      <h1 class=\"careers-hero__title\">Ch\u00fang t\u00f4i <span>\u0111ang t\u00ecm ki\u1ebfm<\/span> nh\u1eefng ng\u01b0\u1eddi c\u00f3 tay ngh\u1ec1 cao<\/h1>\r\n              <p class=\"careers-hero__subtitle\">Ch\u00fang t\u00f4i ph\u00e1t tri\u1ec3n c\u00e1c gi\u1ea3i ph\u00e1p ti\u00ean ti\u1ebfn trong l\u0129nh v\u1ef1c an ninh \u2014 t\u1eeb h\u1ec7 th\u1ed1ng li\u00ean l\u1ea1c n\u1ed9i b\u1ed9 IP \u0111\u1ebfn ki\u1ec3m so\u00e1t truy c\u1eadp v\u00e0 h\u1ec7 th\u1ed1ng gi\u00e1m s\u00e1t video.<br>\r\nNh\u01b0ng \u0111i\u1ec1u quan tr\u1ecdng nh\u1ea5t m\u00e0 ch\u00fang t\u00f4i x\u00e2y d\u1ef1ng l\u00e0 m\u1ed9t \u0111\u1ed9i ng\u0169.<\/p>\r\n                    <a class=\"careers-btn careers-btn--primary\" href=\"https:\/\/bas-ip.com\/vacancies\/\">\r\n          l\u00e0m vi\u1ec7c v\u1edbi ch\u00fang t\u00f4i        <\/a>\r\n          <\/div>\r\n  <\/div>\r\n     <section class=\"careers-benefits\">\r\n    <div class=\"careers-container\">\r\n              <h2 class=\"careers-section-title\">T\u1ea1i sao n\u00ean tham gia c\u00f9ng ch\u00fang t\u00f4i<\/h2>\r\n                    <div class=\"careers-benefits__grid\">\r\n                      <div class=\"careers-benefit\">\r\n                              <div class=\"careers-benefit__icon\"><img decoding=\"async\" src=\"https:\/\/bas-ip.com\/wp-content\/uploads\/2025\/09\/hugeicons_global.svg\" alt=\"icon\"><\/div>\r\n                                            <h3>\u01afu ti\u00ean t\u1eeb xa<\/h3>\r\n                                            <p>L\u00e0m vi\u1ec7c \u1edf b\u1ea5t c\u1ee9 \u0111\u00e2u tr\u00ean th\u1ebf gi\u1edbi<\/p>\r\n                          <\/div>\r\n                      <div class=\"careers-benefit\">\r\n                              <div class=\"careers-benefit__icon\"><img decoding=\"async\" src=\"https:\/\/bas-ip.com\/wp-content\/uploads\/2025\/09\/iconoir_brain.svg\" alt=\"icon\"><\/div>\r\n                                            <h3>S\u1ea3n ph\u1ea9m s\u00e1ng t\u1ea1o<\/h3>\r\n                                            <p>C\u00f4ng ngh\u1ec7 ti\u00ean ti\u1ebfn trong th\u1ecb tr\u01b0\u1eddng an ninh<\/p>\r\n                          <\/div>\r\n                      <div class=\"careers-benefit\">\r\n                              <div class=\"careers-benefit__icon\"><img decoding=\"async\" src=\"https:\/\/bas-ip.com\/wp-content\/uploads\/2025\/09\/fluent_people-team-16-regular.svg\" alt=\"icon\"><\/div>\r\n                                            <h3>\u0110\u1ed9i ng\u0169 to\u00e0n c\u1ea7u<\/h3>\r\n                                            <p>H\u1ee3p t\u00e1c xuy\u00ean bi\u00ean gi\u1edbi v\u00e0 m\u00fai gi\u1edd<\/p>\r\n                          <\/div>\r\n                      <div class=\"careers-benefit\">\r\n                              <div class=\"careers-benefit__icon\"><img decoding=\"async\" src=\"https:\/\/bas-ip.com\/wp-content\/uploads\/2025\/09\/tabler_rocket.svg\" alt=\"icon\"><\/div>\r\n                                            <h3>Th\u00fac \u0111\u1ea9y t\u0103ng tr\u01b0\u1edfng<\/h3>\r\n                                            <p>Ch\u00fang t\u00f4i h\u1ed7 tr\u1ee3 vi\u1ec7c h\u1ecdc t\u1eadp v\u00e0 ph\u00e1t tri\u1ec3n s\u1ef1 nghi\u1ec7p c\u1ee7a b\u1ea1n<\/p>\r\n                          <\/div>\r\n                      <div class=\"careers-benefit\">\r\n                              <div class=\"careers-benefit__icon\"><img decoding=\"async\" src=\"https:\/\/bas-ip.com\/wp-content\/uploads\/2025\/09\/octicon_goal-24.svg\" alt=\"icon\"><\/div>\r\n                                            <h3>K\u1ebft qu\u1ea3 v\u01b0\u1ee3t qua th\u1ee7 t\u1ee5c h\u00e0nh ch\u00ednh<\/h3>\r\n                                            <p>Ch\u00fang t\u00f4i coi tr\u1ecdng h\u00e0nh \u0111\u1ed9ng v\u00e0 quy\u1ec1n s\u1edf h\u1eefu<\/p>\r\n                          <\/div>\r\n                      <div class=\"careers-benefit\">\r\n                              <div class=\"careers-benefit__icon\"><img decoding=\"async\" src=\"https:\/\/bas-ip.com\/wp-content\/uploads\/2025\/09\/hugeicons_idea.svg\" alt=\"icon\"><\/div>\r\n                                            <h3>Gi\u1ecdng n\u00f3i c\u1ee7a b\u1ea1n r\u1ea5t quan tr\u1ecdng<\/h3>\r\n                                            <p>S\u00e1ng ki\u1ebfn \u200b\u200b\u0111\u01b0\u1ee3c hoan ngh\u00eanh v\u00e0 khen th\u01b0\u1edfng<\/p>\r\n                          <\/div>\r\n                  <\/div>\r\n          <\/div>\r\n  <\/section>\r\n    <section class=\"careers-vision\">\r\n    <div class=\"careers-container careers-vision__grid\">\r\n      <div class=\"careers-vision__media\">\r\n                  <img decoding=\"async\" src=\"https:\/\/bas-ip.com\/wp-content\/uploads\/2025\/09\/vision.jpg\" alt=\"\" class=\"careers-vision__img careers-vision__img--single\">\r\n              <\/div>\r\n      <div class=\"careers-vision__text\">\r\n                  <h2 class=\"careers-section-title careers-section-title--left\">t\u1ea7m nh\u00ecn c\u1ee7a ch\u00fang t\u00f4i<\/h2>\r\n                          <p data-start=\"439\" data-end=\"699\">T\u1ea1i BAS-IP, b\u1ea1n s\u1ebd t\u00ecm th\u1ea5y c\u01a1 h\u1ed9i ph\u00e1t tri\u1ec3n, c\u00e1c d\u1ef1 \u00e1n truy\u1ec1n c\u1ea3m h\u1ee9ng v\u00e0 m\u1ed9t \u0111\u1ed9i ng\u0169 to\u00e0n c\u1ea7u \u0111ang \u0111\u1ecbnh h\u00ecnh t\u01b0\u01a1ng lai c\u1ee7a an ninh th\u00f4ng minh.<br data-start=\"584\" data-end=\"587\" \/>Ch\u00fang t\u00f4i c\u00f3 h\u01a1n 60 ng\u01b0\u1eddi l\u00e0m vi\u1ec7c t\u1eeb nhi\u1ec1u n\u01a1i kh\u00e1c nhau tr\u00ean th\u1ebf gi\u1edbi \u2014 kh\u00f4ng c\u00f3 ranh gi\u1edbi n\u00e0o cho t\u00e0i n\u0103ng.<\/p>\n<p data-start=\"701\" data-end=\"890\">\u0110\u1ed9i ng\u0169 c\u1ee7a ch\u00fang t\u00f4i quy t\u1ee5 c\u00e1c chuy\u00ean gia trong R&amp;D, B\u00e1n h\u00e0ng, H\u1ed7 tr\u1ee3, Ti\u1ebfp th\u1ecb, Mua h\u00e0ng &amp; Logistics, T\u00e0i ch\u00ednh v\u00e0 Nh\u00e2n s\u1ef1.<br data-start=\"827\" data-end=\"830\" \/>Ch\u00fang t\u00f4i \u0111a d\u1ea1ng \u2014 v\u00e0 \u0111\u00f3 ch\u00ednh l\u00e0 s\u1ee9c m\u1ea1nh c\u1ee7a ch\u00fang t\u00f4i.<\/p>\n<p data-start=\"892\" data-end=\"1073\" data-is-last-node=\"\" data-is-only-node=\"\">Ch\u00fang t\u00f4i h\u1ed7 tr\u1ee3 ng\u01b0\u1eddi m\u1edbi, truy\u1ec1n c\u1ea3m h\u1ee9ng cho nhau, \u0111\u01b0a ra quy\u1ebft \u0111\u1ecbnh nhanh ch\u00f3ng v\u00e0 coi tr\u1ecdng tinh th\u1ea7n ch\u1ee7 \u0111\u1ed9ng.<br data-start=\"1008\" data-end=\"1011\" \/>\u1ede \u0111\u00e2y, b\u1ea1n s\u1ebd kh\u00f4ng ch\u1ec9 l\u00e0m vi\u1ec7c \u2014 b\u1ea1n s\u1ebd t\u1ea1o ra s\u1ef1 kh\u00e1c bi\u1ec7t.<\/p>\n                          <a class=\"careers-btn careers-btn--primary\" href=\"https:\/\/bas-ip.com\/vacancies\/\">\r\n            l\u00e0m vi\u1ec7c v\u1edbi ch\u00fang t\u00f4i          <\/a>\r\n              <\/div>\r\n    <\/div>\r\n  <\/section>\r\n  <section class=\"careers-values\">\r\n    <div class=\"careers-container\">\r\n              <h2 class=\"careers-section-title\">Gi\u00e1 tr\u1ecb c\u1ee7a ch\u00fang t\u00f4i<\/h2>\r\n        <p>T\u1ea1i BAS-IP, v\u0103n h\u00f3a c\u1ee7a ch\u00fang t\u00f4i \u0111\u01b0\u1ee3c x\u00e2y d\u1ef1ng kh\u00f4ng ch\u1ec9 d\u1ef1a tr\u00ean c\u00e1c m\u1ee5c ti\u00eau m\u00e0 c\u00f2n d\u1ef1a tr\u00ean c\u00e1c gi\u00e1 tr\u1ecb chung h\u01b0\u1edbng d\u1eabn c\u00e1ch ch\u00fang t\u00f4i l\u00e0m vi\u1ec7c h\u00e0ng ng\u00e0y:<\/p>\r\n                    <div class=\"careers-values__grid\">\r\n                      <article class=\"careers-card\">\r\n                              <img decoding=\"async\" src=\"https:\/\/bas-ip.com\/wp-content\/uploads\/2025\/09\/honesty3.jpg\" alt=\"\">\r\n                            <div class=\"careers-card__body\">\r\n                                  <h3>S\u1ef1 trung th\u1ef1c<\/h3>\r\n                                                  <p>S\u1ef1 c\u1edfi m\u1edf v\u00e0 minh b\u1ea1ch trong m\u1ecdi vi\u1ec7c ch\u00fang t\u00f4i l\u00e0m<\/p>\r\n                              <\/div>\r\n            <\/article>\r\n                      <article class=\"careers-card\">\r\n                              <img decoding=\"async\" src=\"https:\/\/bas-ip.com\/wp-content\/uploads\/2025\/09\/optimism.jpg\" alt=\"\">\r\n                            <div class=\"careers-card__body\">\r\n                                  <h3>S\u1ef1 l\u1ea1c quan<\/h3>\r\n                                                  <p>Ni\u1ec1m tin v\u00e0o b\u1ea3n th\u00e2n v\u00e0 s\u1ef1 th\u00e0nh c\u00f4ng c\u1ee7a \u0111\u1ed9i ng\u0169<\/p>\r\n                              <\/div>\r\n            <\/article>\r\n                      <article class=\"careers-card\">\r\n                              <img decoding=\"async\" src=\"https:\/\/bas-ip.com\/wp-content\/uploads\/2025\/09\/support2.jpg\" alt=\"\">\r\n                            <div class=\"careers-card__body\">\r\n                                  <h3>\u1ee6ng h\u1ed9<\/h3>\r\n                                                  <p>Gi\u00fap \u0111\u1ee1 l\u1eabn nhau b\u1eb1ng l\u00f2ng t\u1ed1t v\u00e0 s\u1ef1 quan t\u00e2m<\/p>\r\n                              <\/div>\r\n            <\/article>\r\n                      <article class=\"careers-card\">\r\n                              <img decoding=\"async\" src=\"https:\/\/bas-ip.com\/wp-content\/uploads\/2025\/09\/selfdev-1.jpg\" alt=\"\">\r\n                            <div class=\"careers-card__body\">\r\n                                  <h3>Ph\u00e1t tri\u1ec3n b\u1ea3n th\u00e2n<\/h3>\r\n                                                  <p>Lu\u00f4n lu\u00f4n ph\u1ea5n \u0111\u1ea5u \u0111\u1ec3 h\u1ecdc h\u1ecfi v\u00e0 ph\u00e1t tri\u1ec3n<\/p>\r\n                              <\/div>\r\n            <\/article>\r\n                  <\/div>\r\n          <\/div>\r\n  <\/section>\r\n    <section class=\"careers-banner\">\r\n    <div class=\"careers-banner__bg\" style=\"background-image:url(https:\/\/bas-ip.com\/wp-content\/uploads\/2025\/09\/careerbannerbg1-scaled.jpg)\"><\/div>\r\n    <div class=\"careers-container careers-banner__content\">\r\n              <p class=\"careers-banner__title\">CH\u00daNG T\u00d4I KH\u00d4NG CH\u1ec8 X\u00c2Y D\u1ef0NG C\u00d4NG NGH\u1ec6 \u2014 <span>CH\u00daNG T\u00d4I \u0110ANG X\u00c2Y D\u1ef0NG<br>\r\nM\u1ed8T \u0110\u1ed8I NG\u0168<\/span> PH\u1ea2N \u00c1NH NH\u1eeeNG GI\u00c1 TR\u1eca N\u00c0Y TRONG M\u1eccI B\u01af\u1edaC \u0110I.<\/p>\r\n          <\/div>\r\n  <\/section>\r\n\r\n  \r\n    <section id=\"open\" class=\"careers-open\">\r\n    <div class=\"careers-container careers-open__inner\">\r\n              <h2 class=\"careers-section-title\">V\u1ecb tr\u00ed m\u1edf<\/h2>\r\n                    <p>Kh\u00e1m ph\u00e1 c\u00e1c v\u1ecb tr\u00ed tuy\u1ec3n d\u1ee5ng hi\u1ec7n t\u1ea1i c\u1ee7a ch\u00fang t\u00f4i v\u00e0 n\u1ed9p \u0111\u01a1n tr\u1ef1c ti\u1ebfp. Ch\u00fang t\u00f4i lu\u00f4n t\u00ecm ki\u1ebfm nh\u1eefng chuy\u00ean gia nhi\u1ec7t huy\u1ebft \u0111\u1ec3 \u0111\u1ed3ng h\u00e0nh c\u00f9ng h\u00e0nh tr\u00ecnh c\u1ee7a m\u00ecnh.<\/p>\r\n                    <a class=\"careers-btn careers-btn--primary\" href=\"https:\/\/bas-ip.com\/vacancies\/\">\r\n          l\u00e0m vi\u1ec7c v\u1edbi ch\u00fang t\u00f4i        <\/a>\r\n          <\/div>\r\n  <\/section><!-- END Block Career Hero -->","protected":false},"excerpt":{"rendered":"","protected":false},"author":2,"featured_media":0,"parent":0,"menu_order":0,"comment_status":"closed","ping_status":"closed","template":"","meta":{"inline_featured_image":false,"footnotes":""},"class_list":["post-145745","page","type-page","status-publish","hentry"],"acf":[],"_links":{"self":[{"href":"https:\/\/bas-ip.com\/vi\/wp-json\/wp\/v2\/pages\/145745","targetHints":{"allow":["GET"]}}],"collection":[{"href":"https:\/\/bas-ip.com\/vi\/wp-json\/wp\/v2\/pages"}],"about":[{"href":"https:\/\/bas-ip.com\/vi\/wp-json\/wp\/v2\/types\/page"}],"author":[{"embeddable":true,"href":"https:\/\/bas-ip.com\/vi\/wp-json\/wp\/v2\/users\/2"}],"replies":[{"embeddable":true,"href":"https:\/\/bas-ip.com\/vi\/wp-json\/wp\/v2\/comments?post=145745"}],"version-history":[{"count":3,"href":"https:\/\/bas-ip.com\/vi\/wp-json\/wp\/v2\/pages\/145745\/revisions"}],"predecessor-version":[{"id":145956,"href":"https:\/\/bas-ip.com\/vi\/wp-json\/wp\/v2\/pages\/145745\/revisions\/145956"}],"wp:attachment":[{"href":"https:\/\/bas-ip.com\/vi\/wp-json\/wp\/v2\/media?parent=145745"}],"curies":[{"name":"wp","href":"https:\/\/api.w.org\/{rel}","templated":true}]}}