{"id":140979,"date":"2025-06-03T12:48:57","date_gmt":"2025-06-03T12:48:57","guid":{"rendered":"https:\/\/bas-ip.com\/condo-control\/"},"modified":"2025-08-06T11:00:48","modified_gmt":"2025-08-06T11:00:48","slug":"condo-control","status":"publish","type":"page","link":"https:\/\/bas-ip.com\/vi\/condo-control\/","title":{"rendered":"Condo Control"},"content":{"rendered":"<h2>BAS-IP v\u00e0 Condo Control c\u00f4ng b\u1ed1 t\u00edch h\u1ee3p \u0111\u1ec3 n\u00e2ng cao tr\u1ea3i nghi\u1ec7m s\u1ed1ng cho c\u01b0 d\u00e2n<\/h2>\n\n<div class=\"wp-block-image\">\n<figure class=\"aligncenter size-large\"><img loading=\"lazy\" decoding=\"async\" width=\"1024\" height=\"235\" src=\"https:\/\/bas-ip.com\/wp-content\/uploads\/2025\/06\/Condo-Control-1024x235.png\" alt=\"\" class=\"wp-image-138764\" srcset=\"https:\/\/bas-ip.com\/wp-content\/uploads\/2025\/06\/Condo-Control-1024x235.png 1024w,  https:\/\/bas-ip.com\/wp-content\/uploads\/2025\/06\/Condo-Control-300x69.png 300w,  https:\/\/bas-ip.com\/wp-content\/uploads\/2025\/06\/Condo-Control-768x177.png 768w,  https:\/\/bas-ip.com\/wp-content\/uploads\/2025\/06\/Condo-Control-767x176.png 767w,  https:\/\/bas-ip.com\/wp-content\/uploads\/2025\/06\/Condo-Control.png 1266w\" sizes=\"auto, (max-width: 1024px) 100vw, 1024px\" \/><\/figure>\n<\/div>\n\n<p>BAS-IP, nh\u00e0 ph\u00e1t tri\u1ec3n h\u00e0ng \u0111\u1ea7u v\u1ec1 h\u1ec7 th\u1ed1ng li\u00ean l\u1ea1c n\u1ed9i b\u1ed9 IP, v\u00e0 Condo Control, n\u1ec1n t\u1ea3ng t\u1ea5t c\u1ea3 trong m\u1ed9t gi\u00fap s\u1ed1 h\u00f3a ho\u1ea1t \u0111\u1ed9ng cho h\u01a1n 2 tri\u1ec7u c\u01b0 d\u00e2n, h\u00f4m nay \u0111\u00e3 c\u00f4ng b\u1ed1 m\u1ed9t s\u1ef1 t\u00edch h\u1ee3p chi\u1ebfn l\u01b0\u1ee3c. S\u1ef1 h\u1ee3p t\u00e1c n\u00e0y t\u1ea1o ra m\u1ed9t ngu\u1ed3n d\u1eef li\u1ec7u duy nh\u1ea5t cho c\u01b0 d\u00e2n, lo\u1ea1i b\u1ecf vi\u1ec7c nh\u1eadp d\u1eef li\u1ec7u tr\u00f9ng l\u1eb7p v\u00e0 cho ph\u00e9p \u0111\u1ed3ng b\u1ed9 h\u00f3a d\u1eef li\u1ec7u c\u01b0 d\u00e2n m\u1ed9t c\u00e1ch li\u1ec1n m\u1ea1ch gi\u1eefa hai h\u1ec7 th\u1ed1ng, mang l\u1ea1i m\u1ed9t c\u1ea5p \u0111\u1ed9 ti\u1ec7n l\u1ee3i v\u00e0 \u0111\u1ed9 ch\u00ednh x\u00e1c d\u1eef li\u1ec7u m\u1edbi cho c\u01b0 d\u00e2n v\u00e0 c\u00e1c nh\u00e0 qu\u1ea3n l\u00fd b\u1ea5t \u0111\u1ed9ng s\u1ea3n \u1edf Canada.<\/p>\n<p>T\u00ednh n\u0103ng ch\u00ednh c\u1ee7a s\u1ef1 t\u00edch h\u1ee3p n\u00e0y l\u00e0 \u0111\u1ed3ng b\u1ed9 h\u00f3a danh s\u00e1ch c\u01b0 d\u00e2n t\u1eeb n\u1ec1n t\u1ea3ng Condo Control v\u1edbi c\u00e1c thi\u1ebft b\u1ecb li\u00ean l\u1ea1c n\u1ed9i b\u1ed9 c\u1ee7a BAS-IP. Thay v\u00ec quay s\u1ed1 c\u0103n h\u1ed9, kh\u00e1ch \u0111\u1ebfn th\u0103m c\u00f3 th\u1ec3 cu\u1ed9n qua m\u1ed9t danh b\u1ea1 th\u00f4ng minh \u0111\u01b0\u1ee3c s\u1eafp x\u1ebfp theo th\u1ee9 t\u1ef1 b\u1ea3ng ch\u1eef c\u00e1i, ch\u1ea1m v\u00e0o m\u1ed9t t\u00ean v\u00e0 b\u1ea3ng \u0111i\u1ec1u khi\u1ec3n cu\u1ed9c g\u1ecdi s\u1ebd hi\u1ec3n th\u1ecb danh b\u1ea1 v\u1edbi t\u00ean c\u1ee7a c\u01b0 d\u00e2n, mang l\u1ea1i m\u1ed9t c\u00e1ch ti\u1ebfp c\u1eadn tr\u1ef1c quan v\u00e0 l\u1ea5y ng\u01b0\u1eddi d\u00f9ng l\u00e0m trung t\u00e2m h\u01a1n.<\/p>\n<p>H\u1ec7 th\u1ed1ng Condo Control \u0111\u00f3ng vai tr\u00f2 l\u00e0 giao di\u1ec7n ch\u00ednh \u0111\u1ec3 c\u00e1c qu\u1ea3n tr\u1ecb vi\u00ean b\u1ea5t \u0111\u1ed9ng s\u1ea3n d\u1ec5 d\u00e0ng th\u00eam, x\u00f3a v\u00e0 c\u1eadp nh\u1eadt h\u1ed3 s\u01a1 c\u01b0 d\u00e2n. Nh\u1eefng thay \u0111\u1ed5i n\u00e0y s\u1ebd \u0111\u01b0\u1ee3c t\u1ef1 \u0111\u1ed9ng chuy\u1ec3n \u0111\u1ebfn danh b\u1ea1 th\u00f4ng minh c\u1ee7a h\u1ec7 th\u1ed1ng li\u00ean l\u1ea1c n\u1ed9i b\u1ed9 th\u00f4ng qua n\u1ec1n t\u1ea3ng qu\u1ea3n l\u00fd BAS-IP Link, ho\u1ea1t \u0111\u1ed9ng nh\u01b0 m\u1ed9t ph\u1ea7n m\u1ec1m trung gian. BAS-IP Link c\u0169ng qu\u1ea3n l\u00fd qu\u00e1 tr\u00ecnh g\u1ecdi \u0111i\u1ec7n, \u0111\u1ea3m b\u1ea3o giao ti\u1ebfp \u0111\u00e1ng tin c\u1eady.<\/p>\n<p>C\u1ea3i ti\u1ebfn n\u00e0y \u0111\u01b0\u1ee3c th\u1ef1c hi\u1ec7n v\u1edbi mong mu\u1ed1n c\u1ee7a c\u01b0 d\u00e2n Canada, nh\u1eefng ng\u01b0\u1eddi \u0111\u00e3 quen v\u1edbi vi\u1ec7c nh\u1eadn cu\u1ed9c g\u1ecdi tr\u00ean s\u1ed1 \u0111i\u1ec7n tho\u1ea1i di \u0111\u1ed9ng c\u00e1 nh\u00e2n c\u1ee7a h\u1ecd h\u01a1n l\u00e0 tr\u00ean m\u1ed9t thi\u1ebft b\u1ecb c\u1ed1 \u0111\u1ecbnh trong c\u0103n h\u1ed9.<\/p>\n<p>\u201cS\u1ee9 m\u1ec7nh c\u1ee7a ch\u00fang t\u00f4i l\u00e0 s\u1ed1 h\u00f3a v\u00e0 h\u1ee3p l\u00fd h\u00f3a c\u00e1c ho\u1ea1t \u0111\u1ed9ng c\u1ed9ng \u0111\u1ed3ng,\u201d Brian Bosscher, Condo Control, cho bi\u1ebft. \u201cH\u1ee3p t\u00e1c v\u1edbi BAS-IP cho ph\u00e9p c\u00e1c nh\u00e0 qu\u1ea3n l\u00fd c\u1eadp nh\u1eadt d\u1eef li\u1ec7u m\u1ed9t l\u1ea7n v\u00e0 mang \u0111\u1ebfn cho c\u01b0 d\u00e2n quy\u1ec1n truy c\u1eadp di \u0111\u1ed9ng, kh\u00f4ng ma s\u00e1t m\u00e0 h\u1ecd mong \u0111\u1ee3i.\u201d<\/p>\n<p><strong><u>L\u1ee3i \u00edch ch\u00ednh:<\/u><\/strong><\/p>\n<ul>\n<li><b>Kh\u00f4ng c\u00f3 d\u1eef li\u1ec7u tr\u00f9ng l\u1eb7p<\/b> \u2013 h\u1ed3 s\u01a1 c\u01b0 d\u00e2n \u0111\u01b0\u1ee3c t\u1ef1 \u0111\u1ed9ng c\u1eadp nh\u1eadt<\/li>\n<li><b>Cu\u1ed9c g\u1ecdi \u0111\u1ebfn \u0111\u00fang ng\u01b0\u1eddi ngay l\u1ea7n \u0111\u1ea7u ti\u00ean<\/b> \u2013 \u00edt ph\u1ea3i g\u1ecdi l\u1ea1i t\u1eeb s\u1ea3nh h\u01a1n.<\/li>\n<li><b>Tr\u1ea3i nghi\u1ec7m \u01b0u ti\u00ean thi\u1ebft b\u1ecb di \u0111\u1ed9ng<\/b> \u2013 c\u01b0 d\u00e2n c\u00f3 th\u1ec3 tr\u1ea3 l\u1eddi t\u1eeb b\u1ea5t k\u1ef3 \u0111i\u1ec7n tho\u1ea1i di \u0111\u1ed9ng n\u00e0o.<\/li>\n<li><b>Lu\u00f4n c\u1eadp nh\u1eadt:<\/b> s\u1ed1 \u0111i\u1ec7n tho\u1ea1i v\u00e0 th\u00f4ng tin chuy\u1ec3n \u0111\u1ebfn\/chuy\u1ec3n \u0111i \u0111\u01b0\u1ee3c \u0111\u1ed3ng b\u1ed9 h\u00f3a ngay l\u1eadp t\u1ee9c.<\/li>\n<\/ul>\n<p><strong><u>Qu\u00e1 tr\u00ecnh g\u1ecdi \u0111i\u1ec7n \u0111\u00e3 \u0111\u01b0\u1ee3c c\u1ea3i thi\u1ec7n \u0111\u1ec3 \u0111\u1ea1t \u0111\u01b0\u1ee3c s\u1ef1 linh ho\u1ea1t t\u1ed1i \u0111a:<\/u><\/strong><\/p>\n<ul>\n<li><b>G\u1ecdi tr\u1ef1c ti\u1ebfp cho c\u01b0 d\u00e2n:<\/b> Kh\u00e1ch \u0111\u1ebfn th\u0103m c\u00f3 th\u1ec3 g\u1ecdi cho m\u1ed9t c\u01b0 d\u00e2n c\u1ee5 th\u1ec3 tr\u00ean s\u1ed1 \u0111i\u1ec7n tho\u1ea1i c\u00e1 nh\u00e2n c\u1ee7a h\u1ecd ho\u1eb7c trong \u1ee9ng d\u1ee5ng di \u0111\u1ed9ng BAS-IP Link b\u1eb1ng c\u00e1ch ch\u1ecdn t\u00ean c\u1ee7a h\u1ecd t\u1eeb danh b\u1ea1 th\u00f4ng minh ho\u1eb7c quay m\u1ed9t m\u00e3 c\u1ee5 th\u1ec3.<\/li>\n<li><b>G\u1ecdi \u0111\u1ebfn c\u0103n h\u1ed9:<\/b> T\u00f9y ch\u1ecdn truy\u1ec1n th\u1ed1ng \u0111\u1ec3 g\u1ecdi \u0111\u1ed3ng th\u1eddi t\u1ea5t c\u1ea3 c\u01b0 d\u00e2n c\u1ee7a m\u1ed9t c\u0103n h\u1ed9 v\u1eabn kh\u1ea3 d\u1ee5ng.<\/li>\n<li><b>M\u00f4 h\u00ecnh lai:<\/b> C\u1ea3 hai t\u00f9y ch\u1ecdn c\u00f3 th\u1ec3 \u0111\u01b0\u1ee3c h\u1ed7 tr\u1ee3 \u0111\u1ed3ng th\u1eddi tr\u00ean m\u1ed9t thi\u1ebft b\u1ecb g\u1ecdi duy nh\u1ea5t.<\/li>\n<\/ul>\n<p><strong><u>C\u00e1ch th\u1ee9c ho\u1ea1t \u0111\u1ed9ng c\u1ee7a s\u1ef1 t\u00edch h\u1ee3p:<\/u><\/strong><\/p>\n<ul>\n<li><b>\u0110\u0103ng k\u00fd:<\/b> Qu\u1ea3n tr\u1ecb vi\u00ean \u0111\u0103ng k\u00fd m\u1ed9t c\u01b0 d\u00e2n trong h\u1ec7 th\u1ed1ng Condo Control v\u00e0 th\u00eam th\u00f4ng tin li\u00ean h\u1ec7 c\u1ee7a h\u1ecd.<\/li>\n<li><b>\u0110\u1ed3ng b\u1ed9 h\u00f3a:<\/b> M\u00e1y ch\u1ee7 BAS-IP Link t\u1ef1 \u0111\u1ed9ng g\u1eedi d\u1eef li\u1ec7u c\u1ee7a c\u01b0 d\u00e2n \u0111\u1ebfn danh b\u1ea1 th\u00f4ng minh c\u1ee7a b\u1ea3ng \u0111i\u1ec1u khi\u1ec3n cu\u1ed9c g\u1ecdi.<\/li>\n<li><b>Cu\u1ed9c g\u1ecdi:<\/b> M\u1ed9t ng\u01b0\u1eddi giao h\u00e0ng ho\u1eb7c kh\u00e1ch ch\u1ecdn c\u01b0 d\u00e2n b\u1eb1ng t\u00ean ho\u1eb7c quay m\u00e3 c\u1ee7a h\u1ecd.<\/li>\n<li><b>Tr\u1ea3 l\u1eddi:<\/b> C\u01b0 d\u00e2n tr\u1ea3 l\u1eddi cu\u1ed9c g\u1ecdi t\u1eeb b\u1ea3ng \u0111i\u1ec1u khi\u1ec3n tr\u00ean s\u1ed1 \u0111i\u1ec7n tho\u1ea1i di \u0111\u1ed9ng c\u00e1 nh\u00e2n c\u1ee7a h\u1ecd (th\u00f4ng qua Twilio SIP trunk \u0111\u01b0\u1ee3c k\u1ebft n\u1ed1i) ho\u1eb7c trong \u1ee9ng d\u1ee5ng BAS-IP Link.<\/li>\n<li><b>Truy c\u1eadp:<\/b> C\u01b0 d\u00e2n c\u00f3 th\u1ec3 m\u1edf c\u1eeda t\u1eeb xa.<\/li>\n<\/ul>\n<p>S\u1ef1 t\u00edch h\u1ee3p c\u0169ng \u0111\u1ea3m b\u1ea3o c\u1eadp nh\u1eadt d\u1eef li\u1ec7u t\u1ef1 \u0111\u1ed9ng. B\u1ea5t k\u1ef3 thay \u0111\u1ed5i n\u00e0o \u0111\u1ed1i v\u1edbi s\u1ed1 \u0111i\u1ec7n tho\u1ea1i c\u1ee7a c\u01b0 d\u00e2n, vi\u1ec7c x\u00f3a ng\u01b0\u1eddi d\u00f9ng ho\u1eb7c m\u1ed9t phi\u00ean \u1ee9ng d\u1ee5ng di \u0111\u1ed9ng trong h\u1ec7 th\u1ed1ng Condo Control \u0111\u1ec1u \u0111\u01b0\u1ee3c ph\u1ea3n \u00e1nh ngay l\u1eadp t\u1ee9c trong s\u01a1 \u0111\u1ed3 chuy\u1ec3n ti\u1ebfp c\u1ee7a BAS-IP Link, \u0111\u1ea3m b\u1ea3o r\u1eb1ng th\u00f4ng tin li\u00ean h\u1ec7 lu\u00f4n \u0111\u01b0\u1ee3c c\u1eadp nh\u1eadt.<\/p>\n<p>S\u1ef1 t\u00edch h\u1ee3p n\u00e0y \u0111\u1ea1i di\u1ec7n cho m\u1ed9t b\u01b0\u1edbc ti\u1ebfn \u0111\u00e1ng k\u1ec3 trong vi\u1ec7c t\u1ea1o ra kh\u00f4ng gian s\u1ed1ng th\u00f4ng minh v\u00e0 ti\u1ec7n l\u1ee3i h\u01a1n. B\u1eb1ng c\u00e1ch k\u1ebft h\u1ee3p c\u00f4ng ngh\u1ec7 li\u00ean l\u1ea1c n\u1ed9i b\u1ed9 IP ti\u00ean ti\u1ebfn c\u1ee7a BAS-IP v\u1edbi c\u00e1c kh\u1ea3 n\u0103ng qu\u1ea3n l\u00fd b\u1ea5t \u0111\u1ed9ng s\u1ea3n m\u1ea1nh m\u1ebd c\u1ee7a Condo Control, c\u00e1c c\u00f4ng ty \u0111ang cung c\u1ea5p m\u1ed9t gi\u1ea3i ph\u00e1p \u0111\u00e1p \u1ee9ng nhu c\u1ea7u hi\u1ec7n \u0111\u1ea1i c\u1ee7a c\u01b0 d\u00e2n v\u00e0 \u0111\u01a1n gi\u1ea3n h\u00f3a quy tr\u00ecnh l\u00e0m vi\u1ec7c cho c\u00e1c qu\u1ea3n tr\u1ecb vi\u00ean.<\/p>\n\n<!-- START Block Sign Up --><section id=\"block_629678229e935\" class=\"sign-up-section\">\r\n\r\n    <div class=\"form-holder js-form\" data-aos=\"fade-right\">\r\n                    <div class=\"title-block h3\">Sign up for connection<\/div>\r\n        \r\n                    <div class=\"text-block\">\r\n                Filling out all the information needed to answer you as quickly as possible            <\/div>\r\n        \r\n                    \n<div class=\"wpcf7 no-js\" id=\"wpcf7-f102-o1\" lang=\"en-US\" dir=\"ltr\">\n<div class=\"screen-reader-response\"><p role=\"status\" aria-live=\"polite\" aria-atomic=\"true\"><\/p> <ul><\/ul><\/div>\n<form action=\"\/vi\/wp-json\/wp\/v2\/pages\/140979#wpcf7-f102-o1\" method=\"post\" class=\"wpcf7-form init\" aria-label=\"Contact form\" enctype=\"multipart\/form-data\" novalidate=\"novalidate\" data-status=\"init\">\n<div style=\"display: none;\">\n<input type=\"hidden\" name=\"_wpcf7\" value=\"102\" \/>\n<input type=\"hidden\" name=\"_wpcf7_version\" value=\"5.8.3\" \/>\n<input type=\"hidden\" name=\"_wpcf7_locale\" value=\"en_US\" \/>\n<input type=\"hidden\" name=\"_wpcf7_unit_tag\" value=\"wpcf7-f102-o1\" \/>\n<input type=\"hidden\" name=\"_wpcf7_container_post\" value=\"0\" \/>\n<input type=\"hidden\" name=\"_wpcf7_posted_data_hash\" value=\"\" \/>\n<input type=\"hidden\" name=\"_wpcf7_recaptcha_response\" value=\"\" \/>\n<\/div>\n<div class=\"row\"> \n <label><span class=\"label-text\">Name<\/span> \n  <span class=\"wpcf7-form-control-wrap\" data-name=\"text-full-name\"><input size=\"40\" class=\"wpcf7-form-control wpcf7-text wpcf7-validates-as-required\" aria-required=\"true\" aria-invalid=\"false\" placeholder=\"Name\" value=\"\" type=\"text\" name=\"text-full-name\" \/><\/span><\/label> \n<\/div> \n<div class=\"row\"> \n <label><span class=\"label-text\">Phone*<\/span> \n<span class=\"wpcf7-form-control-wrap\" data-name=\"phonetext-270\"><input size=\"40\" class=\"wpcf7-form-control wpcf7-phonetext wpcf7-validates-as-required wpcf7-text wpcf7-validates-as-phonetext\" aria-required=\"true\" aria-invalid=\"false\" placeholder=\"Phone*\" value=\"\" type=\"text\" name=\"phonetext-270\" \/><input type=\"hidden\" name=\"phonetext-270-country-code\" class=\"wpcf7-phonetext-country-code\" \/><\/span><\/label> \n<\/div> \n<div class=\"row\"> \n <label><span class=\"label-text\">E-mail<\/span> \n  <span class=\"wpcf7-form-control-wrap\" data-name=\"email-e-mail\"><input size=\"40\" class=\"wpcf7-form-control wpcf7-email wpcf7-validates-as-required wpcf7-text wpcf7-validates-as-email\" aria-required=\"true\" aria-invalid=\"false\" placeholder=\"E-mail\" value=\"\" type=\"email\" name=\"email-e-mail\" \/><\/span><\/label> \n<\/div> \n<div class=\"row\"><span>Your country<\/span> \n <label><span class=\"wpcf7-form-control-wrap\" data-name=\"countrytext-126\"><input size=\"40\" class=\"wpcf7-form-control wpcf7-countrytext wpcf7-text wpcf7-validates-as-countrytext\" aria-invalid=\"false\" value=\"\" type=\"text\" name=\"countrytext-126\" \/><\/span> <\/label>\n<\/div> \n<div class=\"row\"> \n <button type=\"submit\" class=\"btn\">Send<\/button> \n<\/div> \n<div class=\"row\"> \n <span class=\"wpcf7-form-control-wrap\" data-name=\"checkbox-931\"><span class=\"wpcf7-form-control wpcf7-checkbox\"><span class=\"wpcf7-list-item first\"><label><input type=\"checkbox\" name=\"checkbox-931[]\" value=\"Integrator\" \/><span class=\"wpcf7-list-item-label\">Integrator<\/span><\/label><\/span><span class=\"wpcf7-list-item\"><label><input type=\"checkbox\" name=\"checkbox-931[]\" value=\"Builder\" \/><span class=\"wpcf7-list-item-label\">Builder<\/span><\/label><\/span><span class=\"wpcf7-list-item last\"><label><input type=\"checkbox\" name=\"checkbox-931[]\" value=\"End-User\" \/><span class=\"wpcf7-list-item-label\">End-User<\/span><\/label><\/span><\/span><\/span> \n<\/div> \n<div class=\"row row-upload-file\"> \n <label class=\"upload-file-block js-upload-file\">Attach file \n  <span class=\"wpcf7-form-control-wrap\" data-name=\"file-466\"><input size=\"40\" class=\"wpcf7-form-control wpcf7-file\" accept=\"audio\/*,video\/*,image\/*\" aria-invalid=\"false\" type=\"file\" name=\"file-466\" \/><\/span><\/label> \n<\/div><input type='hidden' class='wpcf7-pum' value='{\"closepopup\":false,\"closedelay\":0,\"openpopup\":false,\"openpopup_id\":0}' \/><div class=\"wpcf7-response-output\" aria-hidden=\"true\"><\/div>\n<\/form>\n<\/div>\n            <\/div>\r\n\r\n\t\t    <div class=\"text-holder\" data-aos=\"fade-left\">\r\n\t\t\t\t\t\t    <h3 class=\"title-block\">How Can We Help?<\/h3>\r\n\t\t\t\r\n\t\t\t                <div class=\"text-block\">\r\n                    Please select a topic below related to your inquiry. If you don&#8217;t find what you need, fill out our contact form.                <\/div>\r\n\t\t\t\r\n\t\t\t\t\t\t    <ul class=\"link-list\">\r\n\t\t\t\t\t\t\t\t\t\t\t\t\t\t\t\t\t\t<li>\r\n\t\t\t\t\t\t\t\t\t\t\t\t\t\t\t\t    <strong>Get Inspired<\/strong>\r\n\t\t\t\t\t\t\t\t\t\t\t\t\t\t\t\t\t\t\t\t\t\t\t\t    <a href=\"\/features\/\">\r\n\t\t\t\t\t\t\t\t        Discover what&#8217;s beneath our intercom\t\t\t\t\t\t\t\t    <\/a>\r\n\t\t\t\t\t\t\t\t\t\t\t\t\t\t\t<\/li>\r\n\t\t\t\t\t\t\t\t\t\t\t\t\t\t\t\t\t\t\t\t\t\t\t\t<li>\r\n\t\t\t\t\t\t\t\t\t\t\t\t\t\t\t\t    <strong>Become a Partner<\/strong>\r\n\t\t\t\t\t\t\t\t\t\t\t\t\t\t\t\t\t\t\t\t\t\t\t\t    <a href=\"\/distributors\/\">\r\n\t\t\t\t\t\t\t\t        Expand your business with BAS-IP intercom\t\t\t\t\t\t\t\t    <\/a>\r\n\t\t\t\t\t\t\t\t\t\t\t\t\t\t\t<\/li>\r\n\t\t\t\t\t\t\t\t\t\t\t\t\t\t\t\t\t\t\t\t\t\t\t\t<li>\r\n\t\t\t\t\t\t\t\t\t\t\t\t\t\t\t\t    <strong>Check the Guides<\/strong>\r\n\t\t\t\t\t\t\t\t\t\t\t\t\t\t\t\t\t\t\t\t\t\t\t\t    <a href=\"\/support\/\">\r\n\t\t\t\t\t\t\t\t        Download detailed manuals and schemes\t\t\t\t\t\t\t\t    <\/a>\r\n\t\t\t\t\t\t\t\t\t\t\t\t\t\t\t<\/li>\r\n\t\t\t\t\t\t\t\t\t\t\t\t\t\t\t<\/ul>\r\n\t\t\t\r\n\t\t\t\t\t\t    <h3 class=\"title-block\">Our contacts<\/h3>\r\n\t\t\t\r\n\t\t\t\t\t\t\t<ul class=\"contact-list\">\r\n\t\t\t\t\t\t\t\t\t\t\t\t\t\t\t\t\t\t<li>\r\n\t\t\t\t\t\t\t\t\t\t\t\t\t\t\t\t\t<strong>Sales:<\/strong>\r\n\t\t\t\t\t\t\t\t\t\t\t\t\t\t\t\t\t\t\t\t\t\t\t\t    <a href=\"mailto:sal&#101;s&#64;b&#97;s-i&#112;&#46;&#99;&#111;&#109;\">&#115;ales&#64;&#98;as&#45;&#105;&#112;.co&#109;<\/a>\r\n\t\t\t\t\t\t\t\t\t\t\t\t\t\t\t<\/li>\r\n\t\t\t\t\t\t\t\t\t\t\t\t\t\t\t\t\t\t\t\t\t\t\t\t<li>\r\n\t\t\t\t\t\t\t\t\t\t\t\t\t\t\t\t\t<strong>Technical support:<\/strong>\r\n\t\t\t\t\t\t\t\t\t\t\t\t\t\t\t\t\t\t\t\t\t\t\t\t    <a href=\"mailto:su&#112;&#112;ort&#64;b&#97;&#115;-&#105;&#112;&#46;com\">s&#117;&#112;port&#64;&#98;&#97;&#115;-&#105;&#112;&#46;com<\/a>\r\n\t\t\t\t\t\t\t\t\t\t\t\t\t\t\t<\/li>\r\n\t\t\t\t\t\t\t\t\t\t\t\t\t\t\t<\/ul>\r\n\t\t\t\t\t<\/div>\r\n\t<\/section>\r\n\r\n\r\n\r\n<!-- END Block Sign Up -->","protected":false},"excerpt":{"rendered":"<p>BAS-IP v\u00e0 Condo Control c\u00f4ng b\u1ed1 t\u00edch h\u1ee3p \u0111\u1ec3 n\u00e2ng cao tr\u1ea3i nghi\u1ec7m s\u1ed1ng cho c\u01b0 d\u00e2n BAS-IP, nh\u00e0 ph\u00e1t tri\u1ec3n h\u00e0ng \u0111\u1ea7u v\u1ec1 h\u1ec7 th\u1ed1ng li\u00ean l\u1ea1c n\u1ed9i b\u1ed9 IP, v\u00e0 Condo Control, n\u1ec1n t\u1ea3ng t\u1ea5t c\u1ea3 trong m\u1ed9t gi\u00fap s\u1ed1 h\u00f3a ho\u1ea1t \u0111\u1ed9ng cho h\u01a1n 2 tri\u1ec7u c\u01b0 d\u00e2n, h\u00f4m nay \u0111\u00e3 c\u00f4ng [&hellip;]<\/p>","protected":false},"author":1,"featured_media":0,"parent":0,"menu_order":0,"comment_status":"closed","ping_status":"closed","template":"page-custom-breadcrumbs.php","meta":{"inline_featured_image":false,"footnotes":""},"class_list":["post-140979","page","type-page","status-publish","hentry"],"acf":[],"_links":{"self":[{"href":"https:\/\/bas-ip.com\/vi\/wp-json\/wp\/v2\/pages\/140979","targetHints":{"allow":["GET"]}}],"collection":[{"href":"https:\/\/bas-ip.com\/vi\/wp-json\/wp\/v2\/pages"}],"about":[{"href":"https:\/\/bas-ip.com\/vi\/wp-json\/wp\/v2\/types\/page"}],"author":[{"embeddable":true,"href":"https:\/\/bas-ip.com\/vi\/wp-json\/wp\/v2\/users\/1"}],"replies":[{"embeddable":true,"href":"https:\/\/bas-ip.com\/vi\/wp-json\/wp\/v2\/comments?post=140979"}],"version-history":[{"count":3,"href":"https:\/\/bas-ip.com\/vi\/wp-json\/wp\/v2\/pages\/140979\/revisions"}],"predecessor-version":[{"id":141028,"href":"https:\/\/bas-ip.com\/vi\/wp-json\/wp\/v2\/pages\/140979\/revisions\/141028"}],"wp:attachment":[{"href":"https:\/\/bas-ip.com\/vi\/wp-json\/wp\/v2\/media?parent=140979"}],"curies":[{"name":"wp","href":"https:\/\/api.w.org\/{rel}","templated":true}]}}