{"id":133978,"date":"2023-03-27T09:32:04","date_gmt":"2023-03-27T09:32:04","guid":{"rendered":"https:\/\/bas-ip.com\/medical\/"},"modified":"2025-03-24T11:17:32","modified_gmt":"2025-03-24T11:17:32","slug":"medical","status":"publish","type":"page","link":"https:\/\/bas-ip.com\/vi\/medical\/","title":{"rendered":"D\u00e0nh cho b\u1ec7nh vi\u1ec7n\/\u0421\u01a1 s\u1edf y t\u1ebf"},"content":{"rendered":"<h1 class=\"wp-block-heading\"><strong>H\u1ec7 th\u1ed1ng li\u00ean l\u1ea1c n\u1ed9i b\u1ed9 b\u1ec7nh vi\u1ec7n c\u1ee7a BAS-IP &#8211; N\u00e2ng cao ch\u0103m s\u00f3c b\u1ec7nh nh\u00e2n<\/strong><\/h1>\n\n\n\n<p>Ng\u00e0nh y t\u1ebf \u0111ang li\u00ean t\u1ee5c ph\u00e1t tri\u1ec3n \u0111\u1ec3 cung c\u1ea5p cho b\u1ec7nh nh\u00e2n s\u1ef1 ch\u0103m s\u00f3c t\u1ed1t nh\u1ea5t c\u00f3 th\u1ec3. V\u00ec giao ti\u1ebfp \u0111\u00f3ng vai tr\u00f2 quan tr\u1ecdng trong vi\u1ec7c cung c\u1ea5p d\u1ecbch v\u1ee5 y t\u1ebf hi\u1ec7u qu\u1ea3 v\u00e0 an to\u00e0n, vi\u1ec7c n\u00e2ng c\u1ea5p l\u00ean h\u1ec7 th\u1ed1ng intercom b\u1ec7nh vi\u1ec7n hi\u1ec7n \u0111\u1ea1i l\u00e0 \u0111i\u1ec1u c\u1ea7n thi\u1ebft. H\u1ec7 th\u1ed1ng intercom y t\u1ebf s\u00e1ng t\u1ea1o c\u1ee7a BAS-IP, \u0111\u01b0\u1ee3c thi\u1ebft k\u1ebf \u0111\u1eb7c bi\u1ec7t cho c\u00e1c ph\u00f2ng s\u1ea1ch v\u00e0 c\u01a1 s\u1edf y t\u1ebf, mang \u0111\u1ebfn s\u1ef1 ti\u1ec7n l\u1ee3i v\u00e0 \u0111\u1ed9 tin c\u1eady v\u01b0\u1ee3t tr\u1ed9i cho c\u00e1c chuy\u00ean gia y t\u1ebf v\u00e0 b\u1ec7nh nh\u00e2n c\u1ee7a h\u1ecd. Trong b\u00e0i vi\u1ebft n\u00e0y, ch\u00fang t\u00f4i s\u1ebd kh\u00e1m ph\u00e1 c\u00e1c t\u00ednh n\u0103ng v\u00e0 l\u1ee3i \u00edch c\u1ee7a h\u1ec7 th\u1ed1ng intercom b\u1ec7nh vi\u1ec7n BAS-IP v\u00e0 c\u00e1ch n\u00f3 c\u00f3 th\u1ec3 c\u00e1ch m\u1ea1ng h\u00f3a c\u00e1ch th\u1ee9c ho\u1ea1t \u0111\u1ed9ng c\u1ee7a c\u00e1c c\u01a1 s\u1edf y t\u1ebf.<\/p>\n\n\n\n<h2 class=\"wp-block-heading\"><strong>S\u1ee9c m\u1ea1nh c\u1ee7a h\u1ec7 th\u1ed1ng li\u00ean l\u1ea1c n\u1ed9i b\u1ed9 b\u1ec7nh vi\u1ec7n BAS-IP<\/strong><\/h2>\n\n\n<!-- START Block Features --><section id=\"block_64304f018b5e4\" class=\"features-section\">\r\n\t\r\n    <div class=\"features-list\">\r\n                    <div class=\"features-item\" data-aos=\"fade-up\">\r\n    <div class=\"features-box\">\r\n                    <div class=\"image-holder\">\r\n                <img loading=\"lazy\" decoding=\"async\" width=\"350\" height=\"320\" src=\"https:\/\/bas-ip.com\/wp-content\/uploads\/2023\/04\/1-2-350x320.jpg\" class=\"attachment-thumbnail_350x320 size-thumbnail_350x320\" alt=\"\" \/>            <\/div>\r\n        \r\n        <div class=\"text-holder\">\r\n                        <h3 class=\"title-block\">T\u00edch h\u1ee3p li\u1ec1n m\u1ea1ch v\u1edbi m\u1ea1ng c\u1ee5c b\u1ed9 IP<\/h3>\r\n          \r\n                        <div class=\"text-block\">\r\n                <p>M\u1ed9t trong nh\u1eefng \u01b0u \u0111i\u1ec3m n\u1ed5i b\u1eadt c\u1ee7a h\u1ec7 th\u1ed1ng intercom y t\u1ebf BAS-IP l\u00e0 kh\u1ea3 n\u0103ng ho\u1ea1t \u0111\u1ed9ng m\u01b0\u1ee3t m\u00e0 trong c\u00f9ng m\u1ed9t m\u1ea1ng IP n\u1ed9i b\u1ed9. S\u1ef1 t\u01b0\u01a1ng th\u00edch n\u00e0y \u0111\u1ea3m b\u1ea3o vi\u1ec7c giao ti\u1ebfp gi\u1eefa c\u00e1c thi\u1ebft b\u1ecb intercom kh\u00e1c nhau di\u1ec5n ra su\u00f4n s\u1ebb, gi\u1ea3m \u0111\u1ed9 tr\u1ec5 v\u00e0 c\u1ea3i thi\u1ec7n hi\u1ec7u qu\u1ea3 t\u1ed5ng th\u1ec3.<\/p>\n              <\/div>\r\n                  <\/div>\r\n    <\/div>\r\n<\/div>\r\n                    <div class=\"features-item\" data-aos=\"fade-up\">\r\n    <div class=\"features-box\">\r\n                    <div class=\"image-holder\">\r\n                <img loading=\"lazy\" decoding=\"async\" width=\"350\" height=\"320\" src=\"https:\/\/bas-ip.com\/wp-content\/uploads\/2023\/04\/2-2-350x320.jpg\" class=\"attachment-thumbnail_350x320 size-thumbnail_350x320\" alt=\"\" \/>            <\/div>\r\n        \r\n        <div class=\"text-holder\">\r\n                        <h3 class=\"title-block\">C\u00e1c t\u00ednh n\u0103ng n\u00e2ng cao \u0111\u1ec3 c\u1ea3i thi\u1ec7n giao ti\u1ebfp<\/h3>\r\n          \r\n                        <div class=\"text-block\">\r\n                <p>BAS-IP cung c\u1ea5p m\u1ed9t lo\u1ea1t c\u00e1c t\u00ednh n\u0103ng \u0111\u1ed9c \u0111\u00e1o cho h\u1ec7 th\u1ed1ng intercom b\u1ec7nh vi\u1ec7n c\u1ee7a h\u1ecd, gi\u00fap n\u00f3 n\u1ed5i b\u1eadt so v\u1edbi c\u00e1c \u0111\u1ed1i th\u1ee7 c\u1ea1nh tranh. M\u1ed9t s\u1ed1 t\u00ednh n\u0103ng n\u00e0y bao g\u1ed3m cu\u1ed9c g\u1ecdi video HD, ki\u1ec3m so\u00e1t truy c\u1eadp v\u00e0 kh\u1ea3 n\u0103ng t\u01b0\u01a1ng th\u00edch v\u1edbi c\u00e1c thi\u1ebft b\u1ecb IP kh\u00e1c nhau, \u0111\u1ea3m b\u1ea3o giao ti\u1ebfp li\u1ec1n m\u1ea1ch v\u00e0 t\u0103ng c\u01b0\u1eddng an ninh cho c\u00e1c c\u01a1 s\u1edf y t\u1ebf.<\/p>\n              <\/div>\r\n                  <\/div>\r\n    <\/div>\r\n<\/div>\r\n                    <div class=\"features-item\" data-aos=\"fade-up\">\r\n    <div class=\"features-box\">\r\n                    <div class=\"image-holder\">\r\n                <img loading=\"lazy\" decoding=\"async\" width=\"350\" height=\"320\" src=\"https:\/\/bas-ip.com\/wp-content\/uploads\/2023\/04\/3-2-350x320.jpg\" class=\"attachment-thumbnail_350x320 size-thumbnail_350x320\" alt=\"\" \/>            <\/div>\r\n        \r\n        <div class=\"text-holder\">\r\n                        <h3 class=\"title-block\">Kh\u1ea3 n\u0103ng li\u00ean l\u1ea1c n\u1ed9i b\u1ed9 ph\u00f2ng s\u1ea1ch<\/h3>\r\n          \r\n                        <div class=\"text-block\">\r\n                <p>C\u00e1c ph\u00f2ng s\u1ea1ch y\u00eau c\u1ea7u ti\u00eau chu\u1ea9n v\u1ec7 sinh nghi\u00eam ng\u1eb7t, v\u00e0 h\u1ec7 th\u1ed1ng intercom b\u1ec7nh vi\u1ec7n c\u1ee7a BAS-IP \u0111\u01b0\u1ee3c thi\u1ebft k\u1ebf \u0111\u1ec3 \u0111\u00e1p \u1ee9ng nh\u1eefng y\u00eau c\u1ea7u n\u00e0y. H\u1ec7 th\u1ed1ng intercom cho ph\u00f2ng s\u1ea1ch \u0111\u1ea3m b\u1ea3o giao ti\u1ebfp gi\u1eefa c\u00e1c chuy\u00ean gia y t\u1ebf kh\u00f4ng b\u1ecb gi\u00e1n \u0111o\u1ea1n m\u00e0 kh\u00f4ng l\u00e0m \u1ea3nh h\u01b0\u1edfng \u0111\u1ebfn t\u00ednh v\u00f4 tr\u00f9ng v\u00e0 an to\u00e0n c\u1ee7a nh\u1eefng m\u00f4i tr\u01b0\u1eddng chuy\u00ean bi\u1ec7t n\u00e0y.<\/p>\n              <\/div>\r\n                  <\/div>\r\n    <\/div>\r\n<\/div>\r\n            <\/div>\r\n<\/section>\r\n<!-- END Block Features -->\n\n\n<h2 class=\"wp-block-heading\"><strong>Linh ki\u1ec7n ph\u1ea7n c\u1ee9ng ch\u1ea5t l\u01b0\u1ee3ng cao c\u1ee7a BAS-IP<\/strong><\/h2>\n\n\n<!-- START Block Features --><section id=\"block_64304f888b5e8\" class=\"features-section\">\r\n\t\r\n    <div class=\"features-list\">\r\n                    <div class=\"features-item\" data-aos=\"fade-up\">\r\n    <div class=\"features-box\">\r\n                    <div class=\"image-holder\">\r\n                <img loading=\"lazy\" decoding=\"async\" width=\"350\" height=\"320\" src=\"https:\/\/bas-ip.com\/wp-content\/uploads\/2023\/04\/4-2-350x320.jpg\" class=\"attachment-thumbnail_350x320 size-thumbnail_350x320\" alt=\"\" \/>            <\/div>\r\n        \r\n        <div class=\"text-holder\">\r\n                        <h3 class=\"title-block\">AV-04AFD \u2013 Thi\u1ebft b\u1ecb li\u00ean l\u1ea1c n\u1ed9i b\u1ed9 t\u1ed1i \u01b0u<\/h3>\r\n          \r\n                        <div class=\"text-block\">\r\n                <p>AV-04AFD l\u00e0 m\u1ed9t thi\u1ebft b\u1ecb intercom \u0111a n\u0103ng \u0111\u01b0\u1ee3c thi\u1ebft k\u1ebf \u0111\u1ec3 cung c\u1ea5p hi\u1ec7u su\u1ea5t tuy\u1ec7t v\u1eddi cho c\u00e1c c\u01a1 s\u1edf y t\u1ebf. V\u1edbi kh\u1ea3 n\u0103ng g\u1ecdi \u00e2m thanh HD, t\u00edch h\u1ee3p ki\u1ec3m so\u00e1t truy c\u1eadp v\u00e0 t\u01b0\u01a1ng th\u00edch v\u1edbi c\u00e1c thi\u1ebft b\u1ecb IP kh\u00e1c nhau, n\u00f3 mang l\u1ea1i c\u00e1c t\u00ednh n\u0103ng giao ti\u1ebfp v\u00e0 b\u1ea3o m\u1eadt v\u01b0\u1ee3t tr\u1ed9i trong m\u1ed9t thi\u1ebft k\u1ebf tinh t\u1ebf v\u00e0 hi\u1ec7n \u0111\u1ea1i.<\/p>\n              <\/div>\r\n                  <\/div>\r\n    <\/div>\r\n<\/div>\r\n                    <div class=\"features-item\" data-aos=\"fade-up\">\r\n    <div class=\"features-box\">\r\n                    <div class=\"image-holder\">\r\n                <img loading=\"lazy\" decoding=\"async\" width=\"350\" height=\"320\" src=\"https:\/\/bas-ip.com\/wp-content\/uploads\/2023\/04\/5-3-350x320.jpg\" class=\"attachment-thumbnail_350x320 size-thumbnail_350x320\" alt=\"\" \/>            <\/div>\r\n        \r\n        <div class=\"text-holder\">\r\n                        <h3 class=\"title-block\">AM-02 \u2013 Nh\u00e0 ga Consierge hi\u1ec7u qu\u1ea3<\/h3>\r\n          \r\n                        <div class=\"text-block\">\r\n                <p>Thi\u1ebft b\u1ecb terminal AM-02 cho d\u1ecbch v\u1ee5 h\u00e0nh ch\u00ednh \u0111\u1ea3m b\u1ea3o giao ti\u1ebfp r\u00f5 r\u00e0ng v\u00e0 \u0111\u00e1ng tin c\u1eady gi\u1eefa c\u00e1c chuy\u00ean gia y t\u1ebf. Thi\u1ebft b\u1ecb d\u1ec5 d\u00e0ng l\u1eafp \u0111\u1eb7t n\u00e0y c\u00f3 th\u1ec3 t\u00edch h\u1ee3p m\u01b0\u1ee3t m\u00e0 v\u00e0o h\u1ec7 th\u1ed1ng intercom b\u1ec7nh vi\u1ec7n, cung c\u1ea5p m\u1ed9t gi\u1ea3i ph\u00e1p hi\u1ec7u qu\u1ea3 v\u00e0 ti\u1ebft ki\u1ec7m chi ph\u00ed cho c\u00e1c c\u01a1 s\u1edf y t\u1ebf.<\/p>\n              <\/div>\r\n                  <\/div>\r\n    <\/div>\r\n<\/div>\r\n                    <div class=\"features-item\" data-aos=\"fade-up\">\r\n    <div class=\"features-box\">\r\n                    <div class=\"image-holder\">\r\n                <img loading=\"lazy\" decoding=\"async\" width=\"350\" height=\"320\" src=\"https:\/\/bas-ip.com\/wp-content\/uploads\/2023\/04\/6-2-350x320.jpg\" class=\"attachment-thumbnail_350x320 size-thumbnail_350x320\" alt=\"\" \/>            <\/div>\r\n        \r\n        <div class=\"text-holder\">\r\n                        <h3 class=\"title-block\">SH-31TM &#8211; M\u00f4-\u0111un nhi\u1ec7t \u0111\u1ed9 b\u1ea3ng \u0111i\u1ec1u khi\u1ec3n \u0111\u1ea7u v\u00e0o<\/h3>\r\n          \r\n                        <div class=\"text-block\">\r\n                <p>M\u00f4-\u0111un nhi\u1ec7t \u0111\u1ed9 c\u1ee7a intercom c\u1eeda v\u1edbi \u0111o nhi\u1ec7t \u0111\u1ed9 c\u1ed5 tay kh\u00f4ng ti\u1ebfp x\u00fac l\u00e0 m\u1ed9t ph\u1ea7n thi\u1ebft y\u1ebfu trong h\u1ec7 th\u1ed1ng intercom b\u1ec7nh vi\u1ec7n. Thi\u1ebft b\u1ecb s\u00e1ng t\u1ea1o n\u00e0y k\u1ebft h\u1ee3p ki\u1ec3m so\u00e1t truy c\u1eadp v\u00e0 c\u00e1c t\u00ednh n\u0103ng ki\u1ec3m tra s\u1ee9c kh\u1ecfe \u0111\u1ec3 \u0111\u1ea3m b\u1ea3o m\u1ed9t m\u00f4i tr\u01b0\u1eddng an to\u00e0n v\u00e0 b\u1ea3o m\u1eadt cho c\u1ea3 b\u1ec7nh nh\u00e2n v\u00e0 nh\u00e2n vi\u00ean trong c\u00e1c c\u01a1 s\u1edf y t\u1ebf.<\/p>\n              <\/div>\r\n                  <\/div>\r\n    <\/div>\r\n<\/div>\r\n            <\/div>\r\n<\/section>\r\n<!-- END Block Features -->\n\n<!-- START Block FAQ --><section id=\"block_642163c6f4e28\" class=\"faq-section\">\r\n\t\t    <h2 class=\"title-section\" data-aos=\"fade-right\">Nh\u1eefng c\u00e2u h\u1ecfi th\u01b0\u1eddng g\u1eb7p (FAQ)<\/h2>\r\n\t\t\t    <div class=\"faq-list js-accordion\" data-aos=\"fade-up\">\r\n\t\t\t\t\t\t\t\t\t\t\t    <div class=\"accordion-item faq-item\">\r\n                        <div class=\"accordion-opener\">\r\n                            Q: H\u1ec7 th\u1ed1ng li\u00ean l\u1ea1c n\u1ed9i b\u1ed9 b\u1ec7nh vi\u1ec7n BAS-IP c\u1ea3i thi\u1ec7n hi\u1ec7u qu\u1ea3 t\u1ea1i c\u00e1c c\u01a1 s\u1edf y t\u1ebf nh\u01b0 th\u1ebf n\u00e0o?                            <i class=\"fa-solid fa-chevron-down\"><\/i>\r\n                        <\/div>\r\n                        <div class=\"accordion-slide\">\r\n\t\t\t\t\t\t    <p>H\u1ec7 th\u1ed1ng intercom b\u1ec7nh vi\u1ec7n c\u1ee7a BAS-IP gi\u00fap c\u00e1c chuy\u00ean gia y t\u1ebf giao ti\u1ebfp m\u01b0\u1ee3t m\u00e0 v\u00e0 an to\u00e0n, n\u00e2ng cao hi\u1ec7u qu\u1ea3 t\u1ed5ng th\u1ec3. B\u1eb1ng c\u00e1ch t\u00edch h\u1ee3p c\u00e1c t\u00ednh n\u0103ng ti\u00ean ti\u1ebfn nh\u01b0 cu\u1ed9c g\u1ecdi \u00e2m thanh v\u00e0 video HD, ki\u1ec3m so\u00e1t truy c\u1eadp v\u00e0 kh\u1ea3 n\u0103ng t\u01b0\u01a1ng th\u00edch v\u1edbi c\u00e1c thi\u1ebft b\u1ecb IP kh\u00e1c nhau, h\u1ec7 th\u1ed1ng t\u1ed1i \u01b0u h\u00f3a giao ti\u1ebfp v\u00e0 gi\u1ea3m th\u1eddi gian ph\u1ea3n h\u1ed3i trong c\u00e1c t\u00ecnh hu\u1ed1ng kh\u1ea9n c\u1ea5p.<\/p>\n                        <\/div>\r\n\t\t\t\t\t<\/div>\r\n\t\t\t\t\t\t\t\t\t\t\t\t\t\t\t    <div class=\"accordion-item faq-item\">\r\n                        <div class=\"accordion-opener\">\r\n                            Q: H\u1ec7 th\u1ed1ng li\u00ean l\u1ea1c n\u1ed9i b\u1ed9 b\u1ec7nh vi\u1ec7n BAS-IP c\u00f3 th\u1ec3 \u0111\u01b0\u1ee3c t\u00f9y ch\u1ec9nh \u0111\u1ec3 ph\u00f9 h\u1ee3p v\u1edbi y\u00eau c\u1ea7u c\u1ee7a c\u01a1 s\u1edf y t\u1ebf c\u1ee5 th\u1ec3 kh\u00f4ng?                            <i class=\"fa-solid fa-chevron-down\"><\/i>\r\n                        <\/div>\r\n                        <div class=\"accordion-slide\">\r\n\t\t\t\t\t\t    <p>\u0110\u00fang v\u1eady, h\u1ec7 th\u1ed1ng intercom b\u1ec7nh vi\u1ec7n BAS-IP c\u00f3 th\u1ec3 \u0111\u01b0\u1ee3c t\u00f9y ch\u1ec9nh \u0111\u1ec3 \u0111\u00e1p \u1ee9ng c\u00e1c nhu c\u1ea7u c\u1ee5 th\u1ec3 c\u1ee7a m\u1ed9t c\u01a1 s\u1edf y t\u1ebf. S\u1ef1 t\u01b0\u01a1ng th\u00edch v\u1edbi c\u00e1c thi\u1ebft b\u1ecb IP kh\u00e1c nhau v\u00e0 kh\u1ea3 n\u0103ng t\u00edch h\u1ee3p m\u01b0\u1ee3t m\u00e0 v\u1edbi m\u1ea1ng IP n\u1ed9i b\u1ed9 \u0111\u1ea3m b\u1ea3o r\u1eb1ng h\u1ec7 th\u1ed1ng c\u00f3 th\u1ec3 \u0111\u01b0\u1ee3c t\u00f9y ch\u1ec9nh \u0111\u1ec3 cung c\u1ea5p gi\u1ea3i ph\u00e1p giao ti\u1ebfp hi\u1ec7u qu\u1ea3 v\u00e0 t\u1ed1i \u01b0u nh\u1ea5t cho c\u01a1 s\u1edf c\u1ee7a b\u1ea1n.<\/p>\n                        <\/div>\r\n\t\t\t\t\t<\/div>\r\n\t\t\t\t\t\t\t\t\t\t\t\t\t\t\t    <div class=\"accordion-item faq-item\">\r\n                        <div class=\"accordion-opener\">\r\n                            Q: \u0110i\u1ec1u g\u00ec l\u00e0m cho h\u1ec7 th\u1ed1ng li\u00ean l\u1ea1c n\u1ed9i b\u1ed9 ph\u00f2ng s\u1ea1ch BAS-IP ph\u00f9 h\u1ee3p v\u1edbi m\u00f4i tr\u01b0\u1eddng v\u00f4 tr\u00f9ng?                            <i class=\"fa-solid fa-chevron-down\"><\/i>\r\n                        <\/div>\r\n                        <div class=\"accordion-slide\">\r\n\t\t\t\t\t\t    <p>Intercom ph\u00f2ng s\u1ea1ch c\u1ee7a BAS-IP \u0111\u01b0\u1ee3c thi\u1ebft k\u1ebf \u0111\u1ec3 \u0111\u00e1p \u1ee9ng c\u00e1c ti\u00eau chu\u1ea9n v\u1ec7 sinh nghi\u00eam ng\u1eb7t y\u00eau c\u1ea7u trong c\u00e1c m\u00f4i tr\u01b0\u1eddng v\u00f4 tr\u00f9ng. H\u1ec7 th\u1ed1ng \u0111\u1ea3m b\u1ea3o giao ti\u1ebfp kh\u00f4ng b\u1ecb gi\u00e1n \u0111o\u1ea1n m\u00e0 kh\u00f4ng l\u00e0m \u1ea3nh h\u01b0\u1edfng \u0111\u1ebfn t\u00ednh v\u00f4 tr\u00f9ng v\u00e0 an to\u00e0n c\u1ee7a c\u00e1c ph\u00f2ng s\u1ea1ch, l\u00e0 l\u1ef1a ch\u1ecdn l\u00fd t\u01b0\u1edfng cho c\u00e1c c\u01a1 s\u1edf y t\u1ebf c\u00f3 y\u00eau c\u1ea7u v\u1ec7 sinh nghi\u00eam ng\u1eb7t.<\/p>\n                        <\/div>\r\n\t\t\t\t\t<\/div>\r\n\t\t\t\t\t\t\t\t\t\t\t\t\t\t\t    <div class=\"accordion-item faq-item\">\r\n                        <div class=\"accordion-opener\">\r\n                            Q: Vi\u1ec7c c\u00e0i \u0111\u1eb7t v\u00e0 b\u1ea3o tr\u00ec h\u1ec7 th\u1ed1ng li\u00ean l\u1ea1c n\u1ed9i b\u1ed9 b\u1ec7nh vi\u1ec7n BAS-IP c\u00f3 d\u1ec5 kh\u00f4ng?                            <i class=\"fa-solid fa-chevron-down\"><\/i>\r\n                        <\/div>\r\n                        <div class=\"accordion-slide\">\r\n\t\t\t\t\t\t    <p>H\u1ec7 th\u1ed1ng intercom b\u1ec7nh vi\u1ec7n c\u1ee7a BAS-IP \u0111\u01b0\u1ee3c thi\u1ebft k\u1ebf \u0111\u1ec3 l\u1eafp \u0111\u1eb7t v\u00e0 b\u1ea3o tr\u00ec d\u1ec5 d\u00e0ng. Vi\u1ec7c t\u00edch h\u1ee3p m\u01b0\u1ee3t m\u00e0 h\u1ec7 th\u1ed1ng v\u1edbi m\u1ea1ng IP n\u1ed9i b\u1ed9 gi\u00fap \u0111\u01a1n gi\u1ea3n h\u00f3a quy tr\u00ecnh l\u1eafp \u0111\u1eb7t, trong khi c\u00e1c th\u00e0nh ph\u1ea7n ph\u1ea7n c\u1ee9ng ch\u1ea5t l\u01b0\u1ee3ng cao, nh\u01b0 AV-04AFD v\u00e0 AM-02, \u0111\u1ea3m b\u1ea3o \u0111\u1ed9 tin c\u1eady v\u00e0 b\u1ec1n b\u1ec9 trong su\u1ed1t qu\u00e1 tr\u00ecnh s\u1eed d\u1ee5ng l\u00e2u d\u00e0i.<\/p>\n                        <\/div>\r\n\t\t\t\t\t<\/div>\r\n\t\t\t\t\t\t\t\t\t<\/div>\r\n\t<\/section>\r\n<!-- END Block FAQ -->\n\n\n<p>H\u1ec7 th\u1ed1ng intercom b\u1ec7nh vi\u1ec7n c\u1ee7a BAS-IP cung c\u1ea5p m\u1ed9t gi\u1ea3i ph\u00e1p giao ti\u1ebfp ti\u00ean ti\u1ebfn cho c\u00e1c c\u01a1 s\u1edf y t\u1ebf, n\u00e2ng cao hi\u1ec7u qu\u1ea3, an ninh v\u00e0 v\u1ec7 sinh. N\u00e2ng c\u1ea5p h\u1ec7 th\u1ed1ng intercom b\u1ec7nh vi\u1ec7n BAS-IP ngay h\u00f4m nay v\u00e0 tr\u1ea3i nghi\u1ec7m s\u1ef1 kh\u00e1c bi\u1ec7t trong giao ti\u1ebfp v\u00e0 ho\u1ea1t \u0111\u1ed9ng c\u1ee7a c\u01a1 s\u1edf y t\u1ebf c\u1ee7a b\u1ea1n.<\/p>","protected":false},"excerpt":{"rendered":"<p>H\u1ec7 th\u1ed1ng li\u00ean l\u1ea1c n\u1ed9i b\u1ed9 b\u1ec7nh vi\u1ec7n c\u1ee7a BAS-IP &#8211; N\u00e2ng cao ch\u0103m s\u00f3c b\u1ec7nh nh\u00e2n Ng\u00e0nh y t\u1ebf \u0111ang li\u00ean t\u1ee5c ph\u00e1t tri\u1ec3n \u0111\u1ec3 cung c\u1ea5p cho b\u1ec7nh nh\u00e2n s\u1ef1 ch\u0103m s\u00f3c t\u1ed1t nh\u1ea5t c\u00f3 th\u1ec3. V\u00ec giao ti\u1ebfp \u0111\u00f3ng vai tr\u00f2 quan tr\u1ecdng trong vi\u1ec7c cung c\u1ea5p d\u1ecbch v\u1ee5 y t\u1ebf hi\u1ec7u [&hellip;]<\/p>","protected":false},"author":1,"featured_media":0,"parent":0,"menu_order":0,"comment_status":"closed","ping_status":"closed","template":"","meta":{"inline_featured_image":false,"footnotes":""},"class_list":["post-133978","page","type-page","status-publish","hentry"],"acf":[],"_links":{"self":[{"href":"https:\/\/bas-ip.com\/vi\/wp-json\/wp\/v2\/pages\/133978","targetHints":{"allow":["GET"]}}],"collection":[{"href":"https:\/\/bas-ip.com\/vi\/wp-json\/wp\/v2\/pages"}],"about":[{"href":"https:\/\/bas-ip.com\/vi\/wp-json\/wp\/v2\/types\/page"}],"author":[{"embeddable":true,"href":"https:\/\/bas-ip.com\/vi\/wp-json\/wp\/v2\/users\/1"}],"replies":[{"embeddable":true,"href":"https:\/\/bas-ip.com\/vi\/wp-json\/wp\/v2\/comments?post=133978"}],"version-history":[{"count":3,"href":"https:\/\/bas-ip.com\/vi\/wp-json\/wp\/v2\/pages\/133978\/revisions"}],"predecessor-version":[{"id":134073,"href":"https:\/\/bas-ip.com\/vi\/wp-json\/wp\/v2\/pages\/133978\/revisions\/134073"}],"wp:attachment":[{"href":"https:\/\/bas-ip.com\/vi\/wp-json\/wp\/v2\/media?parent=133978"}],"curies":[{"name":"wp","href":"https:\/\/api.w.org\/{rel}","templated":true}]}}