{"id":133516,"date":"2023-03-27T12:22:38","date_gmt":"2023-03-27T12:22:38","guid":{"rendered":"https:\/\/bas-ip.com\/school\/"},"modified":"2025-03-13T12:01:41","modified_gmt":"2025-03-13T12:01:41","slug":"school","status":"publish","type":"page","link":"https:\/\/bas-ip.com\/vi\/school\/","title":{"rendered":"Tr\u01b0\u1eddng h\u1ecdc"},"content":{"rendered":"<h1 class=\"wp-block-heading\"><strong>H\u1ec7 th\u1ed1ng li\u00ean l\u1ea1c n\u1ed9i b\u1ed9 cho tr\u01b0\u1eddng h\u1ecdc<\/strong><\/h1>\n\n\n\n<p>Trong th\u1ebf gi\u1edbi ng\u00e0y nay, giao ti\u1ebfp li\u1ec1n m\u1ea1ch v\u00e0 an ninh l\u00e0 nh\u1eefng y\u1ebfu t\u1ed1 thi\u1ebft y\u1ebfu c\u1ee7a b\u1ea5t k\u1ef3 c\u01a1 s\u1edf gi\u00e1o d\u1ee5c n\u00e0o. H\u1ec7 th\u1ed1ng li\u00ean l\u1ea1c n\u1ed9i b\u1ed9 tr\u01b0\u1eddng h\u1ecdc hi\u1ec7u qu\u1ea3 kh\u00f4ng ch\u1ec9 \u0111\u1ea3m b\u1ea3o giao ti\u1ebfp nhanh ch\u00f3ng m\u00e0 c\u00f2n n\u00e2ng cao s\u1ef1 an to\u00e0n cho h\u1ecdc sinh, gi\u1ea3ng vi\u00ean v\u00e0 nh\u00e2n vi\u00ean. H\u1ec7 th\u1ed1ng li\u00ean l\u1ea1c n\u1ed9i b\u1ed9 BAS-IP d\u00e0nh cho tr\u01b0\u1eddng h\u1ecdc ch\u00ednh l\u00e0 gi\u1ea3i ph\u00e1p t\u1ed1i \u01b0u k\u1ebft h\u1ee3p c\u00f4ng ngh\u1ec7 m\u1ea1nh m\u1ebd, t\u00ednh n\u0103ng s\u00e1ng t\u1ea1o v\u00e0 hi\u1ec7u su\u1ea5t v\u01b0\u1ee3t tr\u1ed9i. B\u00e0i vi\u1ebft n\u00e0y s\u1ebd \u0111i s\u00e2u v\u00e0o c\u00e1c t\u00ednh n\u0103ng v\u00e0 l\u1ee3i \u00edch ch\u00ednh c\u1ee7a h\u1ec7 th\u1ed1ng li\u00ean l\u1ea1c n\u1ed9i b\u1ed9 BAS-IP, gi\u1ea3i th\u00edch l\u00fd do t\u1ea1i sao ch\u00fang l\u00e0 s\u1ef1 l\u1ef1a ch\u1ecdn t\u1ed1t nh\u1ea5t cho tr\u01b0\u1eddng h\u1ecdc c\u1ee7a b\u1ea1n.<\/p>\n\n\n\n<h2 class=\"wp-block-heading\"><strong>S\u1ee9c m\u1ea1nh c\u1ee7a IP Intercom cho tr\u01b0\u1eddng h\u1ecdc<\/strong><\/h2>\n\n\n\n<h3 class=\"wp-block-heading\"><strong>H\u1ec7 th\u1ed1ng li\u00ean l\u1ea1c n\u1ed9i b\u1ed9 IP c\u00f3 d\u00e2y: S\u1ef1 l\u1ef1a ch\u1ecdn tuy\u1ec7t v\u1eddi<\/strong><\/h3>\n\n\n\n<p>Trong khi h\u1ec7 th\u1ed1ng li\u00ean l\u1ea1c n\u1ed9i b\u1ed9 kh\u00f4ng d\u00e2y mang l\u1ea1i m\u1ed9t m\u1ee9c \u0111\u1ed9 ti\u1ec7n l\u1ee3i nh\u1ea5t \u0111\u1ecbnh, h\u1ec7 th\u1ed1ng li\u00ean l\u1ea1c n\u1ed9i b\u1ed9 IP c\u00f3 d\u00e2y cung c\u1ea5p m\u1ee9c \u0111\u1ed9 \u0111\u1ed9 tin c\u1eady, an ninh v\u00e0 hi\u1ec7u su\u1ea5t cao h\u01a1n. Khi s\u1eed d\u1ee5ng h\u1ec7 th\u1ed1ng li\u00ean l\u1ea1c n\u1ed9i b\u1ed9 BAS-IP cho tr\u01b0\u1eddng h\u1ecdc, b\u1ea1n \u0111ang \u0111\u1ea7u t\u01b0 v\u00e0o m\u1ed9t gi\u1ea3i ph\u00e1p an to\u00e0n v\u00e0 \u1ed5n \u0111\u1ecbnh, \u0111\u1ea3m b\u1ea3o giao ti\u1ebfp v\u00e0 ki\u1ec3m so\u00e1t kh\u00f4ng b\u1ecb gi\u00e1n \u0111o\u1ea1n.<\/p>\n\n\n\n<h3 class=\"wp-block-heading\"><strong>M\u1ed9t gi\u1ea3i ph\u00e1p to\u00e0n di\u1ec7n cho c\u00e1c t\u1ed5 ch\u1ee9c gi\u00e1o d\u1ee5c<\/strong><\/h3>\n\n\n\n<p>H\u1ec7 th\u1ed1ng li\u00ean l\u1ea1c n\u1ed9i b\u1ed9 BAS-IP \u0111\u01b0\u1ee3c thi\u1ebft k\u1ebf \u0111\u1ec3 ph\u1ee5c v\u1ee5 c\u00e1c tr\u01b0\u1eddng h\u1ecdc, khu\u00f4n vi\u00ean v\u00e0 c\u00e1c tr\u01b0\u1eddng \u0111\u1ea1i h\u1ecdc. N\u00f3 t\u00edch h\u1ee3p m\u01b0\u1ee3t m\u00e0 c\u00e1c b\u1ea3ng \u0111i\u1ec1u khi\u1ec3n \u00e2m thanh, c\u00e1c tr\u1ea1m l\u1ec5 t\u00e2n v\u00e0 c\u00e1c c\u00f4ng t\u1eafc POE, t\u1ea1o ra m\u1ed9t m\u1ea1ng l\u01b0\u1edbi giao ti\u1ebfp th\u1ed1ng nh\u1ea5t v\u1eeba hi\u1ec7u qu\u1ea3 l\u1ea1i ti\u1ebft ki\u1ec7m chi ph\u00ed. V\u1edbi nh\u1eefng t\u00ednh n\u0103ng \u0111\u1ed9c \u0111\u00e1o, ch\u1eb3ng h\u1ea1n nh\u01b0 gi\u00e1m s\u00e1t nhi\u1ec7t \u0111\u1ed9 t\u1ea1i c\u1ed5ng tr\u01b0\u1eddng, h\u1ec7 th\u1ed1ng li\u00ean l\u1ea1c n\u00e0y \u0111\u1ea3m b\u1ea3o an to\u00e0n v\u00e0 s\u1ef1 tho\u1ea3i m\u00e1i t\u1ed1i \u01b0u cho t\u1ea5t c\u1ea3 ng\u01b0\u1eddi d\u00f9ng.<\/p>\n\n\n\n<h2 class=\"wp-block-heading\"><strong>C\u00e1c th\u00e0nh ph\u1ea7n ch\u00ednh c\u1ee7a h\u1ec7 th\u1ed1ng li\u00ean l\u1ea1c n\u1ed9i b\u1ed9 tr\u01b0\u1eddng h\u1ecdc BAS-IP<\/strong><\/h2>\n\n\n<!-- START Block Features --><section id=\"block_6430565dc8a2b\" class=\"features-section\">\r\n\t\r\n    <div class=\"features-list\">\r\n                    <div class=\"features-item\" data-aos=\"fade-up\">\r\n    <div class=\"features-box\">\r\n                    <div class=\"image-holder\">\r\n                <img loading=\"lazy\" decoding=\"async\" width=\"350\" height=\"320\" src=\"https:\/\/bas-ip.com\/wp-content\/uploads\/2023\/04\/1-4-350x320.jpg\" class=\"attachment-thumbnail_350x320 size-thumbnail_350x320\" alt=\"\" \/>            <\/div>\r\n        \r\n        <div class=\"text-holder\">\r\n                        <h3 class=\"title-block\">B\u1ea3ng \u0111i\u1ec1u khi\u1ec3n \u00e2m thanh BAS-IP AV-04AFD<\/h3>\r\n          \r\n                        <div class=\"text-block\">\r\n                <p>B\u1ea3ng \u0111i\u1ec1u khi\u1ec3n \u00e2m thanh AV-04AFD l\u00e0 m\u1ed9t gi\u1ea3i ph\u00e1p li\u00ean l\u1ea1c n\u1ed9i b\u1ed9 ti\u1ebft ki\u1ec7m v\u00e0 \u0111\u1ea7y \u0111\u1ee7 t\u00ednh n\u0103ng, \u0111\u01b0\u1ee3c thi\u1ebft k\u1ebf \u0111\u1eb7c bi\u1ec7t cho c\u00e1c c\u01a1 s\u1edf gi\u00e1o d\u1ee5c. N\u00f3 cho ph\u00e9p giao ti\u1ebfp r\u00f5 r\u00e0ng gi\u1eefa c\u00e1c khu v\u1ef1c kh\u00e1c nhau c\u1ee7a tr\u01b0\u1eddng h\u1ecdc \u0111\u1ed3ng th\u1eddi \u0111\u1ea3m b\u1ea3o ki\u1ec3m so\u00e1t truy c\u1eadp nhanh ch\u00f3ng.<\/p>\n              <\/div>\r\n                  <\/div>\r\n    <\/div>\r\n<\/div>\r\n                    <div class=\"features-item\" data-aos=\"fade-up\">\r\n    <div class=\"features-box\">\r\n                    <div class=\"image-holder\">\r\n                <img loading=\"lazy\" decoding=\"async\" width=\"350\" height=\"320\" src=\"https:\/\/bas-ip.com\/wp-content\/uploads\/2023\/04\/2-4-350x320.jpg\" class=\"attachment-thumbnail_350x320 size-thumbnail_350x320\" alt=\"\" \/>            <\/div>\r\n        \r\n        <div class=\"text-holder\">\r\n                        <h3 class=\"title-block\">Thi\u1ebft b\u1ecb \u0111\u1ea7u cu\u1ed1i l\u1ec5 t\u00e2n BAS-IP AM-02<\/h3>\r\n          \r\n                        <div class=\"text-block\">\r\n                <p>Tr\u1ea1m l\u1ec5 t\u00e2n AM-02 \u0111\u00f3ng vai tr\u00f2 l\u00e0 \u0111i\u1ec3m \u0111i\u1ec1u khi\u1ec3n trung t\u00e2m cho to\u00e0n b\u1ed9 h\u1ec7 th\u1ed1ng li\u00ean l\u1ea1c n\u1ed9i b\u1ed9, cho ph\u00e9p nh\u00e2n vi\u00ean qu\u1ea3n l\u00fd cu\u1ed9c g\u1ecdi, gi\u00e1m s\u00e1t c\u00e1c l\u1ed1i v\u00e0o v\u00e0 c\u1ea5p quy\u1ec1n truy c\u1eadp m\u1ed9t c\u00e1ch d\u1ec5 d\u00e0ng. Giao di\u1ec7n th\u00e2n thi\u1ec7n v\u1edbi ng\u01b0\u1eddi d\u00f9ng c\u1ee7a n\u00f3 khi\u1ebfn \u0111\u00e2y tr\u1edf th\u00e0nh s\u1ef1 l\u1ef1a ch\u1ecdn ho\u00e0n h\u1ea3o cho vi\u1ec7c giao ti\u1ebfp v\u00e0 qu\u1ea3n l\u00fd hi\u1ec7u qu\u1ea3.<\/p>\n              <\/div>\r\n                  <\/div>\r\n    <\/div>\r\n<\/div>\r\n                    <div class=\"features-item\" data-aos=\"fade-up\">\r\n    <div class=\"features-box\">\r\n                    <div class=\"image-holder\">\r\n                <img loading=\"lazy\" decoding=\"async\" width=\"350\" height=\"320\" src=\"https:\/\/bas-ip.com\/wp-content\/uploads\/2023\/04\/3-4-350x320.jpg\" class=\"attachment-thumbnail_350x320 size-thumbnail_350x320\" alt=\"\" \/>            <\/div>\r\n        \r\n        <div class=\"text-holder\">\r\n                        <h3 class=\"title-block\">C\u00f4ng t\u1eafc POE 16 c\u1ed5ng BAS-IP SH-20.16<\/h3>\r\n          \r\n                        <div class=\"text-block\">\r\n                <p>C\u00f4ng t\u1eafc POE 16 c\u1ed5ng SH-20.16 cung c\u1ea5p ngu\u1ed3n \u0111i\u1ec7n v\u00e0 k\u1ebft n\u1ed1i c\u1ea7n thi\u1ebft cho h\u1ec7 th\u1ed1ng li\u00ean l\u1ea1c n\u1ed9i b\u1ed9 BAS-IP, \u0111\u1ea3m b\u1ea3o hi\u1ec7u su\u1ea5t m\u01b0\u1ee3t m\u00e0 v\u00e0 kh\u00f4ng b\u1ecb gi\u00e1n \u0111o\u1ea1n tr\u00ean to\u00e0n b\u1ed9 khu\u00f4n vi\u00ean tr\u01b0\u1eddng h\u1ecdc.<\/p>\n              <\/div>\r\n                  <\/div>\r\n    <\/div>\r\n<\/div>\r\n                    <div class=\"features-item\" data-aos=\"fade-up\">\r\n    <div class=\"features-box\">\r\n                    <div class=\"image-holder\">\r\n                <img loading=\"lazy\" decoding=\"async\" width=\"350\" height=\"320\" src=\"https:\/\/bas-ip.com\/wp-content\/uploads\/2023\/04\/4-4-350x320.jpg\" class=\"attachment-thumbnail_350x320 size-thumbnail_350x320\" alt=\"\" \/>            <\/div>\r\n        \r\n        <div class=\"text-holder\">\r\n                        <h3 class=\"title-block\">M\u00f4 h\u00ecnh nhi\u1ec7t \u0111\u1ed9 BAS-IP SH-31TM<\/h3>\r\n          \r\n                        <div class=\"text-block\">\r\n                <p>M\u00f4-\u0111un nhi\u1ec7t \u0111\u1ed9 SH-31TM c\u00f3 th\u1ec3 \u0111\u01b0\u1ee3c l\u1eafp \u0111\u1eb7t t\u1ea1i c\u1ed5ng tr\u01b0\u1eddng, cho ph\u00e9p gi\u00e1m s\u00e1t nhi\u1ec7t \u0111\u1ed9 theo th\u1eddi gian th\u1ef1c v\u00e0 gi\u00fap duy tr\u00ec m\u00f4i tr\u01b0\u1eddng l\u00e0nh m\u1ea1nh cho h\u1ecdc sinh, nh\u00e2n vi\u00ean v\u00e0 kh\u00e1ch tham quan. B\u1eb1ng c\u00e1ch th\u00eam l\u1edbp b\u1ea3o v\u1ec7 n\u00e0y, tr\u01b0\u1eddng h\u1ecdc c\u1ee7a b\u1ea1n c\u00f3 th\u1ec3 ch\u1ee7 \u0111\u1ed9ng gi\u1ea3i quy\u1ebft c\u00e1c m\u1ed1i lo ng\u1ea1i v\u1ec1 s\u1ee9c kh\u1ecfe v\u00e0 \u0111\u1ea3m b\u1ea3o s\u1ef1 an to\u00e0n cho m\u1ecdi ng\u01b0\u1eddi trong khu\u00f4n vi\u00ean.<\/p>\n              <\/div>\r\n                  <\/div>\r\n    <\/div>\r\n<\/div>\r\n                    <div class=\"features-item features-full-width\" data-aos=\"fade-up\">\r\n    <div class=\"features-box image-position-left\">\r\n                <div class=\"image-holder\">\r\n            <img loading=\"lazy\" decoding=\"async\" width=\"1\" height=\"1\" src=\"https:\/\/bas-ip.com\/wp-content\/uploads\/2023\/04\/school-1.svg\" class=\"attachment-thumbnail_350x320 size-thumbnail_350x320\" alt=\"\" \/>          <\/div>\r\n      \r\n      <div class=\"text-holder\">\r\n                        <h3 class=\"title-block\">T\u1eadn d\u1ee5ng m\u1ea1ng IP \u0111\u1ec3 t\u00edch h\u1ee3p li\u1ec1n m\u1ea1ch<\/h3>\r\n          \r\n                        <div class=\"text-block\">\r\n                <p>H\u1ec7 th\u1ed1ng li\u00ean l\u1ea1c n\u1ed9i b\u1ed9 BAS-IP \u0111\u01b0\u1ee3c thi\u1ebft k\u1ebf \u0111\u1ec3 ho\u1ea1t \u0111\u1ed9ng m\u01b0\u1ee3t m\u00e0 trong m\u1ea1ng IP n\u1ed9i b\u1ed9 hi\u1ec7n c\u00f3 c\u1ee7a tr\u01b0\u1eddng b\u1ea1n, gi\u00fap vi\u1ec7c l\u1eafp \u0111\u1eb7t v\u00e0 b\u1ea3o tr\u00ec tr\u1edf n\u00ean d\u1ec5 d\u00e0ng. S\u1ef1 t\u00edch h\u1ee3p n\u00e0y h\u1ed7 tr\u1ee3 giao ti\u1ebfp, ki\u1ec3m so\u00e1t truy c\u1eadp v\u00e0 an ninh t\u1ed1t h\u01a1n trong to\u00e0n b\u1ed9 c\u01a1 s\u1edf gi\u00e1o d\u1ee5c.<\/p>\n              <\/div>\r\n                <\/div>\r\n    <\/div>\r\n<\/div>\r\n                    <div class=\"features-item features-full-width\" data-aos=\"fade-up\">\r\n    <div class=\"features-box image-position-right\">\r\n                <div class=\"image-holder\">\r\n            <img loading=\"lazy\" decoding=\"async\" width=\"1\" height=\"1\" src=\"https:\/\/bas-ip.com\/wp-content\/uploads\/2023\/04\/collage-1.svg\" class=\"attachment-thumbnail_350x320 size-thumbnail_350x320\" alt=\"\" \/>          <\/div>\r\n      \r\n      <div class=\"text-holder\">\r\n                        <h3 class=\"title-block\">Truy c\u1eadp v\u00e0 \u0111i\u1ec1u khi\u1ec3n t\u1eeb xa t\u1eeb m\u00e1y t\u00ednh c\u1ee7a b\u1ea1n<\/h3>\r\n          \r\n                        <div class=\"text-block\">\r\n                <p>V\u1edbi h\u1ec7 th\u1ed1ng li\u00ean l\u1ea1c n\u1ed9i b\u1ed9 ti\u00ean ti\u1ebfn c\u1ee7a BAS-IP, nh\u00e2n vi\u00ean nh\u00e0 tr\u01b0\u1eddng c\u00f3 th\u1ec3 d\u1ec5 d\u00e0ng s\u1eed d\u1ee5ng m\u00e1y t\u00ednh c\u1ee7a m\u00ecnh \u0111\u1ec3 giao ti\u1ebfp qua h\u1ec7 th\u1ed1ng li\u00ean l\u1ea1c n\u1ed9i b\u1ed9, gi\u00e1m s\u00e1t c\u00e1c l\u1ed1i v\u00e0o v\u00e0 ki\u1ec3m so\u00e1t quy\u1ec1n truy c\u1eadp c\u1eeda. T\u00ednh linh ho\u1ea1t n\u00e0y gi\u00fap c\u1ea3i thi\u1ec7n th\u1eddi gian ph\u1ea3n \u1ee9ng v\u00e0 t\u0103ng c\u01b0\u1eddng hi\u1ec7u qu\u1ea3 trong vi\u1ec7c qu\u1ea3n l\u00fd c\u00e1c c\u00f4ng vi\u1ec7c h\u00e0ng ng\u00e0y c\u0169ng nh\u01b0 c\u00e1c t\u00ecnh hu\u1ed1ng kh\u1ea9n c\u1ea5p.<\/p>\n              <\/div>\r\n                <\/div>\r\n    <\/div>\r\n<\/div>\r\n            <\/div>\r\n<\/section>\r\n<!-- END Block Features -->\n\n<!-- START Block FAQ --><section id=\"block_64218de5ac119\" class=\"faq-section\">\r\n\t\t    <h2 class=\"title-section\" data-aos=\"fade-right\">Nh\u1eefng c\u00e2u h\u1ecfi th\u01b0\u1eddng g\u1eb7p<\/h2>\r\n\t\t\t    <div class=\"faq-list js-accordion\" data-aos=\"fade-up\">\r\n\t\t\t\t\t\t\t\t\t\t\t    <div class=\"accordion-item faq-item\">\r\n                        <div class=\"accordion-opener\">\r\n                            Q: H\u1ec7 th\u1ed1ng li\u00ean l\u1ea1c n\u1ed9i b\u1ed9 BAS-IP cho tr\u01b0\u1eddng h\u1ecdc c\u00f3 th\u1ec3 d\u1ec5 d\u00e0ng t\u00edch h\u1ee3p v\u00e0o c\u01a1 s\u1edf h\u1ea1 t\u1ea7ng hi\u1ec7n c\u00f3 c\u1ee7a ch\u00fang t\u00f4i kh\u00f4ng?                            <i class=\"fa-solid fa-chevron-down\"><\/i>\r\n                        <\/div>\r\n                        <div class=\"accordion-slide\">\r\n\t\t\t\t\t\t    <p>\u0110\u00fang v\u1eady, h\u1ec7 th\u1ed1ng li\u00ean l\u1ea1c n\u1ed9i b\u1ed9 BAS-IP c\u00f3 th\u1ec3 d\u1ec5 d\u00e0ng t\u00edch h\u1ee3p v\u00e0o m\u1ea1ng IP n\u1ed9i b\u1ed9 hi\u1ec7n c\u00f3 c\u1ee7a tr\u01b0\u1eddng b\u1ea1n, gi\u00fap qu\u00e1 tr\u00ecnh l\u1eafp \u0111\u1eb7t tr\u1edf n\u00ean m\u01b0\u1ee3t m\u00e0 v\u00e0 ti\u1ebft ki\u1ec7m chi ph\u00ed.<\/p>\n                        <\/div>\r\n\t\t\t\t\t<\/div>\r\n\t\t\t\t\t\t\t\t\t\t\t\t\t\t\t    <div class=\"accordion-item faq-item\">\r\n                        <div class=\"accordion-opener\">\r\n                            Q: H\u1ec7 th\u1ed1ng li\u00ean l\u1ea1c n\u1ed9i b\u1ed9 BAS-IP \u0111\u1ea3m b\u1ea3o an to\u00e0n cho sinh vi\u00ean v\u00e0 nh\u00e2n vi\u00ean c\u1ee7a ch\u00fang t\u00f4i nh\u01b0 th\u1ebf n\u00e0o?                            <i class=\"fa-solid fa-chevron-down\"><\/i>\r\n                        <\/div>\r\n                        <div class=\"accordion-slide\">\r\n\t\t\t\t\t\t    <p>H\u1ec7 th\u1ed1ng li\u00ean l\u1ea1c n\u1ed9i b\u1ed9 BAS-IP cung c\u1ea5p nhi\u1ec1u t\u00ednh n\u0103ng an to\u00e0n, ch\u1eb3ng h\u1ea1n nh\u01b0 gi\u00e1m s\u00e1t nhi\u1ec7t \u0111\u1ed9 t\u1ea1i c\u00e1c l\u1ed1i v\u00e0o, ki\u1ec3m so\u00e1t truy c\u1eadp nhanh ch\u00f3ng v\u00e0 kh\u1ea3 n\u0103ng gi\u00e1m s\u00e1t c\u0169ng nh\u01b0 qu\u1ea3n l\u00fd giao ti\u1ebfp v\u00e0 quy\u1ec1n truy c\u1eadp c\u1eeda t\u1eeb m\u00e1y t\u00ednh c\u1ee7a b\u1ea1n, \u0111\u1ea3m b\u1ea3o m\u1ed9t m\u00f4i tr\u01b0\u1eddng an to\u00e0n cho t\u1ea5t c\u1ea3 m\u1ecdi ng\u01b0\u1eddi.<\/p>\n                        <\/div>\r\n\t\t\t\t\t<\/div>\r\n\t\t\t\t\t\t\t\t\t\t\t\t\t\t\t    <div class=\"accordion-item faq-item\">\r\n                        <div class=\"accordion-opener\">\r\n                            Q: H\u1ec7 th\u1ed1ng li\u00ean l\u1ea1c n\u1ed9i b\u1ed9 BAS-IP c\u00f3 t\u01b0\u01a1ng th\u00edch v\u1edbi c\u00e1c thi\u1ebft b\u1ecb v\u00e0 h\u1ec7 th\u1ed1ng truy\u1ec1n th\u00f4ng kh\u00e1c kh\u00f4ng?                            <i class=\"fa-solid fa-chevron-down\"><\/i>\r\n                        <\/div>\r\n                        <div class=\"accordion-slide\">\r\n\t\t\t\t\t\t    <p>\u0110\u00fang v\u1eady, h\u1ec7 th\u1ed1ng li\u00ean l\u1ea1c n\u1ed9i b\u1ed9 BAS-IP \u0111\u01b0\u1ee3c thi\u1ebft k\u1ebf \u0111\u1ec3 ho\u1ea1t \u0111\u1ed9ng m\u01b0\u1ee3t m\u00e0 v\u1edbi nhi\u1ec1u thi\u1ebft b\u1ecb v\u00e0 h\u1ec7 th\u1ed1ng giao ti\u1ebfp kh\u00e1c nhau, cung c\u1ea5p m\u1ed9t gi\u1ea3i ph\u00e1p to\u00e0n di\u1ec7n v\u00e0 linh ho\u1ea1t cho nhu c\u1ea7u giao ti\u1ebfp c\u1ee7a tr\u01b0\u1eddng b\u1ea1n.<\/p>\n                        <\/div>\r\n\t\t\t\t\t<\/div>\r\n\t\t\t\t\t\t\t\t\t\t\t\t\t\t\t    <div class=\"accordion-item faq-item\">\r\n                        <div class=\"accordion-opener\">\r\n                            Q: H\u1ec7 th\u1ed1ng li\u00ean l\u1ea1c n\u1ed9i b\u1ed9 IP c\u00f3 d\u00e2y \u0111\u00e1ng tin c\u1eady nh\u01b0 th\u1ebf n\u00e0o so v\u1edbi h\u1ec7 th\u1ed1ng li\u00ean l\u1ea1c n\u1ed9i b\u1ed9 kh\u00f4ng d\u00e2y?                            <i class=\"fa-solid fa-chevron-down\"><\/i>\r\n                        <\/div>\r\n                        <div class=\"accordion-slide\">\r\n\t\t\t\t\t\t    <p>H\u1ec7 th\u1ed1ng li\u00ean l\u1ea1c n\u1ed9i b\u1ed9 IP c\u00f3 d\u00e2y, nh\u01b0 h\u1ec7 th\u1ed1ng li\u00ean l\u1ea1c n\u1ed9i b\u1ed9 BAS-IP d\u00e0nh cho tr\u01b0\u1eddng h\u1ecdc, cung c\u1ea5p \u0111\u1ed9 tin c\u1eady, an ninh v\u00e0 hi\u1ec7u su\u1ea5t v\u01b0\u1ee3t tr\u1ed9i so v\u1edbi h\u1ec7 th\u1ed1ng li\u00ean l\u1ea1c n\u1ed9i b\u1ed9 kh\u00f4ng d\u00e2y. Ch\u00fang \u0111\u1ea3m b\u1ea3o giao ti\u1ebfp v\u00e0 ki\u1ec3m so\u00e1t \u1ed5n \u0111\u1ecbnh, kh\u00f4ng b\u1ecb gi\u00e1n \u0111o\u1ea1n, khi\u1ebfn ch\u00fang tr\u1edf th\u00e0nh l\u1ef1a ch\u1ecdn l\u00fd t\u01b0\u1edfng cho c\u00e1c c\u01a1 s\u1edf gi\u00e1o d\u1ee5c.<\/p>\n                        <\/div>\r\n\t\t\t\t\t<\/div>\r\n\t\t\t\t\t\t\t\t\t\t\t\t\t\t\t    <div class=\"accordion-item faq-item\">\r\n                        <div class=\"accordion-opener\">\r\n                            Q: Ch\u00fang t\u00f4i c\u00f3 th\u1ec3 t\u00f9y ch\u1ec9nh h\u1ec7 th\u1ed1ng li\u00ean l\u1ea1c n\u1ed9i b\u1ed9 BAS-IP \u0111\u1ec3 \u0111\u00e1p \u1ee9ng nhu c\u1ea7u c\u1ee5 th\u1ec3 c\u1ee7a tr\u01b0\u1eddng m\u00ecnh kh\u00f4ng?                            <i class=\"fa-solid fa-chevron-down\"><\/i>\r\n                        <\/div>\r\n                        <div class=\"accordion-slide\">\r\n\t\t\t\t\t\t    <p>\u0110\u00fang v\u1eady, h\u1ec7 th\u1ed1ng li\u00ean l\u1ea1c n\u1ed9i b\u1ed9 BAS-IP c\u00f3 t\u00ednh t\u00f9y bi\u1ebfn cao v\u00e0 c\u00f3 th\u1ec3 \u0111\u01b0\u1ee3c \u0111i\u1ec1u ch\u1ec9nh \u0111\u1ec3 \u0111\u00e1p \u1ee9ng c\u00e1c y\u00eau c\u1ea7u \u0111\u1eb7c bi\u1ec7t c\u1ee7a tr\u01b0\u1eddng b\u1ea1n. Thi\u1ebft k\u1ebf m\u00f4-\u0111un c\u1ee7a n\u00f3 cho ph\u00e9p th\u00eam c\u00e1c th\u00e0nh ph\u1ea7n kh\u00e1c nhau, ch\u1eb3ng h\u1ea1n nh\u01b0 m\u00f4-\u0111un nhi\u1ec7t \u0111\u1ed9, \u0111\u1ec3 n\u00e2ng cao an to\u00e0n v\u00e0 ch\u1ee9c n\u0103ng.<\/p>\n                        <\/div>\r\n\t\t\t\t\t<\/div>\r\n\t\t\t\t\t\t\t\t\t<\/div>\r\n\t<\/section>\r\n<!-- END Block FAQ -->\n\n\n<p>\u0110\u1ea7u t\u01b0 v\u00e0o m\u1ed9t h\u1ec7 th\u1ed1ng li\u00ean l\u1ea1c n\u1ed9i b\u1ed9 \u0111\u00e1ng tin c\u1eady, \u0111\u1ea7y \u0111\u1ee7 t\u00ednh n\u0103ng v\u00e0 an to\u00e0n l\u00e0 \u0111i\u1ec1u quan tr\u1ecdng \u0111\u1ed1i v\u1edbi s\u1ef1 an to\u00e0n v\u00e0 hi\u1ec7u qu\u1ea3 c\u1ee7a b\u1ea5t k\u1ef3 c\u01a1 s\u1edf gi\u00e1o d\u1ee5c n\u00e0o. H\u1ec7 th\u1ed1ng li\u00ean l\u1ea1c n\u1ed9i b\u1ed9 BAS-IP d\u00e0nh cho tr\u01b0\u1eddng h\u1ecdc cung c\u1ea5p hi\u1ec7u su\u1ea5t v\u01b0\u1ee3t tr\u1ed9i, t\u00ednh n\u0103ng s\u00e1ng t\u1ea1o v\u00e0 t\u00edch h\u1ee3p m\u01b0\u1ee3t m\u00e0 v\u1edbi c\u00e1c m\u1ea1ng IP hi\u1ec7n c\u00f3. B\u1eb1ng c\u00e1ch l\u1ef1a ch\u1ecdn BAS-IP, b\u1ea1n \u0111ang \u0111\u1ea7u t\u01b0 v\u00e0o t\u01b0\u01a1ng lai c\u1ee7a h\u1ea1 t\u1ea7ng giao ti\u1ebfp v\u00e0 an ninh c\u1ee7a tr\u01b0\u1eddng h\u1ecdc. Tr\u1ea3i nghi\u1ec7m cu\u1ed9c c\u00e1ch m\u1ea1ng trong giao ti\u1ebfp v\u1edbi h\u1ec7 th\u1ed1ng li\u00ean l\u1ea1c n\u1ed9i b\u1ed9 t\u1ed1t nh\u1ea5t cho tr\u01b0\u1eddng h\u1ecdc \u2013 BAS-IP. N\u00e2ng cao s\u1ef1 an to\u00e0n, giao ti\u1ebfp v\u00e0 m\u00f4i tr\u01b0\u1eddng t\u1ed5ng th\u1ec3 c\u1ee7a c\u01a1 s\u1edf gi\u00e1o d\u1ee5c c\u1ee7a b\u1ea1n, \u0111\u1ea3m b\u1ea3o s\u1ef1 an to\u00e0n cho h\u1ecdc sinh, nh\u00e2n vi\u00ean v\u00e0 kh\u00e1ch tham quan. \u0110\u1eebng th\u1ecfa hi\u1ec7p v\u1edbi ch\u1ea5t l\u01b0\u1ee3ng; h\u00e3y tin t\u01b0\u1edfng BAS-IP \u0111\u1ec3 mang l\u1ea1i hi\u1ec7u su\u1ea5t v\u00e0 \u0111\u1ed9 tin c\u1eady xu\u1ea5t s\u1eafc cho tr\u01b0\u1eddng h\u1ecdc c\u1ee7a b\u1ea1n.<\/p>","protected":false},"excerpt":{"rendered":"<p>H\u1ec7 th\u1ed1ng li\u00ean l\u1ea1c n\u1ed9i b\u1ed9 cho tr\u01b0\u1eddng h\u1ecdc Trong th\u1ebf gi\u1edbi ng\u00e0y nay, giao ti\u1ebfp li\u1ec1n m\u1ea1ch v\u00e0 an ninh l\u00e0 nh\u1eefng y\u1ebfu t\u1ed1 thi\u1ebft y\u1ebfu c\u1ee7a b\u1ea5t k\u1ef3 c\u01a1 s\u1edf gi\u00e1o d\u1ee5c n\u00e0o. H\u1ec7 th\u1ed1ng li\u00ean l\u1ea1c n\u1ed9i b\u1ed9 tr\u01b0\u1eddng h\u1ecdc hi\u1ec7u qu\u1ea3 kh\u00f4ng ch\u1ec9 \u0111\u1ea3m b\u1ea3o giao ti\u1ebfp nhanh ch\u00f3ng m\u00e0 c\u00f2n [&hellip;]<\/p>","protected":false},"author":1,"featured_media":0,"parent":0,"menu_order":0,"comment_status":"closed","ping_status":"closed","template":"","meta":{"inline_featured_image":false,"footnotes":""},"class_list":["post-133516","page","type-page","status-publish","hentry"],"acf":[],"_links":{"self":[{"href":"https:\/\/bas-ip.com\/vi\/wp-json\/wp\/v2\/pages\/133516","targetHints":{"allow":["GET"]}}],"collection":[{"href":"https:\/\/bas-ip.com\/vi\/wp-json\/wp\/v2\/pages"}],"about":[{"href":"https:\/\/bas-ip.com\/vi\/wp-json\/wp\/v2\/types\/page"}],"author":[{"embeddable":true,"href":"https:\/\/bas-ip.com\/vi\/wp-json\/wp\/v2\/users\/1"}],"replies":[{"embeddable":true,"href":"https:\/\/bas-ip.com\/vi\/wp-json\/wp\/v2\/comments?post=133516"}],"version-history":[{"count":3,"href":"https:\/\/bas-ip.com\/vi\/wp-json\/wp\/v2\/pages\/133516\/revisions"}],"predecessor-version":[{"id":133637,"href":"https:\/\/bas-ip.com\/vi\/wp-json\/wp\/v2\/pages\/133516\/revisions\/133637"}],"wp:attachment":[{"href":"https:\/\/bas-ip.com\/vi\/wp-json\/wp\/v2\/media?parent=133516"}],"curies":[{"name":"wp","href":"https:\/\/api.w.org\/{rel}","templated":true}]}}