{"id":133107,"date":"2023-03-28T17:03:55","date_gmt":"2023-03-28T17:03:55","guid":{"rendered":"https:\/\/bas-ip.com\/case-studies\/"},"modified":"2025-03-07T10:28:29","modified_gmt":"2025-03-07T10:28:29","slug":"case-studies","status":"publish","type":"page","link":"https:\/\/bas-ip.com\/vi\/case-studies\/","title":{"rendered":"Gi\u1ea3i ph\u00e1p"},"content":{"rendered":"<h1 class=\"wp-block-heading\"><strong>Gi\u1ea3i ph\u00e1p li\u00ean l\u1ea1c n\u1ed9i b\u1ed9<\/strong><\/h1>\n\n\n\n<p>BAS-IP l\u00e0 \u0111\u01a1n v\u1ecb ti\u00ean phong trong vi\u1ec7c cung c\u1ea5p c\u00e1c gi\u1ea3i ph\u00e1p intercom ti\u00ean ti\u1ebfn cho nhi\u1ec1u ng\u00e0nh c\u00f4ng nghi\u1ec7p, mang \u0111\u1ebfn tr\u1ea3i nghi\u1ec7m an ninh v\u00e0 giao ti\u1ebfp v\u01b0\u1ee3t tr\u1ed9i. Trong b\u00e0i vi\u1ebft n\u00e0y, ch\u00fang t\u00f4i kh\u00e1m ph\u00e1 s\u00e1u nghi\u00ean c\u1ee9u \u0111i\u1ec3n h\u00ecnh h\u1ea5p d\u1eabn v\u1ec1 intercom, cho th\u1ea5y t\u00ednh linh ho\u1ea1t v\u00e0 hi\u1ec7u qu\u1ea3 c\u1ee7a c\u00e1c s\u1ea3n ph\u1ea9m BAS-IP trong nhi\u1ec1u m\u00f4i tr\u01b0\u1eddng kh\u00e1c nhau. T\u1eeb c\u00e1c t\u00f2a nh\u00e0 nhi\u1ec1u c\u01b0 d\u00e2n \u0111\u1ebfn c\u00e1c c\u01a1 s\u1edf b\u1ec7nh vi\u1ec7n, nh\u1eefng nghi\u00ean c\u1ee9u \u0111i\u1ec3n h\u00ecnh n\u00e0y l\u00e0m n\u1ed5i b\u1eadt s\u1ee9c m\u1ea1nh chuy\u1ec3n \u0111\u1ed5i c\u1ee7a h\u1ec7 th\u1ed1ng intercom BAS-IP.<\/p>\n\n\n<!-- START Block Info 3 Columns with links --><section id=\"block_6437b6d9794a8\" class=\"info-columns-section\">\r\n   <div class=\"column-list\">\r\n                        <div class=\"column-item\" data-aos=\"fade-up\" data-aos-delay=\"100\">\r\n                  <div class=\"image-block\">\r\n            <a href=\"\/building-intercom-system\/\">\r\n               <img loading=\"lazy\" decoding=\"async\" width=\"320\" height=\"232\" src=\"https:\/\/bas-ip.com\/wp-content\/uploads\/2023\/04\/1-5.jpg\" class=\"attachment-thumbnail_345x250 size-thumbnail_345x250\" alt=\"\" srcset=\"https:\/\/bas-ip.com\/wp-content\/uploads\/2023\/04\/1-5.jpg 320w,  https:\/\/bas-ip.com\/wp-content\/uploads\/2023\/04\/1-5-300x218.jpg 300w\" sizes=\"auto, (max-width: 320px) 100vw, 320px\" \/><\/a>\r\n         <\/div>\r\n         \r\n                  <a href=\"\/building-intercom-system\/\">\r\n            <h3 class=\"title-section\">T\u00f2a Nh\u00e0 \u0110a C\u01b0 D\u00e2n: Tr\u1ea3i Nghi\u1ec7m S\u1ed1ng Li\u1ec1n M\u1ea1ch<\/h3>\r\n         <\/a>\r\n                           <div class=\"text-block\">\r\n            <p>C\u00e1c gi\u1ea3i ph\u00e1p intercom c\u1ee7a BAS-IP \u0111\u00e3 c\u00e1ch m\u1ea1ng h\u00f3a c\u00e1ch c\u01b0 d\u00e2n t\u01b0\u01a1ng t\u00e1c v\u1edbi m\u00f4i tr\u01b0\u1eddng s\u1ed1ng c\u1ee7a h\u1ecd. Trong m\u1ed9t t\u00f2a nh\u00e0 \u0111a c\u01b0 d\u00e2n, vi\u1ec7c tri\u1ec3n khai h\u1ec7 th\u1ed1ng intercom BAS-IP kh\u00f4ng ch\u1ec9 n\u00e2ng cao an ninh m\u00e0 c\u00f2n t\u1ea1o \u0111i\u1ec1u ki\u1ec7n cho vi\u1ec7c giao ti\u1ebfp li\u1ec1n m\u1ea1ch gi\u1eefa c\u01b0 d\u00e2n, kh\u00e1ch v\u00e0 ban qu\u1ea3n l\u00fd t\u00f2a nh\u00e0. Giao di\u1ec7n th\u00e2n thi\u1ec7n v\u1edbi ng\u01b0\u1eddi d\u00f9ng c\u00f9ng kh\u1ea3 n\u0103ng t\u00edch h\u1ee3p v\u1edbi c\u00f4ng ngh\u1ec7 nh\u00e0 th\u00f4ng minh \u0111\u00e3 mang l\u1ea1i m\u1ed9t c\u1ea5p \u0111\u1ed9 ti\u1ec7n nghi v\u00e0 ti\u1ebfp c\u1eadn m\u1edbi cho c\u01b0 d\u00e2n, n\u00e2ng t\u1ea7m tr\u1ea3i nghi\u1ec7m s\u1ed1ng c\u1ee7a h\u1ecd.<\/p>\n         <\/div>\r\n               <\/div>\r\n                              <div class=\"column-item\" data-aos=\"fade-up\" data-aos-delay=\"200\">\r\n                  <div class=\"image-block\">\r\n            <a href=\"\/business-intercom-systems-for-office\/\">\r\n               <img loading=\"lazy\" decoding=\"async\" width=\"320\" height=\"232\" src=\"https:\/\/bas-ip.com\/wp-content\/uploads\/2023\/04\/2-5.jpg\" class=\"attachment-thumbnail_345x250 size-thumbnail_345x250\" alt=\"\" srcset=\"https:\/\/bas-ip.com\/wp-content\/uploads\/2023\/04\/2-5.jpg 320w,  https:\/\/bas-ip.com\/wp-content\/uploads\/2023\/04\/2-5-300x218.jpg 300w\" sizes=\"auto, (max-width: 320px) 100vw, 320px\" \/><\/a>\r\n         <\/div>\r\n         \r\n                  <a href=\"\/business-intercom-systems-for-office\/\">\r\n            <h3 class=\"title-section\">Th\u01b0\u01a1ng M\u1ea1i: H\u1ee3p L\u00fd H\u00f3a Ho\u1ea1t \u0110\u1ed9ng v\u00e0 An Ninh<\/h3>\r\n         <\/a>\r\n                           <div class=\"text-block\">\r\n            <p>Trong m\u00f4i tr\u01b0\u1eddng th\u01b0\u01a1ng m\u1ea1i ho\u1eb7c c\u00f4ng nghi\u1ec7p, giao ti\u1ebfp hi\u1ec7u qu\u1ea3 v\u00e0 an ninh l\u00e0 y\u1ebfu t\u1ed1 quan tr\u1ecdng \u0111\u1ec3 \u0111\u1ea3m b\u1ea3o ho\u1ea1t \u0111\u1ed9ng tr\u01a1n tru. C\u00e1c gi\u1ea3i ph\u00e1p intercom c\u1ee7a BAS-IP \u0111\u00e3 \u0111\u00f3ng vai tr\u00f2 then ch\u1ed1t trong vi\u1ec7c c\u1ea3i thi\u1ec7n quy tr\u00ecnh l\u00e0m vi\u1ec7c v\u00e0 c\u00e1c bi\u1ec7n ph\u00e1p an to\u00e0n t\u1ea1i m\u1ed9t c\u01a1 s\u1edf s\u1ea3n xu\u1ea5t l\u1edbn. B\u1eb1ng c\u00e1ch t\u00edch h\u1ee3p h\u1ec7 th\u1ed1ng intercom v\u1edbi ki\u1ec3m so\u00e1t ra v\u00e0o, gi\u00e1m s\u00e1t video v\u00e0 c\u00e1c t\u00ednh n\u0103ng ph\u1ea3n \u1ee9ng kh\u1ea9n c\u1ea5p, c\u01a1 s\u1edf n\u00e0y \u0111\u00e3 \u0111\u1ea1t \u0111\u01b0\u1ee3c s\u1ef1 c\u1ea3i thi\u1ec7n \u0111\u00e1ng k\u1ec3 trong giao ti\u1ebfp v\u00e0 an ninh t\u1ed5ng th\u1ec3.<\/p>\n         <\/div>\r\n               <\/div>\r\n                              <div class=\"column-item\" data-aos=\"fade-up\" data-aos-delay=\"300\">\r\n                  <div class=\"image-block\">\r\n            <a href=\"\/intercom-systems-for-home-and-house\/\">\r\n               <img loading=\"lazy\" decoding=\"async\" width=\"320\" height=\"232\" src=\"https:\/\/bas-ip.com\/wp-content\/uploads\/2023\/04\/3-5.jpg\" class=\"attachment-thumbnail_345x250 size-thumbnail_345x250\" alt=\"\" srcset=\"https:\/\/bas-ip.com\/wp-content\/uploads\/2023\/04\/3-5.jpg 320w,  https:\/\/bas-ip.com\/wp-content\/uploads\/2023\/04\/3-5-300x218.jpg 300w\" sizes=\"auto, (max-width: 320px) 100vw, 320px\" \/><\/a>\r\n         <\/div>\r\n         \r\n                  <a href=\"\/intercom-systems-for-home-and-house\/\">\r\n            <h3 class=\"title-section\">Nh\u00e0 \u1ede: N\u00e2ng Cao An To\u00e0n v\u00e0 K\u1ebft N\u1ed1i<\/h3>\r\n         <\/a>\r\n                           <div class=\"text-block\">\r\n            <p>Khi c\u00e1c ch\u1ee7 nh\u00e0 ng\u00e0y c\u00e0ng \u01b0u ti\u00ean an ninh v\u00e0 c\u00f4ng ngh\u1ec7 nh\u00e0 th\u00f4ng minh, c\u00e1c gi\u1ea3i ph\u00e1p intercom c\u1ee7a BAS-IP \u0111\u00e3 tr\u1edf th\u00e0nh l\u1ef1a ch\u1ecdn ph\u1ed5 bi\u1ebfn. T\u1ea1i m\u1ed9t ng\u00f4i nh\u00e0 \u1edf ngo\u1ea1i \u00f4, vi\u1ec7c l\u1eafp \u0111\u1eb7t h\u1ec7 th\u1ed1ng intercom BAS-IP kh\u00f4ng ch\u1ec9 n\u00e2ng cao an ninh m\u00e0 c\u00f2n c\u1ea3i thi\u1ec7n kh\u1ea3 n\u0103ng k\u1ebft n\u1ed1i v\u1edbi c\u00e1c th\u00e0nh vi\u00ean trong gia \u0111\u00ecnh v\u00e0 kh\u00e1ch. Giao di\u1ec7n tr\u1ef1c quan v\u00e0 kh\u1ea3 n\u0103ng t\u01b0\u01a1ng th\u00edch v\u1edbi \u0111i\u1ec7n tho\u1ea1i th\u00f4ng minh cho ph\u00e9p ch\u1ee7 nh\u00e0 gi\u00e1m s\u00e1t t\u00e0i s\u1ea3n v\u00e0 giao ti\u1ebfp d\u1ec5 d\u00e0ng, t\u1ea1o n\u00ean m\u1ed9t m\u00f4i tr\u01b0\u1eddng s\u1ed1ng an to\u00e0n v\u00e0 k\u1ebft n\u1ed1i.<\/p>\n         <\/div>\r\n               <\/div>\r\n                              <div class=\"column-item\" data-aos=\"fade-up\" data-aos-delay=\"400\">\r\n                  <div class=\"image-block\">\r\n            <a href=\"\/medical-hospital-intercom-system\/\">\r\n               <img loading=\"lazy\" decoding=\"async\" width=\"320\" height=\"232\" src=\"https:\/\/bas-ip.com\/wp-content\/uploads\/2023\/04\/4-5.jpg\" class=\"attachment-thumbnail_345x250 size-thumbnail_345x250\" alt=\"\" srcset=\"https:\/\/bas-ip.com\/wp-content\/uploads\/2023\/04\/4-5.jpg 320w,  https:\/\/bas-ip.com\/wp-content\/uploads\/2023\/04\/4-5-300x218.jpg 300w\" sizes=\"auto, (max-width: 320px) 100vw, 320px\" \/><\/a>\r\n         <\/div>\r\n         \r\n                  <a href=\"\/medical-hospital-intercom-system\/\">\r\n            <h3 class=\"title-section\">B\u1ec7nh Vi\u1ec7n: T\u0103ng C\u01b0\u1eddng Ch\u0103m S\u00f3c B\u1ec7nh Nh\u00e2n v\u00e0 An To\u00e0n<\/h3>\r\n         <\/a>\r\n                           <div class=\"text-block\">\r\n            <p>C\u00e1c b\u1ec7nh vi\u1ec7n v\u00e0 c\u01a1 s\u1edf y t\u1ebf c\u1ea7n h\u1ec7 th\u1ed1ng li\u00ean l\u1ea1c ti\u00ean ti\u1ebfn \u0111\u1ec3 \u0111\u1ea3m b\u1ea3o ch\u0103m s\u00f3c b\u1ec7nh nh\u00e2n hi\u1ec7u qu\u1ea3 v\u00e0 an to\u00e0n. T\u1ea1i m\u1ed9t b\u1ec7nh vi\u1ec7n hi\u1ec7n \u0111\u1ea1i, c\u00e1c gi\u1ea3i ph\u00e1p intercom c\u1ee7a BAS-IP \u0111\u00e3 \u0111\u01b0\u1ee3c tri\u1ec3n khai \u0111\u1ec3 t\u1ed1i \u01b0u h\u00f3a giao ti\u1ebfp gi\u1eefa nh\u00e2n vi\u00ean y t\u1ebf, b\u1ec7nh nh\u00e2n v\u00e0 kh\u00e1ch th\u0103m. H\u1ec7 th\u1ed1ng gi\u00fap ph\u1ea3n \u1ee9ng nhanh trong c\u00e1c t\u00ecnh hu\u1ed1ng kh\u1ea9n c\u1ea5p, t\u0103ng c\u01b0\u1eddng quy\u1ec1n ri\u00eang t\u01b0 c\u1ee7a b\u1ec7nh nh\u00e2n v\u00e0 c\u1ea3i thi\u1ec7n an ninh t\u1ed5ng th\u1ec3 c\u1ee7a b\u1ec7nh vi\u1ec7n. Vi\u1ec7c t\u00edch h\u1ee3p h\u1ec7 th\u1ed1ng intercom BAS-IP \u0111\u00e3 t\u1ea1o ra b\u01b0\u1edbc \u0111\u1ed9t ph\u00e1 trong vi\u1ec7c cung c\u1ea5p d\u1ecbch v\u1ee5 ch\u0103m s\u00f3c b\u1ec7nh nh\u00e2n xu\u1ea5t s\u1eafc.<\/p>\n         <\/div>\r\n               <\/div>\r\n                              <div class=\"column-item\" data-aos=\"fade-up\" data-aos-delay=\"500\">\r\n                  <div class=\"image-block\">\r\n            <a href=\"\/intercom-systems-for-schools\/\">\r\n               <img loading=\"lazy\" decoding=\"async\" width=\"320\" height=\"232\" src=\"https:\/\/bas-ip.com\/wp-content\/uploads\/2023\/04\/5-5.jpg\" class=\"attachment-thumbnail_345x250 size-thumbnail_345x250\" alt=\"\" srcset=\"https:\/\/bas-ip.com\/wp-content\/uploads\/2023\/04\/5-5.jpg 320w,  https:\/\/bas-ip.com\/wp-content\/uploads\/2023\/04\/5-5-300x218.jpg 300w\" sizes=\"auto, (max-width: 320px) 100vw, 320px\" \/><\/a>\r\n         <\/div>\r\n         \r\n                  <a href=\"\/intercom-systems-for-schools\/\">\r\n            <h3 class=\"title-section\">Tr\u01b0\u1eddng H\u1ecdc: X\u00e2y D\u1ef1ng M\u00f4i Tr\u01b0\u1eddng H\u1ecdc T\u1eadp An To\u00e0n<\/h3>\r\n         <\/a>\r\n                           <div class=\"text-block\">\r\n            <p>C\u00e1c c\u01a1 s\u1edf gi\u00e1o d\u1ee5c c\u1ea7n h\u1ec7 th\u1ed1ng an ninh v\u00e0 li\u00ean l\u1ea1c v\u1eefng ch\u1eafc \u0111\u1ec3 b\u1ea3o v\u1ec7 h\u1ecdc sinh v\u00e0 nh\u00e2n vi\u00ean. T\u1ea1i m\u1ed9t ng\u00f4i tr\u01b0\u1eddng ti\u00ean ti\u1ebfn, c\u00e1c gi\u1ea3i ph\u00e1p intercom c\u1ee7a BAS-IP \u0111\u00f3ng vai tr\u00f2 quan tr\u1ecdng trong vi\u1ec7c t\u1ea1o ra m\u1ed9t m\u00f4i tr\u01b0\u1eddng h\u1ecdc t\u1eadp an to\u00e0n. H\u1ec7 th\u1ed1ng cho ph\u00e9p giao ti\u1ebfp li\u1ec1n m\u1ea1ch gi\u1eefa c\u00e1c l\u1edbp h\u1ecdc, v\u0103n ph\u00f2ng h\u00e0nh ch\u00ednh v\u00e0 kh\u00e1ch b\u00ean ngo\u00e0i, \u0111\u1ea3m b\u1ea3o an to\u00e0n cho h\u1ecdc sinh v\u00e0 nh\u00e2n vi\u00ean. Ngo\u00e0i ra, vi\u1ec7c t\u00edch h\u1ee3p h\u1ec7 th\u1ed1ng intercom v\u1edbi ki\u1ec3m so\u00e1t ra v\u00e0o v\u00e0 gi\u00e1m s\u00e1t video \u0111\u00e3 c\u1ea3i thi\u1ec7n \u0111\u00e1ng k\u1ec3 an ninh t\u1ed5ng th\u1ec3 c\u1ee7a tr\u01b0\u1eddng h\u1ecdc.<\/p>\n         <\/div>\r\n               <\/div>\r\n                              <div class=\"column-item\" data-aos=\"fade-up\" data-aos-delay=\"600\">\r\n                  <div class=\"image-block\">\r\n            <a href=\"\/gate-intercom-system\/\">\r\n               <img loading=\"lazy\" decoding=\"async\" width=\"320\" height=\"232\" src=\"https:\/\/bas-ip.com\/wp-content\/uploads\/2023\/04\/6-4.jpg\" class=\"attachment-thumbnail_345x250 size-thumbnail_345x250\" alt=\"\" srcset=\"https:\/\/bas-ip.com\/wp-content\/uploads\/2023\/04\/6-4.jpg 320w,  https:\/\/bas-ip.com\/wp-content\/uploads\/2023\/04\/6-4-300x218.jpg 300w\" sizes=\"auto, (max-width: 320px) 100vw, 320px\" \/><\/a>\r\n         <\/div>\r\n         \r\n                  <a href=\"\/gate-intercom-system\/\">\r\n            <h3 class=\"title-section\">C\u1ed5ng Ra V\u00e0o: T\u0103ng C\u01b0\u1eddng An Ninh V\u00e0nh \u0110ai<\/h3>\r\n         <\/a>\r\n                           <div class=\"text-block\">\r\n            <p>An ninh c\u1ed5ng l\u00e0 y\u1ebfu t\u1ed1 then ch\u1ed1t \u0111\u1ec3 b\u1ea3o v\u1ec7 t\u00e0i s\u1ea3n v\u00e0 duy tr\u00ec quy\u1ec1n ri\u00eang t\u01b0. Trong m\u1ed9t khu d\u00e2n c\u01b0 cao c\u1ea5p, c\u00e1c gi\u1ea3i ph\u00e1p li\u00ean l\u1ea1c n\u1ed9i b\u1ed9 BAS-IP \u0111\u00e3 \u0111\u01b0\u1ee3c tri\u1ec3n khai \u0111\u1ec3 t\u0103ng c\u01b0\u1eddng an ninh v\u00f2ng ngo\u00e0i. H\u1ec7 th\u1ed1ng cho ph\u00e9p c\u01b0 d\u00e2n c\u1ea5p ho\u1eb7c t\u1eeb ch\u1ed1i quy\u1ec1n truy c\u1eadp t\u1eeb xa cho kh\u00e1ch v\u00e0 vi\u1ec7c t\u00edch h\u1ee3p v\u1edbi h\u1ec7 th\u1ed1ng gi\u00e1m s\u00e1t video cho ph\u00e9p gi\u00e1m s\u00e1t li\u1ec1n m\u1ea1ch c\u00e1c l\u1ed1i v\u00e0o v\u00e0 l\u1ed1i ra c\u1ee7a c\u1ed9ng \u0111\u1ed3ng. Gi\u1ea3i ph\u00e1p li\u00ean l\u1ea1c n\u1ed9i b\u1ed9 ti\u00ean ti\u1ebfn n\u00e0y g\u00f3p ph\u1ea7n n\u00e2ng cao c\u1ea3m gi\u00e1c an to\u00e0n v\u00e0 y\u00ean t\u00e2m cho c\u01b0 d\u00e2n.<\/p>\n         <\/div>\r\n               <\/div>\r\n                     <\/div>\r\n<\/section>\r\n<!-- END Block Info 3 Columns with links -->\n\n\n<p>Nh\u1eefng nghi\u00ean c\u1ee9u \u0111i\u1ec3n h\u00ecnh v\u1ec1 h\u1ec7 th\u1ed1ng li\u00ean l\u1ea1c n\u1ed9i b\u1ed9 n\u00e0y cho th\u1ea5y t\u00ednh linh ho\u1ea1t v\u00e0 hi\u1ec7u qu\u1ea3 v\u01b0\u1ee3t tr\u1ed9i c\u1ee7a c\u00e1c gi\u1ea3i ph\u00e1p li\u00ean l\u1ea1c n\u1ed9i b\u1ed9 BAS-IP trong nhi\u1ec1u l\u0129nh v\u1ef1c kh\u00e1c nhau. T\u1eeb c\u00e1c khu d\u00e2n c\u01b0 \u0111\u1ebfn b\u1ec7nh vi\u1ec7n, vi\u1ec7c tri\u1ec3n khai h\u1ec7 th\u1ed1ng li\u00ean l\u1ea1c n\u1ed9i b\u1ed9 BAS-IP \u0111\u00e3 thay \u0111\u1ed5i s\u1ef1 giao ti\u1ebfp, an ninh v\u00e0 tr\u1ea3i nghi\u1ec7m ng\u01b0\u1eddi d\u00f9ng n\u00f3i chung. Khi c\u00f4ng ngh\u1ec7 ti\u1ebfp t\u1ee5c ph\u00e1t tri\u1ec3n, BAS-IP v\u1eabn cam k\u1ebft cung c\u1ea5p c\u00e1c gi\u1ea3i ph\u00e1p li\u00ean l\u1ea1c n\u1ed9i b\u1ed9 ti\u00ean ti\u1ebfn v\u00e0 v\u01b0\u1ee3t tr\u1ed9i, \u0111\u00e1p \u1ee9ng nhu c\u1ea7u ng\u00e0y c\u00e0ng ph\u00e1t tri\u1ec3n c\u1ee7a c\u00e1c ng\u00e0nh c\u00f4ng nghi\u1ec7p \u0111a d\u1ea1ng.<\/p>\n\n\n<!-- START Block FAQ --><section id=\"block_64231e53deae2\" class=\"faq-section\">\r\n\t\t    <h2 class=\"title-section\" data-aos=\"fade-right\">Frequently Asked Questions<\/h2>\r\n\t\t\t    <div class=\"faq-list js-accordion\" data-aos=\"fade-up\">\r\n\t\t\t\t\t\t\t\t\t\t\t    <div class=\"accordion-item faq-item\">\r\n                        <div class=\"accordion-opener\">\r\n                            Q: BAS-IP \u0111\u1ea3m b\u1ea3o t\u00ednh b\u1ea3o m\u1eadt v\u00e0 \u0111\u1ed9 tin c\u1eady c\u1ee7a c\u00e1c gi\u1ea3i ph\u00e1p li\u00ean l\u1ea1c n\u1ed9i b\u1ed9 nh\u01b0 th\u1ebf n\u00e0o?                            <i class=\"fa-solid fa-chevron-down\"><\/i>\r\n                        <\/div>\r\n                        <div class=\"accordion-slide\">\r\n\t\t\t\t\t\t    <p>BAS-IP s\u1eed d\u1ee5ng c\u00e1c giao th\u1ee9c m\u00e3 h\u00f3a ti\u00ean ti\u1ebfn v\u00e0 ph\u1ea7n c\u1ee9ng m\u1ea1nh m\u1ebd \u0111\u1ec3 \u0111\u1ea3m b\u1ea3o t\u00ednh b\u1ea3o m\u1eadt v\u00e0 \u0111\u1ed9 tin c\u1eady c\u1ee7a h\u1ec7 th\u1ed1ng li\u00ean l\u1ea1c n\u1ed9i b\u1ed9. Cam k\u1ebft cung c\u1ea5p c\u00f4ng ngh\u1ec7 ti\u00ean ti\u1ebfn n\u00e0y \u0111\u00e3 gi\u00fap BAS-IP tr\u1edf th\u00e0nh l\u1ef1a ch\u1ecdn \u0111\u00e1ng tin c\u1eady cho nhi\u1ec1u ng\u00e0nh c\u00f4ng nghi\u1ec7p tr\u00ean to\u00e0n th\u1ebf gi\u1edbi.<\/p>\n                        <\/div>\r\n\t\t\t\t\t<\/div>\r\n\t\t\t\t\t\t\t\t\t\t\t\t\t\t\t    <div class=\"accordion-item faq-item\">\r\n                        <div class=\"accordion-opener\">\r\n                            Q: Gi\u1ea3i ph\u00e1p intercom BAS-IP \u0111\u00f3ng g\u00f3p nh\u01b0 th\u1ebf n\u00e0o v\u00e0o hi\u1ec7u qu\u1ea3 n\u0103ng l\u01b0\u1ee3ng?                            <i class=\"fa-solid fa-chevron-down\"><\/i>\r\n                        <\/div>\r\n                        <div class=\"accordion-slide\">\r\n\t\t\t\t\t\t    <p>H\u1ec7 th\u1ed1ng li\u00ean l\u1ea1c n\u1ed9i b\u1ed9 BAS-IP \u0111\u01b0\u1ee3c thi\u1ebft k\u1ebf v\u1edbi m\u1ee5c ti\u00eau ti\u1ebft ki\u1ec7m n\u0103ng l\u01b0\u1ee3ng. B\u1eb1ng c\u00e1ch t\u00edch h\u1ee3p c\u00e1c t\u00ednh n\u0103ng nh\u01b0 chi\u1ebfu s\u00e1ng k\u00edch ho\u1ea1t b\u1eb1ng chuy\u1ec3n \u0111\u1ed9ng, ki\u1ec3m so\u00e1t kh\u00ed h\u1eadu th\u00f4ng minh v\u00e0 ch\u1ebf \u0111\u1ed9 ch\u1edd ti\u1ebft ki\u1ec7m \u0111i\u1ec7n, c\u00e1c gi\u1ea3i ph\u00e1p li\u00ean l\u1ea1c n\u1ed9i b\u1ed9 BAS-IP g\u00f3p ph\u1ea7n t\u1ea1o ra m\u1ed9t m\u00f4i tr\u01b0\u1eddng xanh h\u01a1n v\u00e0 b\u1ec1n v\u1eefng h\u01a1n.<\/p>\n                        <\/div>\r\n\t\t\t\t\t<\/div>\r\n\t\t\t\t\t\t\t\t\t\t\t\t\t\t\t    <div class=\"accordion-item faq-item\">\r\n                        <div class=\"accordion-opener\">\r\n                            Q: BAS-IP cung c\u1ea5p lo\u1ea1i h\u1ed7 tr\u1ee3 n\u00e0o cho c\u00e1c gi\u1ea3i ph\u00e1p intercom c\u1ee7a m\u00ecnh?                            <i class=\"fa-solid fa-chevron-down\"><\/i>\r\n                        <\/div>\r\n                        <div class=\"accordion-slide\">\r\n\t\t\t\t\t\t    <p>BAS-IP cam k\u1ebft cung c\u1ea5p d\u1ecbch v\u1ee5 h\u1ed7 tr\u1ee3 kh\u00e1ch h\u00e0ng \u0111\u1eb7c bi\u1ec7t, cung c\u1ea5p h\u1ed7 tr\u1ee3 k\u1ef9 thu\u1eadt to\u00e0n di\u1ec7n v\u00e0 c\u00e1c ngu\u1ed3n l\u1ef1c \u0111\u1ec3 \u0111\u1ea3m b\u1ea3o vi\u1ec7c tri\u1ec3n khai v\u00e0 v\u1eadn h\u00e0nh h\u1ec7 th\u1ed1ng li\u00ean l\u1ea1c n\u1ed9i b\u1ed9 di\u1ec5n ra su\u00f4n s\u1ebb. S\u1ef1 t\u1eadn t\u00e2m v\u1edbi s\u1ef1 h\u00e0i l\u00f2ng c\u1ee7a kh\u00e1ch h\u00e0ng n\u00e0y \u0111\u00e3 gi\u00fap BAS-IP c\u00f3 \u0111\u01b0\u1ee3c danh ti\u1ebfng xu\u1ea5t s\u1eafc trong ng\u00e0nh.<\/p>\n                        <\/div>\r\n\t\t\t\t\t<\/div>\r\n\t\t\t\t\t\t\t\t\t<\/div>\r\n\t<\/section>\r\n<!-- END Block FAQ -->","protected":false},"excerpt":{"rendered":"<p>Gi\u1ea3i ph\u00e1p li\u00ean l\u1ea1c n\u1ed9i b\u1ed9 BAS-IP l\u00e0 \u0111\u01a1n v\u1ecb ti\u00ean phong trong vi\u1ec7c cung c\u1ea5p c\u00e1c gi\u1ea3i ph\u00e1p intercom ti\u00ean ti\u1ebfn cho nhi\u1ec1u ng\u00e0nh c\u00f4ng nghi\u1ec7p, mang \u0111\u1ebfn tr\u1ea3i nghi\u1ec7m an ninh v\u00e0 giao ti\u1ebfp v\u01b0\u1ee3t tr\u1ed9i. Trong b\u00e0i vi\u1ebft n\u00e0y, ch\u00fang t\u00f4i kh\u00e1m ph\u00e1 s\u00e1u nghi\u00ean c\u1ee9u \u0111i\u1ec3n h\u00ecnh h\u1ea5p d\u1eabn v\u1ec1 intercom, [&hellip;]<\/p>","protected":false},"author":1,"featured_media":0,"parent":0,"menu_order":0,"comment_status":"closed","ping_status":"closed","template":"","meta":{"inline_featured_image":false,"footnotes":""},"class_list":["post-133107","page","type-page","status-publish","hentry"],"acf":[],"_links":{"self":[{"href":"https:\/\/bas-ip.com\/vi\/wp-json\/wp\/v2\/pages\/133107","targetHints":{"allow":["GET"]}}],"collection":[{"href":"https:\/\/bas-ip.com\/vi\/wp-json\/wp\/v2\/pages"}],"about":[{"href":"https:\/\/bas-ip.com\/vi\/wp-json\/wp\/v2\/types\/page"}],"author":[{"embeddable":true,"href":"https:\/\/bas-ip.com\/vi\/wp-json\/wp\/v2\/users\/1"}],"replies":[{"embeddable":true,"href":"https:\/\/bas-ip.com\/vi\/wp-json\/wp\/v2\/comments?post=133107"}],"version-history":[{"count":3,"href":"https:\/\/bas-ip.com\/vi\/wp-json\/wp\/v2\/pages\/133107\/revisions"}],"predecessor-version":[{"id":133216,"href":"https:\/\/bas-ip.com\/vi\/wp-json\/wp\/v2\/pages\/133107\/revisions\/133216"}],"wp:attachment":[{"href":"https:\/\/bas-ip.com\/vi\/wp-json\/wp\/v2\/media?parent=133107"}],"curies":[{"name":"wp","href":"https:\/\/api.w.org\/{rel}","templated":true}]}}