{"id":131253,"date":"2025-02-19T15:47:09","date_gmt":"2025-02-19T15:47:09","guid":{"rendered":"https:\/\/bas-ip.com\/intercom-migration-to-link\/"},"modified":"2025-02-25T12:16:18","modified_gmt":"2025-02-25T12:16:18","slug":"intercom-migration-to-link","status":"publish","type":"page","link":"https:\/\/bas-ip.com\/vi\/intercom-migration-to-link\/","title":{"rendered":"Di chuy\u1ec3n t\u1eeb Intercom sang Link"},"content":{"rendered":"<h2 data-sourcepos=\"1:1-1:65\">Intercom chuy\u1ec3n sang Link: \u0110i\u1ec1u n\u00e0y c\u00f3 \u00fd ngh\u0129a g\u00ec \u0111\u1ed1i v\u1edbi b\u1ea1n?<\/h2>\n<p data-sourcepos=\"3:1-3:338\">K\u1ec3 t\u1eeb ng\u00e0y 4 th\u00e1ng 3 n\u0103m 2025, \u1ee9ng d\u1ee5ng Intercom d\u00e0nh cho Android s\u1ebd kh\u00f4ng c\u00f2n kh\u1ea3 d\u1ee5ng tr\u00ean Google Play Store. Tuy nhi\u00ean, phi\u00ean b\u1ea3n web v\u00e0 \u1ee9ng d\u1ee5ng iOS s\u1ebd ti\u1ebfp t\u1ee5c ho\u1ea1t \u0111\u1ed9ng m\u00e0 kh\u00f4ng c\u00f3 b\u1ea5t k\u1ef3 thay \u0111\u1ed5i n\u00e0o v\u00e0 c\u00e1c m\u00e1y ch\u1ee7 Intercom s\u1ebd v\u1eabn ho\u1ea1t \u0111\u1ed9ng \u0111\u1ec3 \u0111\u1ea3m b\u1ea3o s\u1ef1 \u1ed5n \u0111\u1ecbnh v\u00e0 truy c\u1eadp v\u00e0o d\u1eef li\u1ec7u c\u1ee7a b\u1ea1n cho \u0111\u1ebfn khi h\u1ed7 tr\u1ee3 m\u00e1y ch\u1ee7 k\u1ebft th\u00fac.<\/p>\n<p data-sourcepos=\"5:1-5:221\">Ch\u00fang t\u00f4i m\u1eddi b\u1ea1n chuy\u1ec3n sang Link &#8211; m\u1ed9t gi\u1ea3i ph\u00e1p m\u1ea1nh m\u1ebd \u0111\u01b0\u1ee3c thi\u1ebft k\u1ebf \u0111\u1ec3 thu\u1eadn ti\u1ec7n cho b\u1ea1n. N\u1ec1n t\u1ea3ng n\u00e0y cung c\u1ea5p c\u00e1c kh\u1ea3 n\u0103ng qu\u1ea3n l\u00fd n\u00e2ng cao, m\u1ee9c \u0111\u1ed9 \u1ed5n \u0111\u1ecbnh cao v\u00e0 b\u1ea3o m\u1eadt \u0111\u00e1p \u1ee9ng c\u00e1c ti\u00eau chu\u1ea9n m\u1edbi nh\u1ea5t c\u1ee7a ng\u00e0nh.<\/p>\n<p data-sourcepos=\"7:1-7:202\">Ch\u00fang t\u00f4i hi\u1ec3u r\u1eb1ng thay \u0111\u1ed5i n\u00e0y c\u00f3 th\u1ec3 l\u00e0m ph\u00e1t sinh c\u00e1c c\u00e2u h\u1ecfi, v\u00ec v\u1eady ch\u00fang t\u00f4i \u0111\u00e3 chu\u1ea9n b\u1ecb c\u00e1c h\u01b0\u1edbng d\u1eabn chi ti\u1ebft v\u00e0 h\u1ed7 tr\u1ee3 to\u00e0n di\u1ec7n \u0111\u1ec3 qu\u00e1 tr\u00ecnh chuy\u1ec3n \u0111\u1ed5i di\u1ec5n ra su\u00f4n s\u1ebb v\u00e0 d\u1ec5 d\u00e0ng nh\u1ea5t c\u00f3 th\u1ec3.<\/p>\n<h2 data-sourcepos=\"9:1-9:44\">T\u1ea1i sao ch\u00fang t\u00f4i th\u1ef1c hi\u1ec7n thay \u0111\u1ed5i n\u00e0y?<\/h2>\n<p data-sourcepos=\"11:1-11:422\">Quy\u1ebft \u0111\u1ecbnh chuy\u1ec3n sang Link c\u1ee7a ch\u00fang t\u00f4i \u0111\u01b0\u1ee3c th\u00fac \u0111\u1ea9y b\u1edfi nhu c\u1ea7u cung c\u1ea5p cho b\u1ea1n ch\u1ea5t l\u01b0\u1ee3ng d\u1ecbch v\u1ee5 t\u1ed1t h\u01a1n v\u00e0 c\u00e1c c\u00f4ng c\u1ee5 hi\u1ec7n \u0111\u1ea1i \u0111\u1ec3 qu\u1ea3n l\u00fd thi\u1ebft b\u1ecb. \u1ee8ng d\u1ee5ng Intercom d\u00e0nh cho Android \u0111\u00e3 l\u1ed7i th\u1eddi v\u00e0 kh\u00f4ng c\u00f2n \u0111\u00e1p \u1ee9ng c\u00e1c y\u00eau c\u1ea7u hi\u1ec7n t\u1ea1i. Thay v\u00ec c\u1eadp nh\u1eadt n\u1ec1n t\u1ea3ng c\u0169, ch\u00fang t\u00f4i \u0111\u00e3 ch\u1ecdn ph\u00e1t tri\u1ec3n m\u1ed9t gi\u1ea3i ph\u00e1p m\u1ea1nh m\u1ebd h\u01a1n v\u00e0 th\u00e2n thi\u1ec7n v\u1edbi ng\u01b0\u1eddi d\u00f9ng h\u01a1n, s\u1ebd thi\u1ebft l\u1eadp m\u1ed9t ti\u00eau chu\u1ea9n m\u1edbi cho s\u1ef1 ti\u1ec7n l\u1ee3i c\u1ee7a b\u1ea1n.<\/p>\n<h2 data-sourcepos=\"13:1-13:14\">Link l\u00e0 g\u00ec?<\/h2>\n<p data-sourcepos=\"15:1-15:229\">Link l\u00e0 m\u1ed9t n\u1ec1n t\u1ea3ng \u0111\u01b0\u1ee3c thi\u1ebft k\u1ebf cho nh\u1eefng ng\u01b0\u1eddi coi tr\u1ecdng s\u1ef1 ti\u1ec7n l\u1ee3i v\u00e0 \u0111\u1ed9 tin c\u1eady. N\u00f3 thay th\u1ebf Intercom v\u00e0 cung c\u1ea5p nhi\u1ec1u t\u00ednh n\u0103ng h\u01a1n, thi\u1ebft k\u1ebf \u0111\u01b0\u1ee3c c\u1ea3i thi\u1ec7n v\u00e0 h\u1ed7 tr\u1ee3 l\u00e2u d\u00e0i. \u0110\u00e2y l\u00e0 nh\u1eefng g\u00ec b\u1ea1n c\u00f3 th\u1ec3 mong \u0111\u1ee3i t\u1eeb Link:<\/p>\n<ul data-sourcepos=\"17:1-21:0\">\n<li data-sourcepos=\"17:1-17:115\"><strong>Giao di\u1ec7n \u0111\u01b0\u1ee3c thi\u1ebft k\u1ebf l\u1ea1i:<\/strong> Thi\u1ebft k\u1ebf \u0111\u01a1n gi\u1ea3n v\u00e0 tr\u1ef1c quan \u0111\u01b0\u1ee3c t\u1ea1o ra cho tr\u1ea3i nghi\u1ec7m ng\u01b0\u1eddi d\u00f9ng li\u1ec1n m\u1ea1ch.<\/li>\n<li data-sourcepos=\"18:1-18:117\"><strong>H\u1ed7 tr\u1ee3 c\u00e1c thi\u1ebft b\u1ecb hi\u1ec7n \u0111\u1ea1i:<\/strong> Link t\u01b0\u01a1ng th\u00edch v\u1edbi c\u00e1c h\u1ec7 \u0111i\u1ec1u h\u00e0nh m\u1edbi nh\u1ea5t v\u00e0 t\u00edch h\u1ee3p v\u1edbi c\u00e1c c\u00f4ng ngh\u1ec7 m\u1edbi.<\/li>\n<li data-sourcepos=\"19:1-19:125\"><strong>C\u00e1c t\u00ednh n\u0103ng n\u00e2ng cao:<\/strong> Qu\u1ea3n l\u00fd truy c\u1eadp, b\u1ea3o m\u1eadt v\u00e0 c\u1ea5u h\u00ecnh thi\u1ebft b\u1ecb linh ho\u1ea1t \u2014 t\u1ea5t c\u1ea3 \u0111\u1ec1u c\u00f3 s\u1eb5n tr\u00ean n\u1ec1n t\u1ea3ng m\u1edbi.<\/li>\n<li data-sourcepos=\"20:1-21:0\"><strong>\u1ed4n \u0111\u1ecbnh v\u00e0 \u0111\u00e1ng tin c\u1eady:<\/strong> \u0110\u01b0\u1ee3c x\u00e2y d\u1ef1ng \u0111\u1ec3 x\u1eed l\u00fd t\u1ea3i tr\u1ecdng cao, \u0111\u1ea3m b\u1ea3o hi\u1ec7u su\u1ea5t kh\u00f4ng b\u1ecb gi\u00e1n \u0111o\u1ea1n.<\/li>\n<\/ul>\n<h2 data-sourcepos=\"22:1-22:47\">Qu\u00e1 tr\u00ecnh chuy\u1ec3n \u0111\u1ed5i s\u1ebd di\u1ec5n ra nh\u01b0 th\u1ebf n\u00e0o?<\/h2>\n<p data-sourcepos=\"24:1-24:404\">Ch\u00fang t\u00f4i \u0111\u00e3 l\u00e0m cho qu\u00e1 tr\u00ecnh chuy\u1ec3n \u0111\u1ed5i di\u1ec5n ra li\u1ec1n m\u1ea1ch nh\u1ea5t c\u00f3 th\u1ec3. C\u00e1c t\u00e0i kho\u1ea3n Intercom \u0111ang ho\u1ea1t \u0111\u1ed9ng s\u1ebd t\u1ef1 \u0111\u1ed9ng \u0111\u01b0\u1ee3c chuy\u1ec3n sang n\u1ec1n t\u1ea3ng Link v\u00e0 ng\u01b0\u1eddi d\u00f9ng s\u1ebd nh\u1eadn \u0111\u01b0\u1ee3c gi\u1ea5y ph\u00e9p phi\u00ean b\u1ea3n C\u01a1 b\u1ea3n t\u01b0\u01a1ng \u0111\u01b0\u01a1ng v\u1edbi s\u1ed1 l\u01b0\u1ee3ng s\u1ed1 SIP trong t\u00e0i kho\u1ea3n c\u1ee7a h\u1ecd. Qu\u00e1 tr\u00ecnh n\u00e0y \u0111\u01b0\u1ee3c thi\u1ebft k\u1ebf \u0111\u1ec3 gi\u1ea3m thi\u1ec3u m\u1ecdi kh\u00f3 kh\u0103n ti\u1ec1m \u1ea9n \u0111\u1ed3ng th\u1eddi \u0111\u1ea3m b\u1ea3o quy\u1ec1n truy c\u1eadp v\u00e0o t\u1ea5t c\u1ea3 c\u00e1c t\u00ednh n\u0103ng c\u00f3 s\u1eb5n c\u1ee7a n\u1ec1n t\u1ea3ng.<\/p>\n<p data-sourcepos=\"26:1-26:65\">\u0110\u1ed1i v\u1edbi ch\u1ee7 s\u1edf h\u1eefu t\u00e0i s\u1ea3n, qu\u00e1 tr\u00ecnh chuy\u1ec3n \u0111\u1ed5i s\u1ebd r\u1ea5t \u0111\u01a1n gi\u1ea3n:<\/p>\n<ol data-sourcepos=\"28:1-30:0\">\n<li data-sourcepos=\"28:1-28:83\">Thi\u1ebft l\u1eadp t\u00e0i kho\u1ea3n c\u1ee7a b\u1ea1n v\u00e0 k\u1ebft n\u1ed1i c\u00e1c thi\u1ebft b\u1ecb li\u00ean l\u1ea1c n\u1ed9i b\u1ed9 v\u1edbi m\u00e1y ch\u1ee7.<\/li>\n<li data-sourcepos=\"29:1-30:0\">\u0110i\u1ec1n v\u00e0o b\u1ea3ng th\u00f4ng tin c\u01b0 d\u00e2n v\u00e0 t\u1ea3i l\u00ean h\u1ec7 th\u1ed1ng.<\/li>\n<\/ol>\n<p data-sourcepos=\"31:1-31:145\">H\u1ec7 th\u1ed1ng s\u1ebd x\u1eed l\u00fd ph\u1ea7n c\u00f2n l\u1ea1i: t\u1ea1o t\u00e0i kho\u1ea3n ng\u01b0\u1eddi d\u00f9ng, g\u1eedi l\u1eddi m\u1eddi, \u0111\u1ecbnh c\u1ea5u h\u00ecnh thi\u1ebft b\u1ecb li\u00ean l\u1ea1c n\u1ed9i b\u1ed9 v\u00e0 c\u1ea5p quy\u1ec1n truy c\u1eadp v\u00e0o n\u1ec1n t\u1ea3ng.<\/p>\n<p data-sourcepos=\"33:1-33:104\">C\u01b0 d\u00e2n s\u1ebd ch\u1ec9 c\u1ea7n ho\u00e0n t\u1ea5t \u0111\u0103ng k\u00fd qua l\u1eddi m\u1eddi &#8211; v\u00e0 h\u1ecd c\u00f3 th\u1ec3 b\u1eaft \u0111\u1ea7u s\u1eed d\u1ee5ng h\u1ec7 th\u1ed1ng m\u1edbi ngay l\u1eadp t\u1ee9c.<\/p>\n<h2 data-sourcepos=\"35:1-35:22\">N\u1ec1n t\u1ea3ng s\u1ebd l\u00e0m g\u00ec?<\/h2>\n<ul data-sourcepos=\"37:1-40:0\">\n<li data-sourcepos=\"37:1-37:99\">T\u1ef1 \u0111\u1ed9ng li\u00ean k\u1ebft t\u00e0i kho\u1ea3n ng\u01b0\u1eddi d\u00f9ng v\u1edbi thi\u1ebft b\u1ecb c\u1ee7a h\u1ecd v\u00e0 cung c\u1ea5p quy\u1ec1n truy c\u1eadp v\u00e0o d\u1ecbch v\u1ee5.<\/li>\n<li data-sourcepos=\"38:1-38:89\">\u0110\u1ecbnh c\u1ea5u h\u00ecnh t\u00edch h\u1ee3p li\u00ean l\u1ea1c n\u1ed9i b\u1ed9, bao g\u1ed3m \u0111\u1ed3ng b\u1ed9 h\u00f3a danh b\u1ea1 \u0111i\u1ec7n tho\u1ea1i n\u1ebfu c\u1ea7n.<\/li>\n<li data-sourcepos=\"39:1-40:0\">X\u1eed l\u00fd d\u1eef li\u1ec7u v\u00e0 c\u1ea5p gi\u1ea5y ph\u00e9p phi\u00ean b\u1ea3n C\u01a1 b\u1ea3n cho Link.<\/li>\n<\/ul>\n<p data-sourcepos=\"41:1-41:201\">\u0110\u1ed1i v\u1edbi c\u00e1c tr\u01b0\u1eddng h\u1ee3p ph\u1ee9c t\u1ea1p h\u01a1n, ch\u1eb3ng h\u1ea1n nh\u01b0 l\u00e0m vi\u1ec7c v\u1edbi c\u00e1c thi\u1ebft b\u1ecb c\u0169 h\u01a1n ho\u1eb7c chuy\u1ec3n d\u1eef li\u1ec7u theo c\u00e1ch th\u1ee7 c\u00f4ng, ch\u00fang t\u00f4i \u0111\u00e3 ph\u00e1t tri\u1ec3n c\u00e1c c\u00f4ng c\u1ee5 \u0111\u1ec3 gi\u00fap c\u00e1c \u0111\u1ed1i t\u00e1c h\u1ee3p l\u00fd h\u00f3a quy tr\u00ecnh.<\/p>\n<h2 data-sourcepos=\"43:1-43:25\">L\u1ee3i \u00edch cho b\u1ea1n l\u00e0 g\u00ec?<\/h2>\n<p data-sourcepos=\"45:1-45:104\">\u0110\u1ec3 qu\u00e1 tr\u00ecnh chuy\u1ec3n \u0111\u1ed5i mang l\u1ea1i l\u1ee3i \u00edch nh\u1ea5t c\u00f3 th\u1ec3, n\u1ec1n t\u1ea3ng Link cung c\u1ea5p m\u1ed9t lo\u1ea1t c\u00e1c t\u00ednh n\u0103ng m\u1edbi:<\/p>\n<p data-sourcepos=\"47:1-47:21\"><strong>Qu\u1ea3n l\u00fd truy c\u1eadp:<\/strong><\/p>\n<ul data-sourcepos=\"49:1-50:0\">\n<li data-sourcepos=\"49:1-50:0\">Ki\u1ec3m so\u00e1t ho\u00e0n to\u00e0n quy\u1ec1n truy c\u1eadp t\u00f2a nh\u00e0 th\u00f4ng qua \u1ee9ng d\u1ee5ng di \u0111\u1ed9ng, bao g\u1ed3m m\u1edf kh\u00f3a c\u1eeda t\u1eeb xa v\u00e0 qu\u1ea3n l\u00fd quy\u1ec1n truy c\u1eadp c\u1ee7a kh\u00e1ch.<\/li>\n<\/ul>\n<p data-sourcepos=\"51:1-51:32\"><strong>Kh\u1ea3 n\u0103ng t\u01b0\u01a1ng t\u00e1c n\u00e2ng cao:<\/strong><\/p>\n<ul data-sourcepos=\"53:1-54:0\">\n<li data-sourcepos=\"53:1-54:0\">T\u00edch h\u1ee3p v\u1edbi c\u00e1c thi\u1ebft b\u1ecb hi\u1ec7n \u0111\u1ea1i nh\u01b0 Apple Watch v\u00e0 Siri, qu\u1ea3n l\u00fd s\u1ef1 ki\u1ec7n gia \u0111\u00ecnh v\u00e0 \u0111\u1eb7t ph\u00f2ng th\u00f4ng qua n\u1ec1n t\u1ea3ng.<\/li>\n<\/ul>\n<p data-sourcepos=\"55:1-55:28\"><strong>Ghi nh\u1eadt k\u00fd v\u00e0 gi\u00e1m s\u00e1t:<\/strong><\/p>\n<ul data-sourcepos=\"57:1-58:0\">\n<li data-sourcepos=\"57:1-58:0\">Xem l\u1ecbch s\u1eed cu\u1ed9c g\u1ecdi, nh\u1eadt k\u00fd truy c\u1eadp v\u00e0 qu\u1ea3n l\u00fd l\u1ecbch tr\u00ecnh v\u00e0 h\u1ea1n ch\u1ebf.<\/li>\n<\/ul>\n<p data-sourcepos=\"59:1-59:29\"><strong>T\u00ednh m\u00f4-\u0111un v\u00e0 t\u00f9y ch\u1ec9nh:<\/strong><\/p>\n<ul data-sourcepos=\"61:1-62:0\">\n<li data-sourcepos=\"61:1-62:0\">T\u1ea1o kh\u00f4ng gian cho c\u00e1c t\u00e0i s\u1ea3n nh\u00e0 \u1edf v\u00e0 th\u01b0\u01a1ng m\u1ea1i, \u0111\u1ecbnh c\u1ea5u h\u00ecnh c\u00e1c quy t\u1eafc chuy\u1ec3n ti\u1ebfp cu\u1ed9c g\u1ecdi linh ho\u1ea1t v\u00e0 qu\u1ea3n l\u00fd danh b\u1ea1 \u0111i\u1ec7n tho\u1ea1i.<\/li>\n<\/ul>\n<p data-sourcepos=\"63:1-63:38\"><strong>C\u00e1c t\u00ednh n\u0103ng \u0111i\u1ec7n tho\u1ea1i n\u00e2ng cao:<\/strong><\/p>\n<ul data-sourcepos=\"65:1-66:0\">\n<li data-sourcepos=\"65:1-66:0\">H\u1ed7 tr\u1ee3 c\u00e1c trung k\u1ebf SIP, s\u1ed1 \u1ea3o v\u00e0 ch\u1ee9c n\u0103ng \u0111i\u1ec7n tho\u1ea1i m\u1ec1m \u0111\u1ec3 li\u00ean l\u1ea1c li\u1ec1n m\u1ea1ch.<\/li>\n<\/ul>\n<p data-sourcepos=\"67:1-67:20\"><strong>C\u00f4ng c\u1ee5 b\u1ea3o m\u1eadt:<\/strong><\/p>\n<ul data-sourcepos=\"69:1-70:0\">\n<li data-sourcepos=\"69:1-70:0\">T\u00edch h\u1ee3p v\u1edbi c\u00e1c thi\u1ebft b\u1ecb g\u1ecdi kh\u1ea9n c\u1ea5p, qu\u1ea3n l\u00fd truy c\u1eadp thang m\u00e1y v\u00e0 ki\u1ec3m so\u00e1t c\u00e1c khu v\u1ef1c h\u1ea1n ch\u1ebf.<\/li>\n<\/ul>\n<h2 data-sourcepos=\"71:1-71:53\">Ch\u00fang t\u00f4i s\u1ebd th\u00f4ng b\u00e1o cho ng\u01b0\u1eddi d\u00f9ng nh\u01b0 th\u1ebf n\u00e0o?<\/h2>\n<p data-sourcepos=\"73:1-73:102\">Ch\u00fang t\u00f4i \u0111\u00e3 chu\u1ea9n b\u1ecb m\u1ed9t lo\u1ea1t th\u00f4ng b\u00e1o \u0111\u1ec3 h\u01b0\u1edbng d\u1eabn b\u1ea1n qua t\u1eebng giai \u0111o\u1ea1n c\u1ee7a qu\u00e1 tr\u00ecnh chuy\u1ec3n \u0111\u1ed5i:<\/p>\n<ul data-sourcepos=\"75:1-79:0\">\n<li data-sourcepos=\"75:1-75:150\"><strong>Email th\u00f4ng tin:<\/strong> B\u1ea1n s\u1ebd nh\u1eadn \u0111\u01b0\u1ee3c email n\u00eau chi ti\u1ebft c\u00e1c thay \u0111\u1ed5i, d\u00f2ng th\u1eddi gian chuy\u1ec3n \u0111\u1ed5i, l\u1ee3i \u00edch c\u1ee7a Link v\u00e0 h\u01b0\u1edbng d\u1eabn di chuy\u1ec3n t\u1eebng b\u01b0\u1edbc.<\/li>\n<li data-sourcepos=\"76:1-76:110\"><strong>L\u1eddi m\u1eddi \u0111\u0103ng k\u00fd:<\/strong> Sau khi di chuy\u1ec3n d\u1eef li\u1ec7u, b\u1ea1n s\u1ebd nh\u1eadn \u0111\u01b0\u1ee3c l\u1eddi m\u1eddi ho\u00e0n t\u1ea5t \u0111\u0103ng k\u00fd tr\u00ean n\u1ec1n t\u1ea3ng m\u1edbi.<\/li>\n<li data-sourcepos=\"77:1-77:130\"><strong>L\u1eddi nh\u1eafc:<\/strong> N\u1ebfu c\u1ea7n, ch\u00fang t\u00f4i s\u1ebd g\u1eedi l\u1eddi nh\u1eafc \u0111\u1ec3 \u0111\u1ea3m b\u1ea3o b\u1ea1n ho\u00e0n t\u1ea5t thi\u1ebft l\u1eadp v\u00e0 b\u1eaft \u0111\u1ea7u s\u1eed d\u1ee5ng Link m\u00e0 kh\u00f4ng b\u1ecb ch\u1eadm tr\u1ec5.<\/li>\n<li data-sourcepos=\"78:1-79:0\"><strong>H\u1ed7 tr\u1ee3 ng\u01b0\u1eddi d\u00f9ng:<\/strong> Nh\u00f3m c\u1ee7a ch\u00fang t\u00f4i s\u1ebd c\u00f3 m\u1eb7t \u0111\u1ec3 tr\u1ea3 l\u1eddi c\u00e1c c\u00e2u h\u1ecfi c\u1ee7a b\u1ea1n qua email v\u00e0 c\u00e1c k\u00eanh h\u1ed7 tr\u1ee3 kh\u00e1c.<\/li>\n<\/ul>\n<h2 data-sourcepos=\"80:1-80:55\">Di chuy\u1ec3n t\u1eeb Intercom sang Link: H\u01b0\u1edbng d\u1eabn t\u1eebng b\u01b0\u1edbc<\/h2>\n<p data-sourcepos=\"82:1-82:282\">\u0110\u1ec3 \u0111\u1ea3m b\u1ea3o qu\u00e1 tr\u00ecnh chuy\u1ec3n \u0111\u1ed5i su\u00f4n s\u1ebb, b\u1ea1n s\u1ebd nh\u1eadn \u0111\u01b0\u1ee3c l\u1eddi m\u1eddi tham gia m\u00e1y ch\u1ee7 Link m\u1edbi t\u1eeb ng\u00e0y 20 \u0111\u1ebfn ng\u00e0y 25 th\u00e1ng 2. L\u1eddi m\u1eddi n\u00e0y s\u1ebd \u0111\u01b0\u1ee3c g\u1eedi \u0111\u1ebfn \u0111\u1ecba ch\u1ec9 email b\u1ea1n \u0111\u00e3 s\u1eed d\u1ee5ng \u0111\u1ec3 \u0111\u0103ng k\u00fd v\u1edbi Intercom. Vui l\u00f2ng ki\u1ec3m tra h\u1ed9p th\u01b0 \u0111\u1ebfn (v\u00e0 th\u01b0 m\u1ee5c spam) c\u1ee7a b\u1ea1n trong th\u1eddi gian n\u00e0y.<\/p>\n<h2 data-sourcepos=\"84:1-84:19\">B\u1eaft \u0111\u1ea7u v\u1edbi Link<\/h2>\n<ol data-sourcepos=\"86:1-90:0\">\n<li data-sourcepos=\"86:1-86:89\"><strong>Ch\u1ea5p nh\u1eadn l\u1eddi m\u1eddi:<\/strong> Nh\u1ea5p v\u00e0o li\u00ean k\u1ebft trong email l\u1eddi m\u1eddi \u0111\u1ec3 truy c\u1eadp m\u00e1y ch\u1ee7 Link.<\/li>\n<li data-sourcepos=\"87:1-87:83\"><strong>T\u1ea1o m\u1eadt kh\u1ea9u:<\/strong> B\u1ea1n s\u1ebd \u0111\u01b0\u1ee3c nh\u1eafc t\u1ea1o m\u1eadt kh\u1ea9u m\u1edbi cho t\u00e0i kho\u1ea3n Link c\u1ee7a m\u00ecnh.<\/li>\n<li data-sourcepos=\"88:1-88:136\"><strong>\u0110\u0103ng nh\u1eadp:<\/strong> Sau khi \u0111\u00e3 t\u1ea1o m\u1eadt kh\u1ea9u, b\u1ea1n c\u00f3 th\u1ec3 \u0111\u0103ng nh\u1eadp v\u00e0o m\u00e1y ch\u1ee7 Link b\u1eb1ng \u0111\u1ecba ch\u1ec9 email \u0111\u00e3 \u0111\u0103ng k\u00fd v\u00e0 m\u1eadt kh\u1ea9u m\u1edbi c\u1ee7a m\u00ecnh.<\/li>\n<li data-sourcepos=\"89:1-90:0\"><strong>L\u00e0m theo h\u01b0\u1edbng d\u1eabn thi\u1ebft l\u1eadp:<\/strong> Sau khi \u0111\u0103ng nh\u1eadp, b\u1ea1n s\u1ebd \u0111\u01b0\u1ee3c h\u01b0\u1edbng d\u1eabn qua quy tr\u00ecnh thi\u1ebft l\u1eadp. C\u00e1c h\u01b0\u1edbng d\u1eabn s\u1ebd kh\u00e1c nhau t\u00f9y thu\u1ed9c v\u00e0o lo\u1ea1i ng\u01b0\u1eddi d\u00f9ng v\u00e0 thi\u1ebft b\u1ecb c\u1ee7a b\u1ea1n.<\/li>\n<\/ol>\n<h2 data-sourcepos=\"91:1-91:38\">H\u01b0\u1edbng d\u1eabn d\u00e0nh ri\u00eang cho ng\u01b0\u1eddi d\u00f9ng<\/h2>\n<p data-sourcepos=\"93:1-93:123\">\u0110\u1ec3 qu\u00e1 tr\u00ecnh di chuy\u1ec3n d\u1ec5 d\u00e0ng nh\u1ea5t c\u00f3 th\u1ec3, ch\u00fang t\u00f4i \u0111\u00e3 cung c\u1ea5p c\u00e1c h\u01b0\u1edbng d\u1eabn chi ti\u1ebft cho c\u00e1c nh\u00f3m ng\u01b0\u1eddi d\u00f9ng kh\u00e1c nhau:<\/p>\n<p data-sourcepos=\"95:1-95:12\"><strong>\u0110\u1ed1i t\u00e1c<\/strong><strong style=\"font-size: revert; color: initial;\">:<\/strong><\/p>\n<div id=\"model-response-message-contentr_7cc64dd4d44cdcb4\" class=\"markdown markdown-main-panel\" dir=\"ltr\">\n<ul>\n<li><a href=\"https:\/\/basip.atlassian.net\/wiki\/spaces\/migrationtothelink\/pages\/354812908\" target=\"_blank\" rel=\"noopener\">Ch\u1ee7 s\u1edf h\u1eefu thi\u1ebft b\u1ecb m\u1edbi ho\u1eb7c ng\u01b0\u1eddi ch\u1ecbu tr\u00e1ch nhi\u1ec7m c\u00e0i \u0111\u1eb7t<\/a><\/li>\n<li><a href=\"https:\/\/basip.atlassian.net\/wiki\/spaces\/migrationtothelink\/pages\/354713882\" target=\"_blank\" rel=\"noopener\">Ch\u1ee7 s\u1edf h\u1eefu thi\u1ebft b\u1ecb c\u0169 (ho\u1eb7c ng\u01b0\u1eddi ch\u1ecbu tr\u00e1ch nhi\u1ec7m c\u00e0i \u0111\u1eb7t) m\u00e0 kh\u00f4ng th\u1ec3 k\u1ebft n\u1ed1i v\u1edbi m\u00e1y ch\u1ee7 Link m\u1edbi<\/a><\/li>\n<li><a style=\"font-size: revert;\" href=\"https:\/\/basip.atlassian.net\/wiki\/spaces\/migrationtothelink\/pages\/354877460\" target=\"_blank\" rel=\"noopener\">Ch\u1ee7 s\u1edf h\u1eefu thi\u1ebft b\u1ecb c\u0169 (ho\u1eb7c ng\u01b0\u1eddi ch\u1ecbu tr\u00e1ch nhi\u1ec7m c\u00e0i \u0111\u1eb7t) <em>c\u00f3 th\u1ec3<\/em> k\u1ebft n\u1ed1i v\u1edbi m\u00e1y ch\u1ee7 Link m\u1edbi<\/a><\/li>\n<\/ul>\n<p><strong>C\u01b0 d\u00e2n khu d\u00e2n c\u01b0 ho\u1eb7c kh\u00e1ch h\u00e0ng t\u01b0 nh\u00e2n:<\/strong><\/p>\n<ul>\n<li><a href=\"https:\/\/basip.atlassian.net\/wiki\/spaces\/migrationtothelink\/pages\/354713902\" target=\"_blank\" rel=\"noopener\">Ng\u01b0\u1eddi d\u00f9ng Intercom kh\u00f4ng c\u00f3 h\u1ec7 th\u1ed1ng li\u00ean l\u1ea1c n\u1ed9i b\u1ed9 nh\u01b0ng c\u00f3 \u1ee9ng d\u1ee5ng di \u0111\u1ed9ng<\/a><\/li>\n<li><a href=\"https:\/\/basip.atlassian.net\/wiki\/spaces\/migrationtothelink\/pages\/354713892\" target=\"_blank\" rel=\"noopener\">Ng\u01b0\u1eddi d\u00f9ng Intercom c\u00f3 c\u1ea3 h\u1ec7 th\u1ed1ng li\u00ean l\u1ea1c n\u1ed9i b\u1ed9 v\u00e0 \u1ee9ng d\u1ee5ng di \u0111\u1ed9ng<\/a><\/li>\n<\/ul>\n<p data-sourcepos=\"5:3-5:222\">Ch\u00fang t\u00f4i khuy\u1ebfn kh\u00edch b\u1ea1n xem l\u1ea1i c\u00e1c h\u01b0\u1edbng d\u1eabn li\u00ean quan \u0111\u1ebfn lo\u1ea1i ng\u01b0\u1eddi d\u00f9ng v\u00e0 thi\u1ebft b\u1ecb c\u1ee7a b\u1ea1n. N\u1ebfu b\u1ea1n c\u00f3 b\u1ea5t k\u1ef3 c\u00e2u h\u1ecfi n\u00e0o ho\u1eb7c c\u1ea7n h\u1ed7 tr\u1ee3 trong qu\u00e1 tr\u00ecnh di chuy\u1ec3n, vui l\u00f2ng li\u00ean h\u1ec7 v\u1edbi nh\u00f3m h\u1ed7 tr\u1ee3 c\u1ee7a ch\u00fang t\u00f4i.<\/p>\n<p data-sourcepos=\"7:3-7:113\">Ch\u00fang t\u00f4i tin r\u1eb1ng b\u1ea1n s\u1ebd th\u00edch tr\u1ea3i nghi\u1ec7m giao ti\u1ebfp n\u00e2ng cao m\u00e0 Link mang l\u1ea1i. C\u1ea3m \u01a1n b\u1ea1n \u0111\u00e3 ti\u1ebfp t\u1ee5c \u1ee7ng h\u1ed9!<\/p>\n<p data-sourcepos=\"9:3-9:29\">Ch\u00e0o m\u1eebng b\u1ea1n \u0111\u1ebfn v\u1edbi Link!<\/p>\n<\/div>\n\n<!-- START Block Sign Up --><section id=\"block_629678229e935\" class=\"sign-up-section\">\r\n\r\n    <div class=\"form-holder js-form\" data-aos=\"fade-right\">\r\n                    <div class=\"title-block h3\">Sign up for connection<\/div>\r\n        \r\n                    <div class=\"text-block\">\r\n                Filling out all the information needed to answer you as quickly as possible            <\/div>\r\n        \r\n                    \n<div class=\"wpcf7 no-js\" id=\"wpcf7-f102-o1\" lang=\"en-US\" dir=\"ltr\">\n<div class=\"screen-reader-response\"><p role=\"status\" aria-live=\"polite\" aria-atomic=\"true\"><\/p> <ul><\/ul><\/div>\n<form action=\"\/vi\/wp-json\/wp\/v2\/pages\/131253#wpcf7-f102-o1\" method=\"post\" class=\"wpcf7-form init\" aria-label=\"Contact form\" enctype=\"multipart\/form-data\" novalidate=\"novalidate\" data-status=\"init\">\n<div style=\"display: none;\">\n<input type=\"hidden\" name=\"_wpcf7\" value=\"102\" \/>\n<input type=\"hidden\" name=\"_wpcf7_version\" value=\"5.8.3\" \/>\n<input type=\"hidden\" name=\"_wpcf7_locale\" value=\"en_US\" \/>\n<input type=\"hidden\" name=\"_wpcf7_unit_tag\" value=\"wpcf7-f102-o1\" \/>\n<input type=\"hidden\" name=\"_wpcf7_container_post\" value=\"0\" \/>\n<input type=\"hidden\" name=\"_wpcf7_posted_data_hash\" value=\"\" \/>\n<input type=\"hidden\" name=\"_wpcf7_recaptcha_response\" value=\"\" \/>\n<\/div>\n<div class=\"row\"> \n <label><span class=\"label-text\">Name<\/span> \n  <span class=\"wpcf7-form-control-wrap\" data-name=\"text-full-name\"><input size=\"40\" class=\"wpcf7-form-control wpcf7-text wpcf7-validates-as-required\" aria-required=\"true\" aria-invalid=\"false\" placeholder=\"Name\" value=\"\" type=\"text\" name=\"text-full-name\" \/><\/span><\/label> \n<\/div> \n<div class=\"row\"> \n <label><span class=\"label-text\">Phone*<\/span> \n<span class=\"wpcf7-form-control-wrap\" data-name=\"phonetext-270\"><input size=\"40\" class=\"wpcf7-form-control wpcf7-phonetext wpcf7-validates-as-required wpcf7-text wpcf7-validates-as-phonetext\" aria-required=\"true\" aria-invalid=\"false\" placeholder=\"Phone*\" value=\"\" type=\"text\" name=\"phonetext-270\" \/><input type=\"hidden\" name=\"phonetext-270-country-code\" class=\"wpcf7-phonetext-country-code\" \/><\/span><\/label> \n<\/div> \n<div class=\"row\"> \n <label><span class=\"label-text\">E-mail<\/span> \n  <span class=\"wpcf7-form-control-wrap\" data-name=\"email-e-mail\"><input size=\"40\" class=\"wpcf7-form-control wpcf7-email wpcf7-validates-as-required wpcf7-text wpcf7-validates-as-email\" aria-required=\"true\" aria-invalid=\"false\" placeholder=\"E-mail\" value=\"\" type=\"email\" name=\"email-e-mail\" \/><\/span><\/label> \n<\/div> \n<div class=\"row\"><span>Your country<\/span> \n <label><span class=\"wpcf7-form-control-wrap\" data-name=\"countrytext-126\"><input size=\"40\" class=\"wpcf7-form-control wpcf7-countrytext wpcf7-text wpcf7-validates-as-countrytext\" aria-invalid=\"false\" value=\"\" type=\"text\" name=\"countrytext-126\" \/><\/span> <\/label>\n<\/div> \n<div class=\"row\"> \n <button type=\"submit\" class=\"btn\">Send<\/button> \n<\/div> \n<div class=\"row\"> \n <span class=\"wpcf7-form-control-wrap\" data-name=\"checkbox-931\"><span class=\"wpcf7-form-control wpcf7-checkbox\"><span class=\"wpcf7-list-item first\"><label><input type=\"checkbox\" name=\"checkbox-931[]\" value=\"Integrator\" \/><span class=\"wpcf7-list-item-label\">Integrator<\/span><\/label><\/span><span class=\"wpcf7-list-item\"><label><input type=\"checkbox\" name=\"checkbox-931[]\" value=\"Builder\" \/><span class=\"wpcf7-list-item-label\">Builder<\/span><\/label><\/span><span class=\"wpcf7-list-item last\"><label><input type=\"checkbox\" name=\"checkbox-931[]\" value=\"End-User\" \/><span class=\"wpcf7-list-item-label\">End-User<\/span><\/label><\/span><\/span><\/span> \n<\/div> \n<div class=\"row row-upload-file\"> \n <label class=\"upload-file-block js-upload-file\">Attach file \n  <span class=\"wpcf7-form-control-wrap\" data-name=\"file-466\"><input size=\"40\" class=\"wpcf7-form-control wpcf7-file\" accept=\"audio\/*,video\/*,image\/*\" aria-invalid=\"false\" type=\"file\" name=\"file-466\" \/><\/span><\/label> \n<\/div><input type='hidden' class='wpcf7-pum' value='{\"closepopup\":false,\"closedelay\":0,\"openpopup\":false,\"openpopup_id\":0}' \/><div class=\"wpcf7-response-output\" aria-hidden=\"true\"><\/div>\n<\/form>\n<\/div>\n            <\/div>\r\n\r\n\t\t    <div class=\"text-holder\" data-aos=\"fade-left\">\r\n\t\t\t\t\t\t    <h3 class=\"title-block\">How Can We Help?<\/h3>\r\n\t\t\t\r\n\t\t\t                <div class=\"text-block\">\r\n                    Please select a topic below related to your inquiry. If you don&#8217;t find what you need, fill out our contact form.                <\/div>\r\n\t\t\t\r\n\t\t\t\t\t\t    <ul class=\"link-list\">\r\n\t\t\t\t\t\t\t\t\t\t\t\t\t\t\t\t\t\t<li>\r\n\t\t\t\t\t\t\t\t\t\t\t\t\t\t\t\t    <strong>Get Inspired<\/strong>\r\n\t\t\t\t\t\t\t\t\t\t\t\t\t\t\t\t\t\t\t\t\t\t\t\t    <a href=\"\/features\/\">\r\n\t\t\t\t\t\t\t\t        Discover what&#8217;s beneath our intercom\t\t\t\t\t\t\t\t    <\/a>\r\n\t\t\t\t\t\t\t\t\t\t\t\t\t\t\t<\/li>\r\n\t\t\t\t\t\t\t\t\t\t\t\t\t\t\t\t\t\t\t\t\t\t\t\t<li>\r\n\t\t\t\t\t\t\t\t\t\t\t\t\t\t\t\t    <strong>Become a Partner<\/strong>\r\n\t\t\t\t\t\t\t\t\t\t\t\t\t\t\t\t\t\t\t\t\t\t\t\t    <a href=\"\/distributors\/\">\r\n\t\t\t\t\t\t\t\t        Expand your business with BAS-IP intercom\t\t\t\t\t\t\t\t    <\/a>\r\n\t\t\t\t\t\t\t\t\t\t\t\t\t\t\t<\/li>\r\n\t\t\t\t\t\t\t\t\t\t\t\t\t\t\t\t\t\t\t\t\t\t\t\t<li>\r\n\t\t\t\t\t\t\t\t\t\t\t\t\t\t\t\t    <strong>Check the Guides<\/strong>\r\n\t\t\t\t\t\t\t\t\t\t\t\t\t\t\t\t\t\t\t\t\t\t\t\t    <a href=\"\/support\/\">\r\n\t\t\t\t\t\t\t\t        Download detailed manuals and schemes\t\t\t\t\t\t\t\t    <\/a>\r\n\t\t\t\t\t\t\t\t\t\t\t\t\t\t\t<\/li>\r\n\t\t\t\t\t\t\t\t\t\t\t\t\t\t\t<\/ul>\r\n\t\t\t\r\n\t\t\t\t\t\t    <h3 class=\"title-block\">Our contacts<\/h3>\r\n\t\t\t\r\n\t\t\t\t\t\t\t<ul class=\"contact-list\">\r\n\t\t\t\t\t\t\t\t\t\t\t\t\t\t\t\t\t\t<li>\r\n\t\t\t\t\t\t\t\t\t\t\t\t\t\t\t\t\t<strong>Sales:<\/strong>\r\n\t\t\t\t\t\t\t\t\t\t\t\t\t\t\t\t\t\t\t\t\t\t\t\t    <a href=\"mailto:&#115;a&#108;es&#64;b&#97;&#115;-&#105;p.c&#111;m\">sal&#101;s&#64;&#98;a&#115;-&#105;&#112;&#46;c&#111;&#109;<\/a>\r\n\t\t\t\t\t\t\t\t\t\t\t\t\t\t\t<\/li>\r\n\t\t\t\t\t\t\t\t\t\t\t\t\t\t\t\t\t\t\t\t\t\t\t\t<li>\r\n\t\t\t\t\t\t\t\t\t\t\t\t\t\t\t\t\t<strong>Technical support:<\/strong>\r\n\t\t\t\t\t\t\t\t\t\t\t\t\t\t\t\t\t\t\t\t\t\t\t\t    <a href=\"mailto:&#115;u&#112;&#112;&#111;&#114;t&#64;&#98;as&#45;i&#112;.&#99;om\">s&#117;&#112;p&#111;r&#116;&#64;ba&#115;&#45;i&#112;.&#99;&#111;&#109;<\/a>\r\n\t\t\t\t\t\t\t\t\t\t\t\t\t\t\t<\/li>\r\n\t\t\t\t\t\t\t\t\t\t\t\t\t\t\t<\/ul>\r\n\t\t\t\t\t<\/div>\r\n\t<\/section>\r\n\r\n\r\n\r\n<!-- END Block Sign Up -->","protected":false},"excerpt":{"rendered":"<p>Intercom chuy\u1ec3n sang Link: \u0110i\u1ec1u n\u00e0y c\u00f3 \u00fd ngh\u0129a g\u00ec \u0111\u1ed1i v\u1edbi b\u1ea1n? K\u1ec3 t\u1eeb ng\u00e0y 4 th\u00e1ng 3 n\u0103m 2025, \u1ee9ng d\u1ee5ng Intercom d\u00e0nh cho Android s\u1ebd kh\u00f4ng c\u00f2n kh\u1ea3 d\u1ee5ng tr\u00ean Google Play Store. Tuy nhi\u00ean, phi\u00ean b\u1ea3n web v\u00e0 \u1ee9ng d\u1ee5ng iOS s\u1ebd ti\u1ebfp t\u1ee5c ho\u1ea1t \u0111\u1ed9ng m\u00e0 kh\u00f4ng c\u00f3 b\u1ea5t k\u1ef3 [&hellip;]<\/p>","protected":false},"author":1,"featured_media":0,"parent":0,"menu_order":0,"comment_status":"closed","ping_status":"closed","template":"","meta":{"inline_featured_image":false,"footnotes":""},"class_list":["post-131253","page","type-page","status-publish","hentry"],"acf":[],"_links":{"self":[{"href":"https:\/\/bas-ip.com\/vi\/wp-json\/wp\/v2\/pages\/131253","targetHints":{"allow":["GET"]}}],"collection":[{"href":"https:\/\/bas-ip.com\/vi\/wp-json\/wp\/v2\/pages"}],"about":[{"href":"https:\/\/bas-ip.com\/vi\/wp-json\/wp\/v2\/types\/page"}],"author":[{"embeddable":true,"href":"https:\/\/bas-ip.com\/vi\/wp-json\/wp\/v2\/users\/1"}],"replies":[{"embeddable":true,"href":"https:\/\/bas-ip.com\/vi\/wp-json\/wp\/v2\/comments?post=131253"}],"version-history":[{"count":2,"href":"https:\/\/bas-ip.com\/vi\/wp-json\/wp\/v2\/pages\/131253\/revisions"}],"predecessor-version":[{"id":131563,"href":"https:\/\/bas-ip.com\/vi\/wp-json\/wp\/v2\/pages\/131253\/revisions\/131563"}],"wp:attachment":[{"href":"https:\/\/bas-ip.com\/vi\/wp-json\/wp\/v2\/media?parent=131253"}],"curies":[{"name":"wp","href":"https:\/\/api.w.org\/{rel}","templated":true}]}}