{"id":123158,"date":"2023-03-31T12:50:05","date_gmt":"2023-03-31T12:50:05","guid":{"rendered":"https:\/\/bas-ip.com\/?page_id=123158"},"modified":"2025-03-14T10:13:58","modified_gmt":"2025-03-14T10:13:58","slug":"thang-may-thang-nang","status":"publish","type":"page","link":"https:\/\/bas-ip.com\/vi\/thang-may\/","title":{"rendered":"Thang m\u00e1y"},"content":{"rendered":"<h1 class=\"wp-block-heading\"><strong>H\u1ec7 th\u1ed1ng li\u00ean l\u1ea1c n\u1ed9i b\u1ed9 thang m\u00e1y d\u1ef1a tr\u00ean c\u00f4ng ngh\u1ec7 IP<\/strong><\/h1>\n\n\n\n<p>Trong m\u1ed9t th\u1ebf gi\u1edbi lu\u00f4n k\u1ebft n\u1ed1i, giao ti\u1ebfp \u0111\u00e3 tr\u1edf n\u00ean t\u1ed1i quan tr\u1ecdng. \u0110i\u1ec1u n\u00e0y \u0111\u1eb7c bi\u1ec7t \u0111\u00fang trong c\u00e1c m\u00f4i tr\u01b0\u1eddng m\u00e0 s\u1ef1 an to\u00e0n v\u00e0 kh\u1ea3 n\u0103ng ti\u1ebfp c\u1eadn l\u00e0 r\u1ea5t quan tr\u1ecdng, ch\u1eb3ng h\u1ea1n nh\u01b0 trong thang m\u00e1y. H\u1ec7 th\u1ed1ng li\u00ean l\u1ea1c n\u1ed9i b\u1ed9 thang m\u00e1y \u0111\u00f3ng vai tr\u00f2 quan tr\u1ecdng trong vi\u1ec7c \u0111\u1ea3m b\u1ea3o s\u1ef1 an to\u00e0n c\u1ee7a h\u00e0nh kh\u00e1ch v\u00e0 ng\u00e0y c\u00e0ng \u0111\u01b0\u1ee3c coi l\u00e0 m\u1ed9t t\u00ednh n\u0103ng b\u1eaft bu\u1ed9c. H\u00e3y c\u00f9ng t\u00ecm hi\u1ec3u s\u00e2u h\u01a1n v\u1ec1 nh\u1eefng l\u1ee3i \u00edch c\u1ee7a vi\u1ec7c s\u1eed d\u1ee5ng h\u1ec7 th\u1ed1ng li\u00ean l\u1ea1c n\u1ed9i b\u1ed9 thang m\u00e1y d\u1ef1a tr\u00ean IP BAS-IP v\u00e0 c\u00e1ch ch\u00fang \u0111ang c\u00e1ch m\u1ea1ng h\u00f3a tr\u1ea3i nghi\u1ec7m thang m\u00e1y.<\/p>\n\n\n<!-- START Block Features --><section id=\"block_6437d003aff43\" class=\"features-section\">\r\n\t\r\n    <div class=\"features-list\">\r\n                    <div class=\"features-item\" data-aos=\"fade-up\">\r\n    <div class=\"features-box\">\r\n                    <div class=\"image-holder\">\r\n                <img loading=\"lazy\" decoding=\"async\" width=\"350\" height=\"320\" src=\"https:\/\/bas-ip.com\/wp-content\/uploads\/2023\/04\/1-6-350x320.jpg\" class=\"attachment-thumbnail_350x320 size-thumbnail_350x320\" alt=\"\" \/>            <\/div>\r\n        \r\n        <div class=\"text-holder\">\r\n                        <h3 class=\"title-block\">Nhu c\u1ea7u v\u1ec1 h\u1ec7 th\u1ed1ng li\u00ean l\u1ea1c n\u1ed9i b\u1ed9 trong thang m\u00e1y<\/h3>\r\n          \r\n                        <div class=\"text-block\">\r\n                <p>H\u1ec7 th\u1ed1ng li\u00ean l\u1ea1c n\u1ed9i b\u1ed9 thang m\u00e1y \u0111\u00f3ng vai tr\u00f2 nh\u01b0 \u0111\u01b0\u1eddng d\u00e2y c\u1ee9u sinh cho h\u00e0nh kh\u00e1ch trong tr\u01b0\u1eddng h\u1ee3p kh\u1ea9n c\u1ea5p ho\u1eb7c s\u1ef1 c\u1ed1 k\u1ef9 thu\u1eadt. Ch\u00fang cung c\u1ea5p k\u00eanh li\u00ean l\u1ea1c tr\u1ef1c ti\u1ebfp \u0111\u1ebfn ban qu\u1ea3n l\u00fd t\u00f2a nh\u00e0 ho\u1eb7c c\u00e1c d\u1ecbch v\u1ee5 kh\u1ea9n c\u1ea5p, \u0111\u1ea3m b\u1ea3o h\u1ed7 tr\u1ee3 nhanh ch\u00f3ng khi c\u1ea7n. Do \u0111\u00f3, vi\u1ec7c c\u00f3 m\u1ed9t h\u1ec7 th\u1ed1ng li\u00ean l\u1ea1c n\u1ed9i b\u1ed9 \u0111\u00e1ng tin c\u1eady v\u00e0 hi\u1ec7u qu\u1ea3 trong thang m\u00e1y l\u00e0 \u0111i\u1ec1u c\u1ea7n thi\u1ebft \u0111\u1ec3 duy tr\u00ec c\u00e1c ti\u00eau chu\u1ea9n an to\u00e0n v\u00e0 tr\u1ea5n an h\u00e0nh kh\u00e1ch.<\/p>\n              <\/div>\r\n                  <\/div>\r\n    <\/div>\r\n<\/div>\r\n                    <div class=\"features-item\" data-aos=\"fade-up\">\r\n    <div class=\"features-box\">\r\n                    <div class=\"image-holder\">\r\n                <img loading=\"lazy\" decoding=\"async\" width=\"350\" height=\"320\" src=\"https:\/\/bas-ip.com\/wp-content\/uploads\/2023\/04\/2-6-350x320.jpg\" class=\"attachment-thumbnail_350x320 size-thumbnail_350x320\" alt=\"\" \/>            <\/div>\r\n        \r\n        <div class=\"text-holder\">\r\n                        <h3 class=\"title-block\">H\u1ec7 th\u1ed1ng li\u00ean l\u1ea1c n\u1ed9i b\u1ed9 d\u1ef1a tr\u00ean IP: M\u1ed9t b\u01b0\u1edbc ti\u1ebfn v\u01b0\u1ee3t tr\u1ed9i so v\u1edbi c\u00e1c h\u1ec7 th\u1ed1ng truy\u1ec1n th\u1ed1ng<\/h3>\r\n          \r\n                        <div class=\"text-block\">\r\n                <p>H\u1ec7 th\u1ed1ng li\u00ean l\u1ea1c n\u1ed9i b\u1ed9 analog truy\u1ec1n th\u1ed1ng \u0111\u00e3 l\u00e0 ti\u00eau chu\u1ea9n trong nhi\u1ec1u n\u0103m. Tuy nhi\u00ean, s\u1ef1 ra \u0111\u1eddi c\u1ee7a c\u00e1c gi\u1ea3i ph\u00e1p d\u1ef1a tr\u00ean IP, t\u1eadn d\u1ee5ng giao th\u1ee9c internet (IP) v\u00e0 Giao th\u1ee9c kh\u1edfi t\u1ea1o phi\u00ean (SIP), \u0111\u00e3 mang l\u1ea1i s\u1ef1 thay \u0111\u1ed5i l\u1edbn trong c\u00e1ch ch\u00fang ta giao ti\u1ebfp trong thang m\u00e1y.<\/p>\n              <\/div>\r\n                  <\/div>\r\n    <\/div>\r\n<\/div>\r\n                    <div class=\"features-item\" data-aos=\"fade-up\">\r\n    <div class=\"features-box\">\r\n                    <div class=\"image-holder\">\r\n                <img loading=\"lazy\" decoding=\"async\" width=\"350\" height=\"320\" src=\"https:\/\/bas-ip.com\/wp-content\/uploads\/2023\/04\/3-6-350x320.jpg\" class=\"attachment-thumbnail_350x320 size-thumbnail_350x320\" alt=\"\" \/>            <\/div>\r\n        \r\n        <div class=\"text-holder\">\r\n                        <h3 class=\"title-block\">H\u1ee3p t\u00e1c v\u1edbi c\u00e1c nh\u00e0 s\u1ea3n xu\u1ea5t thang m\u00e1y to\u00e0n c\u1ea7u<\/h3>\r\n          \r\n                        <div class=\"text-block\">\r\n                <p>BAS-IP \u0111\u00e3 thi\u1ebft l\u1eadp quan h\u1ec7 \u0111\u1ed1i t\u00e1c v\u1edbi c\u00e1c nh\u00e0 s\u1ea3n xu\u1ea5t thang m\u00e1y h\u00e0ng \u0111\u1ea7u, ch\u1eb3ng h\u1ea1n nh\u01b0 Kone, \u0111\u1ec3 cung c\u1ea5p t\u00edch h\u1ee3p li\u1ec1n m\u1ea1ch v\u1edbi c\u00e1c s\u1ea3n ph\u1ea9m c\u1ee7a h\u1ecd. S\u1ef1 h\u1ee3p t\u00e1c n\u00e0y cho ph\u00e9p ki\u1ec3m so\u00e1t ho\u00e0n to\u00e0n thang m\u00e1y Kone t\u1eeb h\u1ec7 th\u1ed1ng li\u00ean l\u1ea1c n\u1ed9i b\u1ed9 BAS-IP \u0111\u01b0\u1ee3c l\u1eafp \u0111\u1eb7t trong c\u0103n h\u1ed9, t\u1ea1o ra tr\u1ea3i nghi\u1ec7m ng\u01b0\u1eddi d\u00f9ng g\u1eafn k\u1ebft v\u00e0 h\u1ee3p l\u00fd.<\/p>\n              <\/div>\r\n                  <\/div>\r\n    <\/div>\r\n<\/div>\r\n            <\/div>\r\n<\/section>\r\n<!-- END Block Features -->\n\n\n<h2 class=\"wp-block-heading\"><strong>\u01afu \u0111i\u1ec3m c\u1ee7a h\u1ec7 th\u1ed1ng li\u00ean l\u1ea1c n\u1ed9i b\u1ed9 thang m\u00e1y BAS-IP<\/strong><\/h2>\n\n\n\n<p>So v\u1edbi c\u00e1c h\u1ec7 th\u1ed1ng t\u01b0\u01a1ng t\u1ef1 truy\u1ec1n th\u1ed1ng, h\u1ec7 th\u1ed1ng li\u00ean l\u1ea1c n\u1ed9i b\u1ed9 thang m\u00e1y d\u1ef1a tr\u00ean IP, nh\u01b0 gi\u1ea3i ph\u00e1p BAS-IP, mang l\u1ea1i m\u1ed9t s\u1ed1 l\u1ee3i th\u1ebf sau:<\/p>\n\n\n<!-- START Block Features --><section id=\"block_6437d09daff47\" class=\"features-section\">\r\n\t\r\n    <div class=\"features-list\">\r\n                    <div class=\"features-item\" data-aos=\"fade-up\">\r\n    <div class=\"features-box\">\r\n                    <div class=\"image-holder\">\r\n                <img loading=\"lazy\" decoding=\"async\" width=\"350\" height=\"320\" src=\"https:\/\/bas-ip.com\/wp-content\/uploads\/2023\/04\/4-6-350x320.jpg\" class=\"attachment-thumbnail_350x320 size-thumbnail_350x320\" alt=\"\" \/>            <\/div>\r\n        \r\n        <div class=\"text-holder\">\r\n                        <h3 class=\"title-block\">Ch\u1ea5t l\u01b0\u1ee3ng \u00e2m thanh v\u00e0 video \u0111\u01b0\u1ee3c c\u1ea3i thi\u1ec7n<\/h3>\r\n          \r\n                        <div class=\"text-block\">\r\n                <p>H\u1ec7 th\u1ed1ng li\u00ean l\u1ea1c n\u1ed9i b\u1ed9 BAS-IP \u0111\u01b0\u1ee3c t\u00edch h\u1ee3p camera, \u0111\u1ea3m b\u1ea3o r\u1eb1ng ban qu\u1ea3n l\u00fd t\u00f2a nh\u00e0 v\u00e0 nh\u00e2n vi\u00ean an ninh c\u00f3 th\u1ec3 theo d\u00f5i ho\u1ea1t \u0111\u1ed9ng c\u1ee7a thang m\u00e1y theo th\u1eddi gian th\u1ef1c. T\u00ednh n\u0103ng n\u00e0y kh\u00f4ng ch\u1ec9 t\u0103ng c\u01b0\u1eddng an ninh chung c\u1ee7a t\u00f2a nh\u00e0 m\u00e0 c\u00f2n \u0111\u00f3ng vai tr\u00f2 r\u0103n \u0111e nh\u1eefng k\u1ebb c\u00f3 kh\u1ea3 n\u0103ng l\u00e0m sai.<\/p>\n              <\/div>\r\n                  <\/div>\r\n    <\/div>\r\n<\/div>\r\n                    <div class=\"features-item\" data-aos=\"fade-up\">\r\n    <div class=\"features-box\">\r\n                    <div class=\"image-holder\">\r\n                <img loading=\"lazy\" decoding=\"async\" width=\"350\" height=\"320\" src=\"https:\/\/bas-ip.com\/wp-content\/uploads\/2023\/04\/5-6-350x320.jpg\" class=\"attachment-thumbnail_350x320 size-thumbnail_350x320\" alt=\"\" \/>            <\/div>\r\n        \r\n        <div class=\"text-holder\">\r\n                        <h3 class=\"title-block\">Thi\u1ebft b\u1ecb kh\u00f4ng gi\u1edbi h\u1ea1n v\u00e0 h\u1ed7 tr\u1ee3 thi\u1ebft b\u1ecb \u0111\u1ea7u cu\u1ed1i Concierge<\/h3>\r\n          \r\n                        <div class=\"text-block\">\r\n                <p>Gi\u1ea3i ph\u00e1p BAS-IP h\u1ed7 tr\u1ee3 s\u1ed1 l\u01b0\u1ee3ng thi\u1ebft b\u1ecb kh\u00f4ng gi\u1edbi h\u1ea1n trong m\u1ed9t m\u1ea1ng, bao g\u1ed3m t\u00edch h\u1ee3p thi\u1ebft b\u1ecb \u0111\u1ea7u cu\u1ed1i l\u1ec5 t\u00e2n. Kh\u1ea3 n\u0103ng m\u1edf r\u1ed9ng n\u00e0y \u0111\u1ea3m b\u1ea3o h\u1ec7 th\u1ed1ng c\u00f3 th\u1ec3 ph\u00e1t tri\u1ec3n c\u00f9ng v\u1edbi t\u00f2a nh\u00e0, \u0111\u00e1p \u1ee9ng m\u1ecdi thay \u0111\u1ed5i v\u1ec1 y\u00eau c\u1ea7u m\u00e0 kh\u00f4ng \u1ea3nh h\u01b0\u1edfng \u0111\u1ebfn hi\u1ec7u su\u1ea5t ho\u1eb7c \u0111\u1ed9 tin c\u1eady.<\/p>\n              <\/div>\r\n                  <\/div>\r\n    <\/div>\r\n<\/div>\r\n                    <div class=\"features-item\" data-aos=\"fade-up\">\r\n    <div class=\"features-box\">\r\n                    <div class=\"image-holder\">\r\n                <img loading=\"lazy\" decoding=\"async\" width=\"350\" height=\"320\" src=\"https:\/\/bas-ip.com\/wp-content\/uploads\/2023\/04\/6-5-350x320.jpg\" class=\"attachment-thumbnail_350x320 size-thumbnail_350x320\" alt=\"\" \/>            <\/div>\r\n        \r\n        <div class=\"text-holder\">\r\n                        <h3 class=\"title-block\">C\u00e0i \u0111\u1eb7t v\u00e0 b\u1ea3o tr\u00ec d\u1ec5 d\u00e0ng h\u01a1n<\/h3>\r\n          \r\n                        <div class=\"text-block\">\r\n                <p>H\u1ec7 th\u1ed1ng li\u00ean l\u1ea1c n\u1ed9i b\u1ed9 thang m\u00e1y IP t\u1eadn d\u1ee5ng c\u01a1 s\u1edf h\u1ea1 t\u1ea7ng m\u1ea1ng hi\u1ec7n c\u00f3, gi\u00fap vi\u1ec7c l\u1eafp \u0111\u1eb7t v\u00e0 b\u1ea3o tr\u00ec tr\u1edf n\u00ean \u0111\u01a1n gi\u1ea3n v\u00e0 ti\u1ebft ki\u1ec7m chi ph\u00ed h\u01a1n.<\/p>\n<p>Trong th\u1ebf gi\u1edbi ng\u00e0y c\u00e0ng k\u1ebft n\u1ed1i nh\u01b0 hi\u1ec7n nay, nhu c\u1ea7u v\u1ec1 giao ti\u1ebfp hi\u1ec7u qu\u1ea3 v\u00e0 \u0111\u00e1ng tin c\u1eady trong thang m\u00e1y kh\u00f4ng th\u1ec3 \u0111\u01b0\u1ee3c c\u01b0\u1eddng \u0111i\u1ec7u h\u00f3a. C\u00e1c h\u1ec7 th\u1ed1ng li\u00ean l\u1ea1c n\u1ed9i b\u1ed9 thang m\u00e1y d\u1ef1a tr\u00ean IP, ch\u1eb3ng h\u1ea1n nh\u01b0 gi\u1ea3i ph\u00e1p BAS-IP, \u0111\u00e3 n\u1ed5i l\u00ean nh\u01b0 ti\u00eau chu\u1ea9n v\u00e0ng trong l\u0129nh v\u1ef1c n\u00e0y, mang l\u1ea1i nhi\u1ec1u l\u1ee3i th\u1ebf h\u01a1n so v\u1edbi c\u00e1c h\u1ec7 th\u1ed1ng t\u01b0\u01a1ng t\u1ef1 truy\u1ec1n th\u1ed1ng. T\u1eeb ch\u1ea5t l\u01b0\u1ee3ng \u00e2m thanh v\u00e0 h\u00ecnh \u1ea3nh \u0111\u01b0\u1ee3c c\u1ea3i thi\u1ec7n \u0111\u1ebfn kh\u1ea3 n\u0103ng t\u00edch h\u1ee3p li\u1ec1n m\u1ea1ch v\u1edbi c\u00e1c h\u1ec7 th\u1ed1ng qu\u1ea3n l\u00fd t\u00f2a nh\u00e0 kh\u00e1c, li\u00ean l\u1ea1c n\u1ed9i b\u1ed9 IP \u0111ang bi\u1ebfn \u0111\u1ed5i tr\u1ea3i nghi\u1ec7m thang m\u00e1y theo h\u01b0\u1edbng t\u1ed1t h\u01a1n. Do \u0111\u00f3, ch\u1ee7 s\u1edf h\u1eefu, ng\u01b0\u1eddi qu\u1ea3n l\u00fd v\u00e0 ng\u01b0\u1eddi s\u1eed d\u1ee5ng t\u00f2a nh\u00e0 c\u00f3 th\u1ec3 t\u1eadn h\u01b0\u1edfng s\u1ef1 an to\u00e0n, ti\u1ec7n l\u1ee3i v\u00e0 an t\u00e2m h\u01a1n.<\/p>\n              <\/div>\r\n                  <\/div>\r\n    <\/div>\r\n<\/div>\r\n            <\/div>\r\n<\/section>\r\n<!-- END Block Features -->\n\n<!-- START Block FAQ --><section id=\"block_6426d69cbc4a0\" class=\"faq-section\">\r\n\t\t    <h2 class=\"title-section\" data-aos=\"fade-right\">Nh\u1eefng c\u00e2u h\u1ecfi th\u01b0\u1eddng g\u1eb7p<\/h2>\r\n\t\t\t    <div class=\"faq-list js-accordion\" data-aos=\"fade-up\">\r\n\t\t\t\t\t\t\t\t\t\t\t    <div class=\"accordion-item faq-item\">\r\n                        <div class=\"accordion-opener\">\r\n                            Q: T\u1ea1i sao h\u1ec7 th\u1ed1ng li\u00ean l\u1ea1c n\u1ed9i b\u1ed9 trong thang m\u00e1y \u0111\u01b0\u1ee3c coi l\u00e0 b\u1eaft bu\u1ed9c?                            <i class=\"fa-solid fa-chevron-down\"><\/i>\r\n                        <\/div>\r\n                        <div class=\"accordion-slide\">\r\n\t\t\t\t\t\t    <p>H\u1ec7 th\u1ed1ng li\u00ean l\u1ea1c n\u1ed9i b\u1ed9 trong thang m\u00e1y \u0111\u01b0\u1ee3c coi l\u00e0 b\u1eaft bu\u1ed9c v\u00ec ch\u00fang cung c\u1ea5p k\u00eanh li\u00ean l\u1ea1c tr\u1ef1c ti\u1ebfp gi\u1eefa h\u00e0nh kh\u00e1ch v\u1edbi ban qu\u1ea3n l\u00fd t\u00f2a nh\u00e0 ho\u1eb7c c\u00e1c d\u1ecbch v\u1ee5 kh\u1ea9n c\u1ea5p, \u0111\u1ea3m b\u1ea3o h\u1ed7 tr\u1ee3 k\u1ecbp th\u1eddi trong c\u00e1c tr\u01b0\u1eddng h\u1ee3p kh\u1ea9n c\u1ea5p ho\u1eb7c s\u1ef1 c\u1ed1 k\u1ef9 thu\u1eadt.<\/p>\n                        <\/div>\r\n\t\t\t\t\t<\/div>\r\n\t\t\t\t\t\t\t\t\t\t\t\t\t\t\t    <div class=\"accordion-item faq-item\">\r\n                        <div class=\"accordion-opener\">\r\n                            Q: \u0110i\u1ec1u g\u00ec l\u00e0m cho h\u1ec7 th\u1ed1ng li\u00ean l\u1ea1c n\u1ed9i b\u1ed9 thang m\u00e1y d\u1ef1a tr\u00ean IP t\u1ed1t h\u01a1n h\u1ec7 th\u1ed1ng t\u01b0\u01a1ng t\u1ef1 truy\u1ec1n th\u1ed1ng?                            <i class=\"fa-solid fa-chevron-down\"><\/i>\r\n                        <\/div>\r\n                        <div class=\"accordion-slide\">\r\n\t\t\t\t\t\t    <p>H\u1ec7 th\u1ed1ng li\u00ean l\u1ea1c n\u1ed9i b\u1ed9 thang m\u00e1y d\u1ef1a tr\u00ean IP, ch\u1eb3ng h\u1ea1n nh\u01b0 gi\u1ea3i ph\u00e1p BAS-IP, mang l\u1ea1i m\u1ed9t s\u1ed1 l\u1ee3i th\u1ebf so v\u1edbi c\u00e1c h\u1ec7 th\u1ed1ng t\u01b0\u01a1ng t\u1ef1 truy\u1ec1n th\u1ed1ng, bao g\u1ed3m ch\u1ea5t l\u01b0\u1ee3ng \u00e2m thanh v\u00e0 video \u0111\u01b0\u1ee3c c\u1ea3i thi\u1ec7n, kh\u1ea3 n\u0103ng m\u1edf r\u1ed9ng, l\u1eafp \u0111\u1eb7t v\u00e0 b\u1ea3o tr\u00ec d\u1ec5 d\u00e0ng h\u01a1n, c\u00e1c t\u00ednh n\u0103ng camera t\u00edch h\u1ee3p v\u00e0 t\u00edch h\u1ee3p li\u1ec1n m\u1ea1ch v\u1edbi c\u00e1c h\u1ec7 th\u1ed1ng d\u1ef1a tr\u00ean IP kh\u00e1c.<\/p>\n                        <\/div>\r\n\t\t\t\t\t<\/div>\r\n\t\t\t\t\t\t\t\t\t\t\t\t\t\t\t    <div class=\"accordion-item faq-item\">\r\n                        <div class=\"accordion-opener\">\r\n                            Q: T\u00ednh n\u0103ng camera t\u00edch h\u1ee3p trong h\u1ec7 th\u1ed1ng li\u00ean l\u1ea1c n\u1ed9i b\u1ed9 IP c\u1ea3i thi\u1ec7n t\u00ednh an to\u00e0n c\u1ee7a thang m\u00e1y nh\u01b0 th\u1ebf n\u00e0o?                            <i class=\"fa-solid fa-chevron-down\"><\/i>\r\n                        <\/div>\r\n                        <div class=\"accordion-slide\">\r\n\t\t\t\t\t\t    <p>T\u00ednh n\u0103ng camera t\u00edch h\u1ee3p trong h\u1ec7 th\u1ed1ng li\u00ean l\u1ea1c n\u1ed9i b\u1ed9 IP cho ph\u00e9p qu\u1ea3n l\u00fd t\u00f2a nh\u00e0 v\u00e0 nh\u00e2n vi\u00ean an ninh gi\u00e1m s\u00e1t ho\u1ea1t \u0111\u1ed9ng c\u1ee7a thang m\u00e1y theo th\u1eddi gian th\u1ef1c. L\u1edbp b\u1ea3o m\u1eadt b\u1ed5 sung n\u00e0y c\u00f3 th\u1ec3 \u0111\u00f3ng vai tr\u00f2 r\u0103n \u0111e nh\u1eefng k\u1ebb c\u00f3 h\u00e0nh vi sai tr\u00e1i ti\u1ec1m \u1ea9n v\u00e0 cung c\u1ea5p b\u1eb1ng ch\u1ee9ng tr\u1ef1c quan trong tr\u01b0\u1eddng h\u1ee3p c\u00f3 b\u1ea5t k\u1ef3 s\u1ef1 c\u1ed1 n\u00e0o.<\/p>\n                        <\/div>\r\n\t\t\t\t\t<\/div>\r\n\t\t\t\t\t\t\t\t\t\t\t\t\t\t\t    <div class=\"accordion-item faq-item\">\r\n                        <div class=\"accordion-opener\">\r\n                            Q: H\u1ec7 th\u1ed1ng li\u00ean l\u1ea1c n\u1ed9i b\u1ed9 thang m\u00e1y d\u1ef1a tr\u00ean IP c\u00f3 th\u1ec3 ho\u1ea1t \u0111\u1ed9ng v\u1edbi c\u00e1c h\u1ec7 th\u1ed1ng qu\u1ea3n l\u00fd t\u00f2a nh\u00e0 kh\u00e1c kh\u00f4ng?                            <i class=\"fa-solid fa-chevron-down\"><\/i>\r\n                        <\/div>\r\n                        <div class=\"accordion-slide\">\r\n\t\t\t\t\t\t    <p>C\u00f3, h\u1ec7 th\u1ed1ng li\u00ean l\u1ea1c n\u1ed9i b\u1ed9 thang m\u00e1y d\u1ef1a tr\u00ean IP \u0111\u01b0\u1ee3c thi\u1ebft k\u1ebf \u0111\u1ec3 t\u00edch h\u1ee3p li\u1ec1n m\u1ea1ch v\u1edbi c\u00e1c h\u1ec7 th\u1ed1ng qu\u1ea3n l\u00fd t\u00f2a nh\u00e0 d\u1ef1a tr\u00ean IP kh\u00e1c. \u0110i\u1ec1u n\u00e0y t\u1ea1o \u0111i\u1ec1u ki\u1ec7n cho h\u1ec7 sinh th\u00e1i qu\u1ea3n l\u00fd t\u00f2a nh\u00e0 k\u1ebft n\u1ed1i v\u00e0 hi\u1ec7u qu\u1ea3 h\u01a1n, t\u0103ng c\u01b0\u1eddng an ninh v\u00e0 ti\u1ec7n l\u1ee3i t\u1ed5ng th\u1ec3.<\/p>\n                        <\/div>\r\n\t\t\t\t\t<\/div>\r\n\t\t\t\t\t\t\t\t\t\t\t\t\t\t\t    <div class=\"accordion-item faq-item\">\r\n                        <div class=\"accordion-opener\">\r\n                            Q: Quan h\u1ec7 \u0111\u1ed1i t\u00e1c gi\u1eefa BAS-IP v\u00e0 c\u00e1c nh\u00e0 s\u1ea3n xu\u1ea5t thang m\u00e1y nh\u01b0 Kone mang l\u1ea1i l\u1ee3i \u00edch g\u00ec cho ng\u01b0\u1eddi s\u1eed d\u1ee5ng?                            <i class=\"fa-solid fa-chevron-down\"><\/i>\r\n                        <\/div>\r\n                        <div class=\"accordion-slide\">\r\n\t\t\t\t\t\t    <p>S\u1ef1 h\u1ee3p t\u00e1c gi\u1eefa BAS-IP v\u00e0 c\u00e1c nh\u00e0 s\u1ea3n xu\u1ea5t thang m\u00e1y nh\u01b0 Kone cho ph\u00e9p t\u00edch h\u1ee3p li\u1ec1n m\u1ea1ch c\u00e1c s\u1ea3n ph\u1ea9m t\u01b0\u01a1ng \u1ee9ng c\u1ee7a h\u1ecd. S\u1ef1 h\u1ee3p t\u00e1c n\u00e0y cho ph\u00e9p ki\u1ec3m so\u00e1t ho\u00e0n to\u00e0n thang m\u00e1y Kone t\u1eeb h\u1ec7 th\u1ed1ng li\u00ean l\u1ea1c n\u1ed9i b\u1ed9 BAS-IP \u0111\u01b0\u1ee3c l\u1eafp \u0111\u1eb7t trong c\u0103n h\u1ed9, mang l\u1ea1i tr\u1ea3i nghi\u1ec7m ng\u01b0\u1eddi d\u00f9ng g\u1eafn k\u1ebft v\u00e0 h\u1ee3p l\u00fd.<\/p>\n                        <\/div>\r\n\t\t\t\t\t<\/div>\r\n\t\t\t\t\t\t\t\t\t<\/div>\r\n\t<\/section>\r\n<!-- END Block FAQ -->","protected":false},"excerpt":{"rendered":"<p>H\u1ec7 th\u1ed1ng li\u00ean l\u1ea1c n\u1ed9i b\u1ed9 thang m\u00e1y d\u1ef1a tr\u00ean c\u00f4ng ngh\u1ec7 IP Trong m\u1ed9t th\u1ebf gi\u1edbi lu\u00f4n k\u1ebft n\u1ed1i, giao ti\u1ebfp \u0111\u00e3 tr\u1edf n\u00ean t\u1ed1i quan tr\u1ecdng. \u0110i\u1ec1u n\u00e0y \u0111\u1eb7c bi\u1ec7t \u0111\u00fang trong c\u00e1c m\u00f4i tr\u01b0\u1eddng m\u00e0 s\u1ef1 an to\u00e0n v\u00e0 kh\u1ea3 n\u0103ng ti\u1ebfp c\u1eadn l\u00e0 r\u1ea5t quan tr\u1ecdng, ch\u1eb3ng h\u1ea1n nh\u01b0 trong thang [&hellip;]<\/p>","protected":false},"author":3,"featured_media":0,"parent":0,"menu_order":0,"comment_status":"closed","ping_status":"closed","template":"","meta":{"inline_featured_image":false,"footnotes":""},"class_list":["post-123158","page","type-page","status-publish","hentry"],"acf":[],"_links":{"self":[{"href":"https:\/\/bas-ip.com\/vi\/wp-json\/wp\/v2\/pages\/123158","targetHints":{"allow":["GET"]}}],"collection":[{"href":"https:\/\/bas-ip.com\/vi\/wp-json\/wp\/v2\/pages"}],"about":[{"href":"https:\/\/bas-ip.com\/vi\/wp-json\/wp\/v2\/types\/page"}],"author":[{"embeddable":true,"href":"https:\/\/bas-ip.com\/vi\/wp-json\/wp\/v2\/users\/3"}],"replies":[{"embeddable":true,"href":"https:\/\/bas-ip.com\/vi\/wp-json\/wp\/v2\/comments?post=123158"}],"version-history":[{"count":3,"href":"https:\/\/bas-ip.com\/vi\/wp-json\/wp\/v2\/pages\/123158\/revisions"}],"predecessor-version":[{"id":133691,"href":"https:\/\/bas-ip.com\/vi\/wp-json\/wp\/v2\/pages\/123158\/revisions\/133691"}],"wp:attachment":[{"href":"https:\/\/bas-ip.com\/vi\/wp-json\/wp\/v2\/media?parent=123158"}],"curies":[{"name":"wp","href":"https:\/\/api.w.org\/{rel}","templated":true}]}}