{"id":122940,"date":"2023-03-24T09:51:10","date_gmt":"2023-03-24T09:51:10","guid":{"rendered":"https:\/\/bas-ip.com\/?page_id=122940"},"modified":"2024-11-22T14:39:05","modified_gmt":"2024-11-22T14:39:05","slug":"axxonsoft","status":"publish","type":"page","link":"https:\/\/bas-ip.com\/vi\/axxonsoft\/","title":{"rendered":"AxxonSoft"},"content":{"rendered":"<p><\/p>\n\n\n<div class=\"wp-block-image\">\n<figure class=\"aligncenter size-full\"><img loading=\"lazy\" decoding=\"async\" width=\"682\" height=\"219\" src=\"https:\/\/bas-ip.com\/wp-content\/uploads\/2023\/03\/AxxonSoft.png\" alt=\"\" class=\"wp-image-63599\" srcset=\"https:\/\/bas-ip.com\/wp-content\/uploads\/2023\/03\/AxxonSoft.png 682w,  https:\/\/bas-ip.com\/wp-content\/uploads\/2023\/03\/AxxonSoft-300x96.png 300w\" sizes=\"auto, (max-width: 682px) 100vw, 682px\" \/><\/figure>\n<\/div>\n\n<!-- START Block Integrations Text & Image --><section id=\"block_641d7ab5f70cf\" class=\"integrations-text-image-section\">\r\n\t\t<div class=\"image-holder\" data-aos=\"fade-left\">\r\n\t\t<img loading=\"lazy\" decoding=\"async\" width=\"900\" height=\"506\" src=\"https:\/\/bas-ip.com\/wp-content\/uploads\/2023\/03\/p_img_s_p2-1024x576.jpg\" class=\"attachment-large size-large\" alt=\"\" srcset=\"https:\/\/bas-ip.com\/wp-content\/uploads\/2023\/03\/p_img_s_p2-1024x576.jpg 1024w,  https:\/\/bas-ip.com\/wp-content\/uploads\/2023\/03\/p_img_s_p2-300x169.jpg 300w,  https:\/\/bas-ip.com\/wp-content\/uploads\/2023\/03\/p_img_s_p2-768x432.jpg 768w,  https:\/\/bas-ip.com\/wp-content\/uploads\/2023\/03\/p_img_s_p2-1536x864.jpg 1536w,  https:\/\/bas-ip.com\/wp-content\/uploads\/2023\/03\/p_img_s_p2-767x431.jpg 767w,  https:\/\/bas-ip.com\/wp-content\/uploads\/2023\/03\/p_img_s_p2-1534x863.jpg 1534w,  https:\/\/bas-ip.com\/wp-content\/uploads\/2023\/03\/p_img_s_p2.jpg 1833w\" sizes=\"auto, (max-width: 900px) 100vw, 900px\" \/>\t<\/div>\r\n\t\r\n\t<div class=\"text-holder\" data-aos=\"fade-right\">\r\n\t\t\t\t\t\t<div class=\"text-block\">\r\n\t\t\t<h1>Ng\u01b0\u1eddi d\u00f9ng c\u00f3 th\u1ec3 s\u1eed d\u1ee5ng n\u00f3: BAS-IP Intercoms &amp; AxxonSoft<\/h1>\n<p>H\u00e3y h\u00ecnh dung th\u1ebf n\u00e0y: s\u1ef1 t\u00edch h\u1ee3p li\u1ec1n m\u1ea1ch gi\u1eefa c\u00f4ng ngh\u1ec7 truy\u1ec1n th\u00f4ng ti\u00ean ti\u1ebfn v\u1edbi ph\u1ea7n m\u1ec1m b\u1ea3o m\u1eadt hi\u1ec7n \u0111\u1ea1i. \u0110\u00f3 ch\u00ednh x\u00e1c l\u00e0 nh\u1eefng g\u00ec ch\u00fang t\u00f4i \u0111\u00e3 \u0111\u1ea1t \u0111\u01b0\u1ee3c v\u1edbi s\u1ef1 h\u1ee3p t\u00e1c mang t\u00ednh \u0111\u1ed9t ph\u00e1 gi\u1eefa BAS-IP, nh\u1eefng ng\u01b0\u1eddi ti\u00ean phong trong c\u00e1c gi\u1ea3i ph\u00e1p li\u00ean l\u1ea1c n\u1ed9i b\u1ed9 ti\u00ean ti\u1ebfn v\u00e0 AxxonSoft, ti\u00ean phong trong ph\u1ea7n m\u1ec1m qu\u1ea3n l\u00fd th\u00f4ng tin an ninh v\u1eadt l\u00fd v\u00e0 qu\u1ea3n l\u00fd video.<\/p>\n<p>\u0110\u1ec3 bi\u1ebft th\u00eam th\u00f4ng tin chi ti\u1ebft, vui l\u00f2ng truy c\u1eadp <a href=\"https:\/\/basip.atlassian.net\/wiki\/spaces\/Integrations\/pages\/5046901\/Integration+with+Axxonsoft+Intelect+software\" target=\"_blank\" rel=\"noopener\"><strong>WIKI<\/strong><\/a>.<\/p>\n<p><strong>Tr\u1ea3i nghi\u1ec7m T\u01b0\u01a1ng lai c\u1ee7a Ki\u1ec3m so\u00e1t Truy c\u1eadp v\u00e0 An ninh<\/strong><\/p>\n<p>\u0110\u00e3 qua r\u1ed3i c\u00e1i th\u1eddi b\u1ea1n ph\u1ea3i d\u1ef1a v\u00e0o c\u00e1c h\u1ec7 th\u1ed1ng ri\u00eang bi\u1ec7t \u0111\u1ec3 li\u00ean l\u1ea1c v\u00e0 gi\u00e1m s\u00e1t. B\u1eb1ng c\u00e1ch k\u1ebft h\u1ee3p BAS-IP Intercoms v\u1edbi ph\u1ea7n m\u1ec1m h\u00e0ng \u0111\u1ea7u c\u1ee7a AxxonSoft, ch\u00fang t\u00f4i \u0111\u00e3 t\u1ea1o ra gi\u1ea3i ph\u00e1p an ninh t\u1ed1i \u01b0u, mang \u0111\u1ebfn cho b\u1ea1n kh\u1ea3 n\u0103ng ki\u1ec3m so\u00e1t truy c\u1eadp v\u00e0 gi\u00e1m s\u00e1t tr\u1ef1c quan v\u00f4 song. K\u1ebft qu\u1ea3 l\u00e0 g\u00ec? M\u1ed9t m\u00f4i tr\u01b0\u1eddng an to\u00e0n h\u01a1n, th\u00f4ng minh h\u01a1n v\u00e0 hi\u1ec7u qu\u1ea3 h\u01a1n cho b\u1ea5t \u0111\u1ed9ng s\u1ea3n d\u00e2n c\u01b0, th\u01b0\u01a1ng m\u1ea1i ho\u1eb7c c\u00f4ng nghi\u1ec7p c\u1ee7a b\u1ea1n.<\/p>\n<p><strong>M\u1edf kh\u00f3a S\u1ee9c m\u1ea1nh c\u1ee7a T\u00edch h\u1ee3p Th\u1ebf h\u1ec7 Ti\u1ebfp theo<\/strong><\/p>\n<p>S\u1ef1 k\u1ebft h\u1ee3p gi\u1eefa hai c\u00f4ng ty h\u00e0ng \u0111\u1ea7u trong ng\u00e0nh n\u00e0y m\u1edf ra m\u1ed9t lo\u1ea1t c\u00e1c t\u00ednh n\u0103ng s\u1ebd bi\u1ebfn \u0111\u1ed5i tr\u00f2 ch\u01a1i an ninh c\u1ee7a b\u1ea1n:<\/p>\n<p><strong>Ngu\u1ed3n c\u1ea5p video th\u1eddi gian th\u1ef1c<\/strong><\/p>\n<p>Theo d\u00f5i ch\u1eb7t ch\u1ebd t\u00e0i s\u1ea3n c\u1ee7a b\u1ea1n b\u1eb1ng ngu\u1ed3n c\u1ea5p video r\u00f5 n\u00e9t t\u1eeb h\u1ec7 th\u1ed1ng li\u00ean l\u1ea1c n\u1ed9i b\u1ed9 BAS-IP, \u0111\u01b0\u1ee3c t\u00edch h\u1ee3p li\u1ec1n m\u1ea1ch v\u1edbi n\u1ec1n t\u1ea3ng qu\u1ea3n l\u00fd video c\u1ee7a AxxonSoft.<\/p>\n<p><strong>Ki\u1ec3m so\u00e1t Truy c\u1eadp N\u00e2ng cao<\/strong><\/p>\n<p>N\u00e2ng cao chi\u1ebfn l\u01b0\u1ee3c ki\u1ec3m so\u00e1t truy c\u1eadp c\u1ee7a b\u1ea1n v\u1edbi kh\u1ea3 n\u0103ng nh\u1eadn d\u1ea1ng khu\u00f4n m\u1eb7t v\u00e0 qu\u00e9t ID ti\u00ean ti\u1ebfn, bi\u1ebfn vi\u1ec7c x\u00e2m nh\u1eadp tr\u00e1i ph\u00e9p tr\u1edf th\u00e0nh d\u0129 v\u00e3ng.<\/p>\n<p><strong>Qu\u1ea3n l\u00fd T\u1eeb xa<\/strong><\/p>\n<p>Qu\u1ea3n l\u00fd to\u00e0n b\u1ed9 h\u1ec7 th\u1ed1ng an ninh c\u1ee7a b\u1ea1n t\u1eeb xa t\u1eeb m\u1ed9t v\u1ecb tr\u00ed t\u1eadp trung, s\u1eed d\u1ee5ng giao di\u1ec7n ng\u01b0\u1eddi d\u00f9ng tr\u1ef1c quan v\u00e0 c\u00e1c c\u00f4ng c\u1ee5 qu\u1ea3n l\u00fd m\u1ea1nh m\u1ebd c\u1ee7a AxxonSoft.<\/p>\n<p><strong>H\u1ec7 th\u1ed1ng th\u1ed1ng nh\u1ea5t<\/strong><\/p>\n<p>M\u1ed9t n\u1ec1n t\u1ea3ng \u0111\u1ec3 th\u1ed1ng tr\u1ecb t\u1ea5t c\u1ea3! T\u1eadn h\u01b0\u1edfng tr\u1ea3i nghi\u1ec7m h\u1ee3p l\u00fd v\u1edbi h\u1ec7 sinh th\u00e1i b\u1ea3o m\u1eadt \u0111\u01b0\u1ee3c t\u00edch h\u1ee3p \u0111\u1ea7y \u0111\u1ee7, gi\u1ea3m \u0111\u1ed9 ph\u1ee9c t\u1ea1p v\u00e0 \u0111\u1ea3m b\u1ea3o hi\u1ec7u su\u1ea5t t\u1ed1i \u01b0u.<\/p>\t\t<\/div>\r\n\t\t\r\n\t\t\r\n\t\t\t<\/div>\r\n<\/section>\r\n<!-- END Block Integrations Text & Image -->\n\n<!-- START Block Sign Up --><section id=\"block_629678229e935\" class=\"sign-up-section\">\r\n\r\n    <div class=\"form-holder js-form\" data-aos=\"fade-right\">\r\n                    <div class=\"title-block h3\">Sign up for connection<\/div>\r\n        \r\n                    <div class=\"text-block\">\r\n                Filling out all the information needed to answer you as quickly as possible            <\/div>\r\n        \r\n                    \n<div class=\"wpcf7 no-js\" id=\"wpcf7-f102-o1\" lang=\"en-US\" dir=\"ltr\">\n<div class=\"screen-reader-response\"><p role=\"status\" aria-live=\"polite\" aria-atomic=\"true\"><\/p> <ul><\/ul><\/div>\n<form action=\"\/vi\/wp-json\/wp\/v2\/pages\/122940#wpcf7-f102-o1\" method=\"post\" class=\"wpcf7-form init\" aria-label=\"Contact form\" enctype=\"multipart\/form-data\" novalidate=\"novalidate\" data-status=\"init\">\n<div style=\"display: none;\">\n<input type=\"hidden\" name=\"_wpcf7\" value=\"102\" \/>\n<input type=\"hidden\" name=\"_wpcf7_version\" value=\"5.8.3\" \/>\n<input type=\"hidden\" name=\"_wpcf7_locale\" value=\"en_US\" \/>\n<input type=\"hidden\" name=\"_wpcf7_unit_tag\" value=\"wpcf7-f102-o1\" \/>\n<input type=\"hidden\" name=\"_wpcf7_container_post\" value=\"0\" \/>\n<input type=\"hidden\" name=\"_wpcf7_posted_data_hash\" value=\"\" \/>\n<input type=\"hidden\" name=\"_wpcf7_recaptcha_response\" value=\"\" \/>\n<\/div>\n<div class=\"row\"> \n <label><span class=\"label-text\">Name<\/span> \n  <span class=\"wpcf7-form-control-wrap\" data-name=\"text-full-name\"><input size=\"40\" class=\"wpcf7-form-control wpcf7-text wpcf7-validates-as-required\" aria-required=\"true\" aria-invalid=\"false\" placeholder=\"Name\" value=\"\" type=\"text\" name=\"text-full-name\" \/><\/span><\/label> \n<\/div> \n<div class=\"row\"> \n <label><span class=\"label-text\">Phone*<\/span> \n<span class=\"wpcf7-form-control-wrap\" data-name=\"phonetext-270\"><input size=\"40\" class=\"wpcf7-form-control wpcf7-phonetext wpcf7-validates-as-required wpcf7-text wpcf7-validates-as-phonetext\" aria-required=\"true\" aria-invalid=\"false\" placeholder=\"Phone*\" value=\"\" type=\"text\" name=\"phonetext-270\" \/><input type=\"hidden\" name=\"phonetext-270-country-code\" class=\"wpcf7-phonetext-country-code\" \/><\/span><\/label> \n<\/div> \n<div class=\"row\"> \n <label><span class=\"label-text\">E-mail<\/span> \n  <span class=\"wpcf7-form-control-wrap\" data-name=\"email-e-mail\"><input size=\"40\" class=\"wpcf7-form-control wpcf7-email wpcf7-validates-as-required wpcf7-text wpcf7-validates-as-email\" aria-required=\"true\" aria-invalid=\"false\" placeholder=\"E-mail\" value=\"\" type=\"email\" name=\"email-e-mail\" \/><\/span><\/label> \n<\/div> \n<div class=\"row\"><span>Your country<\/span> \n <label><span class=\"wpcf7-form-control-wrap\" data-name=\"countrytext-126\"><input size=\"40\" class=\"wpcf7-form-control wpcf7-countrytext wpcf7-text wpcf7-validates-as-countrytext\" aria-invalid=\"false\" value=\"\" type=\"text\" name=\"countrytext-126\" \/><\/span> <\/label>\n<\/div> \n<div class=\"row\"> \n <button type=\"submit\" class=\"btn\">Send<\/button> \n<\/div> \n<div class=\"row\"> \n <span class=\"wpcf7-form-control-wrap\" data-name=\"checkbox-931\"><span class=\"wpcf7-form-control wpcf7-checkbox\"><span class=\"wpcf7-list-item first\"><label><input type=\"checkbox\" name=\"checkbox-931[]\" value=\"Integrator\" \/><span class=\"wpcf7-list-item-label\">Integrator<\/span><\/label><\/span><span class=\"wpcf7-list-item\"><label><input type=\"checkbox\" name=\"checkbox-931[]\" value=\"Builder\" \/><span class=\"wpcf7-list-item-label\">Builder<\/span><\/label><\/span><span class=\"wpcf7-list-item last\"><label><input type=\"checkbox\" name=\"checkbox-931[]\" value=\"End-User\" \/><span class=\"wpcf7-list-item-label\">End-User<\/span><\/label><\/span><\/span><\/span> \n<\/div> \n<div class=\"row row-upload-file\"> \n <label class=\"upload-file-block js-upload-file\">Attach file \n  <span class=\"wpcf7-form-control-wrap\" data-name=\"file-466\"><input size=\"40\" class=\"wpcf7-form-control wpcf7-file\" accept=\"audio\/*,video\/*,image\/*\" aria-invalid=\"false\" type=\"file\" name=\"file-466\" \/><\/span><\/label> \n<\/div><input type='hidden' class='wpcf7-pum' value='{\"closepopup\":false,\"closedelay\":0,\"openpopup\":false,\"openpopup_id\":0}' \/><div class=\"wpcf7-response-output\" aria-hidden=\"true\"><\/div>\n<\/form>\n<\/div>\n            <\/div>\r\n\r\n\t\t    <div class=\"text-holder\" data-aos=\"fade-left\">\r\n\t\t\t\t\t\t    <h3 class=\"title-block\">How Can We Help?<\/h3>\r\n\t\t\t\r\n\t\t\t                <div class=\"text-block\">\r\n                    Please select a topic below related to your inquiry. If you don&#8217;t find what you need, fill out our contact form.                <\/div>\r\n\t\t\t\r\n\t\t\t\t\t\t    <ul class=\"link-list\">\r\n\t\t\t\t\t\t\t\t\t\t\t\t\t\t\t\t\t\t<li>\r\n\t\t\t\t\t\t\t\t\t\t\t\t\t\t\t\t    <strong>Get Inspired<\/strong>\r\n\t\t\t\t\t\t\t\t\t\t\t\t\t\t\t\t\t\t\t\t\t\t\t\t    <a href=\"\/features\/\">\r\n\t\t\t\t\t\t\t\t        Discover what&#8217;s beneath our intercom\t\t\t\t\t\t\t\t    <\/a>\r\n\t\t\t\t\t\t\t\t\t\t\t\t\t\t\t<\/li>\r\n\t\t\t\t\t\t\t\t\t\t\t\t\t\t\t\t\t\t\t\t\t\t\t\t<li>\r\n\t\t\t\t\t\t\t\t\t\t\t\t\t\t\t\t    <strong>Become a Partner<\/strong>\r\n\t\t\t\t\t\t\t\t\t\t\t\t\t\t\t\t\t\t\t\t\t\t\t\t    <a href=\"\/distributors\/\">\r\n\t\t\t\t\t\t\t\t        Expand your business with BAS-IP intercom\t\t\t\t\t\t\t\t    <\/a>\r\n\t\t\t\t\t\t\t\t\t\t\t\t\t\t\t<\/li>\r\n\t\t\t\t\t\t\t\t\t\t\t\t\t\t\t\t\t\t\t\t\t\t\t\t<li>\r\n\t\t\t\t\t\t\t\t\t\t\t\t\t\t\t\t    <strong>Check the Guides<\/strong>\r\n\t\t\t\t\t\t\t\t\t\t\t\t\t\t\t\t\t\t\t\t\t\t\t\t    <a href=\"\/support\/\">\r\n\t\t\t\t\t\t\t\t        Download detailed manuals and schemes\t\t\t\t\t\t\t\t    <\/a>\r\n\t\t\t\t\t\t\t\t\t\t\t\t\t\t\t<\/li>\r\n\t\t\t\t\t\t\t\t\t\t\t\t\t\t\t<\/ul>\r\n\t\t\t\r\n\t\t\t\t\t\t    <h3 class=\"title-block\">Our contacts<\/h3>\r\n\t\t\t\r\n\t\t\t\t\t\t\t<ul class=\"contact-list\">\r\n\t\t\t\t\t\t\t\t\t\t\t\t\t\t\t\t\t\t<li>\r\n\t\t\t\t\t\t\t\t\t\t\t\t\t\t\t\t\t<strong>Sales:<\/strong>\r\n\t\t\t\t\t\t\t\t\t\t\t\t\t\t\t\t\t\t\t\t\t\t\t\t    <a href=\"mailto:&#115;&#97;l&#101;&#115;&#64;ba&#115;-i&#112;.&#99;&#111;m\">&#115;ales&#64;b&#97;s-i&#112;&#46;&#99;&#111;m<\/a>\r\n\t\t\t\t\t\t\t\t\t\t\t\t\t\t\t<\/li>\r\n\t\t\t\t\t\t\t\t\t\t\t\t\t\t\t\t\t\t\t\t\t\t\t\t<li>\r\n\t\t\t\t\t\t\t\t\t\t\t\t\t\t\t\t\t<strong>Technical support:<\/strong>\r\n\t\t\t\t\t\t\t\t\t\t\t\t\t\t\t\t\t\t\t\t\t\t\t\t    <a href=\"mailto:&#115;up&#112;o&#114;t&#64;&#98;&#97;&#115;&#45;ip&#46;c&#111;&#109;\">&#115;u&#112;p&#111;&#114;&#116;&#64;&#98;as-ip.&#99;o&#109;<\/a>\r\n\t\t\t\t\t\t\t\t\t\t\t\t\t\t\t<\/li>\r\n\t\t\t\t\t\t\t\t\t\t\t\t\t\t\t<\/ul>\r\n\t\t\t\t\t<\/div>\r\n\t<\/section>\r\n\r\n\r\n\r\n<!-- END Block Sign Up -->","protected":false},"excerpt":{"rendered":"","protected":false},"author":3,"featured_media":0,"parent":0,"menu_order":0,"comment_status":"closed","ping_status":"closed","template":"page-custom-breadcrumbs.php","meta":{"inline_featured_image":false,"footnotes":""},"class_list":["post-122940","page","type-page","status-publish","hentry"],"acf":[],"_links":{"self":[{"href":"https:\/\/bas-ip.com\/vi\/wp-json\/wp\/v2\/pages\/122940","targetHints":{"allow":["GET"]}}],"collection":[{"href":"https:\/\/bas-ip.com\/vi\/wp-json\/wp\/v2\/pages"}],"about":[{"href":"https:\/\/bas-ip.com\/vi\/wp-json\/wp\/v2\/types\/page"}],"author":[{"embeddable":true,"href":"https:\/\/bas-ip.com\/vi\/wp-json\/wp\/v2\/users\/3"}],"replies":[{"embeddable":true,"href":"https:\/\/bas-ip.com\/vi\/wp-json\/wp\/v2\/comments?post=122940"}],"version-history":[{"count":2,"href":"https:\/\/bas-ip.com\/vi\/wp-json\/wp\/v2\/pages\/122940\/revisions"}],"predecessor-version":[{"id":122942,"href":"https:\/\/bas-ip.com\/vi\/wp-json\/wp\/v2\/pages\/122940\/revisions\/122942"}],"wp:attachment":[{"href":"https:\/\/bas-ip.com\/vi\/wp-json\/wp\/v2\/media?parent=122940"}],"curies":[{"name":"wp","href":"https:\/\/api.w.org\/{rel}","templated":true}]}}