{"id":122620,"date":"2024-03-06T15:43:22","date_gmt":"2024-03-06T15:43:22","guid":{"rendered":"https:\/\/bas-ip.com\/?page_id=122620"},"modified":"2024-11-07T19:27:19","modified_gmt":"2024-11-07T19:27:19","slug":"galaxy","status":"publish","type":"page","link":"https:\/\/bas-ip.com\/vi\/galaxy\/","title":{"rendered":"Galaxy"},"content":{"rendered":"<div class=\"wp-block-image\">\n<figure class=\"aligncenter size-full is-resized\"><img loading=\"lazy\" decoding=\"async\" width=\"924\" height=\"229\" src=\"https:\/\/bas-ip.com\/wp-content\/uploads\/2022\/11\/galaxy-control-systems.png\" alt=\"\" class=\"wp-image-23711\" style=\"width:450px\" srcset=\"https:\/\/bas-ip.com\/wp-content\/uploads\/2022\/11\/galaxy-control-systems.png 924w,  https:\/\/bas-ip.com\/wp-content\/uploads\/2022\/11\/galaxy-control-systems-300x74.png 300w,  https:\/\/bas-ip.com\/wp-content\/uploads\/2022\/11\/galaxy-control-systems-768x190.png 768w,  https:\/\/bas-ip.com\/wp-content\/uploads\/2022\/11\/galaxy-control-systems-767x190.png 767w\" sizes=\"auto, (max-width: 924px) 100vw, 924px\" \/><\/figure>\n<\/div>\n\n<!-- START Block Integrations Text & Image --><section id=\"block_65e88d1111f30\" class=\"integrations-text-image-section\">\r\n\t\t<div class=\"image-holder\" data-aos=\"fade-left\">\r\n\t\t<img loading=\"lazy\" decoding=\"async\" width=\"900\" height=\"598\" src=\"https:\/\/bas-ip.com\/wp-content\/uploads\/2024\/03\/Galaxy-1024x680.png\" class=\"attachment-large size-large\" alt=\"\" srcset=\"https:\/\/bas-ip.com\/wp-content\/uploads\/2024\/03\/Galaxy-1024x680.png 1024w,  https:\/\/bas-ip.com\/wp-content\/uploads\/2024\/03\/Galaxy-300x199.png 300w,  https:\/\/bas-ip.com\/wp-content\/uploads\/2024\/03\/Galaxy-768x510.png 768w,  https:\/\/bas-ip.com\/wp-content\/uploads\/2024\/03\/Galaxy-767x510.png 767w,  https:\/\/bas-ip.com\/wp-content\/uploads\/2024\/03\/Galaxy.png 1055w\" sizes=\"auto, (max-width: 900px) 100vw, 900px\" \/>\t<\/div>\r\n\t\r\n\t<div class=\"text-holder\" data-aos=\"fade-right\">\r\n\t\t\t\t\t\t<div class=\"text-block\">\r\n\t\t\t<p data-renderer-start-pos=\"1\">H\u1ec7 th\u1ed1ng ki\u1ec3m so\u00e1t ra v\u00e0o Galaxy \u0111\u01b0\u1ee3c t\u00edch h\u1ee3p v\u1edbi BAS-IP \u0111\u1ec3 t\u1ef1 trao quy\u1ec1n v\u00e0 \u0111\u1ea3m b\u1ea3o c\u00e1c gi\u1ea3i ph\u00e1p ki\u1ec3m so\u00e1t ra v\u00e0o ho\u1ea1t \u0111\u1ed9ng li\u1ec1n m\u1ea1ch.<\/p>\n<p data-renderer-start-pos=\"131\">Khi kh\u00e1ch h\u00e0ng mua thi\u1ebft b\u1ecb BAS-IP t\u1eeb Galaxy, h\u1ecd c\u00f3 c\u00e1c c\u01a1 h\u1ed9i sau:<\/p>\n<ul class=\"ak-ul\" data-indent-level=\"1\">\n<li>\n<p data-renderer-start-pos=\"230\">Kh\u00f4ng t\u00edch h\u1ee3p: c\u00e1c thi\u1ebft b\u1ecb ch\u1ec9 ho\u1ea1t \u0111\u1ed9ng v\u00e0 giao ti\u1ebfp trong m\u1ea1ng c\u1ee5c b\u1ed9. Kh\u00f4ng s\u1eed d\u1ee5ng n\u1ec1n t\u1ea3ng b\u1ed5 sung n\u00e0o v\u00e0 c\u1ea5u h\u00ecnh thi\u1ebft b\u1ecb ch\u1ec9 th\u00f4ng qua giao di\u1ec7n web.<\/p>\n<\/li>\n<li>\n<p data-renderer-start-pos=\"401\">T\u00edch h\u1ee3p SIP: c\u00e1c thi\u1ebft b\u1ecb ch\u1ec9 ho\u1ea1t \u0111\u1ed9ng v\u00e0 giao ti\u1ebfp trong m\u1ea1ng c\u1ee5c b\u1ed9, nh\u01b0ng c\u00e1c thi\u1ebft b\u1ecb c\u00f3 th\u1ec3 s\u1eed d\u1ee5ng d\u1ecbch v\u1ee5 \u0111\u01b0\u1eddng trung k\u1ebf SIP c\u1ee7a Galaxy (c\u00f3 t\u00ednh ph\u00ed b\u1ed5 sung). Ng\u01b0\u1eddi d\u00f9ng c\u00f3 th\u1ec3 s\u1eed d\u1ee5ng \u0111\u01b0\u1eddng trung k\u1ebf SIP \u0111\u1ec3 li\u00ean l\u1ea1c b\u1eb1ng s\u1ed1 \u0111i\u1ec7n tho\u1ea1i di \u0111\u1ed9ng v\u1edbi ng\u01b0\u1eddi thu\u00ea \u0111\u1ec3 n\u00f3i chuy\u1ec7n v\u00e0 y\u00eau c\u1ea7u m\u1edf kh\u00f3a. L\u01b0u \u00fd r\u1eb1ng c\u1ea7n c\u00f3 k\u1ebft n\u1ed1i Internet cho d\u1ecbch v\u1ee5 SIP. Kh\u00f4ng s\u1eed d\u1ee5ng b\u1ea5t k\u1ef3 d\u1ecbch v\u1ee5 n\u00e0o kh\u00e1c v\u00e0 c\u1ea5u h\u00ecnh thi\u1ebft b\u1ecb ch\u1ec9 th\u00f4ng qua giao di\u1ec7n web.<\/p>\n<\/li>\n<li>\n<p data-renderer-start-pos=\"805\">T\u00edch h\u1ee3p \u0111\u1ea7y \u0111\u1ee7: c\u00e1c thi\u1ebft b\u1ecb v\u00e0 ng\u01b0\u1eddi d\u00f9ng c\u00f3 quy\u1ec1n truy c\u1eadp v\u00e0o N\u1ec1n t\u1ea3ng Cloud Concierge c\u1ee7a Galaxy. N\u1ec1n t\u1ea3ng n\u00e0y \u0111\u01b0\u1ee3c s\u1eed d\u1ee5ng \u0111\u1ec3 g\u1eedi h\u1ed3 s\u01a1 ki\u1ec3m so\u00e1t ra v\u00e0o t\u1eeb h\u1ec7 th\u1ed1ng b\u1ea3o m\u1eadt c\u1ee7a Galaxy th\u00f4ng qua giao di\u1ec7n web Cloud LaunchPoint \u0111\u1ebfn c\u00e1c thi\u1ebft b\u1ecb. Ngo\u00e0i ra, n\u1ec1n t\u1ea3ng n\u00e0y c\u00f2n cho ph\u00e9p l\u1eadp tr\u00ecnh t\u1ef1 \u0111\u1ed9ng b\u1ea3ng \u0111i\u1ec1u khi\u1ec3n BAS-IP \u0111\u1ec3 nh\u1eadp th\u00f4ng tin truy c\u1eadp v\u00e0 quay s\u1ed1 c\u1ee7a ng\u01b0\u1eddi thu\u00ea nh\u01b0:<\/p>\n<\/li>\n<\/ul>\n<p style=\"padding-left: 40px;\" data-renderer-start-pos=\"1152\">&#8211; T\u00ean v\u00e0 H\u1ecd<br \/>\n&#8211; S\u1ed1 \u0111i\u1ec7n tho\u1ea1i (ng\u01b0\u1eddi thu\u00ea quay s\u1ed1)<br \/>\n&#8211; SIP ID (quay s\u1ed1 \u1ee9ng d\u1ee5ng di \u0111\u1ed9ng BAS-IP)<br \/>\n&#8211; Th\u1ebb prox Wiegand 26 bit (\u0111\u1ec3 nh\u1eadp th\u1ebb)<br \/>\n&#8211; M\u00e3 QR (\u0111\u1ec3 nh\u1eadp m\u00e3 QR)<br \/>\n&#8211; Nh\u00f3m v\u00e0 l\u1ecbch truy c\u1eadp (quy\u1ec1n truy c\u1eadp t\u1eeb b\u1ea3ng \u0111i\u1ec1u khi\u1ec3n)<br \/>\n&#8211; S\u1ed1 l\u1ea7n qu\u1eb9t th\u1ebb (gi\u1edbi h\u1ea1n s\u1ed1 l\u1ea7n qu\u1eb9t th\u1ebb nh\u1eadp ho\u1eb7c s\u1eed d\u1ee5ng m\u00e3 QR cho b\u1ea3ng \u0111i\u1ec1u khi\u1ec3n)<br \/>\n&#8211; Ng\u00e0y ho\u1ea1t \u0111\u1ed9ng\/Ng\u00e0y h\u1ebft h\u1ea1n c\u1ee7a th\u1ebb prox ho\u1eb7c m\u00e3 QR<\/p>\n<p data-renderer-start-pos=\"1152\">Xem th\u00eam chi ti\u1ebft tr\u00ean wiki c\u1ee7a ch\u00fang t\u00f4i.<\/p>\n<p>https:\/\/basip.atlassian.net\/wiki\/spaces\/Integrations\/pages\/73826355\/Integration+with+Galaxy+Access+Control+Systems<\/p>\t\t<\/div>\r\n\t\t\r\n\t\t\r\n\t\t\t<\/div>\r\n<\/section>\r\n<!-- END Block Integrations Text & Image -->\n\n<!-- START Block Sign Up --><section id=\"block_629678229e935\" class=\"sign-up-section\">\r\n\r\n    <div class=\"form-holder js-form\" data-aos=\"fade-right\">\r\n                    <div class=\"title-block h3\">Sign up for connection<\/div>\r\n        \r\n                    <div class=\"text-block\">\r\n                Filling out all the information needed to answer you as quickly as possible            <\/div>\r\n        \r\n                    \n<div class=\"wpcf7 no-js\" id=\"wpcf7-f102-o1\" lang=\"en-US\" dir=\"ltr\">\n<div class=\"screen-reader-response\"><p role=\"status\" aria-live=\"polite\" aria-atomic=\"true\"><\/p> <ul><\/ul><\/div>\n<form action=\"\/vi\/wp-json\/wp\/v2\/pages\/122620#wpcf7-f102-o1\" method=\"post\" class=\"wpcf7-form init\" aria-label=\"Contact form\" enctype=\"multipart\/form-data\" novalidate=\"novalidate\" data-status=\"init\">\n<div style=\"display: none;\">\n<input type=\"hidden\" name=\"_wpcf7\" value=\"102\" \/>\n<input type=\"hidden\" name=\"_wpcf7_version\" value=\"5.8.3\" \/>\n<input type=\"hidden\" name=\"_wpcf7_locale\" value=\"en_US\" \/>\n<input type=\"hidden\" name=\"_wpcf7_unit_tag\" value=\"wpcf7-f102-o1\" \/>\n<input type=\"hidden\" name=\"_wpcf7_container_post\" value=\"0\" \/>\n<input type=\"hidden\" name=\"_wpcf7_posted_data_hash\" value=\"\" \/>\n<input type=\"hidden\" name=\"_wpcf7_recaptcha_response\" value=\"\" \/>\n<\/div>\n<div class=\"row\"> \n <label><span class=\"label-text\">Name<\/span> \n  <span class=\"wpcf7-form-control-wrap\" data-name=\"text-full-name\"><input size=\"40\" class=\"wpcf7-form-control wpcf7-text wpcf7-validates-as-required\" aria-required=\"true\" aria-invalid=\"false\" placeholder=\"Name\" value=\"\" type=\"text\" name=\"text-full-name\" \/><\/span><\/label> \n<\/div> \n<div class=\"row\"> \n <label><span class=\"label-text\">Phone*<\/span> \n<span class=\"wpcf7-form-control-wrap\" data-name=\"phonetext-270\"><input size=\"40\" class=\"wpcf7-form-control wpcf7-phonetext wpcf7-validates-as-required wpcf7-text wpcf7-validates-as-phonetext\" aria-required=\"true\" aria-invalid=\"false\" placeholder=\"Phone*\" value=\"\" type=\"text\" name=\"phonetext-270\" \/><input type=\"hidden\" name=\"phonetext-270-country-code\" class=\"wpcf7-phonetext-country-code\" \/><\/span><\/label> \n<\/div> \n<div class=\"row\"> \n <label><span class=\"label-text\">E-mail<\/span> \n  <span class=\"wpcf7-form-control-wrap\" data-name=\"email-e-mail\"><input size=\"40\" class=\"wpcf7-form-control wpcf7-email wpcf7-validates-as-required wpcf7-text wpcf7-validates-as-email\" aria-required=\"true\" aria-invalid=\"false\" placeholder=\"E-mail\" value=\"\" type=\"email\" name=\"email-e-mail\" \/><\/span><\/label> \n<\/div> \n<div class=\"row\"><span>Your country<\/span> \n <label><span class=\"wpcf7-form-control-wrap\" data-name=\"countrytext-126\"><input size=\"40\" class=\"wpcf7-form-control wpcf7-countrytext wpcf7-text wpcf7-validates-as-countrytext\" aria-invalid=\"false\" value=\"\" type=\"text\" name=\"countrytext-126\" \/><\/span> <\/label>\n<\/div> \n<div class=\"row\"> \n <button type=\"submit\" class=\"btn\">Send<\/button> \n<\/div> \n<div class=\"row\"> \n <span class=\"wpcf7-form-control-wrap\" data-name=\"checkbox-931\"><span class=\"wpcf7-form-control wpcf7-checkbox\"><span class=\"wpcf7-list-item first\"><label><input type=\"checkbox\" name=\"checkbox-931[]\" value=\"Integrator\" \/><span class=\"wpcf7-list-item-label\">Integrator<\/span><\/label><\/span><span class=\"wpcf7-list-item\"><label><input type=\"checkbox\" name=\"checkbox-931[]\" value=\"Builder\" \/><span class=\"wpcf7-list-item-label\">Builder<\/span><\/label><\/span><span class=\"wpcf7-list-item last\"><label><input type=\"checkbox\" name=\"checkbox-931[]\" value=\"End-User\" \/><span class=\"wpcf7-list-item-label\">End-User<\/span><\/label><\/span><\/span><\/span> \n<\/div> \n<div class=\"row row-upload-file\"> \n <label class=\"upload-file-block js-upload-file\">Attach file \n  <span class=\"wpcf7-form-control-wrap\" data-name=\"file-466\"><input size=\"40\" class=\"wpcf7-form-control wpcf7-file\" accept=\"audio\/*,video\/*,image\/*\" aria-invalid=\"false\" type=\"file\" name=\"file-466\" \/><\/span><\/label> \n<\/div><input type='hidden' class='wpcf7-pum' value='{\"closepopup\":false,\"closedelay\":0,\"openpopup\":false,\"openpopup_id\":0}' \/><div class=\"wpcf7-response-output\" aria-hidden=\"true\"><\/div>\n<\/form>\n<\/div>\n            <\/div>\r\n\r\n\t\t    <div class=\"text-holder\" data-aos=\"fade-left\">\r\n\t\t\t\t\t\t    <h3 class=\"title-block\">How Can We Help?<\/h3>\r\n\t\t\t\r\n\t\t\t                <div class=\"text-block\">\r\n                    Please select a topic below related to your inquiry. If you don&#8217;t find what you need, fill out our contact form.                <\/div>\r\n\t\t\t\r\n\t\t\t\t\t\t    <ul class=\"link-list\">\r\n\t\t\t\t\t\t\t\t\t\t\t\t\t\t\t\t\t\t<li>\r\n\t\t\t\t\t\t\t\t\t\t\t\t\t\t\t\t    <strong>Get Inspired<\/strong>\r\n\t\t\t\t\t\t\t\t\t\t\t\t\t\t\t\t\t\t\t\t\t\t\t\t    <a href=\"\/features\/\">\r\n\t\t\t\t\t\t\t\t        Discover what&#8217;s beneath our intercom\t\t\t\t\t\t\t\t    <\/a>\r\n\t\t\t\t\t\t\t\t\t\t\t\t\t\t\t<\/li>\r\n\t\t\t\t\t\t\t\t\t\t\t\t\t\t\t\t\t\t\t\t\t\t\t\t<li>\r\n\t\t\t\t\t\t\t\t\t\t\t\t\t\t\t\t    <strong>Become a Partner<\/strong>\r\n\t\t\t\t\t\t\t\t\t\t\t\t\t\t\t\t\t\t\t\t\t\t\t\t    <a href=\"\/distributors\/\">\r\n\t\t\t\t\t\t\t\t        Expand your business with BAS-IP intercom\t\t\t\t\t\t\t\t    <\/a>\r\n\t\t\t\t\t\t\t\t\t\t\t\t\t\t\t<\/li>\r\n\t\t\t\t\t\t\t\t\t\t\t\t\t\t\t\t\t\t\t\t\t\t\t\t<li>\r\n\t\t\t\t\t\t\t\t\t\t\t\t\t\t\t\t    <strong>Check the Guides<\/strong>\r\n\t\t\t\t\t\t\t\t\t\t\t\t\t\t\t\t\t\t\t\t\t\t\t\t    <a href=\"\/support\/\">\r\n\t\t\t\t\t\t\t\t        Download detailed manuals and schemes\t\t\t\t\t\t\t\t    <\/a>\r\n\t\t\t\t\t\t\t\t\t\t\t\t\t\t\t<\/li>\r\n\t\t\t\t\t\t\t\t\t\t\t\t\t\t\t<\/ul>\r\n\t\t\t\r\n\t\t\t\t\t\t    <h3 class=\"title-block\">Our contacts<\/h3>\r\n\t\t\t\r\n\t\t\t\t\t\t\t<ul class=\"contact-list\">\r\n\t\t\t\t\t\t\t\t\t\t\t\t\t\t\t\t\t\t<li>\r\n\t\t\t\t\t\t\t\t\t\t\t\t\t\t\t\t\t<strong>Sales:<\/strong>\r\n\t\t\t\t\t\t\t\t\t\t\t\t\t\t\t\t\t\t\t\t\t\t\t\t    <a href=\"mailto:s&#97;&#108;e&#115;&#64;&#98;&#97;s-&#105;p&#46;&#99;&#111;m\">s&#97;&#108;&#101;&#115;&#64;&#98;as-&#105;p.c&#111;m<\/a>\r\n\t\t\t\t\t\t\t\t\t\t\t\t\t\t\t<\/li>\r\n\t\t\t\t\t\t\t\t\t\t\t\t\t\t\t\t\t\t\t\t\t\t\t\t<li>\r\n\t\t\t\t\t\t\t\t\t\t\t\t\t\t\t\t\t<strong>Technical support:<\/strong>\r\n\t\t\t\t\t\t\t\t\t\t\t\t\t\t\t\t\t\t\t\t\t\t\t\t    <a href=\"mailto:&#115;u&#112;p&#111;rt&#64;ba&#115;-&#105;p&#46;c&#111;&#109;\">s&#117;p&#112;&#111;&#114;t&#64;ba&#115;-i&#112;&#46;&#99;&#111;&#109;<\/a>\r\n\t\t\t\t\t\t\t\t\t\t\t\t\t\t\t<\/li>\r\n\t\t\t\t\t\t\t\t\t\t\t\t\t\t\t<\/ul>\r\n\t\t\t\t\t<\/div>\r\n\t<\/section>\r\n\r\n\r\n\r\n<!-- END Block Sign Up -->","protected":false},"excerpt":{"rendered":"","protected":false},"author":3,"featured_media":0,"parent":0,"menu_order":0,"comment_status":"closed","ping_status":"closed","template":"page-custom-breadcrumbs.php","meta":{"inline_featured_image":false,"footnotes":""},"class_list":["post-122620","page","type-page","status-publish","hentry"],"acf":[],"_links":{"self":[{"href":"https:\/\/bas-ip.com\/vi\/wp-json\/wp\/v2\/pages\/122620","targetHints":{"allow":["GET"]}}],"collection":[{"href":"https:\/\/bas-ip.com\/vi\/wp-json\/wp\/v2\/pages"}],"about":[{"href":"https:\/\/bas-ip.com\/vi\/wp-json\/wp\/v2\/types\/page"}],"author":[{"embeddable":true,"href":"https:\/\/bas-ip.com\/vi\/wp-json\/wp\/v2\/users\/3"}],"replies":[{"embeddable":true,"href":"https:\/\/bas-ip.com\/vi\/wp-json\/wp\/v2\/comments?post=122620"}],"version-history":[{"count":2,"href":"https:\/\/bas-ip.com\/vi\/wp-json\/wp\/v2\/pages\/122620\/revisions"}],"predecessor-version":[{"id":122622,"href":"https:\/\/bas-ip.com\/vi\/wp-json\/wp\/v2\/pages\/122620\/revisions\/122622"}],"wp:attachment":[{"href":"https:\/\/bas-ip.com\/vi\/wp-json\/wp\/v2\/media?parent=122620"}],"curies":[{"name":"wp","href":"https:\/\/api.w.org\/{rel}","templated":true}]}}