{"id":122498,"date":"2024-05-15T14:21:12","date_gmt":"2024-05-15T14:21:12","guid":{"rendered":"https:\/\/bas-ip.com\/?page_id=122498"},"modified":"2024-11-05T14:53:49","modified_gmt":"2024-11-05T14:53:49","slug":"chinh-sach-ho-tro-phan-mem","status":"publish","type":"page","link":"https:\/\/bas-ip.com\/vi\/chinh-sach-ho-tro-phan-mem\/","title":{"rendered":"Ch\u00ednh s\u00e1ch h\u1ed7 tr\u1ee3 ph\u1ea7n m\u1ec1m"},"content":{"rendered":"<p>B\u1ea3o tr\u00ec ch\u01b0\u01a1ng tr\u00ecnh c\u01a1 s\u1edf<\/p>\n\n\n\n<p>BAS-IP c\u00f3 th\u1ec3, theo quy\u1ebft \u0111\u1ecbnh ri\u00eang c\u1ee7a m\u00ecnh, cung c\u1ea5p h\u1ed7 tr\u1ee3 ch\u01b0\u01a1ng tr\u00ecnh c\u01a1 s\u1edf c\u01a1 b\u1ea3n trong th\u1eddi gian b\u1ea3o h\u00e0nh \u00e1p d\u1ee5ng cho ph\u1ea7n c\u1ee9ng. Trong th\u1eddi gian b\u1ea3o h\u00e0nh, BAS-IP c\u00f3 th\u1ec3 ph\u00e1t h\u00e0nh b\u1ea3n ph\u00e1t h\u00e0nh b\u1ea3o tr\u00ec ho\u1eb7c b\u1ea3n s\u1eeda l\u1ed7i cho ph\u1ea7n c\u1ee9ng.<\/p>\n\n\n\n<p>Khi th\u1eddi h\u1ea1n b\u1ea3o h\u00e0nh \u0111\u00e3 tr\u00f4i qua, BAS-IP s\u1ebd kh\u00f4ng c\u00f2n ph\u00e1t tri\u1ec3n, b\u1ea3o tr\u00ec ho\u1eb7c th\u1eed nghi\u1ec7m ch\u01b0\u01a1ng tr\u00ecnh c\u01a1 s\u1edf \u0111ang \u0111\u01b0\u1ee3c \u0111\u1ec1 c\u1eadp. Tuy nhi\u00ean, BAS-IP c\u00f3 th\u1ec3, theo l\u1ef1a ch\u1ecdn ri\u00eang c\u1ee7a m\u00ecnh v\u00e0 tr\u00ean c\u01a1 s\u1edf t\u1eebng s\u1ea3n ph\u1ea9m, cung c\u1ea5p h\u1ed7 tr\u1ee3 sau khi th\u1eddi h\u1ea1n b\u1ea3o h\u00e0nh h\u1ebft h\u1ea1n. T\u1ea5t c\u1ea3 ch\u01b0\u01a1ng tr\u00ecnh c\u01a1 s\u1edf BAS-IP, bao g\u1ed3m nh\u01b0ng kh\u00f4ng gi\u1edbi h\u1ea1n \u1edf ch\u01b0\u01a1ng tr\u00ecnh c\u01a1 s\u1edf \u0111\u01b0\u1ee3c cung c\u1ea5p tr\u01b0\u1edbc tr\u00ean ph\u1ea7n c\u1ee9ng BAS-IP v\u00e0 khi ph\u1ea7n c\u1ee9ng ph\u1ea3i tu\u00e2n theo d\u1ecbch v\u1ee5 RMA, s\u1ebd \u0111\u01b0\u1ee3c cung c\u1ea5p &#8220;nguy\u00ean tr\u1ea1ng&#8221;.<\/p>\n\n\n\n<p>Ch\u01b0\u01a1ng tr\u00ecnh c\u01a1 s\u1edf BAS-IP kh\u00f4ng \u0111\u01b0\u1ee3c b\u1ea3o h\u00e0nh b\u1edfi BAS-IP.<\/p>\n\n\n\n<p><\/p>\n\n\n\n<p><\/p>","protected":false},"excerpt":{"rendered":"<p>B\u1ea3o tr\u00ec ch\u01b0\u01a1ng tr\u00ecnh c\u01a1 s\u1edf BAS-IP c\u00f3 th\u1ec3, theo quy\u1ebft \u0111\u1ecbnh ri\u00eang c\u1ee7a m\u00ecnh, cung c\u1ea5p h\u1ed7 tr\u1ee3 ch\u01b0\u01a1ng tr\u00ecnh c\u01a1 s\u1edf c\u01a1 b\u1ea3n trong th\u1eddi gian b\u1ea3o h\u00e0nh \u00e1p d\u1ee5ng cho ph\u1ea7n c\u1ee9ng. Trong th\u1eddi gian b\u1ea3o h\u00e0nh, BAS-IP c\u00f3 th\u1ec3 ph\u00e1t h\u00e0nh b\u1ea3n ph\u00e1t h\u00e0nh b\u1ea3o tr\u00ec ho\u1eb7c b\u1ea3n s\u1eeda l\u1ed7i cho [&hellip;]<\/p>","protected":false},"author":3,"featured_media":0,"parent":0,"menu_order":0,"comment_status":"closed","ping_status":"closed","template":"","meta":{"inline_featured_image":false,"footnotes":""},"class_list":["post-122498","page","type-page","status-publish","hentry"],"acf":[],"_links":{"self":[{"href":"https:\/\/bas-ip.com\/vi\/wp-json\/wp\/v2\/pages\/122498","targetHints":{"allow":["GET"]}}],"collection":[{"href":"https:\/\/bas-ip.com\/vi\/wp-json\/wp\/v2\/pages"}],"about":[{"href":"https:\/\/bas-ip.com\/vi\/wp-json\/wp\/v2\/types\/page"}],"author":[{"embeddable":true,"href":"https:\/\/bas-ip.com\/vi\/wp-json\/wp\/v2\/users\/3"}],"replies":[{"embeddable":true,"href":"https:\/\/bas-ip.com\/vi\/wp-json\/wp\/v2\/comments?post=122498"}],"version-history":[{"count":1,"href":"https:\/\/bas-ip.com\/vi\/wp-json\/wp\/v2\/pages\/122498\/revisions"}],"predecessor-version":[{"id":122499,"href":"https:\/\/bas-ip.com\/vi\/wp-json\/wp\/v2\/pages\/122498\/revisions\/122499"}],"wp:attachment":[{"href":"https:\/\/bas-ip.com\/vi\/wp-json\/wp\/v2\/media?parent=122498"}],"curies":[{"name":"wp","href":"https:\/\/api.w.org\/{rel}","templated":true}]}}