{"id":121728,"date":"2024-02-14T09:43:47","date_gmt":"2024-02-14T09:43:47","guid":{"rendered":"https:\/\/bas-ip.com\/?page_id=121728"},"modified":"2024-11-04T18:37:13","modified_gmt":"2024-11-04T18:37:13","slug":"axis","status":"publish","type":"page","link":"https:\/\/bas-ip.com\/vi\/axis\/","title":{"rendered":"Axis"},"content":{"rendered":"<div class=\"wp-block-image\">\n<figure class=\"aligncenter size-medium\"><img loading=\"lazy\" decoding=\"async\" width=\"300\" height=\"108\" src=\"https:\/\/bas-ip.com\/wp-content\/uploads\/2024\/02\/Axis_Communications_logo.svg-300x108.png\" alt=\"\" class=\"wp-image-108863\" srcset=\"https:\/\/bas-ip.com\/wp-content\/uploads\/2024\/02\/Axis_Communications_logo.svg-300x108.png 300w,  https:\/\/bas-ip.com\/wp-content\/uploads\/2024\/02\/Axis_Communications_logo.svg-1024x369.png 1024w,  https:\/\/bas-ip.com\/wp-content\/uploads\/2024\/02\/Axis_Communications_logo.svg-768x277.png 768w,  https:\/\/bas-ip.com\/wp-content\/uploads\/2024\/02\/Axis_Communications_logo.svg-767x276.png 767w,  https:\/\/bas-ip.com\/wp-content\/uploads\/2024\/02\/Axis_Communications_logo.svg.png 1280w\" sizes=\"auto, (max-width: 300px) 100vw, 300px\" \/><\/figure>\n<\/div>\n\n\n<p>Vi\u1ec7c t\u00edch h\u1ee3p h\u1ec7 th\u1ed1ng li\u00ean l\u1ea1c n\u1ed9i b\u1ed9 BAS-IP v\u1edbi camera CCTV AXIS, \u0111\u1eb7c bi\u1ec7t l\u00e0 ch\u1ee9c n\u0103ng Nh\u1eadn d\u1ea1ng bi\u1ec3n s\u1ed1 xe t\u1ef1 \u0111\u1ed9ng (ALPR), bao g\u1ed3m m\u1ed9t thi\u1ebft l\u1eadp \u0111\u01a1n gi\u1ea3n nh\u01b0ng hi\u1ec7u qu\u1ea3. Vi\u1ec7c t\u00edch h\u1ee3p n\u00e0y cho ph\u00e9p v\u1eadn h\u00e0nh li\u1ec1n m\u1ea1ch v\u00e0 ti\u1ebft ki\u1ec7m chi ph\u00ed b\u1eb1ng c\u00e1ch lo\u1ea1i b\u1ecf nhu c\u1ea7u v\u1ec1 ph\u1ea7n m\u1ec1m ALPR chuy\u00ean nghi\u1ec7p. Sau \u0111\u00e2y l\u00e0 m\u00f4 t\u1ea3 chi ti\u1ebft v\u1ec1 c\u00e1ch th\u1ee9c ho\u1ea1t \u0111\u1ed9ng c\u1ee7a t\u00edch h\u1ee3p n\u00e0y:<\/p>\n\n\n\n<p><strong>T\u1ed5ng quan v\u1ec1 t\u00edch h\u1ee3p<\/strong><\/p>\n\n\n\n<p>M\u1ee5c ti\u00eau: T\u1ef1 \u0111\u1ed9ng h\u00f3a vi\u1ec7c m\u1edf c\u1ed5ng th\u00f4ng qua nh\u1eadn d\u1ea1ng bi\u1ec3n s\u1ed1 xe b\u1eb1ng h\u1ec7 th\u1ed1ng li\u00ean l\u1ea1c n\u1ed9i b\u1ed9 BAS-IP v\u00e0 camera CCTV AXIS c\u00f3 kh\u1ea3 n\u0103ng ALPR.<\/p>\n\n\n\n<p><strong>Th\u00e0nh ph\u1ea7n:<\/strong><\/p>\n\n\n\n<p><strong>1.<\/strong> B\u1ea3ng \u0111i\u1ec1u khi\u1ec3n li\u00ean l\u1ea1c n\u1ed9i b\u1ed9 BAS-IP: M\u1ed9t h\u1ec7 th\u1ed1ng li\u00ean l\u1ea1c n\u1ed9i b\u1ed9 tinh vi c\u00f3 kh\u1ea3 n\u0103ng t\u00edch h\u1ee3p v\u1edbi camera IP.<\/p>\n\n\n\n<p><strong>2. <\/strong>Camera AXIS c\u00f3 ch\u1ee9c n\u0103ng ALPR: C\u00e1c m\u1eabu c\u1ee5 th\u1ec3 nh\u01b0 AXIS P1455-LE-3, AXIS P3245-LVE-3 ho\u1eb7c AXIS Q1700-LE ph\u00f9 h\u1ee3p v\u1edbi t\u00edch h\u1ee3p n\u00e0y.<\/p>\n\n\n\n<p><strong>3.<\/strong> C\u01a1 s\u1edf d\u1eef li\u1ec7u bi\u1ec3n s\u1ed1 xe: \u0110\u01b0\u1ee3c l\u01b0u tr\u1eef trong b\u1ed9 nh\u1edb b\u1ea3ng \u0111i\u1ec1u khi\u1ec3n ngo\u00e0i tr\u1eddi c\u1ee7a h\u1ec7 th\u1ed1ng li\u00ean l\u1ea1c n\u1ed9i b\u1ed9 BAS-IP ho\u1eb7c tr\u00ean ph\u1ea7n m\u1ec1m BAS-IP Link.<\/p>\n\n\n\n<p><strong>N\u00f3 ho\u1ea1t \u0111\u1ed9ng nh\u01b0 th\u1ebf n\u00e0o<\/strong><\/p>\n\n\n\n<p><strong>1.<\/strong> C\u00e0i \u0111\u1eb7t v\u00e0 Thi\u1ebft l\u1eadp: Ng\u01b0\u1eddi d\u00f9ng mua m\u1ed9t b\u1ea3ng \u0111i\u1ec1u khi\u1ec3n li\u00ean l\u1ea1c n\u1ed9i b\u1ed9 BAS-IP v\u00e0 m\u1ed9t camera AXIS \u0111\u01b0\u1ee3c trang b\u1ecb c\u00f4ng ngh\u1ec7 ALPR.<\/p>\n\n\n\n<p><strong>2.<\/strong> C\u1ea5u h\u00ecnh m\u1ea1ng: Camera AXIS v\u00e0 b\u1ea3ng \u0111i\u1ec1u khi\u1ec3n l\u1ed1i v\u00e0o BAS-IP ph\u1ea3i n\u1eb1m tr\u00ean c\u00f9ng m\u1ed9t m\u1ea1ng con \u0111\u1ec3 giao ti\u1ebfp hi\u1ec7u qu\u1ea3.<\/p>\n\n\n\n<p><strong>3.<\/strong> \u0110\u0103ng k\u00fd bi\u1ec3n s\u1ed1 xe: Bi\u1ec3n s\u1ed1 xe \u0111\u01b0\u1ee3c \u0111\u0103ng k\u00fd v\u00e0 l\u01b0u tr\u1eef. C\u00f3 th\u1ec3 th\u1ef1c hi\u1ec7n vi\u1ec7c n\u00e0y th\u00f4ng qua giao di\u1ec7n web c\u1ee7a h\u1ec7 th\u1ed1ng li\u00ean l\u1ea1c n\u1ed9i b\u1ed9 ho\u1eb7c ph\u1ea7n m\u1ec1m BAS-IP Link.<\/p>\n\n\n\n<p><strong>4.<\/strong> Qu\u00e9t bi\u1ec3n s\u1ed1 xe: Khi m\u1ed9t ph\u01b0\u01a1ng ti\u1ec7n \u0111\u1ebfn g\u1ea7n c\u1ed5ng, camera AXIS s\u1ebd qu\u00e9t bi\u1ec3n s\u1ed1 xe.<\/p>\n\n\n\n<p><strong>5.<\/strong> Nh\u1eadn d\u1ea1ng v\u00e0 H\u00e0nh \u0111\u1ed9ng: N\u1ebfu bi\u1ec3n s\u1ed1 \u0111\u01b0\u1ee3c qu\u00e9t tr\u00f9ng kh\u1edbp v\u1edbi bi\u1ec3n s\u1ed1 trong c\u01a1 s\u1edf d\u1eef li\u1ec7u \u0111\u00e3 l\u01b0u tr\u1eef, b\u1ea3ng \u0111i\u1ec1u khi\u1ec3n li\u00ean l\u1ea1c n\u1ed9i b\u1ed9 BAS-IP s\u1ebd k\u00edch ho\u1ea1t c\u1ed5ng t\u1ef1 \u0111\u1ed9ng m\u1edf..<\/p>\n\n\n\n<p><strong>L\u1ee3i \u00edch<\/strong><\/p>\n\n\n\n<p>Ti\u1ebft ki\u1ec7m chi ph\u00ed: Lo\u1ea1i b\u1ecf nhu c\u1ea7u s\u1eed d\u1ee5ng ph\u1ea7n m\u1ec1m ALPR chuy\u00ean nghi\u1ec7p \u0111\u1eaft ti\u1ec1n.<\/p>\n\n\n\n<p>D\u1ec5 s\u1eed d\u1ee5ng: Thi\u1ebft l\u1eadp \u0111\u01a1n gi\u1ea3n v\u00e0 qu\u1ea3n l\u00fd bi\u1ec3n s\u1ed1 xe th\u00e2n thi\u1ec7n v\u1edbi ng\u01b0\u1eddi d\u00f9ng th\u00f4ng qua giao di\u1ec7n web ho\u1eb7c ph\u1ea7n m\u1ec1m BAS-IP.<\/p>\n\n\n\n<p>B\u1ea3o m\u1eadt n\u00e2ng cao: Ho\u1ea1t \u0111\u1ed9ng c\u1ed5ng t\u1ef1 \u0111\u1ed9ng d\u1ef1a tr\u00ean bi\u1ec3n s\u1ed1 xe \u0111\u01b0\u1ee3c nh\u1eadn d\u1ea1ng gi\u00fap t\u0103ng th\u00eam m\u1ed9t l\u1edbp b\u1ea3o m\u1eadt.<\/p>\n\n\n\n<p>Linh ho\u1ea1t: Ph\u00f9 h\u1ee3p v\u1edbi nhi\u1ec1u \u1ee9ng d\u1ee5ng kh\u00e1c nhau nh\u01b0 khu ph\u1ee9c h\u1ee3p d\u00e2n c\u01b0, t\u00f2a nh\u00e0 v\u0103n ph\u00f2ng ho\u1eb7c c\u1ed9ng \u0111\u1ed3ng c\u00f3 c\u1ed5ng b\u1ea3o v\u1ec7.<\/p>\n\n\n\n<p>B\u1eb1ng c\u00e1ch k\u1ebft h\u1ee3p c\u00f4ng ngh\u1ec7 ti\u00ean ti\u1ebfn c\u1ee7a h\u1ec7 th\u1ed1ng li\u00ean l\u1ea1c n\u1ed9i b\u1ed9 BAS-IP v\u1edbi \u0111\u1ed9 ch\u00ednh x\u00e1c c\u1ee7a camera AXIS \u0111\u01b0\u1ee3c trang b\u1ecb ALPR, ng\u01b0\u1eddi d\u00f9ng c\u00f3 th\u1ec3 t\u1eadn h\u01b0\u1edfng m\u1ee9c \u0111\u1ed9 b\u1ea3o m\u1eadt v\u00e0 ti\u1ec7n l\u1ee3i cao m\u00e0 kh\u00f4ng c\u1ea7n ph\u1ea7n m\u1ec1m ALPR b\u1ed5 sung.<\/p>\n\n\n<!-- START Block Sign Up --><section id=\"block_629678229e935\" class=\"sign-up-section\">\r\n\r\n    <div class=\"form-holder js-form\" data-aos=\"fade-right\">\r\n                    <div class=\"title-block h3\">Sign up for connection<\/div>\r\n        \r\n                    <div class=\"text-block\">\r\n                Filling out all the information needed to answer you as quickly as possible            <\/div>\r\n        \r\n                    \n<div class=\"wpcf7 no-js\" id=\"wpcf7-f102-o1\" lang=\"en-US\" dir=\"ltr\">\n<div class=\"screen-reader-response\"><p role=\"status\" aria-live=\"polite\" aria-atomic=\"true\"><\/p> <ul><\/ul><\/div>\n<form action=\"\/vi\/wp-json\/wp\/v2\/pages\/121728#wpcf7-f102-o1\" method=\"post\" class=\"wpcf7-form init\" aria-label=\"Contact form\" enctype=\"multipart\/form-data\" novalidate=\"novalidate\" data-status=\"init\">\n<div style=\"display: none;\">\n<input type=\"hidden\" name=\"_wpcf7\" value=\"102\" \/>\n<input type=\"hidden\" name=\"_wpcf7_version\" value=\"5.8.3\" \/>\n<input type=\"hidden\" name=\"_wpcf7_locale\" value=\"en_US\" \/>\n<input type=\"hidden\" name=\"_wpcf7_unit_tag\" value=\"wpcf7-f102-o1\" \/>\n<input type=\"hidden\" name=\"_wpcf7_container_post\" value=\"0\" \/>\n<input type=\"hidden\" name=\"_wpcf7_posted_data_hash\" value=\"\" \/>\n<input type=\"hidden\" name=\"_wpcf7_recaptcha_response\" value=\"\" \/>\n<\/div>\n<div class=\"row\"> \n <label><span class=\"label-text\">Name<\/span> \n  <span class=\"wpcf7-form-control-wrap\" data-name=\"text-full-name\"><input size=\"40\" class=\"wpcf7-form-control wpcf7-text wpcf7-validates-as-required\" aria-required=\"true\" aria-invalid=\"false\" placeholder=\"Name\" value=\"\" type=\"text\" name=\"text-full-name\" \/><\/span><\/label> \n<\/div> \n<div class=\"row\"> \n <label><span class=\"label-text\">Phone*<\/span> \n<span class=\"wpcf7-form-control-wrap\" data-name=\"phonetext-270\"><input size=\"40\" class=\"wpcf7-form-control wpcf7-phonetext wpcf7-validates-as-required wpcf7-text wpcf7-validates-as-phonetext\" aria-required=\"true\" aria-invalid=\"false\" placeholder=\"Phone*\" value=\"\" type=\"text\" name=\"phonetext-270\" \/><input type=\"hidden\" name=\"phonetext-270-country-code\" class=\"wpcf7-phonetext-country-code\" \/><\/span><\/label> \n<\/div> \n<div class=\"row\"> \n <label><span class=\"label-text\">E-mail<\/span> \n  <span class=\"wpcf7-form-control-wrap\" data-name=\"email-e-mail\"><input size=\"40\" class=\"wpcf7-form-control wpcf7-email wpcf7-validates-as-required wpcf7-text wpcf7-validates-as-email\" aria-required=\"true\" aria-invalid=\"false\" placeholder=\"E-mail\" value=\"\" type=\"email\" name=\"email-e-mail\" \/><\/span><\/label> \n<\/div> \n<div class=\"row\"><span>Your country<\/span> \n <label><span class=\"wpcf7-form-control-wrap\" data-name=\"countrytext-126\"><input size=\"40\" class=\"wpcf7-form-control wpcf7-countrytext wpcf7-text wpcf7-validates-as-countrytext\" aria-invalid=\"false\" value=\"\" type=\"text\" name=\"countrytext-126\" \/><\/span> <\/label>\n<\/div> \n<div class=\"row\"> \n <button type=\"submit\" class=\"btn\">Send<\/button> \n<\/div> \n<div class=\"row\"> \n <span class=\"wpcf7-form-control-wrap\" data-name=\"checkbox-931\"><span class=\"wpcf7-form-control wpcf7-checkbox\"><span class=\"wpcf7-list-item first\"><label><input type=\"checkbox\" name=\"checkbox-931[]\" value=\"Integrator\" \/><span class=\"wpcf7-list-item-label\">Integrator<\/span><\/label><\/span><span class=\"wpcf7-list-item\"><label><input type=\"checkbox\" name=\"checkbox-931[]\" value=\"Builder\" \/><span class=\"wpcf7-list-item-label\">Builder<\/span><\/label><\/span><span class=\"wpcf7-list-item last\"><label><input type=\"checkbox\" name=\"checkbox-931[]\" value=\"End-User\" \/><span class=\"wpcf7-list-item-label\">End-User<\/span><\/label><\/span><\/span><\/span> \n<\/div> \n<div class=\"row row-upload-file\"> \n <label class=\"upload-file-block js-upload-file\">Attach file \n  <span class=\"wpcf7-form-control-wrap\" data-name=\"file-466\"><input size=\"40\" class=\"wpcf7-form-control wpcf7-file\" accept=\"audio\/*,video\/*,image\/*\" aria-invalid=\"false\" type=\"file\" name=\"file-466\" \/><\/span><\/label> \n<\/div><input type='hidden' class='wpcf7-pum' value='{\"closepopup\":false,\"closedelay\":0,\"openpopup\":false,\"openpopup_id\":0}' \/><div class=\"wpcf7-response-output\" aria-hidden=\"true\"><\/div>\n<\/form>\n<\/div>\n            <\/div>\r\n\r\n\t\t    <div class=\"text-holder\" data-aos=\"fade-left\">\r\n\t\t\t\t\t\t    <h3 class=\"title-block\">How Can We Help?<\/h3>\r\n\t\t\t\r\n\t\t\t                <div class=\"text-block\">\r\n                    Please select a topic below related to your inquiry. If you don&#8217;t find what you need, fill out our contact form.                <\/div>\r\n\t\t\t\r\n\t\t\t\t\t\t    <ul class=\"link-list\">\r\n\t\t\t\t\t\t\t\t\t\t\t\t\t\t\t\t\t\t<li>\r\n\t\t\t\t\t\t\t\t\t\t\t\t\t\t\t\t    <strong>Get Inspired<\/strong>\r\n\t\t\t\t\t\t\t\t\t\t\t\t\t\t\t\t\t\t\t\t\t\t\t\t    <a href=\"\/features\/\">\r\n\t\t\t\t\t\t\t\t        Discover what&#8217;s beneath our intercom\t\t\t\t\t\t\t\t    <\/a>\r\n\t\t\t\t\t\t\t\t\t\t\t\t\t\t\t<\/li>\r\n\t\t\t\t\t\t\t\t\t\t\t\t\t\t\t\t\t\t\t\t\t\t\t\t<li>\r\n\t\t\t\t\t\t\t\t\t\t\t\t\t\t\t\t    <strong>Become a Partner<\/strong>\r\n\t\t\t\t\t\t\t\t\t\t\t\t\t\t\t\t\t\t\t\t\t\t\t\t    <a href=\"\/distributors\/\">\r\n\t\t\t\t\t\t\t\t        Expand your business with BAS-IP intercom\t\t\t\t\t\t\t\t    <\/a>\r\n\t\t\t\t\t\t\t\t\t\t\t\t\t\t\t<\/li>\r\n\t\t\t\t\t\t\t\t\t\t\t\t\t\t\t\t\t\t\t\t\t\t\t\t<li>\r\n\t\t\t\t\t\t\t\t\t\t\t\t\t\t\t\t    <strong>Check the Guides<\/strong>\r\n\t\t\t\t\t\t\t\t\t\t\t\t\t\t\t\t\t\t\t\t\t\t\t\t    <a href=\"\/support\/\">\r\n\t\t\t\t\t\t\t\t        Download detailed manuals and schemes\t\t\t\t\t\t\t\t    <\/a>\r\n\t\t\t\t\t\t\t\t\t\t\t\t\t\t\t<\/li>\r\n\t\t\t\t\t\t\t\t\t\t\t\t\t\t\t<\/ul>\r\n\t\t\t\r\n\t\t\t\t\t\t    <h3 class=\"title-block\">Our contacts<\/h3>\r\n\t\t\t\r\n\t\t\t\t\t\t\t<ul class=\"contact-list\">\r\n\t\t\t\t\t\t\t\t\t\t\t\t\t\t\t\t\t\t<li>\r\n\t\t\t\t\t\t\t\t\t\t\t\t\t\t\t\t\t<strong>Sales:<\/strong>\r\n\t\t\t\t\t\t\t\t\t\t\t\t\t\t\t\t\t\t\t\t\t\t\t\t    <a href=\"mailto:&#115;al&#101;&#115;&#64;bas&#45;&#105;p.co&#109;\">s&#97;le&#115;&#64;b&#97;&#115;&#45;&#105;p.com<\/a>\r\n\t\t\t\t\t\t\t\t\t\t\t\t\t\t\t<\/li>\r\n\t\t\t\t\t\t\t\t\t\t\t\t\t\t\t\t\t\t\t\t\t\t\t\t<li>\r\n\t\t\t\t\t\t\t\t\t\t\t\t\t\t\t\t\t<strong>Technical support:<\/strong>\r\n\t\t\t\t\t\t\t\t\t\t\t\t\t\t\t\t\t\t\t\t\t\t\t\t    <a href=\"mailto:&#115;uppo&#114;t&#64;ba&#115;-i&#112;&#46;&#99;&#111;&#109;\">&#115;&#117;pp&#111;&#114;&#116;&#64;&#98;&#97;s&#45;i&#112;.&#99;&#111;&#109;<\/a>\r\n\t\t\t\t\t\t\t\t\t\t\t\t\t\t\t<\/li>\r\n\t\t\t\t\t\t\t\t\t\t\t\t\t\t\t<\/ul>\r\n\t\t\t\t\t<\/div>\r\n\t<\/section>\r\n\r\n\r\n\r\n<!-- END Block Sign Up -->","protected":false},"excerpt":{"rendered":"<p>Vi\u1ec7c t\u00edch h\u1ee3p h\u1ec7 th\u1ed1ng li\u00ean l\u1ea1c n\u1ed9i b\u1ed9 BAS-IP v\u1edbi camera CCTV AXIS, \u0111\u1eb7c bi\u1ec7t l\u00e0 ch\u1ee9c n\u0103ng Nh\u1eadn d\u1ea1ng bi\u1ec3n s\u1ed1 xe t\u1ef1 \u0111\u1ed9ng (ALPR), bao g\u1ed3m m\u1ed9t thi\u1ebft l\u1eadp \u0111\u01a1n gi\u1ea3n nh\u01b0ng hi\u1ec7u qu\u1ea3. Vi\u1ec7c t\u00edch h\u1ee3p n\u00e0y cho ph\u00e9p v\u1eadn h\u00e0nh li\u1ec1n m\u1ea1ch v\u00e0 ti\u1ebft ki\u1ec7m chi ph\u00ed b\u1eb1ng c\u00e1ch lo\u1ea1i [&hellip;]<\/p>","protected":false},"author":3,"featured_media":0,"parent":0,"menu_order":0,"comment_status":"closed","ping_status":"closed","template":"page-custom-breadcrumbs.php","meta":{"inline_featured_image":false,"footnotes":""},"class_list":["post-121728","page","type-page","status-publish","hentry"],"acf":[],"_links":{"self":[{"href":"https:\/\/bas-ip.com\/vi\/wp-json\/wp\/v2\/pages\/121728","targetHints":{"allow":["GET"]}}],"collection":[{"href":"https:\/\/bas-ip.com\/vi\/wp-json\/wp\/v2\/pages"}],"about":[{"href":"https:\/\/bas-ip.com\/vi\/wp-json\/wp\/v2\/types\/page"}],"author":[{"embeddable":true,"href":"https:\/\/bas-ip.com\/vi\/wp-json\/wp\/v2\/users\/3"}],"replies":[{"embeddable":true,"href":"https:\/\/bas-ip.com\/vi\/wp-json\/wp\/v2\/comments?post=121728"}],"version-history":[{"count":1,"href":"https:\/\/bas-ip.com\/vi\/wp-json\/wp\/v2\/pages\/121728\/revisions"}],"predecessor-version":[{"id":121729,"href":"https:\/\/bas-ip.com\/vi\/wp-json\/wp\/v2\/pages\/121728\/revisions\/121729"}],"wp:attachment":[{"href":"https:\/\/bas-ip.com\/vi\/wp-json\/wp\/v2\/media?parent=121728"}],"curies":[{"name":"wp","href":"https:\/\/api.w.org\/{rel}","templated":true}]}}