{"id":150043,"date":"2025-02-06T12:58:36","date_gmt":"2025-02-06T12:58:36","guid":{"rendered":"https:\/\/bas-ip.com\/napco\/"},"modified":"2025-11-18T15:28:17","modified_gmt":"2025-11-18T15:28:17","slug":"napco","status":"publish","type":"page","link":"https:\/\/bas-ip.com\/tr\/napco\/","title":{"rendered":"NAPCO"},"content":{"rendered":"<h2 class=\"wp-block-heading\"><strong>BAS-IP ve NAPCO: Kullan\u0131\u015fl\u0131 Eri\u015fim Y\u00f6netimi \u0130\u00e7in Entegrasyon<\/strong><\/h2>\n\n\n<div class=\"wp-block-image\">\n<figure class=\"aligncenter size-full\"><img loading=\"lazy\" decoding=\"async\" width=\"900\" height=\"183\" src=\"https:\/\/bas-ip.com\/wp-content\/uploads\/2025\/02\/napco-security-logo.png\" alt=\"\" class=\"wp-image-130197\" srcset=\"https:\/\/bas-ip.com\/wp-content\/uploads\/2025\/02\/napco-security-logo.png 900w,  https:\/\/bas-ip.com\/wp-content\/uploads\/2025\/02\/napco-security-logo-300x61.png 300w,  https:\/\/bas-ip.com\/wp-content\/uploads\/2025\/02\/napco-security-logo-768x156.png 768w,  https:\/\/bas-ip.com\/wp-content\/uploads\/2025\/02\/napco-security-logo-767x156.png 767w\" sizes=\"auto, (max-width: 900px) 100vw, 900px\" \/><\/figure>\n<\/div>\n\n<p data-path-to-node=\"2\"><b>NAPCO<\/b> ile entegrasyon, <b>Android tabanl\u0131<\/b> <b>AV-08FB<\/b> paneli arac\u0131l\u0131\u011f\u0131yla \u00e7al\u0131\u015f\u0131r. Panelin <b>Card Access Software v1.2.x<\/b> yaz\u0131l\u0131m\u0131na ba\u011flanmas\u0131yla kullan\u0131c\u0131lar, kimlik bilgilerini tek bir aray\u00fcz \u00fczerinden y\u00f6netebilirler, bu da ayr\u0131 bir web aray\u00fcz\u00fcne olan ihtiyac\u0131 ortadan kald\u0131rarak s\u00fcreci basitle\u015ftirir.<\/p>\n<p data-path-to-node=\"3\">Entegrasyon, <b>eri\u015fim kontrol\u00fcn\u00fc<\/b>, <b>video g\u00f6zetimini<\/b> ve <b>ger\u00e7ek zamanl\u0131 izlemeyi<\/b> kapsar, bu da sistemi esnek ve kullan\u0131\u015fl\u0131 hale getirir, \u00f6zellikle h\u0131zl\u0131 y\u00f6netimin ve olaylara h\u0131zl\u0131 yan\u0131t\u0131n \u00e7ok \u00f6nemli oldu\u011fu konut kompleksleri ve ofisler i\u00e7in.<\/p>\n<p data-path-to-node=\"5\">\u00a0<\/p>\n<h3>BAS-IP ve NAPCO Entegrasyonunun Faydalar\u0131:<\/h3>\n<p>\u00a0<\/p>\n<ul>\n<li data-path-to-node=\"6,0,0\"><b>Y\u00f6netim Kolayl\u0131\u011f\u0131:<\/b> Tek bir aray\u00fcz, kullan\u0131c\u0131lar\u0131n kimlik bilgilerini ve eri\u015fimi kolayca y\u00f6netmesine olanak tan\u0131yarak idari s\u00fcreci basitle\u015ftirir.<\/li>\n<li data-path-to-node=\"6,0,0\"><b>Esnek Sistem:<\/b> Entegrasyon, eri\u015fim kontrol\u00fc ve video g\u00f6zetimi dahil olmak \u00fczere \u00e7e\u015fitli fonksiyonlar\u0131n kullan\u0131m\u0131n\u0131 m\u00fcmk\u00fcn k\u0131lar, bu da sistemi \u00e7ok y\u00f6nl\u00fc hale getirir.<\/li>\n<li data-path-to-node=\"6,0,0\"><b>Ger\u00e7ek Zamanl\u0131 \u0130zleme:<\/b> Olaylar\u0131 ger\u00e7ek zamanl\u0131 olarak izleme yetene\u011fi, g\u00fcvenli\u011fi art\u0131r\u0131r ve olaylara daha h\u0131zl\u0131 yan\u0131t verilmesini sa\u011flar.<\/li>\n<li data-path-to-node=\"6,0,0\"><b>Konut ve Ofis Kompleksleri \u0130\u00e7in \u0130deal:<\/b> \u00c7\u00f6z\u00fcm, h\u0131zl\u0131 yan\u0131t\u0131n ve kullan\u0131\u015fl\u0131 eri\u015fim y\u00f6netiminin esas oldu\u011fu m\u00fclkler i\u00e7in uygundur.<\/li>\n<\/ul>\n<p data-path-to-node=\"8\">\u00a0<\/p>\n<h3>Entegrasyonun Temel \u00d6zellikleri:<\/h3>\n<p>\u00a0<\/p>\n<p data-path-to-node=\"9\">BAS-IP ve NAPCO aras\u0131ndaki i\u015fbirli\u011fi \u015funlar\u0131 sunar:<\/p>\n<ul>\n<li data-path-to-node=\"10,0,0\"><b>AV-08FB<\/b> paneli ve <b>Card Access<\/b> yaz\u0131l\u0131m\u0131 ile entegrasyon, kullan\u0131\u015fl\u0131 eri\u015fim y\u00f6netimi sa\u011flar.<\/li>\n<li data-path-to-node=\"10,0,0\">Video g\u00f6zetimi ve eri\u015fim kontrol\u00fc gibi \u00e7e\u015fitli g\u00fcvenlik y\u00f6nleri aras\u0131nda ba\u011flant\u0131.<\/li>\n<li data-path-to-node=\"10,0,0\">Farkl\u0131 kullan\u0131c\u0131 ihtiya\u00e7lar\u0131na uyum sa\u011flamak i\u00e7in esnek konfig\u00fcrasyonlar.<\/li>\n<\/ul>\n<p data-path-to-node=\"11\">Bu entegrasyon, eri\u015fim y\u00f6netimi ve video g\u00f6zetiminin tek bir sistemde birle\u015ftirilmesine olanak tan\u0131r, bu da onu modern m\u00fclkler i\u00e7in ideal bir \u00e7\u00f6z\u00fcm yapar. BAS-IP ve NAPCO aras\u0131ndaki i\u015fbirli\u011fi, eri\u015fim y\u00f6netimi ve izleme i\u00e7in etkili ve g\u00fcvenli bir ara\u00e7 sa\u011flar.<\/p>\n<p data-path-to-node=\"12\">Daha ayr\u0131nt\u0131l\u0131 kurulum ve yap\u0131land\u0131rma rehberli\u011fi i\u00e7in l\u00fctfen <a href=\"https:\/\/basip.atlassian.net\/wiki\/spaces\/Integrations\/pages\/248479748\/Integration+with+NAPCO\" target=\"_blank\" rel=\"noopener\"><b>Wiki K\u0131lavuzumuza<\/b><\/a> bak\u0131n.<\/p>\n\n<!-- START Block Sign Up --><section id=\"block_629678229e935\" class=\"sign-up-section\">\r\n\r\n    <div class=\"form-holder js-form\" data-aos=\"fade-right\">\r\n                    <div class=\"title-block h3\">Sign up for connection<\/div>\r\n        \r\n                    <div class=\"text-block\">\r\n                Filling out all the information needed to answer you as quickly as possible            <\/div>\r\n        \r\n                    \n<div class=\"wpcf7 no-js\" id=\"wpcf7-f109999-o1\" lang=\"tr-TR\" dir=\"ltr\">\n<div class=\"screen-reader-response\"><p role=\"status\" aria-live=\"polite\" aria-atomic=\"true\"><\/p> <ul><\/ul><\/div>\n<form action=\"\/tr\/wp-json\/wp\/v2\/pages\/150043#wpcf7-f109999-o1\" method=\"post\" class=\"wpcf7-form init\" aria-label=\"Contact form\" enctype=\"multipart\/form-data\" novalidate=\"novalidate\" data-status=\"init\">\n<div style=\"display: none;\">\n<input type=\"hidden\" name=\"_wpcf7\" value=\"109999\" \/>\n<input type=\"hidden\" name=\"_wpcf7_version\" value=\"5.8.3\" \/>\n<input type=\"hidden\" name=\"_wpcf7_locale\" value=\"tr_TR\" \/>\n<input type=\"hidden\" name=\"_wpcf7_unit_tag\" value=\"wpcf7-f109999-o1\" \/>\n<input type=\"hidden\" name=\"_wpcf7_container_post\" value=\"0\" \/>\n<input type=\"hidden\" name=\"_wpcf7_posted_data_hash\" value=\"\" \/>\n<input type=\"hidden\" name=\"_wpcf7_recaptcha_response\" value=\"\" \/>\n<\/div>\n<div class=\"row\"> \n <label><span class=\"label-text\">\u0406\u043c\u2019\u044f<\/span> \n  <span class=\"wpcf7-form-control-wrap\" data-name=\"text-full-name\"><input size=\"40\" class=\"wpcf7-form-control wpcf7-text wpcf7-validates-as-required\" aria-required=\"true\" aria-invalid=\"false\" placeholder=\"\u0406\u043c\u2019\u044f\" value=\"\" type=\"text\" name=\"text-full-name\" \/><\/span><\/label> \n<\/div> \n<div class=\"row\"> \n <label><span class=\"label-text\">\u0422\u0435\u043b\u0435\u0444\u043e\u043d*<\/span> \n<span class=\"wpcf7-form-control-wrap\" data-name=\"phonetext-270\"><input size=\"40\" class=\"wpcf7-form-control wpcf7-phonetext wpcf7-validates-as-required wpcf7-text wpcf7-validates-as-phonetext\" aria-required=\"true\" aria-invalid=\"false\" placeholder=\"\u0422\u0435\u043b\u0435\u0444\u043e\u043d*\" value=\"\" type=\"text\" name=\"phonetext-270\" \/><input type=\"hidden\" name=\"phonetext-270-country-code\" class=\"wpcf7-phonetext-country-code\" \/><\/span><\/label> \n<\/div> \n<div class=\"row\"> \n <label><span class=\"label-text\">\u0415\u043b\u0435\u043a\u0442\u0440\u043e\u043d\u043d\u0430 \u043f\u043e\u0448\u0442\u0430<\/span> \n  <span class=\"wpcf7-form-control-wrap\" data-name=\"email-e-mail\"><input size=\"40\" class=\"wpcf7-form-control wpcf7-email wpcf7-validates-as-required wpcf7-text wpcf7-validates-as-email\" aria-required=\"true\" aria-invalid=\"false\" placeholder=\"\u0415\u043b\u0435\u043a\u0442\u0440\u043e\u043d\u043d\u0430 \u043f\u043e\u0448\u0442\u0430\" value=\"\" type=\"email\" name=\"email-e-mail\" \/><\/span><\/label> \n<\/div> \n<div class=\"row\"><span>\u0412\u0430\u0448\u0430 \u043a\u0440\u0430\u0457\u043d\u0430<\/span> \n <label><span class=\"wpcf7-form-control-wrap\" data-name=\"countrytext-126\"><input size=\"40\" class=\"wpcf7-form-control wpcf7-countrytext wpcf7-text wpcf7-validates-as-countrytext\" aria-invalid=\"false\" value=\"\" type=\"text\" name=\"countrytext-126\" \/><\/span> <\/label>\n<\/div> \n<div class=\"row\"> \n <button type=\"submit\" class=\"btn\">\u041d\u0430\u0434\u0456\u0441\u043b\u0430\u0442\u0438<\/button> \n<\/div> \n<div class=\"row\"> \n <span class=\"wpcf7-form-control-wrap\" data-name=\"checkbox-931\"><span class=\"wpcf7-form-control wpcf7-checkbox\"><span class=\"wpcf7-list-item first\"><label><input type=\"checkbox\" name=\"checkbox-931[]\" value=\"\u0406\u043d\u0442\u0435\u0433\u0440\u0430\u0442\u043e\u0440\" \/><span class=\"wpcf7-list-item-label\">\u0406\u043d\u0442\u0435\u0433\u0440\u0430\u0442\u043e\u0440<\/span><\/label><\/span><span class=\"wpcf7-list-item\"><label><input type=\"checkbox\" name=\"checkbox-931[]\" value=\"\u0417\u0430\u0431\u0443\u0434\u043e\u0432\u043d\u0438\u043a\" \/><span class=\"wpcf7-list-item-label\">\u0417\u0430\u0431\u0443\u0434\u043e\u0432\u043d\u0438\u043a<\/span><\/label><\/span><span class=\"wpcf7-list-item last\"><label><input type=\"checkbox\" name=\"checkbox-931[]\" value=\"\u041a\u0456\u043d\u0446\u0435\u0432\u0438\u0439 \u043a\u043e\u0440\u0438\u0441\u0442\u0443\u0432\u0430\u0447\" \/><span class=\"wpcf7-list-item-label\">\u041a\u0456\u043d\u0446\u0435\u0432\u0438\u0439 \u043a\u043e\u0440\u0438\u0441\u0442\u0443\u0432\u0430\u0447<\/span><\/label><\/span><\/span><\/span> \n<\/div> \n<div class=\"row row-upload-file\"> \n <label class=\"upload-file-block js-upload-file\">\u0414\u043e\u0434\u0430\u0442\u0438 \u0444\u0430\u0439\u043b \n  <span class=\"wpcf7-form-control-wrap\" data-name=\"file-466\"><input size=\"40\" class=\"wpcf7-form-control wpcf7-file\" accept=\"audio\/*,video\/*,image\/*\" aria-invalid=\"false\" type=\"file\" name=\"file-466\" \/><\/span><\/label> \n<\/div><input type='hidden' class='wpcf7-pum' value='{\"closepopup\":false,\"closedelay\":0,\"openpopup\":false,\"openpopup_id\":0}' \/><div class=\"wpcf7-response-output\" aria-hidden=\"true\"><\/div>\n<\/form>\n<\/div>\n            <\/div>\r\n\r\n\t\t    <div class=\"text-holder\" data-aos=\"fade-left\">\r\n\t\t\t\t\t\t    <h3 class=\"title-block\">How Can We Help?<\/h3>\r\n\t\t\t\r\n\t\t\t                <div class=\"text-block\">\r\n                    Please select a topic below related to your inquiry. If you don&#8217;t find what you need, fill out our contact form.                <\/div>\r\n\t\t\t\r\n\t\t\t\t\t\t    <ul class=\"link-list\">\r\n\t\t\t\t\t\t\t\t\t\t\t\t\t\t\t\t\t\t<li>\r\n\t\t\t\t\t\t\t\t\t\t\t\t\t\t\t\t    <strong>Get Inspired<\/strong>\r\n\t\t\t\t\t\t\t\t\t\t\t\t\t\t\t\t\t\t\t\t\t\t\t\t    <a href=\"\/features\/\">\r\n\t\t\t\t\t\t\t\t        Discover what&#8217;s beneath our intercom\t\t\t\t\t\t\t\t    <\/a>\r\n\t\t\t\t\t\t\t\t\t\t\t\t\t\t\t<\/li>\r\n\t\t\t\t\t\t\t\t\t\t\t\t\t\t\t\t\t\t\t\t\t\t\t\t<li>\r\n\t\t\t\t\t\t\t\t\t\t\t\t\t\t\t\t    <strong>Become a Partner<\/strong>\r\n\t\t\t\t\t\t\t\t\t\t\t\t\t\t\t\t\t\t\t\t\t\t\t\t    <a href=\"\/distributors\/\">\r\n\t\t\t\t\t\t\t\t        Expand your business with BAS-IP intercom\t\t\t\t\t\t\t\t    <\/a>\r\n\t\t\t\t\t\t\t\t\t\t\t\t\t\t\t<\/li>\r\n\t\t\t\t\t\t\t\t\t\t\t\t\t\t\t\t\t\t\t\t\t\t\t\t<li>\r\n\t\t\t\t\t\t\t\t\t\t\t\t\t\t\t\t    <strong>Check the Guides<\/strong>\r\n\t\t\t\t\t\t\t\t\t\t\t\t\t\t\t\t\t\t\t\t\t\t\t\t    <a href=\"\/support\/\">\r\n\t\t\t\t\t\t\t\t        Download detailed manuals and schemes\t\t\t\t\t\t\t\t    <\/a>\r\n\t\t\t\t\t\t\t\t\t\t\t\t\t\t\t<\/li>\r\n\t\t\t\t\t\t\t\t\t\t\t\t\t\t\t<\/ul>\r\n\t\t\t\r\n\t\t\t\t\t\t    <h3 class=\"title-block\">Our contacts<\/h3>\r\n\t\t\t\r\n\t\t\t\t\t\t\t<ul class=\"contact-list\">\r\n\t\t\t\t\t\t\t\t\t\t\t\t\t\t\t\t\t\t<li>\r\n\t\t\t\t\t\t\t\t\t\t\t\t\t\t\t\t\t<strong>Sales:<\/strong>\r\n\t\t\t\t\t\t\t\t\t\t\t\t\t\t\t\t\t\t\t\t\t\t\t\t    <a href=\"mailto:s&#97;l&#101;s&#64;&#98;&#97;s&#45;&#105;p&#46;c&#111;m\">&#115;&#97;&#108;&#101;s&#64;&#98;&#97;s-&#105;&#112;.&#99;&#111;m<\/a>\r\n\t\t\t\t\t\t\t\t\t\t\t\t\t\t\t<\/li>\r\n\t\t\t\t\t\t\t\t\t\t\t\t\t\t\t\t\t\t\t\t\t\t\t\t<li>\r\n\t\t\t\t\t\t\t\t\t\t\t\t\t\t\t\t\t<strong>Technical support:<\/strong>\r\n\t\t\t\t\t\t\t\t\t\t\t\t\t\t\t\t\t\t\t\t\t\t\t\t    <a href=\"mailto:&#115;u&#112;&#112;ort&#64;ba&#115;-ip&#46;&#99;&#111;&#109;\">support&#64;b&#97;&#115;&#45;ip&#46;c&#111;&#109;<\/a>\r\n\t\t\t\t\t\t\t\t\t\t\t\t\t\t\t<\/li>\r\n\t\t\t\t\t\t\t\t\t\t\t\t\t\t\t<\/ul>\r\n\t\t\t\t\t<\/div>\r\n\t<\/section>\r\n\r\n\r\n\r\n<!-- END Block Sign Up -->","protected":false},"excerpt":{"rendered":"<p>BAS-IP ve NAPCO: Kullan\u0131\u015fl\u0131 Eri\u015fim Y\u00f6netimi \u0130\u00e7in Entegrasyon NAPCO ile entegrasyon, Android tabanl\u0131 AV-08FB paneli arac\u0131l\u0131\u011f\u0131yla \u00e7al\u0131\u015f\u0131r. Panelin Card Access Software v1.2.x yaz\u0131l\u0131m\u0131na ba\u011flanmas\u0131yla kullan\u0131c\u0131lar, kimlik bilgilerini tek bir aray\u00fcz \u00fczerinden y\u00f6netebilirler, bu da ayr\u0131 bir web aray\u00fcz\u00fcne olan ihtiyac\u0131 ortadan kald\u0131rarak s\u00fcreci basitle\u015ftirir. Entegrasyon, eri\u015fim kontrol\u00fcn\u00fc, video g\u00f6zetimini ve ger\u00e7ek zamanl\u0131 izlemeyi kapsar, bu [&hellip;]<\/p>","protected":false},"author":1,"featured_media":0,"parent":0,"menu_order":0,"comment_status":"closed","ping_status":"closed","template":"page-custom-breadcrumbs.php","meta":{"inline_featured_image":false,"footnotes":""},"class_list":["post-150043","page","type-page","status-publish","hentry"],"acf":[],"_links":{"self":[{"href":"https:\/\/bas-ip.com\/tr\/wp-json\/wp\/v2\/pages\/150043","targetHints":{"allow":["GET"]}}],"collection":[{"href":"https:\/\/bas-ip.com\/tr\/wp-json\/wp\/v2\/pages"}],"about":[{"href":"https:\/\/bas-ip.com\/tr\/wp-json\/wp\/v2\/types\/page"}],"author":[{"embeddable":true,"href":"https:\/\/bas-ip.com\/tr\/wp-json\/wp\/v2\/users\/1"}],"replies":[{"embeddable":true,"href":"https:\/\/bas-ip.com\/tr\/wp-json\/wp\/v2\/comments?post=150043"}],"version-history":[{"count":2,"href":"https:\/\/bas-ip.com\/tr\/wp-json\/wp\/v2\/pages\/150043\/revisions"}],"predecessor-version":[{"id":150154,"href":"https:\/\/bas-ip.com\/tr\/wp-json\/wp\/v2\/pages\/150043\/revisions\/150154"}],"wp:attachment":[{"href":"https:\/\/bas-ip.com\/tr\/wp-json\/wp\/v2\/media?parent=150043"}],"curies":[{"name":"wp","href":"https:\/\/api.w.org\/{rel}","templated":true}]}}