{"id":149415,"date":"2025-02-06T13:42:37","date_gmt":"2025-02-06T13:42:37","guid":{"rendered":"https:\/\/bas-ip.com\/rosslare\/"},"modified":"2025-11-18T11:00:27","modified_gmt":"2025-11-18T11:00:27","slug":"rosslare","status":"publish","type":"page","link":"https:\/\/bas-ip.com\/tr\/rosslare\/","title":{"rendered":"Rosslare"},"content":{"rendered":"<h2 class=\"wp-block-heading\">BAS-IP ve Rosslare: Geli\u015fmi\u015f Eri\u015fim Kontrol\u00fc ve \u0130nterkom Entegrasyonu<\/h2>\n\n\n<div class=\"wp-block-image\">\n<figure class=\"aligncenter size-large is-resized\"><img loading=\"lazy\" decoding=\"async\" width=\"1024\" height=\"166\" src=\"https:\/\/bas-ip.com\/wp-content\/uploads\/2025\/02\/Rosslare_logo_new-1024x166.png\" alt=\"\" class=\"wp-image-130233\" style=\"width:900px\" srcset=\"https:\/\/bas-ip.com\/wp-content\/uploads\/2025\/02\/Rosslare_logo_new-1024x166.png 1024w,  https:\/\/bas-ip.com\/wp-content\/uploads\/2025\/02\/Rosslare_logo_new-300x48.png 300w,  https:\/\/bas-ip.com\/wp-content\/uploads\/2025\/02\/Rosslare_logo_new-768x124.png 768w,  https:\/\/bas-ip.com\/wp-content\/uploads\/2025\/02\/Rosslare_logo_new-767x124.png 767w,  https:\/\/bas-ip.com\/wp-content\/uploads\/2025\/02\/Rosslare_logo_new.png 1064w\" sizes=\"auto, (max-width: 1024px) 100vw, 1024px\" \/><\/figure>\n<\/div>\n\n<p data-path-to-node=\"2\">BAS-IP interkom sistemlerinin Rosslare&#8217;in AxTraxPro\u2122 platformuyla entegrasyonu, kesintisiz g\u00fcvenlik ve ileti\u015fim y\u00f6netimi i\u00e7in iki g\u00fc\u00e7l\u00fc \u00e7\u00f6z\u00fcm\u00fc bir araya getiriyor. Rosslare&#8217;in AxTraxPro\u2122&#8217;su eri\u015fim noktas\u0131 kontrol\u00fc, kullan\u0131c\u0131 izinleri ve g\u00fcvenlik olaylar\u0131n\u0131 izleme konular\u0131nda \u00fcst\u00fcnken, BAS-IP Link Cloud Server interkom y\u00f6netimini ve \u00fc\u00e7\u00fcnc\u00fc taraf entegrasyonunu merkezile\u015ftiriyor. Birlikte, bu sistemler konut ve ticari m\u00fclkler i\u00e7in kolayla\u015ft\u0131r\u0131lm\u0131\u015f operasyonlar ve geli\u015fmi\u015f g\u00fcvenlik sa\u011fl\u0131yor.<\/p>\n<p data-path-to-node=\"3\">Bu birle\u015fik yakla\u015f\u0131m, operat\u00f6rlerin eri\u015fim ve ileti\u015fim fonksiyonlar\u0131n\u0131 tek bir aray\u00fcz \u00fczerinden y\u00f6netmelerine olanak tan\u0131r. AxTraxPro\u2122 ger\u00e7ek zamanl\u0131 izleme ve izinleri y\u00f6netirken, BAS-IP Link Cloud Server verimli interkom i\u015flevselli\u011fini garanti eder. Bu teknolojileri entegre ederek, \u00e7\u00f6z\u00fcm y\u00f6netimi basitle\u015ftirir, g\u00fcvenli\u011fi art\u0131r\u0131r ve t\u00fcm kullan\u0131c\u0131lar i\u00e7in deneyimi iyile\u015ftirir.<\/p>\n<p data-path-to-node=\"4\">Bu entegrasyonun amac\u0131, operat\u00f6rlerin kar\u015f\u0131la\u015ft\u0131\u011f\u0131, eri\u015fim kontrol\u00fc ve interkom y\u00f6netimi i\u00e7in birden fazla sistem aras\u0131nda ge\u00e7i\u015f yapma gereklili\u011fi gibi yayg\u0131n zorluklar\u0131 ele almakt\u0131r. Bu i\u015flevleri birle\u015ftirerek, kullan\u0131c\u0131lar daha iyi denetim, g\u00fcvenlik olaylar\u0131na daha h\u0131zl\u0131 yan\u0131t s\u00fcreleri ve hem y\u00f6neticiler hem de son kullan\u0131c\u0131lar i\u00e7in daha kullan\u0131c\u0131 dostu bir deneyim elde ederler.<\/p>\n<h3>Entegrasyonun Temel Faydalar\u0131<\/h3>\n<p>\u00a0<\/p>\n<ul>\n<li data-path-to-node=\"7,0,0\"><b>Birle\u015fik Kontrol:<\/b> Eri\u015fim noktalar\u0131n\u0131 ve interkomlar\u0131 tek bir platformdan y\u00f6netin, y\u00f6netimi basitle\u015ftirin.<\/li>\n<li data-path-to-node=\"7,0,0\"><b>Geli\u015fmi\u015f G\u00fcvenlik:<\/b> Ger\u00e7ek zamanl\u0131 olay izleme, olaylara daha h\u0131zl\u0131 yan\u0131t verilmesini sa\u011flar.<\/li>\n<li data-path-to-node=\"7,0,0\"><b>Geli\u015fmi\u015f Kullan\u0131c\u0131 Deneyimi:<\/b> Sorunsuz entegrasyon, operat\u00f6rler ve son kullan\u0131c\u0131lar i\u00e7in b\u00fct\u00fcnle\u015fik bir deneyim sunar.<\/li>\n<li data-path-to-node=\"7,0,0\"><b>Esneklik:<\/b> Geni\u015f uyumluluk i\u00e7in birden \u00e7ok dili ve b\u00f6lgeyi destekler.<\/li>\n<li data-path-to-node=\"7,0,0\"><b>\u00d6l\u00e7eklenebilirlik:<\/b> K\u00fc\u00e7\u00fck ofislerden b\u00fcy\u00fck konut komplekslerine kadar her b\u00fcy\u00fckl\u00fckteki m\u00fclk i\u00e7in uygundur.<\/li>\n<\/ul>\n<p data-path-to-node=\"8\">Bu entegrasyonun tam potansiyelini ger\u00e7ekle\u015ftirmek i\u00e7in, her iki sistem de Rosslare AxTraxPro\u2122 GraphQL API&#8217;ye dayan\u0131r ve ayn\u0131 a\u011fa ba\u011fl\u0131 olmal\u0131d\u0131r. \u00c7\u00f6z\u00fcm, \u0130ngilizce, Ukraynaca, Rus\u00e7a, Leh\u00e7e, \u0130spanyolca ve T\u00fcrk\u00e7e dahil olmak \u00fczere birden \u00e7ok dili destekler ve Asya, Avrupa ve ABD&#8217;de mevcuttur.<\/p>\n\n<div class=\"wp-block-image\">\n<figure class=\"aligncenter size-large\"><img loading=\"lazy\" decoding=\"async\" width=\"1024\" height=\"662\" src=\"https:\/\/bas-ip.com\/wp-content\/uploads\/2025\/02\/AxTraxPro-BasIP-Diagram2-1024x662.png\" alt=\"\" class=\"wp-image-130297\" srcset=\"https:\/\/bas-ip.com\/wp-content\/uploads\/2025\/02\/AxTraxPro-BasIP-Diagram2-1024x662.png 1024w,  https:\/\/bas-ip.com\/wp-content\/uploads\/2025\/02\/AxTraxPro-BasIP-Diagram2-300x194.png 300w,  https:\/\/bas-ip.com\/wp-content\/uploads\/2025\/02\/AxTraxPro-BasIP-Diagram2-768x497.png 768w,  https:\/\/bas-ip.com\/wp-content\/uploads\/2025\/02\/AxTraxPro-BasIP-Diagram2-767x496.png 767w,  https:\/\/bas-ip.com\/wp-content\/uploads\/2025\/02\/AxTraxPro-BasIP-Diagram2-1534x992.png 1534w,  https:\/\/bas-ip.com\/wp-content\/uploads\/2025\/02\/AxTraxPro-BasIP-Diagram2.png 1536w\" sizes=\"auto, (max-width: 1024px) 100vw, 1024px\" \/><\/figure>\n<\/div>\n\n<!-- START Block Sign Up --><section id=\"block_629678229e935\" class=\"sign-up-section\">\r\n\r\n    <div class=\"form-holder js-form\" data-aos=\"fade-right\">\r\n                    <div class=\"title-block h3\">Sign up for connection<\/div>\r\n        \r\n                    <div class=\"text-block\">\r\n                Filling out all the information needed to answer you as quickly as possible            <\/div>\r\n        \r\n                    \n<div class=\"wpcf7 no-js\" id=\"wpcf7-f109999-o1\" lang=\"tr-TR\" dir=\"ltr\">\n<div class=\"screen-reader-response\"><p role=\"status\" aria-live=\"polite\" aria-atomic=\"true\"><\/p> <ul><\/ul><\/div>\n<form action=\"\/tr\/wp-json\/wp\/v2\/pages\/149415#wpcf7-f109999-o1\" method=\"post\" class=\"wpcf7-form init\" aria-label=\"Contact form\" enctype=\"multipart\/form-data\" novalidate=\"novalidate\" data-status=\"init\">\n<div style=\"display: none;\">\n<input type=\"hidden\" name=\"_wpcf7\" value=\"109999\" \/>\n<input type=\"hidden\" name=\"_wpcf7_version\" value=\"5.8.3\" \/>\n<input type=\"hidden\" name=\"_wpcf7_locale\" value=\"tr_TR\" \/>\n<input type=\"hidden\" name=\"_wpcf7_unit_tag\" value=\"wpcf7-f109999-o1\" \/>\n<input type=\"hidden\" name=\"_wpcf7_container_post\" value=\"0\" \/>\n<input type=\"hidden\" name=\"_wpcf7_posted_data_hash\" value=\"\" \/>\n<input type=\"hidden\" name=\"_wpcf7_recaptcha_response\" value=\"\" \/>\n<\/div>\n<div class=\"row\"> \n <label><span class=\"label-text\">\u0406\u043c\u2019\u044f<\/span> \n  <span class=\"wpcf7-form-control-wrap\" data-name=\"text-full-name\"><input size=\"40\" class=\"wpcf7-form-control wpcf7-text wpcf7-validates-as-required\" aria-required=\"true\" aria-invalid=\"false\" placeholder=\"\u0406\u043c\u2019\u044f\" value=\"\" type=\"text\" name=\"text-full-name\" \/><\/span><\/label> \n<\/div> \n<div class=\"row\"> \n <label><span class=\"label-text\">\u0422\u0435\u043b\u0435\u0444\u043e\u043d*<\/span> \n<span class=\"wpcf7-form-control-wrap\" data-name=\"phonetext-270\"><input size=\"40\" class=\"wpcf7-form-control wpcf7-phonetext wpcf7-validates-as-required wpcf7-text wpcf7-validates-as-phonetext\" aria-required=\"true\" aria-invalid=\"false\" placeholder=\"\u0422\u0435\u043b\u0435\u0444\u043e\u043d*\" value=\"\" type=\"text\" name=\"phonetext-270\" \/><input type=\"hidden\" name=\"phonetext-270-country-code\" class=\"wpcf7-phonetext-country-code\" \/><\/span><\/label> \n<\/div> \n<div class=\"row\"> \n <label><span class=\"label-text\">\u0415\u043b\u0435\u043a\u0442\u0440\u043e\u043d\u043d\u0430 \u043f\u043e\u0448\u0442\u0430<\/span> \n  <span class=\"wpcf7-form-control-wrap\" data-name=\"email-e-mail\"><input size=\"40\" class=\"wpcf7-form-control wpcf7-email wpcf7-validates-as-required wpcf7-text wpcf7-validates-as-email\" aria-required=\"true\" aria-invalid=\"false\" placeholder=\"\u0415\u043b\u0435\u043a\u0442\u0440\u043e\u043d\u043d\u0430 \u043f\u043e\u0448\u0442\u0430\" value=\"\" type=\"email\" name=\"email-e-mail\" \/><\/span><\/label> \n<\/div> \n<div class=\"row\"><span>\u0412\u0430\u0448\u0430 \u043a\u0440\u0430\u0457\u043d\u0430<\/span> \n <label><span class=\"wpcf7-form-control-wrap\" data-name=\"countrytext-126\"><input size=\"40\" class=\"wpcf7-form-control wpcf7-countrytext wpcf7-text wpcf7-validates-as-countrytext\" aria-invalid=\"false\" value=\"\" type=\"text\" name=\"countrytext-126\" \/><\/span> <\/label>\n<\/div> \n<div class=\"row\"> \n <button type=\"submit\" class=\"btn\">\u041d\u0430\u0434\u0456\u0441\u043b\u0430\u0442\u0438<\/button> \n<\/div> \n<div class=\"row\"> \n <span class=\"wpcf7-form-control-wrap\" data-name=\"checkbox-931\"><span class=\"wpcf7-form-control wpcf7-checkbox\"><span class=\"wpcf7-list-item first\"><label><input type=\"checkbox\" name=\"checkbox-931[]\" value=\"\u0406\u043d\u0442\u0435\u0433\u0440\u0430\u0442\u043e\u0440\" \/><span class=\"wpcf7-list-item-label\">\u0406\u043d\u0442\u0435\u0433\u0440\u0430\u0442\u043e\u0440<\/span><\/label><\/span><span class=\"wpcf7-list-item\"><label><input type=\"checkbox\" name=\"checkbox-931[]\" value=\"\u0417\u0430\u0431\u0443\u0434\u043e\u0432\u043d\u0438\u043a\" \/><span class=\"wpcf7-list-item-label\">\u0417\u0430\u0431\u0443\u0434\u043e\u0432\u043d\u0438\u043a<\/span><\/label><\/span><span class=\"wpcf7-list-item last\"><label><input type=\"checkbox\" name=\"checkbox-931[]\" value=\"\u041a\u0456\u043d\u0446\u0435\u0432\u0438\u0439 \u043a\u043e\u0440\u0438\u0441\u0442\u0443\u0432\u0430\u0447\" \/><span class=\"wpcf7-list-item-label\">\u041a\u0456\u043d\u0446\u0435\u0432\u0438\u0439 \u043a\u043e\u0440\u0438\u0441\u0442\u0443\u0432\u0430\u0447<\/span><\/label><\/span><\/span><\/span> \n<\/div> \n<div class=\"row row-upload-file\"> \n <label class=\"upload-file-block js-upload-file\">\u0414\u043e\u0434\u0430\u0442\u0438 \u0444\u0430\u0439\u043b \n  <span class=\"wpcf7-form-control-wrap\" data-name=\"file-466\"><input size=\"40\" class=\"wpcf7-form-control wpcf7-file\" accept=\"audio\/*,video\/*,image\/*\" aria-invalid=\"false\" type=\"file\" name=\"file-466\" \/><\/span><\/label> \n<\/div><input type='hidden' class='wpcf7-pum' value='{\"closepopup\":false,\"closedelay\":0,\"openpopup\":false,\"openpopup_id\":0}' \/><div class=\"wpcf7-response-output\" aria-hidden=\"true\"><\/div>\n<\/form>\n<\/div>\n            <\/div>\r\n\r\n\t\t    <div class=\"text-holder\" data-aos=\"fade-left\">\r\n\t\t\t\t\t\t    <h3 class=\"title-block\">How Can We Help?<\/h3>\r\n\t\t\t\r\n\t\t\t                <div class=\"text-block\">\r\n                    Please select a topic below related to your inquiry. If you don&#8217;t find what you need, fill out our contact form.                <\/div>\r\n\t\t\t\r\n\t\t\t\t\t\t    <ul class=\"link-list\">\r\n\t\t\t\t\t\t\t\t\t\t\t\t\t\t\t\t\t\t<li>\r\n\t\t\t\t\t\t\t\t\t\t\t\t\t\t\t\t    <strong>Get Inspired<\/strong>\r\n\t\t\t\t\t\t\t\t\t\t\t\t\t\t\t\t\t\t\t\t\t\t\t\t    <a href=\"\/features\/\">\r\n\t\t\t\t\t\t\t\t        Discover what&#8217;s beneath our intercom\t\t\t\t\t\t\t\t    <\/a>\r\n\t\t\t\t\t\t\t\t\t\t\t\t\t\t\t<\/li>\r\n\t\t\t\t\t\t\t\t\t\t\t\t\t\t\t\t\t\t\t\t\t\t\t\t<li>\r\n\t\t\t\t\t\t\t\t\t\t\t\t\t\t\t\t    <strong>Become a Partner<\/strong>\r\n\t\t\t\t\t\t\t\t\t\t\t\t\t\t\t\t\t\t\t\t\t\t\t\t    <a href=\"\/distributors\/\">\r\n\t\t\t\t\t\t\t\t        Expand your business with BAS-IP intercom\t\t\t\t\t\t\t\t    <\/a>\r\n\t\t\t\t\t\t\t\t\t\t\t\t\t\t\t<\/li>\r\n\t\t\t\t\t\t\t\t\t\t\t\t\t\t\t\t\t\t\t\t\t\t\t\t<li>\r\n\t\t\t\t\t\t\t\t\t\t\t\t\t\t\t\t    <strong>Check the Guides<\/strong>\r\n\t\t\t\t\t\t\t\t\t\t\t\t\t\t\t\t\t\t\t\t\t\t\t\t    <a href=\"\/support\/\">\r\n\t\t\t\t\t\t\t\t        Download detailed manuals and schemes\t\t\t\t\t\t\t\t    <\/a>\r\n\t\t\t\t\t\t\t\t\t\t\t\t\t\t\t<\/li>\r\n\t\t\t\t\t\t\t\t\t\t\t\t\t\t\t<\/ul>\r\n\t\t\t\r\n\t\t\t\t\t\t    <h3 class=\"title-block\">Our contacts<\/h3>\r\n\t\t\t\r\n\t\t\t\t\t\t\t<ul class=\"contact-list\">\r\n\t\t\t\t\t\t\t\t\t\t\t\t\t\t\t\t\t\t<li>\r\n\t\t\t\t\t\t\t\t\t\t\t\t\t\t\t\t\t<strong>Sales:<\/strong>\r\n\t\t\t\t\t\t\t\t\t\t\t\t\t\t\t\t\t\t\t\t\t\t\t\t    <a href=\"mailto:&#115;&#97;l&#101;&#115;&#64;ba&#115;&#45;&#105;&#112;&#46;c&#111;&#109;\">sal&#101;&#115;&#64;b&#97;s&#45;i&#112;&#46;c&#111;&#109;<\/a>\r\n\t\t\t\t\t\t\t\t\t\t\t\t\t\t\t<\/li>\r\n\t\t\t\t\t\t\t\t\t\t\t\t\t\t\t\t\t\t\t\t\t\t\t\t<li>\r\n\t\t\t\t\t\t\t\t\t\t\t\t\t\t\t\t\t<strong>Technical support:<\/strong>\r\n\t\t\t\t\t\t\t\t\t\t\t\t\t\t\t\t\t\t\t\t\t\t\t\t    <a href=\"mailto:&#115;uppor&#116;&#64;&#98;&#97;&#115;-i&#112;&#46;&#99;&#111;m\">&#115;up&#112;or&#116;&#64;b&#97;&#115;&#45;i&#112;.co&#109;<\/a>\r\n\t\t\t\t\t\t\t\t\t\t\t\t\t\t\t<\/li>\r\n\t\t\t\t\t\t\t\t\t\t\t\t\t\t\t<\/ul>\r\n\t\t\t\t\t<\/div>\r\n\t<\/section>\r\n\r\n\r\n\r\n<!-- END Block Sign Up -->","protected":false},"excerpt":{"rendered":"<p>BAS-IP ve Rosslare: Geli\u015fmi\u015f Eri\u015fim Kontrol\u00fc ve \u0130nterkom Entegrasyonu BAS-IP interkom sistemlerinin Rosslare&#8217;in AxTraxPro\u2122 platformuyla entegrasyonu, kesintisiz g\u00fcvenlik ve ileti\u015fim y\u00f6netimi i\u00e7in iki g\u00fc\u00e7l\u00fc \u00e7\u00f6z\u00fcm\u00fc bir araya getiriyor. Rosslare&#8217;in AxTraxPro\u2122&#8217;su eri\u015fim noktas\u0131 kontrol\u00fc, kullan\u0131c\u0131 izinleri ve g\u00fcvenlik olaylar\u0131n\u0131 izleme konular\u0131nda \u00fcst\u00fcnken, BAS-IP Link Cloud Server interkom y\u00f6netimini ve \u00fc\u00e7\u00fcnc\u00fc taraf entegrasyonunu merkezile\u015ftiriyor. Birlikte, bu sistemler [&hellip;]<\/p>","protected":false},"author":1,"featured_media":0,"parent":0,"menu_order":0,"comment_status":"closed","ping_status":"closed","template":"page-custom-breadcrumbs.php","meta":{"inline_featured_image":false,"footnotes":""},"class_list":["post-149415","page","type-page","status-publish","hentry"],"acf":[],"_links":{"self":[{"href":"https:\/\/bas-ip.com\/tr\/wp-json\/wp\/v2\/pages\/149415","targetHints":{"allow":["GET"]}}],"collection":[{"href":"https:\/\/bas-ip.com\/tr\/wp-json\/wp\/v2\/pages"}],"about":[{"href":"https:\/\/bas-ip.com\/tr\/wp-json\/wp\/v2\/types\/page"}],"author":[{"embeddable":true,"href":"https:\/\/bas-ip.com\/tr\/wp-json\/wp\/v2\/users\/1"}],"replies":[{"embeddable":true,"href":"https:\/\/bas-ip.com\/tr\/wp-json\/wp\/v2\/comments?post=149415"}],"version-history":[{"count":2,"href":"https:\/\/bas-ip.com\/tr\/wp-json\/wp\/v2\/pages\/149415\/revisions"}],"predecessor-version":[{"id":149988,"href":"https:\/\/bas-ip.com\/tr\/wp-json\/wp\/v2\/pages\/149415\/revisions\/149988"}],"wp:attachment":[{"href":"https:\/\/bas-ip.com\/tr\/wp-json\/wp\/v2\/media?parent=149415"}],"curies":[{"name":"wp","href":"https:\/\/api.w.org\/{rel}","templated":true}]}}