{"id":148208,"date":"2025-02-06T12:39:32","date_gmt":"2025-02-06T12:39:32","guid":{"rendered":"https:\/\/bas-ip.com\/hikvision\/"},"modified":"2025-11-19T12:00:50","modified_gmt":"2025-11-19T12:00:50","slug":"hikvision","status":"publish","type":"page","link":"https:\/\/bas-ip.com\/tr\/hikvision\/","title":{"rendered":"Hikvision"},"content":{"rendered":"<h2 class=\"wp-block-heading\"><strong>BAS-IP ve Hikvision: Ak\u0131ll\u0131 Eri\u015fim Y\u00f6netimi i\u00e7in Entegrasyon<\/strong><\/h2>\n\n\n<div class=\"wp-block-image\">\n<figure class=\"aligncenter size-full\"><img loading=\"lazy\" decoding=\"async\" width=\"900\" height=\"254\" src=\"https:\/\/bas-ip.com\/wp-content\/uploads\/2025\/02\/Hikvision-logo_n.png\" alt=\"\" class=\"wp-image-130158\" srcset=\"https:\/\/bas-ip.com\/wp-content\/uploads\/2025\/02\/Hikvision-logo_n.png 900w,  https:\/\/bas-ip.com\/wp-content\/uploads\/2025\/02\/Hikvision-logo_n-300x85.png 300w,  https:\/\/bas-ip.com\/wp-content\/uploads\/2025\/02\/Hikvision-logo_n-768x217.png 768w,  https:\/\/bas-ip.com\/wp-content\/uploads\/2025\/02\/Hikvision-logo_n-767x216.png 767w\" sizes=\"auto, (max-width: 900px) 100vw, 900px\" \/><\/figure>\n<\/div>\n\n<p data-path-to-node=\"1\"><b>BAS-IP<\/b> ve <b>Hikvision<\/b> entegrasyonu, plaka tan\u0131ma arac\u0131l\u0131\u011f\u0131yla otomatik eri\u015fim y\u00f6netimi i\u00e7in modern bir \u00e7\u00f6z\u00fcm sunar. <b>Hikvision<\/b>, <b>ALPR<\/b> (Automatic License Plate Recognition &#8211; Otomatik Plaka Tan\u0131ma) se\u00e7ene\u011fini kullanarak, plakalar\u0131 otomatik bariyer\/kap\u0131 a\u00e7ma i\u00e7in tan\u0131mlay\u0131c\u0131 olarak kullanma yetene\u011fi sa\u011flar.<\/p>\n<p data-path-to-node=\"2\"><b>BAS-IP Link<\/b> sunucusu yaln\u0131zca <b>Axis<\/b> kameralarla de\u011fil, ayn\u0131 zamanda <b>Axxon One<\/b> gibi di\u011fer \u00fcreticilerin kameralar\u0131yla da uyumludur. Bu, entegrasyon olanaklar\u0131n\u0131 ve tan\u0131ma ve tarama i\u00e7in <b>ALPR<\/b> kullan\u0131m\u0131n\u0131 geni\u015fleterek, otomasyon ve g\u00fcvenli\u011fin \u00e7ok \u00f6nemli oldu\u011fu modern tesisler i\u00e7in uygun hale getirir.<\/p>\n<p data-path-to-node=\"4\">\u00a0<\/p>\n<h3>BAS-IP ve Hikvision Entegrasyonunun Faydalar\u0131:<\/h3>\n<p>\u00a0<\/p>\n<ul>\n<li data-path-to-node=\"5,0,0\"><b>Otomatik Eri\u015fim Y\u00f6netimi:<\/b> Plakalar\u0131n otomatik kap\u0131 a\u00e7ma i\u00e7in kullan\u0131lmas\u0131 giri\u015f s\u00fcrecini basitle\u015ftirir ve g\u00fcvenlik seviyelerini art\u0131r\u0131r.<\/li>\n<li data-path-to-node=\"5,0,0\"><b>\u00c7e\u015fitli Kameralarla Uyumluluk:<\/b> <b>Axis<\/b>, <b>Axxon One<\/b> ve di\u011fer \u00fcreticilerin kameralar\u0131na y\u00f6nelik destek, g\u00f6zetim sisteminin olu\u015fturulmas\u0131nda esneklik ve se\u00e7im imkan\u0131 sunar.<\/li>\n<li data-path-to-node=\"5,0,0\"><b>Kolay Yap\u0131land\u0131rma:<\/b> Entegrasyon, <b>BAS-IP Link<\/b> sunucusu arac\u0131l\u0131\u011f\u0131yla kolayca yap\u0131land\u0131r\u0131l\u0131r, bu da uygulama s\u00fcrecini basitle\u015ftirir.<\/li>\n<li data-path-to-node=\"5,0,0\"><b>ALPR Deste\u011fi:<\/b> Geli\u015fmi\u015f <b>ALPR<\/b> teknolojilerinin kullan\u0131lmas\u0131, plakalar\u0131n do\u011fru ve h\u0131zl\u0131 tan\u0131nmas\u0131n\u0131 sa\u011flayarak eri\u015fim verimlili\u011fini art\u0131r\u0131r.<\/li>\n<\/ul>\n<p data-path-to-node=\"7\">\u00a0<\/p>\n<h3>Entegrasyonun Temel \u00d6zellikleri:<\/h3>\n<p>\u00a0<\/p>\n<p data-path-to-node=\"8\"><b>BAS-IP<\/b> ve <b>Hikvision<\/b> aras\u0131ndaki i\u015fbirli\u011fi \u015funlar\u0131 sa\u011flar:<\/p>\n<ul>\n<li data-path-to-node=\"9,0,0\">Plaka tan\u0131man\u0131n <b>BAS-IP<\/b> teknolojileriyle eri\u015fim y\u00f6netimi i\u00e7in entegre edilme yetene\u011fi.<\/li>\n<li data-path-to-node=\"9,0,0\">Kameralarla uyumluluk sayesinde geli\u015fmi\u015f g\u00f6zetim \u00f6zellikleri.<\/li>\n<li data-path-to-node=\"9,0,0\">Sistem performans\u0131n\u0131 optimize etmek i\u00e7in esnek yap\u0131land\u0131rmalar.<\/li>\n<\/ul>\n<p data-path-to-node=\"10\">Bu \u00e7\u00f6z\u00fcm, modern teknolojileri kullanarak eri\u015fim y\u00f6netimini optimize etmek ve g\u00fcvenli\u011fi art\u0131rmak isteyen m\u00fclkler i\u00e7in tasarlanm\u0131\u015ft\u0131r. <b>BAS-IP<\/b> ve <b>Hikvision<\/b>&#8216;\u0131n ortak \u00e7abalar\u0131, g\u00fcvenlik ve rahatl\u0131k sa\u011flamak i\u00e7in g\u00fcvenilir ve etkili bir ara\u00e7 olu\u015fturur.<\/p>\n<p data-path-to-node=\"11\">Daha ayr\u0131nt\u0131l\u0131 kurulum ve yap\u0131land\u0131rma k\u0131lavuzu i\u00e7in l\u00fctfen <a href=\"https:\/\/basip.atlassian.net\/wiki\/spaces\/Integrations\/pages\/249856010\/Integration+with+Hikvision\" target=\"_blank\" rel=\"noopener\"><b>Wiki K\u0131lavuzumuza<\/b><\/a> bak\u0131n.<\/p>\n\n<!-- START Block Sign Up --><section id=\"block_629678229e935\" class=\"sign-up-section\">\r\n\r\n    <div class=\"form-holder js-form\" data-aos=\"fade-right\">\r\n                    <div class=\"title-block h3\">Sign up for connection<\/div>\r\n        \r\n                    <div class=\"text-block\">\r\n                Filling out all the information needed to answer you as quickly as possible            <\/div>\r\n        \r\n                    \n<div class=\"wpcf7 no-js\" id=\"wpcf7-f109999-o1\" lang=\"tr-TR\" dir=\"ltr\">\n<div class=\"screen-reader-response\"><p role=\"status\" aria-live=\"polite\" aria-atomic=\"true\"><\/p> <ul><\/ul><\/div>\n<form action=\"\/tr\/wp-json\/wp\/v2\/pages\/148208#wpcf7-f109999-o1\" method=\"post\" class=\"wpcf7-form init\" aria-label=\"Contact form\" enctype=\"multipart\/form-data\" novalidate=\"novalidate\" data-status=\"init\">\n<div style=\"display: none;\">\n<input type=\"hidden\" name=\"_wpcf7\" value=\"109999\" \/>\n<input type=\"hidden\" name=\"_wpcf7_version\" value=\"5.8.3\" \/>\n<input type=\"hidden\" name=\"_wpcf7_locale\" value=\"tr_TR\" \/>\n<input type=\"hidden\" name=\"_wpcf7_unit_tag\" value=\"wpcf7-f109999-o1\" \/>\n<input type=\"hidden\" name=\"_wpcf7_container_post\" value=\"0\" \/>\n<input type=\"hidden\" name=\"_wpcf7_posted_data_hash\" value=\"\" \/>\n<input type=\"hidden\" name=\"_wpcf7_recaptcha_response\" value=\"\" \/>\n<\/div>\n<div class=\"row\"> \n <label><span class=\"label-text\">\u0406\u043c\u2019\u044f<\/span> \n  <span class=\"wpcf7-form-control-wrap\" data-name=\"text-full-name\"><input size=\"40\" class=\"wpcf7-form-control wpcf7-text wpcf7-validates-as-required\" aria-required=\"true\" aria-invalid=\"false\" placeholder=\"\u0406\u043c\u2019\u044f\" value=\"\" type=\"text\" name=\"text-full-name\" \/><\/span><\/label> \n<\/div> \n<div class=\"row\"> \n <label><span class=\"label-text\">\u0422\u0435\u043b\u0435\u0444\u043e\u043d*<\/span> \n<span class=\"wpcf7-form-control-wrap\" data-name=\"phonetext-270\"><input size=\"40\" class=\"wpcf7-form-control wpcf7-phonetext wpcf7-validates-as-required wpcf7-text wpcf7-validates-as-phonetext\" aria-required=\"true\" aria-invalid=\"false\" placeholder=\"\u0422\u0435\u043b\u0435\u0444\u043e\u043d*\" value=\"\" type=\"text\" name=\"phonetext-270\" \/><input type=\"hidden\" name=\"phonetext-270-country-code\" class=\"wpcf7-phonetext-country-code\" \/><\/span><\/label> \n<\/div> \n<div class=\"row\"> \n <label><span class=\"label-text\">\u0415\u043b\u0435\u043a\u0442\u0440\u043e\u043d\u043d\u0430 \u043f\u043e\u0448\u0442\u0430<\/span> \n  <span class=\"wpcf7-form-control-wrap\" data-name=\"email-e-mail\"><input size=\"40\" class=\"wpcf7-form-control wpcf7-email wpcf7-validates-as-required wpcf7-text wpcf7-validates-as-email\" aria-required=\"true\" aria-invalid=\"false\" placeholder=\"\u0415\u043b\u0435\u043a\u0442\u0440\u043e\u043d\u043d\u0430 \u043f\u043e\u0448\u0442\u0430\" value=\"\" type=\"email\" name=\"email-e-mail\" \/><\/span><\/label> \n<\/div> \n<div class=\"row\"><span>\u0412\u0430\u0448\u0430 \u043a\u0440\u0430\u0457\u043d\u0430<\/span> \n <label><span class=\"wpcf7-form-control-wrap\" data-name=\"countrytext-126\"><input size=\"40\" class=\"wpcf7-form-control wpcf7-countrytext wpcf7-text wpcf7-validates-as-countrytext\" aria-invalid=\"false\" value=\"\" type=\"text\" name=\"countrytext-126\" \/><\/span> <\/label>\n<\/div> \n<div class=\"row\"> \n <button type=\"submit\" class=\"btn\">\u041d\u0430\u0434\u0456\u0441\u043b\u0430\u0442\u0438<\/button> \n<\/div> \n<div class=\"row\"> \n <span class=\"wpcf7-form-control-wrap\" data-name=\"checkbox-931\"><span class=\"wpcf7-form-control wpcf7-checkbox\"><span class=\"wpcf7-list-item first\"><label><input type=\"checkbox\" name=\"checkbox-931[]\" value=\"\u0406\u043d\u0442\u0435\u0433\u0440\u0430\u0442\u043e\u0440\" \/><span class=\"wpcf7-list-item-label\">\u0406\u043d\u0442\u0435\u0433\u0440\u0430\u0442\u043e\u0440<\/span><\/label><\/span><span class=\"wpcf7-list-item\"><label><input type=\"checkbox\" name=\"checkbox-931[]\" value=\"\u0417\u0430\u0431\u0443\u0434\u043e\u0432\u043d\u0438\u043a\" \/><span class=\"wpcf7-list-item-label\">\u0417\u0430\u0431\u0443\u0434\u043e\u0432\u043d\u0438\u043a<\/span><\/label><\/span><span class=\"wpcf7-list-item last\"><label><input type=\"checkbox\" name=\"checkbox-931[]\" value=\"\u041a\u0456\u043d\u0446\u0435\u0432\u0438\u0439 \u043a\u043e\u0440\u0438\u0441\u0442\u0443\u0432\u0430\u0447\" \/><span class=\"wpcf7-list-item-label\">\u041a\u0456\u043d\u0446\u0435\u0432\u0438\u0439 \u043a\u043e\u0440\u0438\u0441\u0442\u0443\u0432\u0430\u0447<\/span><\/label><\/span><\/span><\/span> \n<\/div> \n<div class=\"row row-upload-file\"> \n <label class=\"upload-file-block js-upload-file\">\u0414\u043e\u0434\u0430\u0442\u0438 \u0444\u0430\u0439\u043b \n  <span class=\"wpcf7-form-control-wrap\" data-name=\"file-466\"><input size=\"40\" class=\"wpcf7-form-control wpcf7-file\" accept=\"audio\/*,video\/*,image\/*\" aria-invalid=\"false\" type=\"file\" name=\"file-466\" \/><\/span><\/label> \n<\/div><input type='hidden' class='wpcf7-pum' value='{\"closepopup\":false,\"closedelay\":0,\"openpopup\":false,\"openpopup_id\":0}' \/><div class=\"wpcf7-response-output\" aria-hidden=\"true\"><\/div>\n<\/form>\n<\/div>\n            <\/div>\r\n\r\n\t\t    <div class=\"text-holder\" data-aos=\"fade-left\">\r\n\t\t\t\t\t\t    <h3 class=\"title-block\">How Can We Help?<\/h3>\r\n\t\t\t\r\n\t\t\t                <div class=\"text-block\">\r\n                    Please select a topic below related to your inquiry. If you don&#8217;t find what you need, fill out our contact form.                <\/div>\r\n\t\t\t\r\n\t\t\t\t\t\t    <ul class=\"link-list\">\r\n\t\t\t\t\t\t\t\t\t\t\t\t\t\t\t\t\t\t<li>\r\n\t\t\t\t\t\t\t\t\t\t\t\t\t\t\t\t    <strong>Get Inspired<\/strong>\r\n\t\t\t\t\t\t\t\t\t\t\t\t\t\t\t\t\t\t\t\t\t\t\t\t    <a href=\"\/features\/\">\r\n\t\t\t\t\t\t\t\t        Discover what&#8217;s beneath our intercom\t\t\t\t\t\t\t\t    <\/a>\r\n\t\t\t\t\t\t\t\t\t\t\t\t\t\t\t<\/li>\r\n\t\t\t\t\t\t\t\t\t\t\t\t\t\t\t\t\t\t\t\t\t\t\t\t<li>\r\n\t\t\t\t\t\t\t\t\t\t\t\t\t\t\t\t    <strong>Become a Partner<\/strong>\r\n\t\t\t\t\t\t\t\t\t\t\t\t\t\t\t\t\t\t\t\t\t\t\t\t    <a href=\"\/distributors\/\">\r\n\t\t\t\t\t\t\t\t        Expand your business with BAS-IP intercom\t\t\t\t\t\t\t\t    <\/a>\r\n\t\t\t\t\t\t\t\t\t\t\t\t\t\t\t<\/li>\r\n\t\t\t\t\t\t\t\t\t\t\t\t\t\t\t\t\t\t\t\t\t\t\t\t<li>\r\n\t\t\t\t\t\t\t\t\t\t\t\t\t\t\t\t    <strong>Check the Guides<\/strong>\r\n\t\t\t\t\t\t\t\t\t\t\t\t\t\t\t\t\t\t\t\t\t\t\t\t    <a href=\"\/support\/\">\r\n\t\t\t\t\t\t\t\t        Download detailed manuals and schemes\t\t\t\t\t\t\t\t    <\/a>\r\n\t\t\t\t\t\t\t\t\t\t\t\t\t\t\t<\/li>\r\n\t\t\t\t\t\t\t\t\t\t\t\t\t\t\t<\/ul>\r\n\t\t\t\r\n\t\t\t\t\t\t    <h3 class=\"title-block\">Our contacts<\/h3>\r\n\t\t\t\r\n\t\t\t\t\t\t\t<ul class=\"contact-list\">\r\n\t\t\t\t\t\t\t\t\t\t\t\t\t\t\t\t\t\t<li>\r\n\t\t\t\t\t\t\t\t\t\t\t\t\t\t\t\t\t<strong>Sales:<\/strong>\r\n\t\t\t\t\t\t\t\t\t\t\t\t\t\t\t\t\t\t\t\t\t\t\t\t    <a href=\"mailto:s&#97;&#108;&#101;s&#64;b&#97;&#115;&#45;&#105;p.com\">s&#97;l&#101;&#115;&#64;&#98;a&#115;&#45;ip.&#99;o&#109;<\/a>\r\n\t\t\t\t\t\t\t\t\t\t\t\t\t\t\t<\/li>\r\n\t\t\t\t\t\t\t\t\t\t\t\t\t\t\t\t\t\t\t\t\t\t\t\t<li>\r\n\t\t\t\t\t\t\t\t\t\t\t\t\t\t\t\t\t<strong>Technical support:<\/strong>\r\n\t\t\t\t\t\t\t\t\t\t\t\t\t\t\t\t\t\t\t\t\t\t\t\t    <a href=\"mailto:&#115;upp&#111;&#114;&#116;&#64;b&#97;s-i&#112;&#46;com\">&#115;&#117;p&#112;ort&#64;&#98;a&#115;-&#105;p&#46;&#99;o&#109;<\/a>\r\n\t\t\t\t\t\t\t\t\t\t\t\t\t\t\t<\/li>\r\n\t\t\t\t\t\t\t\t\t\t\t\t\t\t\t<\/ul>\r\n\t\t\t\t\t<\/div>\r\n\t<\/section>\r\n\r\n\r\n\r\n<!-- END Block Sign Up -->\n\n\n<p><\/p>","protected":false},"excerpt":{"rendered":"<p>BAS-IP ve Hikvision: Ak\u0131ll\u0131 Eri\u015fim Y\u00f6netimi i\u00e7in Entegrasyon BAS-IP ve Hikvision entegrasyonu, plaka tan\u0131ma arac\u0131l\u0131\u011f\u0131yla otomatik eri\u015fim y\u00f6netimi i\u00e7in modern bir \u00e7\u00f6z\u00fcm sunar. Hikvision, ALPR (Automatic License Plate Recognition &#8211; Otomatik Plaka Tan\u0131ma) se\u00e7ene\u011fini kullanarak, plakalar\u0131 otomatik bariyer\/kap\u0131 a\u00e7ma i\u00e7in tan\u0131mlay\u0131c\u0131 olarak kullanma yetene\u011fi sa\u011flar. BAS-IP Link sunucusu yaln\u0131zca Axis kameralarla de\u011fil, ayn\u0131 zamanda Axxon [&hellip;]<\/p>","protected":false},"author":1,"featured_media":0,"parent":0,"menu_order":0,"comment_status":"closed","ping_status":"closed","template":"page-custom-breadcrumbs.php","meta":{"inline_featured_image":false,"footnotes":""},"class_list":["post-148208","page","type-page","status-publish","hentry"],"acf":[],"_links":{"self":[{"href":"https:\/\/bas-ip.com\/tr\/wp-json\/wp\/v2\/pages\/148208","targetHints":{"allow":["GET"]}}],"collection":[{"href":"https:\/\/bas-ip.com\/tr\/wp-json\/wp\/v2\/pages"}],"about":[{"href":"https:\/\/bas-ip.com\/tr\/wp-json\/wp\/v2\/types\/page"}],"author":[{"embeddable":true,"href":"https:\/\/bas-ip.com\/tr\/wp-json\/wp\/v2\/users\/1"}],"replies":[{"embeddable":true,"href":"https:\/\/bas-ip.com\/tr\/wp-json\/wp\/v2\/comments?post=148208"}],"version-history":[{"count":5,"href":"https:\/\/bas-ip.com\/tr\/wp-json\/wp\/v2\/pages\/148208\/revisions"}],"predecessor-version":[{"id":150446,"href":"https:\/\/bas-ip.com\/tr\/wp-json\/wp\/v2\/pages\/148208\/revisions\/150446"}],"wp:attachment":[{"href":"https:\/\/bas-ip.com\/tr\/wp-json\/wp\/v2\/media?parent=148208"}],"curies":[{"name":"wp","href":"https:\/\/api.w.org\/{rel}","templated":true}]}}