{"id":147975,"date":"2025-02-06T14:14:40","date_gmt":"2025-02-06T14:14:40","guid":{"rendered":"https:\/\/bas-ip.com\/actentry-vanderbilt\/"},"modified":"2025-11-12T14:22:30","modified_gmt":"2025-11-12T14:22:30","slug":"actentry-vanderbilt","status":"publish","type":"page","link":"https:\/\/bas-ip.com\/tr\/actentry-vanderbilt\/","title":{"rendered":"ACTentry (Vanderbilt)"},"content":{"rendered":"<h2 class=\"wp-block-heading\">BAS-IP ve ACTentry: Ak\u0131ll\u0131 Entegrasyonla Eri\u015fim Kontrol\u00fcn\u00fc Yeniden Tan\u0131mlama<\/h2>\n\n\n<div class=\"wp-block-image\">\n<figure class=\"aligncenter size-full\"><img loading=\"lazy\" decoding=\"async\" width=\"594\" height=\"321\" src=\"https:\/\/bas-ip.com\/wp-content\/uploads\/2025\/02\/ACTpro.png\" alt=\"\" class=\"wp-image-130372\" srcset=\"https:\/\/bas-ip.com\/wp-content\/uploads\/2025\/02\/ACTpro.png 594w,  https:\/\/bas-ip.com\/wp-content\/uploads\/2025\/02\/ACTpro-300x162.png 300w\" sizes=\"auto, (max-width: 594px) 100vw, 594px\" \/><\/figure>\n<\/div>\n\n<p><b>ACTentry<\/b>, geleneksel eri\u015fim kontrol\u00fcn\u00fc, fiziksel giri\u015f telefonlar\u0131n\u0131 yaz\u0131l\u0131m tabanl\u0131 bir \u00e7\u00f6z\u00fcmle de\u011fi\u015ftirerek d\u00f6n\u00fc\u015ft\u00fcr\u00fcyor. BAS-IP interkom panelleriyle e\u015fle\u015ftirilen bu entegrasyon, geli\u015fmi\u015f ziyaret\u00e7i y\u00f6netimi sunarak, video ve ses etkile\u015fimini do\u011frudan <b>ACTpro<\/b> platformu \u00fczerinden sorunsuz eri\u015fim kontrol\u00fcyle birle\u015ftiriyor.<\/p>\n<p><b>AA-12FB2M<\/b> ve <b>AV-03BD<\/b> gibi desteklenen modeller ACTentry&#8217;ye zahmetsizce ba\u011flanarak operat\u00f6rlerin ziyaret\u00e7i giri\u015fini denetlemesine, kap\u0131lar\u0131 y\u00f6netmesine ve faaliyetleri ger\u00e7ek zamanl\u0131 olarak izlemesine olanak tan\u0131r. Bu sinerji, g\u00fcvenlik i\u015f ak\u0131\u015flar\u0131n\u0131 iyile\u015ftirir ve her t\u00fcrl\u00fc modern ortam i\u00e7in i\u015flemleri basitle\u015ftirir.<\/p>\n<h4 dir=\"auto\"><span class=\"heading-content\">Neden Bu Entegrasyonu Se\u00e7melisiniz?<\/span><\/h4>\n<ul>\n<li dir=\"auto\"><b>Basitle\u015ftirilmi\u015f Ziyaret\u00e7i Y\u00f6netimi:<\/b> Bilgisayar\u0131n\u0131zdan canl\u0131 video ve ses kullanarak kap\u0131lar\u0131 \u00e7al\u0131\u015ft\u0131r\u0131n ve ziyaret\u00e7ilerle ileti\u015fim kurun.<\/li>\n<li dir=\"auto\"><b>Verimli Kontrol:<\/b> \u0130nterkomlar\u0131n ve eri\u015fim noktalar\u0131n\u0131n ACTentry aray\u00fcz\u00fc i\u00e7inde merkezi olarak y\u00f6netilmesi.<\/li>\n<li dir=\"auto\"><b>Ak\u0131ll\u0131 Yap\u0131land\u0131rma:<\/b> G\u00fcvenli eri\u015fim kimlik bilgileri, canl\u0131 izleme ve esnek kullan\u0131c\u0131 se\u00e7enekleriyle interkom ayarlar\u0131n\u0131 \u00f6zelle\u015ftirin.<\/li>\n<li dir=\"auto\"><b>Uygun Maliyetli Y\u00f6netim:<\/b> Kap\u0131 giri\u015fi i\u015flemleri i\u00e7in yaz\u0131l\u0131mdan yararlanarak donan\u0131ma ba\u011f\u0131ml\u0131l\u0131\u011f\u0131 azalt\u0131n.<\/li>\n<li dir=\"auto\"><b>Sorunsuz Uyumluluk:<\/b> ACTpro ve BAS-IP&#8217;nin geli\u015fmi\u015f interkom teknolojisiyle sorunsuz \u00e7al\u0131\u015facak \u015fekilde tasarlanm\u0131\u015ft\u0131r.<\/li>\n<\/ul>\n<h4 dir=\"auto\"><span class=\"heading-content\">Entegrasyonun \u00d6ne \u00c7\u0131kanlar\u0131<\/span><\/h4>\n<p dir=\"auto\">BAS-IP ve ACTentry i\u015fbirli\u011fi \u015funlar\u0131 sunar:<\/p>\n<ul>\n<li dir=\"auto\">\u0130nterkomlar ve ACTentry yaz\u0131l\u0131m\u0131 aras\u0131nda g\u00fcvenli ve sezgisel <b>SIP<\/b> tabanl\u0131 ileti\u015fim.<\/li>\n<li dir=\"auto\">ACTentry sunucusu arac\u0131l\u0131\u011f\u0131yla merkezi lisans senkronizasyonu ve zahmetsiz kurulum.<\/li>\n<li dir=\"auto\">Dinamik kullan\u0131c\u0131 ihtiya\u00e7lar\u0131na g\u00f6re yap\u0131land\u0131r\u0131labilen eri\u015fim izinleri ve canl\u0131 izleme.<\/li>\n<li dir=\"auto\">K\u00fcresel kullan\u0131labilirlik i\u00e7in \u00e7ok dilli aray\u00fcz ve sa\u011flam parola y\u00f6netimi.<\/li>\n<\/ul>\n<p>Bu \u00e7\u00f6z\u00fcm, eri\u015fim y\u00f6netimini kolayla\u015ft\u0131rmaya \u00f6ncelik veren m\u00fclkler i\u00e7in \u00f6zel olarak tasarlanm\u0131\u015ft\u0131r ve eski donan\u0131m tabanl\u0131 sistemlere esnek ve g\u00fcvenilir bir alternatif sunar. BAS-IP&#8217;nin interkom uzmanl\u0131\u011f\u0131n\u0131 ACTentry&#8217;nin ak\u0131ll\u0131 teknolojisiyle birle\u015ftirerek, operat\u00f6rler g\u00fcnl\u00fck g\u00fcvenlik ve kolayl\u0131k i\u00e7in pratik, \u00f6l\u00e7eklenebilir bir ara\u00e7 edinirler.<\/p>\n<p>Ayr\u0131nt\u0131l\u0131 kurulum ve yap\u0131land\u0131rma rehberli\u011fi i\u00e7in l\u00fctfen <a href=\"https:\/\/basip.atlassian.net\/wiki\/spaces\/Integrations\/pages\/250019867\/Integration+with+ACRE+Vanderbilt\" target=\"_blank\" rel=\"noopener\">Wiki K\u0131lavuzumuza ba\u015fvurun<\/a>.<\/p>\n\n<!-- START Block Sign Up --><section id=\"block_629678229e935\" class=\"sign-up-section\">\r\n\r\n    <div class=\"form-holder js-form\" data-aos=\"fade-right\">\r\n                    <div class=\"title-block h3\">Sign up for connection<\/div>\r\n        \r\n                    <div class=\"text-block\">\r\n                Filling out all the information needed to answer you as quickly as possible            <\/div>\r\n        \r\n                    \n<div class=\"wpcf7 no-js\" id=\"wpcf7-f109999-o1\" lang=\"tr-TR\" dir=\"ltr\">\n<div class=\"screen-reader-response\"><p role=\"status\" aria-live=\"polite\" aria-atomic=\"true\"><\/p> <ul><\/ul><\/div>\n<form action=\"\/tr\/wp-json\/wp\/v2\/pages\/147975#wpcf7-f109999-o1\" method=\"post\" class=\"wpcf7-form init\" aria-label=\"Contact form\" enctype=\"multipart\/form-data\" novalidate=\"novalidate\" data-status=\"init\">\n<div style=\"display: none;\">\n<input type=\"hidden\" name=\"_wpcf7\" value=\"109999\" \/>\n<input type=\"hidden\" name=\"_wpcf7_version\" value=\"5.8.3\" \/>\n<input type=\"hidden\" name=\"_wpcf7_locale\" value=\"tr_TR\" \/>\n<input type=\"hidden\" name=\"_wpcf7_unit_tag\" value=\"wpcf7-f109999-o1\" \/>\n<input type=\"hidden\" name=\"_wpcf7_container_post\" value=\"0\" \/>\n<input type=\"hidden\" name=\"_wpcf7_posted_data_hash\" value=\"\" \/>\n<input type=\"hidden\" name=\"_wpcf7_recaptcha_response\" value=\"\" \/>\n<\/div>\n<div class=\"row\"> \n <label><span class=\"label-text\">\u0406\u043c\u2019\u044f<\/span> \n  <span class=\"wpcf7-form-control-wrap\" data-name=\"text-full-name\"><input size=\"40\" class=\"wpcf7-form-control wpcf7-text wpcf7-validates-as-required\" aria-required=\"true\" aria-invalid=\"false\" placeholder=\"\u0406\u043c\u2019\u044f\" value=\"\" type=\"text\" name=\"text-full-name\" \/><\/span><\/label> \n<\/div> \n<div class=\"row\"> \n <label><span class=\"label-text\">\u0422\u0435\u043b\u0435\u0444\u043e\u043d*<\/span> \n<span class=\"wpcf7-form-control-wrap\" data-name=\"phonetext-270\"><input size=\"40\" class=\"wpcf7-form-control wpcf7-phonetext wpcf7-validates-as-required wpcf7-text wpcf7-validates-as-phonetext\" aria-required=\"true\" aria-invalid=\"false\" placeholder=\"\u0422\u0435\u043b\u0435\u0444\u043e\u043d*\" value=\"\" type=\"text\" name=\"phonetext-270\" \/><input type=\"hidden\" name=\"phonetext-270-country-code\" class=\"wpcf7-phonetext-country-code\" \/><\/span><\/label> \n<\/div> \n<div class=\"row\"> \n <label><span class=\"label-text\">\u0415\u043b\u0435\u043a\u0442\u0440\u043e\u043d\u043d\u0430 \u043f\u043e\u0448\u0442\u0430<\/span> \n  <span class=\"wpcf7-form-control-wrap\" data-name=\"email-e-mail\"><input size=\"40\" class=\"wpcf7-form-control wpcf7-email wpcf7-validates-as-required wpcf7-text wpcf7-validates-as-email\" aria-required=\"true\" aria-invalid=\"false\" placeholder=\"\u0415\u043b\u0435\u043a\u0442\u0440\u043e\u043d\u043d\u0430 \u043f\u043e\u0448\u0442\u0430\" value=\"\" type=\"email\" name=\"email-e-mail\" \/><\/span><\/label> \n<\/div> \n<div class=\"row\"><span>\u0412\u0430\u0448\u0430 \u043a\u0440\u0430\u0457\u043d\u0430<\/span> \n <label><span class=\"wpcf7-form-control-wrap\" data-name=\"countrytext-126\"><input size=\"40\" class=\"wpcf7-form-control wpcf7-countrytext wpcf7-text wpcf7-validates-as-countrytext\" aria-invalid=\"false\" value=\"\" type=\"text\" name=\"countrytext-126\" \/><\/span> <\/label>\n<\/div> \n<div class=\"row\"> \n <button type=\"submit\" class=\"btn\">\u041d\u0430\u0434\u0456\u0441\u043b\u0430\u0442\u0438<\/button> \n<\/div> \n<div class=\"row\"> \n <span class=\"wpcf7-form-control-wrap\" data-name=\"checkbox-931\"><span class=\"wpcf7-form-control wpcf7-checkbox\"><span class=\"wpcf7-list-item first\"><label><input type=\"checkbox\" name=\"checkbox-931[]\" value=\"\u0406\u043d\u0442\u0435\u0433\u0440\u0430\u0442\u043e\u0440\" \/><span class=\"wpcf7-list-item-label\">\u0406\u043d\u0442\u0435\u0433\u0440\u0430\u0442\u043e\u0440<\/span><\/label><\/span><span class=\"wpcf7-list-item\"><label><input type=\"checkbox\" name=\"checkbox-931[]\" value=\"\u0417\u0430\u0431\u0443\u0434\u043e\u0432\u043d\u0438\u043a\" \/><span class=\"wpcf7-list-item-label\">\u0417\u0430\u0431\u0443\u0434\u043e\u0432\u043d\u0438\u043a<\/span><\/label><\/span><span class=\"wpcf7-list-item last\"><label><input type=\"checkbox\" name=\"checkbox-931[]\" value=\"\u041a\u0456\u043d\u0446\u0435\u0432\u0438\u0439 \u043a\u043e\u0440\u0438\u0441\u0442\u0443\u0432\u0430\u0447\" \/><span class=\"wpcf7-list-item-label\">\u041a\u0456\u043d\u0446\u0435\u0432\u0438\u0439 \u043a\u043e\u0440\u0438\u0441\u0442\u0443\u0432\u0430\u0447<\/span><\/label><\/span><\/span><\/span> \n<\/div> \n<div class=\"row row-upload-file\"> \n <label class=\"upload-file-block js-upload-file\">\u0414\u043e\u0434\u0430\u0442\u0438 \u0444\u0430\u0439\u043b \n  <span class=\"wpcf7-form-control-wrap\" data-name=\"file-466\"><input size=\"40\" class=\"wpcf7-form-control wpcf7-file\" accept=\"audio\/*,video\/*,image\/*\" aria-invalid=\"false\" type=\"file\" name=\"file-466\" \/><\/span><\/label> \n<\/div><input type='hidden' class='wpcf7-pum' value='{\"closepopup\":false,\"closedelay\":0,\"openpopup\":false,\"openpopup_id\":0}' \/><div class=\"wpcf7-response-output\" aria-hidden=\"true\"><\/div>\n<\/form>\n<\/div>\n            <\/div>\r\n\r\n\t\t    <div class=\"text-holder\" data-aos=\"fade-left\">\r\n\t\t\t\t\t\t    <h3 class=\"title-block\">How Can We Help?<\/h3>\r\n\t\t\t\r\n\t\t\t                <div class=\"text-block\">\r\n                    Please select a topic below related to your inquiry. If you don&#8217;t find what you need, fill out our contact form.                <\/div>\r\n\t\t\t\r\n\t\t\t\t\t\t    <ul class=\"link-list\">\r\n\t\t\t\t\t\t\t\t\t\t\t\t\t\t\t\t\t\t<li>\r\n\t\t\t\t\t\t\t\t\t\t\t\t\t\t\t\t    <strong>Get Inspired<\/strong>\r\n\t\t\t\t\t\t\t\t\t\t\t\t\t\t\t\t\t\t\t\t\t\t\t\t    <a href=\"\/features\/\">\r\n\t\t\t\t\t\t\t\t        Discover what&#8217;s beneath our intercom\t\t\t\t\t\t\t\t    <\/a>\r\n\t\t\t\t\t\t\t\t\t\t\t\t\t\t\t<\/li>\r\n\t\t\t\t\t\t\t\t\t\t\t\t\t\t\t\t\t\t\t\t\t\t\t\t<li>\r\n\t\t\t\t\t\t\t\t\t\t\t\t\t\t\t\t    <strong>Become a Partner<\/strong>\r\n\t\t\t\t\t\t\t\t\t\t\t\t\t\t\t\t\t\t\t\t\t\t\t\t    <a href=\"\/distributors\/\">\r\n\t\t\t\t\t\t\t\t        Expand your business with BAS-IP intercom\t\t\t\t\t\t\t\t    <\/a>\r\n\t\t\t\t\t\t\t\t\t\t\t\t\t\t\t<\/li>\r\n\t\t\t\t\t\t\t\t\t\t\t\t\t\t\t\t\t\t\t\t\t\t\t\t<li>\r\n\t\t\t\t\t\t\t\t\t\t\t\t\t\t\t\t    <strong>Check the Guides<\/strong>\r\n\t\t\t\t\t\t\t\t\t\t\t\t\t\t\t\t\t\t\t\t\t\t\t\t    <a href=\"\/support\/\">\r\n\t\t\t\t\t\t\t\t        Download detailed manuals and schemes\t\t\t\t\t\t\t\t    <\/a>\r\n\t\t\t\t\t\t\t\t\t\t\t\t\t\t\t<\/li>\r\n\t\t\t\t\t\t\t\t\t\t\t\t\t\t\t<\/ul>\r\n\t\t\t\r\n\t\t\t\t\t\t    <h3 class=\"title-block\">Our contacts<\/h3>\r\n\t\t\t\r\n\t\t\t\t\t\t\t<ul class=\"contact-list\">\r\n\t\t\t\t\t\t\t\t\t\t\t\t\t\t\t\t\t\t<li>\r\n\t\t\t\t\t\t\t\t\t\t\t\t\t\t\t\t\t<strong>Sales:<\/strong>\r\n\t\t\t\t\t\t\t\t\t\t\t\t\t\t\t\t\t\t\t\t\t\t\t\t    <a href=\"mailto:&#115;&#97;&#108;&#101;s&#64;&#98;&#97;&#115;&#45;&#105;&#112;&#46;&#99;&#111;&#109;\">sal&#101;s&#64;b&#97;&#115;&#45;&#105;&#112;.&#99;&#111;&#109;<\/a>\r\n\t\t\t\t\t\t\t\t\t\t\t\t\t\t\t<\/li>\r\n\t\t\t\t\t\t\t\t\t\t\t\t\t\t\t\t\t\t\t\t\t\t\t\t<li>\r\n\t\t\t\t\t\t\t\t\t\t\t\t\t\t\t\t\t<strong>Technical support:<\/strong>\r\n\t\t\t\t\t\t\t\t\t\t\t\t\t\t\t\t\t\t\t\t\t\t\t\t    <a href=\"mailto:s&#117;&#112;p&#111;&#114;t&#64;b&#97;&#115;-&#105;&#112;&#46;c&#111;m\">&#115;&#117;p&#112;o&#114;t&#64;&#98;&#97;&#115;&#45;&#105;p&#46;c&#111;&#109;<\/a>\r\n\t\t\t\t\t\t\t\t\t\t\t\t\t\t\t<\/li>\r\n\t\t\t\t\t\t\t\t\t\t\t\t\t\t\t<\/ul>\r\n\t\t\t\t\t<\/div>\r\n\t<\/section>\r\n\r\n\r\n\r\n<!-- END Block Sign Up -->","protected":false},"excerpt":{"rendered":"<p>BAS-IP ve ACTentry: Ak\u0131ll\u0131 Entegrasyonla Eri\u015fim Kontrol\u00fcn\u00fc Yeniden Tan\u0131mlama ACTentry, geleneksel eri\u015fim kontrol\u00fcn\u00fc, fiziksel giri\u015f telefonlar\u0131n\u0131 yaz\u0131l\u0131m tabanl\u0131 bir \u00e7\u00f6z\u00fcmle de\u011fi\u015ftirerek d\u00f6n\u00fc\u015ft\u00fcr\u00fcyor. BAS-IP interkom panelleriyle e\u015fle\u015ftirilen bu entegrasyon, geli\u015fmi\u015f ziyaret\u00e7i y\u00f6netimi sunarak, video ve ses etkile\u015fimini do\u011frudan ACTpro platformu \u00fczerinden sorunsuz eri\u015fim kontrol\u00fcyle birle\u015ftiriyor. AA-12FB2M ve AV-03BD gibi desteklenen modeller ACTentry&#8217;ye zahmetsizce ba\u011flanarak operat\u00f6rlerin ziyaret\u00e7i [&hellip;]<\/p>","protected":false},"author":1,"featured_media":0,"parent":0,"menu_order":0,"comment_status":"closed","ping_status":"closed","template":"page-custom-breadcrumbs.php","meta":{"inline_featured_image":false,"footnotes":""},"class_list":["post-147975","page","type-page","status-publish","hentry"],"acf":[],"_links":{"self":[{"href":"https:\/\/bas-ip.com\/tr\/wp-json\/wp\/v2\/pages\/147975","targetHints":{"allow":["GET"]}}],"collection":[{"href":"https:\/\/bas-ip.com\/tr\/wp-json\/wp\/v2\/pages"}],"about":[{"href":"https:\/\/bas-ip.com\/tr\/wp-json\/wp\/v2\/types\/page"}],"author":[{"embeddable":true,"href":"https:\/\/bas-ip.com\/tr\/wp-json\/wp\/v2\/users\/1"}],"replies":[{"embeddable":true,"href":"https:\/\/bas-ip.com\/tr\/wp-json\/wp\/v2\/comments?post=147975"}],"version-history":[{"count":2,"href":"https:\/\/bas-ip.com\/tr\/wp-json\/wp\/v2\/pages\/147975\/revisions"}],"predecessor-version":[{"id":148148,"href":"https:\/\/bas-ip.com\/tr\/wp-json\/wp\/v2\/pages\/147975\/revisions\/148148"}],"wp:attachment":[{"href":"https:\/\/bas-ip.com\/tr\/wp-json\/wp\/v2\/media?parent=147975"}],"curies":[{"name":"wp","href":"https:\/\/api.w.org\/{rel}","templated":true}]}}