{"id":146613,"date":"2025-09-24T07:37:21","date_gmt":"2025-09-24T07:37:21","guid":{"rendered":"https:\/\/bas-ip.com\/memo-on-personal-data-processing-compliance\/"},"modified":"2025-10-24T10:55:49","modified_gmt":"2025-10-24T10:55:49","slug":"memo-on-personal-data-processing-compliance","status":"publish","type":"page","link":"https:\/\/bas-ip.com\/tr\/memo-on-personal-data-processing-compliance\/","title":{"rendered":"K\u0130\u015e\u0130SEL VER\u0130 \u0130\u015eLEME UYUM MEMORANDUMU"},"content":{"rendered":"<p style=\"text-align: right;\"><em>Her m\u00fc\u015fterinin, <b>ki\u015fisel verilerinin g\u00fcvenli ve emniyetli bir \u015fekilde i\u015flendi\u011fine<\/b> g\u00fcvenebilmesi i\u00e7in <b>g\u00fc\u00e7l\u00fc ve yenilik\u00e7i veri koruma uygulamalar\u0131na<\/b> ba\u011fl\u0131y\u0131z.<\/em><\/p>\n<p><b>BAS-IP DISTRIBUTION LTD<\/b> (<b>\u015eirket<\/b> veya <b>BAS-IP<\/b>), y\u00fcr\u00fcrl\u00fckteki veri koruma mevzuat\u0131na, buna dahil olan <b>Birle\u015fik Krall\u0131k Genel Veri Koruma T\u00fcz\u00fc\u011f\u00fc (UK GDPR)<\/b> ve <b>AB Genel Veri Koruma T\u00fcz\u00fc\u011f\u00fc (GDPR)<\/b> ile uyumumuz hakk\u0131nda m\u00fc\u015fterilerimiz i\u00e7in bu memorandum&#8217;u haz\u0131rlam\u0131\u015ft\u0131r. A\u015fa\u011f\u0131da, ki\u015fisel veri koruma gerekliliklerine uyumla ilgili faaliyetlerimizi size tan\u0131taca\u011f\u0131z.<\/p>\n<h1><strong>TANIMLAR<\/strong><\/h1>\n<ul>\n<li><b>\u201cUK GDPR\u201d<\/b> (BK GDPR), 2018 Veri Koruma Yasas\u0131 (<i>Data Protection Act 2018<\/i>) uyar\u0131nca BK yasalar\u0131na dahil edilen Birle\u015fik Krall\u0131k Genel Veri Koruma T\u00fcz\u00fc\u011f\u00fc&#8217;n\u00fc ve y\u00fcr\u00fcrl\u00fckteki di\u011fer BK veri koruma ve gizlilik mevzuat\u0131n\u0131 ifade eder.<\/li>\n<li><b>\u201cGDPR\u201d<\/b> (KVKT), Genel Veri Koruma T\u00fcz\u00fc\u011f\u00fc&#8217;n\u00fc (2016\/679 say\u0131l\u0131 (AB) T\u00fcz\u00fc\u011f\u00fc) ve Avrupa Birli\u011fi ile Avrupa Ekonomik Alan\u0131 i\u00e7inde ge\u00e7erli olan ilgili veri koruma ve gizlilik mevzuat\u0131n\u0131 ifade eder.<\/li>\n<li><b>Ki\u015fisel veri<\/b> (Personal data), kimli\u011fi belirlenmi\u015f veya belirlenebilir bir <b>ger\u00e7ek ki\u015fiye ili\u015fkin her t\u00fcrl\u00fc bilgiyi<\/b> ifade eder.<\/li>\n<li><b>\u0130lgili ki\u015fi<\/b> (Data subject), kimli\u011fi do\u011frudan veya dolayl\u0131 olarak belirlenebilen bir ger\u00e7ek ki\u015fiyi ifade eder.<\/li>\n<li><b>Veri sorumlusu<\/b> (Controller), ki\u015fisel verilerin i\u015flenme ama\u00e7lar\u0131n\u0131 ve ara\u00e7lar\u0131n\u0131, <b>tek ba\u015f\u0131na veya ba\u015fkalar\u0131yla birlikte belirleyen<\/b> ger\u00e7ek veya t\u00fczel ki\u015fiyi, kamu otoritesini, kurumu veya di\u011fer organ\u0131 ifade eder.<\/li>\n<li><b>Veri i\u015fleyen<\/b> (Processor), ki\u015fisel verileri veri sorumlusu <b>ad\u0131na i\u015fleyen<\/b> ger\u00e7ek veya t\u00fczel ki\u015fiyi, kamu otoritesini, kurumu veya di\u011fer organ\u0131 ifade eder.<\/li>\n<li><b>Alt veri i\u015fleyen<\/b> (Subprocessor), veri i\u015fleyen taraf\u0131ndan, ki\u015fisel verileri veri sorumlusu <b>ad\u0131na i\u015flemek \u00fczere g\u00f6revlendirilen<\/b> ger\u00e7ek veya t\u00fczel ki\u015fiyi ifade eder.<\/li>\n<li><b>\u0130\u015fleme<\/b> (Processing), ki\u015fisel veriler \u00fczerinde veya ki\u015fisel veri setleri \u00fczerinde ger\u00e7ekle\u015ftirilen, otomatik yollarla olsun veya olmas\u0131n, <b>toplama, kaydetme, d\u00fczenleme, yap\u0131land\u0131rma, saklama, uyarlama veya de\u011fi\u015ftirme, geri alma, dan\u0131\u015fma, kullanma, iletim yoluyla a\u00e7\u0131klama, yayma veya ba\u015fka bir \u015fekilde kullan\u0131ma sunma, hizalama veya birle\u015ftirme, k\u0131s\u0131tlama, silme veya yok etme<\/b> gibi her t\u00fcrl\u00fc i\u015flemi veya i\u015flem setini ifade eder.<\/li>\n<\/ul>\n<h1><strong>BAS-IP HAKKINDA<\/strong><\/h1>\n<p>BAS-IP, <b>IP interkomlar, eri\u015fim kontrol sistemleri ve ileti\u015fim sistemleri<\/b> geli\u015ftirmekte ve \u00fcretmekte olup, bu alanda lider bir akt\u00f6rd\u00fcr. Faaliyetlerimiz hakk\u0131nda daha fazla bilgiyi <a class=\"ng-star-inserted\" href=\"https:\/\/bas-ip.com\/\" target=\"_blank\" rel=\"noopener\" data-hveid=\"0\" data-ved=\"0CAAQ_4QMahgKEwj914HPw7yQAxUAAAAAHQAAAAAQywE\">https:\/\/bas-ip.com\/<\/a> web sitesinde bulabilirsiniz.<\/p>\n<p>Faaliyetleri s\u0131ras\u0131nda, <b>\u015eirket<\/b> \u00e7e\u015fitli ilgili ki\u015fi kategorilerine ait ki\u015fisel verileri toplayabilir, eri\u015febilir veya ba\u015fka bir \u015fekilde i\u015fleyebilir: <b>m\u00fc\u015fteriler ve kullan\u0131c\u0131lar, \u00e7al\u0131\u015fanlar, y\u00fckleniciler ve di\u011fer ilgili ki\u015filer<\/b>. Bu t\u00fcr i\u015fleme s\u0131ras\u0131nda \u015eirket, ki\u015fisel verileri y\u00fcr\u00fcrl\u00fckteki yasalara ve en iyi uygulamalara uygun olarak i\u015flemek i\u00e7in gerekli t\u00fcm \u00f6nlemleri almaya ve ki\u015fisel veri korumas\u0131na ili\u015fkin ilgili politika, prosed\u00fcr ve di\u011fer belgelere uymaya kararl\u0131d\u0131r.<\/p>\n<h2><strong>Ki\u015fisel Veri \u0130\u015fleme S\u0131ras\u0131ndaki Roller<\/strong><\/h2>\n<p>BAS-IP, UK GDPR ve GDPR kapsam\u0131nda \u00e7e\u015fitli rollere sahip olabilir:<\/p>\n<ul>\n<li><b>Veri sorumlusu<\/b> olarak \u015eirket, \u00f6rne\u011fin m\u00fc\u015fterilerle ve web sitesi ziyaret\u00e7ileriyle ileti\u015fim kurarken, ki\u015fisel veri i\u015flemeyi i\u00e7eren pazarlama faaliyetleri vb. s\u0131ras\u0131nda ki\u015fisel verilerin i\u015flenme ama\u00e7lar\u0131n\u0131 ve ara\u00e7lar\u0131n\u0131 belirler.<\/li>\n<li><b>Veri i\u015fleyen<\/b> olarak \u015eirket, m\u00fc\u015fterimizden gelen talimatlara g\u00f6re, veri sorumlusu olarak hareket ederek veya ilgili veri sorumlusu ad\u0131na ki\u015fisel verileri i\u015fleyebilir.<\/li>\n<li>Veri i\u015fleyen olarak ki\u015fisel verileri i\u015flerken, <b>alt veri i\u015fleyen<\/b> olarak hareket edecek \u00fc\u00e7\u00fcnc\u00fc taraf hizmet sa\u011flay\u0131c\u0131lar\u0131 g\u00f6revlendirebiliriz.<\/li>\n<\/ul>\n<table width=\"681\">\n<tbody>\n<tr>\n<td width=\"681\"><em>\u015eirket, m\u00fc\u015fterilerine hizmet sa\u011flama s\u00fcrecinde ki\u015fisel verileri i\u015flerken <b>veri i\u015fleyen<\/b> olarak hareket eder ve UK GDPR ve GDPR&#8217;\u0131n ge\u00e7erli gerekliliklerine, ayr\u0131ca \u015eirket ile m\u00fc\u015fteri aras\u0131ndaki ilgili s\u00f6zle\u015fme y\u00fck\u00fcml\u00fcl\u00fcklerine uyar. <\/em><\/td>\n<\/tr>\n<\/tbody>\n<\/table>\n<h1><strong>BAS-IP VE VER\u0130 KORUMA<\/strong><\/h1>\n<p>BAS-IP, <b>en y\u00fcksek veri koruma standartlar\u0131na<\/b> ve y\u00fcr\u00fcrl\u00fckteki ki\u015fisel veri koruma mevzuat\u0131na uymay\u0131 taahh\u00fct eder.<\/p>\n<p>Ki\u015fisel veri i\u015flemeyi i\u00e7eren t\u00fcm faaliyetler, ki\u015fisel veri i\u015flemenin d\u00fczenlenmesine ili\u015fkin <b>i\u00e7 dok\u00fcmantasyona<\/b> uygun olarak y\u00fcr\u00fct\u00fcl\u00fcr.<\/p>\n<p>\u015eirket taraf\u0131ndan a\u015fa\u011f\u0131daki ki\u015fisel veri koruma \u00f6nlemleri uygulanmaktad\u0131r:<\/p>\n<h2><strong>Ki\u015fisel veri koruma belgelerinin d\u00fczenli olarak g\u00f6zden ge\u00e7irilmesi ve belgelerimizde ve faaliyetlerimizde gerekli de\u011fi\u015fikliklerin yap\u0131lmas\u0131<\/strong><\/h2>\n<p>\u0130\u00e7 ki\u015fisel veri koruma belgelerinin d\u00fczenli olarak g\u00f6zden ge\u00e7irilmesi ve g\u00fcncellenmesi, \u015eirketin UK GDPR, GDPR ve ki\u015fisel veri koruma alan\u0131ndaki di\u011fer d\u00fczenleyici mevzuat gerekliliklerine uyumu sa\u011flama stratejisinin ayr\u0131lmaz bir par\u00e7as\u0131d\u0131r.<\/p>\n<p>\u0130lgili i\u00e7 dok\u00fcmantasyon ve kabul edilen politika ve prosed\u00fcrler, \u00f6zellikle <b>ilgili ki\u015fi talepleri, ki\u015fisel veri ihlallerinin bildirimi, ki\u015fisel veri i\u015flemeye dahil olan \u00fc\u00e7\u00fcnc\u00fc taraflar\u0131n uyum de\u011ferlendirmeleri<\/b> vb. ile ilgili olanlar, \u00f6zellikle mevzuattaki de\u011fi\u015fiklikler veya yeni ki\u015fisel veri i\u015fleme faaliyetlerinin tan\u0131t\u0131lmas\u0131 durumunda gerekti\u011finde periyodik olarak g\u00fcncellenir veya de\u011fi\u015ftirilir.<\/p>\n<p>Ek olarak, ki\u015fisel veri i\u015fleme faaliyetleri kaydedilir, bu da <b>ki\u015fisel veri i\u015fleme kay\u0131tlar\u0131n\u0131n (RoPA) tutulmas\u0131n\u0131<\/b> i\u00e7erir ve gerekti\u011finde <b>veri koruma etki de\u011ferlendirmesi (DPIA)<\/b> ve <b>me\u015fru menfaat de\u011ferlendirmesi (LIA)<\/b> yap\u0131l\u0131r.<\/p>\n<p>Bu sayede, ki\u015fisel veri koruma belgelerini g\u00fcncel tutarak, \u015eirket y\u00fcksek d\u00fczeyde ki\u015fisel veri korumas\u0131 ve mevzuata s\u00fcrekli uyum sa\u011flar.<\/p>\n<h2><strong>\u0130lgili ki\u015filerin haklar\u0131n\u0131n korunmas\u0131na y\u00f6nelik gerekliliklere uyum<\/strong><\/h2>\n<p>\u015eirketin web sitesinde kamuya a\u00e7\u0131k olan <b>Gizlilik Politikas\u0131<\/b>, m\u00fc\u015fterilere ve di\u011fer ilgili ki\u015filere, ki\u015fisel verilerin hangi ama\u00e7larla i\u015flenebilece\u011fi, hangi spesifik ki\u015fisel verilerin nas\u0131l i\u015flenebilece\u011fi hakk\u0131nda bilgi ve bu haklar\u0131n nas\u0131l kullan\u0131laca\u011f\u0131 da dahil olmak \u00fczere y\u00fcr\u00fcrl\u00fckteki ki\u015fisel veri koruma yasalar\u0131 kapsam\u0131ndaki <b>haklar\u0131<\/b> hakk\u0131nda bilgi sa\u011flar.<\/p>\n<p>Ek olarak, \u015eirket, UK GDPR ve GDPR&#8217;a uygun olarak ilgili ki\u015fi taleplerine ve haklar\u0131na yan\u0131t verme prosed\u00fcr\u00fcn\u00fc i\u00e7eren bir <b>Talep ve \u015eikayet Prosed\u00fcr\u00fc<\/b> kabul etmi\u015ftir.<\/p>\n<p>\u015eirket, verileri UK GDPR, GDPR h\u00fck\u00fcmleri ve \u015eirket ile m\u00fc\u015fteri aras\u0131ndaki s\u00f6zle\u015fme y\u00fck\u00fcml\u00fcl\u00fckleri uyar\u0131nca \u015eirket taraf\u0131ndan veri i\u015fleyen olarak i\u015flenen ilgili ki\u015filerin taleplerine yan\u0131t verme ba\u011flam\u0131nda m\u00fc\u015fteriye gerekli t\u00fcm deste\u011fi sa\u011flamay\u0131 taahh\u00fct eder.<\/p>\n<h2><strong>Teknik ve organizasyonel g\u00fcvenlik i\u00e7in en iyi standartlara ve uygulamalara uyum<\/strong><\/h2>\n<p>\u015eirket, ki\u015fisel verilerin g\u00fcvenli\u011fini sa\u011flamak i\u00e7in <b>teknik ve organizasyonel \u00f6nlemler<\/b> uygulam\u0131\u015ft\u0131r. \u015eirketin i\u00e7 dok\u00fcmantasyonu, ki\u015fisel verileri i\u015flerken kullan\u0131lan teknik ve organizasyonel \u00f6nlemleri a\u00e7\u0131k\u00e7a tan\u0131mlar:<\/p>\n<ul>\n<li><b>bilgi g\u00fcvenli\u011fini<\/b> d\u00fczenleyen belgeler geli\u015ftirmi\u015f ve kabul etmi\u015f, ayr\u0131ca bilgi g\u00fcvenli\u011fi olaylar\u0131n\u0131 s\u00fcrekli olarak izler ve olaylara zaman\u0131nda yan\u0131t verilmesini sa\u011flar;<\/li>\n<li>ki\u015fisel verilere eri\u015fimi k\u0131s\u0131tlamak i\u00e7in, \u00f6zellikle ki\u015fiselle\u015ftirilmi\u015f hesaplar kullan\u0131larak ki\u015fisel verilere eri\u015fimin kontrol edilmesi, hesap \u015fifrelerinin uzunlu\u011fu ve karma\u015f\u0131kl\u0131\u011f\u0131na ili\u015fkin gerekliliklerin kontrol edilmesi ve a\u011f sald\u0131r\u0131lar\u0131 riskini azaltmak i\u00e7in a\u011f eri\u015fiminin korunmas\u0131 gibi <b>g\u00fcvenceler<\/b> uygulam\u0131\u015ft\u0131r; verilerin depoland\u0131\u011f\u0131 fiziksel veri merkezlerinin g\u00fcvenlik gerekliliklerine uygunlu\u011funun do\u011frulanmas\u0131; yetkilendirme s\u0131ras\u0131nda \u00e7ok fakt\u00f6rl\u00fc kimlik do\u011frulama ve kullan\u0131c\u0131 kimlik do\u011frulamas\u0131, ayr\u0131ca veri eri\u015fim izinlerinin yap\u0131land\u0131r\u0131lmas\u0131 ve uygulanmas\u0131, mevcut eri\u015fim haklar\u0131n\u0131n d\u00fczenli olarak g\u00f6zden ge\u00e7irilmesi vb.;<\/li>\n<li><i>bulut teknolojileri<\/i> kullan\u0131larak ki\u015fisel verilerin depolanmas\u0131 ve i\u015flenmesi s\u0131ras\u0131nda <b>\u015fifreleme teknolojilerini<\/b> kullan\u0131r ve yaln\u0131zca g\u00fcncel ve sa\u011flam kriptografik protokollerin, algoritmalar\u0131n, \u015fifre paketlerinin, \u015fifreleme anahtarlar\u0131n\u0131n ve anahtar y\u00f6netimi yakla\u015f\u0131mlar\u0131n\u0131n kullan\u0131lmas\u0131 i\u00e7in gereklilikler belirler;<\/li>\n<li>ki\u015fisel verilerin <b>yedeklerinin<\/b> depolanmas\u0131n\u0131n operasyonel gerekliliklere ve yasal y\u00fck\u00fcml\u00fcl\u00fcklere uygun olup olmad\u0131\u011f\u0131n\u0131 belirlemek i\u00e7in d\u00fczenli olarak g\u00f6zden ge\u00e7irir;<\/li>\n<li>rolleri ve sorumluluklar\u0131 ay\u0131rma politikas\u0131n\u0131n uygulanmas\u0131, ilgili politika ve prosed\u00fcrlerin d\u00fczenli olarak g\u00fcncellenmesi, g\u00f6rev performans\u0131n\u0131n izlenmesi ve ilgili devlet yetkilileriyle i\u015fbirli\u011fi yapma iste\u011finin g\u00f6sterilmesi dahil olmak \u00fczere di\u011fer <b>organizasyonel g\u00fcvenlik \u00f6nlemlerini<\/b> al\u0131r. \u015eirket taraf\u0131ndan uygulanan personel g\u00fcvenlik \u00f6nlemleri, baz\u0131 durumlarda \u00e7al\u0131\u015fanlar\u0131n ge\u00e7mi\u015f kontrollerini, \u00e7al\u0131\u015fanlar\u0131n bilgi g\u00fcvenli\u011fi konular\u0131nda fark\u0131ndal\u0131\u011f\u0131n\u0131n art\u0131r\u0131lmas\u0131n\u0131 ve bu fark\u0131ndal\u0131\u011f\u0131n izlenmesini, ayr\u0131ca e\u011fitim ve mesleki geli\u015fim programlar\u0131n\u0131n y\u00fcr\u00fct\u00fclmesini i\u00e7erir;<\/li>\n<li>mevzuattaki de\u011fi\u015fiklikleri s\u00fcrekli olarak izler ve ki\u015fisel veri koruma denetim otoritelerinin ve Bilgi Komiserli\u011fi Ofisi&#8217;nin (<i>Information Commissioner&#8217;s Office &#8211; ICO<\/i>) siber g\u00fcvenlik standartlar\u0131na, k\u0131lavuzlar\u0131na ve tavsiyelerine uygun olarak ki\u015fisel veri koruma alan\u0131ndaki <b>en iyi uygulamalar\u0131<\/b> uygular.<\/li>\n<\/ul>\n<p>\u015eirket, ki\u015fisel veri korumas\u0131n\u0131n g\u00fcvenli\u011fini sa\u011flamak i\u00e7in t\u00fcm politika ve prosed\u00fcrlere uyar, bunlar\u0131n uygunlu\u011funu d\u00fczenli olarak kontrol eder ve zaman\u0131nda g\u00f6zden ge\u00e7irilmesini sa\u011flar.<\/p>\n<p><strong>D\u00fczenli \u00fc\u00e7\u00fcnc\u00fc taraf do\u011frulamas\u0131<\/strong><\/p>\n<p>Ki\u015fisel veri i\u015flemeye dahil olan t\u00fcm <b>\u00fc\u00e7\u00fcnc\u00fc taraflar<\/b>, \u00fc\u00e7\u00fcnc\u00fc taraf uyumunu de\u011ferlendirmeye y\u00f6nelik dahili d\u00fczenlenmi\u015f bir <b>prosed\u00fcr<\/b> kullan\u0131larak do\u011frulan\u0131r. \u00d6zellikle, bu t\u00fcr kontroller, ki\u015fisel veri i\u015flemeyle ilgili ilgili belgelerin mevcudiyetini, ayr\u0131ca ki\u015fisel verileri yetkisiz eri\u015fime, kayba veya b\u00fct\u00fcnl\u00fck ihlallerine kar\u015f\u0131 korumak i\u00e7in uygulanan teknik ve organizasyonel g\u00fcvenlik \u00f6nlemlerinin mevcudiyetini ve etkinli\u011fini de\u011ferlendirir.<\/p>\n<h2><strong>Ki\u015fisel verilerin g\u00fcvenli aktar\u0131mlar\u0131<\/strong><\/h2>\n<p>Hizmet sa\u011flarken, \u015eirket ki\u015fisel verileri <b>Birle\u015fik Krall\u0131k d\u0131\u015f\u0131na<\/b>, \u00f6rne\u011fin Amerika Birle\u015fik Devletleri ve Ukrayna&#8217;ya aktarabilir.<\/p>\n<p>Ki\u015fisel verilerin aktar\u0131m\u0131 i\u00e7in g\u00fcvenli\u011fi ve yasal gerekliliklere uyumu sa\u011flamak amac\u0131yla, \u00f6nceden bir <b>de\u011ferlendirme<\/b> yap\u0131l\u0131r. Ek olarak, ki\u015fisel verilerin aktar\u0131ld\u0131\u011f\u0131 Amerika Birle\u015fik Devletleri, Ukrayna ve gerekti\u011finde di\u011fer \u00fclkelerin yasal gerekliliklerinin ve uygulamalar\u0131n\u0131n, <b>BK ve AB ki\u015fisel veri koruma standartlar\u0131 ve uygulamalar\u0131na<\/b> uygunlu\u011funu sa\u011flamak i\u00e7in d\u00fczenli olarak i\u00e7 izleme yap\u0131l\u0131r. Ayr\u0131ca, veri ithalat\u00e7\u0131lar\u0131 taraf\u0131ndan al\u0131nan g\u00fcvenlik \u00f6nlemleri, \u00f6zellikle ki\u015fisel verilerin korunmas\u0131n\u0131 d\u00fczenleyen ilgili belgelerin imzalanmas\u0131 yoluyla titizlikle kontrol edilir.<\/p>\n<p>\u015eirket, UK GDPR ve\/veya GDPR&#8217;a tabi ki\u015fisel verileri aktar\u0131rken, y\u00fcklenicileriyle bir <b>Veri \u0130\u015fleme Anla\u015fmas\u0131 (DPA)<\/b> imzalar. Bu t\u00fcr anla\u015fmalar, <b>AB Standart S\u00f6zle\u015fme Maddeleri (SCC&#8217;ler)<\/b> ile birlikte <b>BK Eki (<i>UK Addendum<\/i>)<\/b> veya <b>Uluslararas\u0131 Veri Transferi Anla\u015fmas\u0131 (<i>IDTA<\/i>)<\/b> dahil olmak \u00fczere uygun aktar\u0131m mekanizmalar\u0131n\u0131 i\u00e7erir.<\/p>\n<h2><strong>D\u00fczenli e\u011fitimler<\/strong><\/h2>\n<p>\u015eirket, \u00e7al\u0131\u015fanlar\u0131 ve y\u00fcklenicileri i\u00e7in UK GDPR ve GDPR gerekliliklerine uyumun yan\u0131 s\u0131ra ki\u015fisel veri korumas\u0131 hakk\u0131nda d\u00fczenli olarak <b>e\u011fitimler<\/b> d\u00fczenler. E\u011fitimde ele al\u0131nan konular aras\u0131nda, di\u011ferlerinin yan\u0131 s\u0131ra, UK GDPR, GDPR ve di\u011fer ge\u00e7erli ki\u015fisel veri koruma yasalar\u0131n\u0131n genel gereklilikleri, i\u015flemedeki roller, ki\u015fisel veri i\u015fleme ilkeleri, i\u015fleme dayanaklar\u0131, ilgili ki\u015filerin haklar\u0131n\u0131n sa\u011flanmas\u0131 ve ki\u015fisel veri koruma konular\u0131 yer al\u0131r.<\/p>\n<p>Ayr\u0131ca, \u015eirket, \u00e7al\u0131\u015fanlar\u0131n veri koruma alan\u0131nda e\u011fitimini ve fark\u0131ndal\u0131\u011f\u0131n\u0131 sa\u011flamak i\u00e7in gerekli belgeleri kabul etmi\u015f ve uygun \u00f6nlemleri uygulam\u0131\u015ft\u0131r.<\/p>\n<h1><strong>\u0130LET\u0130\u015e\u0130M B\u0130LG\u0130LER\u0130M\u0130Z<\/strong><\/h1>\n<p>BAS-IP&#8217;deki ki\u015fisel veri korumas\u0131na ili\u015fkin ba\u015fka sorular\u0131n\u0131z varsa, l\u00fctfen bizimle e-posta yoluyla ileti\u015fime ge\u00e7in: <a href=\"mailto:privacy@bas-ip.com\">privacy@bas-ip.com<\/a>.<\/p>\n<p>Sayg\u0131lar\u0131m\u0131zla,<\/p>\n<p><strong>BAS-IP DISTRIBUTION LTD<\/strong><\/p>","protected":false},"excerpt":{"rendered":"<p>Her m\u00fc\u015fterinin, ki\u015fisel verilerinin g\u00fcvenli ve emniyetli bir \u015fekilde i\u015flendi\u011fine g\u00fcvenebilmesi i\u00e7in g\u00fc\u00e7l\u00fc ve yenilik\u00e7i veri koruma uygulamalar\u0131na ba\u011fl\u0131y\u0131z. BAS-IP DISTRIBUTION LTD (\u015eirket veya BAS-IP), y\u00fcr\u00fcrl\u00fckteki veri koruma mevzuat\u0131na, buna dahil olan Birle\u015fik Krall\u0131k Genel Veri Koruma T\u00fcz\u00fc\u011f\u00fc (UK GDPR) ve AB Genel Veri Koruma T\u00fcz\u00fc\u011f\u00fc (GDPR) ile uyumumuz hakk\u0131nda m\u00fc\u015fterilerimiz i\u00e7in bu memorandum&#8217;u haz\u0131rlam\u0131\u015ft\u0131r. [&hellip;]<\/p>","protected":false},"author":1,"featured_media":0,"parent":0,"menu_order":0,"comment_status":"closed","ping_status":"closed","template":"","meta":{"inline_featured_image":false,"footnotes":""},"class_list":["post-146613","page","type-page","status-publish","hentry"],"acf":[],"_links":{"self":[{"href":"https:\/\/bas-ip.com\/tr\/wp-json\/wp\/v2\/pages\/146613","targetHints":{"allow":["GET"]}}],"collection":[{"href":"https:\/\/bas-ip.com\/tr\/wp-json\/wp\/v2\/pages"}],"about":[{"href":"https:\/\/bas-ip.com\/tr\/wp-json\/wp\/v2\/types\/page"}],"author":[{"embeddable":true,"href":"https:\/\/bas-ip.com\/tr\/wp-json\/wp\/v2\/users\/1"}],"replies":[{"embeddable":true,"href":"https:\/\/bas-ip.com\/tr\/wp-json\/wp\/v2\/comments?post=146613"}],"version-history":[{"count":4,"href":"https:\/\/bas-ip.com\/tr\/wp-json\/wp\/v2\/pages\/146613\/revisions"}],"predecessor-version":[{"id":146760,"href":"https:\/\/bas-ip.com\/tr\/wp-json\/wp\/v2\/pages\/146613\/revisions\/146760"}],"wp:attachment":[{"href":"https:\/\/bas-ip.com\/tr\/wp-json\/wp\/v2\/media?parent=146613"}],"curies":[{"name":"wp","href":"https:\/\/api.w.org\/{rel}","templated":true}]}}