{"id":145743,"date":"2025-09-22T13:03:10","date_gmt":"2025-09-22T13:03:10","guid":{"rendered":"https:\/\/bas-ip.com\/career\/"},"modified":"2025-10-06T13:21:12","modified_gmt":"2025-10-06T13:21:12","slug":"career","status":"publish","type":"page","link":"https:\/\/bas-ip.com\/tr\/career\/","title":{"rendered":"Kariyer"},"content":{"rendered":"<!-- START Block Career Hero -->   <div class=\"careers-hero\" style=\"background-image:url(https:\/\/bas-ip.com\/wp-content\/uploads\/2025\/09\/career_top_bg_2-scaled.jpg)\">\r\n    <div class=\"careers-hero__overlay\"><\/div>\r\n    <div class=\"careers-container careers-hero__content\">\r\n      <h1 class=\"careers-hero__title\"><span>Yetenekli<\/span> insanlar\u0131 <span>ar\u0131yoruz<\/span><\/h1>\r\n              <p class=\"careers-hero__subtitle\">G\u00fcvenlik alan\u0131nda \u2014 IP diafonlardan eri\u015fim kontrol\u00fc ve video g\u00f6zetim sistemlerine kadar \u2014 son teknoloji \u00e7\u00f6z\u00fcmler geli\u015ftiriyoruz.<br>\r\nAncak in\u015fa etti\u011fimiz en \u00f6nemli \u015fey bir ekiptir.<\/p>\r\n                    <a class=\"careers-btn careers-btn--primary\" href=\"https:\/\/bas-ip.com\/vacancies\/\">\r\n          bizimle \u00e7al\u0131\u015f\u0131n        <\/a>\r\n          <\/div>\r\n  <\/div>\r\n     <section class=\"careers-benefits\">\r\n    <div class=\"careers-container\">\r\n              <h2 class=\"careers-section-title\">Neden Bize Kat\u0131lmal\u0131s\u0131n\u0131z?<\/h2>\r\n                    <div class=\"careers-benefits__grid\">\r\n                      <div class=\"careers-benefit\">\r\n                              <div class=\"careers-benefit__icon\"><img decoding=\"async\" src=\"https:\/\/bas-ip.com\/wp-content\/uploads\/2025\/09\/hugeicons_global.svg\" alt=\"icon\"><\/div>\r\n                                            <h3>Uzaktan \u00f6ncelikli<\/h3>\r\n                                            <p>D\u00fcnyan\u0131n her yerinden \u00e7al\u0131\u015f\u0131n<\/p>\r\n                          <\/div>\r\n                      <div class=\"careers-benefit\">\r\n                              <div class=\"careers-benefit__icon\"><img decoding=\"async\" src=\"https:\/\/bas-ip.com\/wp-content\/uploads\/2025\/09\/iconoir_brain.svg\" alt=\"icon\"><\/div>\r\n                                            <h3>Yenilik\u00e7i \u00fcr\u00fcnler<\/h3>\r\n                                            <p>G\u00fcvenlik pazar\u0131nda son teknoloji<\/p>\r\n                          <\/div>\r\n                      <div class=\"careers-benefit\">\r\n                              <div class=\"careers-benefit__icon\"><img decoding=\"async\" src=\"https:\/\/bas-ip.com\/wp-content\/uploads\/2025\/09\/fluent_people-team-16-regular.svg\" alt=\"icon\"><\/div>\r\n                                            <h3>K\u00fcresel ekip<\/h3>\r\n                                            <p>S\u0131n\u0131rlar ve zaman dilimleri aras\u0131nda i\u015f birli\u011fi yap\u0131n<\/p>\r\n                          <\/div>\r\n                      <div class=\"careers-benefit\">\r\n                              <div class=\"careers-benefit__icon\"><img decoding=\"async\" src=\"https:\/\/bas-ip.com\/wp-content\/uploads\/2025\/09\/tabler_rocket.svg\" alt=\"icon\"><\/div>\r\n                                            <h3>B\u00fcy\u00fcme odakl\u0131<\/h3>\r\n                                            <p>\u00d6\u011frenmenizi ve kariyer geli\u015fiminizi destekliyoruz<\/p>\r\n                          <\/div>\r\n                      <div class=\"careers-benefit\">\r\n                              <div class=\"careers-benefit__icon\"><img decoding=\"async\" src=\"https:\/\/bas-ip.com\/wp-content\/uploads\/2025\/09\/octicon_goal-24.svg\" alt=\"icon\"><\/div>\r\n                                            <h3>B\u00fcrokrasiye ili\u015fkin sonu\u00e7lar<\/h3>\r\n                                            <p>Eyleme ve sahiplenmeye de\u011fer veriyoruz<\/p>\r\n                          <\/div>\r\n                      <div class=\"careers-benefit\">\r\n                              <div class=\"careers-benefit__icon\"><img decoding=\"async\" src=\"https:\/\/bas-ip.com\/wp-content\/uploads\/2025\/09\/hugeicons_idea.svg\" alt=\"icon\"><\/div>\r\n                                            <h3>Sesiniz \u00f6nemli<\/h3>\r\n                                            <p>Giri\u015fim memnuniyetle kar\u015f\u0131lan\u0131r ve \u00f6d\u00fcllendirilir<\/p>\r\n                          <\/div>\r\n                  <\/div>\r\n          <\/div>\r\n  <\/section>\r\n    <section class=\"careers-vision\">\r\n    <div class=\"careers-container careers-vision__grid\">\r\n      <div class=\"careers-vision__media\">\r\n                  <img decoding=\"async\" src=\"https:\/\/bas-ip.com\/wp-content\/uploads\/2025\/09\/vision.jpg\" alt=\"\" class=\"careers-vision__img careers-vision__img--single\">\r\n              <\/div>\r\n      <div class=\"careers-vision__text\">\r\n                  <h2 class=\"careers-section-title careers-section-title--left\">vizyonumuz<\/h2>\r\n                          <p data-start=\"370\" data-end=\"591\">BAS-IP\u2019de b\u00fcy\u00fcme f\u0131rsatlar\u0131, ilham verici projeler ve ak\u0131ll\u0131 g\u00fcvenli\u011fin gelece\u011fini \u015fekillendiren k\u00fcresel bir ekip bulacaks\u0131n\u0131z.<br data-start=\"497\" data-end=\"500\" \/>D\u00fcnyan\u0131n d\u00f6rt bir yan\u0131ndan \u00e7al\u0131\u015fan 60\u2019tan fazla ki\u015fiyiz \u2014 yetenek i\u00e7in s\u0131n\u0131r tan\u0131m\u0131yoruz.<\/p>\n<p data-start=\"593\" data-end=\"756\">Ekibimiz Ar-Ge, Sat\u0131\u015f, Destek, Pazarlama, Sat\u0131n Alma &amp; Lojistik, Finans ve \u0130K alanlar\u0131nda profesyonelleri bir araya getiriyor.<br data-start=\"719\" data-end=\"722\" \/>Farkl\u0131y\u0131z \u2014 ve bu bizim g\u00fcc\u00fcm\u00fcz.<\/p>\n<p data-start=\"758\" data-end=\"923\" data-is-last-node=\"\" data-is-only-node=\"\">Yeni gelenleri destekleriz, birbirimizi motive ederiz, h\u0131zl\u0131 kararlar al\u0131r\u0131z ve inisiyatifi de\u011ferlendiririz.<br data-start=\"866\" data-end=\"869\" \/>Burada sadece \u00e7al\u0131\u015fmayacaks\u0131n\u0131z \u2014 fark yaratacaks\u0131n\u0131z.<\/p>\n                          <a class=\"careers-btn careers-btn--primary\" href=\"https:\/\/bas-ip.com\/vacancies\/\">\r\n            bizimle \u00e7al\u0131\u015f\u0131n          <\/a>\r\n              <\/div>\r\n    <\/div>\r\n  <\/section>\r\n  <section class=\"careers-values\">\r\n    <div class=\"careers-container\">\r\n              <h2 class=\"careers-section-title\">De\u011ferlerimiz<\/h2>\r\n        <p>BAS-IP&#039;de k\u00fclt\u00fcr\u00fcm\u00fcz sadece hedefler \u00fczerine kurulu de\u011fildir; her g\u00fcn nas\u0131l \u00e7al\u0131\u015ft\u0131\u011f\u0131m\u0131z\u0131 y\u00f6nlendiren ortak de\u011ferler taraf\u0131ndan \u015fekillendirilir:<\/p>\r\n                    <div class=\"careers-values__grid\">\r\n                      <article class=\"careers-card\">\r\n                              <img decoding=\"async\" src=\"https:\/\/bas-ip.com\/wp-content\/uploads\/2025\/09\/honesty3.jpg\" alt=\"\">\r\n                            <div class=\"careers-card__body\">\r\n                                  <h3>D\u00fcr\u00fcstl\u00fck<\/h3>\r\n                                                  <p>Yapt\u0131\u011f\u0131m\u0131z her \u015feyde a\u00e7\u0131kl\u0131k ve \u015feffafl\u0131k<\/p>\r\n                              <\/div>\r\n            <\/article>\r\n                      <article class=\"careers-card\">\r\n                              <img decoding=\"async\" src=\"https:\/\/bas-ip.com\/wp-content\/uploads\/2025\/09\/optimism.jpg\" alt=\"\">\r\n                            <div class=\"careers-card__body\">\r\n                                  <h3>\u0130yimserlik<\/h3>\r\n                                                  <p>Kendimize ve ekibimizin ba\u015far\u0131s\u0131na olan inanc\u0131m\u0131z<\/p>\r\n                              <\/div>\r\n            <\/article>\r\n                      <article class=\"careers-card\">\r\n                              <img decoding=\"async\" src=\"https:\/\/bas-ip.com\/wp-content\/uploads\/2025\/09\/support2.jpg\" alt=\"\">\r\n                            <div class=\"careers-card__body\">\r\n                                  <h3>Destek<\/h3>\r\n                                                  <p>Birbirimize nezaket ve \u00f6zenle yard\u0131m etmek<\/p>\r\n                              <\/div>\r\n            <\/article>\r\n                      <article class=\"careers-card\">\r\n                              <img decoding=\"async\" src=\"https:\/\/bas-ip.com\/wp-content\/uploads\/2025\/09\/selfdev-1.jpg\" alt=\"\">\r\n                            <div class=\"careers-card__body\">\r\n                                  <h3>Ki\u015fisel geli\u015fim<\/h3>\r\n                                                  <p>Her zaman \u00f6\u011frenmeye ve b\u00fcy\u00fcmeye \u00e7abal\u0131yoruz<\/p>\r\n                              <\/div>\r\n            <\/article>\r\n                  <\/div>\r\n          <\/div>\r\n  <\/section>\r\n    <section class=\"careers-banner\">\r\n    <div class=\"careers-banner__bg\" style=\"background-image:url(https:\/\/bas-ip.com\/wp-content\/uploads\/2025\/09\/careerbannerbg1-scaled.jpg)\"><\/div>\r\n    <div class=\"careers-container careers-banner__content\">\r\n              <p class=\"careers-banner__title\">B\u0130Z SADECE TEKNOLOJ\u0130 \u0130N\u015eA ETM\u0130YORUZ \u2014 <span>B\u0130R<br>\r\nEK\u0130P<\/span> KURUYORUZ VE BU EK\u0130P HER ADIMDA BU DE\u011eERLER\u0130 YANSITIYOR.<\/p>\r\n          <\/div>\r\n  <\/section>\r\n\r\n  \r\n    <section id=\"open\" class=\"careers-open\">\r\n    <div class=\"careers-container careers-open__inner\">\r\n              <h2 class=\"careers-section-title\">A\u00e7\u0131k Pozisyonlar<\/h2>\r\n                    <p>Mevcut a\u00e7\u0131k pozisyonlar\u0131m\u0131z\u0131 inceleyin ve do\u011frudan ba\u015fvurun. Yolculu\u011fumuza kat\u0131lacak tutkulu profesyonelleri her zaman ar\u0131yoruz.<\/p>\r\n                    <a class=\"careers-btn careers-btn--primary\" href=\"https:\/\/bas-ip.com\/vacancies\/\">\r\n          bizimle \u00e7al\u0131\u015f\u0131n        <\/a>\r\n          <\/div>\r\n  <\/section><!-- END Block Career Hero -->","protected":false},"excerpt":{"rendered":"","protected":false},"author":2,"featured_media":0,"parent":0,"menu_order":0,"comment_status":"closed","ping_status":"closed","template":"","meta":{"inline_featured_image":false,"footnotes":""},"class_list":["post-145743","page","type-page","status-publish","hentry"],"acf":[],"_links":{"self":[{"href":"https:\/\/bas-ip.com\/tr\/wp-json\/wp\/v2\/pages\/145743","targetHints":{"allow":["GET"]}}],"collection":[{"href":"https:\/\/bas-ip.com\/tr\/wp-json\/wp\/v2\/pages"}],"about":[{"href":"https:\/\/bas-ip.com\/tr\/wp-json\/wp\/v2\/types\/page"}],"author":[{"embeddable":true,"href":"https:\/\/bas-ip.com\/tr\/wp-json\/wp\/v2\/users\/2"}],"replies":[{"embeddable":true,"href":"https:\/\/bas-ip.com\/tr\/wp-json\/wp\/v2\/comments?post=145743"}],"version-history":[{"count":3,"href":"https:\/\/bas-ip.com\/tr\/wp-json\/wp\/v2\/pages\/145743\/revisions"}],"predecessor-version":[{"id":145953,"href":"https:\/\/bas-ip.com\/tr\/wp-json\/wp\/v2\/pages\/145743\/revisions\/145953"}],"wp:attachment":[{"href":"https:\/\/bas-ip.com\/tr\/wp-json\/wp\/v2\/media?parent=145743"}],"curies":[{"name":"wp","href":"https:\/\/api.w.org\/{rel}","templated":true}]}}