{"id":140977,"date":"2025-06-03T12:48:57","date_gmt":"2025-06-03T12:48:57","guid":{"rendered":"https:\/\/bas-ip.com\/condo-control\/"},"modified":"2025-08-06T10:57:00","modified_gmt":"2025-08-06T10:57:00","slug":"condo-control","status":"publish","type":"page","link":"https:\/\/bas-ip.com\/tr\/condo-control\/","title":{"rendered":"Condo Control"},"content":{"rendered":"<h2>BAS-IP ve Condo Control, Konut Sakinlerinin Ya\u015fam Deneyimini Geli\u015ftirmek \u0130\u00e7in Entegrasyon Duyurdu<\/h2>\n\n<div class=\"wp-block-image\">\n<figure class=\"aligncenter size-large\"><img loading=\"lazy\" decoding=\"async\" width=\"1024\" height=\"235\" src=\"https:\/\/bas-ip.com\/wp-content\/uploads\/2025\/06\/Condo-Control-1024x235.png\" alt=\"\" class=\"wp-image-138764\" srcset=\"https:\/\/bas-ip.com\/wp-content\/uploads\/2025\/06\/Condo-Control-1024x235.png 1024w,  https:\/\/bas-ip.com\/wp-content\/uploads\/2025\/06\/Condo-Control-300x69.png 300w,  https:\/\/bas-ip.com\/wp-content\/uploads\/2025\/06\/Condo-Control-768x177.png 768w,  https:\/\/bas-ip.com\/wp-content\/uploads\/2025\/06\/Condo-Control-767x176.png 767w,  https:\/\/bas-ip.com\/wp-content\/uploads\/2025\/06\/Condo-Control.png 1266w\" sizes=\"auto, (max-width: 1024px) 100vw, 1024px\" \/><\/figure>\n<\/div>\n\n<p>IP interkom sistemlerinin lider geli\u015ftiricisi BAS-IP ve 2 milyondan fazla sakinin operasyonlar\u0131n\u0131 dijitalle\u015ftiren hepsi bir arada platform Condo Control, bug\u00fcn stratejik bir entegrasyonu duyurdu. Bu i\u015fbirli\u011fi, sakin verileri i\u00e7in tek bir do\u011fru kaynak olu\u015fturarak m\u00fckerrer giri\u015fi ortadan kald\u0131r\u0131yor ve iki sistem aras\u0131nda sakin verilerinin sorunsuz bir \u015fekilde senkronizasyonunu sa\u011fl\u0131yor. Bu sayede, Kanada&#8217;daki sakinler ve m\u00fclk y\u00f6neticileri i\u00e7in yeni bir kolayl\u0131k ve veri do\u011frulu\u011fu seviyesi sunuluyor.<\/p>\n<p>Bu entegrasyonun temel \u00f6zelli\u011fi, Condo Control platformundaki sakin listesinin BAS-IP interkomlar\u0131yla senkronizasyonudur. Ziyaret\u00e7iler, daire numaralar\u0131n\u0131 tu\u015flamak yerine, alfabetik s\u0131rayla d\u00fczenlenmi\u015f ak\u0131ll\u0131 bir dizini kayd\u0131r\u0131yor, bir isme dokunuyor ve arama paneli \u015fimdi sakinlerin adlar\u0131n\u0131 i\u00e7eren bir telefon rehberi g\u00f6r\u00fcnt\u00fcl\u00fcyor, bu da daha sezgisel ve kullan\u0131c\u0131 merkezli bir yakla\u015f\u0131m sa\u011fl\u0131yor.<\/p>\n<p>Condo Control sistemi, m\u00fclk y\u00f6neticilerinin sakin kay\u0131tlar\u0131n\u0131 kolayca eklemesi, silmesi ve g\u00fcncellemesi i\u00e7in birincil aray\u00fcz olarak hizmet veriyor. Bu de\u011fi\u015fiklikler, middleware olarak i\u015flev g\u00f6ren BAS-IP Link y\u00f6netim platformu arac\u0131l\u0131\u011f\u0131yla interkom sisteminin ak\u0131ll\u0131 dizinine otomatik olarak aktar\u0131l\u0131yor. BAS-IP Link ayn\u0131 zamanda arama s\u00fcrecini de y\u00f6neterek g\u00fcvenilir ileti\u015fimi sa\u011fl\u0131yor.<\/p>\n<p>Bu geli\u015ftirme, sabit bir daire i\u00e7i cihaz yerine ki\u015fisel mobil numaralar\u0131ndan \u00e7a\u011fr\u0131 almay\u0131 al\u0131\u015fkanl\u0131k haline getiren Kanadal\u0131 sakinlerin tercihleri \u200b\u200bg\u00f6z \u00f6n\u00fcnde bulundurularak uyguland\u0131.<\/p>\n<p>Condo Control&#8217;dan Brian Bosscher, &#8220;Misyonumuz, topluluk operasyonlar\u0131n\u0131 dijitalle\u015ftirmek ve kolayla\u015ft\u0131rmakt\u0131r,&#8221; dedi. &#8220;BAS-IP ile ortakl\u0131k yapmak, y\u00f6neticilerin verileri bir kez g\u00fcncellemesine olanak tan\u0131yor ve sakinlere bekledikleri sorunsuz, mobil eri\u015fimi sa\u011fl\u0131yor.&#8221;<\/p>\n<p><strong><u>Ana faydalar:<\/u><\/strong><\/p>\n<ul>\n<li><b>S\u0131f\u0131r m\u00fckerrer giri\u015f<\/b> \u2013 sakin kay\u0131tlar\u0131 otomatik olarak ak\u0131yor.<\/li>\n<li><b>\u00c7a\u011fr\u0131lar ilk seferde do\u011fru ki\u015fiye ula\u015f\u0131yor<\/b> \u2013 lobiye geri arama daha az oluyor.<\/li>\n<li><b>\u00d6nce mobil deneyim<\/b> \u2013 sakinler herhangi bir cep telefonundan yan\u0131t verebiliyor.<\/li>\n<li><b>Her zaman g\u00fcncel:<\/b> telefon numaralar\u0131 ve ta\u015f\u0131nmalar an\u0131nda senkronize oluyor.<\/li>\n<\/ul>\n<p><strong><u>Arama s\u00fcreci, maksimum esneklik i\u00e7in geli\u015ftirildi:<\/u><\/strong><\/p>\n<ul>\n<li><b>Sakin&#8217;e Do\u011frudan Arama:<\/b> Ziyaret\u00e7iler, ak\u0131ll\u0131 dizinden ad\u0131n\u0131 se\u00e7erek veya belirli bir kodu tu\u015flayarak belirli bir sakini ki\u015fisel telefon numaras\u0131ndan veya BAS-IP Link mobil uygulamas\u0131ndan arayabilir.<\/li>\n<li><b>Daire Arama:<\/b> Bir dairedeki t\u00fcm sakinleri ayn\u0131 anda arama se\u00e7ene\u011fi hala mevcut<\/li>\n<li><b>Hibrit Model:<\/b> Her iki se\u00e7enek de tek bir arama cihaz\u0131nda e\u015f zamanl\u0131 olarak desteklenebilir.<\/li>\n<\/ul>\n<p><strong><u>Entegrasyon Nas\u0131l \u00c7al\u0131\u015f\u0131r:<\/u><\/strong><\/p>\n<ul>\n<li><b>Kay\u0131t:<\/b> Y\u00f6netici, Condo Control sistemine bir sakin kaydeder ve ileti\u015fim bilgilerini ekler.<\/li>\n<li><b>Senkronizasyon:<\/b> BAS-IP Link sunucusu, sakinin verilerini otomatik olarak arama panelinin Ak\u0131ll\u0131 dizinine g\u00f6nderir.<\/li>\n<li><b>Arama:<\/b> Bir kurye veya misafir, sakini ad\u0131na g\u00f6re se\u00e7er veya kodunu tu\u015flar.<\/li>\n<li><b>Yan\u0131t:<\/b> Sakin, arama paneli \u00fczerinden ki\u015fisel mobil telefon numaras\u0131ndan (ba\u011fl\u0131 bir Twilio SIP trunk arac\u0131l\u0131\u011f\u0131yla) veya BAS-IP Link uygulamas\u0131ndan \u00e7a\u011fr\u0131ya yan\u0131t verir.<\/li>\n<li><b>Eri\u015fim:<\/b> Sakin, kap\u0131y\u0131 uzaktan a\u00e7abilir.<\/li>\n<\/ul>\n<p>Entegrasyon ayr\u0131ca otomatik veri g\u00fcncellemeleri de sa\u011fl\u0131yor. Bir sakinin telefon numaras\u0131ndaki herhangi bir de\u011fi\u015fiklik, bir kullan\u0131c\u0131n\u0131n silinmesi veya Condo Control sistemindeki bir mobil uygulama oturumu, BAS-IP Link y\u00f6nlendirme \u015femas\u0131na an\u0131nda yans\u0131t\u0131larak ileti\u015fim bilgilerinin her zaman g\u00fcncel olmas\u0131 garanti edilir.<\/p>\n<p>Bu entegrasyon, daha ak\u0131ll\u0131 ve daha kullan\u0131\u015fl\u0131 ya\u015fam alanlar\u0131 olu\u015fturmada \u00f6nemli bir ad\u0131m\u0131 temsil ediyor. BAS-IP&#8217;nin son teknoloji IP interkom teknolojisini Condo Control&#8217;\u00fcn g\u00fc\u00e7l\u00fc m\u00fclk y\u00f6netimi yetenekleriyle birle\u015ftirerek, \u015firketler sakinlerin modern ihtiya\u00e7lar\u0131n\u0131 kar\u015f\u0131layan ve y\u00f6neticilerin i\u015f ak\u0131\u015f\u0131n\u0131 basitle\u015ftiren bir \u00e7\u00f6z\u00fcm sunuyor.<\/p>\n\n<!-- START Block Sign Up --><section id=\"block_629678229e935\" class=\"sign-up-section\">\r\n\r\n    <div class=\"form-holder js-form\" data-aos=\"fade-right\">\r\n                    <div class=\"title-block h3\">Sign up for connection<\/div>\r\n        \r\n                    <div class=\"text-block\">\r\n                Filling out all the information needed to answer you as quickly as possible            <\/div>\r\n        \r\n                    \n<div class=\"wpcf7 no-js\" id=\"wpcf7-f109999-o1\" lang=\"tr-TR\" dir=\"ltr\">\n<div class=\"screen-reader-response\"><p role=\"status\" aria-live=\"polite\" aria-atomic=\"true\"><\/p> <ul><\/ul><\/div>\n<form action=\"\/tr\/wp-json\/wp\/v2\/pages\/140977#wpcf7-f109999-o1\" method=\"post\" class=\"wpcf7-form init\" aria-label=\"Contact form\" enctype=\"multipart\/form-data\" novalidate=\"novalidate\" data-status=\"init\">\n<div style=\"display: none;\">\n<input type=\"hidden\" name=\"_wpcf7\" value=\"109999\" \/>\n<input type=\"hidden\" name=\"_wpcf7_version\" value=\"5.8.3\" \/>\n<input type=\"hidden\" name=\"_wpcf7_locale\" value=\"tr_TR\" \/>\n<input type=\"hidden\" name=\"_wpcf7_unit_tag\" value=\"wpcf7-f109999-o1\" \/>\n<input type=\"hidden\" name=\"_wpcf7_container_post\" value=\"0\" \/>\n<input type=\"hidden\" name=\"_wpcf7_posted_data_hash\" value=\"\" \/>\n<input type=\"hidden\" name=\"_wpcf7_recaptcha_response\" value=\"\" \/>\n<\/div>\n<div class=\"row\"> \n <label><span class=\"label-text\">\u0406\u043c\u2019\u044f<\/span> \n  <span class=\"wpcf7-form-control-wrap\" data-name=\"text-full-name\"><input size=\"40\" class=\"wpcf7-form-control wpcf7-text wpcf7-validates-as-required\" aria-required=\"true\" aria-invalid=\"false\" placeholder=\"\u0406\u043c\u2019\u044f\" value=\"\" type=\"text\" name=\"text-full-name\" \/><\/span><\/label> \n<\/div> \n<div class=\"row\"> \n <label><span class=\"label-text\">\u0422\u0435\u043b\u0435\u0444\u043e\u043d*<\/span> \n<span class=\"wpcf7-form-control-wrap\" data-name=\"phonetext-270\"><input size=\"40\" class=\"wpcf7-form-control wpcf7-phonetext wpcf7-validates-as-required wpcf7-text wpcf7-validates-as-phonetext\" aria-required=\"true\" aria-invalid=\"false\" placeholder=\"\u0422\u0435\u043b\u0435\u0444\u043e\u043d*\" value=\"\" type=\"text\" name=\"phonetext-270\" \/><input type=\"hidden\" name=\"phonetext-270-country-code\" class=\"wpcf7-phonetext-country-code\" \/><\/span><\/label> \n<\/div> \n<div class=\"row\"> \n <label><span class=\"label-text\">\u0415\u043b\u0435\u043a\u0442\u0440\u043e\u043d\u043d\u0430 \u043f\u043e\u0448\u0442\u0430<\/span> \n  <span class=\"wpcf7-form-control-wrap\" data-name=\"email-e-mail\"><input size=\"40\" class=\"wpcf7-form-control wpcf7-email wpcf7-validates-as-required wpcf7-text wpcf7-validates-as-email\" aria-required=\"true\" aria-invalid=\"false\" placeholder=\"\u0415\u043b\u0435\u043a\u0442\u0440\u043e\u043d\u043d\u0430 \u043f\u043e\u0448\u0442\u0430\" value=\"\" type=\"email\" name=\"email-e-mail\" \/><\/span><\/label> \n<\/div> \n<div class=\"row\"><span>\u0412\u0430\u0448\u0430 \u043a\u0440\u0430\u0457\u043d\u0430<\/span> \n <label><span class=\"wpcf7-form-control-wrap\" data-name=\"countrytext-126\"><input size=\"40\" class=\"wpcf7-form-control wpcf7-countrytext wpcf7-text wpcf7-validates-as-countrytext\" aria-invalid=\"false\" value=\"\" type=\"text\" name=\"countrytext-126\" \/><\/span> <\/label>\n<\/div> \n<div class=\"row\"> \n <button type=\"submit\" class=\"btn\">\u041d\u0430\u0434\u0456\u0441\u043b\u0430\u0442\u0438<\/button> \n<\/div> \n<div class=\"row\"> \n <span class=\"wpcf7-form-control-wrap\" data-name=\"checkbox-931\"><span class=\"wpcf7-form-control wpcf7-checkbox\"><span class=\"wpcf7-list-item first\"><label><input type=\"checkbox\" name=\"checkbox-931[]\" value=\"\u0406\u043d\u0442\u0435\u0433\u0440\u0430\u0442\u043e\u0440\" \/><span class=\"wpcf7-list-item-label\">\u0406\u043d\u0442\u0435\u0433\u0440\u0430\u0442\u043e\u0440<\/span><\/label><\/span><span class=\"wpcf7-list-item\"><label><input type=\"checkbox\" name=\"checkbox-931[]\" value=\"\u0417\u0430\u0431\u0443\u0434\u043e\u0432\u043d\u0438\u043a\" \/><span class=\"wpcf7-list-item-label\">\u0417\u0430\u0431\u0443\u0434\u043e\u0432\u043d\u0438\u043a<\/span><\/label><\/span><span class=\"wpcf7-list-item last\"><label><input type=\"checkbox\" name=\"checkbox-931[]\" value=\"\u041a\u0456\u043d\u0446\u0435\u0432\u0438\u0439 \u043a\u043e\u0440\u0438\u0441\u0442\u0443\u0432\u0430\u0447\" \/><span class=\"wpcf7-list-item-label\">\u041a\u0456\u043d\u0446\u0435\u0432\u0438\u0439 \u043a\u043e\u0440\u0438\u0441\u0442\u0443\u0432\u0430\u0447<\/span><\/label><\/span><\/span><\/span> \n<\/div> \n<div class=\"row row-upload-file\"> \n <label class=\"upload-file-block js-upload-file\">\u0414\u043e\u0434\u0430\u0442\u0438 \u0444\u0430\u0439\u043b \n  <span class=\"wpcf7-form-control-wrap\" data-name=\"file-466\"><input size=\"40\" class=\"wpcf7-form-control wpcf7-file\" accept=\"audio\/*,video\/*,image\/*\" aria-invalid=\"false\" type=\"file\" name=\"file-466\" \/><\/span><\/label> \n<\/div><input type='hidden' class='wpcf7-pum' value='{\"closepopup\":false,\"closedelay\":0,\"openpopup\":false,\"openpopup_id\":0}' \/><div class=\"wpcf7-response-output\" aria-hidden=\"true\"><\/div>\n<\/form>\n<\/div>\n            <\/div>\r\n\r\n\t\t    <div class=\"text-holder\" data-aos=\"fade-left\">\r\n\t\t\t\t\t\t    <h3 class=\"title-block\">How Can We Help?<\/h3>\r\n\t\t\t\r\n\t\t\t                <div class=\"text-block\">\r\n                    Please select a topic below related to your inquiry. If you don&#8217;t find what you need, fill out our contact form.                <\/div>\r\n\t\t\t\r\n\t\t\t\t\t\t    <ul class=\"link-list\">\r\n\t\t\t\t\t\t\t\t\t\t\t\t\t\t\t\t\t\t<li>\r\n\t\t\t\t\t\t\t\t\t\t\t\t\t\t\t\t    <strong>Get Inspired<\/strong>\r\n\t\t\t\t\t\t\t\t\t\t\t\t\t\t\t\t\t\t\t\t\t\t\t\t    <a href=\"\/features\/\">\r\n\t\t\t\t\t\t\t\t        Discover what&#8217;s beneath our intercom\t\t\t\t\t\t\t\t    <\/a>\r\n\t\t\t\t\t\t\t\t\t\t\t\t\t\t\t<\/li>\r\n\t\t\t\t\t\t\t\t\t\t\t\t\t\t\t\t\t\t\t\t\t\t\t\t<li>\r\n\t\t\t\t\t\t\t\t\t\t\t\t\t\t\t\t    <strong>Become a Partner<\/strong>\r\n\t\t\t\t\t\t\t\t\t\t\t\t\t\t\t\t\t\t\t\t\t\t\t\t    <a href=\"\/distributors\/\">\r\n\t\t\t\t\t\t\t\t        Expand your business with BAS-IP intercom\t\t\t\t\t\t\t\t    <\/a>\r\n\t\t\t\t\t\t\t\t\t\t\t\t\t\t\t<\/li>\r\n\t\t\t\t\t\t\t\t\t\t\t\t\t\t\t\t\t\t\t\t\t\t\t\t<li>\r\n\t\t\t\t\t\t\t\t\t\t\t\t\t\t\t\t    <strong>Check the Guides<\/strong>\r\n\t\t\t\t\t\t\t\t\t\t\t\t\t\t\t\t\t\t\t\t\t\t\t\t    <a href=\"\/support\/\">\r\n\t\t\t\t\t\t\t\t        Download detailed manuals and schemes\t\t\t\t\t\t\t\t    <\/a>\r\n\t\t\t\t\t\t\t\t\t\t\t\t\t\t\t<\/li>\r\n\t\t\t\t\t\t\t\t\t\t\t\t\t\t\t<\/ul>\r\n\t\t\t\r\n\t\t\t\t\t\t    <h3 class=\"title-block\">Our contacts<\/h3>\r\n\t\t\t\r\n\t\t\t\t\t\t\t<ul class=\"contact-list\">\r\n\t\t\t\t\t\t\t\t\t\t\t\t\t\t\t\t\t\t<li>\r\n\t\t\t\t\t\t\t\t\t\t\t\t\t\t\t\t\t<strong>Sales:<\/strong>\r\n\t\t\t\t\t\t\t\t\t\t\t\t\t\t\t\t\t\t\t\t\t\t\t\t    <a href=\"mailto:&#115;a&#108;e&#115;&#64;ba&#115;&#45;i&#112;.co&#109;\">s&#97;&#108;&#101;&#115;&#64;b&#97;&#115;&#45;ip.&#99;o&#109;<\/a>\r\n\t\t\t\t\t\t\t\t\t\t\t\t\t\t\t<\/li>\r\n\t\t\t\t\t\t\t\t\t\t\t\t\t\t\t\t\t\t\t\t\t\t\t\t<li>\r\n\t\t\t\t\t\t\t\t\t\t\t\t\t\t\t\t\t<strong>Technical support:<\/strong>\r\n\t\t\t\t\t\t\t\t\t\t\t\t\t\t\t\t\t\t\t\t\t\t\t\t    <a href=\"mailto:s&#117;p&#112;ort&#64;ba&#115;&#45;ip.c&#111;&#109;\">sup&#112;o&#114;t&#64;&#98;&#97;&#115;&#45;&#105;&#112;&#46;&#99;&#111;&#109;<\/a>\r\n\t\t\t\t\t\t\t\t\t\t\t\t\t\t\t<\/li>\r\n\t\t\t\t\t\t\t\t\t\t\t\t\t\t\t<\/ul>\r\n\t\t\t\t\t<\/div>\r\n\t<\/section>\r\n\r\n\r\n\r\n<!-- END Block Sign Up -->","protected":false},"excerpt":{"rendered":"<p>BAS-IP ve Condo Control, Konut Sakinlerinin Ya\u015fam Deneyimini Geli\u015ftirmek \u0130\u00e7in Entegrasyon Duyurdu IP interkom sistemlerinin lider geli\u015ftiricisi BAS-IP ve 2 milyondan fazla sakinin operasyonlar\u0131n\u0131 dijitalle\u015ftiren hepsi bir arada platform Condo Control, bug\u00fcn stratejik bir entegrasyonu duyurdu. Bu i\u015fbirli\u011fi, sakin verileri i\u00e7in tek bir do\u011fru kaynak olu\u015fturarak m\u00fckerrer giri\u015fi ortadan kald\u0131r\u0131yor ve iki sistem aras\u0131nda sakin [&hellip;]<\/p>","protected":false},"author":1,"featured_media":0,"parent":0,"menu_order":0,"comment_status":"closed","ping_status":"closed","template":"page-custom-breadcrumbs.php","meta":{"inline_featured_image":false,"footnotes":""},"class_list":["post-140977","page","type-page","status-publish","hentry"],"acf":[],"_links":{"self":[{"href":"https:\/\/bas-ip.com\/tr\/wp-json\/wp\/v2\/pages\/140977","targetHints":{"allow":["GET"]}}],"collection":[{"href":"https:\/\/bas-ip.com\/tr\/wp-json\/wp\/v2\/pages"}],"about":[{"href":"https:\/\/bas-ip.com\/tr\/wp-json\/wp\/v2\/types\/page"}],"author":[{"embeddable":true,"href":"https:\/\/bas-ip.com\/tr\/wp-json\/wp\/v2\/users\/1"}],"replies":[{"embeddable":true,"href":"https:\/\/bas-ip.com\/tr\/wp-json\/wp\/v2\/comments?post=140977"}],"version-history":[{"count":4,"href":"https:\/\/bas-ip.com\/tr\/wp-json\/wp\/v2\/pages\/140977\/revisions"}],"predecessor-version":[{"id":141025,"href":"https:\/\/bas-ip.com\/tr\/wp-json\/wp\/v2\/pages\/140977\/revisions\/141025"}],"wp:attachment":[{"href":"https:\/\/bas-ip.com\/tr\/wp-json\/wp\/v2\/media?parent=140977"}],"curies":[{"name":"wp","href":"https:\/\/api.w.org\/{rel}","templated":true}]}}