{"id":13452,"date":"2022-05-31T22:13:53","date_gmt":"2022-05-31T22:13:53","guid":{"rendered":"https:\/\/bas-ip.com\/?page_id=13452"},"modified":"2022-10-29T12:47:32","modified_gmt":"2022-10-29T12:47:32","slug":"kisiler","status":"publish","type":"page","link":"https:\/\/bas-ip.com\/tr\/kisiler\/","title":{"rendered":"Ki\u015filer"},"content":{"rendered":"<!-- START Block Contacts Hero --><section id=\"block_629692863aa6a\" class=\"contact-hero-section\">\r\n\t\t\t<h1 class=\"page-title\" data-aos=\"fade-right\">BAS-IP Ki\u015fileri<\/h1>\r\n\t\r\n    <div class=\"image-holder\" data-aos=\"fade-left\">\r\n                    <div class=\"logo-block\">\r\n                <img loading=\"lazy\" decoding=\"async\" width=\"147\" height=\"33\" src=\"https:\/\/bas-ip.com\/wp-content\/uploads\/2022\/05\/1280px-Zoom_Communications_Logo-1.png\" class=\"attachment-medium size-medium\" alt=\"\" \/>            <\/div>\r\n                            <div class=\"scan-block\">\r\n                <img loading=\"lazy\" decoding=\"async\" width=\"178\" height=\"178\" src=\"https:\/\/bas-ip.com\/wp-content\/uploads\/2022\/05\/Mask-group.jpg\" class=\"attachment-medium size-medium\" alt=\"\" srcset=\"https:\/\/bas-ip.com\/wp-content\/uploads\/2022\/05\/Mask-group.jpg 178w,  https:\/\/bas-ip.com\/wp-content\/uploads\/2022\/05\/Mask-group-150x150.jpg 150w\" sizes=\"auto, (max-width: 178px) 100vw, 178px\" \/>            <\/div>\r\n                            <div class=\"text-block\">\r\n                sadece taray\u0131n ve sohbete kat\u0131l\u0131n            <\/div>\r\n            <\/div>\r\n<\/section>\r\n<!-- END Block Contacts Hero -->\n\n<!-- START Block Contacts Intro --><section id=\"block_62969f5c45e5e\" class=\"contact-section\">\r\n    <div class=\"contact-columns\">\r\n                            <div class=\"contact-item\" data-aos=\"fade-up\" data-aos-delay=\"100\">\r\n                                    <h3 class=\"title-block\">BAS-IP DISTRIBUTION LTD<\/h3>\r\n                                                    <div class=\"address-block\">\r\n                        Crown House 27 Old Gloucester Street, London, England, WC1N 3AX                    <\/div>\r\n                \r\n                                    <ul class=\"contact-list\">\r\n                                                    <li>\r\n                                <i class=\"fa-solid fa-envelope\"><\/i>\r\n                                Email:                                <a href=\"mailto:&#105;n&#102;o&#64;&#98;&#97;s&#45;i&#112;&#46;&#99;&#111;m\">in&#102;o&#64;ba&#115;&#45;&#105;&#112;.&#99;&#111;&#109;<\/a>\r\n                            <\/li>\r\n                        \r\n                                                    <li>\r\n                                <i class=\"fa-solid fa-phone\"><\/i>\r\n                                Tel:                                <a href=\"tel:+442037697440\">+ 44 (20) 37697440<\/a>\r\n                            <\/li>\r\n                                            <\/ul>\r\n                \r\n                                    <ul class=\"email-link\">\r\n                                                                                    <li>\r\n                                                                            <strong>Pazarlama:<\/strong>\r\n                                                                                                                <a href=\"mailto:p&#114;&#64;ba&#115;&#45;ip&#46;&#99;&#111;&#109;\">p&#114;&#64;&#98;&#97;s-&#105;&#112;&#46;&#99;&#111;m<\/a>\r\n                                                                    <\/li>\r\n                                                                        <\/ul>\r\n                            <\/div>\r\n        \r\n                    <div class=\"contact-item\" data-aos=\"fade-up\" data-aos-delay=\"200\">\r\n                                    <h3 class=\"title-block\">Sat\u0131\u015f<\/h3>\r\n                \r\n                                    <ul class=\"contact-list\">\r\n                                                    <li>\r\n                                <i class=\"fa-solid fa-envelope\"><\/i>\r\n                                Email:                                <a href=\"mailto:&#115;&#97;&#108;&#101;s&#64;b&#97;&#115;-ip&#46;&#99;&#111;&#109;\">s&#97;l&#101;&#115;&#64;&#98;&#97;s&#45;&#105;p&#46;&#99;om<\/a>\r\n                            <\/li>\r\n                        \r\n                                                    <li>\r\n                                <i class=\"fa-solid fa-phone\"><\/i>\r\n                                Tel:                                <a href=\"tel:+442037697440\">+ 44 (20) 37697440<\/a>\r\n                            <\/li>\r\n                                            <\/ul>\r\n                            <\/div>\r\n        \r\n                    <div class=\"contact-item\" data-aos=\"fade-up\" data-aos-delay=\"300\">\r\n                                    <h3 class=\"title-block\">Teknik Destek:<\/h3>\r\n                \r\n                                    <ul class=\"contact-list\">\r\n                                                    <li>\r\n                                <i class=\"fa-solid fa-envelope\"><\/i>\r\n                                Email:                                <a href=\"mailto:&#115;&#117;p&#112;ort&#64;bas-&#105;&#112;&#46;c&#111;m\">sup&#112;&#111;rt&#64;b&#97;&#115;&#45;ip.c&#111;&#109;<\/a>\r\n                            <\/li>\r\n                        \r\n                                            <\/ul>\r\n                            <\/div>\r\n        \r\n            <\/div>\r\n<\/section>\r\n<!-- END Block Contacts Intro -->\n\n<!-- START Block Countries Contacts List --><section id=\"block_6296966b1392c\" class=\"contact-section-second\">\r\n    <div class=\"contact-columns\">\r\n                            <div class=\"contact-item\" data-aos=\"fade-up\" data-aos-delay=\"100\">\r\n                                                            <h3 class=\"title-block\">\u0130ngiltere:<\/h3>\r\n                                        <ul class=\"contact-list\">\r\n                                                                                    <li>\r\n                                    <i class=\"fa-solid fa-envelope\"><\/i>\r\n                                    Email:                                    <a href=\"mailto:&#115;&#97;&#108;es&#46;uk&#64;&#98;&#97;s-i&#112;&#46;&#99;&#111;m\">&#115;a&#108;&#101;&#115;.&#117;k&#64;b&#97;&#115;&#45;i&#112;&#46;&#99;o&#109;<\/a>\r\n                                <\/li>\r\n                                                                                                                <li>\r\n                                    <i class=\"fa-solid fa-phone\"><\/i>\r\n                                    Tel:                                    <a href=\"tel:+442037697440\">+ 44 (20) 37697440<\/a>\r\n                                <\/li>\r\n                                                                        <\/ul>\r\n                            <\/div>\r\n                              <div class=\"contact-item\" data-aos=\"fade-up\" data-aos-delay=\"200\">\r\n                                                            <h3 class=\"title-block\">Avrupa:<\/h3>\r\n                                        <ul class=\"contact-list\">\r\n                                                                                    <li>\r\n                                    <i class=\"fa-solid fa-envelope\"><\/i>\r\n                                    Email:                                    <a href=\"mailto:&#115;al&#101;&#115;&#46;&#101;&#117;&#64;&#98;as&#45;ip.c&#111;&#109;\">s&#97;&#108;e&#115;.&#101;u&#64;&#98;&#97;s-i&#112;&#46;co&#109;<\/a>\r\n                                <\/li>\r\n                                                                                                                <li>\r\n                                    <i class=\"fa-solid fa-phone\"><\/i>\r\n                                    Tel:                                    <a href=\"tel:+420234715332\">+420 234 715 332<\/a>\r\n                                <\/li>\r\n                                                                        <\/ul>\r\n                            <\/div>\r\n                              <div class=\"contact-item\" data-aos=\"fade-up\" data-aos-delay=\"300\">\r\n                                                            <h3 class=\"title-block\">Polonya:<\/h3>\r\n                                        <ul class=\"contact-list\">\r\n                                                                                    <li>\r\n                                    <i class=\"fa-solid fa-envelope\"><\/i>\r\n                                    Email:                                    <a href=\"mailto:s&#97;&#108;es.&#112;o&#108;and&#64;&#98;a&#115;&#45;ip.c&#111;&#109;\">&#115;a&#108;es&#46;&#112;o&#108;&#97;nd&#64;&#98;a&#115;-ip&#46;co&#109;<\/a>\r\n                                <\/li>\r\n                                                                        <\/ul>\r\n                            <\/div>\r\n                              <div class=\"contact-item\" data-aos=\"fade-up\" data-aos-delay=\"400\">\r\n                                                            <h3 class=\"title-block\">Do\u011fu ABD:<\/h3>\r\n                                        <ul class=\"contact-list\">\r\n                                                                                    <li>\r\n                                    <i class=\"fa-solid fa-envelope\"><\/i>\r\n                                    Email:                                    <a href=\"mailto:&#115;ales&#46;&#117;&#115;&#46;&#101;&#97;&#115;t&#64;b&#97;&#115;&#45;&#105;p.&#99;om\">&#115;&#97;&#108;es&#46;&#117;&#115;.east&#64;&#98;&#97;&#115;&#45;i&#112;.&#99;om<\/a>\r\n                                <\/li>\r\n                                                                                                                <li>\r\n                                    <i class=\"fa-solid fa-phone\"><\/i>\r\n                                    Tel:                                    <a href=\"tel:+19142943134\">+ 1 (914) 2943134<\/a>\r\n                                <\/li>\r\n                                                                        <\/ul>\r\n                            <\/div>\r\n                              <div class=\"contact-item\" data-aos=\"fade-up\" data-aos-delay=\"100\">\r\n                                                            <h3 class=\"title-block\">Bat\u0131 ABD:<\/h3>\r\n                                        <ul class=\"contact-list\">\r\n                                                                                    <li>\r\n                                    <i class=\"fa-solid fa-envelope\"><\/i>\r\n                                    Email:                                    <a href=\"mailto:s&#97;&#108;e&#115;&#46;us.wes&#116;&#64;&#98;&#97;&#115;&#45;i&#112;.&#99;o&#109;\">s&#97;le&#115;&#46;us&#46;&#119;&#101;st&#64;&#98;&#97;&#115;&#45;&#105;&#112;.&#99;&#111;m<\/a>\r\n                                <\/li>\r\n                                                                                                                <li>\r\n                                    <i class=\"fa-solid fa-phone\"><\/i>\r\n                                    Tel:                                    <a href=\"tel:+19142943134\">+ 1 (914) 2943134<\/a>\r\n                                <\/li>\r\n                                                                        <\/ul>\r\n                            <\/div>\r\n                              <div class=\"contact-item\" data-aos=\"fade-up\" data-aos-delay=\"200\">\r\n                                                            <h3 class=\"title-block\">Latin Amerika:<\/h3>\r\n                                        <ul class=\"contact-list\">\r\n                                                                                    <li>\r\n                                    <i class=\"fa-solid fa-envelope\"><\/i>\r\n                                    Email:                                    <a href=\"mailto:&#115;a&#108;&#101;&#115;&#46;l&#97;t&#105;&#110;am&#101;r&#105;&#99;a&#64;b&#97;&#115;-&#105;p.c&#111;&#109;\">&#115;al&#101;&#115;.&#108;a&#116;&#105;&#110;&#97;mer&#105;&#99;&#97;&#64;&#98;&#97;s-&#105;&#112;&#46;&#99;&#111;&#109;<\/a>\r\n                                <\/li>\r\n                                                                        <\/ul>\r\n                            <\/div>\r\n                              <div class=\"contact-item\" data-aos=\"fade-up\" data-aos-delay=\"300\">\r\n                                                            <h3 class=\"title-block\">Asya:<\/h3>\r\n                                        <ul class=\"contact-list\">\r\n                                                                                    <li>\r\n                                    <i class=\"fa-solid fa-envelope\"><\/i>\r\n                                    Email:                                    <a href=\"mailto:&#115;&#97;&#108;e&#115;.&#97;s&#105;a&#64;&#98;a&#115;-ip.c&#111;&#109;\">sales.a&#115;&#105;&#97;&#64;&#98;&#97;&#115;-&#105;&#112;.&#99;&#111;&#109;<\/a>\r\n                                <\/li>\r\n                                                                                                                <li>\r\n                                    <i class=\"fa-solid fa-phone\"><\/i>\r\n                                    Tel:                                    <a href=\"tel:+6531592377\">+6531592377<\/a>\r\n                                <\/li>\r\n                                                                        <\/ul>\r\n                            <\/div>\r\n                              <div class=\"contact-item\" data-aos=\"fade-up\" data-aos-delay=\"400\">\r\n                                                            <h3 class=\"title-block\">Orta Do\u011fu:<\/h3>\r\n                                        <ul class=\"contact-list\">\r\n                                                                                    <li>\r\n                                    <i class=\"fa-solid fa-envelope\"><\/i>\r\n                                    Email:                                    <a href=\"mailto:s&#97;l&#101;&#115;&#46;mi&#100;d&#108;&#101;e&#97;&#115;&#116;&#64;ba&#115;&#45;&#105;&#112;&#46;&#99;&#111;m\">&#115;&#97;&#108;es&#46;&#109;id&#100;l&#101;e&#97;s&#116;&#64;ba&#115;&#45;&#105;p.com<\/a>\r\n                                <\/li>\r\n                                                                        <\/ul>\r\n                            <\/div>\r\n                              <div class=\"contact-item\" data-aos=\"fade-up\" data-aos-delay=\"100\">\r\n                                                            <h3 class=\"title-block\">Afrika:<\/h3>\r\n                                        <ul class=\"contact-list\">\r\n                                                                                    <li>\r\n                                    <i class=\"fa-solid fa-envelope\"><\/i>\r\n                                    Email:                                    <a href=\"mailto:&#115;&#97;l&#101;&#115;.&#97;f&#114;i&#99;&#97;&#64;&#98;as-&#105;&#112;&#46;&#99;&#111;&#109;\">&#115;&#97;le&#115;&#46;a&#102;&#114;&#105;ca&#64;b&#97;s&#45;&#105;p.&#99;om<\/a>\r\n                                <\/li>\r\n                                                                        <\/ul>\r\n                            <\/div>\r\n                              <div class=\"contact-item\" data-aos=\"fade-up\" data-aos-delay=\"200\">\r\n                                                            <h3 class=\"title-block\">Fas:<\/h3>\r\n                                        <ul class=\"contact-list\">\r\n                                                                                    <li>\r\n                                    <i class=\"fa-solid fa-envelope\"><\/i>\r\n                                    Email:                                    <a href=\"mailto:s&#97;&#108;&#101;&#115;&#46;&#109;a&#114;&#111;c&#64;bas-&#105;p.c&#111;&#109;\">&#115;&#97;&#108;e&#115;&#46;&#109;&#97;&#114;o&#99;&#64;&#98;a&#115;-ip.co&#109;<\/a>\r\n                                <\/li>\r\n                                                                                                                <li>\r\n                                    <i class=\"fa-solid fa-phone\"><\/i>\r\n                                    Tel:                                    <a href=\"tel:+212667205930\">+212 667 20 59 30<\/a>\r\n                                <\/li>\r\n                                                                        <\/ul>\r\n                            <\/div>\r\n                      <\/div>\r\n<\/section>\r\n<!-- END Block Countries Contacts List -->\n\n<!-- START Block Sign Up --><section id=\"block_62dd284ff40cd\" class=\"sign-up-section\">\r\n\r\n    <div class=\"form-holder js-form\" data-aos=\"fade-right\">\r\n                    <div class=\"title-block h3\">Geri bildirim formu<\/div>\r\n        \r\n                    <div class=\"text-block\">\r\n                L\u00fctfen t\u00fcm alanlar\u0131 doldurun, en k\u0131sa s\u00fcrede sizinle ileti\u015fime ge\u00e7ece\u011fiz            <\/div>\r\n        \r\n                    \n<div class=\"wpcf7 no-js\" id=\"wpcf7-f109999-o1\" lang=\"tr-TR\" dir=\"ltr\">\n<div class=\"screen-reader-response\"><p role=\"status\" aria-live=\"polite\" aria-atomic=\"true\"><\/p> <ul><\/ul><\/div>\n<form action=\"\/tr\/wp-json\/wp\/v2\/pages\/13452#wpcf7-f109999-o1\" method=\"post\" class=\"wpcf7-form init\" aria-label=\"Contact form\" enctype=\"multipart\/form-data\" novalidate=\"novalidate\" data-status=\"init\">\n<div style=\"display: none;\">\n<input type=\"hidden\" name=\"_wpcf7\" value=\"109999\" \/>\n<input type=\"hidden\" name=\"_wpcf7_version\" value=\"5.8.3\" \/>\n<input type=\"hidden\" name=\"_wpcf7_locale\" value=\"tr_TR\" \/>\n<input type=\"hidden\" name=\"_wpcf7_unit_tag\" value=\"wpcf7-f109999-o1\" \/>\n<input type=\"hidden\" name=\"_wpcf7_container_post\" value=\"0\" \/>\n<input type=\"hidden\" name=\"_wpcf7_posted_data_hash\" value=\"\" \/>\n<input type=\"hidden\" name=\"_wpcf7_recaptcha_response\" value=\"\" \/>\n<\/div>\n<div class=\"row\"> \n <label><span class=\"label-text\">\u0406\u043c\u2019\u044f<\/span> \n  <span class=\"wpcf7-form-control-wrap\" data-name=\"text-full-name\"><input size=\"40\" class=\"wpcf7-form-control wpcf7-text wpcf7-validates-as-required\" aria-required=\"true\" aria-invalid=\"false\" placeholder=\"\u0406\u043c\u2019\u044f\" value=\"\" type=\"text\" name=\"text-full-name\" \/><\/span><\/label> \n<\/div> \n<div class=\"row\"> \n <label><span class=\"label-text\">\u0422\u0435\u043b\u0435\u0444\u043e\u043d*<\/span> \n<span class=\"wpcf7-form-control-wrap\" data-name=\"phonetext-270\"><input size=\"40\" class=\"wpcf7-form-control wpcf7-phonetext wpcf7-validates-as-required wpcf7-text wpcf7-validates-as-phonetext\" aria-required=\"true\" aria-invalid=\"false\" placeholder=\"\u0422\u0435\u043b\u0435\u0444\u043e\u043d*\" value=\"\" type=\"text\" name=\"phonetext-270\" \/><input type=\"hidden\" name=\"phonetext-270-country-code\" class=\"wpcf7-phonetext-country-code\" \/><\/span><\/label> \n<\/div> \n<div class=\"row\"> \n <label><span class=\"label-text\">\u0415\u043b\u0435\u043a\u0442\u0440\u043e\u043d\u043d\u0430 \u043f\u043e\u0448\u0442\u0430<\/span> \n  <span class=\"wpcf7-form-control-wrap\" data-name=\"email-e-mail\"><input size=\"40\" class=\"wpcf7-form-control wpcf7-email wpcf7-validates-as-required wpcf7-text wpcf7-validates-as-email\" aria-required=\"true\" aria-invalid=\"false\" placeholder=\"\u0415\u043b\u0435\u043a\u0442\u0440\u043e\u043d\u043d\u0430 \u043f\u043e\u0448\u0442\u0430\" value=\"\" type=\"email\" name=\"email-e-mail\" \/><\/span><\/label> \n<\/div> \n<div class=\"row\"><span>\u0412\u0430\u0448\u0430 \u043a\u0440\u0430\u0457\u043d\u0430<\/span> \n <label><span class=\"wpcf7-form-control-wrap\" data-name=\"countrytext-126\"><input size=\"40\" class=\"wpcf7-form-control wpcf7-countrytext wpcf7-text wpcf7-validates-as-countrytext\" aria-invalid=\"false\" value=\"\" type=\"text\" name=\"countrytext-126\" \/><\/span> <\/label>\n<\/div> \n<div class=\"row\"> \n <button type=\"submit\" class=\"btn\">\u041d\u0430\u0434\u0456\u0441\u043b\u0430\u0442\u0438<\/button> \n<\/div> \n<div class=\"row\"> \n <span class=\"wpcf7-form-control-wrap\" data-name=\"checkbox-931\"><span class=\"wpcf7-form-control wpcf7-checkbox\"><span class=\"wpcf7-list-item first\"><label><input type=\"checkbox\" name=\"checkbox-931[]\" value=\"\u0406\u043d\u0442\u0435\u0433\u0440\u0430\u0442\u043e\u0440\" \/><span class=\"wpcf7-list-item-label\">\u0406\u043d\u0442\u0435\u0433\u0440\u0430\u0442\u043e\u0440<\/span><\/label><\/span><span class=\"wpcf7-list-item\"><label><input type=\"checkbox\" name=\"checkbox-931[]\" value=\"\u0417\u0430\u0431\u0443\u0434\u043e\u0432\u043d\u0438\u043a\" \/><span class=\"wpcf7-list-item-label\">\u0417\u0430\u0431\u0443\u0434\u043e\u0432\u043d\u0438\u043a<\/span><\/label><\/span><span class=\"wpcf7-list-item last\"><label><input type=\"checkbox\" name=\"checkbox-931[]\" value=\"\u041a\u0456\u043d\u0446\u0435\u0432\u0438\u0439 \u043a\u043e\u0440\u0438\u0441\u0442\u0443\u0432\u0430\u0447\" \/><span class=\"wpcf7-list-item-label\">\u041a\u0456\u043d\u0446\u0435\u0432\u0438\u0439 \u043a\u043e\u0440\u0438\u0441\u0442\u0443\u0432\u0430\u0447<\/span><\/label><\/span><\/span><\/span> \n<\/div> \n<div class=\"row row-upload-file\"> \n <label class=\"upload-file-block js-upload-file\">\u0414\u043e\u0434\u0430\u0442\u0438 \u0444\u0430\u0439\u043b \n  <span class=\"wpcf7-form-control-wrap\" data-name=\"file-466\"><input size=\"40\" class=\"wpcf7-form-control wpcf7-file\" accept=\"audio\/*,video\/*,image\/*\" aria-invalid=\"false\" type=\"file\" name=\"file-466\" \/><\/span><\/label> \n<\/div><input type='hidden' class='wpcf7-pum' value='{\"closepopup\":false,\"closedelay\":0,\"openpopup\":false,\"openpopup_id\":0}' \/><div class=\"wpcf7-response-output\" aria-hidden=\"true\"><\/div>\n<\/form>\n<\/div>\n            <\/div>\r\n\r\n\t\t    <div class=\"text-holder\" data-aos=\"fade-left\">\r\n\t\t\t\t\t\t    <h3 class=\"title-block\">Nas\u0131l yard\u0131mc\u0131 olabiliriz?<\/h3>\r\n\t\t\t\r\n\t\t\t                <div class=\"text-block\">\r\n                    A\u015fa\u011f\u0131dan iste\u011finizle ilgili bir konu se\u00e7in. Arad\u0131\u011f\u0131n\u0131z\u0131 bulamad\u0131ysan\u0131z, l\u00fctfen ileti\u015fim formumuzu doldurun.                <\/div>\r\n\t\t\t\r\n\t\t\t\t\t\t    <ul class=\"link-list\">\r\n\t\t\t\t\t\t\t\t\t\t\t\t\t\t\t\t\t\t<li>\r\n\t\t\t\t\t\t\t\t\t\t\t\t\t\t\t\t    <strong>\u00dcr\u00fcn\u00fcm\u00fczden ilham al\u0131n<\/strong>\r\n\t\t\t\t\t\t\t\t\t\t\t\t\t\t\t\t\t\t\t\t\t\t\t\t    <a href=\"\/tr\/ozellikler\/\">\r\n\t\t\t\t\t\t\t\t        Ekipmanlar\u0131m\u0131z\u0131n neler yapabilece\u011fini \u00f6\u011frenin\t\t\t\t\t\t\t\t    <\/a>\r\n\t\t\t\t\t\t\t\t\t\t\t\t\t\t\t<\/li>\r\n\t\t\t\t\t\t\t\t\t\t\t\t\t\t\t\t\t\t\t\t\t\t\t\t<li>\r\n\t\t\t\t\t\t\t\t\t\t\t\t\t\t\t\t    <strong>Distrib\u00fct\u00f6r\u00fcm\u00fcz olun<\/strong>\r\n\t\t\t\t\t\t\t\t\t\t\t\t\t\t\t\t\t\t\t\t\t\t\t\t    <a href=\"\/tr\/distributorler\/\">\r\n\t\t\t\t\t\t\t\t        BAS-IP ile i\u015finizi b\u00fcy\u00fct\u00fcn\t\t\t\t\t\t\t\t    <\/a>\r\n\t\t\t\t\t\t\t\t\t\t\t\t\t\t\t<\/li>\r\n\t\t\t\t\t\t\t\t\t\t\t\t\t\t\t\t\t\t\t\t\t\t\t\t<li>\r\n\t\t\t\t\t\t\t\t\t\t\t\t\t\t\t\t    <strong>Teknik b\u00f6l\u00fcme g\u00f6z at\u0131n<\/strong>\r\n\t\t\t\t\t\t\t\t\t\t\t\t\t\t\t\t\t\t\t\t\t\t\t\t    <a href=\"\/tr\/destek\/\">\r\n\t\t\t\t\t\t\t\t        Talimatlar\u0131 ve kablo \u015femalar\u0131n\u0131 indirin\t\t\t\t\t\t\t\t    <\/a>\r\n\t\t\t\t\t\t\t\t\t\t\t\t\t\t\t<\/li>\r\n\t\t\t\t\t\t\t\t\t\t\t\t\t\t\t<\/ul>\r\n\t\t\t\r\n\t\t\t\t\t\t    <h3 class=\"title-block\">Ba\u011flant\u0131lar\u0131m\u0131z<\/h3>\r\n\t\t\t\r\n\t\t\t\t\t\t\t<ul class=\"contact-list\">\r\n\t\t\t\t\t\t\t\t\t\t\t\t\t\t\t\t\t\t<li>\r\n\t\t\t\t\t\t\t\t\t\t\t\t\t\t\t\t\t<strong>Sat\u0131\u015f Departman\u0131:<\/strong>\r\n\t\t\t\t\t\t\t\t\t\t\t\t\t\t\t\t\t\t\t\t\t\t\t\t    <a href=\"mailto:&#115;a&#108;es&#64;b&#97;&#115;-&#105;&#112;.&#99;om\">&#115;ales&#64;&#98;&#97;&#115;-i&#112;.&#99;o&#109;<\/a>\r\n\t\t\t\t\t\t\t\t\t\t\t\t\t\t\t<\/li>\r\n\t\t\t\t\t\t\t\t\t\t\t\t\t\t\t\t\t\t\t\t\t\t\t\t<li>\r\n\t\t\t\t\t\t\t\t\t\t\t\t\t\t\t\t\t<strong>Teknik Destek:<\/strong>\r\n\t\t\t\t\t\t\t\t\t\t\t\t\t\t\t\t\t\t\t\t\t\t\t\t    <a href=\"mailto:s&#117;&#112;po&#114;&#116;&#64;ba&#115;-&#105;&#112;.com\">supp&#111;rt&#64;b&#97;&#115;&#45;&#105;p&#46;&#99;&#111;m<\/a>\r\n\t\t\t\t\t\t\t\t\t\t\t\t\t\t\t<\/li>\r\n\t\t\t\t\t\t\t\t\t\t\t\t\t\t\t<\/ul>\r\n\t\t\t\t\t<\/div>\r\n\t<\/section>\r\n\r\n\r\n\r\n<!-- END Block Sign Up -->","protected":false},"excerpt":{"rendered":"","protected":false},"author":1,"featured_media":0,"parent":0,"menu_order":0,"comment_status":"closed","ping_status":"closed","template":"","meta":{"inline_featured_image":false,"footnotes":""},"class_list":["post-13452","page","type-page","status-publish","hentry"],"acf":[],"_links":{"self":[{"href":"https:\/\/bas-ip.com\/tr\/wp-json\/wp\/v2\/pages\/13452","targetHints":{"allow":["GET"]}}],"collection":[{"href":"https:\/\/bas-ip.com\/tr\/wp-json\/wp\/v2\/pages"}],"about":[{"href":"https:\/\/bas-ip.com\/tr\/wp-json\/wp\/v2\/types\/page"}],"author":[{"embeddable":true,"href":"https:\/\/bas-ip.com\/tr\/wp-json\/wp\/v2\/users\/1"}],"replies":[{"embeddable":true,"href":"https:\/\/bas-ip.com\/tr\/wp-json\/wp\/v2\/comments?post=13452"}],"version-history":[{"count":2,"href":"https:\/\/bas-ip.com\/tr\/wp-json\/wp\/v2\/pages\/13452\/revisions"}],"predecessor-version":[{"id":13454,"href":"https:\/\/bas-ip.com\/tr\/wp-json\/wp\/v2\/pages\/13452\/revisions\/13454"}],"wp:attachment":[{"href":"https:\/\/bas-ip.com\/tr\/wp-json\/wp\/v2\/media?parent=13452"}],"curies":[{"name":"wp","href":"https:\/\/api.w.org\/{rel}","templated":true}]}}