{"id":133976,"date":"2023-03-27T09:32:04","date_gmt":"2023-03-27T09:32:04","guid":{"rendered":"https:\/\/bas-ip.com\/medical\/"},"modified":"2025-03-24T11:11:16","modified_gmt":"2025-03-24T11:11:16","slug":"medical","status":"publish","type":"page","link":"https:\/\/bas-ip.com\/tr\/medical\/","title":{"rendered":"Hastaneler\/T\u0131bbi tesisler i\u00e7in"},"content":{"rendered":"<h1 class=\"wp-block-heading\"><strong>BAS-IP Hastane \u0130nterkom Sistemi &#8211; Hasta Bak\u0131m\u0131n\u0131 Y\u00fckseltin<\/strong><\/h1>\n\n\n\n<p>T\u0131p end\u00fcstrisi, hastalara en iyi hizmeti sunmak i\u00e7in s\u00fcrekli olarak geli\u015fiyor. \u0130leti\u015fim, etkili ve g\u00fcvenli t\u0131bbi hizmetlerin sa\u011flanmas\u0131nda kritik bir rol oynad\u0131\u011f\u0131ndan, son teknoloji bir hastane interkom sistemine ge\u00e7i\u015f yapmak gereklidir. BAS-IP&#8217;nin, temiz odalar ve t\u0131bbi tesisler i\u00e7in \u00f6zel olarak tasarlanm\u0131\u015f yenilik\u00e7i t\u0131bbi interkom sistemleri, sa\u011fl\u0131k profesyonelleri ve hastalar\u0131na benzersiz bir kolayl\u0131k ve g\u00fcvenilirlik sunar. Bu yaz\u0131da, BAS-IP&#8217;nin hastane interkom sisteminin \u00f6zelliklerini ve faydalar\u0131n\u0131 inceleyerek, t\u0131bbi tesislerin \u00e7al\u0131\u015fma \u015feklini nas\u0131l devrim niteli\u011finde de\u011fi\u015ftirebilece\u011fini ke\u015ffedece\u011fiz.<\/p>\n\n\n\n<h2 class=\"wp-block-heading\"><strong>BAS-IP Hastane \u0130nterkomunun G\u00fcc\u00fc<\/strong><\/h2>\n\n\n<!-- START Block Features --><section id=\"block_64304f018b5e4\" class=\"features-section\">\r\n\t\r\n    <div class=\"features-list\">\r\n                    <div class=\"features-item\" data-aos=\"fade-up\">\r\n    <div class=\"features-box\">\r\n                    <div class=\"image-holder\">\r\n                <img loading=\"lazy\" decoding=\"async\" width=\"350\" height=\"320\" src=\"https:\/\/bas-ip.com\/wp-content\/uploads\/2023\/04\/1-2-350x320.jpg\" class=\"attachment-thumbnail_350x320 size-thumbnail_350x320\" alt=\"\" \/>            <\/div>\r\n        \r\n        <div class=\"text-holder\">\r\n                        <h3 class=\"title-block\">IP Yerel A\u011flar\u0131yla Sorunsuz Entegrasyon<\/h3>\r\n          \r\n                        <div class=\"text-block\">\r\n                <p>BAS-IP&#8217;nin t\u0131bbi interkom sistemlerinin \u00f6nemli avantajlar\u0131ndan biri, ayn\u0131 IP yerel a\u011f\u0131 i\u00e7inde sorunsuz bir \u015fekilde \u00e7al\u0131\u015fabilme yetenekleridir. Bu uyumluluk, farkl\u0131 interkom cihazlar\u0131 aras\u0131ndaki ileti\u015fimin kesintisiz olmas\u0131n\u0131 sa\u011flar, gecikmeyi azalt\u0131r ve genel verimlili\u011fi art\u0131r\u0131r.<\/p>\n              <\/div>\r\n                  <\/div>\r\n    <\/div>\r\n<\/div>\r\n                    <div class=\"features-item\" data-aos=\"fade-up\">\r\n    <div class=\"features-box\">\r\n                    <div class=\"image-holder\">\r\n                <img loading=\"lazy\" decoding=\"async\" width=\"350\" height=\"320\" src=\"https:\/\/bas-ip.com\/wp-content\/uploads\/2023\/04\/2-2-350x320.jpg\" class=\"attachment-thumbnail_350x320 size-thumbnail_350x320\" alt=\"\" \/>            <\/div>\r\n        \r\n        <div class=\"text-holder\">\r\n                        <h3 class=\"title-block\">Geli\u015fmi\u015f \u0130leti\u015fim i\u00e7in Geli\u015fmi\u015f \u00d6zellikler<\/h3>\r\n          \r\n                        <div class=\"text-block\">\r\n                <p>BAS-IP, hastane interkom sistemleri i\u00e7in geni\u015f bir benzersiz \u00f6zellik yelpazesi sunarak, rakiplerinden ayr\u0131lmaktad\u0131r. Bu \u00f6zelliklerden baz\u0131lar\u0131 aras\u0131nda HD video aramalar\u0131, eri\u015fim kontrol\u00fc ve \u00e7e\u015fitli IP cihazlar\u0131yla uyumluluk bulunur. Bu, t\u0131bbi tesislerde ileti\u015fimin daha verimli hale gelmesini ve g\u00fcvenli\u011fin art\u0131r\u0131lmas\u0131n\u0131 sa\u011flar.<\/p>\n              <\/div>\r\n                  <\/div>\r\n    <\/div>\r\n<\/div>\r\n                    <div class=\"features-item\" data-aos=\"fade-up\">\r\n    <div class=\"features-box\">\r\n                    <div class=\"image-holder\">\r\n                <img loading=\"lazy\" decoding=\"async\" width=\"350\" height=\"320\" src=\"https:\/\/bas-ip.com\/wp-content\/uploads\/2023\/04\/3-2-350x320.jpg\" class=\"attachment-thumbnail_350x320 size-thumbnail_350x320\" alt=\"\" \/>            <\/div>\r\n        \r\n        <div class=\"text-holder\">\r\n                        <h3 class=\"title-block\">Temiz Oda \u0130nterkom Yetenekleri<\/h3>\r\n          \r\n                        <div class=\"text-block\">\r\n                <p>Temiz odalar, s\u0131k\u0131 hijyen standartlar\u0131na ihtiya\u00e7 duyar ve BAS-IP&#8217;nin hastane interkom sistemi, bu gereksinimleri kar\u015f\u0131lamak \u00fczere tasarlanm\u0131\u015ft\u0131r. Temiz oda interkomu, sa\u011fl\u0131k profesyonelleri aras\u0131ndaki ileti\u015fimin kesintisiz bir \u015fekilde devam etmesini sa\u011flar, ayn\u0131 zamanda bu \u00f6zel ortamlar\u0131n sterilitesini ve g\u00fcvenli\u011fini tehlikeye atmadan \u00e7al\u0131\u015f\u0131r.<\/p>\n              <\/div>\r\n                  <\/div>\r\n    <\/div>\r\n<\/div>\r\n            <\/div>\r\n<\/section>\r\n<!-- END Block Features -->\n\n\n<h2 class=\"wp-block-heading\"><strong>BAS-IP&#8217;nin Y\u00fcksek Kaliteli Donan\u0131m Bile\u015fenleri<\/strong><\/h2>\n\n\n<!-- START Block Features --><section id=\"block_64304f888b5e8\" class=\"features-section\">\r\n\t\r\n    <div class=\"features-list\">\r\n                    <div class=\"features-item\" data-aos=\"fade-up\">\r\n    <div class=\"features-box\">\r\n                    <div class=\"image-holder\">\r\n                <img loading=\"lazy\" decoding=\"async\" width=\"350\" height=\"320\" src=\"https:\/\/bas-ip.com\/wp-content\/uploads\/2023\/04\/4-2-350x320.jpg\" class=\"attachment-thumbnail_350x320 size-thumbnail_350x320\" alt=\"\" \/>            <\/div>\r\n        \r\n        <div class=\"text-holder\">\r\n                        <h3 class=\"title-block\">AV-04AFD \u2013 En \u0130yi \u0130nterkom Cihaz\u0131<\/h3>\r\n          \r\n                        <div class=\"text-block\">\r\n                <p>AV-04AFD, t\u0131bbi tesisler i\u00e7in y\u00fcksek performans sunmak amac\u0131yla tasarlanm\u0131\u015f \u00e7ok y\u00f6nl\u00fc bir interkom cihaz\u0131d\u0131r. HD sesli arama \u00f6zellikleri, eri\u015fim kontrol\u00fc entegrasyonu ve \u00e7e\u015fitli IP cihazlar\u0131yla uyumlulu\u011fu sayesinde, \u015f\u0131k ve modern bir tasar\u0131mda benzersiz ileti\u015fim ve g\u00fcvenlik \u00f6zellikleri sunar.<\/p>\n              <\/div>\r\n                  <\/div>\r\n    <\/div>\r\n<\/div>\r\n                    <div class=\"features-item\" data-aos=\"fade-up\">\r\n    <div class=\"features-box\">\r\n                    <div class=\"image-holder\">\r\n                <img loading=\"lazy\" decoding=\"async\" width=\"350\" height=\"320\" src=\"https:\/\/bas-ip.com\/wp-content\/uploads\/2023\/04\/5-3-350x320.jpg\" class=\"attachment-thumbnail_350x320 size-thumbnail_350x320\" alt=\"\" \/>            <\/div>\r\n        \r\n        <div class=\"text-holder\">\r\n                        <h3 class=\"title-block\">AM-02 \u2013 Verimli Consierge Terminali<\/h3>\r\n          \r\n                        <div class=\"text-block\">\r\n                <p>AM-02 konsiyerj terminali, sa\u011fl\u0131k profesyonelleri aras\u0131nda net ve g\u00fcvenilir ileti\u015fim sa\u011flar. Kolayca kurulabilen bu cihaz, hastane interkom sistemine sorunsuz bir \u015fekilde entegre edilebilir ve t\u0131bbi tesisler i\u00e7in verimli ve maliyet etkin bir \u00e7\u00f6z\u00fcm sunar.<\/p>\n              <\/div>\r\n                  <\/div>\r\n    <\/div>\r\n<\/div>\r\n                    <div class=\"features-item\" data-aos=\"fade-up\">\r\n    <div class=\"features-box\">\r\n                    <div class=\"image-holder\">\r\n                <img loading=\"lazy\" decoding=\"async\" width=\"350\" height=\"320\" src=\"https:\/\/bas-ip.com\/wp-content\/uploads\/2023\/04\/6-2-350x320.jpg\" class=\"attachment-thumbnail_350x320 size-thumbnail_350x320\" alt=\"\" \/>            <\/div>\r\n        \r\n        <div class=\"text-holder\">\r\n                        <h3 class=\"title-block\">SH-31TM &#8211; Giri\u015f Paneli S\u0131cakl\u0131k Mod\u00fcl\u00fc<\/h3>\r\n          \r\n                        <div class=\"text-block\">\r\n                <p>Kap\u0131 interkomu s\u0131cakl\u0131k mod\u00fcl\u00fc, temass\u0131z bilek s\u0131cakl\u0131k \u00f6l\u00e7\u00fcm\u00fc ile hastane interkom sisteminin \u00f6nemli bir par\u00e7as\u0131d\u0131r. Bu yenilik\u00e7i cihaz, eri\u015fim kontrol\u00fc ve sa\u011fl\u0131k tarama \u00f6zelliklerini birle\u015ftirerek, sa\u011fl\u0131k tesislerinde hem hastalar hem de personel i\u00e7in g\u00fcvenli ve emniyetli bir ortam sa\u011flar.<\/p>\n              <\/div>\r\n                  <\/div>\r\n    <\/div>\r\n<\/div>\r\n            <\/div>\r\n<\/section>\r\n<!-- END Block Features -->\n\n<!-- START Block FAQ --><section id=\"block_642163c6f4e28\" class=\"faq-section\">\r\n\t\t    <h2 class=\"title-section\" data-aos=\"fade-right\">S\u0131k\u00e7a Sorulan Sorular (SSS)<\/h2>\r\n\t\t\t    <div class=\"faq-list js-accordion\" data-aos=\"fade-up\">\r\n\t\t\t\t\t\t\t\t\t\t\t    <div class=\"accordion-item faq-item\">\r\n                        <div class=\"accordion-opener\">\r\n                            Q: BAS-IP&#8217;nin hastane interkom sistemi t\u0131bbi tesislerde verimlili\u011fi nas\u0131l art\u0131r\u0131yor?                            <i class=\"fa-solid fa-chevron-down\"><\/i>\r\n                        <\/div>\r\n                        <div class=\"accordion-slide\">\r\n\t\t\t\t\t\t    <p>BAS-IP&#8217;nin hastane interkom sistemi, sa\u011fl\u0131k profesyonellerinin sorunsuz ve g\u00fcvenli bir \u015fekilde ileti\u015fim kurmas\u0131na olanak tan\u0131r, bu da genel verimlili\u011fi art\u0131r\u0131r. HD ses ve video aramalar\u0131, eri\u015fim kontrol\u00fc ve \u00e7e\u015fitli IP cihazlar\u0131yla uyumluluk gibi geli\u015fmi\u015f \u00f6zelliklerle entegre olarak, sistem ileti\u015fimi kolayla\u015ft\u0131r\u0131r ve kritik durumlarda yan\u0131t s\u00fcresini k\u0131salt\u0131r.<\/p>\n                        <\/div>\r\n\t\t\t\t\t<\/div>\r\n\t\t\t\t\t\t\t\t\t\t\t\t\t\t\t    <div class=\"accordion-item faq-item\">\r\n                        <div class=\"accordion-opener\">\r\n                            Q: BAS-IP hastane interkom sistemi belirli bir t\u0131bbi tesisin gereksinimlerine uyacak \u015fekilde \u00f6zelle\u015ftirilebilir mi?                            <i class=\"fa-solid fa-chevron-down\"><\/i>\r\n                        <\/div>\r\n                        <div class=\"accordion-slide\">\r\n\t\t\t\t\t\t    <p>Evet, BAS-IP hastane interkom sistemi, bir t\u0131bbi tesisin \u00f6zel ihtiya\u00e7lar\u0131na g\u00f6re \u00f6zelle\u015ftirilebilir. \u00c7e\u015fitli IP cihazlar\u0131yla uyumlulu\u011fu ve IP yerel a\u011flar\u0131yla sorunsuz entegrasyonu, sistemin tesisiniz i\u00e7in en verimli ve etkili ileti\u015fim \u00e7\u00f6z\u00fcm\u00fcn\u00fc sa\u011flamak \u00fczere ki\u015fiselle\u015ftirilebilmesini garanti eder.<\/p>\n                        <\/div>\r\n\t\t\t\t\t<\/div>\r\n\t\t\t\t\t\t\t\t\t\t\t\t\t\t\t    <div class=\"accordion-item faq-item\">\r\n                        <div class=\"accordion-opener\">\r\n                            Q: BAS-IP&#8217;nin temiz oda interkomunu steril ortamlar i\u00e7in uygun k\u0131lan nedir?                            <i class=\"fa-solid fa-chevron-down\"><\/i>\r\n                        <\/div>\r\n                        <div class=\"accordion-slide\">\r\n\t\t\t\t\t\t    <p>BAS-IP&#8217;nin temiz oda interkomu, steril ortamlarda gereken s\u0131k\u0131 hijyen standartlar\u0131n\u0131 kar\u015f\u0131lamak \u00fczere tasarlanm\u0131\u015ft\u0131r. Sistem, temiz odalar\u0131n sterilitesini ve g\u00fcvenli\u011fini tehlikeye atmadan kesintisiz ileti\u015fim sa\u011flar, bu da onu s\u0131k\u0131 hijyen gereksinimlerine sahip t\u0131bbi tesisler i\u00e7in ideal bir se\u00e7enek haline getirir.<\/p>\n                        <\/div>\r\n\t\t\t\t\t<\/div>\r\n\t\t\t\t\t\t\t\t\t\t\t\t\t\t\t    <div class=\"accordion-item faq-item\">\r\n                        <div class=\"accordion-opener\">\r\n                            Q: BAS-IP hastane interkom sisteminin kurulumu ve bak\u0131m\u0131 ne kadar kolayd\u0131r?                            <i class=\"fa-solid fa-chevron-down\"><\/i>\r\n                        <\/div>\r\n                        <div class=\"accordion-slide\">\r\n\t\t\t\t\t\t    <p>BAS-IP&#8217;nin hastane interkom sistemi, kolay kurulum ve bak\u0131m i\u00e7in tasarlanm\u0131\u015ft\u0131r. Sistem, IP yerel a\u011flar\u0131yla sorunsuz entegrasyonu sayesinde kurulum s\u00fcrecini basitle\u015ftirirken, AV-04AFD ve AM-02 gibi y\u00fcksek kaliteli donan\u0131m bile\u015fenleri, uzun vadeli kullan\u0131m i\u00e7in g\u00fcvenilirlik ve dayan\u0131kl\u0131l\u0131k sa\u011flar.<\/p>\n                        <\/div>\r\n\t\t\t\t\t<\/div>\r\n\t\t\t\t\t\t\t\t\t<\/div>\r\n\t<\/section>\r\n<!-- END Block FAQ -->\n\n\n<p>BAS-IP&#8217;nin hastane interkom sistemi, t\u0131bbi tesisler i\u00e7in geli\u015fmi\u015f bir ileti\u015fim \u00e7\u00f6z\u00fcm\u00fc sunarak verimlili\u011fi, g\u00fcvenli\u011fi ve hijyeni art\u0131r\u0131r. Bug\u00fcn BAS-IP&#8217;nin hastane interkom sistemine ge\u00e7i\u015f yap\u0131n ve sa\u011fl\u0131k tesisinizdeki ileti\u015fim ve operasyonlardaki fark\u0131 deneyimleyin.<\/p>","protected":false},"excerpt":{"rendered":"<p>BAS-IP Hastane \u0130nterkom Sistemi &#8211; Hasta Bak\u0131m\u0131n\u0131 Y\u00fckseltin T\u0131p end\u00fcstrisi, hastalara en iyi hizmeti sunmak i\u00e7in s\u00fcrekli olarak geli\u015fiyor. \u0130leti\u015fim, etkili ve g\u00fcvenli t\u0131bbi hizmetlerin sa\u011flanmas\u0131nda kritik bir rol oynad\u0131\u011f\u0131ndan, son teknoloji bir hastane interkom sistemine ge\u00e7i\u015f yapmak gereklidir. BAS-IP&#8217;nin, temiz odalar ve t\u0131bbi tesisler i\u00e7in \u00f6zel olarak tasarlanm\u0131\u015f yenilik\u00e7i t\u0131bbi interkom sistemleri, sa\u011fl\u0131k profesyonelleri [&hellip;]<\/p>","protected":false},"author":1,"featured_media":0,"parent":0,"menu_order":0,"comment_status":"closed","ping_status":"closed","template":"","meta":{"inline_featured_image":false,"footnotes":""},"class_list":["post-133976","page","type-page","status-publish","hentry"],"acf":[],"_links":{"self":[{"href":"https:\/\/bas-ip.com\/tr\/wp-json\/wp\/v2\/pages\/133976","targetHints":{"allow":["GET"]}}],"collection":[{"href":"https:\/\/bas-ip.com\/tr\/wp-json\/wp\/v2\/pages"}],"about":[{"href":"https:\/\/bas-ip.com\/tr\/wp-json\/wp\/v2\/types\/page"}],"author":[{"embeddable":true,"href":"https:\/\/bas-ip.com\/tr\/wp-json\/wp\/v2\/users\/1"}],"replies":[{"embeddable":true,"href":"https:\/\/bas-ip.com\/tr\/wp-json\/wp\/v2\/comments?post=133976"}],"version-history":[{"count":3,"href":"https:\/\/bas-ip.com\/tr\/wp-json\/wp\/v2\/pages\/133976\/revisions"}],"predecessor-version":[{"id":134070,"href":"https:\/\/bas-ip.com\/tr\/wp-json\/wp\/v2\/pages\/133976\/revisions\/134070"}],"wp:attachment":[{"href":"https:\/\/bas-ip.com\/tr\/wp-json\/wp\/v2\/media?parent=133976"}],"curies":[{"name":"wp","href":"https:\/\/api.w.org\/{rel}","templated":true}]}}