{"id":133795,"date":"2023-03-27T16:07:41","date_gmt":"2023-03-27T16:07:41","guid":{"rendered":"https:\/\/bas-ip.com\/gates\/"},"modified":"2025-03-19T11:25:02","modified_gmt":"2025-03-19T11:25:02","slug":"gates","status":"publish","type":"page","link":"https:\/\/bas-ip.com\/tr\/gates\/","title":{"rendered":"Kap\u0131lar"},"content":{"rendered":"<h1 class=\"wp-block-heading\"><strong>Kap\u0131 \u0130nterkom Sistemi: G\u00fcvenli\u011finizi Art\u0131r\u0131n<\/strong><\/h1>\n\n\n\n<p>M\u00fclk eri\u015fim y\u00f6netiminin gelece\u011fine ho\u015f geldiniz, burada kolayl\u0131k, g\u00fcvenlik ve en son teknoloji bir araya geliyor. Bir BAS-IP kap\u0131 interkom sistemi ile, m\u00fclk\u00fcn\u00fcz\u00fcn eri\u015fim noktalar\u0131 \u00fczerinde benzersiz bir kontrol deneyimleyebilirsiniz. \u0130ster bir konut, ister bir apartman kompleksi veya ticari bir tesis olsun, interkom kap\u0131 sistemlerimiz her ihtiyac\u0131n\u0131z\u0131 kar\u015f\u0131layan benzersiz \u00f6zellikler sunar. Bilin\u00e7li bir karar vermeniz i\u00e7in gereken t\u00fcm bilgileri size sunarak, BAS-IP kap\u0131 interkomunun temel \u00f6zelliklerini ve avantajlar\u0131n\u0131 inceleyece\u011fiz.<\/p>\n\n\n\n<h2 class=\"wp-block-heading\"><strong>Neden BAS-IP \u0130nterkom Kap\u0131 Sistemini Se\u00e7melisiniz?<\/strong><\/h2>\n\n\n\n<p>BAS-IP interkom kap\u0131 sistemleri, geleneksel kap\u0131 interkomlar\u0131ndan onlar\u0131 ay\u0131ran \u00e7ok say\u0131da \u00f6zellik sunar. \u0130\u015fte BAS-IP \u00f6n kap\u0131 interkom sistemini se\u00e7menin ba\u015fl\u0131ca faydalar\u0131ndan baz\u0131lar\u0131:<\/p>\n\n\n<!-- START Block Features --><section id=\"block_6430528dc3f3e\" class=\"features-section\">\r\n\t\r\n    <div class=\"features-list\">\r\n                    <div class=\"features-item\" data-aos=\"fade-up\">\r\n    <div class=\"features-box\">\r\n                    <div class=\"image-holder\">\r\n                <img loading=\"lazy\" decoding=\"async\" width=\"350\" height=\"320\" src=\"https:\/\/bas-ip.com\/wp-content\/uploads\/2023\/04\/1-3-350x320.jpg\" class=\"attachment-thumbnail_350x320 size-thumbnail_350x320\" alt=\"\" \/>            <\/div>\r\n        \r\n        <div class=\"text-holder\">\r\n                        <h3 class=\"title-block\">IP Yerel A\u011f\u0131 i\u00e7inde kusursuz entegrasyon<\/h3>\r\n          \r\n                        <div class=\"text-block\">\r\n                <p>BAS-IP kap\u0131 interkom sistemleri, ayn\u0131 IP yerel a\u011f\u0131 i\u00e7inde sorunsuz \u00e7al\u0131\u015facak \u015fekilde tasarlanm\u0131\u015ft\u0131r, bu da kolay kurulum ve yap\u0131land\u0131rma sa\u011flar. Bu kesintisiz entegrasyon, interkom sisteminizi mevcut a\u011f altyap\u0131n\u0131za zahmetsizce entegre etmenize olanak tan\u0131r, uyumluluk sorunlar\u0131n\u0131 en aza indirir ve karma\u015f\u0131kl\u0131\u011f\u0131 azalt\u0131r.<\/p>\n              <\/div>\r\n                  <\/div>\r\n    <\/div>\r\n<\/div>\r\n                    <div class=\"features-item\" data-aos=\"fade-up\">\r\n    <div class=\"features-box\">\r\n                    <div class=\"image-holder\">\r\n                <img loading=\"lazy\" decoding=\"async\" width=\"350\" height=\"320\" src=\"https:\/\/bas-ip.com\/wp-content\/uploads\/2023\/04\/2-3-350x320.jpg\" class=\"attachment-thumbnail_350x320 size-thumbnail_350x320\" alt=\"\" \/>            <\/div>\r\n        \r\n        <div class=\"text-holder\">\r\n                        <h3 class=\"title-block\">Uzun Mesafe Ba\u011flant\u0131s\u0131<\/h3>\r\n          \r\n                        <div class=\"text-block\">\r\n                <p>BAS-IP kap\u0131 interkom sistemlerinin \u00f6ne \u00e7\u0131kan \u00f6zelliklerinden biri, uzun mesafelerde \u00e7al\u0131\u015fabilme yetenekleridir. Bu, geni\u015f m\u00fclkler, yayg\u0131n konut kompleksleri veya eri\u015fim noktalar\u0131n\u0131n da\u011f\u0131lm\u0131\u015f olabilece\u011fi ticari tesisler i\u00e7in onlar\u0131 ideal bir se\u00e7im haline getirir. BAS-IP kap\u0131 interkom \u00e7\u00f6z\u00fcmleri ile, mesafeden ba\u011f\u0131ms\u0131z olarak, t\u00fcm m\u00fclk\u00fcn\u00fczde g\u00fcvenli ileti\u015fim ve kontrol sa\u011flayabilirsiniz.<\/p>\n              <\/div>\r\n                  <\/div>\r\n    <\/div>\r\n<\/div>\r\n                    <div class=\"features-item\" data-aos=\"fade-up\">\r\n    <div class=\"features-box\">\r\n                    <div class=\"image-holder\">\r\n                <img loading=\"lazy\" decoding=\"async\" width=\"350\" height=\"320\" src=\"https:\/\/bas-ip.com\/wp-content\/uploads\/2023\/04\/3-3-350x320.jpg\" class=\"attachment-thumbnail_350x320 size-thumbnail_350x320\" alt=\"\" \/>            <\/div>\r\n        \r\n        <div class=\"text-holder\">\r\n                        <h3 class=\"title-block\">PC tabanl\u0131 Kap\u0131 Kontrol\u00fc<\/h3>\r\n          \r\n                        <div class=\"text-block\">\r\n                <p>BAS-IP kap\u0131 interkom sistemleri, kap\u0131lar\u0131n\u0131z\u0131 bir bilgisayardan a\u00e7ma ve y\u00f6netme esnekli\u011fi sunar. Bu, \u00f6zel bir fiziksel aray\u00fcze ihtiya\u00e7 duymadan eri\u015fimi uzaktan ve rahat\u00e7a kontrol edebilece\u011finiz anlam\u0131na gelir. \u0130ster evde ister ofiste olun, m\u00fclk\u00fcn\u00fcz\u00fcn eri\u015fim noktalar\u0131 \u00fczerinde tam kontrole parmaklar\u0131n\u0131z\u0131n ucunda sahip olacaks\u0131n\u0131z.<\/p>\n              <\/div>\r\n                  <\/div>\r\n    <\/div>\r\n<\/div>\r\n                    <div class=\"features-item\" data-aos=\"fade-up\">\r\n    <div class=\"features-box\">\r\n                    <div class=\"image-holder\">\r\n                <img loading=\"lazy\" decoding=\"async\" width=\"350\" height=\"320\" src=\"https:\/\/bas-ip.com\/wp-content\/uploads\/2023\/04\/4-3-350x320.jpg\" class=\"attachment-thumbnail_350x320 size-thumbnail_350x320\" alt=\"\" \/>            <\/div>\r\n        \r\n        <div class=\"text-holder\">\r\n                        <h3 class=\"title-block\">\u00c7oklu Kap\u0131 Y\u00f6netimi i\u00e7in \u00c7ift Kilit Mod\u00fcl\u00fc<\/h3>\r\n          \r\n                        <div class=\"text-block\">\r\n                <p>BAS-IP SH-42 \u00e7ift kilit mod\u00fcl\u00fc, tek bir kap\u0131 interkom sistemi kullanarak ayn\u0131 anda iki kap\u0131y\u0131 kontrol etmenizi sa\u011flar. Bu \u00f6zellik, birden fazla eri\u015fim noktas\u0131 veya ayr\u0131 yaya ve ara\u00e7 giri\u015fleri olan m\u00fclkler i\u00e7in m\u00fckemmeldir ve t\u00fcm kap\u0131lar\u0131n\u0131z\u0131n tek bir merkezi sistemden verimli bir \u015fekilde y\u00f6netilmesini sa\u011flar.<\/p>\n              <\/div>\r\n                  <\/div>\r\n    <\/div>\r\n<\/div>\r\n                    <div class=\"features-item\" data-aos=\"fade-up\">\r\n    <div class=\"features-box\">\r\n                    <div class=\"image-holder\">\r\n                <img loading=\"lazy\" decoding=\"async\" width=\"350\" height=\"320\" src=\"https:\/\/bas-ip.com\/wp-content\/uploads\/2023\/04\/5-4-350x320.jpg\" class=\"attachment-thumbnail_350x320 size-thumbnail_350x320\" alt=\"\" \/>            <\/div>\r\n        \r\n        <div class=\"text-holder\">\r\n                        <h3 class=\"title-block\">Mevcut IP CCTV Sistemleriyle Entegrasyon<\/h3>\r\n          \r\n                        <div class=\"text-block\">\r\n                <p>BAS-IP kap\u0131 g\u00f6r\u00fcnt\u00fcl\u00fc interkom sistemleri, mevcut IP CCTV altyap\u0131n\u0131zla kolayca entegre edilebilir. Bu, g\u00fcvenlik kameralar\u0131n\u0131zla ayn\u0131 aray\u00fcz\u00fc kullanarak m\u00fclk\u00fcn\u00fcz\u00fcn eri\u015fim noktalar\u0131n\u0131 izlemenize ve kontrol etmenize olanak tan\u0131r, g\u00fcvenlik y\u00f6netiminizi kolayla\u015ft\u0131r\u0131r ve genel verimlili\u011fi art\u0131r\u0131r.<\/p>\n              <\/div>\r\n                  <\/div>\r\n    <\/div>\r\n<\/div>\r\n                    <div class=\"features-item\" data-aos=\"fade-up\">\r\n    <div class=\"features-box\">\r\n                    <div class=\"image-holder\">\r\n                <img loading=\"lazy\" decoding=\"async\" width=\"350\" height=\"320\" src=\"https:\/\/bas-ip.com\/wp-content\/uploads\/2023\/04\/6-3-350x320.jpg\" class=\"attachment-thumbnail_350x320 size-thumbnail_350x320\" alt=\"\" \/>            <\/div>\r\n        \r\n        <div class=\"text-holder\">\r\n                        <h3 class=\"title-block\">Plaka Tan\u0131ma Entegrasyonu<\/h3>\r\n          \r\n                        <div class=\"text-block\">\r\n                <p>BAS-IP giri\u015f panelleri, plaka tan\u0131ma kameralar\u0131yla entegre edilebilir ve \u00f6nceden yetkilendirilmi\u015f ara\u00e7lar i\u00e7in eri\u015fimi otomatikle\u015ftirmenize olanak tan\u0131r. Bu geli\u015fmi\u015f \u00f6zellik, yetkili ara\u00e7lar i\u00e7in bariyerleri otomatik olarak a\u00e7arak, bekleme s\u00fcrelerini en aza indirerek ve manuel eri\u015fim kontrol\u00fc ihtiyac\u0131n\u0131 azaltarak g\u00fcvenli\u011fi ve rahatl\u0131\u011f\u0131 \u00f6nemli \u00f6l\u00e7\u00fcde art\u0131r\u0131r.<\/p>\n              <\/div>\r\n                  <\/div>\r\n    <\/div>\r\n<\/div>\r\n            <\/div>\r\n<\/section>\r\n<!-- END Block Features -->\n\n\n<h2 class=\"wp-block-heading\"><strong>\u00c7e\u015fitli Kap\u0131 Tipleriyle Uyumlu<\/strong><\/h2>\n\n\n\n<p>BAS-IP kap\u0131 interkomlar\u0131, kullan\u0131c\u0131lar i\u00e7in kesintisiz bir ileti\u015fim deneyimi sa\u011flayarak farkl\u0131 kap\u0131 mekanizmalar\u0131yla entegre edilebilir:<\/p>\n\n\n\n<ol class=\"wp-block-list\">\n<li><strong>Kanatl\u0131 kap\u0131lar:<\/strong> Bu kap\u0131lar, i\u00e7e veya d\u0131\u015fa do\u011fru sallanma hareketiyle a\u00e7\u0131l\u0131p kapan\u0131r. Klasik g\u00f6r\u00fcn\u00fcmleri ve kullan\u0131m kolayl\u0131klar\u0131 nedeniyle konut ve ticari ortamlarda pop\u00fclerdirler.<\/li>\n\n\n\n<li><strong>S\u00fcrg\u00fcl\u00fc kap\u0131lar:<\/strong> Genellikle ticari ve end\u00fcstriyel ortamlarda kullan\u0131lan s\u00fcrg\u00fcl\u00fc kap\u0131lar, a\u00e7\u0131l\u0131p kapanmak i\u00e7in bir ray boyunca yatay olarak hareket eder.<\/li>\n\n\n\n<li><strong>Bariyer kap\u0131lar:<\/strong> Genellikle otoparklarda ve eri\u015fim kontroll\u00fc alanlarda bulunan bariyer kap\u0131lar, giri\u015fi ve \u00e7\u0131k\u0131\u015f\u0131 kontrol etmek i\u00e7in dikey bir kol kullan\u0131r.<\/li>\n\n\n\n<li><strong>\u00c7ift katlan\u0131r kap\u0131lar:<\/strong> Bu kap\u0131lar, a\u00e7\u0131ld\u0131\u011f\u0131nda birbirine katlanan iki panelden olu\u015fur, yerden tasarruf sa\u011flar ve \u015f\u0131k bir g\u00f6r\u00fcn\u00fcm sunar.<\/li>\n\n\n\n<li><strong>Dikey kald\u0131rma kap\u0131lar\u0131:<\/strong> Tipik olarak y\u00fcksek g\u00fcvenlikli alanlarda kullan\u0131lan dikey kald\u0131rma kap\u0131lar\u0131, a\u00e7\u0131l\u0131p kapanmak i\u00e7in yukar\u0131 ve a\u015fa\u011f\u0131 hareket eder.<\/li>\n\n\n\n<li><strong>Turnikeler:<\/strong> Toplu ta\u015f\u0131ma merkezlerinde ve baz\u0131 ticari binalarda yayg\u0131n olan turnikeler, yaln\u0131zca bir ki\u015finin ayn\u0131 anda ge\u00e7mesine izin vererek eri\u015fimi kontrol eder.<\/li>\n\n\n\n<li><strong>Yaya kap\u0131lar\u0131:<\/strong> Bu kap\u0131lar \u00f6zellikle yaya trafi\u011fi i\u00e7in tasarlanm\u0131\u015ft\u0131r ve konut topluluklar\u0131, parklar veya ticari kompleksler gibi \u00e7e\u015fitli ortamlarda bulunabilir.<\/li>\n<\/ol>\n\n\n\n<p>BAS-IP interkomun uyarlanabilirli\u011fi, onu \u00e7ok \u00e7e\u015fitli kap\u0131 t\u00fcrleri i\u00e7in ideal bir se\u00e7im haline getirir ve konut, ticari ve end\u00fcstriyel m\u00fclkler i\u00e7in verimli ve g\u00fcvenli eri\u015fim kontrol\u00fc sa\u011flar.<\/p>\n\n\n\n<h2 class=\"wp-block-heading\"><strong>Kap\u0131lar i\u00e7in BAS-IP \u0130nterkom Sisteminin Bile\u015fenlerini Anlamak<\/strong><\/h2>\n\n\n\n<p>BAS-IP kap\u0131 interkom sistemleri, kapsaml\u0131 ve verimli bir kap\u0131 giri\u015f interkom sistemi olu\u015fturmada her biri \u00e7ok \u00f6nemli bir rol oynayan \u00fc\u00e7 ana bile\u015fenden olu\u015fur:<\/p>\n\n\n<!-- START Block Features --><section id=\"block_643053d1c3f45\" class=\"features-section\">\r\n\t\r\n    <div class=\"features-list\">\r\n                    <div class=\"features-item\" data-aos=\"fade-up\">\r\n    <div class=\"features-box\">\r\n                    <div class=\"image-holder\">\r\n                <img loading=\"lazy\" decoding=\"async\" width=\"350\" height=\"320\" src=\"https:\/\/bas-ip.com\/wp-content\/uploads\/2023\/04\/7-1-350x320.jpg\" class=\"attachment-thumbnail_350x320 size-thumbnail_350x320\" alt=\"\" \/>            <\/div>\r\n        \r\n        <div class=\"text-holder\">\r\n                        <h3 class=\"title-block\">IP \u0130nterkom Kap\u0131 Panelleri<\/h3>\r\n          \r\n                        <div class=\"text-block\">\r\n                <p>BAS-IP kap\u0131 giri\u015f panelleri, kap\u0131 interkom sisteminiz i\u00e7in birincil aray\u00fcz g\u00f6revi g\u00f6r\u00fcr. Dayan\u0131kl\u0131, hava ko\u015fullar\u0131na dayan\u0131kl\u0131 ve kullan\u0131m\u0131 kolay olacak \u015fekilde tasarlanm\u0131\u015ft\u0131r. \u00c7e\u015fitli tasar\u0131m ve y\u00fczey se\u00e7enekleriyle, bu paneller m\u00fclk\u00fcn\u00fcz\u00fcn esteti\u011fine uyacak \u015fekilde \u00f6zelle\u015ftirilebilir. Dahili kameralar, mikrofonlar ve hoparl\u00f6rler i\u00e7eren BAS-IP kap\u0131 panelleri, ziyaret\u00e7i ve sakin veya g\u00fcvenlik personeli aras\u0131nda kristal netli\u011finde ses ve video ileti\u015fimi sa\u011flar.<\/p>\n              <\/div>\r\n                  <\/div>\r\n    <\/div>\r\n<\/div>\r\n                    <div class=\"features-item\" data-aos=\"fade-up\">\r\n    <div class=\"features-box\">\r\n                    <div class=\"image-holder\">\r\n                <img loading=\"lazy\" decoding=\"async\" width=\"350\" height=\"320\" src=\"https:\/\/bas-ip.com\/wp-content\/uploads\/2023\/04\/8-1-350x320.jpg\" class=\"attachment-thumbnail_350x320 size-thumbnail_350x320\" alt=\"\" \/>            <\/div>\r\n        \r\n        <div class=\"text-holder\">\r\n                        <h3 class=\"title-block\">G\u00f6r\u00fcnt\u00fcl\u00fc Telefonlar<\/h3>\r\n          \r\n                        <div class=\"text-block\">\r\n                <p>BAS-IP kap\u0131 giri\u015f panelleri, kap\u0131 interkom sisteminiz i\u00e7in birincil aray\u00fcz g\u00f6revi g\u00f6r\u00fcr. Dayan\u0131kl\u0131, hava ko\u015fullar\u0131na dayan\u0131kl\u0131 ve kullan\u0131m\u0131 kolay olacak \u015fekilde tasarlanm\u0131\u015ft\u0131r. \u00c7e\u015fitli tasar\u0131m ve y\u00fczey se\u00e7enekleriyle, bu paneller m\u00fclk\u00fcn\u00fcz\u00fcn esteti\u011fine uyacak \u015fekilde \u00f6zelle\u015ftirilebilir. Dahili kameralar, mikrofonlar ve hoparl\u00f6rler i\u00e7eren BAS-IP kap\u0131 panelleri, ziyaret\u00e7i ve sakin veya g\u00fcvenlik personeli aras\u0131nda kristal netli\u011finde ses ve video ileti\u015fimi sa\u011flar.<\/p>\n              <\/div>\r\n                  <\/div>\r\n    <\/div>\r\n<\/div>\r\n                    <div class=\"features-item\" data-aos=\"fade-up\">\r\n    <div class=\"features-box\">\r\n                    <div class=\"image-holder\">\r\n                <img loading=\"lazy\" decoding=\"async\" width=\"350\" height=\"320\" src=\"https:\/\/bas-ip.com\/wp-content\/uploads\/2023\/04\/9-1-350x320.jpg\" class=\"attachment-thumbnail_350x320 size-thumbnail_350x320\" alt=\"\" \/>            <\/div>\r\n        \r\n        <div class=\"text-holder\">\r\n                        <h3 class=\"title-block\">POE Anahtarlar\u0131<\/h3>\r\n          \r\n                        <div class=\"text-block\">\r\n                <p>Power over Ethernet (POE) switches are an essential component of a BAS-IP intercom for electric gates. They provide both power and data connectivity to your intercom devices using a single Ethernet cable. This simplifies installation, reduces cable clutter, and ensures a reliable, high-speed connection between your gate intercom components.<\/p>\n              <\/div>\r\n                  <\/div>\r\n    <\/div>\r\n<\/div>\r\n            <\/div>\r\n<\/section>\r\n<!-- END Block Features -->\n\n<!-- START Block FAQ --><section id=\"block_6421c0e7ae86e\" class=\"faq-section\">\r\n\t\t    <h2 class=\"title-section\" data-aos=\"fade-right\">S\u0131k\u00e7a Sorulan Sorular (SSS)<\/h2>\r\n\t\t\t    <div class=\"faq-list js-accordion\" data-aos=\"fade-up\">\r\n\t\t\t\t\t\t\t\t\t\t\t    <div class=\"accordion-item faq-item\">\r\n                        <div class=\"accordion-opener\">\r\n                            Q: Mevcut IP yerel a\u011f\u0131mla birlikte BAS-IP interkom kap\u0131 sistemini kullanabilir miyim?                            <i class=\"fa-solid fa-chevron-down\"><\/i>\r\n                        <\/div>\r\n                        <div class=\"accordion-slide\">\r\n\t\t\t\t\t\t    <p>Evet, BAS-IP interkom kap\u0131 sistemleri, mevcut IP yerel a\u011f\u0131n\u0131zda sorunsuz bir \u015fekilde \u00e7al\u0131\u015facak \u015fekilde tasarlanm\u0131\u015ft\u0131r, bu da entegrasyonu kolay ve sorunsuz hale getirir.<\/p>\n                        <\/div>\r\n\t\t\t\t\t<\/div>\r\n\t\t\t\t\t\t\t\t\t\t\t\t\t\t\t    <div class=\"accordion-item faq-item\">\r\n                        <div class=\"accordion-opener\">\r\n                            Q: BAS-IP kap\u0131 interkom sistemleri uzun mesafelerde nas\u0131l performans g\u00f6sterir?                            <i class=\"fa-solid fa-chevron-down\"><\/i>\r\n                        <\/div>\r\n                        <div class=\"accordion-slide\">\r\n\t\t\t\t\t\t    <p>Kesinlikle do\u011fru. BAS-IP kap\u0131 interkom sistemleri, uzun mesafelerde verimli \u00e7al\u0131\u015facak \u015fekilde tasarlanm\u0131\u015ft\u0131r, bu da onlar\u0131 da\u011f\u0131n\u0131k eri\u015fim noktalar\u0131 veya b\u00fcy\u00fck tesisleri olan m\u00fclkler i\u00e7in ideal bir se\u00e7im haline getirir.<\/p>\n                        <\/div>\r\n\t\t\t\t\t<\/div>\r\n\t\t\t\t\t\t\t\t\t\t\t\t\t\t\t    <div class=\"accordion-item faq-item\">\r\n                        <div class=\"accordion-opener\">\r\n                            Q: BAS-IP kap\u0131 g\u00f6r\u00fcnt\u00fcl\u00fc interkomumu mevcut IP CCTV sistemim ile nas\u0131l entegre edebilirim?                            <i class=\"fa-solid fa-chevron-down\"><\/i>\r\n                        <\/div>\r\n                        <div class=\"accordion-slide\">\r\n\t\t\t\t\t\t    <p>Do\u011fru, BAS-IP kap\u0131 interkom sistemleri mevcut IP CCTV altyap\u0131n\u0131zla kolayca entegre edilebilir, bu da g\u00fcvenlik kameralar\u0131n\u0131zla ayn\u0131 aray\u00fcz\u00fc kullanarak m\u00fclk\u00fcn\u00fcz\u00fcn eri\u015fim noktalar\u0131n\u0131 y\u00f6netmenize ve izlemenize olanak tan\u0131r.<\/p>\n                        <\/div>\r\n\t\t\t\t\t<\/div>\r\n\t\t\t\t\t\t\t\t\t\t\t\t\t\t\t    <div class=\"accordion-item faq-item\">\r\n                        <div class=\"accordion-opener\">\r\n                            Q: Tek bir BAS-IP interkom cihaz\u0131 kullanarak birden fazla kap\u0131y\u0131 kontrol etmek m\u00fcmk\u00fcn m\u00fcd\u00fcr?                            <i class=\"fa-solid fa-chevron-down\"><\/i>\r\n                        <\/div>\r\n                        <div class=\"accordion-slide\">\r\n\t\t\t\t\t\t    <p>Evet, BAS-IP SH-42 \u00e7ift kilit mod\u00fcl\u00fc ile tek bir kap\u0131 interkom sistemi kullanarak ayn\u0131 anda iki kap\u0131y\u0131 kontrol edebilirsiniz. Bu \u00f6zellik, birden fazla eri\u015fim noktas\u0131 veya ayr\u0131 yaya ve ara\u00e7 giri\u015fleri olan m\u00fclkler i\u00e7in m\u00fckemmeldir.<\/p>\n                        <\/div>\r\n\t\t\t\t\t<\/div>\r\n\t\t\t\t\t\t\t\t\t<\/div>\r\n\t<\/section>\r\n<!-- END Block FAQ -->\n\n\n<p>BAS-IP kap\u0131 interkom sistemleri, m\u00fclk eri\u015fiminiz \u00fczerinde benzersiz kontrol i\u00e7in kolayl\u0131k, g\u00fcvenlik ve geli\u015fmi\u015f teknolojinin m\u00fckemmel bir kar\u0131\u015f\u0131m\u0131n\u0131 sunar. Kesintisiz IP yerel a\u011f entegrasyonu, uzun mesafeli ba\u011flant\u0131, PC tabanl\u0131 kap\u0131 kontrol\u00fc, \u00e7ift kilit mod\u00fcl\u00fc i\u015flevselli\u011fi, IP CCTV sistem entegrasyonu ve plaka tan\u0131ma kameras\u0131 uyumlulu\u011fu gibi benzersiz \u00f6zellikleriyle BAS-IP kap\u0131 interkom sistemleri, eri\u015fim y\u00f6netimini geli\u015ftirmek isteyen herhangi bir m\u00fclk sahibi i\u00e7in ola\u011fan\u00fcst\u00fc bir se\u00e7imdir.<\/p>\n\n\n\n<p>Bir BAS-IP \u00f6n kap\u0131 interkom sistemi se\u00e7erek, ihtiya\u00e7lar\u0131n\u0131za kolayca uyum sa\u011flayabilen, m\u00fclk\u00fcn\u00fczle birlikte b\u00fcy\u00fcyebilen ve m\u00fclk\u00fcn\u00fcz\u00fcn g\u00fcvende oldu\u011funu ve yaln\u0131zca g\u00fcvendiklerinizin eri\u015febildi\u011fini bilmenin verdi\u011fi g\u00f6n\u00fcl rahatl\u0131\u011f\u0131n\u0131 sa\u011flayan bir \u00e7\u00f6z\u00fcme yat\u0131r\u0131m yapm\u0131\u015f olacaks\u0131n\u0131z. Bir BAS-IP kap\u0131 interkom sisteminin m\u00fclk\u00fcn\u00fcz i\u00e7in bug\u00fcn yaratabilece\u011fi fark\u0131 deneyimleyin.<\/p>","protected":false},"excerpt":{"rendered":"<p>Kap\u0131 \u0130nterkom Sistemi: G\u00fcvenli\u011finizi Art\u0131r\u0131n M\u00fclk eri\u015fim y\u00f6netiminin gelece\u011fine ho\u015f geldiniz, burada kolayl\u0131k, g\u00fcvenlik ve en son teknoloji bir araya geliyor. Bir BAS-IP kap\u0131 interkom sistemi ile, m\u00fclk\u00fcn\u00fcz\u00fcn eri\u015fim noktalar\u0131 \u00fczerinde benzersiz bir kontrol deneyimleyebilirsiniz. \u0130ster bir konut, ister bir apartman kompleksi veya ticari bir tesis olsun, interkom kap\u0131 sistemlerimiz her ihtiyac\u0131n\u0131z\u0131 kar\u015f\u0131layan benzersiz \u00f6zellikler [&hellip;]<\/p>","protected":false},"author":1,"featured_media":0,"parent":0,"menu_order":0,"comment_status":"closed","ping_status":"closed","template":"","meta":{"inline_featured_image":false,"footnotes":""},"class_list":["post-133795","page","type-page","status-publish","hentry"],"acf":[],"_links":{"self":[{"href":"https:\/\/bas-ip.com\/tr\/wp-json\/wp\/v2\/pages\/133795","targetHints":{"allow":["GET"]}}],"collection":[{"href":"https:\/\/bas-ip.com\/tr\/wp-json\/wp\/v2\/pages"}],"about":[{"href":"https:\/\/bas-ip.com\/tr\/wp-json\/wp\/v2\/types\/page"}],"author":[{"embeddable":true,"href":"https:\/\/bas-ip.com\/tr\/wp-json\/wp\/v2\/users\/1"}],"replies":[{"embeddable":true,"href":"https:\/\/bas-ip.com\/tr\/wp-json\/wp\/v2\/comments?post=133795"}],"version-history":[{"count":4,"href":"https:\/\/bas-ip.com\/tr\/wp-json\/wp\/v2\/pages\/133795\/revisions"}],"predecessor-version":[{"id":133924,"href":"https:\/\/bas-ip.com\/tr\/wp-json\/wp\/v2\/pages\/133795\/revisions\/133924"}],"wp:attachment":[{"href":"https:\/\/bas-ip.com\/tr\/wp-json\/wp\/v2\/media?parent=133795"}],"curies":[{"name":"wp","href":"https:\/\/api.w.org\/{rel}","templated":true}]}}