{"id":133514,"date":"2023-03-27T12:22:38","date_gmt":"2023-03-27T12:22:38","guid":{"rendered":"https:\/\/bas-ip.com\/school\/"},"modified":"2025-03-13T11:54:42","modified_gmt":"2025-03-13T11:54:42","slug":"school","status":"publish","type":"page","link":"https:\/\/bas-ip.com\/tr\/school\/","title":{"rendered":"Okul"},"content":{"rendered":"<h1 class=\"wp-block-heading\"><strong>Okullar \u0130\u00e7in \u0130nterkom Sistemleri<\/strong><\/h1>\n\n\n\n<p>Bug\u00fcn\u00fcn d\u00fcnyas\u0131nda, kesintisiz ileti\u015fim ve g\u00fcvenlik, herhangi bir e\u011fitim kurumunun temel bile\u015fenleridir. Verimli bir okul interkom sistemi sadece h\u0131zl\u0131 ileti\u015fimi sa\u011flamakla kalmaz, ayn\u0131 zamanda \u00f6\u011frencilerin, \u00f6\u011fretim \u00fcyelerinin ve personelin g\u00fcvenli\u011fini de art\u0131r\u0131r. BAS-IP okul interkom sistemi, g\u00fc\u00e7l\u00fc teknoloji, yenilik\u00e7i \u00f6zellikler ve benzersiz performans\u0131 birle\u015ftiren nihai \u00e7\u00f6z\u00fcm olarak devreye giriyor. Bu makale, BAS-IP interkom sistemlerinin temel \u00f6zelliklerini ve avantajlar\u0131n\u0131 inceleyerek, neden okulumuz i\u00e7in en iyi se\u00e7enek olduklar\u0131n\u0131 g\u00f6steriyor.<\/p>\n\n\n\n<h2 class=\"wp-block-heading\"><strong>Okullar \u0130\u00e7in IP \u0130nterkomun G\u00fcc\u00fc<\/strong><\/h2>\n\n\n\n<h3 class=\"wp-block-heading\"><strong>Kablolu IP \u0130nterkom Sistemi: \u00dcst\u00fcn Se\u00e7im<\/strong><\/h3>\n\n\n\n<p>Kablosuz interkom sistemleri baz\u0131 seviyelerde kolayl\u0131k sunsa da, kablolu IP interkom sistemleri daha y\u00fcksek bir g\u00fcvenilirlik, g\u00fcvenlik ve performans seviyesi sunar. Okullar i\u00e7in BAS-IP interkom sistemi kullanarak, kesintisiz ileti\u015fim ve kontrol garantisi sa\u011flayan g\u00fcvenli ve stabil bir \u00e7\u00f6z\u00fcme yat\u0131r\u0131m yapm\u0131\u015f olursunuz.<\/p>\n\n\n\n<h3 class=\"wp-block-heading\"><strong>E\u011fitim Kurumlar\u0131 \u0130\u00e7in Kapsaml\u0131 Bir \u00c7\u00f6z\u00fcm<\/strong><\/h3>\n\n\n\n<p>BAS-IP interkom sistemi, okullar, kamp\u00fcsler ve kolejler i\u00e7in tasarlanm\u0131\u015ft\u0131r. Ses panelleri, concierge terminalleri ve POE anahtarlar\u0131n\u0131 sorunsuz bir \u015fekilde entegre ederek, hem verimli hem de maliyet etkin bir ileti\u015fim a\u011f\u0131 olu\u015fturur. Okul giri\u015finde s\u0131cakl\u0131k izleme gibi benzersiz \u00f6zellikleriyle, bu interkom sistemi t\u00fcm kullan\u0131c\u0131lar i\u00e7in art\u0131r\u0131lm\u0131\u015f g\u00fcvenlik ve konfor sa\u011flar.<\/p>\n\n\n\n<h2 class=\"wp-block-heading\"><strong>BAS-IP Okul \u0130nterkom Sisteminin Temel Bile\u015fenleri<\/strong><\/h2>\n\n\n<!-- START Block Features --><section id=\"block_6430565dc8a2b\" class=\"features-section\">\r\n\t\r\n    <div class=\"features-list\">\r\n                    <div class=\"features-item\" data-aos=\"fade-up\">\r\n    <div class=\"features-box\">\r\n                    <div class=\"image-holder\">\r\n                <img loading=\"lazy\" decoding=\"async\" width=\"350\" height=\"320\" src=\"https:\/\/bas-ip.com\/wp-content\/uploads\/2023\/04\/1-4-350x320.jpg\" class=\"attachment-thumbnail_350x320 size-thumbnail_350x320\" alt=\"\" \/>            <\/div>\r\n        \r\n        <div class=\"text-holder\">\r\n                        <h3 class=\"title-block\">BAS-IP AV-04AFD Ses Paneli<\/h3>\r\n          \r\n                        <div class=\"text-block\">\r\n                <p>AV-04AFD ses paneli, e\u011fitim kurumlar\u0131 i\u00e7in \u00f6zel olarak tasarlanm\u0131\u015f uygun fiyatl\u0131 ve \u00f6zelliklerle dolu bir interkom \u00e7\u00f6z\u00fcm\u00fcd\u00fcr. Okulun farkl\u0131 alanlar\u0131 aras\u0131nda kristal netli\u011finde ileti\u015fim sa\u011flar ve h\u0131zl\u0131 eri\u015fim kontrol\u00fcn\u00fc garanti eder.<\/p>\n              <\/div>\r\n                  <\/div>\r\n    <\/div>\r\n<\/div>\r\n                    <div class=\"features-item\" data-aos=\"fade-up\">\r\n    <div class=\"features-box\">\r\n                    <div class=\"image-holder\">\r\n                <img loading=\"lazy\" decoding=\"async\" width=\"350\" height=\"320\" src=\"https:\/\/bas-ip.com\/wp-content\/uploads\/2023\/04\/2-4-350x320.jpg\" class=\"attachment-thumbnail_350x320 size-thumbnail_350x320\" alt=\"\" \/>            <\/div>\r\n        \r\n        <div class=\"text-holder\">\r\n                        <h3 class=\"title-block\">BAS-IP AM-02 Dan\u0131\u015fma Terminali<\/h3>\r\n          \r\n                        <div class=\"text-block\">\r\n                <p>AM-02 concierge terminali, t\u00fcm interkom sisteminin merkezi kontrol noktas\u0131 olarak hizmet verir, personelin \u00e7a\u011fr\u0131lar\u0131 y\u00f6netmesine, giri\u015fleri izlemeye ve eri\u015fim izni vermesine olanak tan\u0131r. Kullan\u0131c\u0131 dostu aray\u00fcz\u00fc, verimli ileti\u015fim ve y\u00f6netim i\u00e7in m\u00fckemmel bir se\u00e7im olmas\u0131n\u0131 sa\u011flar.<\/p>\n              <\/div>\r\n                  <\/div>\r\n    <\/div>\r\n<\/div>\r\n                    <div class=\"features-item\" data-aos=\"fade-up\">\r\n    <div class=\"features-box\">\r\n                    <div class=\"image-holder\">\r\n                <img loading=\"lazy\" decoding=\"async\" width=\"350\" height=\"320\" src=\"https:\/\/bas-ip.com\/wp-content\/uploads\/2023\/04\/3-4-350x320.jpg\" class=\"attachment-thumbnail_350x320 size-thumbnail_350x320\" alt=\"\" \/>            <\/div>\r\n        \r\n        <div class=\"text-holder\">\r\n                        <h3 class=\"title-block\">BAS-IP SH-20.16 16 Portlu POE Anahtar\u0131<\/h3>\r\n          \r\n                        <div class=\"text-block\">\r\n                <p>SH-20.16 16 portlu POE anahtar\u0131, BAS-IP interkom sistemi i\u00e7in gerekli g\u00fc\u00e7 ve ba\u011flant\u0131y\u0131 sa\u011flar, okul kamp\u00fcs\u00fc genelinde kesintisiz ve sorunsuz bir performans garanti eder.<\/p>\n              <\/div>\r\n                  <\/div>\r\n    <\/div>\r\n<\/div>\r\n                    <div class=\"features-item\" data-aos=\"fade-up\">\r\n    <div class=\"features-box\">\r\n                    <div class=\"image-holder\">\r\n                <img loading=\"lazy\" decoding=\"async\" width=\"350\" height=\"320\" src=\"https:\/\/bas-ip.com\/wp-content\/uploads\/2023\/04\/4-4-350x320.jpg\" class=\"attachment-thumbnail_350x320 size-thumbnail_350x320\" alt=\"\" \/>            <\/div>\r\n        \r\n        <div class=\"text-holder\">\r\n                        <h3 class=\"title-block\">BAS-IP SH-31TM S\u0131cakl\u0131k Modeli<\/h3>\r\n          \r\n                        <div class=\"text-block\">\r\n                <p>SH-31TM s\u0131cakl\u0131k modeli, okul giri\u015fine kurulabilir ve ger\u00e7ek zamanl\u0131 s\u0131cakl\u0131k izleme sa\u011flar, b\u00f6ylece \u00f6\u011frenciler, personel ve ziyaret\u00e7iler i\u00e7in sa\u011fl\u0131kl\u0131 bir ortam\u0131n korunmas\u0131na yard\u0131mc\u0131 olur. Bu ek g\u00fcvenlik katman\u0131n\u0131 ekleyerek, okulunuz potansiyel sa\u011fl\u0131k sorunlar\u0131na proaktif bir \u015fekilde m\u00fcdahale edebilir ve kamp\u00fcsteki herkesin sa\u011fl\u0131\u011f\u0131n\u0131 g\u00fcvence alt\u0131na alabilir.<\/p>\n              <\/div>\r\n                  <\/div>\r\n    <\/div>\r\n<\/div>\r\n                    <div class=\"features-item features-full-width\" data-aos=\"fade-up\">\r\n    <div class=\"features-box image-position-left\">\r\n                <div class=\"image-holder\">\r\n            <img loading=\"lazy\" decoding=\"async\" width=\"1\" height=\"1\" src=\"https:\/\/bas-ip.com\/wp-content\/uploads\/2023\/04\/school-1.svg\" class=\"attachment-thumbnail_350x320 size-thumbnail_350x320\" alt=\"\" \/>          <\/div>\r\n      \r\n      <div class=\"text-holder\">\r\n                        <h3 class=\"title-block\">Sorunsuz Entegrasyon i\u00e7in IP A\u011flar\u0131ndan Yararlanma<\/h3>\r\n          \r\n                        <div class=\"text-block\">\r\n                <p>BAS-IP interkom sistemleri, okulunuzun mevcut IP yerel a\u011f\u0131yla sorunsuz bir \u015fekilde \u00e7al\u0131\u015facak \u015fekilde tasarlanm\u0131\u015ft\u0131r, bu da kolay kurulum ve bak\u0131m sa\u011flar. Bu entegrasyon, e\u011fitim kurumunda daha iyi ileti\u015fim, eri\u015fim kontrol\u00fc ve g\u00fcvenlik sa\u011flar.<\/p>\n              <\/div>\r\n                <\/div>\r\n    <\/div>\r\n<\/div>\r\n                    <div class=\"features-item features-full-width\" data-aos=\"fade-up\">\r\n    <div class=\"features-box image-position-right\">\r\n                <div class=\"image-holder\">\r\n            <img loading=\"lazy\" decoding=\"async\" width=\"1\" height=\"1\" src=\"https:\/\/bas-ip.com\/wp-content\/uploads\/2023\/04\/collage-1.svg\" class=\"attachment-thumbnail_350x320 size-thumbnail_350x320\" alt=\"\" \/>          <\/div>\r\n      \r\n      <div class=\"text-holder\">\r\n                        <h3 class=\"title-block\">Bilgisayar\u0131n\u0131zdan Uzaktan Eri\u015fim ve Kontrol<\/h3>\r\n          \r\n                        <div class=\"text-block\">\r\n                <p>BAS-IP&#8217;nin geli\u015fmi\u015f interkom sistemi ile okul personeli, bilgisayarlar\u0131n\u0131 kullanarak interkom arac\u0131l\u0131\u011f\u0131yla kolayca ileti\u015fim kurabilir, giri\u015fleri izleyebilir ve kap\u0131 eri\u015fimini kontrol edebilir. Bu esneklik, yan\u0131t s\u00fcrelerini iyile\u015ftirir ve g\u00fcnl\u00fck g\u00f6revlerin ve acil durumlar\u0131n y\u00f6netiminde daha b\u00fcy\u00fck verimlilik sa\u011flar.<\/p>\n              <\/div>\r\n                <\/div>\r\n    <\/div>\r\n<\/div>\r\n            <\/div>\r\n<\/section>\r\n<!-- END Block Features -->\n\n<!-- START Block FAQ --><section id=\"block_64218de5ac119\" class=\"faq-section\">\r\n\t\t    <h2 class=\"title-section\" data-aos=\"fade-right\">S\u0131k\u00e7a Sorulan Sorular<\/h2>\r\n\t\t\t    <div class=\"faq-list js-accordion\" data-aos=\"fade-up\">\r\n\t\t\t\t\t\t\t\t\t\t\t    <div class=\"accordion-item faq-item\">\r\n                        <div class=\"accordion-opener\">\r\n                            Q: Okullar i\u00e7in BAS-IP interkom sistemi mevcut altyap\u0131m\u0131za kolayca entegre edilebilir mi?                            <i class=\"fa-solid fa-chevron-down\"><\/i>\r\n                        <\/div>\r\n                        <div class=\"accordion-slide\">\r\n\t\t\t\t\t\t    <p>Evet, BAS-IP interkom sistemleri, okulunuzun mevcut IP yerel a\u011f\u0131na kolayca entegre edilebilir ve bu da sorunsuz ve maliyet etkin bir kurulum s\u00fcreci sa\u011flar.<\/p>\n                        <\/div>\r\n\t\t\t\t\t<\/div>\r\n\t\t\t\t\t\t\t\t\t\t\t\t\t\t\t    <div class=\"accordion-item faq-item\">\r\n                        <div class=\"accordion-opener\">\r\n                            Q: BAS-IP interkom sistemi \u00f6\u011frencilerimizin ve personelimizin g\u00fcvenli\u011fini nas\u0131l sa\u011fl\u0131yor?                            <i class=\"fa-solid fa-chevron-down\"><\/i>\r\n                        <\/div>\r\n                        <div class=\"accordion-slide\">\r\n\t\t\t\t\t\t    <p>BAS-IP interkom sistemi, giri\u015flerde s\u0131cakl\u0131k izleme, h\u0131zl\u0131 eri\u015fim kontrol\u00fc ve bilgisayar\u0131n\u0131zdan ileti\u015fim ve kap\u0131 eri\u015fimini izleme ve y\u00f6netme gibi bir dizi g\u00fcvenlik \u00f6zelli\u011fi sunar, b\u00f6ylece herkes i\u00e7in g\u00fcvenli bir ortam sa\u011flar.<\/p>\n                        <\/div>\r\n\t\t\t\t\t<\/div>\r\n\t\t\t\t\t\t\t\t\t\t\t\t\t\t\t    <div class=\"accordion-item faq-item\">\r\n                        <div class=\"accordion-opener\">\r\n                            Q: BAS-IP interkom sistemi di\u011fer haberle\u015fme cihazlar\u0131 ve sistemleriyle uyumlu mudur?                            <i class=\"fa-solid fa-chevron-down\"><\/i>\r\n                        <\/div>\r\n                        <div class=\"accordion-slide\">\r\n\t\t\t\t\t\t    <p>Evet, BAS-IP interkom sistemi, okulunuzun ileti\u015fim ihtiya\u00e7lar\u0131 i\u00e7in kapsaml\u0131 ve esnek bir \u00e7\u00f6z\u00fcm sunarak, \u00e7e\u015fitli ileti\u015fim cihazlar\u0131 ve sistemleriyle sorunsuz bir \u015fekilde \u00e7al\u0131\u015facak \u015fekilde tasarlanm\u0131\u015ft\u0131r.<\/p>\n                        <\/div>\r\n\t\t\t\t\t<\/div>\r\n\t\t\t\t\t\t\t\t\t\t\t\t\t\t\t    <div class=\"accordion-item faq-item\">\r\n                        <div class=\"accordion-opener\">\r\n                            Q: Kablolu IP interkom sistemleri kablosuz interkom sistemlerine g\u00f6re ne kadar g\u00fcvenilirdir?                            <i class=\"fa-solid fa-chevron-down\"><\/i>\r\n                        <\/div>\r\n                        <div class=\"accordion-slide\">\r\n\t\t\t\t\t\t    <p>Kablolu IP interkom sistemleri, t\u0131pk\u0131 okullar i\u00e7in BAS-IP interkom sistemi gibi, kablosuz interkom sistemlerine k\u0131yasla \u00fcst\u00fcn g\u00fcvenilirlik, g\u00fcvenlik ve performans sunar. Kesintisiz, stabil ileti\u015fim ve kontrol sa\u011flarlar, bu da onlar\u0131 e\u011fitim kurumlar\u0131 i\u00e7in ideal bir se\u00e7enek haline getirir.<\/p>\n                        <\/div>\r\n\t\t\t\t\t<\/div>\r\n\t\t\t\t\t\t\t\t\t\t\t\t\t\t\t    <div class=\"accordion-item faq-item\">\r\n                        <div class=\"accordion-opener\">\r\n                            Q: BAS-IP interkom sistemini okulumuzun \u00f6zel ihtiya\u00e7lar\u0131na g\u00f6re \u00f6zelle\u015ftirebilir miyiz?                            <i class=\"fa-solid fa-chevron-down\"><\/i>\r\n                        <\/div>\r\n                        <div class=\"accordion-slide\">\r\n\t\t\t\t\t\t    <p>Evet, BAS-IP interkom sistemi son derece \u00f6zelle\u015ftirilebilir ve okulunuzun benzersiz gereksinimlerini kar\u015f\u0131lamak i\u00e7in uyarlanabilir. Mod\u00fcler tasar\u0131m\u0131, g\u00fcvenlik ve i\u015flevselli\u011fi art\u0131rmak i\u00e7in s\u0131cakl\u0131k modeli gibi \u00e7e\u015fitli bile\u015fenlerin eklenmesine olanak tan\u0131r.<\/p>\n                        <\/div>\r\n\t\t\t\t\t<\/div>\r\n\t\t\t\t\t\t\t\t\t<\/div>\r\n\t<\/section>\r\n<!-- END Block FAQ -->\n\n\n<p>G\u00fcvenilir, \u00f6zelliklerle dolu ve g\u00fcvenli bir interkom sistemine yat\u0131r\u0131m yapmak, herhangi bir e\u011fitim kurumunun g\u00fcvenli\u011fi ve verimlili\u011fi i\u00e7in \u00e7ok \u00f6nemlidir. Okullar i\u00e7in BAS-IP interkom sistemi, rakipsiz performans, yenilik\u00e7i \u00f6zellikler ve mevcut IP a\u011flar\u0131yla sorunsuz entegrasyon sunar. BAS-IP&#8217;yi tercih ederek, okulunuzun ileti\u015fim ve g\u00fcvenlik altyap\u0131s\u0131n\u0131n gelece\u011fine yat\u0131r\u0131m yapm\u0131\u015f oluyorsunuz. En iyi okul interkom sistemi BAS-IP ile ileti\u015fimde devrim ya\u015fay\u0131n. E\u011fitim kurumunuzun g\u00fcvenli\u011fini, ileti\u015fimini ve genel ortam\u0131n\u0131 geli\u015ftirerek, \u00f6\u011frencilerin, personelin ve ziyaret\u00e7ilerin sa\u011fl\u0131\u011f\u0131n\u0131 g\u00fcvence alt\u0131na al\u0131n. Kaliteden \u00f6d\u00fcn vermeyin; BAS-IP&#8217;ye g\u00fcvenin ve okulunuz i\u00e7in ola\u011fan\u00fcst\u00fc performans ve g\u00fcvenilirlik sunun.<\/p>","protected":false},"excerpt":{"rendered":"<p>Okullar \u0130\u00e7in \u0130nterkom Sistemleri Bug\u00fcn\u00fcn d\u00fcnyas\u0131nda, kesintisiz ileti\u015fim ve g\u00fcvenlik, herhangi bir e\u011fitim kurumunun temel bile\u015fenleridir. Verimli bir okul interkom sistemi sadece h\u0131zl\u0131 ileti\u015fimi sa\u011flamakla kalmaz, ayn\u0131 zamanda \u00f6\u011frencilerin, \u00f6\u011fretim \u00fcyelerinin ve personelin g\u00fcvenli\u011fini de art\u0131r\u0131r. BAS-IP okul interkom sistemi, g\u00fc\u00e7l\u00fc teknoloji, yenilik\u00e7i \u00f6zellikler ve benzersiz performans\u0131 birle\u015ftiren nihai \u00e7\u00f6z\u00fcm olarak devreye giriyor. Bu makale, [&hellip;]<\/p>","protected":false},"author":1,"featured_media":0,"parent":0,"menu_order":0,"comment_status":"closed","ping_status":"closed","template":"","meta":{"inline_featured_image":false,"footnotes":""},"class_list":["post-133514","page","type-page","status-publish","hentry"],"acf":[],"_links":{"self":[{"href":"https:\/\/bas-ip.com\/tr\/wp-json\/wp\/v2\/pages\/133514","targetHints":{"allow":["GET"]}}],"collection":[{"href":"https:\/\/bas-ip.com\/tr\/wp-json\/wp\/v2\/pages"}],"about":[{"href":"https:\/\/bas-ip.com\/tr\/wp-json\/wp\/v2\/types\/page"}],"author":[{"embeddable":true,"href":"https:\/\/bas-ip.com\/tr\/wp-json\/wp\/v2\/users\/1"}],"replies":[{"embeddable":true,"href":"https:\/\/bas-ip.com\/tr\/wp-json\/wp\/v2\/comments?post=133514"}],"version-history":[{"count":3,"href":"https:\/\/bas-ip.com\/tr\/wp-json\/wp\/v2\/pages\/133514\/revisions"}],"predecessor-version":[{"id":133634,"href":"https:\/\/bas-ip.com\/tr\/wp-json\/wp\/v2\/pages\/133514\/revisions\/133634"}],"wp:attachment":[{"href":"https:\/\/bas-ip.com\/tr\/wp-json\/wp\/v2\/media?parent=133514"}],"curies":[{"name":"wp","href":"https:\/\/api.w.org\/{rel}","templated":true}]}}