{"id":133265,"date":"2023-03-27T09:04:54","date_gmt":"2023-03-27T09:04:54","guid":{"rendered":"https:\/\/bas-ip.com\/%d1%82%d1%8a%d1%80%d0%b3%d0%be%d0%b2%d1%81%d0%ba%d0%b8-%d0%bf%d1%80%d0%be%d0%bc%d0%b8%d1%88%d0%bb%d0%b5%d0%bd%d0%b8\/"},"modified":"2025-03-11T13:39:05","modified_gmt":"2025-03-11T13:39:05","slug":"commercial","status":"publish","type":"page","link":"https:\/\/bas-ip.com\/tr\/ticari-endustriyel\/","title":{"rendered":"Ticari \/ End\u00fcstriyel"},"content":{"rendered":"<h1 class=\"wp-block-heading\"><strong>\u0130\u015f Yeri \u0130leti\u015fiminizi \u0130\u015fletme Interkom Sistemleriyle Devrim Niteli\u011finde Yenileyin<\/strong><\/h1>\n\n\n\n<p>Teknolojinin ilerlemesiyle birlikte, i\u015fletmelerin en son yeniliklerle g\u00fcncel kalmas\u0131 hayati \u00f6nem ta\u015f\u0131maktad\u0131r. Bu geli\u015fmelerden biri de i\u015f yeri interkom sistemlerinin entegrasyonudur; bu sistemler, ofisler ve ticari m\u00fclkler i\u00e7in geli\u015ftirilmi\u015f g\u00fcvenlik ve verimli ileti\u015fim sa\u011flar. BAS-IP&#8217;nin IP interkomlar\u0131, modern i\u015f yerlerine hitap eden bir dizi benzersiz \u00f6zellik sunarak kapsaml\u0131 bir \u00e7\u00f6z\u00fcm sunmaktad\u0131r. Bir i\u015f yeri interkom sistemi benimsemenin faydalar\u0131n\u0131 ke\u015ffedecek ve BAS-IP&#8217;nin \u00fcst d\u00fczey \u00fcr\u00fcnlerinin ayr\u0131nt\u0131lar\u0131na inece\u011fiz.<\/p>\n\n\n\n<h2 class=\"wp-block-heading\"><strong>\u0130\u015fletmenizin \u0130nterkom Sistemi i\u00e7in Neden BAS-IP&#8217;yi Se\u00e7melisiniz?<\/strong><\/h2>\n\n\n\n<p>BAS-IP, i\u015fletmeler i\u00e7in geli\u015fmi\u015f interkom sistemlerinin geli\u015ftirilmesinde bir \u00f6nc\u00fc olmu\u015ftur ve modern i\u015f yerlerinin gereksinimlerini kar\u015f\u0131lamak i\u00e7in tasarlanm\u0131\u015f bir dizi yenilik\u00e7i \u00fcr\u00fcn sunmaktad\u0131r. Yenilik\u00e7i \u00f6zellikleri ve g\u00fcvenilir donan\u0131m\u0131 entegre ederek, BAS-IP&#8217;nin ticari interkom sistemleri, ofisler ve end\u00fcstriyel tesisler i\u00e7in verimli ileti\u015fim ve art\u0131r\u0131lm\u0131\u015f g\u00fcvenlik sa\u011flar.<\/p>\n\n\n<!-- START Block Features --><section id=\"block_642edd596eeb4\" class=\"features-section\">\r\n\t\r\n    <div class=\"features-list\">\r\n                    <div class=\"features-item\" data-aos=\"fade-up\">\r\n    <div class=\"features-box\">\r\n                    <div class=\"image-holder\">\r\n                <img loading=\"lazy\" decoding=\"async\" width=\"350\" height=\"320\" src=\"https:\/\/bas-ip.com\/wp-content\/uploads\/2023\/04\/1-350x320.jpg\" class=\"attachment-thumbnail_350x320 size-thumbnail_350x320\" alt=\"\" \/>            <\/div>\r\n        \r\n        <div class=\"text-holder\">\r\n                        <h3 class=\"title-block\">\u0130\u015f Yerinde IP Interkomlar\u0131n\u0131n G\u00fcc\u00fc<\/h3>\r\n          \r\n                        <div class=\"text-block\">\r\n                <p>BAS-IP&#8217;nin IP interkom sistemleri, mevcut IP yerel a\u011flar\u0131na sorunsuz entegrasyon gibi bir\u00e7ok avantaj sunar.<\/p>\n<p>Bu, \u00e7al\u0131\u015fanlar\u0131n interkom sistemine kolayca eri\u015fmelerini ve bilgisayarlar\u0131ndan kap\u0131lar\u0131 a\u00e7malar\u0131n\u0131 sa\u011flar, b\u00f6ylece ofis i\u00e7indeki ileti\u015fim ve g\u00fcvenli\u011fi h\u0131zland\u0131r\u0131r.<\/p>\n<p>Ayr\u0131ca, IP tabanl\u0131 altyap\u0131, \u00f6l\u00e7eklenebilirlik ve uyarlanabilirlik sa\u011flar, b\u00f6ylece i\u015f yeri interkom sisteminiz, organizasyonunuzla birlikte b\u00fcy\u00fcy\u00fcp geli\u015febilir.<\/p>\n              <\/div>\r\n                  <\/div>\r\n    <\/div>\r\n<\/div>\r\n                    <div class=\"features-item\" data-aos=\"fade-up\">\r\n    <div class=\"features-box\">\r\n                    <div class=\"image-holder\">\r\n                <img loading=\"lazy\" decoding=\"async\" width=\"350\" height=\"320\" src=\"https:\/\/bas-ip.com\/wp-content\/uploads\/2023\/04\/2-350x320.jpg\" class=\"attachment-thumbnail_350x320 size-thumbnail_350x320\" alt=\"Business intercom systems\" \/>            <\/div>\r\n        \r\n        <div class=\"text-holder\">\r\n                        <h3 class=\"title-block\">\u00dcst D\u00fczey Donan\u0131m Bile\u015fenleri<\/h3>\r\n          \r\n                        <div class=\"text-block\">\r\n                <p>BAS-IP&#8217;nin en iyi i\u015fyeri interkom sistemi, AV-08FBL, AT-10 ve BR-AT10&#8217;yu i\u00e7erir. Bu bile\u015fenler, ola\u011fan\u00fcst\u00fc performans ve kullan\u0131c\u0131 deneyimi sa\u011flamak i\u00e7in birlikte \u00e7al\u0131\u015f\u0131r, bu da onlar\u0131 ofisler ve ticari m\u00fclkler i\u00e7in ideal k\u0131lar.<\/p>\n<p>AV-08FBL: Bu d\u0131\u015f panel, \u015f\u0131k bir tasar\u0131ma, entegre bir kameraya ve RFID okuyucuya sahiptir, b\u00f6ylece g\u00fcvenli eri\u015fim kontrol\u00fc ve ziyaret\u00e7i g\u00f6rsel tan\u0131mlamas\u0131 sa\u011flar.<\/p>\n<p>AT-10: Bu \u015f\u0131k i\u00e7 mekan dokunmatik panel, y\u00fcksek \u00e7\u00f6z\u00fcn\u00fcrl\u00fckl\u00fc bir ekran, sezgisel kullan\u0131c\u0131 aray\u00fcz\u00fc ve \u00e7e\u015fitli ak\u0131ll\u0131 ev ve g\u00fcvenlik cihazlar\u0131yla uyumluluk sunar.<\/p>\n<p>BR-AT10: Bu \u00e7ok i\u015flevli masa braketi, AT-10 panelinin masa \u00fczerine kolayca montaj\u0131n\u0131 sa\u011flar.<\/p>\n              <\/div>\r\n                  <\/div>\r\n    <\/div>\r\n<\/div>\r\n                    <div class=\"features-item\" data-aos=\"fade-up\">\r\n    <div class=\"features-box\">\r\n                    <div class=\"image-holder\">\r\n                <img loading=\"lazy\" decoding=\"async\" width=\"350\" height=\"320\" src=\"https:\/\/bas-ip.com\/wp-content\/uploads\/2023\/04\/3-350x320.jpg\" class=\"attachment-thumbnail_350x320 size-thumbnail_350x320\" alt=\"\" \/>            <\/div>\r\n        \r\n        <div class=\"text-holder\">\r\n                        <h3 class=\"title-block\">G\u00fcvenilir M\u00fc\u015fteri Deste\u011fi ve Hizmeti<\/h3>\r\n          \r\n                        <div class=\"text-block\">\r\n                <p>BAS-IP, ola\u011fan\u00fcst\u00fc m\u00fc\u015fteri hizmetleri sunma konusunda kararl\u0131d\u0131r ve \u00fcr\u00fcnlerine y\u00f6nelik profesyonel yard\u0131m ve destek sa\u011flar, bu destek t\u00fcm kurulum s\u00fcreci boyunca ve sonras\u0131nda da devam eder.<\/p>\n<p>Bilgili destek ekibimiz, kar\u015f\u0131la\u015fabilece\u011finiz herhangi bir sorunu \u00e7\u00f6zmenize yard\u0131mc\u0131 olabilir ve i\u015f yeri interkom sisteminizin i\u015flevsel ve verimli kalmas\u0131n\u0131 sa\u011flar.<\/p>\n<p>Ayr\u0131ca, s\u00fcrekli ara\u015ft\u0131rma ve geli\u015ftirmeye olan ba\u011fl\u0131l\u0131\u011f\u0131m\u0131z sayesinde BAS-IP \u00fcr\u00fcnleri s\u00fcrekli olarak iyile\u015fecektir, b\u00f6ylece i\u015fletmenize teknoloji ve performans a\u00e7\u0131s\u0131ndan her zaman \u00f6nc\u00fc bir interkom \u00e7\u00f6z\u00fcm\u00fc sunar.<\/p>\n              <\/div>\r\n                  <\/div>\r\n    <\/div>\r\n<\/div>\r\n            <\/div>\r\n<\/section>\r\n<!-- END Block Features -->\n\n\n<h2 class=\"wp-block-heading\"><strong>BAS-IP \u0130\u015fletme Interkom Sistemlerinin Temel \u00d6zellikleri<\/strong><\/h2>\n\n\n\n<p>BAS-IP&#8217;nin i\u015fletmeler i\u00e7in interkom sistemleri, onlar\u0131 rakiplerinden ay\u0131ran bir dizi benzersiz \u00f6zelli\u011fe sahiptir. Bu geli\u015fmi\u015f yeteneklerden faydalanarak, i\u015f yerinizin verimlili\u011fini, g\u00fcvenli\u011fini ve genel i\u015flevselli\u011fini art\u0131rabilirsiniz.<\/p>\n\n\n<!-- START Block Features --><section id=\"block_642edfc06eeba\" class=\"features-section\">\r\n\t\r\n    <div class=\"features-list\">\r\n                    <div class=\"features-item\" data-aos=\"fade-up\">\r\n    <div class=\"features-box\">\r\n                    <div class=\"image-holder\">\r\n                <img loading=\"lazy\" decoding=\"async\" width=\"350\" height=\"320\" src=\"https:\/\/bas-ip.com\/wp-content\/uploads\/2023\/04\/4-350x320.jpg\" class=\"attachment-thumbnail_350x320 size-thumbnail_350x320\" alt=\"\" \/>            <\/div>\r\n        \r\n        <div class=\"text-holder\">\r\n                        <h3 class=\"title-block\">\u0130\u015fletmeler \u0130\u00e7in Kabeli Interkom Sistemleri<\/h3>\r\n          \r\n                        <div class=\"text-block\">\r\n                <p>Kablosuz teknolojinin pop\u00fclerli\u011fi artt\u0131k\u00e7a, i\u015fletmeler i\u00e7in kablolu interkom sistemleri bir dizi avantaj sunar; bunlar aras\u0131nda artan g\u00fcvenilirlik, daha az interferans ve geli\u015fmi\u015f g\u00fcvenlik bulunur. BAS-IP&#8217;nin kablolu interkom sistemleri, kesintisiz ileti\u015fim ve eri\u015fim kontrol\u00fc sa\u011flamak i\u00e7in tutarl\u0131 performans sunacak \u015fekilde tasarlanm\u0131\u015ft\u0131r, bu da ofisiniz veya ticari m\u00fclk\u00fcn\u00fczde sorunsuz bir i\u015fleyi\u015f sa\u011flar.<\/p>\n              <\/div>\r\n                  <\/div>\r\n    <\/div>\r\n<\/div>\r\n                    <div class=\"features-item\" data-aos=\"fade-up\">\r\n    <div class=\"features-box\">\r\n                    <div class=\"image-holder\">\r\n                <img loading=\"lazy\" decoding=\"async\" width=\"350\" height=\"320\" src=\"https:\/\/bas-ip.com\/wp-content\/uploads\/2023\/04\/5-1-350x320.jpg\" class=\"attachment-thumbnail_350x320 size-thumbnail_350x320\" alt=\"\" \/>            <\/div>\r\n        \r\n        <div class=\"text-holder\">\r\n                        <h3 class=\"title-block\">Masa\u00fcst\u00fc Interkom ve Ofis Interkom Entegrasyonu<\/h3>\r\n          \r\n                        <div class=\"text-block\">\r\n                <p>BAS-IP&#8217;nin i\u015fletme interkom sistemleri, masa telefonlar\u0131 ve ofis interkom sistemlerine kolayca entegre edilebilir, b\u00f6ylece \u00e7al\u0131\u015fanlar i\u015fyeri i\u00e7inde zahmetsizce ileti\u015fim kurabilir. Bu, i\u015fbirlik\u00e7i bir ortam\u0131 te\u015fvik eder ve \u00f6nemli bilgilerin h\u0131zl\u0131 ve do\u011fru bir \u015fekilde iletilmesini sa\u011flar.<\/p>\n              <\/div>\r\n                  <\/div>\r\n    <\/div>\r\n<\/div>\r\n                    <div class=\"features-item\" data-aos=\"fade-up\">\r\n    <div class=\"features-box\">\r\n                    <div class=\"image-holder\">\r\n                <img loading=\"lazy\" decoding=\"async\" width=\"350\" height=\"320\" src=\"https:\/\/bas-ip.com\/wp-content\/uploads\/2023\/04\/6-350x320.jpg\" class=\"attachment-thumbnail_350x320 size-thumbnail_350x320\" alt=\"\" \/>            <\/div>\r\n        \r\n        <div class=\"text-holder\">\r\n                        <h3 class=\"title-block\">End\u00fcstriyel Interkom Sistemi Uyumlulu\u011fu<\/h3>\r\n          \r\n                        <div class=\"text-block\">\r\n                <p>End\u00fcstriyel ortamlarda faaliyet g\u00f6steren i\u015fletmeler i\u00e7in BAS-IP&#8217;nin interkom sistemleri, zorlu ko\u015fullara dayanacak \u015fekilde tasarlanm\u0131\u015f g\u00fc\u00e7l\u00fc ileti\u015fim \u00e7\u00f6z\u00fcmleri sunar. G\u00fcvenilir bir end\u00fcstriyel interkom sistemi uygulayarak, en zorlu ortamlarda bile verimli ileti\u015fimi s\u00fcrd\u00fcrebilir ve g\u00fcvenli eri\u015fim kontrol\u00fcn\u00fc sa\u011flayabilirsiniz.<\/p>\n              <\/div>\r\n                  <\/div>\r\n    <\/div>\r\n<\/div>\r\n            <\/div>\r\n<\/section>\r\n<!-- END Block Features -->\n\n<!-- START Block FAQ --><section id=\"block_64215db07ecd6\" class=\"faq-section\">\r\n\t\t    <h2 class=\"title-section\" data-aos=\"fade-right\">\u0130\u015fletme Interkom Sistemleri Hakk\u0131nda S\u0131k\u00e7a Sorulan Sorular<\/h2>\r\n\t\t\t    <div class=\"faq-list js-accordion\" data-aos=\"fade-up\">\r\n\t\t\t\t\t\t\t\t\t\t\t    <div class=\"accordion-item faq-item\">\r\n                        <div class=\"accordion-opener\">\r\n                            Q: Bir i\u015fyeri interkom sistemi ofis g\u00fcvenli\u011fini nas\u0131l art\u0131rabilir?                            <i class=\"fa-solid fa-chevron-down\"><\/i>\r\n                        <\/div>\r\n                        <div class=\"accordion-slide\">\r\n\t\t\t\t\t\t    <p>Video g\u00f6zetimi, eri\u015fim kontrol\u00fc ve ziyaret\u00e7i kimlik do\u011frulama gibi \u00f6zellikleri entegre ederek, i\u015fletme interkom sistemleri ofisinizi veya ticari m\u00fclk\u00fcn\u00fcz\u00fc yetkisiz eri\u015fim ve potansiyel tehditlere kar\u015f\u0131 korumaya yard\u0131mc\u0131 olur.<\/p>\n                        <\/div>\r\n\t\t\t\t\t<\/div>\r\n\t\t\t\t\t\t\t\t\t\t\t\t\t\t\t    <div class=\"accordion-item faq-item\">\r\n                        <div class=\"accordion-opener\">\r\n                            Q: BAS-IP interkom sistemini mevcut IP yerel a\u011f\u0131ma entegre edebilir miyim?                            <i class=\"fa-solid fa-chevron-down\"><\/i>\r\n                        <\/div>\r\n                        <div class=\"accordion-slide\">\r\n\t\t\t\t\t\t    <p>Evet, BAS-IP&#8217;nin interkom sistemleri mevcut IP yerel a\u011flar\u0131na sorunsuz bir \u015fekilde entegre edilebilir, bu da \u00e7al\u0131\u015fanlar\u0131n sistemi eri\u015fip kap\u0131lar\u0131 bilgisayarlar\u0131 ve di\u011fer ba\u011fl\u0131 cihazlar\u0131 \u00fczerinden a\u00e7malar\u0131n\u0131 sa\u011flar. Bu, i\u015fyerinizdeki ileti\u015fimi ve eri\u015fim kontrol\u00fcn\u00fc basitle\u015ftirir.<\/p>\n                        <\/div>\r\n\t\t\t\t\t<\/div>\r\n\t\t\t\t\t\t\t\t\t\t\t\t\t\t\t    <div class=\"accordion-item faq-item\">\r\n                        <div class=\"accordion-opener\">\r\n                            Q: BAS-IP&#8217;nin kablolu interkom sistemlerini kablosuz se\u00e7eneklere g\u00f6re daha iyi bir se\u00e7im yapan nedir?                            <i class=\"fa-solid fa-chevron-down\"><\/i>\r\n                        <\/div>\r\n                        <div class=\"accordion-slide\">\r\n\t\t\t\t\t\t    <p>Kablolu interkom sistemleri, kablosuz se\u00e7eneklere k\u0131yasla artan g\u00fcvenilirlik, daha d\u00fc\u015f\u00fck interferans ve geli\u015ftirilmi\u015f g\u00fcvenlik sunar. BAS-IP&#8217;nin kablolu interkom sistemleri, tutarl\u0131 performans sa\u011flamak i\u00e7in tasarlanm\u0131\u015ft\u0131r, bu da onlar\u0131 g\u00fcvenilir ileti\u015fim \u00e7\u00f6z\u00fcmleri arayan i\u015fletmeler i\u00e7in ideal hale getirir.<\/p>\n                        <\/div>\r\n\t\t\t\t\t<\/div>\r\n\t\t\t\t\t\t\t\t\t\t\t\t\t\t\t    <div class=\"accordion-item faq-item\">\r\n                        <div class=\"accordion-opener\">\r\n                            Q: BAS-IP&#8217;nin interkom sistemleri end\u00fcstriyel ortamlara uygun mudur?                            <i class=\"fa-solid fa-chevron-down\"><\/i>\r\n                        <\/div>\r\n                        <div class=\"accordion-slide\">\r\n\t\t\t\t\t\t    <p>Evet, BAS-IP&#8217;nin interkom sistemleri end\u00fcstriyel ortamlarda kullan\u0131lmak \u00fczere tasarlanm\u0131\u015ft\u0131r. Bu dayan\u0131kl\u0131 sistemler, zorlu ko\u015fullara dayanabilir ve \u00e7e\u015fitli end\u00fcstrilerde verimli ileti\u015fim ve g\u00fcvenli eri\u015fim kontrol\u00fc sa\u011flar.<\/p>\n                        <\/div>\r\n\t\t\t\t\t<\/div>\r\n\t\t\t\t\t\t\t\t\t\t\t\t\t\t\t    <div class=\"accordion-item faq-item\">\r\n                        <div class=\"accordion-opener\">\r\n                            Q: BAS-IP interkom sistemini ak\u0131ll\u0131 ofis cihazlar\u0131mla entegre edebilir miyim?                            <i class=\"fa-solid fa-chevron-down\"><\/i>\r\n                        <\/div>\r\n                        <div class=\"accordion-slide\">\r\n\t\t\t\t\t\t    <p>Evet, BAS-IP&#8217;nin interkom sistemleri, ayd\u0131nlatma ve iklim kontrol sistemleri gibi bir dizi ak\u0131ll\u0131 ofis cihaz\u0131 ile uyumlu olacak \u015fekilde tasarlanm\u0131\u015ft\u0131r. Bu, i\u015fyerinizde sorunsuz entegrasyon sa\u011flar ve genel i\u015flevselli\u011fi art\u0131r\u0131r.<\/p>\n                        <\/div>\r\n\t\t\t\t\t<\/div>\r\n\t\t\t\t\t\t\t\t\t<\/div>\r\n\t<\/section>\r\n<!-- END Block FAQ -->\n\n\n<p>Bug\u00fcn\u00fcn h\u0131zl\u0131 tempolu i\u015f d\u00fcnyas\u0131nda, etkili ileti\u015fim ve sa\u011flam g\u00fcvenlik \u00f6nlemleri \u00e7ok \u00f6nemlidir. BAS-IP&#8217;nin i\u015fletme interkom sistemleri, en son teknolojiler, g\u00fcvenilir donan\u0131mlar ve mevcut IP yerel a\u011flar\u0131yla sorunsuz entegrasyonu bir araya getirerek kapsaml\u0131 bir \u00e7\u00f6z\u00fcm sunar. BAS-IP interkom sistemini ofisiniz veya ticari m\u00fclk\u00fcn\u00fczde kullanarak ileti\u015fimi, g\u00fcvenli\u011fi ve genel i\u015fyeri i\u015flevselli\u011fini art\u0131rabilirsiniz. D\u00fcnyaca \u00fcnl\u00fc bir interkom sisteminin faydalar\u0131n\u0131 deneyimleyin ve BAS-IP&#8217;nin yenilik\u00e7i interkom \u00e7\u00f6z\u00fcmleriyle i\u015fyerinizi devrim niteli\u011finde d\u00f6n\u00fc\u015ft\u00fcr\u00fcn. Verimli ileti\u015fim, geli\u015fmi\u015f g\u00fcvenlik ve sorunsuz entegrasyonun olanaklar\u0131n\u0131 ke\u015ffedin, b\u00f6ylece i\u015finizi giderek daha ba\u011fl\u0131 bir d\u00fcnyada ba\u015far\u0131l\u0131 k\u0131labilirsiniz.<\/p>","protected":false},"excerpt":{"rendered":"<p>\u0130\u015f Yeri \u0130leti\u015fiminizi \u0130\u015fletme Interkom Sistemleriyle Devrim Niteli\u011finde Yenileyin Teknolojinin ilerlemesiyle birlikte, i\u015fletmelerin en son yeniliklerle g\u00fcncel kalmas\u0131 hayati \u00f6nem ta\u015f\u0131maktad\u0131r. Bu geli\u015fmelerden biri de i\u015f yeri interkom sistemlerinin entegrasyonudur; bu sistemler, ofisler ve ticari m\u00fclkler i\u00e7in geli\u015ftirilmi\u015f g\u00fcvenlik ve verimli ileti\u015fim sa\u011flar. BAS-IP&#8217;nin IP interkomlar\u0131, modern i\u015f yerlerine hitap eden bir dizi benzersiz \u00f6zellik [&hellip;]<\/p>","protected":false},"author":1,"featured_media":0,"parent":0,"menu_order":0,"comment_status":"closed","ping_status":"closed","template":"","meta":{"inline_featured_image":false,"footnotes":""},"class_list":["post-133265","page","type-page","status-publish","hentry"],"acf":[],"_links":{"self":[{"href":"https:\/\/bas-ip.com\/tr\/wp-json\/wp\/v2\/pages\/133265","targetHints":{"allow":["GET"]}}],"collection":[{"href":"https:\/\/bas-ip.com\/tr\/wp-json\/wp\/v2\/pages"}],"about":[{"href":"https:\/\/bas-ip.com\/tr\/wp-json\/wp\/v2\/types\/page"}],"author":[{"embeddable":true,"href":"https:\/\/bas-ip.com\/tr\/wp-json\/wp\/v2\/users\/1"}],"replies":[{"embeddable":true,"href":"https:\/\/bas-ip.com\/tr\/wp-json\/wp\/v2\/comments?post=133265"}],"version-history":[{"count":5,"href":"https:\/\/bas-ip.com\/tr\/wp-json\/wp\/v2\/pages\/133265\/revisions"}],"predecessor-version":[{"id":133461,"href":"https:\/\/bas-ip.com\/tr\/wp-json\/wp\/v2\/pages\/133265\/revisions\/133461"}],"wp:attachment":[{"href":"https:\/\/bas-ip.com\/tr\/wp-json\/wp\/v2\/media?parent=133265"}],"curies":[{"name":"wp","href":"https:\/\/api.w.org\/{rel}","templated":true}]}}