{"id":133105,"date":"2023-03-28T17:03:55","date_gmt":"2023-03-28T17:03:55","guid":{"rendered":"https:\/\/bas-ip.com\/case-studies\/"},"modified":"2025-03-07T10:06:20","modified_gmt":"2025-03-07T10:06:20","slug":"case-studies","status":"publish","type":"page","link":"https:\/\/bas-ip.com\/tr\/case-studies\/","title":{"rendered":"\u00c7\u00f6z\u00fcmler"},"content":{"rendered":"<h1 class=\"wp-block-heading\"><strong>Interkom \u00c7\u00f6z\u00fcmleri<\/strong><\/h1>\n\n\n\n<p>BAS-IP, \u00e7e\u015fitli end\u00fcstrilere en son teknolojiye sahip interkom \u00e7\u00f6z\u00fcmleri sunmada liderdir ve ola\u011fan\u00fcst\u00fc g\u00fcvenlik ve ileti\u015fim deneyimleri sa\u011flar. Bu makalede, BAS-IP \u00fcr\u00fcnlerinin farkl\u0131 ortamlardaki \u00e7ok y\u00f6nl\u00fcl\u00fc\u011f\u00fcn\u00fc ve etkinli\u011fini g\u00f6steren alt\u0131 etkileyici interkom vaka \u00e7al\u0131\u015fmas\u0131n\u0131 inceliyoruz. \u00c7ok konutlu binalardan hastane tesislerine kadar bu vaka \u00e7al\u0131\u015fmalar\u0131, BAS-IP interkom sistemlerinin d\u00f6n\u00fc\u015ft\u00fcr\u00fcc\u00fc g\u00fcc\u00fcn\u00fc vurgulamaktad\u0131r.<\/p>\n\n\n<!-- START Block Info 3 Columns with links --><section id=\"block_6437b6d9794a8\" class=\"info-columns-section\">\r\n   <div class=\"column-list\">\r\n                        <div class=\"column-item\" data-aos=\"fade-up\" data-aos-delay=\"100\">\r\n                  <div class=\"image-block\">\r\n            <a href=\"\/building-intercom-system\/\">\r\n               <img loading=\"lazy\" decoding=\"async\" width=\"320\" height=\"232\" src=\"https:\/\/bas-ip.com\/wp-content\/uploads\/2023\/04\/1-5.jpg\" class=\"attachment-thumbnail_345x250 size-thumbnail_345x250\" alt=\"\" srcset=\"https:\/\/bas-ip.com\/wp-content\/uploads\/2023\/04\/1-5.jpg 320w,  https:\/\/bas-ip.com\/wp-content\/uploads\/2023\/04\/1-5-300x218.jpg 300w\" sizes=\"auto, (max-width: 320px) 100vw, 320px\" \/><\/a>\r\n         <\/div>\r\n         \r\n                  <a href=\"\/building-intercom-system\/\">\r\n            <h3 class=\"title-section\">\u00c7ok Konutlu Bina: Kesintisiz Bir Ya\u015fam Deneyimi<\/h3>\r\n         <\/a>\r\n                           <div class=\"text-block\">\r\n            <p>BAS-IP\u2019in interkom \u00e7\u00f6z\u00fcmleri, sakinlerin ya\u015fam alanlar\u0131yla etkile\u015fimini k\u00f6kten de\u011fi\u015ftirdi. \u00c7ok konutlu bir binada BAS-IP interkom sisteminin uygulanmas\u0131, yaln\u0131zca g\u00fcvenli\u011fi art\u0131rmakla kalmad\u0131, ayn\u0131 zamanda kirac\u0131lar, ziyaret\u00e7iler ve bina y\u00f6netimi aras\u0131nda kesintisiz ileti\u015fim sa\u011flad\u0131. Sistemin kullan\u0131c\u0131 dostu aray\u00fcz\u00fc ve ak\u0131ll\u0131 ev teknolojisiyle entegrasyonu, sakinlere yeni bir konfor ve eri\u015filebilirlik seviyesi sunarak ya\u015fam deneyimlerini y\u00fckseltti.<\/p>\n         <\/div>\r\n               <\/div>\r\n                              <div class=\"column-item\" data-aos=\"fade-up\" data-aos-delay=\"200\">\r\n                  <div class=\"image-block\">\r\n            <a href=\"\/business-intercom-systems-for-office\/\">\r\n               <img loading=\"lazy\" decoding=\"async\" width=\"320\" height=\"232\" src=\"https:\/\/bas-ip.com\/wp-content\/uploads\/2023\/04\/2-5.jpg\" class=\"attachment-thumbnail_345x250 size-thumbnail_345x250\" alt=\"\" srcset=\"https:\/\/bas-ip.com\/wp-content\/uploads\/2023\/04\/2-5.jpg 320w,  https:\/\/bas-ip.com\/wp-content\/uploads\/2023\/04\/2-5-300x218.jpg 300w\" sizes=\"auto, (max-width: 320px) 100vw, 320px\" \/><\/a>\r\n         <\/div>\r\n         \r\n                  <a href=\"\/business-intercom-systems-for-office\/\">\r\n            <h3 class=\"title-section\">Ticari: Operasyonlar\u0131 ve G\u00fcvenli\u011fi Kolayla\u015ft\u0131rma<\/h3>\r\n         <\/a>\r\n                           <div class=\"text-block\">\r\n            <p>Ticari veya end\u00fcstriyel bir ortamda, verimli ileti\u015fim ve g\u00fcvenlik, sorunsuz operasyonlar i\u00e7in kritik \u00f6neme sahiptir. BAS-IP interkom \u00e7\u00f6z\u00fcmleri, b\u00fcy\u00fck bir \u00fcretim tesisinde i\u015f ak\u0131\u015f\u0131n\u0131 ve g\u00fcvenlik \u00f6nlemlerini iyile\u015ftirmede kilit bir rol oynad\u0131. Interkom sisteminin ge\u00e7i\u015f kontrol\u00fc, video g\u00f6zetimi ve acil durum m\u00fcdahale \u00f6zellikleriyle entegre edilmesi, tesiste ileti\u015fimi ve genel g\u00fcvenli\u011fi \u00f6nemli \u00f6l\u00e7\u00fcde art\u0131rd\u0131.<\/p>\n         <\/div>\r\n               <\/div>\r\n                              <div class=\"column-item\" data-aos=\"fade-up\" data-aos-delay=\"300\">\r\n                  <div class=\"image-block\">\r\n            <a href=\"\/intercom-systems-for-home-and-house\/\">\r\n               <img loading=\"lazy\" decoding=\"async\" width=\"320\" height=\"232\" src=\"https:\/\/bas-ip.com\/wp-content\/uploads\/2023\/04\/3-5.jpg\" class=\"attachment-thumbnail_345x250 size-thumbnail_345x250\" alt=\"\" srcset=\"https:\/\/bas-ip.com\/wp-content\/uploads\/2023\/04\/3-5.jpg 320w,  https:\/\/bas-ip.com\/wp-content\/uploads\/2023\/04\/3-5-300x218.jpg 300w\" sizes=\"auto, (max-width: 320px) 100vw, 320px\" \/><\/a>\r\n         <\/div>\r\n         \r\n                  <a href=\"\/intercom-systems-for-home-and-house\/\">\r\n            <h3 class=\"title-section\">Ev: G\u00fcvenli\u011fi ve Ba\u011flant\u0131y\u0131 G\u00fc\u00e7lendirme<\/h3>\r\n         <\/a>\r\n                           <div class=\"text-block\">\r\n            <p>Ev sahipleri g\u00fcvenlik ve ak\u0131ll\u0131 ev teknolojisine giderek daha fazla \u00f6nem verdik\u00e7e, BAS-IP\u2019in interkom \u00e7\u00f6z\u00fcmleri pop\u00fcler bir tercih haline geldi. Bir banliy\u00f6 evinde BAS-IP interkom sisteminin kurulumu, yaln\u0131zca g\u00fcvenli\u011fi art\u0131rmakla kalmad\u0131, ayn\u0131 zamanda aile \u00fcyeleri ve misafirlerle ba\u011flant\u0131y\u0131 da g\u00fc\u00e7lendirdi. Sezgisel aray\u00fcz\u00fc ve ak\u0131ll\u0131 telefonlarla uyumlulu\u011fu sayesinde ev sahipleri m\u00fclklerini kolayca izleyip ileti\u015fim kurarak g\u00fcvenli ve ba\u011flant\u0131l\u0131 bir ya\u015fam ortam\u0131 olu\u015fturdu.<\/p>\n         <\/div>\r\n               <\/div>\r\n                              <div class=\"column-item\" data-aos=\"fade-up\" data-aos-delay=\"400\">\r\n                  <div class=\"image-block\">\r\n            <a href=\"\/medical-hospital-intercom-system\/\">\r\n               <img loading=\"lazy\" decoding=\"async\" width=\"320\" height=\"232\" src=\"https:\/\/bas-ip.com\/wp-content\/uploads\/2023\/04\/4-5.jpg\" class=\"attachment-thumbnail_345x250 size-thumbnail_345x250\" alt=\"\" srcset=\"https:\/\/bas-ip.com\/wp-content\/uploads\/2023\/04\/4-5.jpg 320w,  https:\/\/bas-ip.com\/wp-content\/uploads\/2023\/04\/4-5-300x218.jpg 300w\" sizes=\"auto, (max-width: 320px) 100vw, 320px\" \/><\/a>\r\n         <\/div>\r\n         \r\n                  <a href=\"\/medical-hospital-intercom-system\/\">\r\n            <h3 class=\"title-section\">Hastane: Hasta Bak\u0131m\u0131n\u0131 ve G\u00fcvenli\u011fini G\u00fc\u00e7lendirme<\/h3>\r\n         <\/a>\r\n                           <div class=\"text-block\">\r\n            <p>Hastaneler ve t\u0131bbi tesisler, etkili hasta bak\u0131m\u0131 ve g\u00fcvenli\u011fi sa\u011flamak i\u00e7in geli\u015fmi\u015f ileti\u015fim sistemlerine ihtiya\u00e7 duyar. Son teknolojiye sahip bir hastanede, BAS-IP interkom \u00e7\u00f6z\u00fcmleri, t\u0131bbi personel, hastalar ve ziyaret\u00e7iler aras\u0131ndaki ileti\u015fimi kolayla\u015ft\u0131rmak i\u00e7in kullan\u0131ld\u0131. Sistem, acil durumlara h\u0131zl\u0131 m\u00fcdahaleyi sa\u011flad\u0131, hasta mahremiyetini art\u0131rd\u0131 ve genel hastane g\u00fcvenli\u011fini iyile\u015ftirdi. BAS-IP interkom sisteminin entegrasyonu, ola\u011fan\u00fcst\u00fc hasta bak\u0131m\u0131n\u0131n sa\u011flanmas\u0131nda oyunun kurallar\u0131n\u0131 de\u011fi\u015ftiren bir ad\u0131m oldu.<\/p>\n         <\/div>\r\n               <\/div>\r\n                              <div class=\"column-item\" data-aos=\"fade-up\" data-aos-delay=\"500\">\r\n                  <div class=\"image-block\">\r\n            <a href=\"\/intercom-systems-for-schools\/\">\r\n               <img loading=\"lazy\" decoding=\"async\" width=\"320\" height=\"232\" src=\"https:\/\/bas-ip.com\/wp-content\/uploads\/2023\/04\/5-5.jpg\" class=\"attachment-thumbnail_345x250 size-thumbnail_345x250\" alt=\"\" srcset=\"https:\/\/bas-ip.com\/wp-content\/uploads\/2023\/04\/5-5.jpg 320w,  https:\/\/bas-ip.com\/wp-content\/uploads\/2023\/04\/5-5-300x218.jpg 300w\" sizes=\"auto, (max-width: 320px) 100vw, 320px\" \/><\/a>\r\n         <\/div>\r\n         \r\n                  <a href=\"\/intercom-systems-for-schools\/\">\r\n            <h3 class=\"title-section\">Okul: G\u00fcvenli Bir \u00d6\u011frenme Ortam\u0131n\u0131 Te\u015fvik Etme<\/h3>\r\n         <\/a>\r\n                           <div class=\"text-block\">\r\n            <p>E\u011fitim kurumlar\u0131, \u00f6\u011frencileri ve personeli korumak i\u00e7in sa\u011flam g\u00fcvenlik ve ileti\u015fim sistemlerine ihtiya\u00e7 duyar. Yenilik\u00e7i bir okulda, BAS-IP interkom \u00e7\u00f6z\u00fcmleri, g\u00fcvenli bir \u00f6\u011frenme ortam\u0131 sa\u011flamakta \u00f6nemli bir rol oynad\u0131. Sistem, s\u0131n\u0131flar, idari ofisler ve d\u0131\u015f ziyaret\u00e7iler aras\u0131nda kesintisiz ileti\u015fim sa\u011flayarak \u00f6\u011frenci ve personelin g\u00fcvenli\u011fini garanti alt\u0131na ald\u0131. Ayr\u0131ca, interkom sisteminin eri\u015fim kontrol\u00fc ve video g\u00f6zetim \u00f6zellikleriyle entegrasyonu, okulun genel g\u00fcvenli\u011fini \u00f6nemli \u00f6l\u00e7\u00fcde art\u0131rd\u0131.<\/p>\n         <\/div>\r\n               <\/div>\r\n                              <div class=\"column-item\" data-aos=\"fade-up\" data-aos-delay=\"600\">\r\n                  <div class=\"image-block\">\r\n            <a href=\"\/gate-intercom-system\/\">\r\n               <img loading=\"lazy\" decoding=\"async\" width=\"320\" height=\"232\" src=\"https:\/\/bas-ip.com\/wp-content\/uploads\/2023\/04\/6-4.jpg\" class=\"attachment-thumbnail_345x250 size-thumbnail_345x250\" alt=\"\" srcset=\"https:\/\/bas-ip.com\/wp-content\/uploads\/2023\/04\/6-4.jpg 320w,  https:\/\/bas-ip.com\/wp-content\/uploads\/2023\/04\/6-4-300x218.jpg 300w\" sizes=\"auto, (max-width: 320px) 100vw, 320px\" \/><\/a>\r\n         <\/div>\r\n         \r\n                  <a href=\"\/gate-intercom-system\/\">\r\n            <h3 class=\"title-section\"> Kap\u0131lar: \u00c7evre G\u00fcvenli\u011fini G\u00fc\u00e7lendirme<\/h3>\r\n         <\/a>\r\n                           <div class=\"text-block\">\r\n            <p>Kap\u0131 g\u00fcvenli\u011fi, m\u00fclk\u00fcn korunmas\u0131 ve mahremiyetin sa\u011flanmas\u0131 a\u00e7\u0131s\u0131ndan hayati \u00f6nem ta\u015f\u0131r. L\u00fcks bir konut toplulu\u011funda, BAS-IP interkom \u00e7\u00f6z\u00fcmleri \u00e7evre g\u00fcvenli\u011fini g\u00fc\u00e7lendirmek i\u00e7in uyguland\u0131. Sistem, sakinlerin ziyaret\u00e7ilere uzaktan eri\u015fim izni vermesini veya reddetmesini sa\u011flarken, video g\u00f6zetim entegrasyonu sayesinde toplulu\u011fun giri\u015f ve \u00e7\u0131k\u0131\u015flar\u0131n\u0131n kesintisiz izlenmesine olanak tan\u0131d\u0131. Bu ileri d\u00fczey interkom \u00e7\u00f6z\u00fcm\u00fc, sakinler i\u00e7in g\u00fcvenlik hissini ve huzuru \u00f6nemli \u00f6l\u00e7\u00fcde art\u0131rd\u0131.<\/p>\n         <\/div>\r\n               <\/div>\r\n                     <\/div>\r\n<\/section>\r\n<!-- END Block Info 3 Columns with links -->\n\n\n<p>Bu interkom vaka \u00e7al\u0131\u015fmalar\u0131, BAS-IP interkom \u00e7\u00f6z\u00fcmlerinin farkl\u0131 sekt\u00f6rlerdeki ola\u011fan\u00fcst\u00fc \u00e7ok y\u00f6nl\u00fcl\u00fc\u011f\u00fcn\u00fc ve etkinli\u011fini g\u00f6zler \u00f6n\u00fcne sermektedir. Konut topluluklar\u0131ndan hastanelere kadar, BAS-IP interkom sistemlerinin uygulanmas\u0131, ileti\u015fimi, g\u00fcvenli\u011fi ve genel kullan\u0131c\u0131 deneyimini d\u00f6n\u00fc\u015ft\u00fcrm\u00fc\u015ft\u00fcr. Teknoloji ilerlemeye devam ederken, BAS-IP, farkl\u0131 end\u00fcstrilerin de\u011fi\u015fen ihtiya\u00e7lar\u0131na yan\u0131t veren yenilik\u00e7i ve \u00fcst\u00fcn interkom \u00e7\u00f6z\u00fcmleri sunmaya kararl\u0131l\u0131kla devam etmektedir.<\/p>\n\n\n<!-- START Block FAQ --><section id=\"block_64231e53deae2\" class=\"faq-section\">\r\n\t\t    <h2 class=\"title-section\" data-aos=\"fade-right\">Frequently Asked Questions<\/h2>\r\n\t\t\t    <div class=\"faq-list js-accordion\" data-aos=\"fade-up\">\r\n\t\t\t\t\t\t\t\t\t\t\t    <div class=\"accordion-item faq-item\">\r\n                        <div class=\"accordion-opener\">\r\n                            Q: BAS-IP, interkom \u00e7\u00f6z\u00fcmlerinin g\u00fcvenli\u011fini ve g\u00fcvenilirli\u011fini nas\u0131l sa\u011flar?                            <i class=\"fa-solid fa-chevron-down\"><\/i>\r\n                        <\/div>\r\n                        <div class=\"accordion-slide\">\r\n\t\t\t\t\t\t    <p>BAS-IP, interkom sistemlerinin g\u00fcvenli\u011fini ve g\u00fcvenilirli\u011fini sa\u011flamak i\u00e7in geli\u015fmi\u015f \u015fifreleme protokolleri ve sa\u011flam donan\u0131m kullanmaktad\u0131r. En yeni teknolojileri sunma konusundaki bu kararl\u0131l\u0131\u011f\u0131, BAS-IP\u2019yi d\u00fcnya \u00e7ap\u0131nda \u00e7e\u015fitli sekt\u00f6rler i\u00e7in g\u00fcvenilir bir tercih haline getirmi\u015ftir.<\/p>\n                        <\/div>\r\n\t\t\t\t\t<\/div>\r\n\t\t\t\t\t\t\t\t\t\t\t\t\t\t\t    <div class=\"accordion-item faq-item\">\r\n                        <div class=\"accordion-opener\">\r\n                            Q: BAS-IP interkom \u00e7\u00f6z\u00fcmleri enerji verimlili\u011fine nas\u0131l katk\u0131da bulunur?                            <i class=\"fa-solid fa-chevron-down\"><\/i>\r\n                        <\/div>\r\n                        <div class=\"accordion-slide\">\r\n\t\t\t\t\t\t    <p>BAS-IP interkom sistemleri, enerji verimlili\u011fi g\u00f6z \u00f6n\u00fcnde bulundurularak tasarlanm\u0131\u015ft\u0131r. Hareket sens\u00f6rl\u00fc ayd\u0131nlatma, ak\u0131ll\u0131 iklim kontrol\u00fc ve g\u00fc\u00e7 tasarruflu bekleme modlar\u0131 gibi \u00f6zellikleriyle BAS-IP interkom \u00e7\u00f6z\u00fcmleri, daha ye\u015fil ve s\u00fcrd\u00fcr\u00fclebilir bir \u00e7evreye katk\u0131da bulunmaktad\u0131r.<\/p>\n                        <\/div>\r\n\t\t\t\t\t<\/div>\r\n\t\t\t\t\t\t\t\t\t\t\t\t\t\t\t    <div class=\"accordion-item faq-item\">\r\n                        <div class=\"accordion-opener\">\r\n                            Q: BAS-IP, interkom \u00e7\u00f6z\u00fcmleri i\u00e7in ne t\u00fcr bir destek sunuyor?                            <i class=\"fa-solid fa-chevron-down\"><\/i>\r\n                        <\/div>\r\n                        <div class=\"accordion-slide\">\r\n\t\t\t\t\t\t    <p>BAS-IP, interkom sistemlerinin sorunsuz bir \u015fekilde uygulanmas\u0131 ve i\u015fletilmesi i\u00e7in kapsaml\u0131 teknik destek ve kaynaklar sunarak ola\u011fan\u00fcst\u00fc m\u00fc\u015fteri deste\u011fi sa\u011flamaya kararl\u0131d\u0131r. M\u00fc\u015fteri memnuniyetine olan bu ba\u011fl\u0131l\u0131k, BAS-IP\u2019ye sekt\u00f6rde m\u00fckemmel bir itibar kazand\u0131rm\u0131\u015ft\u0131r.<\/p>\n                        <\/div>\r\n\t\t\t\t\t<\/div>\r\n\t\t\t\t\t\t\t\t\t<\/div>\r\n\t<\/section>\r\n<!-- END Block FAQ -->","protected":false},"excerpt":{"rendered":"<p>Interkom \u00c7\u00f6z\u00fcmleri BAS-IP, \u00e7e\u015fitli end\u00fcstrilere en son teknolojiye sahip interkom \u00e7\u00f6z\u00fcmleri sunmada liderdir ve ola\u011fan\u00fcst\u00fc g\u00fcvenlik ve ileti\u015fim deneyimleri sa\u011flar. Bu makalede, BAS-IP \u00fcr\u00fcnlerinin farkl\u0131 ortamlardaki \u00e7ok y\u00f6nl\u00fcl\u00fc\u011f\u00fcn\u00fc ve etkinli\u011fini g\u00f6steren alt\u0131 etkileyici interkom vaka \u00e7al\u0131\u015fmas\u0131n\u0131 inceliyoruz. \u00c7ok konutlu binalardan hastane tesislerine kadar bu vaka \u00e7al\u0131\u015fmalar\u0131, BAS-IP interkom sistemlerinin d\u00f6n\u00fc\u015ft\u00fcr\u00fcc\u00fc g\u00fcc\u00fcn\u00fc vurgulamaktad\u0131r. Bu interkom vaka [&hellip;]<\/p>","protected":false},"author":1,"featured_media":0,"parent":0,"menu_order":0,"comment_status":"closed","ping_status":"closed","template":"","meta":{"inline_featured_image":false,"footnotes":""},"class_list":["post-133105","page","type-page","status-publish","hentry"],"acf":[],"_links":{"self":[{"href":"https:\/\/bas-ip.com\/tr\/wp-json\/wp\/v2\/pages\/133105","targetHints":{"allow":["GET"]}}],"collection":[{"href":"https:\/\/bas-ip.com\/tr\/wp-json\/wp\/v2\/pages"}],"about":[{"href":"https:\/\/bas-ip.com\/tr\/wp-json\/wp\/v2\/types\/page"}],"author":[{"embeddable":true,"href":"https:\/\/bas-ip.com\/tr\/wp-json\/wp\/v2\/users\/1"}],"replies":[{"embeddable":true,"href":"https:\/\/bas-ip.com\/tr\/wp-json\/wp\/v2\/comments?post=133105"}],"version-history":[{"count":3,"href":"https:\/\/bas-ip.com\/tr\/wp-json\/wp\/v2\/pages\/133105\/revisions"}],"predecessor-version":[{"id":133213,"href":"https:\/\/bas-ip.com\/tr\/wp-json\/wp\/v2\/pages\/133105\/revisions\/133213"}],"wp:attachment":[{"href":"https:\/\/bas-ip.com\/tr\/wp-json\/wp\/v2\/media?parent=133105"}],"curies":[{"name":"wp","href":"https:\/\/api.w.org\/{rel}","templated":true}]}}