{"id":131251,"date":"2025-02-19T15:47:09","date_gmt":"2025-02-19T15:47:09","guid":{"rendered":"https:\/\/bas-ip.com\/intercom-migration-to-link\/"},"modified":"2025-02-25T12:07:53","modified_gmt":"2025-02-25T12:07:53","slug":"intercom-migration-to-link","status":"publish","type":"page","link":"https:\/\/bas-ip.com\/tr\/intercom-migration-to-link\/","title":{"rendered":"Intercom&#8217;dan Link&#8217;e Ge\u00e7i\u015f"},"content":{"rendered":"<h2 data-sourcepos=\"1:1-1:63\">Intercom, Link&#8217;e Ta\u015f\u0131n\u0131yor: Bu sizin i\u00e7in ne anlama geliyor?<\/h2>\n<p data-sourcepos=\"3:1-3:317\">4 Mart 2025&#8217;ten itibaren, Android i\u00e7in Intercom uygulamas\u0131 art\u0131k Google Play Store&#8217;da mevcut olmayacak. Ancak, web s\u00fcr\u00fcm\u00fc ve iOS uygulamas\u0131 herhangi bir de\u011fi\u015fiklik olmadan \u00e7al\u0131\u015fmaya devam edecek ve sunucu deste\u011fi sona erene kadar Intercom sunucular\u0131 kararl\u0131l\u0131\u011f\u0131 ve verilerinize eri\u015fimi sa\u011flamak i\u00e7in aktif kalacakt\u0131r.<\/p>\n<p data-sourcepos=\"5:1-5:216\">Sizi rahat\u0131n\u0131z i\u00e7in tasarlanm\u0131\u015f g\u00fc\u00e7l\u00fc bir \u00e7\u00f6z\u00fcm olan Link&#8217;e ge\u00e7meye davet ediyoruz. Platform, geli\u015fmi\u015f y\u00f6netim yetenekleri, y\u00fcksek d\u00fczeyde kararl\u0131l\u0131k ve en son end\u00fcstri standartlar\u0131n\u0131 kar\u015f\u0131layan g\u00fcvenlik sunmaktad\u0131r.<\/p>\n<p data-sourcepos=\"7:1-7:176\">Bu de\u011fi\u015fikli\u011fin sorular do\u011furabilece\u011fini anl\u0131yoruz, bu nedenle ge\u00e7i\u015fi olabildi\u011fince sorunsuz ve zahmetsiz hale getirmek i\u00e7in ayr\u0131nt\u0131l\u0131 talimatlar ve kapsaml\u0131 destek haz\u0131rlad\u0131k.<\/p>\n<h2 data-sourcepos=\"9:1-9:34\">Bu de\u011fi\u015fikli\u011fi neden yap\u0131yoruz?<\/h2>\n<p data-sourcepos=\"11:1-11:381\">Link&#8217;e ge\u00e7i\u015f karar\u0131m\u0131z, size daha iyi hizmet kalitesi ve cihaz y\u00f6netimi i\u00e7in modern ara\u00e7lar sa\u011flama ihtiyac\u0131ndan kaynaklanmaktad\u0131r. Android i\u00e7in Intercom uygulamas\u0131 g\u00fcncelli\u011fini yitirmi\u015ftir ve art\u0131k mevcut gereksinimleri kar\u015f\u0131lamamaktad\u0131r. Eski platformu g\u00fcncellemek yerine, rahat\u0131n\u0131z i\u00e7in yeni bir standart belirleyecek daha g\u00fc\u00e7l\u00fc ve kullan\u0131c\u0131 dostu bir \u00e7\u00f6z\u00fcm geli\u015ftirmeyi se\u00e7tik.<\/p>\n<h2 data-sourcepos=\"13:1-13:14\">Link nedir?<\/h2>\n<p data-sourcepos=\"15:1-15:217\">Link, rahatl\u0131\u011f\u0131 ve g\u00fcvenilirli\u011fi \u00f6nemseyenler i\u00e7in tasarlanm\u0131\u015f bir platformdur. Intercom&#8217;un yerini al\u0131r ve daha fazla \u00f6zellik, geli\u015ftirilmi\u015f bir tasar\u0131m ve uzun vadeli destek sunar. Link&#8217;ten \u015funlar\u0131 bekleyebilirsiniz:<\/p>\n<ul data-sourcepos=\"17:1-21:0\">\n<li data-sourcepos=\"17:1-17:114\"><strong>Yeniden Tasarlanm\u0131\u015f Aray\u00fcz:<\/strong> Sorunsuz bir kullan\u0131c\u0131 deneyimi i\u00e7in olu\u015fturulmu\u015f basit ve sezgisel bir tasar\u0131m.<\/li>\n<li data-sourcepos=\"18:1-18:116\"><strong>Modern Cihazlar i\u00e7in Destek:<\/strong> Link, en son i\u015fletim sistemleriyle uyumludur ve yeni teknolojilerle entegre olur.<\/li>\n<li data-sourcepos=\"19:1-19:116\"><strong>Geli\u015fmi\u015f \u00d6zellikler:<\/strong> Eri\u015fim y\u00f6netimi, g\u00fcvenlik ve esnek cihaz yap\u0131land\u0131rmas\u0131 &#8211; t\u00fcm\u00fc yeni platformda mevcuttur.<\/li>\n<li data-sourcepos=\"20:1-21:0\"><strong>Kararl\u0131l\u0131k ve G\u00fcvenilirlik:<\/strong> Kesintisiz performans sa\u011flamak i\u00e7in y\u00fcksek y\u00fckleri kald\u0131racak \u015fekilde olu\u015fturulmu\u015ftur.<\/li>\n<\/ul>\n<h2 data-sourcepos=\"22:1-22:29\">Ge\u00e7i\u015f nas\u0131l ger\u00e7ekle\u015fecek?<\/h2>\n<p data-sourcepos=\"24:1-24:325\">Ge\u00e7i\u015f s\u00fcrecini olabildi\u011fince sorunsuz hale getirdik. Aktif Intercom hesaplar\u0131 otomatik olarak Link platformuna ta\u015f\u0131nacak ve kullan\u0131c\u0131lar hesaplar\u0131ndaki SIP numaras\u0131 kadar Temel s\u00fcr\u00fcm lisans\u0131 alacaklar. Bu s\u00fcre\u00e7, olas\u0131 t\u00fcm zorluklar\u0131 en aza indirirken, platformun t\u00fcm mevcut \u00f6zelliklerine eri\u015fimi sa\u011flamak i\u00e7in tasarlanm\u0131\u015ft\u0131r.<\/p>\n<p data-sourcepos=\"26:1-26:50\">M\u00fclk sahipleri i\u00e7in ge\u00e7i\u015f olduk\u00e7a basit olacakt\u0131r:<\/p>\n<ol data-sourcepos=\"28:1-30:0\">\n<li data-sourcepos=\"28:1-28:66\">Hesab\u0131n\u0131z\u0131 olu\u015fturun ve interkom cihazlar\u0131n\u0131 sunucuya ba\u011flay\u0131n.<\/li>\n<li data-sourcepos=\"29:1-30:0\">Sakinlerin bilgilerini i\u00e7eren bir tabloyu doldurun ve sisteme y\u00fckleyin.<\/li>\n<\/ol>\n<p data-sourcepos=\"31:1-31:158\">Sistem gerisini halledecektir: kullan\u0131c\u0131 hesaplar\u0131 olu\u015fturacak, davetiyeler g\u00f6nderecek, interkom cihazlar\u0131n\u0131 yap\u0131land\u0131racak ve platforma eri\u015fim sa\u011flayacakt\u0131r.<\/p>\n<p data-sourcepos=\"33:1-33:123\">Sakinlerin yaln\u0131zca davetiye arac\u0131l\u0131\u011f\u0131yla kayd\u0131 tamamlamalar\u0131 gerekecek ve yeni sistemi hemen kullanmaya ba\u015flayabilecekler.<\/p>\n<h2 data-sourcepos=\"35:1-35:23\">Platform ne yapacak?<\/h2>\n<ul data-sourcepos=\"37:1-40:0\">\n<li data-sourcepos=\"37:1-37:95\">Kullan\u0131c\u0131 hesaplar\u0131n\u0131 otomatik olarak cihazlar\u0131na ba\u011flayacak ve hizmete eri\u015fim sa\u011flayacakt\u0131r.<\/li>\n<li data-sourcepos=\"38:1-38:107\">Gerekirse telefon rehberi senkronizasyonu da dahil olmak \u00fczere interkom entegrasyonunu yap\u0131land\u0131racakt\u0131r.<\/li>\n<li data-sourcepos=\"39:1-40:0\">Verileri i\u015fleyecek ve Link i\u00e7in Temel s\u00fcr\u00fcm lisanslar\u0131 verecektir.<\/li>\n<\/ul>\n<p data-sourcepos=\"41:1-41:166\">Eski cihazlarla \u00e7al\u0131\u015fma veya verileri manuel olarak aktarma gibi daha karma\u015f\u0131k durumlar i\u00e7in, ortaklar\u0131n s\u00fcreci kolayla\u015ft\u0131rmas\u0131na yard\u0131mc\u0131 olacak ara\u00e7lar geli\u015ftirdik.<\/p>\n<h2 data-sourcepos=\"43:1-43:33\">Sizin i\u00e7in faydalar\u0131 nelerdir?<\/h2>\n<p data-sourcepos=\"45:1-45:103\">Ge\u00e7i\u015fi olabildi\u011fince faydal\u0131 hale getirmek i\u00e7in Link platformu \u00e7ok \u00e7e\u015fitli yeni \u00f6zellikler sunmaktad\u0131r:<\/p>\n<p data-sourcepos=\"47:1-47:20\"><strong>Eri\u015fim Y\u00f6netimi:<\/strong><\/p>\n<ul data-sourcepos=\"49:1-50:0\">\n<li data-sourcepos=\"49:1-50:0\">Uzaktan kap\u0131 a\u00e7ma ve misafir eri\u015fim y\u00f6netimi dahil olmak \u00fczere mobil uygulama arac\u0131l\u0131\u011f\u0131yla bina eri\u015fimi \u00fczerinde tam kontrol.<\/li>\n<\/ul>\n<p data-sourcepos=\"51:1-51:35\"><strong>Geli\u015fmi\u015f Etkile\u015fim Yetenekleri:<\/strong><\/p>\n<ul data-sourcepos=\"53:1-54:0\">\n<li data-sourcepos=\"53:1-54:0\">Apple Watch ve Siri gibi modern cihazlarla entegrasyon, aile etkinli\u011fi y\u00f6netimi ve platform \u00fczerinden oda rezervasyonu.<\/li>\n<\/ul>\n<p data-sourcepos=\"55:1-55:20\"><strong>Kay\u0131t ve \u0130zleme:<\/strong><\/p>\n<ul data-sourcepos=\"57:1-58:0\">\n<li data-sourcepos=\"57:1-58:0\">\u00c7a\u011fr\u0131 ge\u00e7mi\u015fini, eri\u015fim g\u00fcnl\u00fcklerini g\u00f6r\u00fcnt\u00fcleyin ve zamanlamalar\u0131 ve k\u0131s\u0131tlamalar\u0131 y\u00f6netin.<\/li>\n<\/ul>\n<p data-sourcepos=\"59:1-59:31\"><strong>Mod\u00fclerlik ve \u00d6zelle\u015ftirme:<\/strong><\/p>\n<ul data-sourcepos=\"61:1-62:0\">\n<li data-sourcepos=\"61:1-62:0\">Konut ve ticari m\u00fclkler i\u00e7in alanlar olu\u015fturun, esnek \u00e7a\u011fr\u0131 y\u00f6nlendirme kurallar\u0131 yap\u0131land\u0131r\u0131n ve telefon rehberlerini y\u00f6netin.<\/li>\n<\/ul>\n<p data-sourcepos=\"63:1-63:33\"><strong>Geli\u015fmi\u015f Telefon \u00d6zellikleri:<\/strong><\/p>\n<ul data-sourcepos=\"65:1-66:0\">\n<li data-sourcepos=\"65:1-66:0\">Sorunsuz ileti\u015fim i\u00e7in SIP trunklar\u0131, sanal numaralar ve yaz\u0131l\u0131m telefonu i\u015flevselli\u011fi deste\u011fi.<\/li>\n<\/ul>\n<p data-sourcepos=\"67:1-67:22\"><strong>G\u00fcvenlik Ara\u00e7lar\u0131:<\/strong><\/p>\n<ul data-sourcepos=\"69:1-70:0\">\n<li data-sourcepos=\"69:1-70:0\">Acil durum \u00e7a\u011fr\u0131 cihazlar\u0131yla entegrasyon, asans\u00f6r eri\u015fim y\u00f6netimi ve k\u0131s\u0131tl\u0131 alanlar \u00fczerinde kontrol.<\/li>\n<\/ul>\n<h2 data-sourcepos=\"71:1-71:41\">Kullan\u0131c\u0131lar\u0131 nas\u0131l bilgilendirece\u011fiz?<\/h2>\n<p data-sourcepos=\"73:1-73:78\">Ge\u00e7i\u015fin her a\u015famas\u0131nda size rehberlik etmek i\u00e7in bir dizi bildirim haz\u0131rlad\u0131k:<\/p>\n<ul data-sourcepos=\"75:1-79:0\">\n<li data-sourcepos=\"75:1-75:177\"><strong>Bilgilendirici E-postalar:<\/strong> De\u011fi\u015fiklikleri, ge\u00e7i\u015f zaman \u00e7izelgesini, Link&#8217;in avantajlar\u0131n\u0131 ve ad\u0131m ad\u0131m ge\u00e7i\u015f talimatlar\u0131n\u0131 ayr\u0131nt\u0131l\u0131 olarak anlatan e-postalar alacaks\u0131n\u0131z.<\/li>\n<li data-sourcepos=\"76:1-76:118\"><strong>Kay\u0131t Davetiyeleri:<\/strong> Veri ge\u00e7i\u015finden sonra, yeni platformda kayd\u0131n\u0131z\u0131 tamamlaman\u0131z i\u00e7in bir davetiye alacaks\u0131n\u0131z.<\/li>\n<li data-sourcepos=\"77:1-77:140\"><strong>Hat\u0131rlatmalar:<\/strong> Gerekirse, kurulumu tamamlaman\u0131z\u0131 ve Link&#8217;i gecikmeden kullanmaya ba\u015flaman\u0131z\u0131 sa\u011flamak i\u00e7in hat\u0131rlatmalar g\u00f6nderece\u011fiz.<\/li>\n<li data-sourcepos=\"78:1-79:0\"><strong>Kullan\u0131c\u0131 Deste\u011fi:<\/strong> Ekibimiz, e-posta ve di\u011fer destek kanallar\u0131 arac\u0131l\u0131\u011f\u0131yla sorular\u0131n\u0131z\u0131 yan\u0131tlamak i\u00e7in haz\u0131r olacakt\u0131r.<\/li>\n<\/ul>\n<h2 data-sourcepos=\"80:1-80:47\">Intercom&#8217;dan Link&#8217;e Ge\u00e7i\u015f: Ad\u0131m Ad\u0131m K\u0131lavuz<\/h2>\n<p data-sourcepos=\"82:1-82:286\">Sorunsuz bir ge\u00e7i\u015f sa\u011flamak i\u00e7in 20-25 \u015eubat tarihleri aras\u0131nda yeni Link sunucusuna kat\u0131lmak i\u00e7in bir davetiye alacaks\u0131n\u0131z. Bu davetiye, Intercom&#8217;a kaydolmak i\u00e7in kulland\u0131\u011f\u0131n\u0131z e-posta adresine g\u00f6nderilecektir. L\u00fctfen bu s\u00fcre zarf\u0131nda gelen kutunuzu (ve spam klas\u00f6r\u00fcn\u00fcz\u00fc) kontrol edin.<\/p>\n<h2 data-sourcepos=\"84:1-84:28\">Link&#8217;i Kullanmaya Ba\u015flama<\/h2>\n<ol data-sourcepos=\"86:1-90:0\">\n<li data-sourcepos=\"86:1-86:101\"><strong>Davetiyeyi Kabul Et:<\/strong> Link sunucusuna eri\u015fmek i\u00e7in davetiye e-postas\u0131ndaki ba\u011flant\u0131ya t\u0131klay\u0131n.<\/li>\n<li data-sourcepos=\"87:1-87:83\"><strong>\u015eifre Olu\u015ftur:<\/strong> Link hesab\u0131n\u0131z i\u00e7in yeni bir \u015fifre olu\u015fturman\u0131z istenecektir.<\/li>\n<li data-sourcepos=\"88:1-88:143\"><strong>Oturum A\u00e7:<\/strong> \u015eifrenizi olu\u015fturduktan sonra, kay\u0131tl\u0131 e-posta adresinizi ve yeni \u015fifrenizi kullanarak Link sunucusunda oturum a\u00e7abilirsiniz.<\/li>\n<li data-sourcepos=\"89:1-90:0\"><strong>Kurulum Talimatlar\u0131n\u0131 \u0130zleyin:<\/strong> Oturum a\u00e7t\u0131ktan sonra, kurulum s\u00fcreci boyunca size yol g\u00f6sterilecektir. Talimatlar, kullan\u0131c\u0131 t\u00fcr\u00fcn\u00fcze ve ekipman\u0131n\u0131za g\u00f6re de\u011fi\u015fiklik g\u00f6sterecektir.<\/li>\n<\/ol>\n<h2 data-sourcepos=\"91:1-91:30\">Kullan\u0131c\u0131ya \u00d6zel Talimatlar<\/h2>\n<p data-sourcepos=\"93:1-93:110\">Ge\u00e7i\u015f s\u00fcrecini olabildi\u011fince kolayla\u015ft\u0131rmak i\u00e7in farkl\u0131 kullan\u0131c\u0131 gruplar\u0131 i\u00e7in ayr\u0131nt\u0131l\u0131 talimatlar sa\u011flad\u0131k:<\/p>\n<p data-sourcepos=\"95:1-95:17\"><strong>\u0130\u015f Ortaklar\u0131<\/strong><strong style=\"font-size: revert; color: initial;\">:<\/strong><\/p>\n<div id=\"model-response-message-contentr_7cc64dd4d44cdcb4\" class=\"markdown markdown-main-panel\" dir=\"ltr\">\n<ul>\n<li><a href=\"https:\/\/basip.atlassian.net\/wiki\/spaces\/migrationtothelink\/pages\/354812908\" target=\"_blank\" rel=\"noopener\">Yeni ekipman sahipleri veya kurulumundan sorumlu olanlar<\/a><\/li>\n<li><a href=\"https:\/\/basip.atlassian.net\/wiki\/spaces\/migrationtothelink\/pages\/354713882\" target=\"_blank\" rel=\"noopener\">Yeni Link sunucusuna ba\u011flanamayan eski ekipman sahipleri (veya kurulumundan sorumlu olanlar)r<\/a><\/li>\n<li><a style=\"font-size: revert;\" href=\"https:\/\/basip.atlassian.net\/wiki\/spaces\/migrationtothelink\/pages\/354877460\" target=\"_blank\" rel=\"noopener\">Yeni Link sunucusuna ba\u011flant\u0131y\u0131 destekleyen eski ekipman sahipleri (veya kurulumundan sorumlu olanlar)<\/a><\/li>\n<\/ul>\n<p><strong>Konut Kompleksleri Sakinleri veya \u00d6zel M\u00fc\u015fteriler:<\/strong><\/p>\n<ul>\n<li><a href=\"https:\/\/basip.atlassian.net\/wiki\/spaces\/migrationtothelink\/pages\/354713902\" target=\"_blank\" rel=\"noopener\">\u0130nterkomu olmayan ancak mobil uygulamas\u0131 olan interkom kullan\u0131c\u0131lar\u0131<\/a><\/li>\n<li><a href=\"https:\/\/basip.atlassian.net\/wiki\/spaces\/migrationtothelink\/pages\/354713892\" target=\"_blank\" rel=\"noopener\">Hem interkomu hem de mobil uygulamas\u0131 olan interkom kullan\u0131c\u0131lar\u0131<\/a><\/li>\n<\/ul>\n<p data-sourcepos=\"106:1-106:215\">Kullan\u0131c\u0131 t\u00fcr\u00fcn\u00fcz ve ekipman\u0131n\u0131zla alakal\u0131 talimatlar\u0131 incelemenizi \u00f6neririz. Ge\u00e7i\u015f s\u00fcreci boyunca herhangi bir sorunuz varsa veya yard\u0131ma ihtiyac\u0131n\u0131z olursa, l\u00fctfen destek ekibimizle ileti\u015fime ge\u00e7mekten \u00e7ekinmeyin.<\/p>\n<p data-sourcepos=\"108:1-108:117\">Link&#8217;in sa\u011flad\u0131\u011f\u0131 geli\u015fmi\u015f ileti\u015fim deneyiminden keyif alaca\u011f\u0131n\u0131zdan eminiz. S\u00fcrekli deste\u011finiz i\u00e7in te\u015fekk\u00fcr ederiz!<\/p>\n<p data-sourcepos=\"110:1-110:20\">Link&#8217;e ho\u015f geldiniz!<\/p>\n<\/div>\n\n<!-- START Block Sign Up --><section id=\"block_629678229e935\" class=\"sign-up-section\">\r\n\r\n    <div class=\"form-holder js-form\" data-aos=\"fade-right\">\r\n                    <div class=\"title-block h3\">Sign up for connection<\/div>\r\n        \r\n                    <div class=\"text-block\">\r\n                Filling out all the information needed to answer you as quickly as possible            <\/div>\r\n        \r\n                    \n<div class=\"wpcf7 no-js\" id=\"wpcf7-f109999-o1\" lang=\"tr-TR\" dir=\"ltr\">\n<div class=\"screen-reader-response\"><p role=\"status\" aria-live=\"polite\" aria-atomic=\"true\"><\/p> <ul><\/ul><\/div>\n<form action=\"\/tr\/wp-json\/wp\/v2\/pages\/131251#wpcf7-f109999-o1\" method=\"post\" class=\"wpcf7-form init\" aria-label=\"Contact form\" enctype=\"multipart\/form-data\" novalidate=\"novalidate\" data-status=\"init\">\n<div style=\"display: none;\">\n<input type=\"hidden\" name=\"_wpcf7\" value=\"109999\" \/>\n<input type=\"hidden\" name=\"_wpcf7_version\" value=\"5.8.3\" \/>\n<input type=\"hidden\" name=\"_wpcf7_locale\" value=\"tr_TR\" \/>\n<input type=\"hidden\" name=\"_wpcf7_unit_tag\" value=\"wpcf7-f109999-o1\" \/>\n<input type=\"hidden\" name=\"_wpcf7_container_post\" value=\"0\" \/>\n<input type=\"hidden\" name=\"_wpcf7_posted_data_hash\" value=\"\" \/>\n<input type=\"hidden\" name=\"_wpcf7_recaptcha_response\" value=\"\" \/>\n<\/div>\n<div class=\"row\"> \n <label><span class=\"label-text\">\u0406\u043c\u2019\u044f<\/span> \n  <span class=\"wpcf7-form-control-wrap\" data-name=\"text-full-name\"><input size=\"40\" class=\"wpcf7-form-control wpcf7-text wpcf7-validates-as-required\" aria-required=\"true\" aria-invalid=\"false\" placeholder=\"\u0406\u043c\u2019\u044f\" value=\"\" type=\"text\" name=\"text-full-name\" \/><\/span><\/label> \n<\/div> \n<div class=\"row\"> \n <label><span class=\"label-text\">\u0422\u0435\u043b\u0435\u0444\u043e\u043d*<\/span> \n<span class=\"wpcf7-form-control-wrap\" data-name=\"phonetext-270\"><input size=\"40\" class=\"wpcf7-form-control wpcf7-phonetext wpcf7-validates-as-required wpcf7-text wpcf7-validates-as-phonetext\" aria-required=\"true\" aria-invalid=\"false\" placeholder=\"\u0422\u0435\u043b\u0435\u0444\u043e\u043d*\" value=\"\" type=\"text\" name=\"phonetext-270\" \/><input type=\"hidden\" name=\"phonetext-270-country-code\" class=\"wpcf7-phonetext-country-code\" \/><\/span><\/label> \n<\/div> \n<div class=\"row\"> \n <label><span class=\"label-text\">\u0415\u043b\u0435\u043a\u0442\u0440\u043e\u043d\u043d\u0430 \u043f\u043e\u0448\u0442\u0430<\/span> \n  <span class=\"wpcf7-form-control-wrap\" data-name=\"email-e-mail\"><input size=\"40\" class=\"wpcf7-form-control wpcf7-email wpcf7-validates-as-required wpcf7-text wpcf7-validates-as-email\" aria-required=\"true\" aria-invalid=\"false\" placeholder=\"\u0415\u043b\u0435\u043a\u0442\u0440\u043e\u043d\u043d\u0430 \u043f\u043e\u0448\u0442\u0430\" value=\"\" type=\"email\" name=\"email-e-mail\" \/><\/span><\/label> \n<\/div> \n<div class=\"row\"><span>\u0412\u0430\u0448\u0430 \u043a\u0440\u0430\u0457\u043d\u0430<\/span> \n <label><span class=\"wpcf7-form-control-wrap\" data-name=\"countrytext-126\"><input size=\"40\" class=\"wpcf7-form-control wpcf7-countrytext wpcf7-text wpcf7-validates-as-countrytext\" aria-invalid=\"false\" value=\"\" type=\"text\" name=\"countrytext-126\" \/><\/span> <\/label>\n<\/div> \n<div class=\"row\"> \n <button type=\"submit\" class=\"btn\">\u041d\u0430\u0434\u0456\u0441\u043b\u0430\u0442\u0438<\/button> \n<\/div> \n<div class=\"row\"> \n <span class=\"wpcf7-form-control-wrap\" data-name=\"checkbox-931\"><span class=\"wpcf7-form-control wpcf7-checkbox\"><span class=\"wpcf7-list-item first\"><label><input type=\"checkbox\" name=\"checkbox-931[]\" value=\"\u0406\u043d\u0442\u0435\u0433\u0440\u0430\u0442\u043e\u0440\" \/><span class=\"wpcf7-list-item-label\">\u0406\u043d\u0442\u0435\u0433\u0440\u0430\u0442\u043e\u0440<\/span><\/label><\/span><span class=\"wpcf7-list-item\"><label><input type=\"checkbox\" name=\"checkbox-931[]\" value=\"\u0417\u0430\u0431\u0443\u0434\u043e\u0432\u043d\u0438\u043a\" \/><span class=\"wpcf7-list-item-label\">\u0417\u0430\u0431\u0443\u0434\u043e\u0432\u043d\u0438\u043a<\/span><\/label><\/span><span class=\"wpcf7-list-item last\"><label><input type=\"checkbox\" name=\"checkbox-931[]\" value=\"\u041a\u0456\u043d\u0446\u0435\u0432\u0438\u0439 \u043a\u043e\u0440\u0438\u0441\u0442\u0443\u0432\u0430\u0447\" \/><span class=\"wpcf7-list-item-label\">\u041a\u0456\u043d\u0446\u0435\u0432\u0438\u0439 \u043a\u043e\u0440\u0438\u0441\u0442\u0443\u0432\u0430\u0447<\/span><\/label><\/span><\/span><\/span> \n<\/div> \n<div class=\"row row-upload-file\"> \n <label class=\"upload-file-block js-upload-file\">\u0414\u043e\u0434\u0430\u0442\u0438 \u0444\u0430\u0439\u043b \n  <span class=\"wpcf7-form-control-wrap\" data-name=\"file-466\"><input size=\"40\" class=\"wpcf7-form-control wpcf7-file\" accept=\"audio\/*,video\/*,image\/*\" aria-invalid=\"false\" type=\"file\" name=\"file-466\" \/><\/span><\/label> \n<\/div><input type='hidden' class='wpcf7-pum' value='{\"closepopup\":false,\"closedelay\":0,\"openpopup\":false,\"openpopup_id\":0}' \/><div class=\"wpcf7-response-output\" aria-hidden=\"true\"><\/div>\n<\/form>\n<\/div>\n            <\/div>\r\n\r\n\t\t    <div class=\"text-holder\" data-aos=\"fade-left\">\r\n\t\t\t\t\t\t    <h3 class=\"title-block\">How Can We Help?<\/h3>\r\n\t\t\t\r\n\t\t\t                <div class=\"text-block\">\r\n                    Please select a topic below related to your inquiry. If you don&#8217;t find what you need, fill out our contact form.                <\/div>\r\n\t\t\t\r\n\t\t\t\t\t\t    <ul class=\"link-list\">\r\n\t\t\t\t\t\t\t\t\t\t\t\t\t\t\t\t\t\t<li>\r\n\t\t\t\t\t\t\t\t\t\t\t\t\t\t\t\t    <strong>Get Inspired<\/strong>\r\n\t\t\t\t\t\t\t\t\t\t\t\t\t\t\t\t\t\t\t\t\t\t\t\t    <a href=\"\/features\/\">\r\n\t\t\t\t\t\t\t\t        Discover what&#8217;s beneath our intercom\t\t\t\t\t\t\t\t    <\/a>\r\n\t\t\t\t\t\t\t\t\t\t\t\t\t\t\t<\/li>\r\n\t\t\t\t\t\t\t\t\t\t\t\t\t\t\t\t\t\t\t\t\t\t\t\t<li>\r\n\t\t\t\t\t\t\t\t\t\t\t\t\t\t\t\t    <strong>Become a Partner<\/strong>\r\n\t\t\t\t\t\t\t\t\t\t\t\t\t\t\t\t\t\t\t\t\t\t\t\t    <a href=\"\/distributors\/\">\r\n\t\t\t\t\t\t\t\t        Expand your business with BAS-IP intercom\t\t\t\t\t\t\t\t    <\/a>\r\n\t\t\t\t\t\t\t\t\t\t\t\t\t\t\t<\/li>\r\n\t\t\t\t\t\t\t\t\t\t\t\t\t\t\t\t\t\t\t\t\t\t\t\t<li>\r\n\t\t\t\t\t\t\t\t\t\t\t\t\t\t\t\t    <strong>Check the Guides<\/strong>\r\n\t\t\t\t\t\t\t\t\t\t\t\t\t\t\t\t\t\t\t\t\t\t\t\t    <a href=\"\/support\/\">\r\n\t\t\t\t\t\t\t\t        Download detailed manuals and schemes\t\t\t\t\t\t\t\t    <\/a>\r\n\t\t\t\t\t\t\t\t\t\t\t\t\t\t\t<\/li>\r\n\t\t\t\t\t\t\t\t\t\t\t\t\t\t\t<\/ul>\r\n\t\t\t\r\n\t\t\t\t\t\t    <h3 class=\"title-block\">Our contacts<\/h3>\r\n\t\t\t\r\n\t\t\t\t\t\t\t<ul class=\"contact-list\">\r\n\t\t\t\t\t\t\t\t\t\t\t\t\t\t\t\t\t\t<li>\r\n\t\t\t\t\t\t\t\t\t\t\t\t\t\t\t\t\t<strong>Sales:<\/strong>\r\n\t\t\t\t\t\t\t\t\t\t\t\t\t\t\t\t\t\t\t\t\t\t\t\t    <a href=\"mailto:&#115;al&#101;&#115;&#64;ba&#115;&#45;&#105;p&#46;&#99;&#111;&#109;\">&#115;al&#101;&#115;&#64;&#98;as-ip&#46;&#99;&#111;m<\/a>\r\n\t\t\t\t\t\t\t\t\t\t\t\t\t\t\t<\/li>\r\n\t\t\t\t\t\t\t\t\t\t\t\t\t\t\t\t\t\t\t\t\t\t\t\t<li>\r\n\t\t\t\t\t\t\t\t\t\t\t\t\t\t\t\t\t<strong>Technical support:<\/strong>\r\n\t\t\t\t\t\t\t\t\t\t\t\t\t\t\t\t\t\t\t\t\t\t\t\t    <a href=\"mailto:su&#112;&#112;&#111;rt&#64;&#98;&#97;&#115;-&#105;&#112;&#46;co&#109;\">s&#117;p&#112;o&#114;&#116;&#64;bas-ip.&#99;o&#109;<\/a>\r\n\t\t\t\t\t\t\t\t\t\t\t\t\t\t\t<\/li>\r\n\t\t\t\t\t\t\t\t\t\t\t\t\t\t\t<\/ul>\r\n\t\t\t\t\t<\/div>\r\n\t<\/section>\r\n\r\n\r\n\r\n<!-- END Block Sign Up -->","protected":false},"excerpt":{"rendered":"<p>Intercom, Link&#8217;e Ta\u015f\u0131n\u0131yor: Bu sizin i\u00e7in ne anlama geliyor? 4 Mart 2025&#8217;ten itibaren, Android i\u00e7in Intercom uygulamas\u0131 art\u0131k Google Play Store&#8217;da mevcut olmayacak. Ancak, web s\u00fcr\u00fcm\u00fc ve iOS uygulamas\u0131 herhangi bir de\u011fi\u015fiklik olmadan \u00e7al\u0131\u015fmaya devam edecek ve sunucu deste\u011fi sona erene kadar Intercom sunucular\u0131 kararl\u0131l\u0131\u011f\u0131 ve verilerinize eri\u015fimi sa\u011flamak i\u00e7in aktif kalacakt\u0131r. Sizi rahat\u0131n\u0131z i\u00e7in [&hellip;]<\/p>","protected":false},"author":1,"featured_media":0,"parent":0,"menu_order":0,"comment_status":"closed","ping_status":"closed","template":"","meta":{"inline_featured_image":false,"footnotes":""},"class_list":["post-131251","page","type-page","status-publish","hentry"],"acf":[],"_links":{"self":[{"href":"https:\/\/bas-ip.com\/tr\/wp-json\/wp\/v2\/pages\/131251","targetHints":{"allow":["GET"]}}],"collection":[{"href":"https:\/\/bas-ip.com\/tr\/wp-json\/wp\/v2\/pages"}],"about":[{"href":"https:\/\/bas-ip.com\/tr\/wp-json\/wp\/v2\/types\/page"}],"author":[{"embeddable":true,"href":"https:\/\/bas-ip.com\/tr\/wp-json\/wp\/v2\/users\/1"}],"replies":[{"embeddable":true,"href":"https:\/\/bas-ip.com\/tr\/wp-json\/wp\/v2\/comments?post=131251"}],"version-history":[{"count":2,"href":"https:\/\/bas-ip.com\/tr\/wp-json\/wp\/v2\/pages\/131251\/revisions"}],"predecessor-version":[{"id":131561,"href":"https:\/\/bas-ip.com\/tr\/wp-json\/wp\/v2\/pages\/131251\/revisions\/131561"}],"wp:attachment":[{"href":"https:\/\/bas-ip.com\/tr\/wp-json\/wp\/v2\/media?parent=131251"}],"curies":[{"name":"wp","href":"https:\/\/api.w.org\/{rel}","templated":true}]}}