{"id":123103,"date":"2023-03-31T12:50:05","date_gmt":"2023-03-31T12:50:05","guid":{"rendered":"https:\/\/bas-ip.com\/?page_id=123103"},"modified":"2025-03-14T10:12:51","modified_gmt":"2025-03-14T10:12:51","slug":"asansor-asansor","status":"publish","type":"page","link":"https:\/\/bas-ip.com\/tr\/asansor\/","title":{"rendered":"Asans\u00f6r"},"content":{"rendered":"<h1 class=\"wp-block-heading\"><strong>IP Teknolojisine Dayal\u0131 Asans\u00f6r \u0130nterkomu<\/strong><\/h1>\n\n\n\n<p>S\u00fcrekli ba\u011flant\u0131 halinde olan bir d\u00fcnyada ileti\u015fim \u00e7ok \u00f6nemli hale gelmi\u015ftir. Bu durum \u00f6zellikle asans\u00f6rler gibi g\u00fcvenlik ve eri\u015filebilirli\u011fin \u00e7ok \u00f6nemli oldu\u011fu ortamlar i\u00e7in ge\u00e7erlidir. Asans\u00f6r interkom sistemi, yolcular\u0131n refah\u0131n\u0131n sa\u011flanmas\u0131nda hayati bir rol oynamakta ve giderek daha fazla zorunlu bir \u00f6zellik olarak g\u00f6r\u00fclmektedir. BAS-IP IP tabanl\u0131 asans\u00f6r interkom sistemlerini kullanman\u0131n faydalar\u0131n\u0131 ve asans\u00f6r deneyiminde nas\u0131l devrim yaratt\u0131klar\u0131n\u0131 inceleyelim.<\/p>\n\n\n<!-- START Block Features --><section id=\"block_6437d003aff43\" class=\"features-section\">\r\n\t\r\n    <div class=\"features-list\">\r\n                    <div class=\"features-item\" data-aos=\"fade-up\">\r\n    <div class=\"features-box\">\r\n                    <div class=\"image-holder\">\r\n                <img loading=\"lazy\" decoding=\"async\" width=\"350\" height=\"320\" src=\"https:\/\/bas-ip.com\/wp-content\/uploads\/2023\/04\/1-6-350x320.jpg\" class=\"attachment-thumbnail_350x320 size-thumbnail_350x320\" alt=\"\" \/>            <\/div>\r\n        \r\n        <div class=\"text-holder\">\r\n                        <h3 class=\"title-block\">Asans\u00f6rlerde \u0130nterkomlara \u0130htiya\u00e7<\/h3>\r\n          \r\n                        <div class=\"text-block\">\r\n                <p>Asans\u00f6r interkomlar\u0131, acil durumlarda veya teknik sorunlarda yolcular i\u00e7in bir cankurtaran halat\u0131 g\u00f6revi g\u00f6r\u00fcr. Bina y\u00f6netimine veya acil durum hizmetlerine do\u011frudan bir ileti\u015fim kanal\u0131 sa\u011flayarak gerekti\u011finde h\u0131zl\u0131 yard\u0131m sa\u011flarlar. Bu nedenle, asans\u00f6rlerde g\u00fcvenilir ve etkili bir interkom sistemine sahip olmak, g\u00fcvenlik standartlar\u0131n\u0131 korumak ve yolculara g\u00fcven vermek i\u00e7in \u00e7ok \u00f6nemlidir.<\/p>\n              <\/div>\r\n                  <\/div>\r\n    <\/div>\r\n<\/div>\r\n                    <div class=\"features-item\" data-aos=\"fade-up\">\r\n    <div class=\"features-box\">\r\n                    <div class=\"image-holder\">\r\n                <img loading=\"lazy\" decoding=\"async\" width=\"350\" height=\"320\" src=\"https:\/\/bas-ip.com\/wp-content\/uploads\/2023\/04\/2-6-350x320.jpg\" class=\"attachment-thumbnail_350x320 size-thumbnail_350x320\" alt=\"\" \/>            <\/div>\r\n        \r\n        <div class=\"text-holder\">\r\n                        <h3 class=\"title-block\">IP Tabanl\u0131 \u0130nterkomlar: Geleneksel Sistemlerden Bir Ad\u0131m \u00d6nde<\/h3>\r\n          \r\n                        <div class=\"text-block\">\r\n                <p>Geleneksel analog interkom sistemleri uzun y\u0131llar boyunca standart olmu\u015ftur. Ancak, internet protokol\u00fc (IP) ve Oturum Ba\u015flatma Protokol\u00fc&#8217;nden (SIP) yararlanan IP tabanl\u0131 \u00e7\u00f6z\u00fcmlerin ortaya \u00e7\u0131kmas\u0131, asans\u00f6rlerde ileti\u015fim kurma \u015feklimizde bir paradigma de\u011fi\u015fikli\u011fine yol a\u00e7m\u0131\u015ft\u0131r.<\/p>\n              <\/div>\r\n                  <\/div>\r\n    <\/div>\r\n<\/div>\r\n                    <div class=\"features-item\" data-aos=\"fade-up\">\r\n    <div class=\"features-box\">\r\n                    <div class=\"image-holder\">\r\n                <img loading=\"lazy\" decoding=\"async\" width=\"350\" height=\"320\" src=\"https:\/\/bas-ip.com\/wp-content\/uploads\/2023\/04\/3-6-350x320.jpg\" class=\"attachment-thumbnail_350x320 size-thumbnail_350x320\" alt=\"\" \/>            <\/div>\r\n        \r\n        <div class=\"text-holder\">\r\n                        <h3 class=\"title-block\">K\u00fcresel Asans\u00f6r \u00dcreticileriyle Ortakl\u0131k<\/h3>\r\n          \r\n                        <div class=\"text-block\">\r\n                <p>BAS-IP, \u00fcr\u00fcnleriyle sorunsuz entegrasyon sa\u011flamak i\u00e7in Kone gibi \u00f6nde gelen asans\u00f6r \u00fcreticileriyle ortakl\u0131klar kurmu\u015ftur. Bu i\u015fbirli\u011fi, Kone asans\u00f6rlerinin dairelere kurulan BAS-IP interkomlar\u0131ndan tam olarak kontrol edilmesini sa\u011flayarak uyumlu ve modern bir kullan\u0131c\u0131 deneyimi yarat\u0131yor.<\/p>\n              <\/div>\r\n                  <\/div>\r\n    <\/div>\r\n<\/div>\r\n            <\/div>\r\n<\/section>\r\n<!-- END Block Features -->\n\n\n<h2 class=\"wp-block-heading\"><strong>BAS-IP Asans\u00f6r \u0130nterkomlar\u0131n\u0131n Avantajlar\u0131<\/strong><\/h2>\n\n\n\n<p>Geleneksel analog sistemlerle kar\u015f\u0131la\u015ft\u0131r\u0131ld\u0131\u011f\u0131nda, BAS-IP \u00e7\u00f6z\u00fcm\u00fc gibi IP tabanl\u0131 asans\u00f6r interkomlar\u0131 \u00e7e\u015fitli avantajlar sunar:<\/p>\n\n\n<!-- START Block Features --><section id=\"block_6437d09daff47\" class=\"features-section\">\r\n\t\r\n    <div class=\"features-list\">\r\n                    <div class=\"features-item\" data-aos=\"fade-up\">\r\n    <div class=\"features-box\">\r\n                    <div class=\"image-holder\">\r\n                <img loading=\"lazy\" decoding=\"async\" width=\"350\" height=\"320\" src=\"https:\/\/bas-ip.com\/wp-content\/uploads\/2023\/04\/4-6-350x320.jpg\" class=\"attachment-thumbnail_350x320 size-thumbnail_350x320\" alt=\"\" \/>            <\/div>\r\n        \r\n        <div class=\"text-holder\">\r\n                        <h3 class=\"title-block\">Geli\u015fmi\u015f Ses ve G\u00f6r\u00fcnt\u00fc Kalitesi<\/h3>\r\n          \r\n                        <div class=\"text-block\">\r\n                <p>BAS-IP interkomlar, bina y\u00f6netimi ve g\u00fcvenlik personelinin asans\u00f6r aktivitesini ger\u00e7ek zamanl\u0131 olarak izleyebilmesini sa\u011flayan dahili kameralarla birlikte gelir. Bu \u00f6zellik sadece binan\u0131n genel g\u00fcvenli\u011fini art\u0131rmakla kalmaz, ayn\u0131 zamanda potansiyel su\u00e7lular i\u00e7in cayd\u0131r\u0131c\u0131 bir unsur olarak hizmet eder.<\/p>\n              <\/div>\r\n                  <\/div>\r\n    <\/div>\r\n<\/div>\r\n                    <div class=\"features-item\" data-aos=\"fade-up\">\r\n    <div class=\"features-box\">\r\n                    <div class=\"image-holder\">\r\n                <img loading=\"lazy\" decoding=\"async\" width=\"350\" height=\"320\" src=\"https:\/\/bas-ip.com\/wp-content\/uploads\/2023\/04\/5-6-350x320.jpg\" class=\"attachment-thumbnail_350x320 size-thumbnail_350x320\" alt=\"\" \/>            <\/div>\r\n        \r\n        <div class=\"text-holder\">\r\n                        <h3 class=\"title-block\">S\u0131n\u0131rs\u0131z Cihaz ve Concierge Terminal Deste\u011fi<\/h3>\r\n          \r\n                        <div class=\"text-block\">\r\n                <p>BAS-IP \u00e7\u00f6z\u00fcm\u00fc, bir konsiyerj terminalinin entegrasyonu da dahil olmak \u00fczere bir a\u011f i\u00e7inde s\u0131n\u0131rs\u0131z say\u0131da cihaz\u0131 destekler. Bu \u00f6l\u00e7eklenebilirlik, sistemin bina ile birlikte b\u00fcy\u00fcyebilmesini ve performans veya g\u00fcvenilirlikten \u00f6d\u00fcn vermeden gereksinimlerdeki de\u011fi\u015fiklikleri kar\u015f\u0131layabilmesini sa\u011flar.<\/p>\n              <\/div>\r\n                  <\/div>\r\n    <\/div>\r\n<\/div>\r\n                    <div class=\"features-item\" data-aos=\"fade-up\">\r\n    <div class=\"features-box\">\r\n                    <div class=\"image-holder\">\r\n                <img loading=\"lazy\" decoding=\"async\" width=\"350\" height=\"320\" src=\"https:\/\/bas-ip.com\/wp-content\/uploads\/2023\/04\/6-5-350x320.jpg\" class=\"attachment-thumbnail_350x320 size-thumbnail_350x320\" alt=\"\" \/>            <\/div>\r\n        \r\n        <div class=\"text-holder\">\r\n                        <h3 class=\"title-block\">Daha Kolay Kurulum ve Bak\u0131m<\/h3>\r\n          \r\n                        <div class=\"text-block\">\r\n                <p>IP asans\u00f6r interkomlar\u0131 mevcut a\u011f altyap\u0131s\u0131n\u0131 kullanarak kurulumu ve bak\u0131m\u0131 daha basit ve uygun maliyetli hale getirir.<\/p>\n<p>G\u00fcn\u00fcm\u00fcz\u00fcn giderek daha ba\u011flant\u0131l\u0131 hale gelen d\u00fcnyas\u0131nda, asans\u00f6rlerde verimli ve g\u00fcvenilir ileti\u015fime duyulan ihtiya\u00e7 g\u00f6z ard\u0131 edilemez. BAS-IP \u00e7\u00f6z\u00fcm\u00fc gibi IP tabanl\u0131 asans\u00f6r interkom sistemleri, geleneksel analog sistemlere g\u00f6re say\u0131s\u0131z avantaj sunarak bu alanda alt\u0131n standart olarak ortaya \u00e7\u0131km\u0131\u015ft\u0131r. Geli\u015fmi\u015f ses ve g\u00f6r\u00fcnt\u00fc kalitesinden di\u011fer bina y\u00f6netim sistemleriyle sorunsuz entegrasyona kadar, IP interkomlar asans\u00f6r deneyimini daha iyi hale getiriyor. Sonu\u00e7 olarak, bina sahipleri, y\u00f6neticileri ve sakinleri daha fazla g\u00fcvenlik, rahatl\u0131k ve huzurun tad\u0131n\u0131 \u00e7\u0131karabilirler.<\/p>\n              <\/div>\r\n                  <\/div>\r\n    <\/div>\r\n<\/div>\r\n            <\/div>\r\n<\/section>\r\n<!-- END Block Features -->\n\n<!-- START Block FAQ --><section id=\"block_6426d69cbc4a0\" class=\"faq-section\">\r\n\t\t    <h2 class=\"title-section\" data-aos=\"fade-right\">S\u0131k\u00e7a Sorulan Sorular<\/h2>\r\n\t\t\t    <div class=\"faq-list js-accordion\" data-aos=\"fade-up\">\r\n\t\t\t\t\t\t\t\t\t\t\t    <div class=\"accordion-item faq-item\">\r\n                        <div class=\"accordion-opener\">\r\n                            Q: Asans\u00f6r interkomlar\u0131 neden zorunlu kabul ediliyor?                            <i class=\"fa-solid fa-chevron-down\"><\/i>\r\n                        <\/div>\r\n                        <div class=\"accordion-slide\">\r\n\t\t\t\t\t\t    <p>Asans\u00f6r interkomlar\u0131, yolcular ile bina y\u00f6netimi veya acil durum hizmetleri aras\u0131nda do\u011frudan bir ileti\u015fim kanal\u0131 sa\u011flayarak acil durumlar veya teknik sorunlar s\u0131ras\u0131nda zaman\u0131nda yard\u0131m sa\u011flad\u0131klar\u0131 i\u00e7in zorunlu kabul edilir.<\/p>\n                        <\/div>\r\n\t\t\t\t\t<\/div>\r\n\t\t\t\t\t\t\t\t\t\t\t\t\t\t\t    <div class=\"accordion-item faq-item\">\r\n                        <div class=\"accordion-opener\">\r\n                            Q: IP tabanl\u0131 asans\u00f6r interkomlar\u0131n\u0131 geleneksel analog sistemlerden daha iyi yapan nedir?                            <i class=\"fa-solid fa-chevron-down\"><\/i>\r\n                        <\/div>\r\n                        <div class=\"accordion-slide\">\r\n\t\t\t\t\t\t    <p>BAS-IP \u00e7\u00f6z\u00fcm\u00fc gibi IP tabanl\u0131 asans\u00f6r interkomlar\u0131, geleneksel analog sistemlere g\u00f6re geli\u015fmi\u015f ses ve g\u00f6r\u00fcnt\u00fc kalitesi, \u00f6l\u00e7eklenebilirlik, daha kolay kurulum ve bak\u0131m, yerle\u015fik kamera \u00f6zellikleri ve di\u011fer IP tabanl\u0131 sistemlerle sorunsuz entegrasyon gibi \u00e7e\u015fitli avantajlar sunar.<\/p>\n                        <\/div>\r\n\t\t\t\t\t<\/div>\r\n\t\t\t\t\t\t\t\t\t\t\t\t\t\t\t    <div class=\"accordion-item faq-item\">\r\n                        <div class=\"accordion-opener\">\r\n                            Q: IP interkomlardaki dahili kamera \u00f6zelli\u011fi asans\u00f6r g\u00fcvenli\u011fini nas\u0131l art\u0131r\u0131r?                            <i class=\"fa-solid fa-chevron-down\"><\/i>\r\n                        <\/div>\r\n                        <div class=\"accordion-slide\">\r\n\t\t\t\t\t\t    <p>IP interkomlardaki dahili kamera \u00f6zelli\u011fi, bina y\u00f6netimi ve g\u00fcvenlik personelinin asans\u00f6r aktivitesini ger\u00e7ek zamanl\u0131 olarak izlemesine olanak tan\u0131r. Bu ek g\u00fcvenlik katman\u0131, potansiyel su\u00e7lular i\u00e7in cayd\u0131r\u0131c\u0131 olabilir ve herhangi bir olay durumunda g\u00f6rsel kan\u0131t sa\u011flar.<\/p>\n                        <\/div>\r\n\t\t\t\t\t<\/div>\r\n\t\t\t\t\t\t\t\t\t\t\t\t\t\t\t    <div class=\"accordion-item faq-item\">\r\n                        <div class=\"accordion-opener\">\r\n                            Q: IP tabanl\u0131 asans\u00f6r interkomlar\u0131 di\u011fer bina y\u00f6netim sistemleriyle birlikte \u00e7al\u0131\u015fabilir mi?                            <i class=\"fa-solid fa-chevron-down\"><\/i>\r\n                        <\/div>\r\n                        <div class=\"accordion-slide\">\r\n\t\t\t\t\t\t    <p>Evet, IP tabanl\u0131 asans\u00f6r interkomlar\u0131 di\u011fer IP tabanl\u0131 bina y\u00f6netim sistemleriyle sorunsuz bir \u015fekilde entegre olacak \u015fekilde tasarlanm\u0131\u015ft\u0131r. Bu, daha ba\u011flant\u0131l\u0131 ve verimli bir bina y\u00f6netimi ekosistemini kolayla\u015ft\u0131rarak genel g\u00fcvenli\u011fi ve rahatl\u0131\u011f\u0131 art\u0131r\u0131r.<\/p>\n                        <\/div>\r\n\t\t\t\t\t<\/div>\r\n\t\t\t\t\t\t\t\t\t\t\t\t\t\t\t    <div class=\"accordion-item faq-item\">\r\n                        <div class=\"accordion-opener\">\r\n                            Q: BAS-IP ile Kone gibi asans\u00f6r \u00fcreticileri aras\u0131ndaki ortakl\u0131k kullan\u0131c\u0131lara nas\u0131l fayda sa\u011fl\u0131yor?                            <i class=\"fa-solid fa-chevron-down\"><\/i>\r\n                        <\/div>\r\n                        <div class=\"accordion-slide\">\r\n\t\t\t\t\t\t    <p>BAS-IP ve Kone gibi asans\u00f6r \u00fcreticileri aras\u0131ndaki ortakl\u0131k, ilgili \u00fcr\u00fcnlerinin sorunsuz entegrasyonunu sa\u011flar. Bu i\u015fbirli\u011fi, Kone asans\u00f6rlerinin dairelere kurulan BAS-IP interkomlar\u0131ndan tam olarak kontrol edilmesine olanak tan\u0131yarak uyumlu ve modern bir kullan\u0131c\u0131 deneyimi sa\u011fl\u0131yor.<\/p>\n                        <\/div>\r\n\t\t\t\t\t<\/div>\r\n\t\t\t\t\t\t\t\t\t<\/div>\r\n\t<\/section>\r\n<!-- END Block FAQ -->\n\n\n<p><\/p>","protected":false},"excerpt":{"rendered":"<p>IP Teknolojisine Dayal\u0131 Asans\u00f6r \u0130nterkomu S\u00fcrekli ba\u011flant\u0131 halinde olan bir d\u00fcnyada ileti\u015fim \u00e7ok \u00f6nemli hale gelmi\u015ftir. Bu durum \u00f6zellikle asans\u00f6rler gibi g\u00fcvenlik ve eri\u015filebilirli\u011fin \u00e7ok \u00f6nemli oldu\u011fu ortamlar i\u00e7in ge\u00e7erlidir. Asans\u00f6r interkom sistemi, yolcular\u0131n refah\u0131n\u0131n sa\u011flanmas\u0131nda hayati bir rol oynamakta ve giderek daha fazla zorunlu bir \u00f6zellik olarak g\u00f6r\u00fclmektedir. BAS-IP IP tabanl\u0131 asans\u00f6r interkom sistemlerini [&hellip;]<\/p>","protected":false},"author":3,"featured_media":0,"parent":0,"menu_order":0,"comment_status":"closed","ping_status":"closed","template":"","meta":{"inline_featured_image":false,"footnotes":""},"class_list":["post-123103","page","type-page","status-publish","hentry"],"acf":[],"_links":{"self":[{"href":"https:\/\/bas-ip.com\/tr\/wp-json\/wp\/v2\/pages\/123103","targetHints":{"allow":["GET"]}}],"collection":[{"href":"https:\/\/bas-ip.com\/tr\/wp-json\/wp\/v2\/pages"}],"about":[{"href":"https:\/\/bas-ip.com\/tr\/wp-json\/wp\/v2\/types\/page"}],"author":[{"embeddable":true,"href":"https:\/\/bas-ip.com\/tr\/wp-json\/wp\/v2\/users\/3"}],"replies":[{"embeddable":true,"href":"https:\/\/bas-ip.com\/tr\/wp-json\/wp\/v2\/comments?post=123103"}],"version-history":[{"count":3,"href":"https:\/\/bas-ip.com\/tr\/wp-json\/wp\/v2\/pages\/123103\/revisions"}],"predecessor-version":[{"id":133690,"href":"https:\/\/bas-ip.com\/tr\/wp-json\/wp\/v2\/pages\/123103\/revisions\/133690"}],"wp:attachment":[{"href":"https:\/\/bas-ip.com\/tr\/wp-json\/wp\/v2\/media?parent=123103"}],"curies":[{"name":"wp","href":"https:\/\/api.w.org\/{rel}","templated":true}]}}