{"id":122494,"date":"2024-05-15T14:21:12","date_gmt":"2024-05-15T14:21:12","guid":{"rendered":"https:\/\/bas-ip.com\/?page_id=122494"},"modified":"2024-11-05T14:51:17","modified_gmt":"2024-11-05T14:51:17","slug":"urun-yazilimi-destek-politikasi","status":"publish","type":"page","link":"https:\/\/bas-ip.com\/tr\/urun-yazilimi-destek-politikasi\/","title":{"rendered":"\u00dcr\u00fcn yaz\u0131l\u0131m\u0131 destek politikas\u0131"},"content":{"rendered":"<p><strong>\u00dcr\u00fcn yaz\u0131l\u0131m\u0131n\u0131n bak\u0131m\u0131<\/strong><\/p>\n\n\n\n<p id=\"block-e7b7cccc-4dd8-4c38-9281-c28d6af67b9c\">BAS-IP, tamamen kendi takdirine ba\u011fl\u0131 olarak, donan\u0131m i\u00e7in ge\u00e7erli garanti s\u00fcresi boyunca temel bir \u00fcr\u00fcn yaz\u0131l\u0131m\u0131 deste\u011fi verebilir. Garanti s\u00fcresi boyunca BAS-IP donan\u0131m i\u00e7in bak\u0131m s\u00fcr\u00fcmleri veya hata d\u00fczeltmeleri yay\u0131nlayabilir.<\/p>\n\n\n\n<p id=\"block-1e9d184a-8dae-4a20-87a4-2a969f143d6d\">Garanti s\u00fcresi sona erdi\u011finde, BAS-IP art\u0131k s\u00f6z konusu \u00fcr\u00fcn yaz\u0131l\u0131m\u0131n\u0131 geli\u015ftirmeyecek, bak\u0131m\u0131n\u0131 yapmayacak veya test etmeyecektir. Ancak BAS-IP, kendi tercihine ba\u011fl\u0131 olarak ve \u00fcr\u00fcn baz\u0131nda, garanti s\u00fcresinin sona ermesinden sonra destek sunabilir. BAS-IP donan\u0131m\u0131na \u00f6nceden y\u00fcklenmi\u015f olarak teslim edilen ve donan\u0131m\u0131n RMA hizmetine tabi oldu\u011fu \u00fcr\u00fcn yaz\u0131l\u0131mlar\u0131 dahil ancak bunlarla s\u0131n\u0131rl\u0131 olmamak \u00fczere t\u00fcm BAS-IP \u00fcr\u00fcn yaz\u0131l\u0131mlar\u0131 &#8220;oldu\u011fu gibi&#8221; teslim edilir.<\/p>\n\n\n\n<p>BAS-IP \u00fcr\u00fcn yaz\u0131l\u0131m\u0131 BAS-IP garantisi kapsam\u0131nda de\u011fildir.<\/p>\n\n\n\n<p><\/p>\n\n\n\n<p><\/p>","protected":false},"excerpt":{"rendered":"<p>\u00dcr\u00fcn yaz\u0131l\u0131m\u0131n\u0131n bak\u0131m\u0131 BAS-IP, tamamen kendi takdirine ba\u011fl\u0131 olarak, donan\u0131m i\u00e7in ge\u00e7erli garanti s\u00fcresi boyunca temel bir \u00fcr\u00fcn yaz\u0131l\u0131m\u0131 deste\u011fi verebilir. Garanti s\u00fcresi boyunca BAS-IP donan\u0131m i\u00e7in bak\u0131m s\u00fcr\u00fcmleri veya hata d\u00fczeltmeleri yay\u0131nlayabilir. Garanti s\u00fcresi sona erdi\u011finde, BAS-IP art\u0131k s\u00f6z konusu \u00fcr\u00fcn yaz\u0131l\u0131m\u0131n\u0131 geli\u015ftirmeyecek, bak\u0131m\u0131n\u0131 yapmayacak veya test etmeyecektir. Ancak BAS-IP, kendi tercihine ba\u011fl\u0131 olarak [&hellip;]<\/p>","protected":false},"author":3,"featured_media":0,"parent":0,"menu_order":0,"comment_status":"closed","ping_status":"closed","template":"","meta":{"inline_featured_image":false,"footnotes":""},"class_list":["post-122494","page","type-page","status-publish","hentry"],"acf":[],"_links":{"self":[{"href":"https:\/\/bas-ip.com\/tr\/wp-json\/wp\/v2\/pages\/122494","targetHints":{"allow":["GET"]}}],"collection":[{"href":"https:\/\/bas-ip.com\/tr\/wp-json\/wp\/v2\/pages"}],"about":[{"href":"https:\/\/bas-ip.com\/tr\/wp-json\/wp\/v2\/types\/page"}],"author":[{"embeddable":true,"href":"https:\/\/bas-ip.com\/tr\/wp-json\/wp\/v2\/users\/3"}],"replies":[{"embeddable":true,"href":"https:\/\/bas-ip.com\/tr\/wp-json\/wp\/v2\/comments?post=122494"}],"version-history":[{"count":1,"href":"https:\/\/bas-ip.com\/tr\/wp-json\/wp\/v2\/pages\/122494\/revisions"}],"predecessor-version":[{"id":122495,"href":"https:\/\/bas-ip.com\/tr\/wp-json\/wp\/v2\/pages\/122494\/revisions\/122495"}],"wp:attachment":[{"href":"https:\/\/bas-ip.com\/tr\/wp-json\/wp\/v2\/media?parent=122494"}],"curies":[{"name":"wp","href":"https:\/\/api.w.org\/{rel}","templated":true}]}}