{"id":122113,"date":"2024-05-15T14:56:42","date_gmt":"2024-05-15T14:56:42","guid":{"rendered":"https:\/\/bas-ip.com\/?page_id=122113"},"modified":"2024-11-05T10:55:42","modified_gmt":"2024-11-05T10:55:42","slug":"bsa-000001","status":"publish","type":"page","link":"https:\/\/bas-ip.com\/tr\/bsa-000001\/","title":{"rendered":"BSA-000001"},"content":{"rendered":"<h2 class=\"wp-block-heading\" id=\"bsa-000001\">Genel Bak\u0131\u015f<\/h2>\n\n\n\n<p>Baz\u0131 BAS-IP interkom cihazlar\u0131nda bir sorun ke\u015ffedilmi\u015ftir. Bir sald\u0131rgan, cihaz\u0131n web aray\u00fcz\u00fcne veya API&#8217;sine eri\u015ferek cihaz\u0131n RTSP sunucusu ve SIP hesab\u0131 i\u00e7in parolalar elde edebilir.<\/p>\n\n\n\n<p>BAS-IP bu g\u00fcvenlik a\u00e7\u0131klar\u0131n\u0131 orta seviye olarak s\u0131n\u0131fland\u0131rmakta ve m\u00fc\u015fterilerin etkilenen BAS-IP modellerini en son \u00fcr\u00fcn yaz\u0131l\u0131m\u0131 s\u00fcr\u00fcm\u00fcne y\u00fckseltmelerini tavsiye etmektedir.<\/p>\n\n\n\n<h2 class=\"wp-block-heading\" id=\"risk-assessment\">Risk de\u011ferlendirmesi<\/h2>\n\n\n\n<p>Potansiyel bir d\u00fc\u015fman, g\u00fcvenlik a\u00e7\u0131klar\u0131ndan faydalanmak i\u00e7in cihaza a\u011f eri\u015fimine ihtiya\u00e7 duyar. D\u00fc\u015fman, cihaz\u0131 ba\u015far\u0131l\u0131 bir \u015fekilde ele ge\u00e7irmek i\u00e7in kimlik bilgilerine ihtiya\u00e7 duyar. Risk, cihaz\u0131n ne kadar a\u00e7\u0131kta oldu\u011funa ba\u011fl\u0131d\u0131r. \u0130nternete d\u00f6n\u00fck cihazlar (\u00f6rne\u011fin y\u00f6nlendirici ba\u011flant\u0131 noktas\u0131 iletme yoluyla maruz kalan) y\u00fcksek risk alt\u0131ndad\u0131r. Korumal\u0131 bir yerel a\u011f \u00fczerinde konu\u015fland\u0131r\u0131lan \u00fcr\u00fcnler daha d\u00fc\u015f\u00fck risk alt\u0131ndad\u0131r.<\/p>\n\n\n\n<h2 class=\"wp-block-heading\" id=\"risk-mitigation\">Risk azaltma<\/h2>\n\n\n\n<ul class=\"wp-block-list\">\n<li>Etkilenen modellerin en son ayg\u0131t yaz\u0131l\u0131m\u0131na y\u00fckseltilmesi \u015fiddetle tavsiye edilir.<\/li>\n\n\n\n<li>Cihazlar\u0131n do\u011frudan internete a\u00e7\u0131lmas\u0131 (port y\u00f6nlendirme) tavsiye edilmez.<\/li>\n<\/ul>\n\n\n\n<h2 class=\"wp-block-heading\" id=\"affected-models-and-patched-firmware\">Etkilenen modeller ve yamal\u0131 \u00fcr\u00fcn yaz\u0131l\u0131m\u0131<\/h2>\n\n\n\n<p>Etkilenen modeller listesi:<\/p>\n\n\n\n<ul class=\"wp-block-list\">\n<li>AV-01D<\/li>\n\n\n\n<li>AV-01MD<\/li>\n\n\n\n<li>AV-01MFD<\/li>\n\n\n\n<li>AV-01ED<\/li>\n\n\n\n<li>AV-01KD<\/li>\n\n\n\n<li>AV-01BD<\/li>\n\n\n\n<li>AV-01KBD<\/li>\n\n\n\n<li>AV-02D<\/li>\n\n\n\n<li>AV-02IDE<\/li>\n\n\n\n<li>AV-02IDR<\/li>\n\n\n\n<li>AV-02IPD<\/li>\n\n\n\n<li>AV-02FDE<\/li>\n\n\n\n<li>AV-02FDR<\/li>\n\n\n\n<li>AV-03D<\/li>\n\n\n\n<li>AV-03BD<\/li>\n\n\n\n<li>AV-04AFD<\/li>\n\n\n\n<li>AV-04ASD<\/li>\n\n\n\n<li>AV-04FD<\/li>\n\n\n\n<li>AV-04SD<\/li>\n\n\n\n<li>AV-05FD<\/li>\n\n\n\n<li>AV-05SD<\/li>\n\n\n\n<li>AA-07BD<\/li>\n\n\n\n<li>AA-07BDI<\/li>\n\n\n\n<li>BA-04BD<\/li>\n\n\n\n<li>BA-04MD<\/li>\n\n\n\n<li>BA-08BD<\/li>\n\n\n\n<li>BA-08MD<\/li>\n\n\n\n<li>BA-12BD<\/li>\n\n\n\n<li>BA-12MD<\/li>\n\n\n\n<li>CR-02BD<\/li>\n<\/ul>\n\n\n\n<p>Yamal\u0131 \u00fcr\u00fcn yaz\u0131l\u0131m\u0131 s\u00fcr\u00fcm\u00fc:<\/p>\n\n\n\n<ul class=\"wp-block-list\">\n<li>3.9.2<\/li>\n<\/ul>","protected":false},"excerpt":{"rendered":"<p>Genel Bak\u0131\u015f Baz\u0131 BAS-IP interkom cihazlar\u0131nda bir sorun ke\u015ffedilmi\u015ftir. Bir sald\u0131rgan, cihaz\u0131n web aray\u00fcz\u00fcne veya API&#8217;sine eri\u015ferek cihaz\u0131n RTSP sunucusu ve SIP hesab\u0131 i\u00e7in parolalar elde edebilir. BAS-IP bu g\u00fcvenlik a\u00e7\u0131klar\u0131n\u0131 orta seviye olarak s\u0131n\u0131fland\u0131rmakta ve m\u00fc\u015fterilerin etkilenen BAS-IP modellerini en son \u00fcr\u00fcn yaz\u0131l\u0131m\u0131 s\u00fcr\u00fcm\u00fcne y\u00fckseltmelerini tavsiye etmektedir. Risk de\u011ferlendirmesi Potansiyel bir d\u00fc\u015fman, g\u00fcvenlik a\u00e7\u0131klar\u0131ndan [&hellip;]<\/p>","protected":false},"author":3,"featured_media":0,"parent":0,"menu_order":0,"comment_status":"closed","ping_status":"closed","template":"","meta":{"inline_featured_image":false,"footnotes":""},"class_list":["post-122113","page","type-page","status-publish","hentry"],"acf":[],"_links":{"self":[{"href":"https:\/\/bas-ip.com\/tr\/wp-json\/wp\/v2\/pages\/122113","targetHints":{"allow":["GET"]}}],"collection":[{"href":"https:\/\/bas-ip.com\/tr\/wp-json\/wp\/v2\/pages"}],"about":[{"href":"https:\/\/bas-ip.com\/tr\/wp-json\/wp\/v2\/types\/page"}],"author":[{"embeddable":true,"href":"https:\/\/bas-ip.com\/tr\/wp-json\/wp\/v2\/users\/3"}],"replies":[{"embeddable":true,"href":"https:\/\/bas-ip.com\/tr\/wp-json\/wp\/v2\/comments?post=122113"}],"version-history":[{"count":1,"href":"https:\/\/bas-ip.com\/tr\/wp-json\/wp\/v2\/pages\/122113\/revisions"}],"predecessor-version":[{"id":122114,"href":"https:\/\/bas-ip.com\/tr\/wp-json\/wp\/v2\/pages\/122113\/revisions\/122114"}],"wp:attachment":[{"href":"https:\/\/bas-ip.com\/tr\/wp-json\/wp\/v2\/media?parent=122113"}],"curies":[{"name":"wp","href":"https:\/\/api.w.org\/{rel}","templated":true}]}}