{"id":121722,"date":"2024-02-14T09:43:47","date_gmt":"2024-02-14T09:43:47","guid":{"rendered":"https:\/\/bas-ip.com\/?page_id=121722"},"modified":"2024-11-04T18:15:04","modified_gmt":"2024-11-04T18:15:04","slug":"axis","status":"publish","type":"page","link":"https:\/\/bas-ip.com\/tr\/axis\/","title":{"rendered":"Axis"},"content":{"rendered":"<div class=\"wp-block-image\">\n<figure class=\"aligncenter size-medium\"><img loading=\"lazy\" decoding=\"async\" width=\"300\" height=\"108\" src=\"https:\/\/bas-ip.com\/wp-content\/uploads\/2024\/02\/Axis_Communications_logo.svg-300x108.png\" alt=\"\" class=\"wp-image-108863\" srcset=\"https:\/\/bas-ip.com\/wp-content\/uploads\/2024\/02\/Axis_Communications_logo.svg-300x108.png 300w,  https:\/\/bas-ip.com\/wp-content\/uploads\/2024\/02\/Axis_Communications_logo.svg-1024x369.png 1024w,  https:\/\/bas-ip.com\/wp-content\/uploads\/2024\/02\/Axis_Communications_logo.svg-768x277.png 768w,  https:\/\/bas-ip.com\/wp-content\/uploads\/2024\/02\/Axis_Communications_logo.svg-767x276.png 767w,  https:\/\/bas-ip.com\/wp-content\/uploads\/2024\/02\/Axis_Communications_logo.svg.png 1280w\" sizes=\"auto, (max-width: 300px) 100vw, 300px\" \/><\/figure>\n<\/div>\n\n\n<p>BAS-IP interkomlar\u0131n\u0131n AXIS CCTV kameralar\u0131 ile entegrasyonu, \u00f6zellikle Otomatik Plaka Tan\u0131ma (ALPR) i\u015flevi i\u00e7in, basit ama etkili bir kurulum i\u00e7erir. Bu entegrasyon, profesyonel ALPR yaz\u0131l\u0131m\u0131na olan ihtiyac\u0131 ortadan kald\u0131rarak sorunsuz \u00e7al\u0131\u015fma ve maliyet verimlili\u011fi sa\u011flar. \u0130\u015fte bu entegrasyonun nas\u0131l \u00e7al\u0131\u015ft\u0131\u011f\u0131na dair ayr\u0131nt\u0131l\u0131 bir a\u00e7\u0131klama:<\/p>\n\n\n\n<p><strong>Entegrasyona Genel Bak\u0131\u015f<\/strong><\/p>\n\n\n\n<p>Ama\u00e7: BAS-IP interkomlar\u0131 ve ALPR \u00f6zelli\u011fine sahip AXIS CCTV kameralar\u0131 kullanarak plaka tan\u0131ma yoluyla kap\u0131 a\u00e7\u0131l\u0131\u015f\u0131n\u0131 otomatikle\u015ftirmek.<\/p>\n\n\n\n<p><strong>Bile\u015fenler:<\/strong><\/p>\n\n\n\n<p><strong>1.<\/strong> BAS-IP \u0130nterkom Paneli: IP kameralarla entegre olabilen sofistike bir interkom sistemi.<\/p>\n\n\n\n<p id=\"block-dca3a3bc-7be6-44b5-9da4-428fc4d109c8\"><strong>2. <\/strong>ALPR \u0130\u015flevselli\u011fine sahip AXIS Kamera: AXIS P1455-LE-3, AXIS P3245-LVE-3 veya AXIS Q1700-LE gibi belirli modeller bu entegrasyon i\u00e7in uygundur.<\/p>\n\n\n\n<p><strong>3.<\/strong> Plaka Veritaban\u0131: BAS-IP interkomun d\u0131\u015f panel belle\u011finde veya BAS-IP Link yaz\u0131l\u0131m\u0131nda saklan\u0131r.<\/p>\n\n\n\n<p><strong>Nas\u0131l \u00c7al\u0131\u015f\u0131r<\/strong><\/p>\n\n\n\n<p><strong>1.<\/strong> Kurulum ve Ayarlama: Kullan\u0131c\u0131 bir BAS-IP interkom paneli ve ALPR teknolojisi ile donat\u0131lm\u0131\u015f bir AXIS kamera sat\u0131n al\u0131r.<\/p>\n\n\n\n<p id=\"block-fea292b6-26d7-437a-9240-dc51e6871f24\"><strong>2.<\/strong> A\u011f Yap\u0131land\u0131rmas\u0131: AXIS kamera ve BAS-IP giri\u015f paneli etkili bir \u015fekilde ileti\u015fim kurmak i\u00e7in ayn\u0131 alt a\u011f \u00fczerinde olmal\u0131d\u0131r.<\/p>\n\n\n\n<p id=\"block-398e6089-e486-4dda-91ef-3edcd237702a\"><strong>3.<\/strong> Plaka Kayd\u0131: Ara\u00e7 plakalar\u0131 kaydedilir ve saklan\u0131r. Bu, interkomun web aray\u00fcz\u00fc veya BAS-IP Link yaz\u0131l\u0131m\u0131 arac\u0131l\u0131\u011f\u0131yla yap\u0131labilir.<\/p>\n\n\n\n<p id=\"block-0ba14959-b69b-4aae-ac81-07a3a816d54f\"><strong>4.<\/strong> Plaka Tarama: Bir ara\u00e7 kap\u0131ya yakla\u015ft\u0131\u011f\u0131nda, AXIS kamera plakay\u0131 tarar.<\/p>\n\n\n\n<p><strong>5.<\/strong> Tan\u0131ma ve Eylem: Taranan plaka kay\u0131tl\u0131 veri taban\u0131ndaki bir plaka ile e\u015fle\u015firse BAS-IP interkom paneli kap\u0131n\u0131n otomatik olarak a\u00e7\u0131lmas\u0131n\u0131 tetikler.<\/p>\n\n\n\n<p><strong>Avantajlar<\/strong><\/p>\n\n\n\n<p>Uygun Maliyetli: Pahal\u0131 profesyonel ALPR yaz\u0131l\u0131m\u0131na olan ihtiyac\u0131 ortadan kald\u0131r\u0131r.<\/p>\n\n\n\n<p id=\"block-fe5a70c7-e266-4fa2-a645-a0cdcc00db7b\">Kullan\u0131m Kolayl\u0131\u011f\u0131: Web aray\u00fcz\u00fc veya BAS-IP yaz\u0131l\u0131m\u0131 arac\u0131l\u0131\u011f\u0131yla basit kurulum ve plakalar\u0131n kullan\u0131c\u0131 dostu y\u00f6netimi.<\/p>\n\n\n\n<p id=\"block-04a9e063-6ad9-417d-9ef3-5d5a092f4ca1\">Geli\u015fmi\u015f G\u00fcvenlik: Tan\u0131nan plakalara dayal\u0131 otomatik kap\u0131 i\u015flemi bir g\u00fcvenlik katman\u0131 ekler.<\/p>\n\n\n\n<p>Esneklik: Konut kompleksleri, ofis binalar\u0131 veya kap\u0131l\u0131 topluluklar gibi \u00e7e\u015fitli uygulamalar i\u00e7in uygundur.<\/p>\n\n\n\n<p>BAS-IP interkomlar\u0131n ileri teknolojisini ALPR ile donat\u0131lm\u0131\u015f AXIS kameralar\u0131n hassasiyeti ile birle\u015ftirerek, kullan\u0131c\u0131lar ek ALPR yaz\u0131l\u0131m\u0131na ihtiya\u00e7 duymadan y\u00fcksek d\u00fczeyde g\u00fcvenlik ve rahatl\u0131\u011f\u0131n keyfini \u00e7\u0131karabilirler.<\/p>\n\n\n<!-- START Block Sign Up --><section id=\"block_629678229e935\" class=\"sign-up-section\">\r\n\r\n    <div class=\"form-holder js-form\" data-aos=\"fade-right\">\r\n                    <div class=\"title-block h3\">Sign up for connection<\/div>\r\n        \r\n                    <div class=\"text-block\">\r\n                Filling out all the information needed to answer you as quickly as possible            <\/div>\r\n        \r\n                    \n<div class=\"wpcf7 no-js\" id=\"wpcf7-f109999-o1\" lang=\"tr-TR\" dir=\"ltr\">\n<div class=\"screen-reader-response\"><p role=\"status\" aria-live=\"polite\" aria-atomic=\"true\"><\/p> <ul><\/ul><\/div>\n<form action=\"\/tr\/wp-json\/wp\/v2\/pages\/121722#wpcf7-f109999-o1\" method=\"post\" class=\"wpcf7-form init\" aria-label=\"Contact form\" enctype=\"multipart\/form-data\" novalidate=\"novalidate\" data-status=\"init\">\n<div style=\"display: none;\">\n<input type=\"hidden\" name=\"_wpcf7\" value=\"109999\" \/>\n<input type=\"hidden\" name=\"_wpcf7_version\" value=\"5.8.3\" \/>\n<input type=\"hidden\" name=\"_wpcf7_locale\" value=\"tr_TR\" \/>\n<input type=\"hidden\" name=\"_wpcf7_unit_tag\" value=\"wpcf7-f109999-o1\" \/>\n<input type=\"hidden\" name=\"_wpcf7_container_post\" value=\"0\" \/>\n<input type=\"hidden\" name=\"_wpcf7_posted_data_hash\" value=\"\" \/>\n<input type=\"hidden\" name=\"_wpcf7_recaptcha_response\" value=\"\" \/>\n<\/div>\n<div class=\"row\"> \n <label><span class=\"label-text\">\u0406\u043c\u2019\u044f<\/span> \n  <span class=\"wpcf7-form-control-wrap\" data-name=\"text-full-name\"><input size=\"40\" class=\"wpcf7-form-control wpcf7-text wpcf7-validates-as-required\" aria-required=\"true\" aria-invalid=\"false\" placeholder=\"\u0406\u043c\u2019\u044f\" value=\"\" type=\"text\" name=\"text-full-name\" \/><\/span><\/label> \n<\/div> \n<div class=\"row\"> \n <label><span class=\"label-text\">\u0422\u0435\u043b\u0435\u0444\u043e\u043d*<\/span> \n<span class=\"wpcf7-form-control-wrap\" data-name=\"phonetext-270\"><input size=\"40\" class=\"wpcf7-form-control wpcf7-phonetext wpcf7-validates-as-required wpcf7-text wpcf7-validates-as-phonetext\" aria-required=\"true\" aria-invalid=\"false\" placeholder=\"\u0422\u0435\u043b\u0435\u0444\u043e\u043d*\" value=\"\" type=\"text\" name=\"phonetext-270\" \/><input type=\"hidden\" name=\"phonetext-270-country-code\" class=\"wpcf7-phonetext-country-code\" \/><\/span><\/label> \n<\/div> \n<div class=\"row\"> \n <label><span class=\"label-text\">\u0415\u043b\u0435\u043a\u0442\u0440\u043e\u043d\u043d\u0430 \u043f\u043e\u0448\u0442\u0430<\/span> \n  <span class=\"wpcf7-form-control-wrap\" data-name=\"email-e-mail\"><input size=\"40\" class=\"wpcf7-form-control wpcf7-email wpcf7-validates-as-required wpcf7-text wpcf7-validates-as-email\" aria-required=\"true\" aria-invalid=\"false\" placeholder=\"\u0415\u043b\u0435\u043a\u0442\u0440\u043e\u043d\u043d\u0430 \u043f\u043e\u0448\u0442\u0430\" value=\"\" type=\"email\" name=\"email-e-mail\" \/><\/span><\/label> \n<\/div> \n<div class=\"row\"><span>\u0412\u0430\u0448\u0430 \u043a\u0440\u0430\u0457\u043d\u0430<\/span> \n <label><span class=\"wpcf7-form-control-wrap\" data-name=\"countrytext-126\"><input size=\"40\" class=\"wpcf7-form-control wpcf7-countrytext wpcf7-text wpcf7-validates-as-countrytext\" aria-invalid=\"false\" value=\"\" type=\"text\" name=\"countrytext-126\" \/><\/span> <\/label>\n<\/div> \n<div class=\"row\"> \n <button type=\"submit\" class=\"btn\">\u041d\u0430\u0434\u0456\u0441\u043b\u0430\u0442\u0438<\/button> \n<\/div> \n<div class=\"row\"> \n <span class=\"wpcf7-form-control-wrap\" data-name=\"checkbox-931\"><span class=\"wpcf7-form-control wpcf7-checkbox\"><span class=\"wpcf7-list-item first\"><label><input type=\"checkbox\" name=\"checkbox-931[]\" value=\"\u0406\u043d\u0442\u0435\u0433\u0440\u0430\u0442\u043e\u0440\" \/><span class=\"wpcf7-list-item-label\">\u0406\u043d\u0442\u0435\u0433\u0440\u0430\u0442\u043e\u0440<\/span><\/label><\/span><span class=\"wpcf7-list-item\"><label><input type=\"checkbox\" name=\"checkbox-931[]\" value=\"\u0417\u0430\u0431\u0443\u0434\u043e\u0432\u043d\u0438\u043a\" \/><span class=\"wpcf7-list-item-label\">\u0417\u0430\u0431\u0443\u0434\u043e\u0432\u043d\u0438\u043a<\/span><\/label><\/span><span class=\"wpcf7-list-item last\"><label><input type=\"checkbox\" name=\"checkbox-931[]\" value=\"\u041a\u0456\u043d\u0446\u0435\u0432\u0438\u0439 \u043a\u043e\u0440\u0438\u0441\u0442\u0443\u0432\u0430\u0447\" \/><span class=\"wpcf7-list-item-label\">\u041a\u0456\u043d\u0446\u0435\u0432\u0438\u0439 \u043a\u043e\u0440\u0438\u0441\u0442\u0443\u0432\u0430\u0447<\/span><\/label><\/span><\/span><\/span> \n<\/div> \n<div class=\"row row-upload-file\"> \n <label class=\"upload-file-block js-upload-file\">\u0414\u043e\u0434\u0430\u0442\u0438 \u0444\u0430\u0439\u043b \n  <span class=\"wpcf7-form-control-wrap\" data-name=\"file-466\"><input size=\"40\" class=\"wpcf7-form-control wpcf7-file\" accept=\"audio\/*,video\/*,image\/*\" aria-invalid=\"false\" type=\"file\" name=\"file-466\" \/><\/span><\/label> \n<\/div><input type='hidden' class='wpcf7-pum' value='{\"closepopup\":false,\"closedelay\":0,\"openpopup\":false,\"openpopup_id\":0}' \/><div class=\"wpcf7-response-output\" aria-hidden=\"true\"><\/div>\n<\/form>\n<\/div>\n            <\/div>\r\n\r\n\t\t    <div class=\"text-holder\" data-aos=\"fade-left\">\r\n\t\t\t\t\t\t    <h3 class=\"title-block\">How Can We Help?<\/h3>\r\n\t\t\t\r\n\t\t\t                <div class=\"text-block\">\r\n                    Please select a topic below related to your inquiry. If you don&#8217;t find what you need, fill out our contact form.                <\/div>\r\n\t\t\t\r\n\t\t\t\t\t\t    <ul class=\"link-list\">\r\n\t\t\t\t\t\t\t\t\t\t\t\t\t\t\t\t\t\t<li>\r\n\t\t\t\t\t\t\t\t\t\t\t\t\t\t\t\t    <strong>Get Inspired<\/strong>\r\n\t\t\t\t\t\t\t\t\t\t\t\t\t\t\t\t\t\t\t\t\t\t\t\t    <a href=\"\/features\/\">\r\n\t\t\t\t\t\t\t\t        Discover what&#8217;s beneath our intercom\t\t\t\t\t\t\t\t    <\/a>\r\n\t\t\t\t\t\t\t\t\t\t\t\t\t\t\t<\/li>\r\n\t\t\t\t\t\t\t\t\t\t\t\t\t\t\t\t\t\t\t\t\t\t\t\t<li>\r\n\t\t\t\t\t\t\t\t\t\t\t\t\t\t\t\t    <strong>Become a Partner<\/strong>\r\n\t\t\t\t\t\t\t\t\t\t\t\t\t\t\t\t\t\t\t\t\t\t\t\t    <a href=\"\/distributors\/\">\r\n\t\t\t\t\t\t\t\t        Expand your business with BAS-IP intercom\t\t\t\t\t\t\t\t    <\/a>\r\n\t\t\t\t\t\t\t\t\t\t\t\t\t\t\t<\/li>\r\n\t\t\t\t\t\t\t\t\t\t\t\t\t\t\t\t\t\t\t\t\t\t\t\t<li>\r\n\t\t\t\t\t\t\t\t\t\t\t\t\t\t\t\t    <strong>Check the Guides<\/strong>\r\n\t\t\t\t\t\t\t\t\t\t\t\t\t\t\t\t\t\t\t\t\t\t\t\t    <a href=\"\/support\/\">\r\n\t\t\t\t\t\t\t\t        Download detailed manuals and schemes\t\t\t\t\t\t\t\t    <\/a>\r\n\t\t\t\t\t\t\t\t\t\t\t\t\t\t\t<\/li>\r\n\t\t\t\t\t\t\t\t\t\t\t\t\t\t\t<\/ul>\r\n\t\t\t\r\n\t\t\t\t\t\t    <h3 class=\"title-block\">Our contacts<\/h3>\r\n\t\t\t\r\n\t\t\t\t\t\t\t<ul class=\"contact-list\">\r\n\t\t\t\t\t\t\t\t\t\t\t\t\t\t\t\t\t\t<li>\r\n\t\t\t\t\t\t\t\t\t\t\t\t\t\t\t\t\t<strong>Sales:<\/strong>\r\n\t\t\t\t\t\t\t\t\t\t\t\t\t\t\t\t\t\t\t\t\t\t\t\t    <a href=\"mailto:s&#97;&#108;es&#64;&#98;a&#115;-i&#112;&#46;c&#111;&#109;\">sale&#115;&#64;&#98;&#97;&#115;-&#105;p&#46;com<\/a>\r\n\t\t\t\t\t\t\t\t\t\t\t\t\t\t\t<\/li>\r\n\t\t\t\t\t\t\t\t\t\t\t\t\t\t\t\t\t\t\t\t\t\t\t\t<li>\r\n\t\t\t\t\t\t\t\t\t\t\t\t\t\t\t\t\t<strong>Technical support:<\/strong>\r\n\t\t\t\t\t\t\t\t\t\t\t\t\t\t\t\t\t\t\t\t\t\t\t\t    <a href=\"mailto:&#115;uppo&#114;&#116;&#64;&#98;&#97;s&#45;i&#112;.com\">s&#117;&#112;p&#111;&#114;&#116;&#64;b&#97;s&#45;&#105;&#112;&#46;&#99;&#111;m<\/a>\r\n\t\t\t\t\t\t\t\t\t\t\t\t\t\t\t<\/li>\r\n\t\t\t\t\t\t\t\t\t\t\t\t\t\t\t<\/ul>\r\n\t\t\t\t\t<\/div>\r\n\t<\/section>\r\n\r\n\r\n\r\n<!-- END Block Sign Up -->","protected":false},"excerpt":{"rendered":"<p>BAS-IP interkomlar\u0131n\u0131n AXIS CCTV kameralar\u0131 ile entegrasyonu, \u00f6zellikle Otomatik Plaka Tan\u0131ma (ALPR) i\u015flevi i\u00e7in, basit ama etkili bir kurulum i\u00e7erir. Bu entegrasyon, profesyonel ALPR yaz\u0131l\u0131m\u0131na olan ihtiyac\u0131 ortadan kald\u0131rarak sorunsuz \u00e7al\u0131\u015fma ve maliyet verimlili\u011fi sa\u011flar. \u0130\u015fte bu entegrasyonun nas\u0131l \u00e7al\u0131\u015ft\u0131\u011f\u0131na dair ayr\u0131nt\u0131l\u0131 bir a\u00e7\u0131klama: Entegrasyona Genel Bak\u0131\u015f Ama\u00e7: BAS-IP interkomlar\u0131 ve ALPR \u00f6zelli\u011fine sahip AXIS [&hellip;]<\/p>","protected":false},"author":3,"featured_media":0,"parent":0,"menu_order":0,"comment_status":"closed","ping_status":"closed","template":"page-custom-breadcrumbs.php","meta":{"inline_featured_image":false,"footnotes":""},"class_list":["post-121722","page","type-page","status-publish","hentry"],"acf":[],"_links":{"self":[{"href":"https:\/\/bas-ip.com\/tr\/wp-json\/wp\/v2\/pages\/121722","targetHints":{"allow":["GET"]}}],"collection":[{"href":"https:\/\/bas-ip.com\/tr\/wp-json\/wp\/v2\/pages"}],"about":[{"href":"https:\/\/bas-ip.com\/tr\/wp-json\/wp\/v2\/types\/page"}],"author":[{"embeddable":true,"href":"https:\/\/bas-ip.com\/tr\/wp-json\/wp\/v2\/users\/3"}],"replies":[{"embeddable":true,"href":"https:\/\/bas-ip.com\/tr\/wp-json\/wp\/v2\/comments?post=121722"}],"version-history":[{"count":1,"href":"https:\/\/bas-ip.com\/tr\/wp-json\/wp\/v2\/pages\/121722\/revisions"}],"predecessor-version":[{"id":121723,"href":"https:\/\/bas-ip.com\/tr\/wp-json\/wp\/v2\/pages\/121722\/revisions\/121723"}],"wp:attachment":[{"href":"https:\/\/bas-ip.com\/tr\/wp-json\/wp\/v2\/media?parent=121722"}],"curies":[{"name":"wp","href":"https:\/\/api.w.org\/{rel}","templated":true}]}}