{"id":76288,"date":"2022-08-31T21:02:49","date_gmt":"2022-08-31T21:02:49","guid":{"rendered":"https:\/\/bas-ip.com\/?page_id=76288"},"modified":"2025-08-26T13:04:29","modified_gmt":"2025-08-26T13:04:29","slug":"courses","status":"publish","type":"page","link":"https:\/\/bas-ip.com\/sv\/courses\/","title":{"rendered":"Kurser"},"content":{"rendered":"<!-- START Block Home Hero Slider --><section id=\"block_630fcbf3596ba\" class=\"home-hero-slider-section js-home-hero-slider-section\">\r\n            <div class=\"home-hero-slide\">\r\n        <picture>\r\n            \r\n            \r\n                        <img decoding=\"async\" class=\"d-block w-100\" src=\"https:\/\/bas-ip.com\/wp-content\/uploads\/2022\/09\/main_2-1.jpg\"\r\n                alt=\"slide\">\r\n            \r\n        <\/picture>\r\n        <div class=\"container\">\r\n            <div class=\"text-holder fullsize__device\">\r\n                                <div class=\"h1 title-page\">BLI EN BAS-IP-EXPERT<\/div>\r\n                                                <div class=\"text-block\">\r\n                    Gratis utbildning n\u00e4r som helst, var som helst, p\u00e5 din b\u00e4rbara dator eller smartphone! F\u00e5 en officiell BAS-IP-certifiering.                <\/div>\r\n                                                <a class=\"btn\" href=\"https:\/\/courses.bas-ip.com\/registration\/2b40036d-2bf1-4f55-9171-ba0e6b1811bd\"\r\n                    >\r\n                    REGISTRERA DIG                <\/a>\r\n                            <\/div>\r\n            <div class=\"text-holder medium__device__show\">\r\n                                                            <\/div>\r\n            <div class=\"text-holder small__device__show\">\r\n                                                            <\/div>\r\n        <\/div>\r\n    <\/div>\r\n        <\/section>\r\n<!-- END Block Home Hero Slider -->\n\n<!-- START Block Course --><section id=\"block_6314eb1d699f4\" class=\"course-section\">\r\n\r\n            <div class=\"course-holder js-course-holder\">\r\n            <div class=\"course-nav-holder\">\r\n                                    <h2 class=\"title-section\" data-aos=\"fade-right\">Vad handlar kursen om och f\u00f6r vem \u00e4r den avsedd?<\/h2>\r\n                                                    <ul class=\"course-nav course-nav-js\" data-aos=\"fade-right\">\r\n                                                                    <li class=\"active\" data-id=\"0\">Introduktion<\/li>\r\n                                                                      <li  data-id=\"1\">Konfiguration<\/li>\r\n                                                                      <li  data-id=\"2\">Fels\u00f6kning och underh\u00e5ll<\/li>\r\n                                                                      <li  data-id=\"3\">Anpassning, integration<\/li>\r\n                                                                  <\/ul>\r\n                            <\/div>\r\n                      <div class=\"courses-slider js-courses-slider\" data-aos=\"fade-left\">\r\n                                    <div class=\"courses-slide\">\r\n                        <div class=\"name-block\">Anpassning, integration<\/div>\r\n                                                    <div class=\"image-holder\">\r\n                              <img loading=\"lazy\" decoding=\"async\" width=\"192\" height=\"300\" src=\"https:\/\/bas-ip.com\/wp-content\/uploads\/2022\/09\/block_1.jpg\" class=\"attachment-medium size-medium\" alt=\"\" \/>                            <\/div>\r\n                                                                            <div class=\"text-holder\">\r\n                                                                                              <div class=\"text-block\"><p>Den f\u00f6rsta delen handlar om grunderna f\u00f6r intercom-system, inklusive vilka typer av intercom-system som finns tillg\u00e4ngliga, deras huvudkomponenter och hur de fungerar. Det h\u00e4r avsnittet ger en \u00f6versikt \u00f6ver intercomtekniken och hj\u00e4lper integrat\u00f6rer att f\u00f6rst\u00e5 de grundl\u00e4ggande principerna f\u00f6r intercomsystem.<\/p><\/div>\r\n                                                          <\/div>\r\n                                            <\/div>\r\n                                    <div class=\"courses-slide\">\r\n                        <div class=\"name-block\">Anpassning, integration<\/div>\r\n                                                    <div class=\"image-holder\">\r\n                              <img loading=\"lazy\" decoding=\"async\" width=\"192\" height=\"300\" src=\"https:\/\/bas-ip.com\/wp-content\/uploads\/2023\/03\/Courses_4.jpg\" class=\"attachment-medium size-medium\" alt=\"\" \/>                            <\/div>\r\n                                                                            <div class=\"text-holder\">\r\n                                                                                              <div class=\"text-block\"><p>Den andra delen g\u00e5r in p\u00e5 hur man integrerar intercom-system, med ledningar, n\u00e4tverkskonfiguration och optimering av ljudkvaliteten. Detta avsnitt ger integrat\u00f6rerna den tekniska kunskapen f\u00f6r att utforma och installera intercom-system.<\/p><\/div>\r\n                                                          <\/div>\r\n                                            <\/div>\r\n                                    <div class=\"courses-slide\">\r\n                        <div class=\"name-block\">Anpassning, integration<\/div>\r\n                                                    <div class=\"image-holder\">\r\n                              <img loading=\"lazy\" decoding=\"async\" width=\"192\" height=\"300\" src=\"https:\/\/bas-ip.com\/wp-content\/uploads\/2023\/03\/Courses_3.jpg\" class=\"attachment-medium size-medium\" alt=\"\" \/>                            <\/div>\r\n                                                                            <div class=\"text-holder\">\r\n                                                                                              <div class=\"text-block\"><p>Del tre handlar om fels\u00f6kning och underh\u00e5ll och diskuterar vanliga problem som integrat\u00f6rer kan st\u00f6ta p\u00e5 och ger r\u00e5d om hur de ska diagnostiseras och \u00e5tg\u00e4rdas. Denna del tar ocks\u00e5 upp de regelbundna underh\u00e5llsuppgifter som integrat\u00f6rer m\u00e5ste utf\u00f6ra f\u00f6r att d\u00f6rrkommunikationssystemen ska fungera optimalt.<\/p><\/div>\r\n                                                          <\/div>\r\n                                            <\/div>\r\n                                    <div class=\"courses-slide\">\r\n                        <div class=\"name-block\">Anpassning, integration<\/div>\r\n                                                    <div class=\"image-holder\">\r\n                              <img loading=\"lazy\" decoding=\"async\" width=\"192\" height=\"300\" src=\"https:\/\/bas-ip.com\/wp-content\/uploads\/2023\/03\/Courses_2.jpg\" class=\"attachment-medium size-medium\" alt=\"\" \/>                            <\/div>\r\n                                                                            <div class=\"text-holder\">\r\n                                                                                              <div class=\"text-block\"><p>Slutligen behandlar den fj\u00e4rde delen avancerade fr\u00e5gor om integrering av d\u00f6rrkommunikationssystem, t.ex. integrering av intercom-system med andra system, avancerad ljudbehandlingsteknik och anv\u00e4ndning av intercom-system i specialiserade till\u00e4mpningar. Den h\u00e4r delen kommer att ge integrat\u00f6rer den kunskap de beh\u00f6ver f\u00f6r att ta itu med komplexa integrationsprojekt och ligga steget f\u00f6re inom detta omr\u00e5de som utvecklas snabbt.<\/p><\/div>\r\n                                                          <\/div>\r\n                                            <\/div>\r\n                            <\/div>\r\n                  <\/div>\r\n    \r\n\r\n            <ul class=\"icons-list\">\r\n                                      <li data-aos=\"fade-up\" data-aos-delay=\"100\">\r\n                                            <div class=\"icon-block\"><img loading=\"lazy\" decoding=\"async\" width=\"56\" height=\"56\" src=\"https:\/\/bas-ip.com\/wp-content\/uploads\/2022\/09\/Mask-group-3.png\" class=\"attachment-medium size-medium\" alt=\"\" \/><\/div>\r\n                    \r\n                                            <div class=\"title-block\">INSTALLAT\u00d6RER<\/div>\r\n                    \r\n                                            <div class=\"text-block\">L\u00e4r dig hur du installerar och konfigurerar BAS-IP-utrustning direkt fr\u00e5n tillverkaren.<\/div>\r\n                                    <\/li>\r\n                                          <li data-aos=\"fade-up\" data-aos-delay=\"200\">\r\n                                            <div class=\"icon-block\"><img loading=\"lazy\" decoding=\"async\" width=\"56\" height=\"56\" src=\"https:\/\/bas-ip.com\/wp-content\/uploads\/2022\/09\/Mask-group-1.png\" class=\"attachment-medium size-medium\" alt=\"\" \/><\/div>\r\n                    \r\n                                            <div class=\"title-block\">F\u00d6RS\u00c4LJNINGSCHEFER<\/div>\r\n                    \r\n                                            <div class=\"text-block\">Ta en titt p\u00e5 produkten p\u00e5 allvar och l\u00e4r dig mer om dess funktioner.<\/div>\r\n                                    <\/li>\r\n                                          <li data-aos=\"fade-up\" data-aos-delay=\"300\">\r\n                                            <div class=\"icon-block\"><img loading=\"lazy\" decoding=\"async\" width=\"52\" height=\"52\" src=\"https:\/\/bas-ip.com\/wp-content\/uploads\/2022\/09\/Mask-group-2.png\" class=\"attachment-medium size-medium\" alt=\"\" \/><\/div>\r\n                    \r\n                                            <div class=\"title-block\">INTEGRATORS<\/div>\r\n                    \r\n                                            <div class=\"text-block\">L\u00e4r dig mer om m\u00f6jligheterna att implementera f\u00e4rdiga BAS-IP-l\u00f6sningar i olika typer av anl\u00e4ggningar.<\/div>\r\n                                    <\/li>\r\n                                  <\/ul>\r\n    <\/section>\r\n<!-- END Block Course -->\n\n<!-- START Block Product Installation --><section id=\"block_6411dd14b579f\" class=\"product-installation-section\">\r\n\t<div class=\"text-holder\">\r\n                    <\/div>\r\n\r\n\t\t    <div class=\"installation-blocks-list\">\r\n\t\t\t\t\t\t\t\t\t\t\t\t<div class=\"installation-block-item image-position-right\">\r\n\t\t\t\t\t\t<div class=\"text-holder\" data-aos=\"fade-right\">\r\n                                                            <h3 class=\"h2 title-section\">HUR \u00c4R KURSEN UPPBYGGD?<\/h3>\r\n                            \r\n                                                            <div class=\"text-section\">\r\n                                  <p>Den tekniska utbildningen \u00e4r modulbaserad s\u00e5 att deltagarna kan l\u00e4ra sig i sin egen takt och fokusera p\u00e5 de omr\u00e5den som passar deras behov. Kursen \u00e4r uppdelad i moduler som var och en t\u00e4cker ett specifikt \u00e4mne f\u00f6r integrering av intercom-system. Varje modul bygger p\u00e5 teori och praktiska \u00f6vningar s\u00e5 att deltagarna kan till\u00e4mpa det de l\u00e4rt sig i verkliga scenarier.<\/p>\n<p>Detta tillv\u00e4gag\u00e5ngss\u00e4tt s\u00e4kerst\u00e4ller att deltagarna f\u00f6rst\u00e5r id\u00e9n och f\u00f6rv\u00e4rvar de praktiska f\u00e4rdigheterna f\u00f6r effektiv utformning, installation och underh\u00e5ll av d\u00f6rrkommunikationssystem. Dessutom ing\u00e5r en rad multimediematerial, inklusive videor, diagram och interaktiva simuleringar, i kursen f\u00f6r att f\u00f6rb\u00e4ttra inl\u00e4rningsupplevelsen. Deltagarna har ocks\u00e5 tillg\u00e5ng till online-resurser och ett st\u00f6dn\u00e4tverk, inklusive instrukt\u00f6rer och kurskamrater, f\u00f6r att hj\u00e4lpa dem att h\u00e5lla sig p\u00e5 r\u00e4tt sp\u00e5r och ta itu med eventuella fr\u00e5gor eller problem.<\/p>\n                                <\/div>\r\n                                                    <\/div>\r\n\r\n                                                    <div class=\"image-holder\" data-aos=\"fade-left\">\r\n                                <div class=\"image-block\">\r\n                                    <img loading=\"lazy\" decoding=\"async\" width=\"944\" height=\"560\" src=\"https:\/\/bas-ip.com\/wp-content\/uploads\/2023\/03\/337-1.jpg\" class=\"attachment-full size-full\" alt=\"\" srcset=\"https:\/\/bas-ip.com\/wp-content\/uploads\/2023\/03\/337-1.jpg 944w,  https:\/\/bas-ip.com\/wp-content\/uploads\/2023\/03\/337-1-300x178.jpg 300w,  https:\/\/bas-ip.com\/wp-content\/uploads\/2023\/03\/337-1-768x456.jpg 768w,  https:\/\/bas-ip.com\/wp-content\/uploads\/2023\/03\/337-1-767x455.jpg 767w\" sizes=\"auto, (max-width: 944px) 100vw, 944px\" \/>                                <\/div>\r\n                            <\/div>\r\n                            \t\t\t\t\t<\/div>\r\n\t\t\t\t\t\t\t\t\t<\/div>\r\n\t<\/section>\r\n<!-- END Block Product Installation -->\n\n<!-- START Block About Us Text & Image --><section id=\"block_630fd51d596c5\" class=\"about-text-image-section\">\r\n\t        <div class=\"image-holder\" data-aos=\"fade-right\">\r\n\t        <img loading=\"lazy\" decoding=\"async\" width=\"438\" height=\"798\" src=\"https:\/\/bas-ip.com\/wp-content\/uploads\/2022\/09\/phone.png\" class=\"attachment-medium_large size-medium_large\" alt=\"\" srcset=\"https:\/\/bas-ip.com\/wp-content\/uploads\/2022\/09\/phone.png 438w,  https:\/\/bas-ip.com\/wp-content\/uploads\/2022\/09\/phone-165x300.png 165w\" sizes=\"auto, (max-width: 438px) 100vw, 438px\" \/>        <\/div>\r\n\t\r\n    <div class=\"text-holder\" data-aos=\"fade-left\">\r\n                            <div class=\"text-block\">\r\n                <h4><span style=\"color: #d32d23;\">ONLINE<\/span><\/h4>\n<p>Utbildningen online best\u00e5r av videolektioner och \u00e4r uppdelad i block. Efter att ha tittat p\u00e5 videolektionerna i varje block m\u00e5ste du g\u00f6ra ett halvtidstest. N\u00e4r du har klarat delprovet f\u00e5r du tillg\u00e5ng till n\u00e4sta block. N\u00e4r du har tittat p\u00e5 alla videoklipp och klarat alla delprov finns det ett slutprov.<\/p>\n<h4><span style=\"color: #d32d23;\">OFFLINE<\/span><\/h4>\n<p>Alla som har slutf\u00f6rt onlineutbildningen och klarat det slutliga testet kan delta i praktisk utbildning och certifiering. Utbildning och certifiering offline h\u00e5lls regelbundet p\u00e5 den officiella distribut\u00f6rens kontor i ditt land.<\/p>            <\/div>\r\n            <\/div>\r\n<\/section>\r\n<!-- END Block About Us Text & Image -->\n\n<!-- START Block About Us Text & Image --><section id=\"block_630fd575596c6\" class=\"about-text-image-section\">\r\n\t        <div class=\"image-holder\" data-aos=\"fade-right\">\r\n\t        <img loading=\"lazy\" decoding=\"async\" width=\"640\" height=\"780\" src=\"https:\/\/bas-ip.com\/wp-content\/uploads\/2022\/08\/license_img_c2-1.png\" class=\"attachment-medium_large size-medium_large\" alt=\"\" srcset=\"https:\/\/bas-ip.com\/wp-content\/uploads\/2022\/08\/license_img_c2-1.png 640w,  https:\/\/bas-ip.com\/wp-content\/uploads\/2022\/08\/license_img_c2-1-246x300.png 246w\" sizes=\"auto, (max-width: 640px) 100vw, 640px\" \/>        <\/div>\r\n\t\r\n    <div class=\"text-holder\" data-aos=\"fade-left\">\r\n                    <h2 class=\"title-section\">SPECIALISTCERTIFIKAT.<\/h2>\r\n                            <div class=\"text-block\">\r\n                <p>V\u00e5rt kostnadsfria utbildningsprogram \u00e4r utformat f\u00f6r att utbilda certifierade yrkesverksamma och g\u00f6ra det m\u00f6jligt f\u00f6r f\u00f6retag att se till att deras personal \u00e4r fullt utbildad och kompetent f\u00f6r att implementera BAS-IP-produkter. Detta certifikat \u00e4r ett bevis p\u00e5 detta.<\/p>\n<p><a href=\"https:\/\/courses.bas-ip.com\/registration\/2b40036d-2bf1-4f55-9171-ba0e6b1811bd\">REGISTRERA DIG<\/a><\/p>            <\/div>\r\n            <\/div>\r\n<\/section>\r\n<!-- END Block About Us Text & Image -->\n\n<!-- START Block CTA Courses --><section data-aos=\"fade-up\" id=\"block_630fde6a1b048\" class=\"cta-courses-section\">\r\n    <div class=\"bg-block\" style=\"background-image: url('https:\/\/bas-ip.com\/wp-content\/uploads\/2022\/09\/block_install.jpg');\"><\/div>\r\n    <div class=\"text-holder\" data-aos=\"fade-right\" data-aos-delay=\"300\">\r\n                    <h2 class=\"title-section\">Har du inte m\u00f6jlighet att studera p\u00e5 ett kontor?<\/h2>\r\n        \r\n\r\n    <\/div>\r\n\r\n\t        <div class=\"link-holder\" data-aos=\"fade-left\" data-aos-delay=\"300\">\r\n                        <div class=\"text-section\">\r\n                Ladda ner v\u00e5ra kurser och l\u00e4r dig fr\u00e5n din smartphone.              <\/div>\r\n                                  <a href=\"https:\/\/apps.apple.com\/us\/app\/unicraft\/id1540267679?roistat_visit=220783\" class=\"icon-app-store\" target=\"_blank\" rel=\"noopener\">app store<\/a>\r\n          \r\n                        <a href=\"https:\/\/play.google.com\/store\/apps\/details?id=org.unicraft.app&#038;roistat_visit=220783\" class=\"icon-google-play\" target=\"_blank\" rel=\"noopener\">google play<\/a>\r\n                  <\/div>\r\n\t<\/section>\r\n<!-- END Block CTA Courses -->\n\n<!-- START Block Sign Up --><section id=\"block_630fd153596bc\" class=\"sign-up-section\">\r\n\r\n    <div class=\"form-holder js-form\" data-aos=\"fade-right\">\r\n                    <div class=\"title-block h3\">Registrera dig f\u00f6r anslutning<\/div>\r\n        \r\n                    <div class=\"text-block\">\r\n                Fyll i all information som beh\u00f6vs f\u00f6r att svara dig s\u00e5 snabbt som m\u00f6jligt            <\/div>\r\n        \r\n                    \n<div class=\"wpcf7 no-js\" id=\"wpcf7-f102-o1\" lang=\"en-US\" dir=\"ltr\">\n<div class=\"screen-reader-response\"><p role=\"status\" aria-live=\"polite\" aria-atomic=\"true\"><\/p> <ul><\/ul><\/div>\n<form action=\"\/sv\/wp-json\/wp\/v2\/pages\/76288#wpcf7-f102-o1\" method=\"post\" class=\"wpcf7-form init\" aria-label=\"Contact form\" enctype=\"multipart\/form-data\" novalidate=\"novalidate\" data-status=\"init\">\n<div style=\"display: none;\">\n<input type=\"hidden\" name=\"_wpcf7\" value=\"102\" \/>\n<input type=\"hidden\" name=\"_wpcf7_version\" value=\"5.8.3\" \/>\n<input type=\"hidden\" name=\"_wpcf7_locale\" value=\"en_US\" \/>\n<input type=\"hidden\" name=\"_wpcf7_unit_tag\" value=\"wpcf7-f102-o1\" \/>\n<input type=\"hidden\" name=\"_wpcf7_container_post\" value=\"0\" \/>\n<input type=\"hidden\" name=\"_wpcf7_posted_data_hash\" value=\"\" \/>\n<input type=\"hidden\" name=\"_wpcf7_recaptcha_response\" value=\"\" \/>\n<\/div>\n<div class=\"row\"> \n <label><span class=\"label-text\">Name<\/span> \n  <span class=\"wpcf7-form-control-wrap\" data-name=\"text-full-name\"><input size=\"40\" class=\"wpcf7-form-control wpcf7-text wpcf7-validates-as-required\" aria-required=\"true\" aria-invalid=\"false\" placeholder=\"Name\" value=\"\" type=\"text\" name=\"text-full-name\" \/><\/span><\/label> \n<\/div> \n<div class=\"row\"> \n <label><span class=\"label-text\">Phone*<\/span> \n<span class=\"wpcf7-form-control-wrap\" data-name=\"phonetext-270\"><input size=\"40\" class=\"wpcf7-form-control wpcf7-phonetext wpcf7-validates-as-required wpcf7-text wpcf7-validates-as-phonetext\" aria-required=\"true\" aria-invalid=\"false\" placeholder=\"Phone*\" value=\"\" type=\"text\" name=\"phonetext-270\" \/><input type=\"hidden\" name=\"phonetext-270-country-code\" class=\"wpcf7-phonetext-country-code\" \/><\/span><\/label> \n<\/div> \n<div class=\"row\"> \n <label><span class=\"label-text\">E-mail<\/span> \n  <span class=\"wpcf7-form-control-wrap\" data-name=\"email-e-mail\"><input size=\"40\" class=\"wpcf7-form-control wpcf7-email wpcf7-validates-as-required wpcf7-text wpcf7-validates-as-email\" aria-required=\"true\" aria-invalid=\"false\" placeholder=\"E-mail\" value=\"\" type=\"email\" name=\"email-e-mail\" \/><\/span><\/label> \n<\/div> \n<div class=\"row\"><span>Your country<\/span> \n <label><span class=\"wpcf7-form-control-wrap\" data-name=\"countrytext-126\"><input size=\"40\" class=\"wpcf7-form-control wpcf7-countrytext wpcf7-text wpcf7-validates-as-countrytext\" aria-invalid=\"false\" value=\"\" type=\"text\" name=\"countrytext-126\" \/><\/span> <\/label>\n<\/div> \n<div class=\"row\"> \n <button type=\"submit\" class=\"btn\">Send<\/button> \n<\/div> \n<div class=\"row\"> \n <span class=\"wpcf7-form-control-wrap\" data-name=\"checkbox-931\"><span class=\"wpcf7-form-control wpcf7-checkbox\"><span class=\"wpcf7-list-item first\"><label><input type=\"checkbox\" name=\"checkbox-931[]\" value=\"Integrator\" \/><span class=\"wpcf7-list-item-label\">Integrator<\/span><\/label><\/span><span class=\"wpcf7-list-item\"><label><input type=\"checkbox\" name=\"checkbox-931[]\" value=\"Builder\" \/><span class=\"wpcf7-list-item-label\">Builder<\/span><\/label><\/span><span class=\"wpcf7-list-item last\"><label><input type=\"checkbox\" name=\"checkbox-931[]\" value=\"End-User\" \/><span class=\"wpcf7-list-item-label\">End-User<\/span><\/label><\/span><\/span><\/span> \n<\/div> \n<div class=\"row row-upload-file\"> \n <label class=\"upload-file-block js-upload-file\">Attach file \n  <span class=\"wpcf7-form-control-wrap\" data-name=\"file-466\"><input size=\"40\" class=\"wpcf7-form-control wpcf7-file\" accept=\"audio\/*,video\/*,image\/*\" aria-invalid=\"false\" type=\"file\" name=\"file-466\" \/><\/span><\/label> \n<\/div><input type='hidden' class='wpcf7-pum' value='{\"closepopup\":false,\"closedelay\":0,\"openpopup\":false,\"openpopup_id\":0}' \/><div class=\"wpcf7-response-output\" aria-hidden=\"true\"><\/div>\n<\/form>\n<\/div>\n            <\/div>\r\n\r\n\t\t    <div class=\"text-holder\" data-aos=\"fade-left\">\r\n\t\t\t\t\t\t    <h3 class=\"title-block\">Hur kan vi hj\u00e4lpa till?<\/h3>\r\n\t\t\t\r\n\t\t\t                <div class=\"text-block\">\r\n                    V\u00e4lj ett \u00e4mne nedan som \u00e4r relaterat till din f\u00f6rfr\u00e5gan. Om du inte hittar det du s\u00f6ker, fyll i v\u00e5rt kontaktformul\u00e4r.                <\/div>\r\n\t\t\t\r\n\t\t\t\t\t\t    <ul class=\"link-list\">\r\n\t\t\t\t\t\t\t\t\t\t\t\t\t\t\t\t\t\t<li>\r\n\t\t\t\t\t\t\t\t\t\t\t\t\t\t\t\t    <strong>Bli inspirerad<\/strong>\r\n\t\t\t\t\t\t\t\t\t\t\t\t\t\t\t\t\t\t\t\t\t\t\t\t    <a href=\"\/features\/\">\r\n\t\t\t\t\t\t\t\t        Uppt\u00e4ck vad som finns under v\u00e5r porttelefon\t\t\t\t\t\t\t\t    <\/a>\r\n\t\t\t\t\t\t\t\t\t\t\t\t\t\t\t<\/li>\r\n\t\t\t\t\t\t\t\t\t\t\t\t\t\t\t\t\t\t\t\t\t\t\t\t<li>\r\n\t\t\t\t\t\t\t\t\t\t\t\t\t\t\t\t    <strong>Bli partner<\/strong>\r\n\t\t\t\t\t\t\t\t\t\t\t\t\t\t\t\t\t\t\t\t\t\t\t\t    <a href=\"\/distributors\/\">\r\n\t\t\t\t\t\t\t\t        Expandera din verksamhet med BAS-IP-porttelefon\t\t\t\t\t\t\t\t    <\/a>\r\n\t\t\t\t\t\t\t\t\t\t\t\t\t\t\t<\/li>\r\n\t\t\t\t\t\t\t\t\t\t\t\t\t\t\t\t\t\t\t\t\t\t\t\t<li>\r\n\t\t\t\t\t\t\t\t\t\t\t\t\t\t\t\t    <strong>Kolla guiderna<\/strong>\r\n\t\t\t\t\t\t\t\t\t\t\t\t\t\t\t\t\t\t\t\t\t\t\t\t    <a href=\"\/support\/\">\r\n\t\t\t\t\t\t\t\t        Ladda ner detaljerade manualer och scheman\t\t\t\t\t\t\t\t    <\/a>\r\n\t\t\t\t\t\t\t\t\t\t\t\t\t\t\t<\/li>\r\n\t\t\t\t\t\t\t\t\t\t\t\t\t\t\t<\/ul>\r\n\t\t\t\r\n\t\t\t\t\t\t    <h3 class=\"title-block\">V\u00e5ra kontakter<\/h3>\r\n\t\t\t\r\n\t\t\t\t\t\t\t<ul class=\"contact-list\">\r\n\t\t\t\t\t\t\t\t\t\t\t\t\t\t\t\t\t\t<li>\r\n\t\t\t\t\t\t\t\t\t\t\t\t\t\t\t\t\t<strong>F\u00f6rs\u00e4ljning:<\/strong>\r\n\t\t\t\t\t\t\t\t\t\t\t\t\t\t\t\t\t\t\t\t\t\t\t\t    <a href=\"mailto:s&#97;le&#115;&#64;&#98;as&#45;i&#112;&#46;c&#111;&#109;\">sale&#115;&#64;b&#97;s-i&#112;.c&#111;&#109;<\/a>\r\n\t\t\t\t\t\t\t\t\t\t\t\t\t\t\t<\/li>\r\n\t\t\t\t\t\t\t\t\t\t\t\t\t\t\t\t\t\t\t\t\t\t\t\t<li>\r\n\t\t\t\t\t\t\t\t\t\t\t\t\t\t\t\t\t<strong>Teknisk support:<\/strong>\r\n\t\t\t\t\t\t\t\t\t\t\t\t\t\t\t\t\t\t\t\t\t\t\t\t    <a href=\"mailto:&#115;upp&#111;&#114;t&#64;&#98;&#97;s-i&#112;.c&#111;&#109;\">&#115;&#117;&#112;p&#111;&#114;t&#64;&#98;as&#45;&#105;&#112;.&#99;om<\/a>\r\n\t\t\t\t\t\t\t\t\t\t\t\t\t\t\t<\/li>\r\n\t\t\t\t\t\t\t\t\t\t\t\t\t\t\t<\/ul>\r\n\t\t\t\t\t<\/div>\r\n\t<\/section>\r\n\r\n\r\n\r\n<!-- END Block Sign Up -->","protected":false},"excerpt":{"rendered":"","protected":false},"author":1,"featured_media":0,"parent":0,"menu_order":0,"comment_status":"closed","ping_status":"closed","template":"","meta":{"inline_featured_image":false,"footnotes":""},"class_list":["post-76288","page","type-page","status-publish","hentry"],"acf":[],"_links":{"self":[{"href":"https:\/\/bas-ip.com\/sv\/wp-json\/wp\/v2\/pages\/76288","targetHints":{"allow":["GET"]}}],"collection":[{"href":"https:\/\/bas-ip.com\/sv\/wp-json\/wp\/v2\/pages"}],"about":[{"href":"https:\/\/bas-ip.com\/sv\/wp-json\/wp\/v2\/types\/page"}],"author":[{"embeddable":true,"href":"https:\/\/bas-ip.com\/sv\/wp-json\/wp\/v2\/users\/1"}],"replies":[{"embeddable":true,"href":"https:\/\/bas-ip.com\/sv\/wp-json\/wp\/v2\/comments?post=76288"}],"version-history":[{"count":6,"href":"https:\/\/bas-ip.com\/sv\/wp-json\/wp\/v2\/pages\/76288\/revisions"}],"predecessor-version":[{"id":142225,"href":"https:\/\/bas-ip.com\/sv\/wp-json\/wp\/v2\/pages\/76288\/revisions\/142225"}],"wp:attachment":[{"href":"https:\/\/bas-ip.com\/sv\/wp-json\/wp\/v2\/media?parent=76288"}],"curies":[{"name":"wp","href":"https:\/\/api.w.org\/{rel}","templated":true}]}}