{"id":41391,"date":"2022-05-31T21:22:07","date_gmt":"2022-05-31T21:22:07","guid":{"rendered":"https:\/\/bas-ip.com\/?page_id=41391"},"modified":"2025-12-25T11:22:10","modified_gmt":"2025-12-25T11:22:10","slug":"integrations","status":"publish","type":"page","link":"https:\/\/bas-ip.com\/sv\/integrationer\/","title":{"rendered":"Integrationer"},"content":{"rendered":"<!-- START Block General Hero --><section id=\"block_62968804c83f8\" class=\"general-hero-section\">\r\n\t<div class=\"text-holder\" data-aos=\"fade-right\">\r\n                    <h1 class=\"page-title\">Maximera f\u00f6rdelarna med din porttelefon med BAS-IP-integrationer<\/h1>\r\n                                    <div class=\"text-section\">\r\n                <p>BAS-IP arbetar n\u00e4ra med ledande mjukvaru- och h\u00e5rdvarutillverkare inom omr\u00e5dena \u00e5tkomstkontrollsystem, s\u00e4kerhet och informationsteknik.<\/p>\n            <\/div>\r\n            <\/div>\r\n\t        <div class=\"image-holder\" data-aos=\"fade-left\">\r\n\t        <img loading=\"lazy\" decoding=\"async\" width=\"900\" height=\"671\" src=\"https:\/\/bas-ip.com\/wp-content\/uploads\/2022\/05\/Frame-6.svg\" class=\"attachment-large size-large\" alt=\"Audio Video IP Intercom Integrations\" \/>        <\/div>\r\n\t<\/section>\r\n<!-- END Block General Hero -->\n\n<!-- START Block Integrations Intro --><section id=\"block_62968ab105155\" class=\"integrations-intro-section\">\r\n\t\t    <h2 class=\"title-section\" data-aos=\"fade-right\">F\u00f6rena alla system i en enda enhet<\/h2>\r\n\t\t        <div class=\"text-block\" data-aos=\"fade-right\">\r\n\t        <p>Genom integrationer breddar vi potentialen och hanterar olika system f\u00f6r \u00e5tkomstkontroll och smarta hemautomationssystem i en och samma enhet. Vi utvecklar st\u00e4ndigt nya l\u00f6sningar och str\u00e4var efter att leverera f\u00f6rstklassiga tj\u00e4nster till v\u00e5ra kunder \u00f6ver hela v\u00e4rlden. Om du \u00e4r intresserad av att integrera ditt varum\u00e4rke med BAS-IP \u2013 kontakta oss bara.<\/p>\n        <\/div>\r\n\t<\/section>\r\n<!-- END Block Integrations Intro -->\n\n<!-- START Block Integrations Text & Image --><section id=\"block_62968ac005156\" class=\"integrations-text-image-section\">\r\n\t\t<div class=\"image-holder\" data-aos=\"fade-left\">\r\n\t\t<img loading=\"lazy\" decoding=\"async\" width=\"791\" height=\"339\" src=\"https:\/\/bas-ip.com\/wp-content\/uploads\/2022\/09\/1-1.jpg\" class=\"attachment-large size-large\" alt=\"Audio video intercom with access control integration\" srcset=\"https:\/\/bas-ip.com\/wp-content\/uploads\/2022\/09\/1-1.jpg 791w,  https:\/\/bas-ip.com\/wp-content\/uploads\/2022\/09\/1-1-300x129.jpg 300w,  https:\/\/bas-ip.com\/wp-content\/uploads\/2022\/09\/1-1-768x329.jpg 768w,  https:\/\/bas-ip.com\/wp-content\/uploads\/2022\/09\/1-1-767x329.jpg 767w\" sizes=\"auto, (max-width: 791px) 100vw, 791px\" \/>\t<\/div>\r\n\t\r\n\t<div class=\"text-holder\" data-aos=\"fade-right\">\r\n\t\t\t\t<h3 class=\"title-block\">\u00c5tkomstkontroll<\/h3>\r\n\t\t\t\t\t\t<div class=\"text-block\">\r\n\t\t\t<p data-path-to-node=\"1\"><b data-path-to-node=\"1\" data-index-in-node=\"0\">BAS-IP<\/b> \u00e4r en porttelefon f\u00f6r ljud och video med integrerad passerkontroll, som erbjuder omfattande mjukvaru- och h\u00e5rdvarukompatibilitet med majoriteten av ACS-utrustning (passersystem).<\/p>\n<p data-path-to-node=\"2\">Att implementera BAS-IP:s porttelefonsystem tillsammans med ett passersystem \u00e4r mycket attraktivt f\u00f6r fastighetsutvecklare, installationsfirmor och kommersiella fastigheter som kontor och k\u00f6pcentrum. Genom att f\u00f6rena de tv\u00e5 systemen till ett har en o\u00f6vertr\u00e4ffad niv\u00e5 av s\u00e4kerhet och anv\u00e4ndarv\u00e4nlighet uppn\u00e5tts:<\/p>\n<ul data-path-to-node=\"3\">\n<li>\n<p data-path-to-node=\"3,0,0\"><b data-path-to-node=\"3,0,0\" data-index-in-node=\"0\">Omfattande integration av l\u00e4sare<\/b> i BAS-IP-paneler med mjukvaran f\u00f6r passersystemet, vilket m\u00f6jligg\u00f6r l\u00e4sning, till\u00e4gg och borttagning av identifierare.<\/p>\n<\/li>\n<li>\n<p data-path-to-node=\"3,1,0\"><b data-path-to-node=\"3,1,0\" data-index-in-node=\"0\">Str\u00f6mlinjeformat gr\u00e4nssnitt<\/b> f\u00f6r passerkontroll.<\/p>\n<\/li>\n<li>\n<p data-path-to-node=\"3,2,0\"><b data-path-to-node=\"3,2,0\" data-index-in-node=\"0\">Anv\u00e4ndning av smartphones<\/b> som identifieringsverktyg.<\/p>\n<\/li>\n<li>\n<p data-path-to-node=\"3,3,0\"><b data-path-to-node=\"3,3,0\" data-index-in-node=\"0\">Sammanst\u00e4lld h\u00e4ndelselogg<\/b> med justerbara filter.<\/p>\n<\/li>\n<li>\n<p data-path-to-node=\"3,4,0\"><b data-path-to-node=\"3,4,0\" data-index-in-node=\"0\">Centraliserad tilldelning av beh\u00f6righetsniv\u00e5er<\/b> p\u00e5 b\u00e5de BAS-IP-enheter och utrustning fr\u00e5n andra ACS-tillverkare.<\/p>\n<\/li>\n<\/ul>\t\t<\/div>\r\n\t\t\r\n\t\t\t\t<h4 class=\"title-logo-block\">Varum\u00e4rken vi \u00e4r integrerade med<\/h4>\r\n\t\t\r\n\t\t\r\n\t\t<ul class=\"logo-list\">\r\n\t\t\t\t\t\t<li class=\"logo-item\">\r\n\t\t\t\t\r\n\t\t\t\t<img loading=\"lazy\" decoding=\"async\" width=\"300\" height=\"83\" src=\"https:\/\/bas-ip.com\/wp-content\/uploads\/2022\/11\/inner-range-logo-300x83.png\" class=\"attachment-medium size-medium\" alt=\"\" srcset=\"https:\/\/bas-ip.com\/wp-content\/uploads\/2022\/11\/inner-range-logo-300x83.png 300w,  https:\/\/bas-ip.com\/wp-content\/uploads\/2022\/11\/inner-range-logo-768x212.png 768w,  https:\/\/bas-ip.com\/wp-content\/uploads\/2022\/11\/inner-range-logo-767x212.png 767w,  https:\/\/bas-ip.com\/wp-content\/uploads\/2022\/11\/inner-range-logo.png 836w\" sizes=\"auto, (max-width: 300px) 100vw, 300px\" \/>\r\n\t\t\t\t\r\n\t\t\t<\/li>\r\n\t\t\t\t\t\t<li class=\"logo-item\">\r\n\t\t\t\t\r\n\t\t\t\t<img loading=\"lazy\" decoding=\"async\" width=\"300\" height=\"88\" src=\"https:\/\/bas-ip.com\/wp-content\/uploads\/2022\/11\/u-prox_logo-300x88.png\" class=\"attachment-medium size-medium\" alt=\"\" srcset=\"https:\/\/bas-ip.com\/wp-content\/uploads\/2022\/11\/u-prox_logo-300x88.png 300w,  https:\/\/bas-ip.com\/wp-content\/uploads\/2022\/11\/u-prox_logo.png 674w\" sizes=\"auto, (max-width: 300px) 100vw, 300px\" \/>\r\n\t\t\t\t\r\n\t\t\t<\/li>\r\n\t\t\t\t\t\t<li class=\"logo-item\">\r\n\t\t\t\t\r\n\t\t\t\t<img loading=\"lazy\" decoding=\"async\" width=\"300\" height=\"74\" src=\"https:\/\/bas-ip.com\/wp-content\/uploads\/2022\/11\/galaxy-control-systems-300x74.png\" class=\"attachment-medium size-medium\" alt=\"\" srcset=\"https:\/\/bas-ip.com\/wp-content\/uploads\/2022\/11\/galaxy-control-systems-300x74.png 300w,  https:\/\/bas-ip.com\/wp-content\/uploads\/2022\/11\/galaxy-control-systems-768x190.png 768w,  https:\/\/bas-ip.com\/wp-content\/uploads\/2022\/11\/galaxy-control-systems-767x190.png 767w,  https:\/\/bas-ip.com\/wp-content\/uploads\/2022\/11\/galaxy-control-systems.png 924w\" sizes=\"auto, (max-width: 300px) 100vw, 300px\" \/>\r\n\t\t\t\t\r\n\t\t\t<\/li>\r\n\t\t\t\t\t\t<li class=\"logo-item\">\r\n\t\t\t\t\r\n\t\t\t\t<img loading=\"lazy\" decoding=\"async\" width=\"300\" height=\"120\" src=\"https:\/\/bas-ip.com\/wp-content\/uploads\/2023\/02\/Gallagher-long-300x120.png\" class=\"attachment-medium size-medium\" alt=\"\" srcset=\"https:\/\/bas-ip.com\/wp-content\/uploads\/2023\/02\/Gallagher-long-300x120.png 300w,  https:\/\/bas-ip.com\/wp-content\/uploads\/2023\/02\/Gallagher-long.png 500w\" sizes=\"auto, (max-width: 300px) 100vw, 300px\" \/>\r\n\t\t\t\t\r\n\t\t\t<\/li>\r\n\t\t\t\t\t\t<li class=\"logo-item\">\r\n\t\t\t\t\r\n\t\t\t\t<img loading=\"lazy\" decoding=\"async\" width=\"300\" height=\"62\" src=\"https:\/\/bas-ip.com\/wp-content\/uploads\/2024\/08\/napco_logo-1-300x62.png\" class=\"attachment-medium size-medium\" alt=\"\" srcset=\"https:\/\/bas-ip.com\/wp-content\/uploads\/2024\/08\/napco_logo-1-300x62.png 300w,  https:\/\/bas-ip.com\/wp-content\/uploads\/2024\/08\/napco_logo-1-1024x213.png 1024w,  https:\/\/bas-ip.com\/wp-content\/uploads\/2024\/08\/napco_logo-1-768x160.png 768w,  https:\/\/bas-ip.com\/wp-content\/uploads\/2024\/08\/napco_logo-1-767x159.png 767w,  https:\/\/bas-ip.com\/wp-content\/uploads\/2024\/08\/napco_logo-1.png 1227w\" sizes=\"auto, (max-width: 300px) 100vw, 300px\" \/>\r\n\t\t\t\t\r\n\t\t\t<\/li>\r\n\t\t\t\t\t\t<li class=\"logo-item\">\r\n\t\t\t\t\r\n\t\t\t\t<img loading=\"lazy\" decoding=\"async\" width=\"300\" height=\"48\" src=\"https:\/\/bas-ip.com\/wp-content\/uploads\/2025\/02\/Rosslare_logo_new-300x48.png\" class=\"attachment-medium size-medium\" alt=\"\" srcset=\"https:\/\/bas-ip.com\/wp-content\/uploads\/2025\/02\/Rosslare_logo_new-300x48.png 300w,  https:\/\/bas-ip.com\/wp-content\/uploads\/2025\/02\/Rosslare_logo_new-1024x166.png 1024w,  https:\/\/bas-ip.com\/wp-content\/uploads\/2025\/02\/Rosslare_logo_new-768x124.png 768w,  https:\/\/bas-ip.com\/wp-content\/uploads\/2025\/02\/Rosslare_logo_new-767x124.png 767w,  https:\/\/bas-ip.com\/wp-content\/uploads\/2025\/02\/Rosslare_logo_new.png 1064w\" sizes=\"auto, (max-width: 300px) 100vw, 300px\" \/>\r\n\t\t\t\t\r\n\t\t\t<\/li>\r\n\t\t\t\t\t\t<li class=\"logo-item\">\r\n\t\t\t\t\r\n\t\t\t\t<img loading=\"lazy\" decoding=\"async\" width=\"300\" height=\"162\" src=\"https:\/\/bas-ip.com\/wp-content\/uploads\/2025\/02\/ACTpro-300x162.png\" class=\"attachment-medium size-medium\" alt=\"\" srcset=\"https:\/\/bas-ip.com\/wp-content\/uploads\/2025\/02\/ACTpro-300x162.png 300w,  https:\/\/bas-ip.com\/wp-content\/uploads\/2025\/02\/ACTpro.png 594w\" sizes=\"auto, (max-width: 300px) 100vw, 300px\" \/>\r\n\t\t\t\t\r\n\t\t\t<\/li>\r\n\t\t\t\t\t\t<li class=\"logo-item\">\r\n\t\t\t\t\r\n\t\t\t\t<img loading=\"lazy\" decoding=\"async\" width=\"300\" height=\"175\" src=\"https:\/\/bas-ip.com\/wp-content\/uploads\/2025\/06\/Condo-Control2-300x175.png\" class=\"attachment-medium size-medium\" alt=\"\" srcset=\"https:\/\/bas-ip.com\/wp-content\/uploads\/2025\/06\/Condo-Control2-300x175.png 300w,  https:\/\/bas-ip.com\/wp-content\/uploads\/2025\/06\/Condo-Control2-1024x596.png 1024w,  https:\/\/bas-ip.com\/wp-content\/uploads\/2025\/06\/Condo-Control2-768x447.png 768w,  https:\/\/bas-ip.com\/wp-content\/uploads\/2025\/06\/Condo-Control2-767x447.png 767w,  https:\/\/bas-ip.com\/wp-content\/uploads\/2025\/06\/Condo-Control2.png 1178w\" sizes=\"auto, (max-width: 300px) 100vw, 300px\" \/>\r\n\t\t\t\t\r\n\t\t\t<\/li>\r\n\t\t\t\t\t<\/ul>\r\n\t\t\t<\/div>\r\n<\/section>\r\n<!-- END Block Integrations Text & Image -->\n\n<!-- START Block Integrations Text & Image --><section id=\"block_62968bc905157\" class=\"integrations-text-image-section\">\r\n\t\t<div class=\"image-holder\" data-aos=\"fade-left\">\r\n\t\t<img loading=\"lazy\" decoding=\"async\" width=\"791\" height=\"339\" src=\"https:\/\/bas-ip.com\/wp-content\/uploads\/2022\/09\/2-2.jpg\" class=\"attachment-large size-large\" alt=\"\" srcset=\"https:\/\/bas-ip.com\/wp-content\/uploads\/2022\/09\/2-2.jpg 791w,  https:\/\/bas-ip.com\/wp-content\/uploads\/2022\/09\/2-2-300x129.jpg 300w,  https:\/\/bas-ip.com\/wp-content\/uploads\/2022\/09\/2-2-768x329.jpg 768w,  https:\/\/bas-ip.com\/wp-content\/uploads\/2022\/09\/2-2-767x329.jpg 767w\" sizes=\"auto, (max-width: 791px) 100vw, 791px\" \/>\t<\/div>\r\n\t\r\n\t<div class=\"text-holder\" data-aos=\"fade-right\">\r\n\t\t\t\t<h3 class=\"title-block\">CCTV<\/h3>\r\n\t\t\t\t\t\t<div class=\"text-block\">\r\n\t\t\t<p>BAS-IP-<a href=\"https:\/\/bas-ip.com\/sv\/kategorier-for-hardvara\/porttelefon-med-kamera\/\">entr\u00e9paneler<\/a> \u00f6verf\u00f6r videodata digitalt, vilket m\u00f6jligg\u00f6r inspelning p\u00e5 en NVR (n\u00e4tverksvideoinspelare). En s\u00e5dan panel \u00f6verskrider sin roll som enbart en samtalsinitieringsenhet i ett porttelefonsystem och fungerar \u00e4ven som en fullt fungerande IP-kamera f\u00f6r ytterligare \u00f6vervakning och videoinspelning, vilket underl\u00e4ttar efterf\u00f6ljande analyser och statistik.<\/p>\n<p>Dessutom \u00e4r dessa anropspaneler utrustade med en integrerad mikrofon som kan justeras f\u00f6r att uppt\u00e4cka f\u00f6rh\u00f6jda ljudniv\u00e5er eller skrik, och d\u00e4refter skicka en signal till NVR:n. Du kan till och med konfigurera systemet att initiera inspelning via entr\u00e9panelens kamera och flera angr\u00e4nsande kameror n\u00e4r en h\u00e4ndelse uppt\u00e4cks, vilket s\u00e4kerst\u00e4ller ett helt\u00e4ckande perspektiv.<\/p>\t\t<\/div>\r\n\t\t\r\n\t\t\t\t<h4 class=\"title-logo-block\">Varum\u00e4rken vi \u00e4r integrerade med<\/h4>\r\n\t\t\r\n\t\t\r\n\t\t<ul class=\"logo-list\">\r\n\t\t\t\t\t\t<li class=\"logo-item\">\r\n\t\t\t\t\r\n\t\t\t\t<img loading=\"lazy\" decoding=\"async\" width=\"300\" height=\"54\" src=\"https:\/\/bas-ip.com\/wp-content\/uploads\/2022\/11\/Hikvision-logo1-300x54.png\" class=\"attachment-medium size-medium\" alt=\"\" srcset=\"https:\/\/bas-ip.com\/wp-content\/uploads\/2022\/11\/Hikvision-logo1-300x54.png 300w,  https:\/\/bas-ip.com\/wp-content\/uploads\/2022\/11\/Hikvision-logo1-768x138.png 768w,  https:\/\/bas-ip.com\/wp-content\/uploads\/2022\/11\/Hikvision-logo1-767x138.png 767w,  https:\/\/bas-ip.com\/wp-content\/uploads\/2022\/11\/Hikvision-logo1.png 900w\" sizes=\"auto, (max-width: 300px) 100vw, 300px\" \/>\r\n\t\t\t\t\r\n\t\t\t<\/li>\r\n\t\t\t\t\t\t<li class=\"logo-item\">\r\n\t\t\t\t\r\n\t\t\t\t<img loading=\"lazy\" decoding=\"async\" width=\"300\" height=\"110\" src=\"https:\/\/bas-ip.com\/wp-content\/uploads\/2022\/11\/axis-logo2-300x110.png\" class=\"attachment-medium size-medium\" alt=\"\" srcset=\"https:\/\/bas-ip.com\/wp-content\/uploads\/2022\/11\/axis-logo2-300x110.png 300w,  https:\/\/bas-ip.com\/wp-content\/uploads\/2022\/11\/axis-logo2-768x283.png 768w,  https:\/\/bas-ip.com\/wp-content\/uploads\/2022\/11\/axis-logo2-767x282.png 767w,  https:\/\/bas-ip.com\/wp-content\/uploads\/2022\/11\/axis-logo2.png 899w\" sizes=\"auto, (max-width: 300px) 100vw, 300px\" \/>\r\n\t\t\t\t\r\n\t\t\t<\/li>\r\n\t\t\t\t\t<\/ul>\r\n\t\t\t<\/div>\r\n<\/section>\r\n<!-- END Block Integrations Text & Image -->\n\n<!-- START Block Integrations Text & Image --><section id=\"block_62968c2505159\" class=\"integrations-text-image-section\">\r\n\t\t<div class=\"image-holder\" data-aos=\"fade-left\">\r\n\t\t<img loading=\"lazy\" decoding=\"async\" width=\"791\" height=\"339\" src=\"https:\/\/bas-ip.com\/wp-content\/uploads\/2022\/09\/3-1.jpg\" class=\"attachment-large size-large\" alt=\"\" srcset=\"https:\/\/bas-ip.com\/wp-content\/uploads\/2022\/09\/3-1.jpg 791w,  https:\/\/bas-ip.com\/wp-content\/uploads\/2022\/09\/3-1-300x129.jpg 300w,  https:\/\/bas-ip.com\/wp-content\/uploads\/2022\/09\/3-1-768x329.jpg 768w,  https:\/\/bas-ip.com\/wp-content\/uploads\/2022\/09\/3-1-767x329.jpg 767w\" sizes=\"auto, (max-width: 791px) 100vw, 791px\" \/>\t<\/div>\r\n\t\r\n\t<div class=\"text-holder\" data-aos=\"fade-right\">\r\n\t\t\t\t<h3 class=\"title-block\">Smart hemautomation<\/h3>\r\n\t\t\t\t\t\t<div class=\"text-block\">\r\n\t\t\t<p>BAS-IP-<a href=\"https:\/\/bas-ip.com\/sv\/kategorier-for-hardvara\/porttelefon-med-video\/\">inomhusmonitorer<\/a> fungerar inte bara som porttelefoner utan \u00e4ven som styrenheter f\u00f6r andra smarta hemenheter. I huvudsak omvandlas v\u00e5r monitor till en kontrollpanel f\u00f6r ett avancerat hemsystem. Olika \u00e5tg\u00e4rder, som att hantera belysning, musik och klimatkontroll, kan utf\u00f6ras direkt fr\u00e5n porttelefonmonitorn.<\/p>\n<p>Omv\u00e4nt dirigeras video och samtal fr\u00e5n BAS-IP-utomhuspaneler direkt till de befintliga smarta hemkontrollpanelerna som \u00e4r installerade p\u00e5 platsen.<\/p>\t\t<\/div>\r\n\t\t\r\n\t\t\t\t<h4 class=\"title-logo-block\">Varum\u00e4rken vi \u00e4r integrerade med<\/h4>\r\n\t\t\r\n\t\t\r\n\t\t<ul class=\"logo-list\">\r\n\t\t\t\t\t\t<li class=\"logo-item\">\r\n\t\t\t\t\r\n\t\t\t\t<img loading=\"lazy\" decoding=\"async\" width=\"135\" height=\"40\" src=\"https:\/\/bas-ip.com\/wp-content\/uploads\/2022\/05\/351406-3-1.png\" class=\"attachment-medium size-medium\" alt=\"\" \/>\r\n\t\t\t\t\r\n\t\t\t<\/li>\r\n\t\t\t\t\t<\/ul>\r\n\t\t\t<\/div>\r\n<\/section>\r\n<!-- END Block Integrations Text & Image -->\n\n<!-- START Block Integrations Text & Image --><section id=\"block_65f975e9f18ea\" class=\"integrations-text-image-section\">\r\n\t\t<div class=\"image-holder\" data-aos=\"fade-left\">\r\n\t\t<img loading=\"lazy\" decoding=\"async\" width=\"791\" height=\"339\" src=\"https:\/\/bas-ip.com\/wp-content\/uploads\/2024\/03\/lift.jpg\" class=\"attachment-large size-large\" alt=\"\" srcset=\"https:\/\/bas-ip.com\/wp-content\/uploads\/2024\/03\/lift.jpg 791w,  https:\/\/bas-ip.com\/wp-content\/uploads\/2024\/03\/lift-300x129.jpg 300w,  https:\/\/bas-ip.com\/wp-content\/uploads\/2024\/03\/lift-768x329.jpg 768w,  https:\/\/bas-ip.com\/wp-content\/uploads\/2024\/03\/lift-767x329.jpg 767w\" sizes=\"auto, (max-width: 791px) 100vw, 791px\" \/>\t<\/div>\r\n\t\r\n\t<div class=\"text-holder\" data-aos=\"fade-right\">\r\n\t\t\t\t<h3 class=\"title-block\">Lyftsystem<\/h3>\r\n\t\t\t\t\t\t<div class=\"text-block\">\r\n\t\t\t<p data-path-to-node=\"6\">Integrationen av BAS-IP-porttelefoner med hissystem ger en helt\u00e4ckande l\u00f6sning f\u00f6r s\u00e4kerhet och bekv\u00e4mlighet f\u00f6r anv\u00e4ndarna. Det m\u00f6jligg\u00f6r:<\/p>\n<ul data-path-to-node=\"7\">\n<li>\n<p data-path-to-node=\"7,0,0\"><b data-path-to-node=\"7,0,0\" data-index-in-node=\"0\">Inkallning av hiss<\/b> via entr\u00e9panelen med hj\u00e4lp av RFID-kort, PIN-koder, QR-koder eller biometriska data.<\/p>\n<\/li>\n<li>\n<p data-path-to-node=\"7,1,0\"><b data-path-to-node=\"7,1,0\" data-index-in-node=\"0\">Begr\u00e4nsning av \u00e5tkomst till v\u00e5ningsplan och hissar<\/b>, vilket endast ger tilltr\u00e4de f\u00f6r beh\u00f6riga anv\u00e4ndare.<\/p>\n<\/li>\n<li>\n<p data-path-to-node=\"7,2,0\"><b data-path-to-node=\"7,2,0\" data-index-in-node=\"0\">F\u00f6rst\u00e4rkt s\u00e4kerhet<\/b> genom video\u00f6vervakning och passerkontroll.<\/p>\n<\/li>\n<li>\n<p data-path-to-node=\"7,3,0\"><b data-path-to-node=\"7,3,0\" data-index-in-node=\"0\">Smidigare och effektivare<\/b> fastighetsf\u00f6rvaltning.<\/p>\n<\/li>\n<\/ul>\t\t<\/div>\r\n\t\t\r\n\t\t\t\t<h4 class=\"title-logo-block\">Varum\u00e4rken vi \u00e4r integrerade med<\/h4>\r\n\t\t\r\n\t\t\r\n\t\t<ul class=\"logo-list\">\r\n\t\t\t\t\t\t<li class=\"logo-item\">\r\n\t\t\t\t\r\n\t\t\t\t<img loading=\"lazy\" decoding=\"async\" width=\"300\" height=\"152\" src=\"https:\/\/bas-ip.com\/wp-content\/uploads\/2023\/06\/800px-Kone.svg-300x152.png\" class=\"attachment-medium size-medium\" alt=\"\" srcset=\"https:\/\/bas-ip.com\/wp-content\/uploads\/2023\/06\/800px-Kone.svg-300x152.png 300w,  https:\/\/bas-ip.com\/wp-content\/uploads\/2023\/06\/800px-Kone.svg-768x389.png 768w,  https:\/\/bas-ip.com\/wp-content\/uploads\/2023\/06\/800px-Kone.svg-767x388.png 767w,  https:\/\/bas-ip.com\/wp-content\/uploads\/2023\/06\/800px-Kone.svg.png 800w\" sizes=\"auto, (max-width: 300px) 100vw, 300px\" \/>\r\n\t\t\t\t\r\n\t\t\t<\/li>\r\n\t\t\t\t\t<\/ul>\r\n\t\t\t<\/div>\r\n<\/section>\r\n<!-- END Block Integrations Text & Image -->\n\n<!-- START Block Integrations Text & Image --><section id=\"block_62968c560515a\" class=\"integrations-text-image-section\">\r\n\t\t<div class=\"image-holder\" data-aos=\"fade-left\">\r\n\t\t<img loading=\"lazy\" decoding=\"async\" width=\"791\" height=\"339\" src=\"https:\/\/bas-ip.com\/wp-content\/uploads\/2022\/09\/4.jpg\" class=\"attachment-large size-large\" alt=\"\" srcset=\"https:\/\/bas-ip.com\/wp-content\/uploads\/2022\/09\/4.jpg 791w,  https:\/\/bas-ip.com\/wp-content\/uploads\/2022\/09\/4-300x129.jpg 300w,  https:\/\/bas-ip.com\/wp-content\/uploads\/2022\/09\/4-768x329.jpg 768w,  https:\/\/bas-ip.com\/wp-content\/uploads\/2022\/09\/4-767x329.jpg 767w\" sizes=\"auto, (max-width: 791px) 100vw, 791px\" \/>\t<\/div>\r\n\t\r\n\t<div class=\"text-holder\" data-aos=\"fade-right\">\r\n\t\t\t\t<h3 class=\"title-block\">Microsoft Teams (molninspelning)<\/h3>\r\n\t\t\t\t\t\t<div class=\"text-block\">\r\n\t\t\t<p>Denna integration g\u00f6r det m\u00f6jligt f\u00f6r BAS-IP-intercom att kommunicera med Microsoft Teams-plattformen. Microsoft Teams-anv\u00e4ndare kan svara p\u00e5 inkommande intercom-samtal \u2013 med tv\u00e5v\u00e4gsljud och livevideo, och \u00f6ppna d\u00f6rrar f\u00f6r bes\u00f6kare.<\/p>\t\t<\/div>\r\n\t\t\r\n\t\t\t\t<h4 class=\"title-logo-block\">Varum\u00e4rken vi \u00e4r integrerade med<\/h4>\r\n\t\t\r\n\t\t\r\n\t\t<ul class=\"logo-list\">\r\n\t\t\t\t\t\t<li class=\"logo-item\">\r\n\t\t\t\t\r\n\t\t\t\t<img loading=\"lazy\" decoding=\"async\" width=\"200\" height=\"32\" src=\"https:\/\/bas-ip.com\/wp-content\/uploads\/2022\/05\/cybertwice-logo-1.png\" class=\"attachment-medium size-medium\" alt=\"\" \/>\r\n\t\t\t\t\r\n\t\t\t<\/li>\r\n\t\t\t\t\t<\/ul>\r\n\t\t\t<\/div>\r\n<\/section>\r\n<!-- END Block Integrations Text & Image -->\n\n<!-- START Block Integrations Text & Image --><section id=\"block_62968cd10515b\" class=\"integrations-text-image-section\">\r\n\t\t<div class=\"image-holder\" data-aos=\"fade-left\">\r\n\t\t<img loading=\"lazy\" decoding=\"async\" width=\"791\" height=\"339\" src=\"https:\/\/bas-ip.com\/wp-content\/uploads\/2022\/09\/5.jpg\" class=\"attachment-large size-large\" alt=\"\" srcset=\"https:\/\/bas-ip.com\/wp-content\/uploads\/2022\/09\/5.jpg 791w,  https:\/\/bas-ip.com\/wp-content\/uploads\/2022\/09\/5-300x129.jpg 300w,  https:\/\/bas-ip.com\/wp-content\/uploads\/2022\/09\/5-768x329.jpg 768w,  https:\/\/bas-ip.com\/wp-content\/uploads\/2022\/09\/5-767x329.jpg 767w\" sizes=\"auto, (max-width: 791px) 100vw, 791px\" \/>\t<\/div>\r\n\t\r\n\t<div class=\"text-holder\" data-aos=\"fade-right\">\r\n\t\t\t\t<h3 class=\"title-block\">S\u00e4kerhetsplattformar<\/h3>\r\n\t\t\t\t\t\t<div class=\"text-block\">\r\n\t\t\t<p>S\u00e4kerhetsplattformar kombinerar IP-video\u00f6vervakning, \u00e5tkomstkontroll, hanteringssystem, automatisk registreringsskyltsigenk\u00e4nning (ANPR) samt kommunikations- och analysverktyg. S\u00e5dana system anv\u00e4nds i omfattande anl\u00e4ggningar d\u00e4r det \u00e4r n\u00f6dv\u00e4ndigt att samla m\u00e5nga olika system i en instrumentpanel f\u00f6r enkel \u00f6vervakning.<\/p>\t\t<\/div>\r\n\t\t\r\n\t\t\t\t<h4 class=\"title-logo-block\">Varum\u00e4rken vi \u00e4r integrerade med<\/h4>\r\n\t\t\r\n\t\t\r\n\t\t<ul class=\"logo-list\">\r\n\t\t\t\t\t\t<li class=\"logo-item\">\r\n\t\t\t\t\r\n\t\t\t\t<img loading=\"lazy\" decoding=\"async\" width=\"300\" height=\"69\" src=\"https:\/\/bas-ip.com\/wp-content\/uploads\/2025\/02\/Logo_Main-300x69.png\" class=\"attachment-medium size-medium\" alt=\"\" srcset=\"https:\/\/bas-ip.com\/wp-content\/uploads\/2025\/02\/Logo_Main-300x69.png 300w,  https:\/\/bas-ip.com\/wp-content\/uploads\/2025\/02\/Logo_Main-768x177.png 768w,  https:\/\/bas-ip.com\/wp-content\/uploads\/2025\/02\/Logo_Main-767x176.png 767w,  https:\/\/bas-ip.com\/wp-content\/uploads\/2025\/02\/Logo_Main.png 800w\" sizes=\"auto, (max-width: 300px) 100vw, 300px\" \/>\r\n\t\t\t\t\r\n\t\t\t<\/li>\r\n\t\t\t\t\t<\/ul>\r\n\t\t\t<\/div>\r\n<\/section>\r\n<!-- END Block Integrations Text & Image -->\n\n<!-- START Block CTA Banner --><section id=\"block_62968eac884ad\" class=\"cta-banner-section image-positionleft\">\r\n\t        <div class=\"image-holder\" data-aos=\"fade-right\">\r\n\t        <img loading=\"lazy\" decoding=\"async\" width=\"900\" height=\"426\" src=\"https:\/\/bas-ip.com\/wp-content\/uploads\/2022\/05\/Group-36737.svg\" class=\"attachment-large size-large\" alt=\"\" \/>        <\/div>\r\n\t\r\n    <div class=\"text-holder\" data-aos=\"fade-left\">\r\n                    <h2 class=\"title-section\">Vill du bli integrerad? Kolla in v\u00e5rt API<\/h2>\r\n                            <div class=\"text-block\">\r\n                <p>Du kan n\u00e5 oss p\u00e5 <a href=\"mailto:integrations@bas-ip.com\">integrations@bas-ip.com<\/a><\/p>\n            <\/div>\r\n                            <a class=\"btn\" href=\"\/become-integration-partner\/\">\r\n                Bli integrationspartner            <\/a>\r\n            <\/div>\r\n<\/section>\r\n<!-- END Block CTA Banner -->\n\n<!-- START Block FAQ --><section id=\"block_62968eda884ae\" class=\"faq-section\">\r\n\t\t    <h2 class=\"title-section\" data-aos=\"fade-right\">Vanliga fr\u00e5gor<\/h2>\r\n\t\t\t    <div class=\"faq-list js-accordion\" data-aos=\"fade-up\">\r\n\t\t\t\t\t\t\t\t\t\t\t    <div class=\"accordion-item faq-item\">\r\n                        <div class=\"accordion-opener\">\r\n                            Q: Kostar det pengar att anv\u00e4nda integrationer?                            <i class=\"fa-solid fa-chevron-down\"><\/i>\r\n                        <\/div>\r\n                        <div class=\"accordion-slide\">\r\n\t\t\t\t\t\t    <p>Nej, alla BAS-IP-integrationer \u00e4r kostnadsfria.<\/p>\n                        <\/div>\r\n\t\t\t\t\t<\/div>\r\n\t\t\t\t\t\t\t\t\t\t\t\t\t\t\t    <div class=\"accordion-item faq-item\">\r\n                        <div class=\"accordion-opener\">\r\n                            Q: Hur f\u00e5r jag min integration listad i den officiella katalogen?                            <i class=\"fa-solid fa-chevron-down\"><\/i>\r\n                        <\/div>\r\n                        <div class=\"accordion-slide\">\r\n\t\t\t\t\t\t    <p>Integrationskatalogen \u00e4r en kurerad lista \u00f6ver de mest popul\u00e4ra varum\u00e4rkena som arbetar med BAS-IP, och hanteras baserat p\u00e5 efterfr\u00e5gan fr\u00e5n v\u00e5ra kunder. Kontakta oss dock g\u00e4rna om du vill finnas med h\u00e4r.<\/p>\n                        <\/div>\r\n\t\t\t\t\t<\/div>\r\n\t\t\t\t\t\t\t\t\t<\/div>\r\n\t<\/section>\r\n<!-- END Block FAQ -->","protected":false},"excerpt":{"rendered":"","protected":false},"author":1,"featured_media":0,"parent":0,"menu_order":0,"comment_status":"closed","ping_status":"closed","template":"","meta":{"inline_featured_image":false,"footnotes":""},"class_list":["post-41391","page","type-page","status-publish","hentry"],"acf":[],"_links":{"self":[{"href":"https:\/\/bas-ip.com\/sv\/wp-json\/wp\/v2\/pages\/41391","targetHints":{"allow":["GET"]}}],"collection":[{"href":"https:\/\/bas-ip.com\/sv\/wp-json\/wp\/v2\/pages"}],"about":[{"href":"https:\/\/bas-ip.com\/sv\/wp-json\/wp\/v2\/types\/page"}],"author":[{"embeddable":true,"href":"https:\/\/bas-ip.com\/sv\/wp-json\/wp\/v2\/users\/1"}],"replies":[{"embeddable":true,"href":"https:\/\/bas-ip.com\/sv\/wp-json\/wp\/v2\/comments?post=41391"}],"version-history":[{"count":5,"href":"https:\/\/bas-ip.com\/sv\/wp-json\/wp\/v2\/pages\/41391\/revisions"}],"predecessor-version":[{"id":154003,"href":"https:\/\/bas-ip.com\/sv\/wp-json\/wp\/v2\/pages\/41391\/revisions\/154003"}],"wp:attachment":[{"href":"https:\/\/bas-ip.com\/sv\/wp-json\/wp\/v2\/media?parent=41391"}],"curies":[{"name":"wp","href":"https:\/\/api.w.org\/{rel}","templated":true}]}}