{"id":148206,"date":"2025-02-06T12:39:32","date_gmt":"2025-02-06T12:39:32","guid":{"rendered":"https:\/\/bas-ip.com\/hikvision\/"},"modified":"2025-11-19T11:59:24","modified_gmt":"2025-11-19T11:59:24","slug":"hikvision","status":"publish","type":"page","link":"https:\/\/bas-ip.com\/sv\/hikvision\/","title":{"rendered":"Hikvision"},"content":{"rendered":"<h2 class=\"wp-block-heading\"><strong>BAS-IP och Hikvision: Integration f\u00f6r Smart Passerkontroll<\/strong><\/h2>\n\n\n<div class=\"wp-block-image\">\n<figure class=\"aligncenter size-full\"><img loading=\"lazy\" decoding=\"async\" width=\"900\" height=\"254\" src=\"https:\/\/bas-ip.com\/wp-content\/uploads\/2025\/02\/Hikvision-logo_n.png\" alt=\"\" class=\"wp-image-130158\" srcset=\"https:\/\/bas-ip.com\/wp-content\/uploads\/2025\/02\/Hikvision-logo_n.png 900w,  https:\/\/bas-ip.com\/wp-content\/uploads\/2025\/02\/Hikvision-logo_n-300x85.png 300w,  https:\/\/bas-ip.com\/wp-content\/uploads\/2025\/02\/Hikvision-logo_n-768x217.png 768w,  https:\/\/bas-ip.com\/wp-content\/uploads\/2025\/02\/Hikvision-logo_n-767x216.png 767w\" sizes=\"auto, (max-width: 900px) 100vw, 900px\" \/><\/figure>\n<\/div>\n\n<p data-path-to-node=\"0\">BAS-IP och Hikvision: Integration f\u00f6r Smart Passerkontroll<\/p>\n<p data-path-to-node=\"1\">Integreringen av <b>BAS-IP<\/b> och <b>Hikvision<\/b> erbjuder en modern l\u00f6sning f\u00f6r automatisk passerkontroll genom igenk\u00e4nning av registreringsskyltar. <b>Hikvision<\/b> ger m\u00f6jlighet att anv\u00e4nda registreringsskyltar som identifierare f\u00f6r automatisk \u00f6ppning av bommar\/grindar, genom att anv\u00e4nda alternativet <b>ALPR<\/b> (Automatic License Plate Recognition \u2013 Automatisk Igenk\u00e4nning av Registreringsskyltar).<\/p>\n<p data-path-to-node=\"2\"><b>BAS-IP Link<\/b>-servern \u00e4r kompatibel inte bara med <b>Axis<\/b>-kameror, utan \u00e4ven med kameror fr\u00e5n andra tillverkare som <b>Axxon One<\/b>. Detta ut\u00f6kar integrationsm\u00f6jligheterna och anv\u00e4ndningen av <b>ALPR<\/b> f\u00f6r igenk\u00e4nning och skanning, vilket g\u00f6r l\u00f6sningen l\u00e4mplig f\u00f6r moderna fastigheter d\u00e4r automatisering och s\u00e4kerhet \u00e4r av st\u00f6rsta vikt.<\/p>\n<p data-path-to-node=\"4\">\u00a0<\/p>\n<h3>F\u00f6rdelar med BAS-IP och Hikvision Integration:<\/h3>\n<p>\u00a0<\/p>\n<ul>\n<li data-path-to-node=\"5,0,0\"><b>Automatisk Passerkontroll:<\/b> Anv\u00e4ndning av registreringsskyltar f\u00f6r automatisk \u00f6ppning av grinden f\u00f6renklar inpasseringsprocessen och h\u00f6jer s\u00e4kerhetsniv\u00e5n.<\/li>\n<li data-path-to-node=\"5,0,0\"><b>Kompatibilitet med Olika Kameror:<\/b> St\u00f6d f\u00f6r kameror fr\u00e5n <b>Axis<\/b>, <b>Axxon One<\/b> och andra tillverkare ger flexibilitet och valfrihet vid uppbyggnaden av \u00f6vervakningssystemet.<\/li>\n<li data-path-to-node=\"5,0,0\"><b>Enkel Konfiguration:<\/b> Integreringen konfigureras enkelt via <b>BAS-IP Link<\/b>-servern, vilket f\u00f6renklar implementeringsprocessen.<\/li>\n<li data-path-to-node=\"5,0,0\"><b>ALPR-St\u00f6d:<\/b> Anv\u00e4ndningen av avancerad <b>ALPR<\/b>-teknologi m\u00f6jligg\u00f6r noggrann och snabb igenk\u00e4nning av registreringsskyltar, vilket f\u00f6rb\u00e4ttrar passereffektiviteten.<\/li>\n<\/ul>\n<p data-path-to-node=\"7\">\u00a0<\/p>\n<h3>Huvudpunkter med Integreringen:<\/h3>\n<p>\u00a0<\/p>\n<p data-path-to-node=\"8\">Samarbetet mellan <b>BAS-IP<\/b> och <b>Hikvision<\/b> tillhandah\u00e5ller:<\/p>\n<ul>\n<li data-path-to-node=\"9,0,0\">M\u00f6jligheten att integrera registreringsskyltigenk\u00e4nning med <b>BAS-IP<\/b>-teknologier f\u00f6r passerkontroll.<\/li>\n<li data-path-to-node=\"9,0,0\">F\u00f6rb\u00e4ttrade \u00f6vervakningsfunktioner tack vare kompatibiliteten med kameror.<\/li>\n<li data-path-to-node=\"9,0,0\">Flexibla konfigurationer f\u00f6r att optimera systemets prestanda.<\/li>\n<\/ul>\n<p data-path-to-node=\"10\">Denna l\u00f6sning \u00e4r utformad f\u00f6r fastigheter som vill optimera passerkontrollen och f\u00f6rb\u00e4ttra s\u00e4kerheten med hj\u00e4lp av moderna teknologier. De gemensamma anstr\u00e4ngningarna fr\u00e5n <b>BAS-IP<\/b> och <b>Hikvision<\/b> skapar ett p\u00e5litligt och effektivt verktyg f\u00f6r att s\u00e4kerst\u00e4lla trygghet och bekv\u00e4mlighet.<\/p>\n<p data-path-to-node=\"11\">F\u00f6r mer detaljerad v\u00e4gledning om installation och konfiguration, h\u00e4nvisar vi till v\u00e5r <a href=\"https:\/\/basip.atlassian.net\/wiki\/spaces\/Integrations\/pages\/249856010\/Integration+with+Hikvision\" target=\"_blank\" rel=\"noopener\"><b>Wiki Manual<\/b><\/a>.<\/p>\n\n<!-- START Block Sign Up --><section id=\"block_629678229e935\" class=\"sign-up-section\">\r\n\r\n    <div class=\"form-holder js-form\" data-aos=\"fade-right\">\r\n                    <div class=\"title-block h3\">Sign up for connection<\/div>\r\n        \r\n                    <div class=\"text-block\">\r\n                Filling out all the information needed to answer you as quickly as possible            <\/div>\r\n        \r\n                    \n<div class=\"wpcf7 no-js\" id=\"wpcf7-f102-o1\" lang=\"en-US\" dir=\"ltr\">\n<div class=\"screen-reader-response\"><p role=\"status\" aria-live=\"polite\" aria-atomic=\"true\"><\/p> <ul><\/ul><\/div>\n<form action=\"\/sv\/wp-json\/wp\/v2\/pages\/148206#wpcf7-f102-o1\" method=\"post\" class=\"wpcf7-form init\" aria-label=\"Contact form\" enctype=\"multipart\/form-data\" novalidate=\"novalidate\" data-status=\"init\">\n<div style=\"display: none;\">\n<input type=\"hidden\" name=\"_wpcf7\" value=\"102\" \/>\n<input type=\"hidden\" name=\"_wpcf7_version\" value=\"5.8.3\" \/>\n<input type=\"hidden\" name=\"_wpcf7_locale\" value=\"en_US\" \/>\n<input type=\"hidden\" name=\"_wpcf7_unit_tag\" value=\"wpcf7-f102-o1\" \/>\n<input type=\"hidden\" name=\"_wpcf7_container_post\" value=\"0\" \/>\n<input type=\"hidden\" name=\"_wpcf7_posted_data_hash\" value=\"\" \/>\n<input type=\"hidden\" name=\"_wpcf7_recaptcha_response\" value=\"\" \/>\n<\/div>\n<div class=\"row\"> \n <label><span class=\"label-text\">Name<\/span> \n  <span class=\"wpcf7-form-control-wrap\" data-name=\"text-full-name\"><input size=\"40\" class=\"wpcf7-form-control wpcf7-text wpcf7-validates-as-required\" aria-required=\"true\" aria-invalid=\"false\" placeholder=\"Name\" value=\"\" type=\"text\" name=\"text-full-name\" \/><\/span><\/label> \n<\/div> \n<div class=\"row\"> \n <label><span class=\"label-text\">Phone*<\/span> \n<span class=\"wpcf7-form-control-wrap\" data-name=\"phonetext-270\"><input size=\"40\" class=\"wpcf7-form-control wpcf7-phonetext wpcf7-validates-as-required wpcf7-text wpcf7-validates-as-phonetext\" aria-required=\"true\" aria-invalid=\"false\" placeholder=\"Phone*\" value=\"\" type=\"text\" name=\"phonetext-270\" \/><input type=\"hidden\" name=\"phonetext-270-country-code\" class=\"wpcf7-phonetext-country-code\" \/><\/span><\/label> \n<\/div> \n<div class=\"row\"> \n <label><span class=\"label-text\">E-mail<\/span> \n  <span class=\"wpcf7-form-control-wrap\" data-name=\"email-e-mail\"><input size=\"40\" class=\"wpcf7-form-control wpcf7-email wpcf7-validates-as-required wpcf7-text wpcf7-validates-as-email\" aria-required=\"true\" aria-invalid=\"false\" placeholder=\"E-mail\" value=\"\" type=\"email\" name=\"email-e-mail\" \/><\/span><\/label> \n<\/div> \n<div class=\"row\"><span>Your country<\/span> \n <label><span class=\"wpcf7-form-control-wrap\" data-name=\"countrytext-126\"><input size=\"40\" class=\"wpcf7-form-control wpcf7-countrytext wpcf7-text wpcf7-validates-as-countrytext\" aria-invalid=\"false\" value=\"\" type=\"text\" name=\"countrytext-126\" \/><\/span> <\/label>\n<\/div> \n<div class=\"row\"> \n <button type=\"submit\" class=\"btn\">Send<\/button> \n<\/div> \n<div class=\"row\"> \n <span class=\"wpcf7-form-control-wrap\" data-name=\"checkbox-931\"><span class=\"wpcf7-form-control wpcf7-checkbox\"><span class=\"wpcf7-list-item first\"><label><input type=\"checkbox\" name=\"checkbox-931[]\" value=\"Integrator\" \/><span class=\"wpcf7-list-item-label\">Integrator<\/span><\/label><\/span><span class=\"wpcf7-list-item\"><label><input type=\"checkbox\" name=\"checkbox-931[]\" value=\"Builder\" \/><span class=\"wpcf7-list-item-label\">Builder<\/span><\/label><\/span><span class=\"wpcf7-list-item last\"><label><input type=\"checkbox\" name=\"checkbox-931[]\" value=\"End-User\" \/><span class=\"wpcf7-list-item-label\">End-User<\/span><\/label><\/span><\/span><\/span> \n<\/div> \n<div class=\"row row-upload-file\"> \n <label class=\"upload-file-block js-upload-file\">Attach file \n  <span class=\"wpcf7-form-control-wrap\" data-name=\"file-466\"><input size=\"40\" class=\"wpcf7-form-control wpcf7-file\" accept=\"audio\/*,video\/*,image\/*\" aria-invalid=\"false\" type=\"file\" name=\"file-466\" \/><\/span><\/label> \n<\/div><input type='hidden' class='wpcf7-pum' value='{\"closepopup\":false,\"closedelay\":0,\"openpopup\":false,\"openpopup_id\":0}' \/><div class=\"wpcf7-response-output\" aria-hidden=\"true\"><\/div>\n<\/form>\n<\/div>\n            <\/div>\r\n\r\n\t\t    <div class=\"text-holder\" data-aos=\"fade-left\">\r\n\t\t\t\t\t\t    <h3 class=\"title-block\">How Can We Help?<\/h3>\r\n\t\t\t\r\n\t\t\t                <div class=\"text-block\">\r\n                    Please select a topic below related to your inquiry. If you don&#8217;t find what you need, fill out our contact form.                <\/div>\r\n\t\t\t\r\n\t\t\t\t\t\t    <ul class=\"link-list\">\r\n\t\t\t\t\t\t\t\t\t\t\t\t\t\t\t\t\t\t<li>\r\n\t\t\t\t\t\t\t\t\t\t\t\t\t\t\t\t    <strong>Get Inspired<\/strong>\r\n\t\t\t\t\t\t\t\t\t\t\t\t\t\t\t\t\t\t\t\t\t\t\t\t    <a href=\"\/features\/\">\r\n\t\t\t\t\t\t\t\t        Discover what&#8217;s beneath our intercom\t\t\t\t\t\t\t\t    <\/a>\r\n\t\t\t\t\t\t\t\t\t\t\t\t\t\t\t<\/li>\r\n\t\t\t\t\t\t\t\t\t\t\t\t\t\t\t\t\t\t\t\t\t\t\t\t<li>\r\n\t\t\t\t\t\t\t\t\t\t\t\t\t\t\t\t    <strong>Become a Partner<\/strong>\r\n\t\t\t\t\t\t\t\t\t\t\t\t\t\t\t\t\t\t\t\t\t\t\t\t    <a href=\"\/distributors\/\">\r\n\t\t\t\t\t\t\t\t        Expand your business with BAS-IP intercom\t\t\t\t\t\t\t\t    <\/a>\r\n\t\t\t\t\t\t\t\t\t\t\t\t\t\t\t<\/li>\r\n\t\t\t\t\t\t\t\t\t\t\t\t\t\t\t\t\t\t\t\t\t\t\t\t<li>\r\n\t\t\t\t\t\t\t\t\t\t\t\t\t\t\t\t    <strong>Check the Guides<\/strong>\r\n\t\t\t\t\t\t\t\t\t\t\t\t\t\t\t\t\t\t\t\t\t\t\t\t    <a href=\"\/support\/\">\r\n\t\t\t\t\t\t\t\t        Download detailed manuals and schemes\t\t\t\t\t\t\t\t    <\/a>\r\n\t\t\t\t\t\t\t\t\t\t\t\t\t\t\t<\/li>\r\n\t\t\t\t\t\t\t\t\t\t\t\t\t\t\t<\/ul>\r\n\t\t\t\r\n\t\t\t\t\t\t    <h3 class=\"title-block\">Our contacts<\/h3>\r\n\t\t\t\r\n\t\t\t\t\t\t\t<ul class=\"contact-list\">\r\n\t\t\t\t\t\t\t\t\t\t\t\t\t\t\t\t\t\t<li>\r\n\t\t\t\t\t\t\t\t\t\t\t\t\t\t\t\t\t<strong>Sales:<\/strong>\r\n\t\t\t\t\t\t\t\t\t\t\t\t\t\t\t\t\t\t\t\t\t\t\t\t    <a href=\"mailto:&#115;a&#108;e&#115;&#64;&#98;a&#115;&#45;&#105;p&#46;com\">s&#97;&#108;es&#64;&#98;as-i&#112;&#46;c&#111;&#109;<\/a>\r\n\t\t\t\t\t\t\t\t\t\t\t\t\t\t\t<\/li>\r\n\t\t\t\t\t\t\t\t\t\t\t\t\t\t\t\t\t\t\t\t\t\t\t\t<li>\r\n\t\t\t\t\t\t\t\t\t\t\t\t\t\t\t\t\t<strong>Technical support:<\/strong>\r\n\t\t\t\t\t\t\t\t\t\t\t\t\t\t\t\t\t\t\t\t\t\t\t\t    <a href=\"mailto:&#115;u&#112;po&#114;&#116;&#64;&#98;as&#45;ip.c&#111;m\">&#115;&#117;&#112;po&#114;&#116;&#64;&#98;&#97;&#115;&#45;i&#112;&#46;com<\/a>\r\n\t\t\t\t\t\t\t\t\t\t\t\t\t\t\t<\/li>\r\n\t\t\t\t\t\t\t\t\t\t\t\t\t\t\t<\/ul>\r\n\t\t\t\t\t<\/div>\r\n\t<\/section>\r\n\r\n\r\n\r\n<!-- END Block Sign Up -->\n\n\n<p><\/p>","protected":false},"excerpt":{"rendered":"<p>BAS-IP och Hikvision: Integration f\u00f6r Smart Passerkontroll BAS-IP och Hikvision: Integration f\u00f6r Smart Passerkontroll Integreringen av BAS-IP och Hikvision erbjuder en modern l\u00f6sning f\u00f6r automatisk passerkontroll genom igenk\u00e4nning av registreringsskyltar. Hikvision ger m\u00f6jlighet att anv\u00e4nda registreringsskyltar som identifierare f\u00f6r automatisk \u00f6ppning av bommar\/grindar, genom att anv\u00e4nda alternativet ALPR (Automatic License Plate Recognition \u2013 Automatisk Igenk\u00e4nning [&hellip;]<\/p>","protected":false},"author":1,"featured_media":0,"parent":0,"menu_order":0,"comment_status":"closed","ping_status":"closed","template":"page-custom-breadcrumbs.php","meta":{"inline_featured_image":false,"footnotes":""},"class_list":["post-148206","page","type-page","status-publish","hentry"],"acf":[],"_links":{"self":[{"href":"https:\/\/bas-ip.com\/sv\/wp-json\/wp\/v2\/pages\/148206","targetHints":{"allow":["GET"]}}],"collection":[{"href":"https:\/\/bas-ip.com\/sv\/wp-json\/wp\/v2\/pages"}],"about":[{"href":"https:\/\/bas-ip.com\/sv\/wp-json\/wp\/v2\/types\/page"}],"author":[{"embeddable":true,"href":"https:\/\/bas-ip.com\/sv\/wp-json\/wp\/v2\/users\/1"}],"replies":[{"embeddable":true,"href":"https:\/\/bas-ip.com\/sv\/wp-json\/wp\/v2\/comments?post=148206"}],"version-history":[{"count":5,"href":"https:\/\/bas-ip.com\/sv\/wp-json\/wp\/v2\/pages\/148206\/revisions"}],"predecessor-version":[{"id":150444,"href":"https:\/\/bas-ip.com\/sv\/wp-json\/wp\/v2\/pages\/148206\/revisions\/150444"}],"wp:attachment":[{"href":"https:\/\/bas-ip.com\/sv\/wp-json\/wp\/v2\/media?parent=148206"}],"curies":[{"name":"wp","href":"https:\/\/api.w.org\/{rel}","templated":true}]}}