{"id":145741,"date":"2025-09-22T13:03:10","date_gmt":"2025-09-22T13:03:10","guid":{"rendered":"https:\/\/bas-ip.com\/career\/"},"modified":"2025-10-06T13:17:05","modified_gmt":"2025-10-06T13:17:05","slug":"career","status":"publish","type":"page","link":"https:\/\/bas-ip.com\/sv\/career\/","title":{"rendered":"Karri\u00e4r"},"content":{"rendered":"<!-- START Block Career Hero -->   <div class=\"careers-hero\" style=\"background-image:url(https:\/\/bas-ip.com\/wp-content\/uploads\/2025\/09\/career_top_bg_2-scaled.jpg)\">\r\n    <div class=\"careers-hero__overlay\"><\/div>\r\n    <div class=\"careers-container careers-hero__content\">\r\n      <h1 class=\"careers-hero__title\">Vi <span>letar efter<\/span> skickliga m\u00e4nniskor<\/h1>\r\n              <p class=\"careers-hero__subtitle\">Vi utvecklar banbrytande l\u00f6sningar inom s\u00e4kerhet \u2013 fr\u00e5n IP-intercomsystem till passerkontroll och video\u00f6vervakning.<br>\r\nMen det viktigaste vi bygger \u00e4r ett team.<\/p>\r\n                    <a class=\"careers-btn careers-btn--primary\" href=\"https:\/\/bas-ip.com\/vacancies\/\">\r\n          arbeta med oss        <\/a>\r\n          <\/div>\r\n  <\/div>\r\n     <section class=\"careers-benefits\">\r\n    <div class=\"careers-container\">\r\n              <h2 class=\"careers-section-title\">Varf\u00f6r bli medlem hos oss<\/h2>\r\n                    <div class=\"careers-benefits__grid\">\r\n                      <div class=\"careers-benefit\">\r\n                              <div class=\"careers-benefit__icon\"><img decoding=\"async\" src=\"https:\/\/bas-ip.com\/wp-content\/uploads\/2025\/09\/hugeicons_global.svg\" alt=\"icon\"><\/div>\r\n                                            <h3>Fj\u00e4rrstyrd<\/h3>\r\n                                            <p>Arbeta var som helst i v\u00e4rlden<\/p>\r\n                          <\/div>\r\n                      <div class=\"careers-benefit\">\r\n                              <div class=\"careers-benefit__icon\"><img decoding=\"async\" src=\"https:\/\/bas-ip.com\/wp-content\/uploads\/2025\/09\/iconoir_brain.svg\" alt=\"icon\"><\/div>\r\n                                            <h3>Innovativa produkter<\/h3>\r\n                                            <p>Spetsteknologi p\u00e5 s\u00e4kerhetsmarknaden<\/p>\r\n                          <\/div>\r\n                      <div class=\"careers-benefit\">\r\n                              <div class=\"careers-benefit__icon\"><img decoding=\"async\" src=\"https:\/\/bas-ip.com\/wp-content\/uploads\/2025\/09\/fluent_people-team-16-regular.svg\" alt=\"icon\"><\/div>\r\n                                            <h3>Globalt team<\/h3>\r\n                                            <p>Samarbeta \u00f6ver gr\u00e4nser och tidszoner<\/p>\r\n                          <\/div>\r\n                      <div class=\"careers-benefit\">\r\n                              <div class=\"careers-benefit__icon\"><img decoding=\"async\" src=\"https:\/\/bas-ip.com\/wp-content\/uploads\/2025\/09\/tabler_rocket.svg\" alt=\"icon\"><\/div>\r\n                                            <h3>Tillv\u00e4xtdriven<\/h3>\r\n                                            <p>Vi st\u00f6djer ditt l\u00e4rande och din karri\u00e4rutveckling<\/p>\r\n                          <\/div>\r\n                      <div class=\"careers-benefit\">\r\n                              <div class=\"careers-benefit__icon\"><img decoding=\"async\" src=\"https:\/\/bas-ip.com\/wp-content\/uploads\/2025\/09\/octicon_goal-24.svg\" alt=\"icon\"><\/div>\r\n                                            <h3>Resultat framf\u00f6r byr\u00e5krati<\/h3>\r\n                                            <p>Vi v\u00e4rdes\u00e4tter handling och \u00e4garskap<\/p>\r\n                          <\/div>\r\n                      <div class=\"careers-benefit\">\r\n                              <div class=\"careers-benefit__icon\"><img decoding=\"async\" src=\"https:\/\/bas-ip.com\/wp-content\/uploads\/2025\/09\/hugeicons_idea.svg\" alt=\"icon\"><\/div>\r\n                                            <h3>Din r\u00f6st spelar roll<\/h3>\r\n                                            <p>Initiativ \u00e4r v\u00e4lkommet och bel\u00f6nas<\/p>\r\n                          <\/div>\r\n                  <\/div>\r\n          <\/div>\r\n  <\/section>\r\n    <section class=\"careers-vision\">\r\n    <div class=\"careers-container careers-vision__grid\">\r\n      <div class=\"careers-vision__media\">\r\n                  <img decoding=\"async\" src=\"https:\/\/bas-ip.com\/wp-content\/uploads\/2025\/09\/vision.jpg\" alt=\"\" class=\"careers-vision__img careers-vision__img--single\">\r\n              <\/div>\r\n      <div class=\"careers-vision__text\">\r\n                  <h2 class=\"careers-section-title careers-section-title--left\">v\u00e5r vision<\/h2>\r\n                          <p data-start=\"338\" data-end=\"568\">Hos BAS-IP hittar du m\u00f6jligheter till tillv\u00e4xt, inspirerande projekt och ett globalt team som formar framtiden f\u00f6r intelligent s\u00e4kerhet. Vi \u00e4r mer \u00e4n 60 personer som arbetar fr\u00e5n olika delar av v\u00e4rlden \u2013 utan gr\u00e4nser f\u00f6r talang.<\/p>\n<p data-start=\"570\" data-end=\"745\">V\u00e5rt team samlar yrkespersoner inom Forskning &amp; Utveckling, F\u00f6rs\u00e4ljning, Support, Marknadsf\u00f6ring, Ink\u00f6p &amp; Logistik, Ekonomi och HR. Vi \u00e4r m\u00e5ngsidiga \u2013 och det \u00e4r v\u00e5r styrka.<\/p>\n<p data-start=\"747\" data-end=\"905\" data-is-last-node=\"\" data-is-only-node=\"\">Vi st\u00f6ttar nykomlingar, inspirerar varandra, fattar beslut snabbt och v\u00e4rdes\u00e4tter initiativ. H\u00e4r kommer du inte bara att arbeta \u2013 du kommer att g\u00f6ra skillnad.<\/p>\n                          <a class=\"careers-btn careers-btn--primary\" href=\"https:\/\/bas-ip.com\/vacancies\/\">\r\n            arbeta med oss          <\/a>\r\n              <\/div>\r\n    <\/div>\r\n  <\/section>\r\n  <section class=\"careers-values\">\r\n    <div class=\"careers-container\">\r\n              <h2 class=\"careers-section-title\">V\u00e5ra v\u00e4rderingar<\/h2>\r\n        <p>P\u00e5 BAS-IP bygger v\u00e5r kultur p\u00e5 mer \u00e4n m\u00e5l \u2013 den formas av gemensamma v\u00e4rderingar som v\u00e4gleder hur vi arbetar varje dag:<\/p>\r\n                    <div class=\"careers-values__grid\">\r\n                      <article class=\"careers-card\">\r\n                              <img decoding=\"async\" src=\"https:\/\/bas-ip.com\/wp-content\/uploads\/2025\/09\/honesty3.jpg\" alt=\"\">\r\n                            <div class=\"careers-card__body\">\r\n                                  <h3>\u00c4rlighet<\/h3>\r\n                                                  <p>\u00d6ppenhet och transparens i allt vi g\u00f6r<\/p>\r\n                              <\/div>\r\n            <\/article>\r\n                      <article class=\"careers-card\">\r\n                              <img decoding=\"async\" src=\"https:\/\/bas-ip.com\/wp-content\/uploads\/2025\/09\/optimism.jpg\" alt=\"\">\r\n                            <div class=\"careers-card__body\">\r\n                                  <h3>Optimism<\/h3>\r\n                                                  <p>Tron p\u00e5 oss sj\u00e4lva och v\u00e5rt teams framg\u00e5ng<\/p>\r\n                              <\/div>\r\n            <\/article>\r\n                      <article class=\"careers-card\">\r\n                              <img decoding=\"async\" src=\"https:\/\/bas-ip.com\/wp-content\/uploads\/2025\/09\/support2.jpg\" alt=\"\">\r\n                            <div class=\"careers-card__body\">\r\n                                  <h3>St\u00f6d<\/h3>\r\n                                                  <p>Hj\u00e4lper varandra med v\u00e4nlighet och omsorg<\/p>\r\n                              <\/div>\r\n            <\/article>\r\n                      <article class=\"careers-card\">\r\n                              <img decoding=\"async\" src=\"https:\/\/bas-ip.com\/wp-content\/uploads\/2025\/09\/selfdev-1.jpg\" alt=\"\">\r\n                            <div class=\"careers-card__body\">\r\n                                  <h3>Sj\u00e4lvutveckling<\/h3>\r\n                                                  <p>Str\u00e4var alltid efter att l\u00e4ra och v\u00e4xa<\/p>\r\n                              <\/div>\r\n            <\/article>\r\n                  <\/div>\r\n          <\/div>\r\n  <\/section>\r\n    <section class=\"careers-banner\">\r\n    <div class=\"careers-banner__bg\" style=\"background-image:url(https:\/\/bas-ip.com\/wp-content\/uploads\/2025\/09\/careerbannerbg1-scaled.jpg)\"><\/div>\r\n    <div class=\"careers-container careers-banner__content\">\r\n              <p class=\"careers-banner__title\">VI BYGGER INTE BARA TEKNIK \u2014 <span>VI BYGGER<br>\r\nETT TEAM<\/span>SOM \u00c5TERSPEGLAR DESSA V\u00c4RDERINGAR I VARJE STEG.<\/p>\r\n          <\/div>\r\n  <\/section>\r\n\r\n  \r\n    <section id=\"open\" class=\"careers-open\">\r\n    <div class=\"careers-container careers-open__inner\">\r\n              <h2 class=\"careers-section-title\">Lediga tj\u00e4nster<\/h2>\r\n                    <p>Utforska v\u00e5ra lediga tj\u00e4nster och ans\u00f6k direkt. Vi letar alltid efter passionerade yrkesverksamma som vill f\u00f6lja med p\u00e5 v\u00e5r resa.<\/p>\r\n                    <a class=\"careers-btn careers-btn--primary\" href=\"https:\/\/bas-ip.com\/vacancies\/\">\r\n          arbeta med oss        <\/a>\r\n          <\/div>\r\n  <\/section><!-- END Block Career Hero -->","protected":false},"excerpt":{"rendered":"","protected":false},"author":2,"featured_media":0,"parent":0,"menu_order":0,"comment_status":"closed","ping_status":"closed","template":"","meta":{"inline_featured_image":false,"footnotes":""},"class_list":["post-145741","page","type-page","status-publish","hentry"],"acf":[],"_links":{"self":[{"href":"https:\/\/bas-ip.com\/sv\/wp-json\/wp\/v2\/pages\/145741","targetHints":{"allow":["GET"]}}],"collection":[{"href":"https:\/\/bas-ip.com\/sv\/wp-json\/wp\/v2\/pages"}],"about":[{"href":"https:\/\/bas-ip.com\/sv\/wp-json\/wp\/v2\/types\/page"}],"author":[{"embeddable":true,"href":"https:\/\/bas-ip.com\/sv\/wp-json\/wp\/v2\/users\/2"}],"replies":[{"embeddable":true,"href":"https:\/\/bas-ip.com\/sv\/wp-json\/wp\/v2\/comments?post=145741"}],"version-history":[{"count":3,"href":"https:\/\/bas-ip.com\/sv\/wp-json\/wp\/v2\/pages\/145741\/revisions"}],"predecessor-version":[{"id":145950,"href":"https:\/\/bas-ip.com\/sv\/wp-json\/wp\/v2\/pages\/145741\/revisions\/145950"}],"wp:attachment":[{"href":"https:\/\/bas-ip.com\/sv\/wp-json\/wp\/v2\/media?parent=145741"}],"curies":[{"name":"wp","href":"https:\/\/api.w.org\/{rel}","templated":true}]}}