{"id":140975,"date":"2025-06-03T12:48:57","date_gmt":"2025-06-03T12:48:57","guid":{"rendered":"https:\/\/bas-ip.com\/condo-control\/"},"modified":"2025-08-06T10:51:29","modified_gmt":"2025-08-06T10:51:29","slug":"condo-control","status":"publish","type":"page","link":"https:\/\/bas-ip.com\/sv\/condo-control\/","title":{"rendered":"Condo Control"},"content":{"rendered":"<h2>BAS-IP och Condo Control tillk\u00e4nnager integration f\u00f6r att f\u00f6rb\u00e4ttra boendeupplevelsen<\/h2>\n\n<div class=\"wp-block-image\">\n<figure class=\"aligncenter size-large\"><img loading=\"lazy\" decoding=\"async\" width=\"1024\" height=\"235\" src=\"https:\/\/bas-ip.com\/wp-content\/uploads\/2025\/06\/Condo-Control-1024x235.png\" alt=\"\" class=\"wp-image-138764\" srcset=\"https:\/\/bas-ip.com\/wp-content\/uploads\/2025\/06\/Condo-Control-1024x235.png 1024w,  https:\/\/bas-ip.com\/wp-content\/uploads\/2025\/06\/Condo-Control-300x69.png 300w,  https:\/\/bas-ip.com\/wp-content\/uploads\/2025\/06\/Condo-Control-768x177.png 768w,  https:\/\/bas-ip.com\/wp-content\/uploads\/2025\/06\/Condo-Control-767x176.png 767w,  https:\/\/bas-ip.com\/wp-content\/uploads\/2025\/06\/Condo-Control.png 1266w\" sizes=\"auto, (max-width: 1024px) 100vw, 1024px\" \/><\/figure>\n<\/div>\n\n<p>BAS-IP, en ledande utvecklare av IP-porttelefonsystem, och Condo Control, den allt-i-ett-plattform som digitaliserar verksamheten f\u00f6r mer \u00e4n 2 miljoner boende, tillk\u00e4nnagav idag en strategisk integration. Detta samarbete skapar en enda k\u00e4lla f\u00f6r sanningsenlig information om boendedata, vilket eliminerar dubbel inmatning och m\u00f6jligg\u00f6r s\u00f6ml\u00f6s synkronisering av boendedata mellan de tv\u00e5 systemen. Detta ger en ny niv\u00e5 av bekv\u00e4mlighet och datanoggrannhet f\u00f6r boende och fastighetsf\u00f6rvaltare i Kanada.<\/p>\n<p>Huvudfunktionen i denna integration \u00e4r synkroniseringen av boendelistan fr\u00e5n Condo Control-plattformen med BAS-IP-porttelefoner. Ist\u00e4llet f\u00f6r att ringa l\u00e4genhetsnummer, bl\u00e4ddrar bes\u00f6kare i en alfabetisk smart katalog, trycker p\u00e5 ett namn och ringpanelen visar nu en telefonbok med de boendes namn, vilket ger ett mer intuitivt och anv\u00e4ndarcentrerat tillv\u00e4gag\u00e5ngss\u00e4tt.<\/p>\n<p>Condo Control-systemet fungerar som det prim\u00e4ra gr\u00e4nssnittet f\u00f6r fastighetsadministrat\u00f6rer att enkelt l\u00e4gga till, radera och uppdatera boenderegister. Dessa \u00e4ndringar \u00f6verf\u00f6rs automatiskt till porttelefonsystemets smarta katalog via BAS-IP Link-hanteringsplattformen, som fungerar som en mellanprogramvara. BAS-IP Link hanterar ocks\u00e5 samtalsprocessen och s\u00e4kerst\u00e4ller p\u00e5litlig kommunikation.<\/p>\n<p>Denna f\u00f6rb\u00e4ttring implementerades med de kanadensiska inv\u00e5narnas preferenser i \u00e5tanke, som \u00e4r vana vid att ta emot samtal p\u00e5 sina personliga mobilnummer snarare \u00e4n p\u00e5 en fast enhet i l\u00e4genheten.<\/p>\n<p>&#8221;V\u00e5rt uppdrag \u00e4r att digitalisera och effektivisera samh\u00e4llets verksamhet&#8221;, s\u00e4ger Brian Bosscher, Condo Control. &#8221;Genom att samarbeta med BAS-IP kan f\u00f6rvaltare uppdatera data en g\u00e5ng och ge de boende den friktionsfria, mobila \u00e5tkomst de f\u00f6rv\u00e4ntar sig.&#8221;<\/p>\n<p><strong><u>Huvudsakliga f\u00f6rdelar:<\/u><\/strong><\/p>\n<ul>\n<li><b>Noll dubbel inmatning<\/b> \u2013 boenderegister fl\u00f6dar automatiskt.<\/li>\n<li><b>Samtal n\u00e5r r\u00e4tt person f\u00f6rsta g\u00e5ngen<\/b> \u2013 f\u00e4rre \u00e5teruppringningar i lobbyn.<\/li>\n<li><b>Mobil-f\u00f6rst-upplevelse<\/b> \u2013 de boende kan svara fr\u00e5n vilken mobiltelefon som helst.<\/li>\n<li><b>Alltid aktuell:<\/b> telefonnummer och in-\/utflyttningar synkroniseras omedelbart.<\/li>\n<\/ul>\n<p><strong><u>Samtalsprocessen har f\u00f6rb\u00e4ttrats f\u00f6r maximal flexibilite:<\/u><\/strong><\/p>\n<ul>\n<li><b>Direktuppringning till boende:<\/b> Bes\u00f6kare kan ringa en specifik boende p\u00e5 deras personliga telefonnummer eller i BAS-IP Link-mobilappen genom att v\u00e4lja deras namn fr\u00e5n smartkatalogen eller sl\u00e5 en specifik kod.<\/li>\n<li><b>L\u00e4genhetsuppringning:<\/b> Det traditionella alternativet att ringa alla boende i en l\u00e4genhet samtidigt \u00e4r fortfarande tillg\u00e4ngligt.<\/li>\n<li><b>Hybridmodell:<\/b> B\u00e5da alternativen kan st\u00f6djas samtidigt p\u00e5 en enda ringenhet.<\/li>\n<\/ul>\n<p><strong><u>S\u00e5 fungerar integrationen:<\/u><\/strong><\/p>\n<ul>\n<li><b>Registrering:<\/b> Administrat\u00f6ren registrerar en boende i Condo Control-systemet och l\u00e4gger till deras kontaktinformation.<\/li>\n<li><b>Synkronisering:<\/b> BAS-IP Link-servern skickar automatiskt de boendes data till ringpanelens smarta katalog.<\/li>\n<li><b>Samtal:<\/b> En kurir eller g\u00e4st v\u00e4ljer den boende efter namn eller sl\u00e5r deras kod.<\/li>\n<li><b>Svar:<\/b> Den boende svarar p\u00e5 samtalet fr\u00e5n panelen p\u00e5 sitt personliga mobilnummer (via en ansluten Twilio SIP-trunk) eller i BAS-IP Link-appen.<\/li>\n<li><b>\u00c5tkomst:<\/b> Den boende kan \u00f6ppna d\u00f6rren p\u00e5 distans.<\/li>\n<\/ul>\n<p>Integrationen s\u00e4kerst\u00e4ller ocks\u00e5 automatiska datauppdateringar. Alla \u00e4ndringar av en boendes telefonnummer, radering av en anv\u00e4ndare eller en mobilappsession i Condo Control-systemet \u00e5terspeglas omedelbart i BAS-IP Links vidarekopplingsschema, vilket garanterar att kontaktinformationen alltid \u00e4r aktuell.<\/p>\n<p>Denna integration representerar ett betydande steg fram\u00e5t i skapandet av smartare, bekv\u00e4mare boendeutrymmen. Genom att kombinera BAS-IP:s banbrytande IP-porttelefonteknik med Condo Controls kraftfulla fastighetsf\u00f6rvaltningsfunktioner levererar f\u00f6retagen en l\u00f6sning som uppfyller de boendes moderna behov och f\u00f6renklar arbetsfl\u00f6det f\u00f6r administrat\u00f6rer.<\/p>\n\n<!-- START Block Sign Up --><section id=\"block_629678229e935\" class=\"sign-up-section\">\r\n\r\n    <div class=\"form-holder js-form\" data-aos=\"fade-right\">\r\n                    <div class=\"title-block h3\">Sign up for connection<\/div>\r\n        \r\n                    <div class=\"text-block\">\r\n                Filling out all the information needed to answer you as quickly as possible            <\/div>\r\n        \r\n                    \n<div class=\"wpcf7 no-js\" id=\"wpcf7-f102-o1\" lang=\"en-US\" dir=\"ltr\">\n<div class=\"screen-reader-response\"><p role=\"status\" aria-live=\"polite\" aria-atomic=\"true\"><\/p> <ul><\/ul><\/div>\n<form action=\"\/sv\/wp-json\/wp\/v2\/pages\/140975#wpcf7-f102-o1\" method=\"post\" class=\"wpcf7-form init\" aria-label=\"Contact form\" enctype=\"multipart\/form-data\" novalidate=\"novalidate\" data-status=\"init\">\n<div style=\"display: none;\">\n<input type=\"hidden\" name=\"_wpcf7\" value=\"102\" \/>\n<input type=\"hidden\" name=\"_wpcf7_version\" value=\"5.8.3\" \/>\n<input type=\"hidden\" name=\"_wpcf7_locale\" value=\"en_US\" \/>\n<input type=\"hidden\" name=\"_wpcf7_unit_tag\" value=\"wpcf7-f102-o1\" \/>\n<input type=\"hidden\" name=\"_wpcf7_container_post\" value=\"0\" \/>\n<input type=\"hidden\" name=\"_wpcf7_posted_data_hash\" value=\"\" \/>\n<input type=\"hidden\" name=\"_wpcf7_recaptcha_response\" value=\"\" \/>\n<\/div>\n<div class=\"row\"> \n <label><span class=\"label-text\">Name<\/span> \n  <span class=\"wpcf7-form-control-wrap\" data-name=\"text-full-name\"><input size=\"40\" class=\"wpcf7-form-control wpcf7-text wpcf7-validates-as-required\" aria-required=\"true\" aria-invalid=\"false\" placeholder=\"Name\" value=\"\" type=\"text\" name=\"text-full-name\" \/><\/span><\/label> \n<\/div> \n<div class=\"row\"> \n <label><span class=\"label-text\">Phone*<\/span> \n<span class=\"wpcf7-form-control-wrap\" data-name=\"phonetext-270\"><input size=\"40\" class=\"wpcf7-form-control wpcf7-phonetext wpcf7-validates-as-required wpcf7-text wpcf7-validates-as-phonetext\" aria-required=\"true\" aria-invalid=\"false\" placeholder=\"Phone*\" value=\"\" type=\"text\" name=\"phonetext-270\" \/><input type=\"hidden\" name=\"phonetext-270-country-code\" class=\"wpcf7-phonetext-country-code\" \/><\/span><\/label> \n<\/div> \n<div class=\"row\"> \n <label><span class=\"label-text\">E-mail<\/span> \n  <span class=\"wpcf7-form-control-wrap\" data-name=\"email-e-mail\"><input size=\"40\" class=\"wpcf7-form-control wpcf7-email wpcf7-validates-as-required wpcf7-text wpcf7-validates-as-email\" aria-required=\"true\" aria-invalid=\"false\" placeholder=\"E-mail\" value=\"\" type=\"email\" name=\"email-e-mail\" \/><\/span><\/label> \n<\/div> \n<div class=\"row\"><span>Your country<\/span> \n <label><span class=\"wpcf7-form-control-wrap\" data-name=\"countrytext-126\"><input size=\"40\" class=\"wpcf7-form-control wpcf7-countrytext wpcf7-text wpcf7-validates-as-countrytext\" aria-invalid=\"false\" value=\"\" type=\"text\" name=\"countrytext-126\" \/><\/span> <\/label>\n<\/div> \n<div class=\"row\"> \n <button type=\"submit\" class=\"btn\">Send<\/button> \n<\/div> \n<div class=\"row\"> \n <span class=\"wpcf7-form-control-wrap\" data-name=\"checkbox-931\"><span class=\"wpcf7-form-control wpcf7-checkbox\"><span class=\"wpcf7-list-item first\"><label><input type=\"checkbox\" name=\"checkbox-931[]\" value=\"Integrator\" \/><span class=\"wpcf7-list-item-label\">Integrator<\/span><\/label><\/span><span class=\"wpcf7-list-item\"><label><input type=\"checkbox\" name=\"checkbox-931[]\" value=\"Builder\" \/><span class=\"wpcf7-list-item-label\">Builder<\/span><\/label><\/span><span class=\"wpcf7-list-item last\"><label><input type=\"checkbox\" name=\"checkbox-931[]\" value=\"End-User\" \/><span class=\"wpcf7-list-item-label\">End-User<\/span><\/label><\/span><\/span><\/span> \n<\/div> \n<div class=\"row row-upload-file\"> \n <label class=\"upload-file-block js-upload-file\">Attach file \n  <span class=\"wpcf7-form-control-wrap\" data-name=\"file-466\"><input size=\"40\" class=\"wpcf7-form-control wpcf7-file\" accept=\"audio\/*,video\/*,image\/*\" aria-invalid=\"false\" type=\"file\" name=\"file-466\" \/><\/span><\/label> \n<\/div><input type='hidden' class='wpcf7-pum' value='{\"closepopup\":false,\"closedelay\":0,\"openpopup\":false,\"openpopup_id\":0}' \/><div class=\"wpcf7-response-output\" aria-hidden=\"true\"><\/div>\n<\/form>\n<\/div>\n            <\/div>\r\n\r\n\t\t    <div class=\"text-holder\" data-aos=\"fade-left\">\r\n\t\t\t\t\t\t    <h3 class=\"title-block\">How Can We Help?<\/h3>\r\n\t\t\t\r\n\t\t\t                <div class=\"text-block\">\r\n                    Please select a topic below related to your inquiry. If you don&#8217;t find what you need, fill out our contact form.                <\/div>\r\n\t\t\t\r\n\t\t\t\t\t\t    <ul class=\"link-list\">\r\n\t\t\t\t\t\t\t\t\t\t\t\t\t\t\t\t\t\t<li>\r\n\t\t\t\t\t\t\t\t\t\t\t\t\t\t\t\t    <strong>Get Inspired<\/strong>\r\n\t\t\t\t\t\t\t\t\t\t\t\t\t\t\t\t\t\t\t\t\t\t\t\t    <a href=\"\/features\/\">\r\n\t\t\t\t\t\t\t\t        Discover what&#8217;s beneath our intercom\t\t\t\t\t\t\t\t    <\/a>\r\n\t\t\t\t\t\t\t\t\t\t\t\t\t\t\t<\/li>\r\n\t\t\t\t\t\t\t\t\t\t\t\t\t\t\t\t\t\t\t\t\t\t\t\t<li>\r\n\t\t\t\t\t\t\t\t\t\t\t\t\t\t\t\t    <strong>Become a Partner<\/strong>\r\n\t\t\t\t\t\t\t\t\t\t\t\t\t\t\t\t\t\t\t\t\t\t\t\t    <a href=\"\/distributors\/\">\r\n\t\t\t\t\t\t\t\t        Expand your business with BAS-IP intercom\t\t\t\t\t\t\t\t    <\/a>\r\n\t\t\t\t\t\t\t\t\t\t\t\t\t\t\t<\/li>\r\n\t\t\t\t\t\t\t\t\t\t\t\t\t\t\t\t\t\t\t\t\t\t\t\t<li>\r\n\t\t\t\t\t\t\t\t\t\t\t\t\t\t\t\t    <strong>Check the Guides<\/strong>\r\n\t\t\t\t\t\t\t\t\t\t\t\t\t\t\t\t\t\t\t\t\t\t\t\t    <a href=\"\/support\/\">\r\n\t\t\t\t\t\t\t\t        Download detailed manuals and schemes\t\t\t\t\t\t\t\t    <\/a>\r\n\t\t\t\t\t\t\t\t\t\t\t\t\t\t\t<\/li>\r\n\t\t\t\t\t\t\t\t\t\t\t\t\t\t\t<\/ul>\r\n\t\t\t\r\n\t\t\t\t\t\t    <h3 class=\"title-block\">Our contacts<\/h3>\r\n\t\t\t\r\n\t\t\t\t\t\t\t<ul class=\"contact-list\">\r\n\t\t\t\t\t\t\t\t\t\t\t\t\t\t\t\t\t\t<li>\r\n\t\t\t\t\t\t\t\t\t\t\t\t\t\t\t\t\t<strong>Sales:<\/strong>\r\n\t\t\t\t\t\t\t\t\t\t\t\t\t\t\t\t\t\t\t\t\t\t\t\t    <a href=\"mailto:sa&#108;&#101;s&#64;b&#97;s&#45;&#105;p&#46;co&#109;\">s&#97;&#108;e&#115;&#64;b&#97;&#115;&#45;&#105;p.c&#111;&#109;<\/a>\r\n\t\t\t\t\t\t\t\t\t\t\t\t\t\t\t<\/li>\r\n\t\t\t\t\t\t\t\t\t\t\t\t\t\t\t\t\t\t\t\t\t\t\t\t<li>\r\n\t\t\t\t\t\t\t\t\t\t\t\t\t\t\t\t\t<strong>Technical support:<\/strong>\r\n\t\t\t\t\t\t\t\t\t\t\t\t\t\t\t\t\t\t\t\t\t\t\t\t    <a href=\"mailto:&#115;u&#112;&#112;or&#116;&#64;&#98;&#97;&#115;&#45;i&#112;.&#99;o&#109;\">&#115;u&#112;p&#111;rt&#64;bas&#45;ip&#46;c&#111;m<\/a>\r\n\t\t\t\t\t\t\t\t\t\t\t\t\t\t\t<\/li>\r\n\t\t\t\t\t\t\t\t\t\t\t\t\t\t\t<\/ul>\r\n\t\t\t\t\t<\/div>\r\n\t<\/section>\r\n\r\n\r\n\r\n<!-- END Block Sign Up -->","protected":false},"excerpt":{"rendered":"<p>BAS-IP och Condo Control tillk\u00e4nnager integration f\u00f6r att f\u00f6rb\u00e4ttra boendeupplevelsen BAS-IP, en ledande utvecklare av IP-porttelefonsystem, och Condo Control, den allt-i-ett-plattform som digitaliserar verksamheten f\u00f6r mer \u00e4n 2 miljoner boende, tillk\u00e4nnagav idag en strategisk integration. Detta samarbete skapar en enda k\u00e4lla f\u00f6r sanningsenlig information om boendedata, vilket eliminerar dubbel inmatning och m\u00f6jligg\u00f6r s\u00f6ml\u00f6s synkronisering av [&hellip;]<\/p>","protected":false},"author":1,"featured_media":0,"parent":0,"menu_order":0,"comment_status":"closed","ping_status":"closed","template":"page-custom-breadcrumbs.php","meta":{"inline_featured_image":false,"footnotes":""},"class_list":["post-140975","page","type-page","status-publish","hentry"],"acf":[],"_links":{"self":[{"href":"https:\/\/bas-ip.com\/sv\/wp-json\/wp\/v2\/pages\/140975","targetHints":{"allow":["GET"]}}],"collection":[{"href":"https:\/\/bas-ip.com\/sv\/wp-json\/wp\/v2\/pages"}],"about":[{"href":"https:\/\/bas-ip.com\/sv\/wp-json\/wp\/v2\/types\/page"}],"author":[{"embeddable":true,"href":"https:\/\/bas-ip.com\/sv\/wp-json\/wp\/v2\/users\/1"}],"replies":[{"embeddable":true,"href":"https:\/\/bas-ip.com\/sv\/wp-json\/wp\/v2\/comments?post=140975"}],"version-history":[{"count":3,"href":"https:\/\/bas-ip.com\/sv\/wp-json\/wp\/v2\/pages\/140975\/revisions"}],"predecessor-version":[{"id":141020,"href":"https:\/\/bas-ip.com\/sv\/wp-json\/wp\/v2\/pages\/140975\/revisions\/141020"}],"wp:attachment":[{"href":"https:\/\/bas-ip.com\/sv\/wp-json\/wp\/v2\/media?parent=140975"}],"curies":[{"name":"wp","href":"https:\/\/api.w.org\/{rel}","templated":true}]}}