{"id":133974,"date":"2023-03-27T09:32:04","date_gmt":"2023-03-27T09:32:04","guid":{"rendered":"https:\/\/bas-ip.com\/medical\/"},"modified":"2025-03-24T11:02:48","modified_gmt":"2025-03-24T11:02:48","slug":"medical","status":"publish","type":"page","link":"https:\/\/bas-ip.com\/sv\/medical\/","title":{"rendered":"F\u00f6r sjukhus\/Sjukv\u00e5rdsinr\u00e4ttningar"},"content":{"rendered":"<h1 class=\"wp-block-heading\"><strong>Hospital Intercom System av BAS-IP &#8211; Elevate Patient Care<\/strong><\/h1>\n\n\n\n<p>Den medicinska industrin utvecklas st\u00e4ndigt f\u00f6r att ge patienter den b\u00e4sta v\u00e5rden m\u00f6jligt. Eftersom kommunikation spelar en avg\u00f6rande roll f\u00f6r att leverera effektiva och s\u00e4kra medicinska tj\u00e4nster, \u00e4r det ett m\u00e5ste att uppgradera till ett toppmodernt sjukhusintercomsystem. BAS-IP:s innovativa medicinska intercomsystem, designade specifikt f\u00f6r rena rum och medicinska anl\u00e4ggningar, ger o\u00f6vertr\u00e4ffad bekv\u00e4mlighet och p\u00e5litlighet f\u00f6r v\u00e5rdpersonal och deras patienter. I denna artikel utforskar vi funktionerna och f\u00f6rdelarna med BAS-IP:s sjukhusintercom och hur det kan revolutionera s\u00e4ttet p\u00e5 vilket medicinska anl\u00e4ggningar fungerar.<\/p>\n\n\n\n<h2 class=\"wp-block-heading\"><strong>Kraften i BAS-IP:s sjukhusintercom<\/strong><\/h2>\n\n\n<!-- START Block Features --><section id=\"block_64304f018b5e4\" class=\"features-section\">\r\n\t\r\n    <div class=\"features-list\">\r\n                    <div class=\"features-item\" data-aos=\"fade-up\">\r\n    <div class=\"features-box\">\r\n                    <div class=\"image-holder\">\r\n                <img loading=\"lazy\" decoding=\"async\" width=\"350\" height=\"320\" src=\"https:\/\/bas-ip.com\/wp-content\/uploads\/2023\/04\/1-2-350x320.jpg\" class=\"attachment-thumbnail_350x320 size-thumbnail_350x320\" alt=\"\" \/>            <\/div>\r\n        \r\n        <div class=\"text-holder\">\r\n                        <h3 class=\"title-block\">S\u00f6ml\u00f6s integration med lokala IP-n\u00e4tverk<\/h3>\r\n          \r\n                        <div class=\"text-block\">\r\n                <p>En av de stora f\u00f6rdelarna med BAS-IP:s medicinska intercomsystem \u00e4r deras f\u00f6rm\u00e5ga att fungera s\u00f6ml\u00f6st inom samma IP-lokala n\u00e4tverk. Denna kompatibilitet s\u00e4kerst\u00e4ller smidig kommunikation mellan olika intercomenheter, vilket minskar latens och f\u00f6rb\u00e4ttrar den \u00f6vergripande effektiviteten.<\/p>\n              <\/div>\r\n                  <\/div>\r\n    <\/div>\r\n<\/div>\r\n                    <div class=\"features-item\" data-aos=\"fade-up\">\r\n    <div class=\"features-box\">\r\n                    <div class=\"image-holder\">\r\n                <img loading=\"lazy\" decoding=\"async\" width=\"350\" height=\"320\" src=\"https:\/\/bas-ip.com\/wp-content\/uploads\/2023\/04\/2-2-350x320.jpg\" class=\"attachment-thumbnail_350x320 size-thumbnail_350x320\" alt=\"\" \/>            <\/div>\r\n        \r\n        <div class=\"text-holder\">\r\n                        <h3 class=\"title-block\">Avancerade funktioner f\u00f6r f\u00f6rb\u00e4ttrad kommunikation<\/h3>\r\n          \r\n                        <div class=\"text-block\">\r\n                <p>BAS-IP erbjuder ett brett utbud av unika funktioner f\u00f6r sitt sjukhusintercomsystem, vilket skiljer det fr\u00e5n konkurrenterna. N\u00e5gra av dessa funktioner inkluderar HD-videosamtal, \u00e5tkomstkontroll och kompatibilitet med olika IP-enheter, vilket s\u00e4kerst\u00e4ller str\u00f6mlinjeformad kommunikation och \u00f6kad s\u00e4kerhet f\u00f6r medicinska anl\u00e4ggningar.<\/p>\n              <\/div>\r\n                  <\/div>\r\n    <\/div>\r\n<\/div>\r\n                    <div class=\"features-item\" data-aos=\"fade-up\">\r\n    <div class=\"features-box\">\r\n                    <div class=\"image-holder\">\r\n                <img loading=\"lazy\" decoding=\"async\" width=\"350\" height=\"320\" src=\"https:\/\/bas-ip.com\/wp-content\/uploads\/2023\/04\/3-2-350x320.jpg\" class=\"attachment-thumbnail_350x320 size-thumbnail_350x320\" alt=\"\" \/>            <\/div>\r\n        \r\n        <div class=\"text-holder\">\r\n                        <h3 class=\"title-block\">Intercom f\u00f6r rena rum<\/h3>\r\n          \r\n                        <div class=\"text-block\">\r\n                <p>Rentrum kr\u00e4ver strikta hygienstandarder, och BAS-IP:s sjukhusintercomsystem \u00e4r designat f\u00f6r att uppfylla dessa krav. Intercomsystemet f\u00f6r rentrum s\u00e4kerst\u00e4ller att kommunikationen mellan v\u00e5rdpersonal f\u00f6rblir oavbruten utan att \u00e4ventyra steriliteten och s\u00e4kerheten i dessa specialiserade milj\u00f6er.<\/p>\n              <\/div>\r\n                  <\/div>\r\n    <\/div>\r\n<\/div>\r\n            <\/div>\r\n<\/section>\r\n<!-- END Block Features -->\n\n\n<h2 class=\"wp-block-heading\"><strong>BAS-IP:s h\u00f6gkvalitativa h\u00e5rdvarukomponenter<\/strong><\/h2>\n\n\n<!-- START Block Features --><section id=\"block_64304f888b5e8\" class=\"features-section\">\r\n\t\r\n    <div class=\"features-list\">\r\n                    <div class=\"features-item\" data-aos=\"fade-up\">\r\n    <div class=\"features-box\">\r\n                    <div class=\"image-holder\">\r\n                <img loading=\"lazy\" decoding=\"async\" width=\"350\" height=\"320\" src=\"https:\/\/bas-ip.com\/wp-content\/uploads\/2023\/04\/4-2-350x320.jpg\" class=\"attachment-thumbnail_350x320 size-thumbnail_350x320\" alt=\"\" \/>            <\/div>\r\n        \r\n        <div class=\"text-holder\">\r\n                        <h3 class=\"title-block\">AV-04AFD \u2013 Den ultimata intercom-enheten<\/h3>\r\n          \r\n                        <div class=\"text-block\">\r\n                <p>AV-04AFD \u00e4r en m\u00e5ngsidig intercomenhet designad f\u00f6r att leverera h\u00f6gsta prestanda f\u00f6r medicinska anl\u00e4ggningar. Med sina HD-ljudsamtalsfunktioner, integration av \u00e5tkomstkontroll och kompatibilitet med olika IP-enheter, erbjuder den o\u00f6vertr\u00e4ffade kommunikations- och s\u00e4kerhetsfunktioner i en stilren och modern design.<\/p>\n              <\/div>\r\n                  <\/div>\r\n    <\/div>\r\n<\/div>\r\n                    <div class=\"features-item\" data-aos=\"fade-up\">\r\n    <div class=\"features-box\">\r\n                    <div class=\"image-holder\">\r\n                <img loading=\"lazy\" decoding=\"async\" width=\"350\" height=\"320\" src=\"https:\/\/bas-ip.com\/wp-content\/uploads\/2023\/04\/5-3-350x320.jpg\" class=\"attachment-thumbnail_350x320 size-thumbnail_350x320\" alt=\"\" \/>            <\/div>\r\n        \r\n        <div class=\"text-holder\">\r\n                        <h3 class=\"title-block\">AM-02 \u2013 Effektiv consiergeterminal<\/h3>\r\n          \r\n                        <div class=\"text-block\">\r\n                <p>AM-02 concierge-terminalen s\u00e4kerst\u00e4ller tydlig och p\u00e5litlig kommunikation mellan v\u00e5rdpersonal. Denna l\u00e4ttinstallerade enhet kan s\u00f6ml\u00f6st integreras i sjukhusets intercomsystem och erbjuder en effektiv och kostnadseffektiv l\u00f6sning f\u00f6r medicinska anl\u00e4ggningar.<\/p>\n              <\/div>\r\n                  <\/div>\r\n    <\/div>\r\n<\/div>\r\n                    <div class=\"features-item\" data-aos=\"fade-up\">\r\n    <div class=\"features-box\">\r\n                    <div class=\"image-holder\">\r\n                <img loading=\"lazy\" decoding=\"async\" width=\"350\" height=\"320\" src=\"https:\/\/bas-ip.com\/wp-content\/uploads\/2023\/04\/6-2-350x320.jpg\" class=\"attachment-thumbnail_350x320 size-thumbnail_350x320\" alt=\"\" \/>            <\/div>\r\n        \r\n        <div class=\"text-holder\">\r\n                        <h3 class=\"title-block\">SH-31TM &#8211; Entry Panel Temperature Module<\/h3>\r\n          \r\n                        <div class=\"text-block\">\r\n                <p>D\u00f6rrintercomens temperatormodul med kontaktfri temperaturm\u00e4tning av handleden \u00e4r en v\u00e4sentlig del av ett sjukhusintercomsystem. Denna innovativa enhet kombinerar \u00e5tkomstkontroll och h\u00e4lsoskanningsfunktioner f\u00f6r att s\u00e4kerst\u00e4lla en s\u00e4ker och trygg milj\u00f6 f\u00f6r b\u00e5de patienter och personal p\u00e5 v\u00e5rdanl\u00e4ggningar.<\/p>\n              <\/div>\r\n                  <\/div>\r\n    <\/div>\r\n<\/div>\r\n            <\/div>\r\n<\/section>\r\n<!-- END Block Features -->\n\n<!-- START Block FAQ --><section id=\"block_642163c6f4e28\" class=\"faq-section\">\r\n\t\t    <h2 class=\"title-section\" data-aos=\"fade-right\">Vanliga fr\u00e5gor (FAQs)<\/h2>\r\n\t\t\t    <div class=\"faq-list js-accordion\" data-aos=\"fade-up\">\r\n\t\t\t\t\t\t\t\t\t\t\t    <div class=\"accordion-item faq-item\">\r\n                        <div class=\"accordion-opener\">\r\n                            Q: Hur f\u00f6rb\u00e4ttrar BAS-IPs intercomsystem f\u00f6r sjukhus effektiviteten i medicinska anl\u00e4ggningar?                            <i class=\"fa-solid fa-chevron-down\"><\/i>\r\n                        <\/div>\r\n                        <div class=\"accordion-slide\">\r\n\t\t\t\t\t\t    <p>BAS-IP:s sjukhusintercomsystem g\u00f6r det m\u00f6jligt f\u00f6r v\u00e5rdpersonal att kommunicera s\u00f6ml\u00f6st och s\u00e4kert, vilket \u00f6kar den \u00f6vergripande effektiviteten. Genom att integrera avancerade funktioner som HD-ljud- och videosamtal, \u00e5tkomstkontroll och kompatibilitet med olika IP-enheter str\u00f6mlinjeformas kommunikationen och svarstiden minskas i kritiska situationer.<\/p>\n                        <\/div>\r\n\t\t\t\t\t<\/div>\r\n\t\t\t\t\t\t\t\t\t\t\t\t\t\t\t    <div class=\"accordion-item faq-item\">\r\n                        <div class=\"accordion-opener\">\r\n                            Q: Kan BAS-IP sjukhusintercomsystemet anpassas f\u00f6r att passa en specifik medicinsk anl\u00e4ggnings krav?                            <i class=\"fa-solid fa-chevron-down\"><\/i>\r\n                        <\/div>\r\n                        <div class=\"accordion-slide\">\r\n\t\t\t\t\t\t    <p>Ja, BAS-IP:s sjukhusintercomsystem kan anpassas f\u00f6r att m\u00f6ta de specifika behoven hos en v\u00e5rdanl\u00e4ggning. Dess kompatibilitet med olika IP-enheter och s\u00f6ml\u00f6sa integration med IP-lokala n\u00e4tverk s\u00e4kerst\u00e4ller att systemet kan skr\u00e4ddarsys f\u00f6r att erbjuda den mest effektiva och effektiva kommunikationsl\u00f6sningen f\u00f6r din anl\u00e4ggning.<\/p>\n                        <\/div>\r\n\t\t\t\t\t<\/div>\r\n\t\t\t\t\t\t\t\t\t\t\t\t\t\t\t    <div class=\"accordion-item faq-item\">\r\n                        <div class=\"accordion-opener\">\r\n                            Q: Vad g\u00f6r BAS-IPs renrumsintercom l\u00e4mplig f\u00f6r sterila milj\u00f6er?                            <i class=\"fa-solid fa-chevron-down\"><\/i>\r\n                        <\/div>\r\n                        <div class=\"accordion-slide\">\r\n\t\t\t\t\t\t    <p>BAS-IP:s intercomsystem f\u00f6r rentrum \u00e4r designat f\u00f6r att uppfylla de strikta hygienstandarder som kr\u00e4vs i sterila milj\u00f6er. Systemet s\u00e4kerst\u00e4ller oavbruten kommunikation utan att \u00e4ventyra steriliteten och s\u00e4kerheten i rentrum, vilket g\u00f6r det till ett idealiskt val f\u00f6r medicinska anl\u00e4ggningar med strikta hygienkrav.<\/p>\n                        <\/div>\r\n\t\t\t\t\t<\/div>\r\n\t\t\t\t\t\t\t\t\t\t\t\t\t\t\t    <div class=\"accordion-item faq-item\">\r\n                        <div class=\"accordion-opener\">\r\n                            Q: Hur l\u00e4tt \u00e4r det att installera och underh\u00e5lla BAS-IPs intercomsystem f\u00f6r sjukhus?                            <i class=\"fa-solid fa-chevron-down\"><\/i>\r\n                        <\/div>\r\n                        <div class=\"accordion-slide\">\r\n\t\t\t\t\t\t    <p>BAS-IP:s sjukhusintercomsystem \u00e4r designat f\u00f6r enkel installation och underh\u00e5ll. Systemets s\u00f6ml\u00f6sa integration med IP-lokala n\u00e4tverk f\u00f6renklar installationsprocessen, medan dess h\u00f6gkvalitativa h\u00e5rdvarukomponenter, som AV-04AFD och AM-02, s\u00e4kerst\u00e4ller p\u00e5litlighet och h\u00e5llbarhet f\u00f6r l\u00e5ngsiktig anv\u00e4ndning.<\/p>\n                        <\/div>\r\n\t\t\t\t\t<\/div>\r\n\t\t\t\t\t\t\t\t\t<\/div>\r\n\t<\/section>\r\n<!-- END Block FAQ -->\n\n\n<p>BAS-IP:s sjukhusintercomsystem erbjuder en avancerad kommunikationsl\u00f6sning f\u00f6r medicinska anl\u00e4ggningar, vilket f\u00f6rb\u00e4ttrar effektivitet, s\u00e4kerhet och hygien. Uppgradera till BAS-IP:s sjukhusintercomsystem idag och upplev skillnaden i din v\u00e5rdanl\u00e4ggnings kommunikation och drift.<\/p>","protected":false},"excerpt":{"rendered":"<p>Hospital Intercom System av BAS-IP &#8211; Elevate Patient Care Den medicinska industrin utvecklas st\u00e4ndigt f\u00f6r att ge patienter den b\u00e4sta v\u00e5rden m\u00f6jligt. Eftersom kommunikation spelar en avg\u00f6rande roll f\u00f6r att leverera effektiva och s\u00e4kra medicinska tj\u00e4nster, \u00e4r det ett m\u00e5ste att uppgradera till ett toppmodernt sjukhusintercomsystem. BAS-IP:s innovativa medicinska intercomsystem, designade specifikt f\u00f6r rena rum [&hellip;]<\/p>","protected":false},"author":1,"featured_media":0,"parent":0,"menu_order":0,"comment_status":"closed","ping_status":"closed","template":"","meta":{"inline_featured_image":false,"footnotes":""},"class_list":["post-133974","page","type-page","status-publish","hentry"],"acf":[],"_links":{"self":[{"href":"https:\/\/bas-ip.com\/sv\/wp-json\/wp\/v2\/pages\/133974","targetHints":{"allow":["GET"]}}],"collection":[{"href":"https:\/\/bas-ip.com\/sv\/wp-json\/wp\/v2\/pages"}],"about":[{"href":"https:\/\/bas-ip.com\/sv\/wp-json\/wp\/v2\/types\/page"}],"author":[{"embeddable":true,"href":"https:\/\/bas-ip.com\/sv\/wp-json\/wp\/v2\/users\/1"}],"replies":[{"embeddable":true,"href":"https:\/\/bas-ip.com\/sv\/wp-json\/wp\/v2\/comments?post=133974"}],"version-history":[{"count":3,"href":"https:\/\/bas-ip.com\/sv\/wp-json\/wp\/v2\/pages\/133974\/revisions"}],"predecessor-version":[{"id":134067,"href":"https:\/\/bas-ip.com\/sv\/wp-json\/wp\/v2\/pages\/133974\/revisions\/134067"}],"wp:attachment":[{"href":"https:\/\/bas-ip.com\/sv\/wp-json\/wp\/v2\/media?parent=133974"}],"curies":[{"name":"wp","href":"https:\/\/api.w.org\/{rel}","templated":true}]}}