{"id":133793,"date":"2023-03-27T16:07:41","date_gmt":"2023-03-27T16:07:41","guid":{"rendered":"https:\/\/bas-ip.com\/gates\/"},"modified":"2025-03-19T11:13:21","modified_gmt":"2025-03-19T11:13:21","slug":"gates","status":"publish","type":"page","link":"https:\/\/bas-ip.com\/sv\/gates\/","title":{"rendered":"Portar"},"content":{"rendered":"<h1 class=\"wp-block-heading\"><strong>Porttelefon System: F\u00f6rb\u00e4ttra Din S\u00e4kerhet<\/strong><\/h1>\n\n\n\n<p>V\u00e4lkommen till framtiden f\u00f6r hantering av fastighetstillg\u00e5ng, d\u00e4r bekv\u00e4mlighet, s\u00e4kerhet och banbrytande teknik m\u00f6ts. Med ett BAS-IP porttelefonsystem kan du uppleva o\u00f6vertr\u00e4ffad kontroll \u00f6ver \u00e5tkomstpunkterna till din fastighet. Oavsett om det handlar om ett bostadshus, en l\u00e4genhetskomplex eller en kommersiell anl\u00e4ggning, erbjuder v\u00e5ra porttelefonsystem unika funktioner som tillgodoser dina behov. Vi kommer att g\u00e5 igenom de viktigaste funktionerna och f\u00f6rdelarna med BAS-IP porttelefoner f\u00f6r portar, och ge dig all information du beh\u00f6ver f\u00f6r att fatta ett v\u00e4lgrundat beslut.<\/p>\n\n\n\n<h2 class=\"wp-block-heading\"><strong>Varf\u00f6r v\u00e4lja ett BAS-IP Intercom Gate System?<\/strong><\/h2>\n\n\n\n<p>BAS-IP porttelefonsystem erbjuder en m\u00e4ngd funktioner som skiljer dem fr\u00e5n traditionella porttelefoner. H\u00e4r \u00e4r n\u00e5gra av de st\u00f6rsta f\u00f6rdelarna med att v\u00e4lja ett BAS-IP porttelefonsystem f\u00f6r din ytterport:<\/p>\n\n\n<!-- START Block Features --><section id=\"block_6430528dc3f3e\" class=\"features-section\">\r\n\t\r\n    <div class=\"features-list\">\r\n                    <div class=\"features-item\" data-aos=\"fade-up\">\r\n    <div class=\"features-box\">\r\n                    <div class=\"image-holder\">\r\n                <img loading=\"lazy\" decoding=\"async\" width=\"350\" height=\"320\" src=\"https:\/\/bas-ip.com\/wp-content\/uploads\/2023\/04\/1-3-350x320.jpg\" class=\"attachment-thumbnail_350x320 size-thumbnail_350x320\" alt=\"\" \/>            <\/div>\r\n        \r\n        <div class=\"text-holder\">\r\n                        <h3 class=\"title-block\">Smidig integration inom IP-lokalt n\u00e4tverk<\/h3>\r\n          \r\n                        <div class=\"text-block\">\r\n                <p>BAS-IP porttelefonsystem \u00e4r designade f\u00f6r att fungera smidigt inom samma IP-lokala n\u00e4tverk, vilket s\u00e4kerst\u00e4ller enkel installation och konfigurering. Denna s\u00f6ml\u00f6sa integration g\u00f6r att du enkelt kan inf\u00f6rliva ditt porttelefonsystem i din befintliga n\u00e4tverksinfrastruktur, vilket minimerar kompatibilitetsproblem och minskar komplexiteten.<\/p>\n              <\/div>\r\n                  <\/div>\r\n    <\/div>\r\n<\/div>\r\n                    <div class=\"features-item\" data-aos=\"fade-up\">\r\n    <div class=\"features-box\">\r\n                    <div class=\"image-holder\">\r\n                <img loading=\"lazy\" decoding=\"async\" width=\"350\" height=\"320\" src=\"https:\/\/bas-ip.com\/wp-content\/uploads\/2023\/04\/2-3-350x320.jpg\" class=\"attachment-thumbnail_350x320 size-thumbnail_350x320\" alt=\"\" \/>            <\/div>\r\n        \r\n        <div class=\"text-holder\">\r\n                        <h3 class=\"title-block\">L\u00e5ngdistansanslutning<\/h3>\r\n          \r\n                        <div class=\"text-block\">\r\n                <p>En av de mest framtr\u00e4dande egenskaperna hos BAS-IP porttelefonsystem \u00e4r deras f\u00f6rm\u00e5ga att fungera \u00f6ver l\u00e5nga avst\u00e5nd. Detta g\u00f6r dem till ett idealiskt val f\u00f6r stora fastigheter, vidstr\u00e4ckta bostadskomplex eller kommersiella anl\u00e4ggningar d\u00e4r \u00e5tkomstpunkter kan vara utspridda. Med BAS-IP porttelefonl\u00f6sningar kan du uppr\u00e4tth\u00e5lla s\u00e4ker kommunikation och kontroll \u00f6ver hela din egendom, oavsett avst\u00e5nd.<\/p>\n              <\/div>\r\n                  <\/div>\r\n    <\/div>\r\n<\/div>\r\n                    <div class=\"features-item\" data-aos=\"fade-up\">\r\n    <div class=\"features-box\">\r\n                    <div class=\"image-holder\">\r\n                <img loading=\"lazy\" decoding=\"async\" width=\"350\" height=\"320\" src=\"https:\/\/bas-ip.com\/wp-content\/uploads\/2023\/04\/3-3-350x320.jpg\" class=\"attachment-thumbnail_350x320 size-thumbnail_350x320\" alt=\"\" \/>            <\/div>\r\n        \r\n        <div class=\"text-holder\">\r\n                        <h3 class=\"title-block\">PC-baserad grindkontroll<\/h3>\r\n          \r\n                        <div class=\"text-block\">\r\n                <p>BAS-IP porttelefonsystem erbjuder flexibiliteten att \u00f6ppna och hantera dina grindar fr\u00e5n en dator. Detta inneb\u00e4r att du kan styra \u00e5tkomsten p\u00e5 distans och bekv\u00e4mt utan behov av ett dedikerat fysiskt gr\u00e4nssnitt. Oavsett om du \u00e4r hemma eller p\u00e5 kontoret har du full kontroll \u00f6ver din fastighets \u00e5tkomstpunkter direkt till hands.<\/p>\n              <\/div>\r\n                  <\/div>\r\n    <\/div>\r\n<\/div>\r\n                    <div class=\"features-item\" data-aos=\"fade-up\">\r\n    <div class=\"features-box\">\r\n                    <div class=\"image-holder\">\r\n                <img loading=\"lazy\" decoding=\"async\" width=\"350\" height=\"320\" src=\"https:\/\/bas-ip.com\/wp-content\/uploads\/2023\/04\/4-3-350x320.jpg\" class=\"attachment-thumbnail_350x320 size-thumbnail_350x320\" alt=\"\" \/>            <\/div>\r\n        \r\n        <div class=\"text-holder\">\r\n                        <h3 class=\"title-block\">Dubbelt l\u00e5smodul f\u00f6r hantering av flera grindar<\/h3>\r\n          \r\n                        <div class=\"text-block\">\r\n                <p>BAS-IP SH-42 dubbla l\u00e5smodul l\u00e5ter dig styra tv\u00e5 grindar samtidigt med ett enda porttelefonsystem. Denna funktion \u00e4r perfekt f\u00f6r fastigheter med flera \u00e5tkomstpunkter eller separata g\u00e5ng- och fordonsing\u00e5ngar, vilket m\u00f6jligg\u00f6r effektiv hantering av alla dina grindar fr\u00e5n ett centraliserat system.<\/p>\n              <\/div>\r\n                  <\/div>\r\n    <\/div>\r\n<\/div>\r\n                    <div class=\"features-item\" data-aos=\"fade-up\">\r\n    <div class=\"features-box\">\r\n                    <div class=\"image-holder\">\r\n                <img loading=\"lazy\" decoding=\"async\" width=\"350\" height=\"320\" src=\"https:\/\/bas-ip.com\/wp-content\/uploads\/2023\/04\/5-4-350x320.jpg\" class=\"attachment-thumbnail_350x320 size-thumbnail_350x320\" alt=\"\" \/>            <\/div>\r\n        \r\n        <div class=\"text-holder\">\r\n                        <h3 class=\"title-block\">Integration med befintliga IP CCTV-system<\/h3>\r\n          \r\n                        <div class=\"text-block\">\r\n                <p>BAS-IP portvideointercomsystem kan enkelt integreras med din befintliga IP CCTV-infrastruktur. Detta g\u00f6r att du kan \u00f6vervaka och styra din fastighets \u00e5tkomstpunkter med samma gr\u00e4nssnitt som dina \u00f6vervakningskameror, vilket effektiviserar din s\u00e4kerhetshantering och \u00f6kar den totala effektiviteten.<\/p>\n              <\/div>\r\n                  <\/div>\r\n    <\/div>\r\n<\/div>\r\n                    <div class=\"features-item\" data-aos=\"fade-up\">\r\n    <div class=\"features-box\">\r\n                    <div class=\"image-holder\">\r\n                <img loading=\"lazy\" decoding=\"async\" width=\"350\" height=\"320\" src=\"https:\/\/bas-ip.com\/wp-content\/uploads\/2023\/04\/6-3-350x320.jpg\" class=\"attachment-thumbnail_350x320 size-thumbnail_350x320\" alt=\"\" \/>            <\/div>\r\n        \r\n        <div class=\"text-holder\">\r\n                        <h3 class=\"title-block\">Integration av registreringsskyltigenk\u00e4nning<\/h3>\r\n          \r\n                        <div class=\"text-block\">\r\n                <p>BAS-IP entr\u00e9paneler kan integreras med kameror f\u00f6r registreringsskyltsigenk\u00e4nning, vilket g\u00f6r att du kan automatisera \u00e5tkomst f\u00f6r f\u00f6rhandsgodk\u00e4nda fordon. Denna avancerade funktion f\u00f6rb\u00e4ttrar avsev\u00e4rt s\u00e4kerheten och bekv\u00e4mligheten genom att automatiskt \u00f6ppna bommar f\u00f6r auktoriserade fordon, minimera v\u00e4ntetider och minska behovet av manuell \u00e5tkomstkontroll.<\/p>\n              <\/div>\r\n                  <\/div>\r\n    <\/div>\r\n<\/div>\r\n            <\/div>\r\n<\/section>\r\n<!-- END Block Features -->\n\n\n<h2 class=\"wp-block-heading\"><strong>Kompatibel med olika typer av portar<\/strong><\/h2>\n\n\n\n<p>BAS-IP porttelefoner kan integreras med olika grindmekanismer, vilket ger en s\u00f6ml\u00f6s kommunikationsupplevelse f\u00f6r anv\u00e4ndarna:<\/p>\n\n\n\n<ol class=\"wp-block-list\">\n<li><strong>Sv\u00e4nggrindar:<\/strong> Dessa grindar \u00f6ppnas och st\u00e4ngs med en sv\u00e4ngande r\u00f6relse, antingen in\u00e5t eller ut\u00e5t. De \u00e4r popul\u00e4ra i bostads- och kommersiella milj\u00f6er p\u00e5 grund av deras klassiska utseende och anv\u00e4ndarv\u00e4nlighet.<\/li>\n\n\n\n<li><strong>Skjutgrindar:<\/strong> Vanligt f\u00f6rekommande i kommersiella och industriella milj\u00f6er, skjutgrindar r\u00f6r sig horisontellt l\u00e4ngs ett sp\u00e5r f\u00f6r att \u00f6ppnas och st\u00e4ngas.<\/li>\n\n\n\n<li><strong>Bommar:<\/strong> Ofta f\u00f6rekommande p\u00e5 parkeringsplatser och omr\u00e5den med \u00e5tkomstkontroll, bommar anv\u00e4nder en vertikal arm f\u00f6r att kontrollera in- och utpassage.<\/li>\n\n\n\n<li><strong>Vikgrindar:<\/strong> Dessa grindar best\u00e5r av tv\u00e5 paneler som viks ihop vid \u00f6ppning, vilket sparar utrymme och ger ett stilfullt utseende.<\/li>\n\n\n\n<li><strong>Vertikala lyftgrindar:<\/strong> Anv\u00e4nds vanligtvis i h\u00f6gs\u00e4kerhetsomr\u00e5den, vertikala lyftgrindar r\u00f6r sig upp och ner f\u00f6r att \u00f6ppnas och st\u00e4ngas.<\/li>\n\n\n\n<li><strong>V\u00e4ndkors:<\/strong> Vanligt f\u00f6rekommande i kollektivtrafikknutpunkter och vissa kommersiella byggnader, v\u00e4ndkors kontrollerar \u00e5tkomsten genom att endast till\u00e5ta en person att passera \u00e5t g\u00e5ngen.<\/li>\n\n\n\n<li><strong>G\u00e5nggrindar:<\/strong> Dessa grindar \u00e4r utformade specifikt f\u00f6r g\u00e5ngtrafik och finns i olika milj\u00f6er, s\u00e5som bostadsomr\u00e5den, parker eller kommersiella komplex.<\/li>\n<\/ol>\n\n\n\n<p>BAS-IP intercoms anpassningsf\u00f6rm\u00e5ga g\u00f6r den till ett idealiskt val f\u00f6r ett brett spektrum av grindtyper, vilket s\u00e4kerst\u00e4ller effektiv och s\u00e4ker \u00e5tkomstkontroll f\u00f6r bost\u00e4der, kommersiella och industriella fastigheter.<\/p>\n\n\n\n<h2 class=\"wp-block-heading\"><strong>F\u00f6rst\u00e5 komponenterna i ett BAS-IP intercomsystem f\u00f6r grindar<\/strong><\/h2>\n\n\n\n<p>BAS-IP porttelefonsystem best\u00e5r av tre huvudkomponenter, som var och en spelar en avg\u00f6rande roll f\u00f6r att skapa ett omfattande och effektivt porttelefonsystem f\u00f6r ing\u00e5ng<\/p>\n\n\n<!-- START Block Features --><section id=\"block_643053d1c3f45\" class=\"features-section\">\r\n\t\r\n    <div class=\"features-list\">\r\n                    <div class=\"features-item\" data-aos=\"fade-up\">\r\n    <div class=\"features-box\">\r\n                    <div class=\"image-holder\">\r\n                <img loading=\"lazy\" decoding=\"async\" width=\"350\" height=\"320\" src=\"https:\/\/bas-ip.com\/wp-content\/uploads\/2023\/04\/7-1-350x320.jpg\" class=\"attachment-thumbnail_350x320 size-thumbnail_350x320\" alt=\"\" \/>            <\/div>\r\n        \r\n        <div class=\"text-holder\">\r\n                        <h3 class=\"title-block\">IP Intercom d\u00f6rrpaneler<\/h3>\r\n          \r\n                        <div class=\"text-block\">\r\n                <p>BAS-IP entr\u00e9paneler fungerar som det prim\u00e4ra gr\u00e4nssnittet f\u00f6r ditt porttelefonsystem. De \u00e4r designade f\u00f6r att vara h\u00e5llbara, v\u00e4derbest\u00e4ndiga och l\u00e4tta att anv\u00e4nda. Med en rad olika designer och ytbehandlingar kan dessa paneler anpassas f\u00f6r att passa din fastighets estetik. Med inbyggda kameror, mikrofoner och h\u00f6gtalare ger BAS-IP d\u00f6rrpaneler kristallklar ljud- och videokommunikation mellan bes\u00f6karen och den boende eller s\u00e4kerhetspersonalen.<\/p>\n              <\/div>\r\n                  <\/div>\r\n    <\/div>\r\n<\/div>\r\n                    <div class=\"features-item\" data-aos=\"fade-up\">\r\n    <div class=\"features-box\">\r\n                    <div class=\"image-holder\">\r\n                <img loading=\"lazy\" decoding=\"async\" width=\"350\" height=\"320\" src=\"https:\/\/bas-ip.com\/wp-content\/uploads\/2023\/04\/8-1-350x320.jpg\" class=\"attachment-thumbnail_350x320 size-thumbnail_350x320\" alt=\"\" \/>            <\/div>\r\n        \r\n        <div class=\"text-holder\">\r\n                        <h3 class=\"title-block\">Videotelefoner<\/h3>\r\n          \r\n                        <div class=\"text-block\">\r\n                <p>BAS-IP videod\u00f6rrtelefoner fungerar som det interna gr\u00e4nssnittet f\u00f6r ditt intercomsystem, vilket g\u00f6r att du kan se och tala med bes\u00f6kare vid din grind. Dessa enheter erbjuder h\u00f6gkvalitativ video- och ljudkommunikation, vilket s\u00e4kerst\u00e4ller att du tydligt kan identifiera och kommunicera med dina bes\u00f6kare innan du ger dem tilltr\u00e4de till din fastighet.<\/p>\n              <\/div>\r\n                  <\/div>\r\n    <\/div>\r\n<\/div>\r\n                    <div class=\"features-item\" data-aos=\"fade-up\">\r\n    <div class=\"features-box\">\r\n                    <div class=\"image-holder\">\r\n                <img loading=\"lazy\" decoding=\"async\" width=\"350\" height=\"320\" src=\"https:\/\/bas-ip.com\/wp-content\/uploads\/2023\/04\/9-1-350x320.jpg\" class=\"attachment-thumbnail_350x320 size-thumbnail_350x320\" alt=\"\" \/>            <\/div>\r\n        \r\n        <div class=\"text-holder\">\r\n                        <h3 class=\"title-block\">POE-omkopplare<\/h3>\r\n          \r\n                        <div class=\"text-block\">\r\n                <p>Power over Ethernet (POE)-switchar \u00e4r en viktig komponent i ett BAS-IP intercomsystem f\u00f6r elektriska grindar. De tillhandah\u00e5ller b\u00e5de str\u00f6m- och dataanslutning till dina intercomenheter med en enda Ethernet-kabel. Detta f\u00f6renklar installationen, minskar kabeltrassel och s\u00e4kerst\u00e4ller en p\u00e5litlig h\u00f6ghastighetsanslutning mellan dina porttelefonskomponenter.<\/p>\n              <\/div>\r\n                  <\/div>\r\n    <\/div>\r\n<\/div>\r\n            <\/div>\r\n<\/section>\r\n<!-- END Block Features -->\n\n<!-- START Block FAQ --><section id=\"block_6421c0e7ae86e\" class=\"faq-section\">\r\n\t\t    <h2 class=\"title-section\" data-aos=\"fade-right\">Vanliga fr\u00e5gor (FAQs)<\/h2>\r\n\t\t\t    <div class=\"faq-list js-accordion\" data-aos=\"fade-up\">\r\n\t\t\t\t\t\t\t\t\t\t\t    <div class=\"accordion-item faq-item\">\r\n                        <div class=\"accordion-opener\">\r\n                            Q: Kan jag anv\u00e4nda ett BAS-IP intercom gate-system med mitt befintliga IP lokala n\u00e4tverk?                            <i class=\"fa-solid fa-chevron-down\"><\/i>\r\n                        <\/div>\r\n                        <div class=\"accordion-slide\">\r\n\t\t\t\t\t\t    <p>Ja, BAS-IP intercomsystem f\u00f6r grindar \u00e4r utformade f\u00f6r att fungera s\u00f6ml\u00f6st inom ditt befintliga IP-lokaln\u00e4tverk, vilket g\u00f6r integrationen enkel och problemfri.<\/p>\n                        <\/div>\r\n\t\t\t\t\t<\/div>\r\n\t\t\t\t\t\t\t\t\t\t\t\t\t\t\t    <div class=\"accordion-item faq-item\">\r\n                        <div class=\"accordion-opener\">\r\n                            Q: Hur fungerar BAS-IP intercomsystem f\u00f6r grindar \u00f6ver l\u00e5nga avst\u00e5nd?                            <i class=\"fa-solid fa-chevron-down\"><\/i>\r\n                        <\/div>\r\n                        <div class=\"accordion-slide\">\r\n\t\t\t\t\t\t    <p>BAS-IP porttelefonsystem \u00e4r designade f\u00f6r att fungera effektivt \u00f6ver l\u00e5nga avst\u00e5nd, vilket g\u00f6r dem till ett idealiskt val f\u00f6r fastigheter med utspridda \u00e5tkomstpunkter eller stora anl\u00e4ggningar.<\/p>\n                        <\/div>\r\n\t\t\t\t\t<\/div>\r\n\t\t\t\t\t\t\t\t\t\t\t\t\t\t\t    <div class=\"accordion-item faq-item\">\r\n                        <div class=\"accordion-opener\">\r\n                            Q: Hur kan jag integrera min BAS-IP gate video intercom med mitt befintliga IP CCTV-system?                            <i class=\"fa-solid fa-chevron-down\"><\/i>\r\n                        <\/div>\r\n                        <div class=\"accordion-slide\">\r\n\t\t\t\t\t\t    <p>BAS-IP porttelefonsystem kan enkelt integreras med din befintliga IP CCTV-infrastruktur, vilket g\u00f6r att du kan hantera och \u00f6vervaka din fastighets \u00e5tkomstpunkter med samma gr\u00e4nssnitt som dina \u00f6vervakningskameror.<\/p>\n                        <\/div>\r\n\t\t\t\t\t<\/div>\r\n\t\t\t\t\t\t\t\t\t\t\t\t\t\t\t    <div class=\"accordion-item faq-item\">\r\n                        <div class=\"accordion-opener\">\r\n                            Q: \u00c4r det m\u00f6jligt att styra flera grindar med en enda BAS-IP intercom-enhet?                            <i class=\"fa-solid fa-chevron-down\"><\/i>\r\n                        <\/div>\r\n                        <div class=\"accordion-slide\">\r\n\t\t\t\t\t\t    <p>Ja, med BAS-IP SH-42 dubbla l\u00e5smodul kan du styra tv\u00e5 grindar samtidigt med ett enda porttelefonsystem. Denna funktion \u00e4r perfekt f\u00f6r fastigheter med flera \u00e5tkomstpunkter eller separata g\u00e5ng- och fordonsing\u00e5ngar.<\/p>\n                        <\/div>\r\n\t\t\t\t\t<\/div>\r\n\t\t\t\t\t\t\t\t\t<\/div>\r\n\t<\/section>\r\n<!-- END Block FAQ -->\n\n\n<p>BAS-IP porttelefonsystem erbjuder en perfekt blandning av bekv\u00e4mlighet, s\u00e4kerhet och avancerad teknik f\u00f6r o\u00f6vertr\u00e4ffad kontroll \u00f6ver din fastighets \u00e5tkomst. Med unika funktioner som s\u00f6ml\u00f6s IP-lokaln\u00e4tsintegration, anslutning \u00f6ver l\u00e5nga avst\u00e5nd, PC-baserad grindkontroll, dubbel l\u00e5smodulfunktionalitet, IP CCTV-systemintegration och kompatibilitet med kameror f\u00f6r registreringsskyltsigenk\u00e4nning \u00e4r BAS-IP intercomsystem f\u00f6r grindar ett exceptionellt val f\u00f6r alla fastighets\u00e4gare som vill f\u00f6rb\u00e4ttra sin \u00e5tkomsthantering.<\/p>\n\n\n\n<p>Genom att v\u00e4lja ett BAS-IP porttelefonsystem investerar du i en l\u00f6sning som enkelt kan anpassas till dina behov, v\u00e4xa med din fastighet och ge dig den sinnesfrid som kommer med vetskapen om att din fastighet \u00e4r s\u00e4ker och endast tillg\u00e4nglig f\u00f6r dem du litar p\u00e5. Upplev skillnaden ett BAS-IP porttelefonsystem kan g\u00f6ra f\u00f6r din fastighet idag.<\/p>","protected":false},"excerpt":{"rendered":"<p>Porttelefon System: F\u00f6rb\u00e4ttra Din S\u00e4kerhet V\u00e4lkommen till framtiden f\u00f6r hantering av fastighetstillg\u00e5ng, d\u00e4r bekv\u00e4mlighet, s\u00e4kerhet och banbrytande teknik m\u00f6ts. Med ett BAS-IP porttelefonsystem kan du uppleva o\u00f6vertr\u00e4ffad kontroll \u00f6ver \u00e5tkomstpunkterna till din fastighet. Oavsett om det handlar om ett bostadshus, en l\u00e4genhetskomplex eller en kommersiell anl\u00e4ggning, erbjuder v\u00e5ra porttelefonsystem unika funktioner som tillgodoser dina behov. [&hellip;]<\/p>","protected":false},"author":1,"featured_media":0,"parent":0,"menu_order":0,"comment_status":"closed","ping_status":"closed","template":"","meta":{"inline_featured_image":false,"footnotes":""},"class_list":["post-133793","page","type-page","status-publish","hentry"],"acf":[],"_links":{"self":[{"href":"https:\/\/bas-ip.com\/sv\/wp-json\/wp\/v2\/pages\/133793","targetHints":{"allow":["GET"]}}],"collection":[{"href":"https:\/\/bas-ip.com\/sv\/wp-json\/wp\/v2\/pages"}],"about":[{"href":"https:\/\/bas-ip.com\/sv\/wp-json\/wp\/v2\/types\/page"}],"author":[{"embeddable":true,"href":"https:\/\/bas-ip.com\/sv\/wp-json\/wp\/v2\/users\/1"}],"replies":[{"embeddable":true,"href":"https:\/\/bas-ip.com\/sv\/wp-json\/wp\/v2\/comments?post=133793"}],"version-history":[{"count":3,"href":"https:\/\/bas-ip.com\/sv\/wp-json\/wp\/v2\/pages\/133793\/revisions"}],"predecessor-version":[{"id":133920,"href":"https:\/\/bas-ip.com\/sv\/wp-json\/wp\/v2\/pages\/133793\/revisions\/133920"}],"wp:attachment":[{"href":"https:\/\/bas-ip.com\/sv\/wp-json\/wp\/v2\/media?parent=133793"}],"curies":[{"name":"wp","href":"https:\/\/api.w.org\/{rel}","templated":true}]}}