{"id":133512,"date":"2023-03-27T12:22:38","date_gmt":"2023-03-27T12:22:38","guid":{"rendered":"https:\/\/bas-ip.com\/school\/"},"modified":"2025-03-13T11:46:47","modified_gmt":"2025-03-13T11:46:47","slug":"school","status":"publish","type":"page","link":"https:\/\/bas-ip.com\/sv\/school\/","title":{"rendered":"Skola"},"content":{"rendered":"<h1 class=\"wp-block-heading\"><strong>Intercomsystem f\u00f6r skolor<\/strong><\/h1>\n\n\n\n<p>I dagens v\u00e4rld \u00e4r s\u00f6ml\u00f6s kommunikation och s\u00e4kerhet avg\u00f6rande komponenter f\u00f6r alla utbildningsinstitutioner. Ett effektivt skolinterkomsystem s\u00e4kerst\u00e4ller inte bara snabb kommunikation utan f\u00f6rb\u00e4ttrar ocks\u00e5 s\u00e4kerheten f\u00f6r elever, personal och l\u00e4rare. H\u00e4r kommer BAS-IP interkomsystem f\u00f6r skolor, den ultimata l\u00f6sningen som kombinerar robust teknologi, innovativa funktioner och o\u00f6vertr\u00e4ffad prestanda. Denna artikel g\u00e5r igenom de viktigaste funktionerna och f\u00f6rdelarna med BAS-IP interkomsystem, och visar varf\u00f6r de \u00e4r det b\u00e4sta valet f\u00f6r din skola.<\/p>\n\n\n\n<h2 class=\"wp-block-heading\"><strong><strong>Kraften med IP Intercom f\u00f6r skolor<\/strong><\/strong><\/h2>\n\n\n\n<h3 class=\"wp-block-heading\"><strong>Kabelanslutet IP-intercomsystem: Det \u00f6verl\u00e4gsna valet<\/strong><\/h3>\n\n\n\n<p>Medan tr\u00e5dl\u00f6sa interkomsystem erbjuder viss bekv\u00e4mlighet, ger tr\u00e5dade IP-interkomsystem en h\u00f6gre niv\u00e5 av tillf\u00f6rlitlighet, s\u00e4kerhet och prestanda. Genom att anv\u00e4nda BAS-IP interkomsystem f\u00f6r skolor investerar du i en s\u00e4ker och stabil l\u00f6sning som garanterar oavbruten kommunikation och kontroll.<\/p>\n\n\n\n<h3 class=\"wp-block-heading\"><strong>En helt\u00e4ckande l\u00f6sning f\u00f6r utbildningsinstitutioner<\/strong><\/h3>\n\n\n\n<p>BAS-IP interkomsystem \u00e4r designat f\u00f6r att tillgodose skolor, campus och h\u00f6gskolor. Det integreras s\u00f6ml\u00f6st med ljudpaneler, concierge-terminaler och POE-switchar, vilket skapar ett enhetligt kommunikationsn\u00e4tverk som \u00e4r b\u00e5de effektivt och kostnadseffektivt. Med sina unika funktioner, som temperatur\u00f6vervakning vid skolans ing\u00e5ng, s\u00e4kerst\u00e4ller detta interkomsystem \u00f6kad s\u00e4kerhet och komfort f\u00f6r alla anv\u00e4ndare.<\/p>\n\n\n\n<h2 class=\"wp-block-heading\"><strong>Nyckelkomponenter i BAS-IP School Intercom System<\/strong><\/h2>\n\n\n<!-- START Block Features --><section id=\"block_6430565dc8a2b\" class=\"features-section\">\r\n\t\r\n    <div class=\"features-list\">\r\n                    <div class=\"features-item\" data-aos=\"fade-up\">\r\n    <div class=\"features-box\">\r\n                    <div class=\"image-holder\">\r\n                <img loading=\"lazy\" decoding=\"async\" width=\"350\" height=\"320\" src=\"https:\/\/bas-ip.com\/wp-content\/uploads\/2023\/04\/1-4-350x320.jpg\" class=\"attachment-thumbnail_350x320 size-thumbnail_350x320\" alt=\"\" \/>            <\/div>\r\n        \r\n        <div class=\"text-holder\">\r\n                        <h3 class=\"title-block\">BAS-IP AV-04AFD ljudpanel<\/h3>\r\n          \r\n                        <div class=\"text-block\">\r\n                <p>AV-04AFD ljudpanelen \u00e4r en prisv\u00e4rd och funktionell interkoml\u00f6sning designad specifikt f\u00f6r utbildningsinstitutioner. Den m\u00f6jligg\u00f6r kristallklar kommunikation mellan olika omr\u00e5den p\u00e5 skolan samtidigt som den s\u00e4kerst\u00e4ller snabb \u00e5tkomstkontroll.<\/p>\n              <\/div>\r\n                  <\/div>\r\n    <\/div>\r\n<\/div>\r\n                    <div class=\"features-item\" data-aos=\"fade-up\">\r\n    <div class=\"features-box\">\r\n                    <div class=\"image-holder\">\r\n                <img loading=\"lazy\" decoding=\"async\" width=\"350\" height=\"320\" src=\"https:\/\/bas-ip.com\/wp-content\/uploads\/2023\/04\/2-4-350x320.jpg\" class=\"attachment-thumbnail_350x320 size-thumbnail_350x320\" alt=\"\" \/>            <\/div>\r\n        \r\n        <div class=\"text-holder\">\r\n                        <h3 class=\"title-block\">BAS-IP AM-02 Concierge Terminal<\/h3>\r\n          \r\n                        <div class=\"text-block\">\r\n                <p>AM-02 concierge-terminalen fungerar som en central kontrollpunkt f\u00f6r hela interkomsystemet, vilket g\u00f6r det m\u00f6jligt f\u00f6r personalen att hantera samtal, \u00f6vervaka ing\u00e5ngar och ge \u00e5tkomst med l\u00e4tthet. Dess anv\u00e4ndarv\u00e4nliga gr\u00e4nssnitt g\u00f6r den till det perfekta valet f\u00f6r effektiv kommunikation och administration.<\/p>\n              <\/div>\r\n                  <\/div>\r\n    <\/div>\r\n<\/div>\r\n                    <div class=\"features-item\" data-aos=\"fade-up\">\r\n    <div class=\"features-box\">\r\n                    <div class=\"image-holder\">\r\n                <img loading=\"lazy\" decoding=\"async\" width=\"350\" height=\"320\" src=\"https:\/\/bas-ip.com\/wp-content\/uploads\/2023\/04\/3-4-350x320.jpg\" class=\"attachment-thumbnail_350x320 size-thumbnail_350x320\" alt=\"\" \/>            <\/div>\r\n        \r\n        <div class=\"text-holder\">\r\n                        <h3 class=\"title-block\">BAS-IP SH-20.16 16-portars POE-switch<\/h3>\r\n          \r\n                        <div class=\"text-block\">\r\n                <p>SH-20.16 16-port POE-switchen tillhandah\u00e5ller den n\u00f6dv\u00e4ndiga str\u00f6mf\u00f6rs\u00f6rjningen och anslutningen f\u00f6r BAS-IP interkomsystemet, vilket s\u00e4kerst\u00e4ller en smidig och oavbruten prestanda \u00f6ver hela skolcampuset.<\/p>\n              <\/div>\r\n                  <\/div>\r\n    <\/div>\r\n<\/div>\r\n                    <div class=\"features-item\" data-aos=\"fade-up\">\r\n    <div class=\"features-box\">\r\n                    <div class=\"image-holder\">\r\n                <img loading=\"lazy\" decoding=\"async\" width=\"350\" height=\"320\" src=\"https:\/\/bas-ip.com\/wp-content\/uploads\/2023\/04\/4-4-350x320.jpg\" class=\"attachment-thumbnail_350x320 size-thumbnail_350x320\" alt=\"\" \/>            <\/div>\r\n        \r\n        <div class=\"text-holder\">\r\n                        <h3 class=\"title-block\">BAS-IP SH-31TM temperaturmodell<\/h3>\r\n          \r\n                        <div class=\"text-block\">\r\n                <p>SH-31TM temperaturmodellen kan installeras vid skolans ing\u00e5ng, vilket m\u00f6jligg\u00f6r realtids temperatur\u00f6vervakning och hj\u00e4lper till att uppr\u00e4tth\u00e5lla en h\u00e4lsosam milj\u00f6 f\u00f6r elever, personal och bes\u00f6kare. Genom att l\u00e4gga till detta extra s\u00e4kerhetslager kan din skola proaktivt ta itu med potentiella h\u00e4lsorisker och s\u00e4kerst\u00e4lla v\u00e4lbefinnandet f\u00f6r alla p\u00e5 campus.<\/p>\n              <\/div>\r\n                  <\/div>\r\n    <\/div>\r\n<\/div>\r\n                    <div class=\"features-item features-full-width\" data-aos=\"fade-up\">\r\n    <div class=\"features-box image-position-left\">\r\n                <div class=\"image-holder\">\r\n            <img loading=\"lazy\" decoding=\"async\" width=\"1\" height=\"1\" src=\"https:\/\/bas-ip.com\/wp-content\/uploads\/2023\/04\/school-1.svg\" class=\"attachment-thumbnail_350x320 size-thumbnail_350x320\" alt=\"\" \/>          <\/div>\r\n      \r\n      <div class=\"text-holder\">\r\n                        <h3 class=\"title-block\">Utnyttja IP-n\u00e4tverk f\u00f6r s\u00f6ml\u00f6s integration<\/h3>\r\n          \r\n                        <div class=\"text-block\">\r\n                <p>BAS-IP interkomsystem \u00e4r designade f\u00f6r att fungera s\u00f6ml\u00f6st inom skolans befintliga IP-lokala n\u00e4tverk, vilket m\u00f6jligg\u00f6r enkel installation och underh\u00e5ll. Denna integration underl\u00e4ttar b\u00e4ttre kommunikation, \u00e5tkomstkontroll och s\u00e4kerhet \u00f6ver hela utbildningsinstitutionen.<\/p>\n              <\/div>\r\n                <\/div>\r\n    <\/div>\r\n<\/div>\r\n                    <div class=\"features-item features-full-width\" data-aos=\"fade-up\">\r\n    <div class=\"features-box image-position-right\">\r\n                <div class=\"image-holder\">\r\n            <img loading=\"lazy\" decoding=\"async\" width=\"1\" height=\"1\" src=\"https:\/\/bas-ip.com\/wp-content\/uploads\/2023\/04\/collage-1.svg\" class=\"attachment-thumbnail_350x320 size-thumbnail_350x320\" alt=\"\" \/>          <\/div>\r\n      \r\n      <div class=\"text-holder\">\r\n                        <h3 class=\"title-block\">Fj\u00e4rr\u00e5tkomst och fj\u00e4rrkontroll fr\u00e5n din PC<\/h3>\r\n          \r\n                        <div class=\"text-block\">\r\n                <p>Med BAS-IP:s avancerade interkomsystem kan skolpersonal enkelt anv\u00e4nda sina datorer f\u00f6r att kommunicera via interkomsystemet, \u00f6vervaka ing\u00e5ngar och kontrollera d\u00f6rr\u00e5tkomst. Denna flexibilitet m\u00f6jligg\u00f6r f\u00f6rb\u00e4ttrade svarstider och st\u00f6rre effektivitet i hanteringen av dagliga uppgifter och n\u00f6dsituationer.<\/p>\n              <\/div>\r\n                <\/div>\r\n    <\/div>\r\n<\/div>\r\n            <\/div>\r\n<\/section>\r\n<!-- END Block Features -->\n\n<!-- START Block FAQ --><section id=\"block_64218de5ac119\" class=\"faq-section\">\r\n\t\t    <h2 class=\"title-section\" data-aos=\"fade-right\">Vanliga fr\u00e5gor<\/h2>\r\n\t\t\t    <div class=\"faq-list js-accordion\" data-aos=\"fade-up\">\r\n\t\t\t\t\t\t\t\t\t\t\t    <div class=\"accordion-item faq-item\">\r\n                        <div class=\"accordion-opener\">\r\n                            Q: Kan BAS-IP intercom-systemet f\u00f6r skolor enkelt integreras i v\u00e5r befintliga infrastruktur?                            <i class=\"fa-solid fa-chevron-down\"><\/i>\r\n                        <\/div>\r\n                        <div class=\"accordion-slide\">\r\n\t\t\t\t\t\t    <p>Ja, BAS-IP interkomsystem kan enkelt integreras i skolans befintliga IP-lokala n\u00e4tverk, vilket m\u00f6jligg\u00f6r en s\u00f6ml\u00f6s och kostnadseffektiv installationsprocess.<\/p>\n                        <\/div>\r\n\t\t\t\t\t<\/div>\r\n\t\t\t\t\t\t\t\t\t\t\t\t\t\t\t    <div class=\"accordion-item faq-item\">\r\n                        <div class=\"accordion-opener\">\r\n                            Q: Hur s\u00e4kerst\u00e4ller BAS-IP intercom-systemet s\u00e4kerheten f\u00f6r v\u00e5ra elever och personal?                            <i class=\"fa-solid fa-chevron-down\"><\/i>\r\n                        <\/div>\r\n                        <div class=\"accordion-slide\">\r\n\t\t\t\t\t\t    <p>BAS-IP interkomsystem erbjuder flera s\u00e4kerhetsfunktioner, s\u00e5som temperatur\u00f6vervakning vid ing\u00e5ngar, snabb \u00e5tkomstkontroll och m\u00f6jligheten att \u00f6vervaka och hantera kommunikation och d\u00f6rr\u00e5tkomst fr\u00e5n din dator, vilket s\u00e4kerst\u00e4ller en trygg milj\u00f6 f\u00f6r alla.<\/p>\n                        <\/div>\r\n\t\t\t\t\t<\/div>\r\n\t\t\t\t\t\t\t\t\t\t\t\t\t\t\t    <div class=\"accordion-item faq-item\">\r\n                        <div class=\"accordion-opener\">\r\n                            Q: \u00c4r BAS-IP intercom-systemet kompatibelt med andra kommunikationsenheter och system?                            <i class=\"fa-solid fa-chevron-down\"><\/i>\r\n                        <\/div>\r\n                        <div class=\"accordion-slide\">\r\n\t\t\t\t\t\t    <p>Ja, BAS-IP interkomsystem \u00e4r designat f\u00f6r att fungera s\u00f6ml\u00f6st med en m\u00e4ngd olika kommunikationsenheter och system, vilket ger en omfattande och flexibel l\u00f6sning f\u00f6r skolans kommunikationsbehov.<\/p>\n                        <\/div>\r\n\t\t\t\t\t<\/div>\r\n\t\t\t\t\t\t\t\t\t\t\t\t\t\t\t    <div class=\"accordion-item faq-item\">\r\n                        <div class=\"accordion-opener\">\r\n                            Q: Hur tillf\u00f6rlitliga \u00e4r tr\u00e5dbundna IP-intercomsystem j\u00e4mf\u00f6rt med tr\u00e5dl\u00f6sa intercomsystem?                            <i class=\"fa-solid fa-chevron-down\"><\/i>\r\n                        <\/div>\r\n                        <div class=\"accordion-slide\">\r\n\t\t\t\t\t\t    <p>Tr\u00e5dade IP-interkomsystem, som BAS-IP interkomsystem f\u00f6r skolor, erbjuder \u00f6verl\u00e4gsen tillf\u00f6rlitlighet, s\u00e4kerhet och prestanda j\u00e4mf\u00f6rt med tr\u00e5dl\u00f6sa interkomsystem. De s\u00e4kerst\u00e4ller stabil, oavbruten kommunikation och kontroll, vilket g\u00f6r dem till det ideala valet f\u00f6r utbildningsinstitutioner.<\/p>\n                        <\/div>\r\n\t\t\t\t\t<\/div>\r\n\t\t\t\t\t\t\t\t\t\t\t\t\t\t\t    <div class=\"accordion-item faq-item\">\r\n                        <div class=\"accordion-opener\">\r\n                            Q: Kan vi anpassa BAS-IP intercom-systemet f\u00f6r att m\u00f6ta de specifika behoven p\u00e5 v\u00e5r skola?                            <i class=\"fa-solid fa-chevron-down\"><\/i>\r\n                        <\/div>\r\n                        <div class=\"accordion-slide\">\r\n\t\t\t\t\t\t    <p>Ja, BAS-IP interkomsystem \u00e4r mycket anpassningsbart och kan skr\u00e4ddarsys f\u00f6r att m\u00f6ta din skolas unika behov. Dess modul\u00e4ra design m\u00f6jligg\u00f6r till\u00e4gg av olika komponenter, som temperaturmodellen, f\u00f6r att f\u00f6rb\u00e4ttra s\u00e4kerhet och funktionalitet.<\/p>\n                        <\/div>\r\n\t\t\t\t\t<\/div>\r\n\t\t\t\t\t\t\t\t\t<\/div>\r\n\t<\/section>\r\n<!-- END Block FAQ -->\n\n\n<p>Att investera i ett p\u00e5litligt, funktionellt och s\u00e4kert interkomsystem \u00e4r avg\u00f6rande f\u00f6r s\u00e4kerheten och effektiviteten i alla utbildningsinstitutioner. BAS-IP interkomsystem f\u00f6r skolor erbjuder o\u00f6vertr\u00e4ffad prestanda, innovativa funktioner och s\u00f6ml\u00f6s integration med befintliga IP-n\u00e4tverk. Genom att v\u00e4lja BAS-IP investerar du i framtiden f\u00f6r din skolas kommunikations- och s\u00e4kerhetsinfrastruktur. Upplev revolutionen inom kommunikation med det b\u00e4sta interkomsystemet f\u00f6r skolor \u2013 BAS-IP. F\u00f6rb\u00e4ttra din utbildningsinstitutionens s\u00e4kerhet, kommunikation och den \u00f6vergripande milj\u00f6n, och s\u00e4kerst\u00e4ll v\u00e4lbefinnandet f\u00f6r elever, personal och bes\u00f6kare. Kompromissa inte med kvalitet; lita p\u00e5 att BAS-IP levererar exceptionell prestanda och tillf\u00f6rlitlighet f\u00f6r din skola.<\/p>","protected":false},"excerpt":{"rendered":"<p>Intercomsystem f\u00f6r skolor I dagens v\u00e4rld \u00e4r s\u00f6ml\u00f6s kommunikation och s\u00e4kerhet avg\u00f6rande komponenter f\u00f6r alla utbildningsinstitutioner. Ett effektivt skolinterkomsystem s\u00e4kerst\u00e4ller inte bara snabb kommunikation utan f\u00f6rb\u00e4ttrar ocks\u00e5 s\u00e4kerheten f\u00f6r elever, personal och l\u00e4rare. H\u00e4r kommer BAS-IP interkomsystem f\u00f6r skolor, den ultimata l\u00f6sningen som kombinerar robust teknologi, innovativa funktioner och o\u00f6vertr\u00e4ffad prestanda. Denna artikel g\u00e5r igenom [&hellip;]<\/p>","protected":false},"author":1,"featured_media":0,"parent":0,"menu_order":0,"comment_status":"closed","ping_status":"closed","template":"","meta":{"inline_featured_image":false,"footnotes":""},"class_list":["post-133512","page","type-page","status-publish","hentry"],"acf":[],"_links":{"self":[{"href":"https:\/\/bas-ip.com\/sv\/wp-json\/wp\/v2\/pages\/133512","targetHints":{"allow":["GET"]}}],"collection":[{"href":"https:\/\/bas-ip.com\/sv\/wp-json\/wp\/v2\/pages"}],"about":[{"href":"https:\/\/bas-ip.com\/sv\/wp-json\/wp\/v2\/types\/page"}],"author":[{"embeddable":true,"href":"https:\/\/bas-ip.com\/sv\/wp-json\/wp\/v2\/users\/1"}],"replies":[{"embeddable":true,"href":"https:\/\/bas-ip.com\/sv\/wp-json\/wp\/v2\/comments?post=133512"}],"version-history":[{"count":3,"href":"https:\/\/bas-ip.com\/sv\/wp-json\/wp\/v2\/pages\/133512\/revisions"}],"predecessor-version":[{"id":133631,"href":"https:\/\/bas-ip.com\/sv\/wp-json\/wp\/v2\/pages\/133512\/revisions\/133631"}],"wp:attachment":[{"href":"https:\/\/bas-ip.com\/sv\/wp-json\/wp\/v2\/media?parent=133512"}],"curies":[{"name":"wp","href":"https:\/\/api.w.org\/{rel}","templated":true}]}}