{"id":133263,"date":"2023-03-27T09:04:54","date_gmt":"2023-03-27T09:04:54","guid":{"rendered":"https:\/\/bas-ip.com\/%d1%82%d1%8a%d1%80%d0%b3%d0%be%d0%b2%d1%81%d0%ba%d0%b8-%d0%bf%d1%80%d0%be%d0%bc%d0%b8%d1%88%d0%bb%d0%b5%d0%bd%d0%b8\/"},"modified":"2025-03-11T13:30:29","modified_gmt":"2025-03-11T13:30:29","slug":"commercial","status":"publish","type":"page","link":"https:\/\/bas-ip.com\/sv\/kommersiell\/industriell\/","title":{"rendered":"Kommersiell\/industriell"},"content":{"rendered":"<h1 class=\"wp-block-heading\"><strong>Revolutionera din arbetsplats med f\u00f6retagsintercomsystem<\/strong><\/h1>\n\n\n\n<p>N\u00e4r teknologin forts\u00e4tter att utvecklas \u00e4r det avg\u00f6rande f\u00f6r f\u00f6retag att h\u00e5lla sig uppdaterade med de senaste framstegen. En s\u00e5dan utveckling \u00e4r integrationen av f\u00f6retagsintercomsystem, som ger f\u00f6rb\u00e4ttrad s\u00e4kerhet och effektiv kommunikation f\u00f6r kontor och kommersiella fastigheter. BAS-IPs IP-intercomsystem erbjuder en omfattande l\u00f6sning, med en m\u00e4ngd unika funktioner som passar den moderna arbetsplatsen. Vi kommer att utforska f\u00f6rdelarna med att adoptera ett f\u00f6retagsintercomsystem och g\u00e5 in p\u00e5 detaljerna f\u00f6r BAS-IPs toppmoderna produkter.<\/p>\n\n\n\n<h2 class=\"wp-block-heading\"><strong>Varf\u00f6r v\u00e4lja BAS-IP f\u00f6r ditt f\u00f6retagsintercomsystem?<\/strong><\/h2>\n\n\n\n<p>BAS-IP har varit en pionj\u00e4r inom utvecklingen av avancerade intercomsystem f\u00f6r f\u00f6retag, och erbjuder en rad innovativa produkter designade f\u00f6r att m\u00f6ta kraven fr\u00e5n moderna arbetsplatser. Genom att integrera banbrytande funktioner och p\u00e5litlig h\u00e5rdvara s\u00e4kerst\u00e4ller BAS-IPs kommersiella intercomsystem effektiv kommunikation och \u00f6kad s\u00e4kerhet f\u00f6r b\u00e5de kontor och industriella anl\u00e4ggningar.<\/p>\n\n\n<!-- START Block Features --><section id=\"block_642edd596eeb4\" class=\"features-section\">\r\n\t\r\n    <div class=\"features-list\">\r\n                    <div class=\"features-item\" data-aos=\"fade-up\">\r\n    <div class=\"features-box\">\r\n                    <div class=\"image-holder\">\r\n                <img loading=\"lazy\" decoding=\"async\" width=\"350\" height=\"320\" src=\"https:\/\/bas-ip.com\/wp-content\/uploads\/2023\/04\/1-350x320.jpg\" class=\"attachment-thumbnail_350x320 size-thumbnail_350x320\" alt=\"\" \/>            <\/div>\r\n        \r\n        <div class=\"text-holder\">\r\n                        <h3 class=\"title-block\">IP-intercomsystemens kraft p\u00e5 arbetsplatsen<\/h3>\r\n          \r\n                        <div class=\"text-block\">\r\n                <p>BAS-IPs IP-intercomsystem erbjuder en rad f\u00f6rdelar, inklusive s\u00f6ml\u00f6s integration i befintliga IP-lokala n\u00e4tverk.<\/p>\n<p>Detta g\u00f6r det m\u00f6jligt f\u00f6r anst\u00e4llda att enkelt komma \u00e5t intercomsystemet och \u00f6ppna d\u00f6rrar fr\u00e5n sina datorer, vilket effektiviserar kommunikationen och s\u00e4kerheten inom kontoret.<\/p>\n<p>Vidare m\u00f6jligg\u00f6r den IP-baserade infrastrukturen skalbarhet och anpassningsbarhet, vilket s\u00e4kerst\u00e4ller att ditt f\u00f6retags intercomsystem kan v\u00e4xa och utvecklas tillsammans med din organisation.<\/p>\n              <\/div>\r\n                  <\/div>\r\n    <\/div>\r\n<\/div>\r\n                    <div class=\"features-item\" data-aos=\"fade-up\">\r\n    <div class=\"features-box\">\r\n                    <div class=\"image-holder\">\r\n                <img loading=\"lazy\" decoding=\"async\" width=\"350\" height=\"320\" src=\"https:\/\/bas-ip.com\/wp-content\/uploads\/2023\/04\/2-350x320.jpg\" class=\"attachment-thumbnail_350x320 size-thumbnail_350x320\" alt=\"Business intercom systems\" \/>            <\/div>\r\n        \r\n        <div class=\"text-holder\">\r\n                        <h3 class=\"title-block\">H\u00f6gkvalitativa H\u00e5rdvarukomponenter<\/h3>\r\n          \r\n                        <div class=\"text-block\">\r\n                <p>Det b\u00e4sta f\u00f6retagsintercomsystemet fr\u00e5n BAS-IP best\u00e5r av AV-08FBL, AT-10 och BR-AT10. Dessa komponenter arbetar tillsammans f\u00f6r att leverera exceptionell prestanda och anv\u00e4ndarupplevelse, vilket g\u00f6r dem idealiska f\u00f6r kontor och kommersiella fastigheter.<\/p>\n<p>AV-08FBL: Detta utomhuspanel har en elegant design, inbyggd kamera och RFID-l\u00e4sare, vilket s\u00e4kerst\u00e4ller s\u00e4ker \u00e5tkomstkontroll och visuell identifiering av bes\u00f6kare.<\/p>\n<p>AT-10: Denna stiliga inomhustouchpanel erbjuder en h\u00f6guppl\u00f6st sk\u00e4rm, intuitivt anv\u00e4ndargr\u00e4nssnitt och kompatibilitet med olika smarta hem- och s\u00e4kerhetsenheter.<\/p>\n<p>BR-AT10: Detta multifunktionella skrivbordssupport underl\u00e4ttar enkel installation av AT-10-panelen p\u00e5 skrivbordet.<\/p>\n              <\/div>\r\n                  <\/div>\r\n    <\/div>\r\n<\/div>\r\n                    <div class=\"features-item\" data-aos=\"fade-up\">\r\n    <div class=\"features-box\">\r\n                    <div class=\"image-holder\">\r\n                <img loading=\"lazy\" decoding=\"async\" width=\"350\" height=\"320\" src=\"https:\/\/bas-ip.com\/wp-content\/uploads\/2023\/04\/3-350x320.jpg\" class=\"attachment-thumbnail_350x320 size-thumbnail_350x320\" alt=\"\" \/>            <\/div>\r\n        \r\n        <div class=\"text-holder\">\r\n                        <h3 class=\"title-block\">P\u00e5litlig Kundsupport och Service<\/h3>\r\n          \r\n                        <div class=\"text-block\">\r\n                <p>BAS-IP \u00e4r engagerade i att erbjuda exceptionell kundservice och professionell hj\u00e4lp och support f\u00f6r sina produkter under hela installationsprocessen och bortom.<\/p>\n<p>V\u00e5rt kunniga supportteam kan hj\u00e4lpa till att fels\u00f6ka eventuella problem som kan uppst\u00e5, vilket s\u00e4kerst\u00e4ller att ditt f\u00f6retags intercomsystem f\u00f6rblir funktionellt och effektivt.<\/p>\n<p>Dessutom betyder v\u00e5r dedikation till kontinuerlig forskning och utveckling att BAS-IP-produkter kommer att forts\u00e4tta f\u00f6rb\u00e4ttras, vilket ger ditt f\u00f6retag en intercoml\u00f6sning som h\u00e5ller sig f\u00f6re utvecklingen n\u00e4r det g\u00e4ller teknik och prestanda.<\/p>\n              <\/div>\r\n                  <\/div>\r\n    <\/div>\r\n<\/div>\r\n            <\/div>\r\n<\/section>\r\n<!-- END Block Features -->\n\n\n<h2 class=\"wp-block-heading\"><strong>Nyckelfunktioner i BAS-IP:s F\u00f6retagsintercomsystem<\/strong><\/h2>\n\n\n\n<p>BAS-IP:s intercomsystem f\u00f6r f\u00f6retag erbjuder en rad unika funktioner som skiljer dem fr\u00e5n konkurrenterna. Genom att utnyttja dessa avancerade kapabiliteter kan du f\u00f6rb\u00e4ttra effektiviteten, s\u00e4kerheten och den \u00f6vergripande funktionaliteten p\u00e5 din arbetsplats.<\/p>\n\n\n<!-- START Block Features --><section id=\"block_642edfc06eeba\" class=\"features-section\">\r\n\t\r\n    <div class=\"features-list\">\r\n                    <div class=\"features-item\" data-aos=\"fade-up\">\r\n    <div class=\"features-box\">\r\n                    <div class=\"image-holder\">\r\n                <img loading=\"lazy\" decoding=\"async\" width=\"350\" height=\"320\" src=\"https:\/\/bas-ip.com\/wp-content\/uploads\/2023\/04\/4-350x320.jpg\" class=\"attachment-thumbnail_350x320 size-thumbnail_350x320\" alt=\"\" \/>            <\/div>\r\n        \r\n        <div class=\"text-holder\">\r\n                        <h3 class=\"title-block\">Kabelbundna Intercomsystem f\u00f6r F\u00f6retag<\/h3>\r\n          \r\n                        <div class=\"text-block\">\r\n                <p>\u00c4ven om tr\u00e5dl\u00f6s teknik forts\u00e4tter att vinna popularitet, erbjuder kabelbundna intercomsystem f\u00f6r f\u00f6retag flera f\u00f6rdelar, inklusive \u00f6kad p\u00e5litlighet, minskad st\u00f6rning och f\u00f6rb\u00e4ttrad s\u00e4kerhet. BAS-IPs kabelbundna intercomsystem \u00e4r designade f\u00f6r att leverera konsekvent prestanda, vilket s\u00e4kerst\u00e4ller s\u00f6ml\u00f6s kommunikation och \u00e5tkomstkontroll i ditt kontor eller kommersiella fastighet.<\/p>\n              <\/div>\r\n                  <\/div>\r\n    <\/div>\r\n<\/div>\r\n                    <div class=\"features-item\" data-aos=\"fade-up\">\r\n    <div class=\"features-box\">\r\n                    <div class=\"image-holder\">\r\n                <img loading=\"lazy\" decoding=\"async\" width=\"350\" height=\"320\" src=\"https:\/\/bas-ip.com\/wp-content\/uploads\/2023\/04\/5-1-350x320.jpg\" class=\"attachment-thumbnail_350x320 size-thumbnail_350x320\" alt=\"\" \/>            <\/div>\r\n        \r\n        <div class=\"text-holder\">\r\n                        <h3 class=\"title-block\">Integration av Skrivbordets Intercom och Kontorsintercom<\/h3>\r\n          \r\n                        <div class=\"text-block\">\r\n                <p>BAS-IPs intercomsystem f\u00f6r f\u00f6retag kan enkelt integreras i skrivbordstelefoner och kontorsintercomsystem, vilket g\u00f6r det m\u00f6jligt f\u00f6r anst\u00e4llda att kommunicera enkelt inom arbetsomr\u00e5det. Detta fr\u00e4mjar en samarbetsinriktad milj\u00f6 och s\u00e4kerst\u00e4ller att viktig information kan \u00f6verf\u00f6ras snabbt och korrekt.<\/p>\n              <\/div>\r\n                  <\/div>\r\n    <\/div>\r\n<\/div>\r\n                    <div class=\"features-item\" data-aos=\"fade-up\">\r\n    <div class=\"features-box\">\r\n                    <div class=\"image-holder\">\r\n                <img loading=\"lazy\" decoding=\"async\" width=\"350\" height=\"320\" src=\"https:\/\/bas-ip.com\/wp-content\/uploads\/2023\/04\/6-350x320.jpg\" class=\"attachment-thumbnail_350x320 size-thumbnail_350x320\" alt=\"\" \/>            <\/div>\r\n        \r\n        <div class=\"text-holder\">\r\n                        <h3 class=\"title-block\">Kompatibilitet f\u00f6r Industriella Intercomsystem<\/h3>\r\n          \r\n                        <div class=\"text-block\">\r\n                <p>F\u00f6r f\u00f6retag som verkar i industriella milj\u00f6er erbjuder BAS-IPs intercomsystem robusta kommunikationsl\u00f6sningar som \u00e4r designade f\u00f6r att t\u00e5la h\u00e5rda f\u00f6rh\u00e5llanden. Genom att implementera ett p\u00e5litligt industriellt intercomsystem kan du uppr\u00e4tth\u00e5lla effektiv kommunikation och s\u00e4ker \u00e5tkomstkontroll \u00e4ven i de mest utmanande milj\u00f6erna.<\/p>\n              <\/div>\r\n                  <\/div>\r\n    <\/div>\r\n<\/div>\r\n            <\/div>\r\n<\/section>\r\n<!-- END Block Features -->\n\n<!-- START Block FAQ --><section id=\"block_64215db07ecd6\" class=\"faq-section\">\r\n\t\t    <h2 class=\"title-section\" data-aos=\"fade-right\">Vanliga Fr\u00e5gor om F\u00f6retagsintercomsystem<\/h2>\r\n\t\t\t    <div class=\"faq-list js-accordion\" data-aos=\"fade-up\">\r\n\t\t\t\t\t\t\t\t\t\t\t    <div class=\"accordion-item faq-item\">\r\n                        <div class=\"accordion-opener\">\r\n                            Q: Hur kan ett f\u00f6retagsintercomsystem f\u00f6rb\u00e4ttra kontorss\u00e4kerheten?                            <i class=\"fa-solid fa-chevron-down\"><\/i>\r\n                        <\/div>\r\n                        <div class=\"accordion-slide\">\r\n\t\t\t\t\t\t    <p>Genom att integrera funktioner som videov\u00f6vervakning, \u00e5tkomstkontroll och bes\u00f6karidentifiering hj\u00e4lper f\u00f6retagsintercomsystem till att skydda ditt kontor eller kommersiella fastighet mot obeh\u00f6rig \u00e5tkomst och potentiella hot.<\/p>\n                        <\/div>\r\n\t\t\t\t\t<\/div>\r\n\t\t\t\t\t\t\t\t\t\t\t\t\t\t\t    <div class=\"accordion-item faq-item\">\r\n                        <div class=\"accordion-opener\">\r\n                            Q: Kan jag integrera BAS-IP intercom-system i mitt befintliga IP lokala n\u00e4tverk?                            <i class=\"fa-solid fa-chevron-down\"><\/i>\r\n                        <\/div>\r\n                        <div class=\"accordion-slide\">\r\n\t\t\t\t\t\t    <p>Ja, BAS-IPs intercomsystem kan enkelt integreras i befintliga IP-lokala n\u00e4tverk, vilket g\u00f6r det m\u00f6jligt f\u00f6r anst\u00e4llda att komma \u00e5t systemet och \u00f6ppna d\u00f6rrar fr\u00e5n sina datorer och andra anslutna enheter. Detta f\u00f6renklar kommunikationen och \u00e5tkomstkontrollen inom din arbetsplats.<\/p>\n                        <\/div>\r\n\t\t\t\t\t<\/div>\r\n\t\t\t\t\t\t\t\t\t\t\t\t\t\t\t    <div class=\"accordion-item faq-item\">\r\n                        <div class=\"accordion-opener\">\r\n                            Q: Vad g\u00f6r BAS-IP:s tr\u00e5dbundna intercomsystem till ett b\u00e4ttre val \u00e4n tr\u00e5dl\u00f6sa alternativ?                            <i class=\"fa-solid fa-chevron-down\"><\/i>\r\n                        <\/div>\r\n                        <div class=\"accordion-slide\">\r\n\t\t\t\t\t\t    <p>Kabelbundna intercomsystem erbjuder \u00f6kad p\u00e5litlighet, minskad st\u00f6rning och f\u00f6rb\u00e4ttrad s\u00e4kerhet j\u00e4mf\u00f6rt med tr\u00e5dl\u00f6sa alternativ. BAS-IPs kabelbundna intercomsystem \u00e4r designade f\u00f6r att leverera konsekvent prestanda, vilket g\u00f6r dem idealiska f\u00f6r f\u00f6retag som s\u00f6ker p\u00e5litliga kommunikationsl\u00f6sningar.<\/p>\n                        <\/div>\r\n\t\t\t\t\t<\/div>\r\n\t\t\t\t\t\t\t\t\t\t\t\t\t\t\t    <div class=\"accordion-item faq-item\">\r\n                        <div class=\"accordion-opener\">\r\n                            Q: \u00c4r BAS-IPs intercomsystem l\u00e4mpliga f\u00f6r industriella milj\u00f6er?                            <i class=\"fa-solid fa-chevron-down\"><\/i>\r\n                        <\/div>\r\n                        <div class=\"accordion-slide\">\r\n\t\t\t\t\t\t    <p>Ja, BAS-IPs intercomsystem \u00e4r designade f\u00f6r att vara kompatibla med industriella milj\u00f6er. Dessa robusta system kan t\u00e5la h\u00e5rda f\u00f6rh\u00e5llanden och s\u00e4kerst\u00e4ller effektiv kommunikation och s\u00e4ker \u00e5tkomstkontroll inom olika industrier.<\/p>\n                        <\/div>\r\n\t\t\t\t\t<\/div>\r\n\t\t\t\t\t\t\t\t\t\t\t\t\t\t\t    <div class=\"accordion-item faq-item\">\r\n                        <div class=\"accordion-opener\">\r\n                            Q: Kan jag anv\u00e4nda BAS-IP intercom-systemet f\u00f6r att integrera med mina smarta kontorsenheter?                            <i class=\"fa-solid fa-chevron-down\"><\/i>\r\n                        <\/div>\r\n                        <div class=\"accordion-slide\">\r\n\t\t\t\t\t\t    <p>Ja, BAS-IPs intercomsystem \u00e4r designade f\u00f6r att vara kompatibla med en rad smarta kontorsenheter, s\u00e5som belysnings- och klimatsystem. Detta m\u00f6jligg\u00f6r en s\u00f6ml\u00f6s integration och f\u00f6rb\u00e4ttrar den \u00f6vergripande funktionaliteten p\u00e5 din arbetsplats.<\/p>\n                        <\/div>\r\n\t\t\t\t\t<\/div>\r\n\t\t\t\t\t\t\t\t\t<\/div>\r\n\t<\/section>\r\n<!-- END Block FAQ -->\n\n\n<p>I dagens snabbt f\u00f6r\u00e4nderliga aff\u00e4rsv\u00e4rld \u00e4r effektiv kommunikation och robusta s\u00e4kerhets\u00e5tg\u00e4rder avg\u00f6rande. BAS-IPs f\u00f6retagsintercomsystem erbjuder en omfattande l\u00f6sning som kombinerar banbrytande funktioner, p\u00e5litlig h\u00e5rdvara och s\u00f6ml\u00f6s integration med befintliga IP-lokala n\u00e4tverk. Genom att implementera ett BAS-IP intercomsystem f\u00f6r ditt kontor eller kommersiella fastighet kan du f\u00f6rb\u00e4ttra kommunikation, s\u00e4kerhet och den \u00f6vergripande funktionaliteten p\u00e5 arbetsplatsen. Upplev f\u00f6rdelarna med ett intercomsystem i v\u00e4rldsklass och revolutionera din arbetsplats med BAS-IPs innovativa intercoml\u00f6sningar. Utforska m\u00f6jligheterna f\u00f6r effektiv kommunikation, avancerad s\u00e4kerhet och s\u00f6ml\u00f6s integration som kan st\u00e4rka ditt f\u00f6retag att blomstra i en allt mer uppkopplad v\u00e4rld.<\/p>","protected":false},"excerpt":{"rendered":"<p>Revolutionera din arbetsplats med f\u00f6retagsintercomsystem N\u00e4r teknologin forts\u00e4tter att utvecklas \u00e4r det avg\u00f6rande f\u00f6r f\u00f6retag att h\u00e5lla sig uppdaterade med de senaste framstegen. En s\u00e5dan utveckling \u00e4r integrationen av f\u00f6retagsintercomsystem, som ger f\u00f6rb\u00e4ttrad s\u00e4kerhet och effektiv kommunikation f\u00f6r kontor och kommersiella fastigheter. BAS-IPs IP-intercomsystem erbjuder en omfattande l\u00f6sning, med en m\u00e4ngd unika funktioner som passar [&hellip;]<\/p>","protected":false},"author":1,"featured_media":0,"parent":0,"menu_order":0,"comment_status":"closed","ping_status":"closed","template":"","meta":{"inline_featured_image":false,"footnotes":""},"class_list":["post-133263","page","type-page","status-publish","hentry"],"acf":[],"_links":{"self":[{"href":"https:\/\/bas-ip.com\/sv\/wp-json\/wp\/v2\/pages\/133263","targetHints":{"allow":["GET"]}}],"collection":[{"href":"https:\/\/bas-ip.com\/sv\/wp-json\/wp\/v2\/pages"}],"about":[{"href":"https:\/\/bas-ip.com\/sv\/wp-json\/wp\/v2\/types\/page"}],"author":[{"embeddable":true,"href":"https:\/\/bas-ip.com\/sv\/wp-json\/wp\/v2\/users\/1"}],"replies":[{"embeddable":true,"href":"https:\/\/bas-ip.com\/sv\/wp-json\/wp\/v2\/comments?post=133263"}],"version-history":[{"count":4,"href":"https:\/\/bas-ip.com\/sv\/wp-json\/wp\/v2\/pages\/133263\/revisions"}],"predecessor-version":[{"id":133456,"href":"https:\/\/bas-ip.com\/sv\/wp-json\/wp\/v2\/pages\/133263\/revisions\/133456"}],"wp:attachment":[{"href":"https:\/\/bas-ip.com\/sv\/wp-json\/wp\/v2\/media?parent=133263"}],"curies":[{"name":"wp","href":"https:\/\/api.w.org\/{rel}","templated":true}]}}