{"id":133103,"date":"2023-03-28T17:03:55","date_gmt":"2023-03-28T17:03:55","guid":{"rendered":"https:\/\/bas-ip.com\/case-studies\/"},"modified":"2025-03-07T09:57:29","modified_gmt":"2025-03-07T09:57:29","slug":"case-studies","status":"publish","type":"page","link":"https:\/\/bas-ip.com\/sv\/case-studies\/","title":{"rendered":"L\u00f6sningar"},"content":{"rendered":"<h1 class=\"wp-block-heading\"><strong>Intercoml\u00f6sningar<\/strong><\/h1>\n\n\n\n<p>BAS-IP \u00e4r en ledande leverant\u00f6r av avancerade intercoml\u00f6sningar f\u00f6r olika branscher och erbjuder enast\u00e5ende s\u00e4kerhet och kommunikationsupplevelser. I denna artikel utforskar vi sex \u00f6vertygande fallstudier som visar m\u00e5ngsidigheten och effektiviteten hos BAS-IP:s produkter i olika milj\u00f6er. Fr\u00e5n flerbostadshus till sjukhusanl\u00e4ggningar belyser dessa fallstudier den transformativa kraften hos BAS-IP:s intercomsystem.<\/p>\n\n\n<!-- START Block Info 3 Columns with links --><section id=\"block_6437b6d9794a8\" class=\"info-columns-section\">\r\n   <div class=\"column-list\">\r\n                        <div class=\"column-item\" data-aos=\"fade-up\" data-aos-delay=\"100\">\r\n                  <div class=\"image-block\">\r\n            <a href=\"\/building-intercom-system\/\">\r\n               <img loading=\"lazy\" decoding=\"async\" width=\"320\" height=\"232\" src=\"https:\/\/bas-ip.com\/wp-content\/uploads\/2023\/04\/1-5.jpg\" class=\"attachment-thumbnail_345x250 size-thumbnail_345x250\" alt=\"\" srcset=\"https:\/\/bas-ip.com\/wp-content\/uploads\/2023\/04\/1-5.jpg 320w,  https:\/\/bas-ip.com\/wp-content\/uploads\/2023\/04\/1-5-300x218.jpg 300w\" sizes=\"auto, (max-width: 320px) 100vw, 320px\" \/><\/a>\r\n         <\/div>\r\n         \r\n                  <a href=\"\/building-intercom-system\/\">\r\n            <h3 class=\"title-section\">Flerbostadshus: En S\u00f6ml\u00f6s Boendeupplevelse<\/h3>\r\n         <\/a>\r\n                           <div class=\"text-block\">\r\n            <p>BAS-IP:s intercoml\u00f6sningar har revolutionerat s\u00e4ttet som boende interagerar med sin bostadsmilj\u00f6. I ett flerbostadshus f\u00f6rb\u00e4ttrade implementeringen av BAS-IP:s intercomsystem inte bara s\u00e4kerheten utan ocks\u00e5 kommunikationen mellan hyresg\u00e4ster, bes\u00f6kare och fastighetsf\u00f6rvaltning. Systemets anv\u00e4ndarv\u00e4nliga gr\u00e4nssnitt och integration med smart hemtteknologi gav de boende en ny niv\u00e5 av bekv\u00e4mlighet och tillg\u00e4nglighet, vilket f\u00f6rb\u00e4ttrade deras boendeupplevelse.<\/p>\n         <\/div>\r\n               <\/div>\r\n                              <div class=\"column-item\" data-aos=\"fade-up\" data-aos-delay=\"200\">\r\n                  <div class=\"image-block\">\r\n            <a href=\"\/business-intercom-systems-for-office\/\">\r\n               <img loading=\"lazy\" decoding=\"async\" width=\"320\" height=\"232\" src=\"https:\/\/bas-ip.com\/wp-content\/uploads\/2023\/04\/2-5.jpg\" class=\"attachment-thumbnail_345x250 size-thumbnail_345x250\" alt=\"\" srcset=\"https:\/\/bas-ip.com\/wp-content\/uploads\/2023\/04\/2-5.jpg 320w,  https:\/\/bas-ip.com\/wp-content\/uploads\/2023\/04\/2-5-300x218.jpg 300w\" sizes=\"auto, (max-width: 320px) 100vw, 320px\" \/><\/a>\r\n         <\/div>\r\n         \r\n                  <a href=\"\/business-intercom-systems-for-office\/\">\r\n            <h3 class=\"title-section\">Kommersiellt: Effektivisering av Drift och S\u00e4kerhet<\/h3>\r\n         <\/a>\r\n                           <div class=\"text-block\">\r\n            <p>I en kommersiell eller industriell milj\u00f6 \u00e4r effektiv kommunikation och s\u00e4kerhet avg\u00f6rande f\u00f6r en smidig drift. BAS-IP:s intercoml\u00f6sningar spelade en avg\u00f6rande roll i att f\u00f6rb\u00e4ttra arbetsfl\u00f6det och s\u00e4kerhets\u00e5tg\u00e4rderna i en stor tillverkningsanl\u00e4ggning. Genom att integrera intercomsystemet med passerkontroll, video\u00f6vervakning och n\u00f6dfunktioner upplevde anl\u00e4ggningen en betydande f\u00f6rb\u00e4ttring av b\u00e5de kommunikation och \u00f6vergripande s\u00e4kerhet.<\/p>\n         <\/div>\r\n               <\/div>\r\n                              <div class=\"column-item\" data-aos=\"fade-up\" data-aos-delay=\"300\">\r\n                  <div class=\"image-block\">\r\n            <a href=\"\/intercom-systems-for-home-and-house\/\">\r\n               <img loading=\"lazy\" decoding=\"async\" width=\"320\" height=\"232\" src=\"https:\/\/bas-ip.com\/wp-content\/uploads\/2023\/04\/3-5.jpg\" class=\"attachment-thumbnail_345x250 size-thumbnail_345x250\" alt=\"\" srcset=\"https:\/\/bas-ip.com\/wp-content\/uploads\/2023\/04\/3-5.jpg 320w,  https:\/\/bas-ip.com\/wp-content\/uploads\/2023\/04\/3-5-300x218.jpg 300w\" sizes=\"auto, (max-width: 320px) 100vw, 320px\" \/><\/a>\r\n         <\/div>\r\n         \r\n                  <a href=\"\/intercom-systems-for-home-and-house\/\">\r\n            <h3 class=\"title-section\">Hem: F\u00f6rb\u00e4ttrad S\u00e4kerhet och Uppkoppling<\/h3>\r\n         <\/a>\r\n                           <div class=\"text-block\">\r\n            <p>Eftersom hus\u00e4gare i allt st\u00f6rre utstr\u00e4ckning prioriterar s\u00e4kerhet och smart hemtteknologi har BAS-IP:s intercoml\u00f6sningar blivit ett popul\u00e4rt val. I ett f\u00f6rortshem bidrog installationen av ett BAS-IP intercomsystem inte bara till \u00f6kad s\u00e4kerhet utan ocks\u00e5 till f\u00f6rb\u00e4ttrad uppkoppling med familjemedlemmar och g\u00e4ster. Det intuitiva gr\u00e4nssnittet och kompatibiliteten med smartphones gjorde det m\u00f6jligt f\u00f6r hus\u00e4garen att \u00f6vervaka sin egendom och kommunicera smidigt, vilket skapade en trygg och uppkopplad boendemilj\u00f6.<\/p>\n         <\/div>\r\n               <\/div>\r\n                              <div class=\"column-item\" data-aos=\"fade-up\" data-aos-delay=\"400\">\r\n                  <div class=\"image-block\">\r\n            <a href=\"\/medical-hospital-intercom-system\/\">\r\n               <img loading=\"lazy\" decoding=\"async\" width=\"320\" height=\"232\" src=\"https:\/\/bas-ip.com\/wp-content\/uploads\/2023\/04\/4-5.jpg\" class=\"attachment-thumbnail_345x250 size-thumbnail_345x250\" alt=\"\" srcset=\"https:\/\/bas-ip.com\/wp-content\/uploads\/2023\/04\/4-5.jpg 320w,  https:\/\/bas-ip.com\/wp-content\/uploads\/2023\/04\/4-5-300x218.jpg 300w\" sizes=\"auto, (max-width: 320px) 100vw, 320px\" \/><\/a>\r\n         <\/div>\r\n         \r\n                  <a href=\"\/medical-hospital-intercom-system\/\">\r\n            <h3 class=\"title-section\">Sjukhus: St\u00e4rker Patients\u00e4kerhet och V\u00e5rd<\/h3>\r\n         <\/a>\r\n                           <div class=\"text-block\">\r\n            <p>Sjukhus och medicinska anl\u00e4ggningar kr\u00e4ver avancerade kommunikationssystem f\u00f6r att s\u00e4kerst\u00e4lla effektiv patientv\u00e5rd och s\u00e4kerhet. P\u00e5 ett toppmodernt sjukhus anv\u00e4ndes BAS-IP:s intercoml\u00f6sningar f\u00f6r att effektivisera kommunikationen mellan v\u00e5rdpersonal, patienter och bes\u00f6kare. Systemet m\u00f6jliggjorde snabba insatser vid n\u00f6dsituationer, f\u00f6rb\u00e4ttrade patienternas integritet och st\u00e4rkte den \u00f6vergripande sjukhuss\u00e4kerheten. Integrationen av BAS-IP:s intercomsystem visade sig vara en avg\u00f6rande faktor f\u00f6r att leverera enast\u00e5ende patientv\u00e5rd.<\/p>\n         <\/div>\r\n               <\/div>\r\n                              <div class=\"column-item\" data-aos=\"fade-up\" data-aos-delay=\"500\">\r\n                  <div class=\"image-block\">\r\n            <a href=\"\/intercom-systems-for-schools\/\">\r\n               <img loading=\"lazy\" decoding=\"async\" width=\"320\" height=\"232\" src=\"https:\/\/bas-ip.com\/wp-content\/uploads\/2023\/04\/5-5.jpg\" class=\"attachment-thumbnail_345x250 size-thumbnail_345x250\" alt=\"\" srcset=\"https:\/\/bas-ip.com\/wp-content\/uploads\/2023\/04\/5-5.jpg 320w,  https:\/\/bas-ip.com\/wp-content\/uploads\/2023\/04\/5-5-300x218.jpg 300w\" sizes=\"auto, (max-width: 320px) 100vw, 320px\" \/><\/a>\r\n         <\/div>\r\n         \r\n                  <a href=\"\/intercom-systems-for-schools\/\">\r\n            <h3 class=\"title-section\">Skola: Skapande av en Trygg L\u00e4randemilj\u00f6<\/h3>\r\n         <\/a>\r\n                           <div class=\"text-block\">\r\n            <p>Utbildningsinstitutioner beh\u00f6ver robusta s\u00e4kerhets- och kommunikationssystem f\u00f6r att skydda elever och personal. P\u00e5 en modern skola spelade BAS-IP:s intercoml\u00f6sningar en avg\u00f6rande roll i att skapa en trygg l\u00e4randemilj\u00f6. Systemet m\u00f6jliggjorde smidig kommunikation mellan klassrum, administrativa kontor och externa bes\u00f6kare, vilket s\u00e4kerst\u00e4llde elevernas och personalens s\u00e4kerhet. Dessutom bidrog integrationen av intercomsystemet med passerkontroll och video\u00f6vervakning till en avsev\u00e4rt f\u00f6rb\u00e4ttrad skolans s\u00e4kerhet.<\/p>\n         <\/div>\r\n               <\/div>\r\n                              <div class=\"column-item\" data-aos=\"fade-up\" data-aos-delay=\"600\">\r\n                  <div class=\"image-block\">\r\n            <a href=\"\/gate-intercom-system\/\">\r\n               <img loading=\"lazy\" decoding=\"async\" width=\"320\" height=\"232\" src=\"https:\/\/bas-ip.com\/wp-content\/uploads\/2023\/04\/6-4.jpg\" class=\"attachment-thumbnail_345x250 size-thumbnail_345x250\" alt=\"\" srcset=\"https:\/\/bas-ip.com\/wp-content\/uploads\/2023\/04\/6-4.jpg 320w,  https:\/\/bas-ip.com\/wp-content\/uploads\/2023\/04\/6-4-300x218.jpg 300w\" sizes=\"auto, (max-width: 320px) 100vw, 320px\" \/><\/a>\r\n         <\/div>\r\n         \r\n                  <a href=\"\/gate-intercom-system\/\">\r\n            <h3 class=\"title-section\">Grindar: F\u00f6rst\u00e4rkning av Perimeters\u00e4kerhet<\/h3>\r\n         <\/a>\r\n                           <div class=\"text-block\">\r\n            <p>Grinds\u00e4kerhet \u00e4r avg\u00f6rande f\u00f6r att skydda egendom och uppr\u00e4tth\u00e5lla integritet. I ett exklusivt bostadsomr\u00e5de implementerades BAS-IP:s intercoml\u00f6sningar f\u00f6r att st\u00e4rka perimeters\u00e4kerheten. Systemet gjorde det m\u00f6jligt f\u00f6r de boende att p\u00e5 distans bevilja eller neka \u00e5tkomst till bes\u00f6kare, och integrationen med video\u00f6vervakning m\u00f6jliggjorde smidig \u00f6vervakning av omr\u00e5dets in- och utfarter. Denna avancerade intercoml\u00f6sning bidrog till en \u00f6kad k\u00e4nsla av s\u00e4kerhet och trygghet f\u00f6r de boende.<\/p>\n         <\/div>\r\n               <\/div>\r\n                     <\/div>\r\n<\/section>\r\n<!-- END Block Info 3 Columns with links -->\n\n\n<p>Dessa intercom-fallstudier visar den anm\u00e4rkningsv\u00e4rda m\u00e5ngsidigheten och effektiviteten hos BAS-IP:s intercoml\u00f6sningar inom olika sektorer. Fr\u00e5n bostadsomr\u00e5den till sjukhus har implementeringen av BAS-IP:s intercomsystem revolutionerat kommunikation, s\u00e4kerhet och den \u00f6vergripande anv\u00e4ndarupplevelsen. I takt med att tekniken forts\u00e4tter att utvecklas f\u00f6rblir BAS-IP engagerat i att leverera innovativa och \u00f6verl\u00e4gsna intercoml\u00f6sningar som m\u00f6ter de f\u00f6r\u00e4nderliga behoven inom olika branscher.<\/p>\n\n\n<!-- START Block FAQ --><section id=\"block_64231e53deae2\" class=\"faq-section\">\r\n\t\t    <h2 class=\"title-section\" data-aos=\"fade-right\">Frequently Asked Questions<\/h2>\r\n\t\t\t    <div class=\"faq-list js-accordion\" data-aos=\"fade-up\">\r\n\t\t\t\t\t\t\t\t\t\t\t    <div class=\"accordion-item faq-item\">\r\n                        <div class=\"accordion-opener\">\r\n                            Q: Hur s\u00e4kerst\u00e4ller BAS-IP s\u00e4kerheten och tillf\u00f6rlitligheten hos sina intercoml\u00f6sningar?                            <i class=\"fa-solid fa-chevron-down\"><\/i>\r\n                        <\/div>\r\n                        <div class=\"accordion-slide\">\r\n\t\t\t\t\t\t    <p>BAS-IP anv\u00e4nder avancerade krypteringsprotokoll och robust h\u00e5rdvara f\u00f6r att s\u00e4kerst\u00e4lla s\u00e4kerheten och tillf\u00f6rlitligheten hos sina intercomsystem. Detta engagemang f\u00f6r att leverera toppmodern teknik har gjort BAS-IP till ett p\u00e5litligt val f\u00f6r olika branscher v\u00e4rlden \u00f6ver.<\/p>\n                        <\/div>\r\n\t\t\t\t\t<\/div>\r\n\t\t\t\t\t\t\t\t\t\t\t\t\t\t\t    <div class=\"accordion-item faq-item\">\r\n                        <div class=\"accordion-opener\">\r\n                            Q: Hur bidrar BAS-IP:s intercoml\u00f6sningar till energieffektivitet?                            <i class=\"fa-solid fa-chevron-down\"><\/i>\r\n                        <\/div>\r\n                        <div class=\"accordion-slide\">\r\n\t\t\t\t\t\t    <p>BAS-IP:s intercomsystem \u00e4r utformade med energieffektivitet i \u00e5tanke. Genom att integrera funktioner som r\u00f6relseaktiverad belysning, smart klimatkontroll och str\u00f6msn\u00e5la vilol\u00e4gen bidrar BAS-IP:s intercoml\u00f6sningar till en gr\u00f6nare och mer h\u00e5llbar milj\u00f6.<\/p>\n                        <\/div>\r\n\t\t\t\t\t<\/div>\r\n\t\t\t\t\t\t\t\t\t\t\t\t\t\t\t    <div class=\"accordion-item faq-item\">\r\n                        <div class=\"accordion-opener\">\r\n                            Q: Vilken typ av support erbjuder BAS-IP f\u00f6r sina intercoml\u00f6sningar?                            <i class=\"fa-solid fa-chevron-down\"><\/i>\r\n                        <\/div>\r\n                        <div class=\"accordion-slide\">\r\n\t\t\t\t\t\t    <p>BAS-IP \u00e4r engagerat i att leverera enast\u00e5ende kundsupport och erbjuder omfattande teknisk assistans och resurser f\u00f6r att s\u00e4kerst\u00e4lla en smidig implementering och drift av sina intercomsystem. Detta engagemang f\u00f6r kundn\u00f6jdhet har gett BAS-IP ett enast\u00e5ende rykte inom branschen.<\/p>\n                        <\/div>\r\n\t\t\t\t\t<\/div>\r\n\t\t\t\t\t\t\t\t\t<\/div>\r\n\t<\/section>\r\n<!-- END Block FAQ -->","protected":false},"excerpt":{"rendered":"<p>Intercoml\u00f6sningar BAS-IP \u00e4r en ledande leverant\u00f6r av avancerade intercoml\u00f6sningar f\u00f6r olika branscher och erbjuder enast\u00e5ende s\u00e4kerhet och kommunikationsupplevelser. I denna artikel utforskar vi sex \u00f6vertygande fallstudier som visar m\u00e5ngsidigheten och effektiviteten hos BAS-IP:s produkter i olika milj\u00f6er. Fr\u00e5n flerbostadshus till sjukhusanl\u00e4ggningar belyser dessa fallstudier den transformativa kraften hos BAS-IP:s intercomsystem. Dessa intercom-fallstudier visar den anm\u00e4rkningsv\u00e4rda [&hellip;]<\/p>","protected":false},"author":1,"featured_media":0,"parent":0,"menu_order":0,"comment_status":"closed","ping_status":"closed","template":"","meta":{"inline_featured_image":false,"footnotes":""},"class_list":["post-133103","page","type-page","status-publish","hentry"],"acf":[],"_links":{"self":[{"href":"https:\/\/bas-ip.com\/sv\/wp-json\/wp\/v2\/pages\/133103","targetHints":{"allow":["GET"]}}],"collection":[{"href":"https:\/\/bas-ip.com\/sv\/wp-json\/wp\/v2\/pages"}],"about":[{"href":"https:\/\/bas-ip.com\/sv\/wp-json\/wp\/v2\/types\/page"}],"author":[{"embeddable":true,"href":"https:\/\/bas-ip.com\/sv\/wp-json\/wp\/v2\/users\/1"}],"replies":[{"embeddable":true,"href":"https:\/\/bas-ip.com\/sv\/wp-json\/wp\/v2\/comments?post=133103"}],"version-history":[{"count":3,"href":"https:\/\/bas-ip.com\/sv\/wp-json\/wp\/v2\/pages\/133103\/revisions"}],"predecessor-version":[{"id":133210,"href":"https:\/\/bas-ip.com\/sv\/wp-json\/wp\/v2\/pages\/133103\/revisions\/133210"}],"wp:attachment":[{"href":"https:\/\/bas-ip.com\/sv\/wp-json\/wp\/v2\/media?parent=133103"}],"curies":[{"name":"wp","href":"https:\/\/api.w.org\/{rel}","templated":true}]}}