{"id":123100,"date":"2023-03-31T12:50:05","date_gmt":"2023-03-31T12:50:05","guid":{"rendered":"https:\/\/bas-ip.com\/?page_id=123100"},"modified":"2025-03-14T10:12:19","modified_gmt":"2025-03-14T10:12:19","slug":"hiss-lift","status":"publish","type":"page","link":"https:\/\/bas-ip.com\/sv\/hiss\/","title":{"rendered":"Hiss"},"content":{"rendered":"<h1 class=\"wp-block-heading\"><strong>Intercom f\u00f6r hissar baserad p\u00e5 IP-teknik<\/strong><\/h1>\n\n\n\n<p>I en v\u00e4rld som st\u00e4ndigt \u00e4r uppkopplad har kommunikation blivit allt viktigare. Detta g\u00e4ller s\u00e4rskilt i milj\u00f6er d\u00e4r s\u00e4kerhet och tillg\u00e4nglighet \u00e4r avg\u00f6rande, t.ex. i hissar. Intercom-systemet f\u00f6r hissar spelar en viktig roll f\u00f6r att s\u00e4kerst\u00e4lla passagerarnas v\u00e4lbefinnande och ses alltmer som en obligatorisk funktion. L\u00e5t oss f\u00f6rdjupa oss i f\u00f6rdelarna med att anv\u00e4nda BAS-IP IP-baserade intercom-system f\u00f6r hissar och hur de revolutionerar hissupplevelsen.<\/p>\n\n\n<!-- START Block Features --><section id=\"block_6437d003aff43\" class=\"features-section\">\r\n\t\r\n    <div class=\"features-list\">\r\n                    <div class=\"features-item\" data-aos=\"fade-up\">\r\n    <div class=\"features-box\">\r\n                    <div class=\"image-holder\">\r\n                <img loading=\"lazy\" decoding=\"async\" width=\"350\" height=\"320\" src=\"https:\/\/bas-ip.com\/wp-content\/uploads\/2023\/04\/1-6-350x320.jpg\" class=\"attachment-thumbnail_350x320 size-thumbnail_350x320\" alt=\"\" \/>            <\/div>\r\n        \r\n        <div class=\"text-holder\">\r\n                        <h3 class=\"title-block\">Behovet av intercoms i hissar<\/h3>\r\n          \r\n                        <div class=\"text-block\">\r\n                <p>Hissintercom fungerar som en livlina f\u00f6r passagerare i n\u00f6dsituationer eller vid tekniska problem. De ger en direkt kommunikationskanal till fastighetsf\u00f6rvaltningen eller r\u00e4ddningstj\u00e4nsten, vilket s\u00e4kerst\u00e4ller snabb hj\u00e4lp n\u00e4r det beh\u00f6vs. Att ha ett tillf\u00f6rlitligt och effektivt intercom-system i hissar \u00e4r d\u00e4rf\u00f6r viktigt f\u00f6r att uppr\u00e4tth\u00e5lla s\u00e4kerhetsstandarder och lugna passagerarna.<\/p>\n              <\/div>\r\n                  <\/div>\r\n    <\/div>\r\n<\/div>\r\n                    <div class=\"features-item\" data-aos=\"fade-up\">\r\n    <div class=\"features-box\">\r\n                    <div class=\"image-holder\">\r\n                <img loading=\"lazy\" decoding=\"async\" width=\"350\" height=\"320\" src=\"https:\/\/bas-ip.com\/wp-content\/uploads\/2023\/04\/2-6-350x320.jpg\" class=\"attachment-thumbnail_350x320 size-thumbnail_350x320\" alt=\"\" \/>            <\/div>\r\n        \r\n        <div class=\"text-holder\">\r\n                        <h3 class=\"title-block\">IP-baserade intercoms: ett steg \u00f6ver traditionella system<\/h3>\r\n          \r\n                        <div class=\"text-block\">\r\n                <p>Traditionella analoga intercom-system har varit standard i m\u00e5nga \u00e5r. Men tillkomsten av IP-baserade l\u00f6sningar, som utnyttjar internetprotokollet (IP) och SIP (Session Initiation Protocol), har inneburit ett paradigmskifte f\u00f6r hur vi kommunicerar i hissar.<\/p>\n              <\/div>\r\n                  <\/div>\r\n    <\/div>\r\n<\/div>\r\n                    <div class=\"features-item\" data-aos=\"fade-up\">\r\n    <div class=\"features-box\">\r\n                    <div class=\"image-holder\">\r\n                <img loading=\"lazy\" decoding=\"async\" width=\"350\" height=\"320\" src=\"https:\/\/bas-ip.com\/wp-content\/uploads\/2023\/04\/3-6-350x320.jpg\" class=\"attachment-thumbnail_350x320 size-thumbnail_350x320\" alt=\"\" \/>            <\/div>\r\n        \r\n        <div class=\"text-holder\">\r\n                        <h3 class=\"title-block\">Partnerskap med globala hisstillverkare<\/h3>\r\n          \r\n                        <div class=\"text-block\">\r\n                <p>BAS-IP har etablerat partnerskap med ledande hisstillverkare, s\u00e5som Kone, f\u00f6r att tillhandah\u00e5lla s\u00f6ml\u00f6s integration med deras produkter. Detta samarbete m\u00f6jligg\u00f6r full kontroll av Kone-hissar fr\u00e5n BAS-IP intercoms installerade i l\u00e4genheter, vilket skapar en sammanh\u00e4ngande och str\u00f6mlinjeformad anv\u00e4ndarupplevelse.<\/p>\n              <\/div>\r\n                  <\/div>\r\n    <\/div>\r\n<\/div>\r\n            <\/div>\r\n<\/section>\r\n<!-- END Block Features -->\n\n\n<h2 class=\"wp-block-heading\"><strong>F\u00f6rdelar med BAS-IP Lift Intercoms<\/strong><\/h2>\n\n\n\n<p>J\u00e4mf\u00f6rt med traditionella analoga system erbjuder IP-baserade hissintercom, som BAS-IP-l\u00f6sningen, flera f\u00f6rdelar:<\/p>\n\n\n<!-- START Block Features --><section id=\"block_6437d09daff47\" class=\"features-section\">\r\n\t\r\n    <div class=\"features-list\">\r\n                    <div class=\"features-item\" data-aos=\"fade-up\">\r\n    <div class=\"features-box\">\r\n                    <div class=\"image-holder\">\r\n                <img loading=\"lazy\" decoding=\"async\" width=\"350\" height=\"320\" src=\"https:\/\/bas-ip.com\/wp-content\/uploads\/2023\/04\/4-6-350x320.jpg\" class=\"attachment-thumbnail_350x320 size-thumbnail_350x320\" alt=\"\" \/>            <\/div>\r\n        \r\n        <div class=\"text-holder\">\r\n                        <h3 class=\"title-block\">F\u00f6rb\u00e4ttrad ljud- och videokvalitet<\/h3>\r\n          \r\n                        <div class=\"text-block\">\r\n                <p>BAS-IP intercoms har inbyggda kameror, vilket g\u00f6r att fastighetsf\u00f6rvaltning och s\u00e4kerhetspersonal kan \u00f6vervaka hissaktiviteten i realtid. Denna funktion f\u00f6rb\u00e4ttrar inte bara byggnadens \u00f6vergripande s\u00e4kerhet utan fungerar ocks\u00e5 som en avskr\u00e4ckande faktor f\u00f6r potentiella brottslingar.<\/p>\n              <\/div>\r\n                  <\/div>\r\n    <\/div>\r\n<\/div>\r\n                    <div class=\"features-item\" data-aos=\"fade-up\">\r\n    <div class=\"features-box\">\r\n                    <div class=\"image-holder\">\r\n                <img loading=\"lazy\" decoding=\"async\" width=\"350\" height=\"320\" src=\"https:\/\/bas-ip.com\/wp-content\/uploads\/2023\/04\/5-6-350x320.jpg\" class=\"attachment-thumbnail_350x320 size-thumbnail_350x320\" alt=\"\" \/>            <\/div>\r\n        \r\n        <div class=\"text-holder\">\r\n                        <h3 class=\"title-block\">Obegr\u00e4nsat antal enheter och support f\u00f6r conciergeterminaler<\/h3>\r\n          \r\n                        <div class=\"text-block\">\r\n                <p>BAS-IP-l\u00f6sningen st\u00f6der ett obegr\u00e4nsat antal enheter inom ett n\u00e4tverk, inklusive integrering av en conciergeterminal. Denna skalbarhet s\u00e4kerst\u00e4ller att systemet kan v\u00e4xa med byggnaden och tillgodose eventuella f\u00f6r\u00e4ndringar i kraven utan att kompromissa med prestanda eller tillf\u00f6rlitlighet.<\/p>\n              <\/div>\r\n                  <\/div>\r\n    <\/div>\r\n<\/div>\r\n                    <div class=\"features-item\" data-aos=\"fade-up\">\r\n    <div class=\"features-box\">\r\n                    <div class=\"image-holder\">\r\n                <img loading=\"lazy\" decoding=\"async\" width=\"350\" height=\"320\" src=\"https:\/\/bas-ip.com\/wp-content\/uploads\/2023\/04\/6-5-350x320.jpg\" class=\"attachment-thumbnail_350x320 size-thumbnail_350x320\" alt=\"\" \/>            <\/div>\r\n        \r\n        <div class=\"text-holder\">\r\n                        <h3 class=\"title-block\">Enklare installation och underh\u00e5ll<\/h3>\r\n          \r\n                        <div class=\"text-block\">\r\n                <p>IP-hissintercom utnyttjar befintlig n\u00e4tverksinfrastruktur, vilket g\u00f6r dem enklare och mer kostnadseffektiva att installera och underh\u00e5lla.<\/p>\n<p>I dagens alltmer uppkopplade v\u00e4rld kan behovet av effektiv och tillf\u00f6rlitlig kommunikation i hissar inte \u00f6verskattas. IP-baserade intercomsystem f\u00f6r hissar, som BAS-IP-l\u00f6sningen, har seglat upp som guldstandarden inom detta omr\u00e5de och erbjuder m\u00e5nga f\u00f6rdelar j\u00e4mf\u00f6rt med traditionella analoga system. Fr\u00e5n f\u00f6rb\u00e4ttrad ljud- och videokvalitet till s\u00f6ml\u00f6s integration med andra byggnadsf\u00f6rvaltningssystem, f\u00f6r\u00e4ndrar IP intercoms hissupplevelsen till det b\u00e4ttre. Som ett resultat kan byggnads\u00e4gare, f\u00f6rvaltare och boende njuta av st\u00f6rre s\u00e4kerhet, bekv\u00e4mlighet och sinnesro.<\/p>\n              <\/div>\r\n                  <\/div>\r\n    <\/div>\r\n<\/div>\r\n            <\/div>\r\n<\/section>\r\n<!-- END Block Features -->\n\n<!-- START Block FAQ --><section id=\"block_6426d69cbc4a0\" class=\"faq-section\">\r\n\t\t    <h2 class=\"title-section\" data-aos=\"fade-right\">Vanliga fr\u00e5gor<\/h2>\r\n\t\t\t    <div class=\"faq-list js-accordion\" data-aos=\"fade-up\">\r\n\t\t\t\t\t\t\t\t\t\t\t    <div class=\"accordion-item faq-item\">\r\n                        <div class=\"accordion-opener\">\r\n                            Q: Varf\u00f6r anses hissintercom vara obligatoriskt?                            <i class=\"fa-solid fa-chevron-down\"><\/i>\r\n                        <\/div>\r\n                        <div class=\"accordion-slide\">\r\n\t\t\t\t\t\t    <p>Hissintercom anses vara obligatoriskt eftersom det ger en direkt kommunikationskanal mellan passagerare och fastighetsf\u00f6rvaltning eller r\u00e4ddningstj\u00e4nst, vilket s\u00e4kerst\u00e4ller snabb hj\u00e4lp vid n\u00f6dsituationer eller tekniska problem.<\/p>\n                        <\/div>\r\n\t\t\t\t\t<\/div>\r\n\t\t\t\t\t\t\t\t\t\t\t\t\t\t\t    <div class=\"accordion-item faq-item\">\r\n                        <div class=\"accordion-opener\">\r\n                            Q: Vad g\u00f6r IP-baserade hissintercoms b\u00e4ttre \u00e4n traditionella analoga system?                            <i class=\"fa-solid fa-chevron-down\"><\/i>\r\n                        <\/div>\r\n                        <div class=\"accordion-slide\">\r\n\t\t\t\t\t\t    <p>IP-baserade hissintercom, som BAS-IP-l\u00f6sningen, erbjuder flera f\u00f6rdelar j\u00e4mf\u00f6rt med traditionella analoga system, bland annat f\u00f6rb\u00e4ttrad ljud- och videokvalitet, skalbarhet, enklare installation och underh\u00e5ll, inbyggda kamerafunktioner och s\u00f6ml\u00f6s integration med andra IP-baserade system.<\/p>\n                        <\/div>\r\n\t\t\t\t\t<\/div>\r\n\t\t\t\t\t\t\t\t\t\t\t\t\t\t\t    <div class=\"accordion-item faq-item\">\r\n                        <div class=\"accordion-opener\">\r\n                            Q: Hur f\u00f6rb\u00e4ttrar den inbyggda kamerafunktionen i IP-porttelefoner hisss\u00e4kerheten?                            <i class=\"fa-solid fa-chevron-down\"><\/i>\r\n                        <\/div>\r\n                        <div class=\"accordion-slide\">\r\n\t\t\t\t\t\t    <p>Den inbyggda kamerafunktionen i IP-intercom g\u00f6r det m\u00f6jligt f\u00f6r fastighetsf\u00f6rvaltning och s\u00e4kerhetspersonal att \u00f6vervaka hissaktiviteten i realtid. Detta extra s\u00e4kerhetslager kan fungera avskr\u00e4ckande f\u00f6r potentiella brottslingar och ger visuella bevis vid eventuella incidenter.<\/p>\n                        <\/div>\r\n\t\t\t\t\t<\/div>\r\n\t\t\t\t\t\t\t\t\t\t\t\t\t\t\t    <div class=\"accordion-item faq-item\">\r\n                        <div class=\"accordion-opener\">\r\n                            Q: Kan IP-baserade hissintercoms fungera med andra byggnadsledningssystem?                            <i class=\"fa-solid fa-chevron-down\"><\/i>\r\n                        <\/div>\r\n                        <div class=\"accordion-slide\">\r\n\t\t\t\t\t\t    <p>Ja, IP-baserade hissintercom \u00e4r utformade f\u00f6r att integreras s\u00f6ml\u00f6st med andra IP-baserade fastighetsf\u00f6rvaltningssystem. Detta m\u00f6jligg\u00f6r ett mer uppkopplat och effektivt ekosystem f\u00f6r fastighetsf\u00f6rvaltning, vilket f\u00f6rb\u00e4ttrar den \u00f6vergripande s\u00e4kerheten och bekv\u00e4mligheten.<\/p>\n                        <\/div>\r\n\t\t\t\t\t<\/div>\r\n\t\t\t\t\t\t\t\t\t\t\t\t\t\t\t    <div class=\"accordion-item faq-item\">\r\n                        <div class=\"accordion-opener\">\r\n                            Q: Hur gynnar partnerskapet mellan BAS-IP och hisstillverkare som Kone anv\u00e4ndarna?                            <i class=\"fa-solid fa-chevron-down\"><\/i>\r\n                        <\/div>\r\n                        <div class=\"accordion-slide\">\r\n\t\t\t\t\t\t    <p>Partnerskapet mellan BAS-IP och hisstillverkare som Kone m\u00f6jligg\u00f6r en s\u00f6ml\u00f6s integration av deras respektive produkter. Detta samarbete m\u00f6jligg\u00f6r full kontroll av Kone-hissar fr\u00e5n BAS-IP intercoms installerade i l\u00e4genheter, vilket ger en sammanh\u00e4ngande och str\u00f6mlinjeformad anv\u00e4ndarupplevelse.<\/p>\n                        <\/div>\r\n\t\t\t\t\t<\/div>\r\n\t\t\t\t\t\t\t\t\t<\/div>\r\n\t<\/section>\r\n<!-- END Block FAQ -->","protected":false},"excerpt":{"rendered":"<p>Intercom f\u00f6r hissar baserad p\u00e5 IP-teknik I en v\u00e4rld som st\u00e4ndigt \u00e4r uppkopplad har kommunikation blivit allt viktigare. Detta g\u00e4ller s\u00e4rskilt i milj\u00f6er d\u00e4r s\u00e4kerhet och tillg\u00e4nglighet \u00e4r avg\u00f6rande, t.ex. i hissar. Intercom-systemet f\u00f6r hissar spelar en viktig roll f\u00f6r att s\u00e4kerst\u00e4lla passagerarnas v\u00e4lbefinnande och ses alltmer som en obligatorisk funktion. L\u00e5t oss f\u00f6rdjupa oss [&hellip;]<\/p>","protected":false},"author":3,"featured_media":0,"parent":0,"menu_order":0,"comment_status":"closed","ping_status":"closed","template":"","meta":{"inline_featured_image":false,"footnotes":""},"class_list":["post-123100","page","type-page","status-publish","hentry"],"acf":[],"_links":{"self":[{"href":"https:\/\/bas-ip.com\/sv\/wp-json\/wp\/v2\/pages\/123100","targetHints":{"allow":["GET"]}}],"collection":[{"href":"https:\/\/bas-ip.com\/sv\/wp-json\/wp\/v2\/pages"}],"about":[{"href":"https:\/\/bas-ip.com\/sv\/wp-json\/wp\/v2\/types\/page"}],"author":[{"embeddable":true,"href":"https:\/\/bas-ip.com\/sv\/wp-json\/wp\/v2\/users\/3"}],"replies":[{"embeddable":true,"href":"https:\/\/bas-ip.com\/sv\/wp-json\/wp\/v2\/comments?post=123100"}],"version-history":[{"count":3,"href":"https:\/\/bas-ip.com\/sv\/wp-json\/wp\/v2\/pages\/123100\/revisions"}],"predecessor-version":[{"id":133689,"href":"https:\/\/bas-ip.com\/sv\/wp-json\/wp\/v2\/pages\/123100\/revisions\/133689"}],"wp:attachment":[{"href":"https:\/\/bas-ip.com\/sv\/wp-json\/wp\/v2\/media?parent=123100"}],"curies":[{"name":"wp","href":"https:\/\/api.w.org\/{rel}","templated":true}]}}